{"id":48701,"date":"2022-12-07T19:11:26","date_gmt":"2022-12-07T18:11:26","guid":{"rendered":"https:\/\/kgerad.de\/?post_type=product&#038;p=48701"},"modified":"2023-08-10T19:22:28","modified_gmt":"2023-08-10T17:22:28","slug":"fidlock-twist-bottle-800-bike-base","status":"publish","type":"product","link":"https:\/\/kgerad.de\/en\/product\/fidlock-twist-bottle-800-bike-base\/","title":{"rendered":"Fidlock TWIST Bottle 800 + Bike Base"},"content":{"rendered":"<h2 class=\"product--title\"><strong>Fidlock<\/strong>\u00a0TWIST Bottle 800 + Bike Base<\/h2>\n<p>Die neue Fidlock TWIST Bottle ml Fassungsverm\u00f6gen ist f\u00fcr die extra langen Ausfahrten konzipiert worden. Einfaches Squeezen dank weichem Material und ultra-sicherer Halt dank Belt-Only Technologie bestehend aus einem flexiblen und widerstandsf\u00e4higen G\u00fcrtel, welcher an einem speziellem Connector verschraubt wird.<\/p>\n<h4>Fester Halt, selbstschlie\u00dfend und auslaufsicher: das TWIST Bottle 800 + Bike Base Trinksystem von Fidlock<\/h4>\n<p>Ausgestattet mit dem Deckel, der aus einer selbstschlie\u00dfenden, tropfsicheren Membran besteht und f\u00fcr einen gro\u00dfen Wasserdurchfluss und abnehmbarer Schmutzkappe sorgt. Nat\u00fcrlich ist die TWIST bottle 800 trotz neuer Technologie weiterhin kompatibel mit allen TWIST bases.<\/p>\n<hr \/>\n<h3>Features &#8211; Fidlock TWIST Bottle 800 + Bike Base<\/h3>\n<ul>\n<li>Starker Halt dank neuer Belt-Only Technologie<\/li>\n<li>Deckel mit selbstschlie\u00dfender, auslaufsicherer Membran und gro\u00dfem Wasserdurchlass sowie optionaler Schmutzkappe<\/li>\n<li>Verbessertes Squeezen dank weichem, BPA-freiem Material<\/li>\n<li>Kompatibel mit allen TWIST bases (nicht kompatibel mit anderen TWIST bottle connectors)<\/li>\n<li>Kein l\u00e4stiges Geklapper st\u00f6rt den Bikegenuss<\/li>\n<li>Einfache Montage an BCM 64 Flaschenhalteraufnahmen<\/li>\n<li>Intuitive Entnahme durch die TWIST-Drehbewegung<\/li>\n<li>Magnetische F\u00fchrung in die mechanische Verriegelung<\/li>\n<li>Sicherer Sitz &#8211; nie wieder Flaschen verlieren<\/li>\n<li>Gro\u00dfe Bef\u00fcll-\u00d6ffnung \u2013 leicht zu reinigen<\/li>\n<li>Sp\u00fclmaschinengeeignet<\/li>\n<\/ul>\n<h3>Produkteigenschaften<\/h3>\n<ul>\n<li><strong>F\u00fcllmenge:<\/strong>\u00a0800ml<\/li>\n<li><strong>Material:<\/strong> BPA-freies Polypropylene<\/li>\n<\/ul>\n<hr \/>\n<h3>Lieferumfang<\/h3>\n<ul>\n<li>800<\/li>\n<li>1x TWIST Bike Base inkl. Schrauben<\/li>\n<li>1x Gebrauchsanweisung<\/li>\n<\/ul>\n<hr \/>\n<h3>Technologien<\/h3>\n<p><strong>SNAP! +CONNECT<\/strong><br \/>\nStarke Magneten ziehen verschiedene Produkte selbstt\u00e4tig an, zentrieren sie und lassen sie in die base schnappen. Die mechanische Rastung h\u00e4lt das Modul sicher am Rahmen. Das sorgt f\u00fcr eine komfortable Handhabung und einen festen Halt \u2013 selbst unter starker Belastung.<\/p>\n<p><strong>TWIST! +RELEASE<\/strong><br \/>\nMit einem einfachen \u201eTWIST\u201c werden die TWIST-Module seitlich vom Halter entnommen. So k\u00f6nnen auch die besonders engen und kleinen Fahrradrahmen mit einer Fahrradflasche ausgestattet werden, an die sonst kein herk\u00f6mmlicher Flaschenhalter passt.<\/p>\n<hr \/>\n<p><iframe src=\"https:\/\/www.youtube-nocookie.com\/embed\/pOnqPU_GxQs?rel=0\" width=\"640\" height=\"360\" frameborder=\"0\" allowfullscreen=\"allowfullscreen\" data-mce-fragment=\"1\"><\/iframe><\/p>","protected":false},"excerpt":{"rendered":"<p>Fidlock\u00a0TWIST Bottle 800 + Bike Base Die neue Fidlock TWIST Bottle ml Fassungsverm\u00f6gen ist f\u00fcr die extra langen Ausfahrten konzipiert<\/p>","protected":false},"featured_media":64840,"comment_status":"open","ping_status":"closed","template":"","meta":[],"product_brand":[],"product_cat":[650,573],"product_tag":[],"class_list":{"0":"post-48701","1":"product","2":"type-product","3":"status-publish","4":"has-post-thumbnail","6":"product_cat-trinkflasche","7":"product_cat-zubehor","8":"pa_marke-fidlock","10":"first","11":"instock","12":"sale","13":"taxable","14":"shipping-taxable","15":"purchasable","16":"product-type-variable"},"yoast_head":"<!-- This site is optimized with the Yoast SEO Premium plugin v20.12 (Yoast SEO v27.1.1) - https:\/\/yoast.com\/product\/yoast-seo-premium-wordpress\/ -->\n<title>Fidlock TWIST Bottle 800 + Bike Base<\/title>\n<meta name=\"description\" content=\"Entdecken Sie unseren Online-Fahrradladen: Gro\u00dfe Auswahl an Modellen f\u00fcr alle Radsportbegeisterten. Von Rennr\u00e4dern bis zu Mountainbikes - finden Sie heute Ihren perfekten Wegbegleiter!\" \/>\n<meta name=\"robots\" content=\"index, follow, max-snippet:-1, max-image-preview:large, max-video-preview:-1\" \/>\n<link rel=\"canonical\" href=\"https:\/\/kgerad.de\/en\/product\/fidlock-twist-bottle-800-bike-base\/\" \/>\n<meta property=\"og:locale\" content=\"en_US\" \/>\n<meta property=\"og:type\" content=\"article\" \/>\n<meta property=\"og:title\" content=\"Fidlock TWIST Bottle 800 + Bike Base\" \/>\n<meta property=\"og:description\" content=\"Entdecken Sie unseren Online-Fahrradladen: Gro\u00dfe Auswahl an Modellen f\u00fcr alle Radsportbegeisterten. Von Rennr\u00e4dern bis zu Mountainbikes - finden Sie heute Ihren perfekten Wegbegleiter!\" \/>\n<meta property=\"og:url\" content=\"https:\/\/kgerad.de\/en\/product\/fidlock-twist-bottle-800-bike-base\/\" \/>\n<meta property=\"og:site_name\" content=\"kgerad.de\" \/>\n<meta property=\"article:modified_time\" content=\"2023-08-10T17:22:28+00:00\" \/>\n<meta property=\"og:image\" content=\"https:\/\/kgerad.de\/wp-content\/uploads\/2023\/06\/fidlock_twist_bottle800_TBL09653-bikebase-all-1_800x800-0.jpg\" \/>\n\t<meta property=\"og:image:width\" content=\"798\" \/>\n\t<meta property=\"og:image:height\" content=\"800\" \/>\n\t<meta property=\"og:image:type\" content=\"image\/jpeg\" \/>\n<meta name=\"twitter:card\" content=\"summary_large_image\" \/>\n<meta name=\"twitter:label1\" content=\"Est. reading time\" \/>\n\t<meta name=\"twitter:data1\" content=\"2 minutes\" \/>\n<script type=\"application\/ld+json\" class=\"yoast-schema-graph\">{\"@context\":\"https:\/\/schema.org\",\"@graph\":[{\"@type\":\"WebPage\",\"@id\":\"https:\/\/kgerad.de\/produkt\/fidlock-twist-bottle-800-bike-base\/\",\"url\":\"https:\/\/kgerad.de\/produkt\/fidlock-twist-bottle-800-bike-base\/\",\"name\":\"Fidlock TWIST Bottle 800 + Bike Base\",\"isPartOf\":{\"@id\":\"https:\/\/kgerad.de\/#website\"},\"primaryImageOfPage\":{\"@id\":\"https:\/\/kgerad.de\/produkt\/fidlock-twist-bottle-800-bike-base\/#primaryimage\"},\"image\":{\"@id\":\"https:\/\/kgerad.de\/produkt\/fidlock-twist-bottle-800-bike-base\/#primaryimage\"},\"thumbnailUrl\":\"https:\/\/kgerad.de\/wp-content\/uploads\/2023\/06\/fidlock_twist_bottle800_TBL09653-bikebase-all-1_800x800-0.jpg\",\"datePublished\":\"2022-12-07T18:11:26+00:00\",\"dateModified\":\"2023-08-10T17:22:28+00:00\",\"description\":\"Entdecken Sie unseren Online-Fahrradladen: Gro\u00dfe Auswahl an Modellen f\u00fcr alle Radsportbegeisterten. Von Rennr\u00e4dern bis zu Mountainbikes - finden Sie heute Ihren perfekten Wegbegleiter!\",\"breadcrumb\":{\"@id\":\"https:\/\/kgerad.de\/produkt\/fidlock-twist-bottle-800-bike-base\/#breadcrumb\"},\"inLanguage\":\"en-US\",\"potentialAction\":[{\"@type\":\"ReadAction\",\"target\":[\"https:\/\/kgerad.de\/produkt\/fidlock-twist-bottle-800-bike-base\/\"]}]},{\"@type\":\"ImageObject\",\"inLanguage\":\"en-US\",\"@id\":\"https:\/\/kgerad.de\/produkt\/fidlock-twist-bottle-800-bike-base\/#primaryimage\",\"url\":\"https:\/\/kgerad.de\/wp-content\/uploads\/2023\/06\/fidlock_twist_bottle800_TBL09653-bikebase-all-1_800x800-0.jpg\",\"contentUrl\":\"https:\/\/kgerad.de\/wp-content\/uploads\/2023\/06\/fidlock_twist_bottle800_TBL09653-bikebase-all-1_800x800-0.jpg\",\"width\":798,\"height\":800,\"caption\":\"Fidlock TWIST Bottle 800 + Bike Base\"},{\"@type\":\"BreadcrumbList\",\"@id\":\"https:\/\/kgerad.de\/produkt\/fidlock-twist-bottle-800-bike-base\/#breadcrumb\",\"itemListElement\":[{\"@type\":\"ListItem\",\"position\":1,\"name\":\"Startseite\",\"item\":\"https:\/\/kgerad.de\/\"},{\"@type\":\"ListItem\",\"position\":2,\"name\":\"LADEN\",\"item\":\"https:\/\/kgerad.de\/laden\/\"},{\"@type\":\"ListItem\",\"position\":3,\"name\":\"Fidlock TWIST Bottle 800 + Bike Base\"}]},{\"@type\":\"WebSite\",\"@id\":\"https:\/\/kgerad.de\/#website\",\"url\":\"https:\/\/kgerad.de\/\",\"name\":\"kgerad.de\",\"description\":\"Treten Sie mit uns ins Abenteuer!\",\"publisher\":{\"@id\":\"https:\/\/kgerad.de\/#organization\"},\"alternateName\":\"MEIN RADLADEN\",\"potentialAction\":[{\"@type\":\"SearchAction\",\"target\":{\"@type\":\"EntryPoint\",\"urlTemplate\":\"https:\/\/kgerad.de\/?s={search_term_string}\"},\"query-input\":{\"@type\":\"PropertyValueSpecification\",\"valueRequired\":true,\"valueName\":\"search_term_string\"}}],\"inLanguage\":\"en-US\"},{\"@type\":\"Organization\",\"@id\":\"https:\/\/kgerad.de\/#organization\",\"name\":\"MEINRADLADEN\",\"alternateName\":\"MEIN RADLADEN\",\"url\":\"https:\/\/kgerad.de\/\",\"logo\":{\"@type\":\"ImageObject\",\"inLanguage\":\"en-US\",\"@id\":\"https:\/\/kgerad.de\/#\/schema\/logo\/image\/\",\"url\":\"https:\/\/kgerad.de\/wp-content\/uploads\/2025\/07\/logo-Whit.svg\",\"contentUrl\":\"https:\/\/kgerad.de\/wp-content\/uploads\/2025\/07\/logo-Whit.svg\",\"width\":1640,\"height\":371,\"caption\":\"MEINRADLADEN\"},\"image\":{\"@id\":\"https:\/\/kgerad.de\/#\/schema\/logo\/image\/\"}}]}<\/script>\n<!-- \/ Yoast SEO Premium plugin. -->","yoast_head_json":{"title":"Fidlock TWIST Bottle 800 + Bike Base","description":"Entdecken Sie unseren Online-Fahrradladen: Gro\u00dfe Auswahl an Modellen f\u00fcr alle Radsportbegeisterten. Von Rennr\u00e4dern bis zu Mountainbikes - finden Sie heute Ihren perfekten Wegbegleiter!","robots":{"index":"index","follow":"follow","max-snippet":"max-snippet:-1","max-image-preview":"max-image-preview:large","max-video-preview":"max-video-preview:-1"},"canonical":"https:\/\/kgerad.de\/en\/product\/fidlock-twist-bottle-800-bike-base\/","og_locale":"en_US","og_type":"article","og_title":"Fidlock TWIST Bottle 800 + Bike Base","og_description":"Entdecken Sie unseren Online-Fahrradladen: Gro\u00dfe Auswahl an Modellen f\u00fcr alle Radsportbegeisterten. Von Rennr\u00e4dern bis zu Mountainbikes - finden Sie heute Ihren perfekten Wegbegleiter!","og_url":"https:\/\/kgerad.de\/en\/product\/fidlock-twist-bottle-800-bike-base\/","og_site_name":"kgerad.de","article_modified_time":"2023-08-10T17:22:28+00:00","og_image":[{"width":798,"height":800,"url":"https:\/\/kgerad.de\/wp-content\/uploads\/2023\/06\/fidlock_twist_bottle800_TBL09653-bikebase-all-1_800x800-0.jpg","type":"image\/jpeg"}],"twitter_card":"summary_large_image","twitter_misc":{"Est. reading time":"2 minutes"},"schema":{"@context":"https:\/\/schema.org","@graph":[{"@type":"WebPage","@id":"https:\/\/kgerad.de\/produkt\/fidlock-twist-bottle-800-bike-base\/","url":"https:\/\/kgerad.de\/produkt\/fidlock-twist-bottle-800-bike-base\/","name":"Fidlock TWIST Bottle 800 + Bike Base","isPartOf":{"@id":"https:\/\/kgerad.de\/#website"},"primaryImageOfPage":{"@id":"https:\/\/kgerad.de\/produkt\/fidlock-twist-bottle-800-bike-base\/#primaryimage"},"image":{"@id":"https:\/\/kgerad.de\/produkt\/fidlock-twist-bottle-800-bike-base\/#primaryimage"},"thumbnailUrl":"https:\/\/kgerad.de\/wp-content\/uploads\/2023\/06\/fidlock_twist_bottle800_TBL09653-bikebase-all-1_800x800-0.jpg","datePublished":"2022-12-07T18:11:26+00:00","dateModified":"2023-08-10T17:22:28+00:00","description":"Entdecken Sie unseren Online-Fahrradladen: Gro\u00dfe Auswahl an Modellen f\u00fcr alle Radsportbegeisterten. Von Rennr\u00e4dern bis zu Mountainbikes - finden Sie heute Ihren perfekten Wegbegleiter!","breadcrumb":{"@id":"https:\/\/kgerad.de\/produkt\/fidlock-twist-bottle-800-bike-base\/#breadcrumb"},"inLanguage":"en-US","potentialAction":[{"@type":"ReadAction","target":["https:\/\/kgerad.de\/produkt\/fidlock-twist-bottle-800-bike-base\/"]}]},{"@type":"ImageObject","inLanguage":"en-US","@id":"https:\/\/kgerad.de\/produkt\/fidlock-twist-bottle-800-bike-base\/#primaryimage","url":"https:\/\/kgerad.de\/wp-content\/uploads\/2023\/06\/fidlock_twist_bottle800_TBL09653-bikebase-all-1_800x800-0.jpg","contentUrl":"https:\/\/kgerad.de\/wp-content\/uploads\/2023\/06\/fidlock_twist_bottle800_TBL09653-bikebase-all-1_800x800-0.jpg","width":798,"height":800,"caption":"Fidlock TWIST Bottle 800 + Bike Base"},{"@type":"BreadcrumbList","@id":"https:\/\/kgerad.de\/produkt\/fidlock-twist-bottle-800-bike-base\/#breadcrumb","itemListElement":[{"@type":"ListItem","position":1,"name":"Startseite","item":"https:\/\/kgerad.de\/"},{"@type":"ListItem","position":2,"name":"LADEN","item":"https:\/\/kgerad.de\/laden\/"},{"@type":"ListItem","position":3,"name":"Fidlock TWIST Bottle 800 + Bike Base"}]},{"@type":"WebSite","@id":"https:\/\/kgerad.de\/#website","url":"https:\/\/kgerad.de\/","name":"kgerad.de","description":"Treten Sie mit uns ins Abenteuer!","publisher":{"@id":"https:\/\/kgerad.de\/#organization"},"alternateName":"MEIN RADLADEN","potentialAction":[{"@type":"SearchAction","target":{"@type":"EntryPoint","urlTemplate":"https:\/\/kgerad.de\/?s={search_term_string}"},"query-input":{"@type":"PropertyValueSpecification","valueRequired":true,"valueName":"search_term_string"}}],"inLanguage":"en-US"},{"@type":"Organization","@id":"https:\/\/kgerad.de\/#organization","name":"MEINRADLADEN","alternateName":"MEIN RADLADEN","url":"https:\/\/kgerad.de\/","logo":{"@type":"ImageObject","inLanguage":"en-US","@id":"https:\/\/kgerad.de\/#\/schema\/logo\/image\/","url":"https:\/\/kgerad.de\/wp-content\/uploads\/2025\/07\/logo-Whit.svg","contentUrl":"https:\/\/kgerad.de\/wp-content\/uploads\/2025\/07\/logo-Whit.svg","width":1640,"height":371,"caption":"MEINRADLADEN"},"image":{"@id":"https:\/\/kgerad.de\/#\/schema\/logo\/image\/"}}]}},"_links":{"self":[{"href":"https:\/\/kgerad.de\/en\/wp-json\/wp\/v2\/product\/48701","targetHints":{"allow":["GET"]}}],"collection":[{"href":"https:\/\/kgerad.de\/en\/wp-json\/wp\/v2\/product"}],"about":[{"href":"https:\/\/kgerad.de\/en\/wp-json\/wp\/v2\/types\/product"}],"replies":[{"embeddable":true,"href":"https:\/\/kgerad.de\/en\/wp-json\/wp\/v2\/comments?post=48701"}],"version-history":[{"count":1,"href":"https:\/\/kgerad.de\/en\/wp-json\/wp\/v2\/product\/48701\/revisions"}],"predecessor-version":[{"id":78707,"href":"https:\/\/kgerad.de\/en\/wp-json\/wp\/v2\/product\/48701\/revisions\/78707"}],"wp:featuredmedia":[{"embeddable":true,"href":"https:\/\/kgerad.de\/en\/wp-json\/wp\/v2\/media\/64840"}],"wp:attachment":[{"href":"https:\/\/kgerad.de\/en\/wp-json\/wp\/v2\/media?parent=48701"}],"wp:term":[{"taxonomy":"product_brand","embeddable":true,"href":"https:\/\/kgerad.de\/en\/wp-json\/wp\/v2\/product_brand?post=48701"},{"taxonomy":"product_cat","embeddable":true,"href":"https:\/\/kgerad.de\/en\/wp-json\/wp\/v2\/product_cat?post=48701"},{"taxonomy":"product_tag","embeddable":true,"href":"https:\/\/kgerad.de\/en\/wp-json\/wp\/v2\/product_tag?post=48701"}],"curies":[{"name":"wp","href":"https:\/\/api.w.org\/{rel}","templated":true}]}}