{"id":48690,"date":"2022-12-07T18:49:34","date_gmt":"2022-12-07T17:49:34","guid":{"rendered":"https:\/\/kgerad.de\/?post_type=product&#038;p=48690"},"modified":"2023-08-10T19:22:46","modified_gmt":"2023-08-10T17:22:46","slug":"milkit-booster-tubeless","status":"publish","type":"product","link":"https:\/\/kgerad.de\/en\/product\/milkit-booster-tubeless\/","title":{"rendered":"milKit Booster Tubeless"},"content":{"rendered":"<h2 class=\"product--title\"><strong>milKit<\/strong>\u00a0Booster Tubeless<\/h2>\n<p>milKit Booster Tubeless und Trinksystem in einem \u2013 der <a href=\"http:\/\/1-1\">milKit<\/a> Booster ersetzt einen herk\u00f6mmlichen Kompressor, ist g\u00fcnstig, leicht und sehr einfach zu handhaben.<\/p>\n<hr \/>\n<table border=\"0\" width=\"100%\" cellspacing=\"1\" cellpadding=\"1\">\n<tbody>\n<tr>\n<td><img decoding=\"async\" title=\"Eurobike Winner Award 2019\" src=\"https:\/\/cd.bike-discount.de\/media\/image\/ba\/c4\/86\/eurobike-winner-award-2019.png\" alt=\"\" width=\"55\" height=\"99\" data-mid=\"477982\" data-src=\"media\/image\/eurobike-winner-award-2019.png\" \/><\/td>\n<td width=\"2%\"><\/td>\n<td><img decoding=\"async\" title=\"WOMB Best of 2018\" src=\"https:\/\/cd.bike-discount.de\/media\/image\/b2\/5c\/7f\/womb_bestofmedallie2018.jpg\" alt=\"WOMB Best of 2018\" width=\"90\" height=\"90\" data-mid=\"346704\" data-src=\"media\/image\/womb_bestofmedallie2018.jpg\" \/><\/td>\n<\/tr>\n<\/tbody>\n<\/table>\n<hr \/>\n<h2>Kompressor und Trinkflasche in einem: das Booster Tubless Set von milKit<\/h2>\n<p>Um einen Tubeless Reifen zu montieren, ist ein gewaltiger Luftsto\u00df n\u00f6tig, damit sich die Reifenwulst schnell in das Felgenhorn dr\u00fcckt und der Reifen abdichtet. Mit einer herk\u00f6mmlichen Luftpumpe funktioniert das, je nach Reifen und Felgenkombination, eher selten. Oft werden hierf\u00fcr Kompressoren verwendet, die man an Tankstellen oder in Werkst\u00e4tten findet. Damit dies auch unterwegs und ohne Kompressor gelingt, gibt es jetzt den Tubeless Booster von milKit. Ein besonderer Vorteil: Die Flasche kann als sch\u00f6ner Nebeneffekt auch als Trinkflasche verwendet werden.<\/p>\n<hr \/>\n<h3>Features<\/h3>\n<ul>\n<li>So funktioinerts: Die Flasche mit einer normalen Luftpumpe bef\u00fcllen und anschlie\u00dfend auf das Ventil dr\u00fccken: Fertig<\/li>\n<li>Der milKit Booster f\u00fchrt die komprimierte Luft direkt in das Ventil \u2013 Kein Verlust von Luftdruck<\/li>\n<li>Der Tubeless Booster ist so leicht, dass man ihn immer im Gep\u00e4ck dabei haben kann<\/li>\n<li>Dank des vorhandenen Trinksystems l\u00e4sst sich die Flasche auch als Trinkflasche verwenden<\/li>\n<li>Hohe Sicherheit \u2013 mehrfach bei maximalem Druck getestet<\/li>\n<li>Hergestellt in der Schweiz<\/li>\n<\/ul>\n<h3>Volumen (Variante w\u00e4hlen)<\/h3>\n<ul>\n<li>0,6 Liter<\/li>\n<li>0,75 Liter<\/li>\n<\/ul>\n<h3>Farbe<\/h3>\n<ul>\n<li>schwarz\/blau<\/li>\n<\/ul>\n<hr \/>\n<h3>Lieferumfang<\/h3>\n<ul>\n<li>1 x Boosterkopf Tubless<\/li>\n<li>1 x Flasche f\u00fcr Booster Tubless<\/li>\n<li>1 x Trinkflaschen-Verschluss<\/li>\n<li>1 x Schutzbeutel f\u00fcr Boosterkopf<\/li>\n<\/ul>\n<hr \/>\n<h3>\u00a0Kickststarter<\/h3>\n<p><iframe src=\"https:\/\/www.youtube-nocookie.com\/embed\/VdwSqwZV9-M?rel=0&amp;showinfo=0\" width=\"640\" height=\"360\" frameborder=\"0\" allowfullscreen=\"allowfullscreen\" data-mce-fragment=\"1\"><\/iframe><\/p>","protected":false},"excerpt":{"rendered":"<p>milKit\u00a0Booster Tubeless milKit Booster Tubeless und Trinksystem in einem \u2013 der milKit Booster ersetzt einen herk\u00f6mmlichen Kompressor, ist g\u00fcnstig, leicht<\/p>","protected":false},"featured_media":64831,"comment_status":"open","ping_status":"closed","template":"","meta":[],"product_brand":[],"product_cat":[650,573],"product_tag":[],"class_list":{"0":"post-48690","1":"product","2":"type-product","3":"status-publish","4":"has-post-thumbnail","6":"product_cat-trinkflasche","7":"product_cat-zubehor","8":"pa_marke-milkit","10":"first","11":"instock","12":"sale","13":"taxable","14":"shipping-taxable","15":"purchasable","16":"product-type-simple"},"yoast_head":"<!-- This site is optimized with the Yoast SEO Premium plugin v20.12 (Yoast SEO v27.1.1) - https:\/\/yoast.com\/product\/yoast-seo-premium-wordpress\/ -->\n<title>milKit Booster Tubeless<\/title>\n<meta name=\"description\" content=\"kgerad.de bietet Ihnen das milKit Booster Tubeless zum besten Preis mit kostenlosem Versand in ganz Europa und mit sicherer Zahlung\" \/>\n<meta name=\"robots\" content=\"index, follow, max-snippet:-1, max-image-preview:large, max-video-preview:-1\" \/>\n<link rel=\"canonical\" href=\"https:\/\/kgerad.de\/en\/product\/milkit-booster-tubeless\/\" \/>\n<meta property=\"og:locale\" content=\"en_US\" \/>\n<meta property=\"og:type\" content=\"article\" \/>\n<meta property=\"og:title\" content=\"milKit Booster Tubeless\" \/>\n<meta property=\"og:description\" content=\"Entdecken Sie unseren Online-Fahrradladen: Gro\u00dfe Auswahl an Modellen f\u00fcr alle Radsportbegeisterten. Von Rennr\u00e4dern bis zu Mountainbikes - finden Sie heute Ihren perfekten Wegbegleiter!\" \/>\n<meta property=\"og:url\" content=\"https:\/\/kgerad.de\/en\/product\/milkit-booster-tubeless\/\" \/>\n<meta property=\"og:site_name\" content=\"kgerad.de\" \/>\n<meta property=\"article:modified_time\" content=\"2023-08-10T17:22:46+00:00\" \/>\n<meta property=\"og:image\" content=\"https:\/\/kgerad.de\/wp-content\/uploads\/2023\/06\/MilKit-Booster_800x800-0.jpg\" \/>\n\t<meta property=\"og:image:width\" content=\"800\" \/>\n\t<meta property=\"og:image:height\" content=\"582\" \/>\n\t<meta property=\"og:image:type\" content=\"image\/jpeg\" \/>\n<meta name=\"twitter:card\" content=\"summary_large_image\" \/>\n<meta name=\"twitter:label1\" content=\"Est. reading time\" \/>\n\t<meta name=\"twitter:data1\" content=\"2 minutes\" \/>\n<script type=\"application\/ld+json\" class=\"yoast-schema-graph\">{\"@context\":\"https:\/\/schema.org\",\"@graph\":[{\"@type\":\"WebPage\",\"@id\":\"https:\/\/kgerad.de\/produkt\/milkit-booster-tubeless\/\",\"url\":\"https:\/\/kgerad.de\/produkt\/milkit-booster-tubeless\/\",\"name\":\"milKit Booster Tubeless\",\"isPartOf\":{\"@id\":\"https:\/\/kgerad.de\/#website\"},\"primaryImageOfPage\":{\"@id\":\"https:\/\/kgerad.de\/produkt\/milkit-booster-tubeless\/#primaryimage\"},\"image\":{\"@id\":\"https:\/\/kgerad.de\/produkt\/milkit-booster-tubeless\/#primaryimage\"},\"thumbnailUrl\":\"https:\/\/kgerad.de\/wp-content\/uploads\/2023\/06\/MilKit-Booster_800x800-0.jpg\",\"datePublished\":\"2022-12-07T17:49:34+00:00\",\"dateModified\":\"2023-08-10T17:22:46+00:00\",\"description\":\"kgerad.de bietet Ihnen das milKit Booster Tubeless zum besten Preis mit kostenlosem Versand in ganz Europa und mit sicherer Zahlung\",\"breadcrumb\":{\"@id\":\"https:\/\/kgerad.de\/produkt\/milkit-booster-tubeless\/#breadcrumb\"},\"inLanguage\":\"en-US\",\"potentialAction\":[{\"@type\":\"ReadAction\",\"target\":[\"https:\/\/kgerad.de\/produkt\/milkit-booster-tubeless\/\"]}]},{\"@type\":\"ImageObject\",\"inLanguage\":\"en-US\",\"@id\":\"https:\/\/kgerad.de\/produkt\/milkit-booster-tubeless\/#primaryimage\",\"url\":\"https:\/\/kgerad.de\/wp-content\/uploads\/2023\/06\/MilKit-Booster_800x800-0.jpg\",\"contentUrl\":\"https:\/\/kgerad.de\/wp-content\/uploads\/2023\/06\/MilKit-Booster_800x800-0.jpg\",\"width\":800,\"height\":582,\"caption\":\"milKit Booster Tubeless\"},{\"@type\":\"BreadcrumbList\",\"@id\":\"https:\/\/kgerad.de\/produkt\/milkit-booster-tubeless\/#breadcrumb\",\"itemListElement\":[{\"@type\":\"ListItem\",\"position\":1,\"name\":\"Startseite\",\"item\":\"https:\/\/kgerad.de\/\"},{\"@type\":\"ListItem\",\"position\":2,\"name\":\"LADEN\",\"item\":\"https:\/\/kgerad.de\/laden\/\"},{\"@type\":\"ListItem\",\"position\":3,\"name\":\"milKit Booster Tubeless\"}]},{\"@type\":\"WebSite\",\"@id\":\"https:\/\/kgerad.de\/#website\",\"url\":\"https:\/\/kgerad.de\/\",\"name\":\"kgerad.de\",\"description\":\"Treten Sie mit uns ins Abenteuer!\",\"publisher\":{\"@id\":\"https:\/\/kgerad.de\/#organization\"},\"alternateName\":\"MEIN RADLADEN\",\"potentialAction\":[{\"@type\":\"SearchAction\",\"target\":{\"@type\":\"EntryPoint\",\"urlTemplate\":\"https:\/\/kgerad.de\/?s={search_term_string}\"},\"query-input\":{\"@type\":\"PropertyValueSpecification\",\"valueRequired\":true,\"valueName\":\"search_term_string\"}}],\"inLanguage\":\"en-US\"},{\"@type\":\"Organization\",\"@id\":\"https:\/\/kgerad.de\/#organization\",\"name\":\"MEINRADLADEN\",\"alternateName\":\"MEIN RADLADEN\",\"url\":\"https:\/\/kgerad.de\/\",\"logo\":{\"@type\":\"ImageObject\",\"inLanguage\":\"en-US\",\"@id\":\"https:\/\/kgerad.de\/#\/schema\/logo\/image\/\",\"url\":\"https:\/\/kgerad.de\/wp-content\/uploads\/2025\/07\/logo-Whit.svg\",\"contentUrl\":\"https:\/\/kgerad.de\/wp-content\/uploads\/2025\/07\/logo-Whit.svg\",\"width\":1640,\"height\":371,\"caption\":\"MEINRADLADEN\"},\"image\":{\"@id\":\"https:\/\/kgerad.de\/#\/schema\/logo\/image\/\"}}]}<\/script>\n<!-- \/ Yoast SEO Premium plugin. -->","yoast_head_json":{"title":"milKit Booster Tubeless","description":"kgerad.de bietet Ihnen das milKit Booster Tubeless zum besten Preis mit kostenlosem Versand in ganz Europa und mit sicherer Zahlung","robots":{"index":"index","follow":"follow","max-snippet":"max-snippet:-1","max-image-preview":"max-image-preview:large","max-video-preview":"max-video-preview:-1"},"canonical":"https:\/\/kgerad.de\/en\/product\/milkit-booster-tubeless\/","og_locale":"en_US","og_type":"article","og_title":"milKit Booster Tubeless","og_description":"Entdecken Sie unseren Online-Fahrradladen: Gro\u00dfe Auswahl an Modellen f\u00fcr alle Radsportbegeisterten. Von Rennr\u00e4dern bis zu Mountainbikes - finden Sie heute Ihren perfekten Wegbegleiter!","og_url":"https:\/\/kgerad.de\/en\/product\/milkit-booster-tubeless\/","og_site_name":"kgerad.de","article_modified_time":"2023-08-10T17:22:46+00:00","og_image":[{"width":800,"height":582,"url":"https:\/\/kgerad.de\/wp-content\/uploads\/2023\/06\/MilKit-Booster_800x800-0.jpg","type":"image\/jpeg"}],"twitter_card":"summary_large_image","twitter_misc":{"Est. reading time":"2 minutes"},"schema":{"@context":"https:\/\/schema.org","@graph":[{"@type":"WebPage","@id":"https:\/\/kgerad.de\/produkt\/milkit-booster-tubeless\/","url":"https:\/\/kgerad.de\/produkt\/milkit-booster-tubeless\/","name":"milKit Booster Tubeless","isPartOf":{"@id":"https:\/\/kgerad.de\/#website"},"primaryImageOfPage":{"@id":"https:\/\/kgerad.de\/produkt\/milkit-booster-tubeless\/#primaryimage"},"image":{"@id":"https:\/\/kgerad.de\/produkt\/milkit-booster-tubeless\/#primaryimage"},"thumbnailUrl":"https:\/\/kgerad.de\/wp-content\/uploads\/2023\/06\/MilKit-Booster_800x800-0.jpg","datePublished":"2022-12-07T17:49:34+00:00","dateModified":"2023-08-10T17:22:46+00:00","description":"kgerad.de bietet Ihnen das milKit Booster Tubeless zum besten Preis mit kostenlosem Versand in ganz Europa und mit sicherer Zahlung","breadcrumb":{"@id":"https:\/\/kgerad.de\/produkt\/milkit-booster-tubeless\/#breadcrumb"},"inLanguage":"en-US","potentialAction":[{"@type":"ReadAction","target":["https:\/\/kgerad.de\/produkt\/milkit-booster-tubeless\/"]}]},{"@type":"ImageObject","inLanguage":"en-US","@id":"https:\/\/kgerad.de\/produkt\/milkit-booster-tubeless\/#primaryimage","url":"https:\/\/kgerad.de\/wp-content\/uploads\/2023\/06\/MilKit-Booster_800x800-0.jpg","contentUrl":"https:\/\/kgerad.de\/wp-content\/uploads\/2023\/06\/MilKit-Booster_800x800-0.jpg","width":800,"height":582,"caption":"milKit Booster Tubeless"},{"@type":"BreadcrumbList","@id":"https:\/\/kgerad.de\/produkt\/milkit-booster-tubeless\/#breadcrumb","itemListElement":[{"@type":"ListItem","position":1,"name":"Startseite","item":"https:\/\/kgerad.de\/"},{"@type":"ListItem","position":2,"name":"LADEN","item":"https:\/\/kgerad.de\/laden\/"},{"@type":"ListItem","position":3,"name":"milKit Booster Tubeless"}]},{"@type":"WebSite","@id":"https:\/\/kgerad.de\/#website","url":"https:\/\/kgerad.de\/","name":"kgerad.de","description":"Treten Sie mit uns ins Abenteuer!","publisher":{"@id":"https:\/\/kgerad.de\/#organization"},"alternateName":"MEIN RADLADEN","potentialAction":[{"@type":"SearchAction","target":{"@type":"EntryPoint","urlTemplate":"https:\/\/kgerad.de\/?s={search_term_string}"},"query-input":{"@type":"PropertyValueSpecification","valueRequired":true,"valueName":"search_term_string"}}],"inLanguage":"en-US"},{"@type":"Organization","@id":"https:\/\/kgerad.de\/#organization","name":"MEINRADLADEN","alternateName":"MEIN RADLADEN","url":"https:\/\/kgerad.de\/","logo":{"@type":"ImageObject","inLanguage":"en-US","@id":"https:\/\/kgerad.de\/#\/schema\/logo\/image\/","url":"https:\/\/kgerad.de\/wp-content\/uploads\/2025\/07\/logo-Whit.svg","contentUrl":"https:\/\/kgerad.de\/wp-content\/uploads\/2025\/07\/logo-Whit.svg","width":1640,"height":371,"caption":"MEINRADLADEN"},"image":{"@id":"https:\/\/kgerad.de\/#\/schema\/logo\/image\/"}}]}},"_links":{"self":[{"href":"https:\/\/kgerad.de\/en\/wp-json\/wp\/v2\/product\/48690","targetHints":{"allow":["GET"]}}],"collection":[{"href":"https:\/\/kgerad.de\/en\/wp-json\/wp\/v2\/product"}],"about":[{"href":"https:\/\/kgerad.de\/en\/wp-json\/wp\/v2\/types\/product"}],"replies":[{"embeddable":true,"href":"https:\/\/kgerad.de\/en\/wp-json\/wp\/v2\/comments?post=48690"}],"version-history":[{"count":1,"href":"https:\/\/kgerad.de\/en\/wp-json\/wp\/v2\/product\/48690\/revisions"}],"predecessor-version":[{"id":78708,"href":"https:\/\/kgerad.de\/en\/wp-json\/wp\/v2\/product\/48690\/revisions\/78708"}],"wp:featuredmedia":[{"embeddable":true,"href":"https:\/\/kgerad.de\/en\/wp-json\/wp\/v2\/media\/64831"}],"wp:attachment":[{"href":"https:\/\/kgerad.de\/en\/wp-json\/wp\/v2\/media?parent=48690"}],"wp:term":[{"taxonomy":"product_brand","embeddable":true,"href":"https:\/\/kgerad.de\/en\/wp-json\/wp\/v2\/product_brand?post=48690"},{"taxonomy":"product_cat","embeddable":true,"href":"https:\/\/kgerad.de\/en\/wp-json\/wp\/v2\/product_cat?post=48690"},{"taxonomy":"product_tag","embeddable":true,"href":"https:\/\/kgerad.de\/en\/wp-json\/wp\/v2\/product_tag?post=48690"}],"curies":[{"name":"wp","href":"https:\/\/api.w.org\/{rel}","templated":true}]}}