{"id":48684,"date":"2022-12-07T18:32:10","date_gmt":"2022-12-07T17:32:10","guid":{"rendered":"https:\/\/kgerad.de\/?post_type=product&#038;p=48684"},"modified":"2023-08-10T19:22:58","modified_gmt":"2023-08-10T17:22:58","slug":"tune-wassertraeger-2-0-carbonflaschenhalter-trinkflasche-500ml-2","status":"publish","type":"product","link":"https:\/\/kgerad.de\/en\/product\/tune-wassertraeger-2-0-carbonflaschenhalter-trinkflasche-500ml-2\/","title":{"rendered":"Tune Wassertr\u00e4ger 2.0 Carbonflaschenhalter + Trinkflasche 500ml"},"content":{"rendered":"<h2 class=\"product--title\"><strong>Tune<\/strong>\u00a0Wassertr\u00e4ger 2.0 Carbonflaschenhalter + Trinkflasche 500ml<\/h2>\n<p>Ganz Tune Wassertr\u00e4ger 2.0 aus &#8211; ein Diener vom edlen Gebl\u00fct mit 500ml Flasche<\/p>\n<p>Wassertr\u00e4ger 2.0: Der neue Flaschenhalter \u201eWassertr\u00e4ger 2.0\u201c l\u00f6st den alten \u201eWassertr\u00e4ger\u201c ab, dieser geh\u00f6rte quasi zu den Pionieren der Flaschenhalter aus Carbon. Unser Teenie bringt alles mit um in diese Fu\u00dfstapfen zu treten!<\/p>\n<p>Ganz aus Carbon gefertigt windet er sich elegant um seine Lady und sorgt daf\u00fcr, da\u00df sie nicht aus der Fassung ger\u00e4t. Die Flache Form garantiert bestm\u00f6gliche Aerodynamik. Kein Herausfallen der Flasche auch beim MTB. Die Flaschenhalter werden in aufwendiger Handarbeit von Berhard Langerbein gefertigt. Der Wassertr\u00e4ger wird aus gewickelten Karbonfasern gefertig, wodurch das Gewicht erreicht wird. Befestigt wird der Halter mit konischen Aluminiumschrauben.<\/p>\n<hr \/>\n<h3>Wassertr\u00e4ger 2.0<\/h3>\n<ul>\n<li>Material: Carbon<\/li>\n<li>Material Schrauben: Aluminium 7075<\/li>\n<li>Flaschen: 750 ml + 500 ml<\/li>\n<li>Gewicht: 9 g<\/li>\n<\/ul>\n<h3>Trinkflasche 500 ml<\/h3>\n<ul>\n<li>Material: Kunstoff<\/li>\n<li>Gewicht: 74 g<\/li>\n<\/ul>\n<hr \/>\n<p><strong>Lieferumfang<\/strong><\/p>\n<ul>\n<li>Wassertr\u00e4ger 2.0<\/li>\n<li>Tune Trinkflasche 500 ml<\/li>\n<li>2 x Befestigungsschraube<\/li>\n<\/ul>","protected":false},"excerpt":{"rendered":"<p>Tune\u00a0Wassertr\u00e4ger 2.0 Carbonflaschenhalter + Trinkflasche 500ml Ganz Tune Wassertr\u00e4ger 2.0 aus &#8211; ein Diener vom edlen Gebl\u00fct mit 500ml Flasche<\/p>","protected":false},"featured_media":64827,"comment_status":"open","ping_status":"closed","template":"","meta":[],"product_brand":[],"product_cat":[650,573],"product_tag":[],"class_list":{"0":"post-48684","1":"product","2":"type-product","3":"status-publish","4":"has-post-thumbnail","6":"product_cat-trinkflasche","7":"product_cat-zubehor","8":"pa_marke-tune","10":"first","11":"instock","12":"sale","13":"taxable","14":"shipping-taxable","15":"purchasable","16":"product-type-simple"},"yoast_head":"<!-- This site is optimized with the Yoast SEO Premium plugin v20.12 (Yoast SEO v27.1.1) - https:\/\/yoast.com\/product\/yoast-seo-premium-wordpress\/ -->\n<title>Tune Wassertr\u00e4ger 2.0 Carbonflaschenhalter + Trinkflasche 500ml<\/title>\n<meta name=\"description\" content=\"Entdecken Sie unseren Online-Fahrradladen: Gro\u00dfe Auswahl an Modellen f\u00fcr alle Radsportbegeisterten. Von Rennr\u00e4dern bis zu Mountainbikes - finden Sie heute Ihren perfekten Wegbegleiter!\" \/>\n<meta name=\"robots\" content=\"index, follow, max-snippet:-1, max-image-preview:large, max-video-preview:-1\" \/>\n<link rel=\"canonical\" href=\"https:\/\/kgerad.de\/en\/product\/tune-wassertraeger-2-0-carbonflaschenhalter-trinkflasche-500ml-2\/\" \/>\n<meta property=\"og:locale\" content=\"en_US\" \/>\n<meta property=\"og:type\" content=\"article\" \/>\n<meta property=\"og:title\" content=\"Tune Wassertr\u00e4ger 2.0 Carbonflaschenhalter + Trinkflasche 500ml\" \/>\n<meta property=\"og:description\" content=\"Entdecken Sie unseren Online-Fahrradladen: Gro\u00dfe Auswahl an Modellen f\u00fcr alle Radsportbegeisterten. Von Rennr\u00e4dern bis zu Mountainbikes - finden Sie heute Ihren perfekten Wegbegleiter!\" \/>\n<meta property=\"og:url\" content=\"https:\/\/kgerad.de\/en\/product\/tune-wassertraeger-2-0-carbonflaschenhalter-trinkflasche-500ml-2\/\" \/>\n<meta property=\"og:site_name\" content=\"kgerad.de\" \/>\n<meta property=\"article:modified_time\" content=\"2023-08-10T17:22:58+00:00\" \/>\n<meta property=\"og:image\" content=\"https:\/\/kgerad.de\/wp-content\/uploads\/2023\/06\/Wassertrager-2-0-Carbonflaschenhalter-750ml-Trinkflasche_800x800-0-1.jpg\" \/>\n\t<meta property=\"og:image:width\" content=\"703\" \/>\n\t<meta property=\"og:image:height\" content=\"800\" \/>\n\t<meta property=\"og:image:type\" content=\"image\/jpeg\" \/>\n<meta name=\"twitter:card\" content=\"summary_large_image\" \/>\n<meta name=\"twitter:label1\" content=\"Est. reading time\" \/>\n\t<meta name=\"twitter:data1\" content=\"1 minute\" \/>\n<script type=\"application\/ld+json\" class=\"yoast-schema-graph\">{\"@context\":\"https:\/\/schema.org\",\"@graph\":[{\"@type\":\"WebPage\",\"@id\":\"https:\/\/kgerad.de\/produkt\/tune-wassertraeger-2-0-carbonflaschenhalter-trinkflasche-500ml-2\/\",\"url\":\"https:\/\/kgerad.de\/produkt\/tune-wassertraeger-2-0-carbonflaschenhalter-trinkflasche-500ml-2\/\",\"name\":\"Tune Wassertr\u00e4ger 2.0 Carbonflaschenhalter + Trinkflasche 500ml\",\"isPartOf\":{\"@id\":\"https:\/\/kgerad.de\/#website\"},\"primaryImageOfPage\":{\"@id\":\"https:\/\/kgerad.de\/produkt\/tune-wassertraeger-2-0-carbonflaschenhalter-trinkflasche-500ml-2\/#primaryimage\"},\"image\":{\"@id\":\"https:\/\/kgerad.de\/produkt\/tune-wassertraeger-2-0-carbonflaschenhalter-trinkflasche-500ml-2\/#primaryimage\"},\"thumbnailUrl\":\"https:\/\/kgerad.de\/wp-content\/uploads\/2023\/06\/Wassertrager-2-0-Carbonflaschenhalter-750ml-Trinkflasche_800x800-0-1.jpg\",\"datePublished\":\"2022-12-07T17:32:10+00:00\",\"dateModified\":\"2023-08-10T17:22:58+00:00\",\"description\":\"Entdecken Sie unseren Online-Fahrradladen: Gro\u00dfe Auswahl an Modellen f\u00fcr alle Radsportbegeisterten. Von Rennr\u00e4dern bis zu Mountainbikes - finden Sie heute Ihren perfekten Wegbegleiter!\",\"breadcrumb\":{\"@id\":\"https:\/\/kgerad.de\/produkt\/tune-wassertraeger-2-0-carbonflaschenhalter-trinkflasche-500ml-2\/#breadcrumb\"},\"inLanguage\":\"en-US\",\"potentialAction\":[{\"@type\":\"ReadAction\",\"target\":[\"https:\/\/kgerad.de\/produkt\/tune-wassertraeger-2-0-carbonflaschenhalter-trinkflasche-500ml-2\/\"]}]},{\"@type\":\"ImageObject\",\"inLanguage\":\"en-US\",\"@id\":\"https:\/\/kgerad.de\/produkt\/tune-wassertraeger-2-0-carbonflaschenhalter-trinkflasche-500ml-2\/#primaryimage\",\"url\":\"https:\/\/kgerad.de\/wp-content\/uploads\/2023\/06\/Wassertrager-2-0-Carbonflaschenhalter-750ml-Trinkflasche_800x800-0-1.jpg\",\"contentUrl\":\"https:\/\/kgerad.de\/wp-content\/uploads\/2023\/06\/Wassertrager-2-0-Carbonflaschenhalter-750ml-Trinkflasche_800x800-0-1.jpg\",\"width\":703,\"height\":800,\"caption\":\"Tune Wassertr\u00e4ger 2.0 Carbonflaschenhalter + Trinkflasche 500ml\"},{\"@type\":\"BreadcrumbList\",\"@id\":\"https:\/\/kgerad.de\/produkt\/tune-wassertraeger-2-0-carbonflaschenhalter-trinkflasche-500ml-2\/#breadcrumb\",\"itemListElement\":[{\"@type\":\"ListItem\",\"position\":1,\"name\":\"Startseite\",\"item\":\"https:\/\/kgerad.de\/\"},{\"@type\":\"ListItem\",\"position\":2,\"name\":\"LADEN\",\"item\":\"https:\/\/kgerad.de\/laden\/\"},{\"@type\":\"ListItem\",\"position\":3,\"name\":\"Tune Wassertr\u00e4ger 2.0 Carbonflaschenhalter + Trinkflasche 500ml\"}]},{\"@type\":\"WebSite\",\"@id\":\"https:\/\/kgerad.de\/#website\",\"url\":\"https:\/\/kgerad.de\/\",\"name\":\"kgerad.de\",\"description\":\"Treten Sie mit uns ins Abenteuer!\",\"publisher\":{\"@id\":\"https:\/\/kgerad.de\/#organization\"},\"alternateName\":\"MEIN RADLADEN\",\"potentialAction\":[{\"@type\":\"SearchAction\",\"target\":{\"@type\":\"EntryPoint\",\"urlTemplate\":\"https:\/\/kgerad.de\/?s={search_term_string}\"},\"query-input\":{\"@type\":\"PropertyValueSpecification\",\"valueRequired\":true,\"valueName\":\"search_term_string\"}}],\"inLanguage\":\"en-US\"},{\"@type\":\"Organization\",\"@id\":\"https:\/\/kgerad.de\/#organization\",\"name\":\"MEINRADLADEN\",\"alternateName\":\"MEIN RADLADEN\",\"url\":\"https:\/\/kgerad.de\/\",\"logo\":{\"@type\":\"ImageObject\",\"inLanguage\":\"en-US\",\"@id\":\"https:\/\/kgerad.de\/#\/schema\/logo\/image\/\",\"url\":\"https:\/\/kgerad.de\/wp-content\/uploads\/2025\/07\/logo-Whit.svg\",\"contentUrl\":\"https:\/\/kgerad.de\/wp-content\/uploads\/2025\/07\/logo-Whit.svg\",\"width\":1640,\"height\":371,\"caption\":\"MEINRADLADEN\"},\"image\":{\"@id\":\"https:\/\/kgerad.de\/#\/schema\/logo\/image\/\"}}]}<\/script>\n<!-- \/ Yoast SEO Premium plugin. -->","yoast_head_json":{"title":"Tune Wassertr\u00e4ger 2.0 Carbonflaschenhalter + Trinkflasche 500ml","description":"Entdecken Sie unseren Online-Fahrradladen: Gro\u00dfe Auswahl an Modellen f\u00fcr alle Radsportbegeisterten. Von Rennr\u00e4dern bis zu Mountainbikes - finden Sie heute Ihren perfekten Wegbegleiter!","robots":{"index":"index","follow":"follow","max-snippet":"max-snippet:-1","max-image-preview":"max-image-preview:large","max-video-preview":"max-video-preview:-1"},"canonical":"https:\/\/kgerad.de\/en\/product\/tune-wassertraeger-2-0-carbonflaschenhalter-trinkflasche-500ml-2\/","og_locale":"en_US","og_type":"article","og_title":"Tune Wassertr\u00e4ger 2.0 Carbonflaschenhalter + Trinkflasche 500ml","og_description":"Entdecken Sie unseren Online-Fahrradladen: Gro\u00dfe Auswahl an Modellen f\u00fcr alle Radsportbegeisterten. Von Rennr\u00e4dern bis zu Mountainbikes - finden Sie heute Ihren perfekten Wegbegleiter!","og_url":"https:\/\/kgerad.de\/en\/product\/tune-wassertraeger-2-0-carbonflaschenhalter-trinkflasche-500ml-2\/","og_site_name":"kgerad.de","article_modified_time":"2023-08-10T17:22:58+00:00","og_image":[{"width":703,"height":800,"url":"https:\/\/kgerad.de\/wp-content\/uploads\/2023\/06\/Wassertrager-2-0-Carbonflaschenhalter-750ml-Trinkflasche_800x800-0-1.jpg","type":"image\/jpeg"}],"twitter_card":"summary_large_image","twitter_misc":{"Est. reading time":"1 minute"},"schema":{"@context":"https:\/\/schema.org","@graph":[{"@type":"WebPage","@id":"https:\/\/kgerad.de\/produkt\/tune-wassertraeger-2-0-carbonflaschenhalter-trinkflasche-500ml-2\/","url":"https:\/\/kgerad.de\/produkt\/tune-wassertraeger-2-0-carbonflaschenhalter-trinkflasche-500ml-2\/","name":"Tune Wassertr\u00e4ger 2.0 Carbonflaschenhalter + Trinkflasche 500ml","isPartOf":{"@id":"https:\/\/kgerad.de\/#website"},"primaryImageOfPage":{"@id":"https:\/\/kgerad.de\/produkt\/tune-wassertraeger-2-0-carbonflaschenhalter-trinkflasche-500ml-2\/#primaryimage"},"image":{"@id":"https:\/\/kgerad.de\/produkt\/tune-wassertraeger-2-0-carbonflaschenhalter-trinkflasche-500ml-2\/#primaryimage"},"thumbnailUrl":"https:\/\/kgerad.de\/wp-content\/uploads\/2023\/06\/Wassertrager-2-0-Carbonflaschenhalter-750ml-Trinkflasche_800x800-0-1.jpg","datePublished":"2022-12-07T17:32:10+00:00","dateModified":"2023-08-10T17:22:58+00:00","description":"Entdecken Sie unseren Online-Fahrradladen: Gro\u00dfe Auswahl an Modellen f\u00fcr alle Radsportbegeisterten. Von Rennr\u00e4dern bis zu Mountainbikes - finden Sie heute Ihren perfekten Wegbegleiter!","breadcrumb":{"@id":"https:\/\/kgerad.de\/produkt\/tune-wassertraeger-2-0-carbonflaschenhalter-trinkflasche-500ml-2\/#breadcrumb"},"inLanguage":"en-US","potentialAction":[{"@type":"ReadAction","target":["https:\/\/kgerad.de\/produkt\/tune-wassertraeger-2-0-carbonflaschenhalter-trinkflasche-500ml-2\/"]}]},{"@type":"ImageObject","inLanguage":"en-US","@id":"https:\/\/kgerad.de\/produkt\/tune-wassertraeger-2-0-carbonflaschenhalter-trinkflasche-500ml-2\/#primaryimage","url":"https:\/\/kgerad.de\/wp-content\/uploads\/2023\/06\/Wassertrager-2-0-Carbonflaschenhalter-750ml-Trinkflasche_800x800-0-1.jpg","contentUrl":"https:\/\/kgerad.de\/wp-content\/uploads\/2023\/06\/Wassertrager-2-0-Carbonflaschenhalter-750ml-Trinkflasche_800x800-0-1.jpg","width":703,"height":800,"caption":"Tune Wassertr\u00e4ger 2.0 Carbonflaschenhalter + Trinkflasche 500ml"},{"@type":"BreadcrumbList","@id":"https:\/\/kgerad.de\/produkt\/tune-wassertraeger-2-0-carbonflaschenhalter-trinkflasche-500ml-2\/#breadcrumb","itemListElement":[{"@type":"ListItem","position":1,"name":"Startseite","item":"https:\/\/kgerad.de\/"},{"@type":"ListItem","position":2,"name":"LADEN","item":"https:\/\/kgerad.de\/laden\/"},{"@type":"ListItem","position":3,"name":"Tune Wassertr\u00e4ger 2.0 Carbonflaschenhalter + Trinkflasche 500ml"}]},{"@type":"WebSite","@id":"https:\/\/kgerad.de\/#website","url":"https:\/\/kgerad.de\/","name":"kgerad.de","description":"Treten Sie mit uns ins Abenteuer!","publisher":{"@id":"https:\/\/kgerad.de\/#organization"},"alternateName":"MEIN RADLADEN","potentialAction":[{"@type":"SearchAction","target":{"@type":"EntryPoint","urlTemplate":"https:\/\/kgerad.de\/?s={search_term_string}"},"query-input":{"@type":"PropertyValueSpecification","valueRequired":true,"valueName":"search_term_string"}}],"inLanguage":"en-US"},{"@type":"Organization","@id":"https:\/\/kgerad.de\/#organization","name":"MEINRADLADEN","alternateName":"MEIN RADLADEN","url":"https:\/\/kgerad.de\/","logo":{"@type":"ImageObject","inLanguage":"en-US","@id":"https:\/\/kgerad.de\/#\/schema\/logo\/image\/","url":"https:\/\/kgerad.de\/wp-content\/uploads\/2025\/07\/logo-Whit.svg","contentUrl":"https:\/\/kgerad.de\/wp-content\/uploads\/2025\/07\/logo-Whit.svg","width":1640,"height":371,"caption":"MEINRADLADEN"},"image":{"@id":"https:\/\/kgerad.de\/#\/schema\/logo\/image\/"}}]}},"_links":{"self":[{"href":"https:\/\/kgerad.de\/en\/wp-json\/wp\/v2\/product\/48684","targetHints":{"allow":["GET"]}}],"collection":[{"href":"https:\/\/kgerad.de\/en\/wp-json\/wp\/v2\/product"}],"about":[{"href":"https:\/\/kgerad.de\/en\/wp-json\/wp\/v2\/types\/product"}],"replies":[{"embeddable":true,"href":"https:\/\/kgerad.de\/en\/wp-json\/wp\/v2\/comments?post=48684"}],"version-history":[{"count":1,"href":"https:\/\/kgerad.de\/en\/wp-json\/wp\/v2\/product\/48684\/revisions"}],"predecessor-version":[{"id":78709,"href":"https:\/\/kgerad.de\/en\/wp-json\/wp\/v2\/product\/48684\/revisions\/78709"}],"wp:featuredmedia":[{"embeddable":true,"href":"https:\/\/kgerad.de\/en\/wp-json\/wp\/v2\/media\/64827"}],"wp:attachment":[{"href":"https:\/\/kgerad.de\/en\/wp-json\/wp\/v2\/media?parent=48684"}],"wp:term":[{"taxonomy":"product_brand","embeddable":true,"href":"https:\/\/kgerad.de\/en\/wp-json\/wp\/v2\/product_brand?post=48684"},{"taxonomy":"product_cat","embeddable":true,"href":"https:\/\/kgerad.de\/en\/wp-json\/wp\/v2\/product_cat?post=48684"},{"taxonomy":"product_tag","embeddable":true,"href":"https:\/\/kgerad.de\/en\/wp-json\/wp\/v2\/product_tag?post=48684"}],"curies":[{"name":"wp","href":"https:\/\/api.w.org\/{rel}","templated":true}]}}