{"id":48671,"date":"2022-12-07T17:11:51","date_gmt":"2022-12-07T16:11:51","guid":{"rendered":"https:\/\/kgerad.de\/?post_type=product&#038;p=48671"},"modified":"2023-08-10T19:23:25","modified_gmt":"2023-08-10T17:23:25","slug":"profile-design-fc25-trinksystem","status":"publish","type":"product","link":"https:\/\/kgerad.de\/en\/product\/profile-design-fc25-trinksystem\/","title":{"rendered":"Profile Design FC25 Trinksystem"},"content":{"rendered":"<h2 class=\"product--title\"><strong>Profile Design<\/strong>\u00a0FC25 Trinksystem<\/h2>\n<p>Dieses Profile Design FC25 Trinksystem erstklassige und innovative BTA-Flaschensystem von Profile Design ist gerade noch etwas besser geworden. F\u00fcr mehr Systemstabilit\u00e4t sorgt das neue Aerodrink Bracket mit anschraubbaren Aufsatzhalterungen und R\u00fcckhalteband aus Silikon zur Befestigung der Flasche in der Halterung.<\/p>\n<hr \/>\n<h4>Features &#8211; Profile Design FC25<\/h4>\n<ul>\n<li><strong>No-Splash Bef\u00fcll\u00f6ffnung<\/strong>\u00a0&#8211; Zum Patent angemeldete No-Splash Bef\u00fcll\u00f6ffnung<\/li>\n<li><strong>Computerhalterung<\/strong>\u00a0&#8211; F\u00fcr eine optimale Sicht ist die Position der Computerhalterung perfekt vorne am System angebracht. Das System ist auch ohne Computerhalterung nutzbar<\/li>\n<li><strong>Stromlinienf\u00f6rmige Storage Box<\/strong>\u00a0&#8211; Integrierte stromlinienf\u00f6rmige Storage Box komprimiert die Verpflegung im Heck des Systems<\/li>\n<li><strong>Flexibler Trinkhalm<\/strong>\u00a0&#8211; Strategisch flexibel an deine Vorlieben angepasst: Durch eine einfache Drehung kann der Trinkhalm in die Wahlposition rechts- oder linksseitig der Flasche positioniert werden. Flexibler Trinkhalm mit Halterung, um diesen an der Vorder- oder R\u00fcckseite der Flasche zu befestigen<\/li>\n<\/ul>\n<h4>Produkteigenschaften<\/h4>\n<ul>\n<li><strong>Konstruktion:<\/strong>\u00a0BPA-freie, lebensmittelechte HDPE Flasche<\/li>\n<li><strong>Breite:<\/strong>\u00a065 mm-140 mm (Mitte zu Mitte)<\/li>\n<li><strong>Volumen:<\/strong>\u00a0739 ml<\/li>\n<\/ul>\n<h4>Farbe<\/h4>\n<ul>\n<li>schwarz<\/li>\n<\/ul>\n<p>Gewicht<\/p>\n<ul>\n<li>397 g (Herstellerangabe)<\/li>\n<\/ul>\n<hr \/>\n<h4>Lieferumfang<\/h4>\n<ul>\n<li>1 x FC25 Trinksystem<\/li>\n<li>Inkl. Aerodrink Bracket und FC Bit Valve<\/li>\n<\/ul>\n<hr \/>\n<h4>FC System Bottle and Bracket Installation<\/h4>\n<p><iframe src=\"https:\/\/www.youtube-nocookie.com\/embed\/UCD2Q619Jek\" width=\"640\" height=\"360\" frameborder=\"0\" allowfullscreen=\"allowfullscreen\" data-mce-fragment=\"1\"><\/iframe><\/p>\n<h4>Profile Design Presents &#8211; The FC Hydration System<\/h4>\n<p><iframe src=\"https:\/\/www.youtube-nocookie.com\/embed\/gJo6Si1cWlk?rel=0\" width=\"640\" height=\"360\" frameborder=\"0\" allowfullscreen=\"allowfullscreen\" data-mce-fragment=\"1\"><\/iframe><\/p>\n<h4>FC System Reverse Mount &#8211; Installation Guide<\/h4>\n<p><iframe src=\"https:\/\/www.youtube-nocookie.com\/embed\/MeX_ojoM3Nk?rel=0\" width=\"640\" height=\"360\" frameborder=\"0\" allowfullscreen=\"allowfullscreen\" data-mce-fragment=\"1\"><\/iframe><\/p>","protected":false},"excerpt":{"rendered":"<p>Profile Design\u00a0FC25 Trinksystem Dieses Profile Design FC25 Trinksystem erstklassige und innovative BTA-Flaschensystem von Profile Design ist gerade noch etwas besser<\/p>","protected":false},"featured_media":64821,"comment_status":"open","ping_status":"closed","template":"","meta":[],"product_brand":[],"product_cat":[650,573],"product_tag":[],"class_list":{"0":"post-48671","1":"product","2":"type-product","3":"status-publish","4":"has-post-thumbnail","6":"product_cat-trinkflasche","7":"product_cat-zubehor","8":"pa_marke-profile-design","10":"first","11":"instock","12":"sale","13":"taxable","14":"shipping-taxable","15":"purchasable","16":"product-type-simple"},"yoast_head":"<!-- This site is optimized with the Yoast SEO Premium plugin v20.12 (Yoast SEO v27.1.1) - https:\/\/yoast.com\/product\/yoast-seo-premium-wordpress\/ -->\n<title>Profile Design FC25 Trinksystem<\/title>\n<meta name=\"description\" content=\"kgerad.de bietet Ihnen das Profile Design FC25 Trinksystem zum besten Preis mit kostenlosem Versand in ganz Europa und mit sicherer Zahlung\" \/>\n<meta name=\"robots\" content=\"index, follow, max-snippet:-1, max-image-preview:large, max-video-preview:-1\" \/>\n<link rel=\"canonical\" href=\"https:\/\/kgerad.de\/en\/product\/profile-design-fc25-trinksystem\/\" \/>\n<meta property=\"og:locale\" content=\"en_US\" \/>\n<meta property=\"og:type\" content=\"article\" \/>\n<meta property=\"og:title\" content=\"Profile Design FC25 Trinksystem\" \/>\n<meta property=\"og:description\" content=\"Entdecken Sie unseren Online-Fahrradladen: Gro\u00dfe Auswahl an Modellen f\u00fcr alle Radsportbegeisterten. Von Rennr\u00e4dern bis zu Mountainbikes - finden Sie heute Ihren perfekten Wegbegleiter!\" \/>\n<meta property=\"og:url\" content=\"https:\/\/kgerad.de\/en\/product\/profile-design-fc25-trinksystem\/\" \/>\n<meta property=\"og:site_name\" content=\"kgerad.de\" \/>\n<meta property=\"article:modified_time\" content=\"2023-08-10T17:23:25+00:00\" \/>\n<meta property=\"og:image\" content=\"https:\/\/kgerad.de\/wp-content\/uploads\/2023\/06\/PD-Hydration_FC_System_25_Black_Side_preview_800x800-0.jpg\" \/>\n\t<meta property=\"og:image:width\" content=\"800\" \/>\n\t<meta property=\"og:image:height\" content=\"279\" \/>\n\t<meta property=\"og:image:type\" content=\"image\/jpeg\" \/>\n<meta name=\"twitter:card\" content=\"summary_large_image\" \/>\n<meta name=\"twitter:label1\" content=\"Est. reading time\" \/>\n\t<meta name=\"twitter:data1\" content=\"2 minutes\" \/>\n<script type=\"application\/ld+json\" class=\"yoast-schema-graph\">{\"@context\":\"https:\/\/schema.org\",\"@graph\":[{\"@type\":\"WebPage\",\"@id\":\"https:\/\/kgerad.de\/produkt\/profile-design-fc25-trinksystem\/\",\"url\":\"https:\/\/kgerad.de\/produkt\/profile-design-fc25-trinksystem\/\",\"name\":\"Profile Design FC25 Trinksystem\",\"isPartOf\":{\"@id\":\"https:\/\/kgerad.de\/#website\"},\"primaryImageOfPage\":{\"@id\":\"https:\/\/kgerad.de\/produkt\/profile-design-fc25-trinksystem\/#primaryimage\"},\"image\":{\"@id\":\"https:\/\/kgerad.de\/produkt\/profile-design-fc25-trinksystem\/#primaryimage\"},\"thumbnailUrl\":\"https:\/\/kgerad.de\/wp-content\/uploads\/2023\/06\/PD-Hydration_FC_System_25_Black_Side_preview_800x800-0.jpg\",\"datePublished\":\"2022-12-07T16:11:51+00:00\",\"dateModified\":\"2023-08-10T17:23:25+00:00\",\"description\":\"kgerad.de bietet Ihnen das Profile Design FC25 Trinksystem zum besten Preis mit kostenlosem Versand in ganz Europa und mit sicherer Zahlung\",\"breadcrumb\":{\"@id\":\"https:\/\/kgerad.de\/produkt\/profile-design-fc25-trinksystem\/#breadcrumb\"},\"inLanguage\":\"en-US\",\"potentialAction\":[{\"@type\":\"ReadAction\",\"target\":[\"https:\/\/kgerad.de\/produkt\/profile-design-fc25-trinksystem\/\"]}]},{\"@type\":\"ImageObject\",\"inLanguage\":\"en-US\",\"@id\":\"https:\/\/kgerad.de\/produkt\/profile-design-fc25-trinksystem\/#primaryimage\",\"url\":\"https:\/\/kgerad.de\/wp-content\/uploads\/2023\/06\/PD-Hydration_FC_System_25_Black_Side_preview_800x800-0.jpg\",\"contentUrl\":\"https:\/\/kgerad.de\/wp-content\/uploads\/2023\/06\/PD-Hydration_FC_System_25_Black_Side_preview_800x800-0.jpg\",\"width\":800,\"height\":279,\"caption\":\"Profile Design FC25 Trinksystem\"},{\"@type\":\"BreadcrumbList\",\"@id\":\"https:\/\/kgerad.de\/produkt\/profile-design-fc25-trinksystem\/#breadcrumb\",\"itemListElement\":[{\"@type\":\"ListItem\",\"position\":1,\"name\":\"Startseite\",\"item\":\"https:\/\/kgerad.de\/\"},{\"@type\":\"ListItem\",\"position\":2,\"name\":\"LADEN\",\"item\":\"https:\/\/kgerad.de\/laden\/\"},{\"@type\":\"ListItem\",\"position\":3,\"name\":\"Profile Design FC25 Trinksystem\"}]},{\"@type\":\"WebSite\",\"@id\":\"https:\/\/kgerad.de\/#website\",\"url\":\"https:\/\/kgerad.de\/\",\"name\":\"kgerad.de\",\"description\":\"Treten Sie mit uns ins Abenteuer!\",\"publisher\":{\"@id\":\"https:\/\/kgerad.de\/#organization\"},\"alternateName\":\"MEIN RADLADEN\",\"potentialAction\":[{\"@type\":\"SearchAction\",\"target\":{\"@type\":\"EntryPoint\",\"urlTemplate\":\"https:\/\/kgerad.de\/?s={search_term_string}\"},\"query-input\":{\"@type\":\"PropertyValueSpecification\",\"valueRequired\":true,\"valueName\":\"search_term_string\"}}],\"inLanguage\":\"en-US\"},{\"@type\":\"Organization\",\"@id\":\"https:\/\/kgerad.de\/#organization\",\"name\":\"MEINRADLADEN\",\"alternateName\":\"MEIN RADLADEN\",\"url\":\"https:\/\/kgerad.de\/\",\"logo\":{\"@type\":\"ImageObject\",\"inLanguage\":\"en-US\",\"@id\":\"https:\/\/kgerad.de\/#\/schema\/logo\/image\/\",\"url\":\"https:\/\/kgerad.de\/wp-content\/uploads\/2025\/07\/logo-Whit.svg\",\"contentUrl\":\"https:\/\/kgerad.de\/wp-content\/uploads\/2025\/07\/logo-Whit.svg\",\"width\":1640,\"height\":371,\"caption\":\"MEINRADLADEN\"},\"image\":{\"@id\":\"https:\/\/kgerad.de\/#\/schema\/logo\/image\/\"}}]}<\/script>\n<!-- \/ Yoast SEO Premium plugin. -->","yoast_head_json":{"title":"Profile Design FC25 Trinksystem","description":"kgerad.de bietet Ihnen das Profile Design FC25 Trinksystem zum besten Preis mit kostenlosem Versand in ganz Europa und mit sicherer Zahlung","robots":{"index":"index","follow":"follow","max-snippet":"max-snippet:-1","max-image-preview":"max-image-preview:large","max-video-preview":"max-video-preview:-1"},"canonical":"https:\/\/kgerad.de\/en\/product\/profile-design-fc25-trinksystem\/","og_locale":"en_US","og_type":"article","og_title":"Profile Design FC25 Trinksystem","og_description":"Entdecken Sie unseren Online-Fahrradladen: Gro\u00dfe Auswahl an Modellen f\u00fcr alle Radsportbegeisterten. Von Rennr\u00e4dern bis zu Mountainbikes - finden Sie heute Ihren perfekten Wegbegleiter!","og_url":"https:\/\/kgerad.de\/en\/product\/profile-design-fc25-trinksystem\/","og_site_name":"kgerad.de","article_modified_time":"2023-08-10T17:23:25+00:00","og_image":[{"width":800,"height":279,"url":"https:\/\/kgerad.de\/wp-content\/uploads\/2023\/06\/PD-Hydration_FC_System_25_Black_Side_preview_800x800-0.jpg","type":"image\/jpeg"}],"twitter_card":"summary_large_image","twitter_misc":{"Est. reading time":"2 minutes"},"schema":{"@context":"https:\/\/schema.org","@graph":[{"@type":"WebPage","@id":"https:\/\/kgerad.de\/produkt\/profile-design-fc25-trinksystem\/","url":"https:\/\/kgerad.de\/produkt\/profile-design-fc25-trinksystem\/","name":"Profile Design FC25 Trinksystem","isPartOf":{"@id":"https:\/\/kgerad.de\/#website"},"primaryImageOfPage":{"@id":"https:\/\/kgerad.de\/produkt\/profile-design-fc25-trinksystem\/#primaryimage"},"image":{"@id":"https:\/\/kgerad.de\/produkt\/profile-design-fc25-trinksystem\/#primaryimage"},"thumbnailUrl":"https:\/\/kgerad.de\/wp-content\/uploads\/2023\/06\/PD-Hydration_FC_System_25_Black_Side_preview_800x800-0.jpg","datePublished":"2022-12-07T16:11:51+00:00","dateModified":"2023-08-10T17:23:25+00:00","description":"kgerad.de bietet Ihnen das Profile Design FC25 Trinksystem zum besten Preis mit kostenlosem Versand in ganz Europa und mit sicherer Zahlung","breadcrumb":{"@id":"https:\/\/kgerad.de\/produkt\/profile-design-fc25-trinksystem\/#breadcrumb"},"inLanguage":"en-US","potentialAction":[{"@type":"ReadAction","target":["https:\/\/kgerad.de\/produkt\/profile-design-fc25-trinksystem\/"]}]},{"@type":"ImageObject","inLanguage":"en-US","@id":"https:\/\/kgerad.de\/produkt\/profile-design-fc25-trinksystem\/#primaryimage","url":"https:\/\/kgerad.de\/wp-content\/uploads\/2023\/06\/PD-Hydration_FC_System_25_Black_Side_preview_800x800-0.jpg","contentUrl":"https:\/\/kgerad.de\/wp-content\/uploads\/2023\/06\/PD-Hydration_FC_System_25_Black_Side_preview_800x800-0.jpg","width":800,"height":279,"caption":"Profile Design FC25 Trinksystem"},{"@type":"BreadcrumbList","@id":"https:\/\/kgerad.de\/produkt\/profile-design-fc25-trinksystem\/#breadcrumb","itemListElement":[{"@type":"ListItem","position":1,"name":"Startseite","item":"https:\/\/kgerad.de\/"},{"@type":"ListItem","position":2,"name":"LADEN","item":"https:\/\/kgerad.de\/laden\/"},{"@type":"ListItem","position":3,"name":"Profile Design FC25 Trinksystem"}]},{"@type":"WebSite","@id":"https:\/\/kgerad.de\/#website","url":"https:\/\/kgerad.de\/","name":"kgerad.de","description":"Treten Sie mit uns ins Abenteuer!","publisher":{"@id":"https:\/\/kgerad.de\/#organization"},"alternateName":"MEIN RADLADEN","potentialAction":[{"@type":"SearchAction","target":{"@type":"EntryPoint","urlTemplate":"https:\/\/kgerad.de\/?s={search_term_string}"},"query-input":{"@type":"PropertyValueSpecification","valueRequired":true,"valueName":"search_term_string"}}],"inLanguage":"en-US"},{"@type":"Organization","@id":"https:\/\/kgerad.de\/#organization","name":"MEINRADLADEN","alternateName":"MEIN RADLADEN","url":"https:\/\/kgerad.de\/","logo":{"@type":"ImageObject","inLanguage":"en-US","@id":"https:\/\/kgerad.de\/#\/schema\/logo\/image\/","url":"https:\/\/kgerad.de\/wp-content\/uploads\/2025\/07\/logo-Whit.svg","contentUrl":"https:\/\/kgerad.de\/wp-content\/uploads\/2025\/07\/logo-Whit.svg","width":1640,"height":371,"caption":"MEINRADLADEN"},"image":{"@id":"https:\/\/kgerad.de\/#\/schema\/logo\/image\/"}}]}},"_links":{"self":[{"href":"https:\/\/kgerad.de\/en\/wp-json\/wp\/v2\/product\/48671","targetHints":{"allow":["GET"]}}],"collection":[{"href":"https:\/\/kgerad.de\/en\/wp-json\/wp\/v2\/product"}],"about":[{"href":"https:\/\/kgerad.de\/en\/wp-json\/wp\/v2\/types\/product"}],"replies":[{"embeddable":true,"href":"https:\/\/kgerad.de\/en\/wp-json\/wp\/v2\/comments?post=48671"}],"version-history":[{"count":1,"href":"https:\/\/kgerad.de\/en\/wp-json\/wp\/v2\/product\/48671\/revisions"}],"predecessor-version":[{"id":78712,"href":"https:\/\/kgerad.de\/en\/wp-json\/wp\/v2\/product\/48671\/revisions\/78712"}],"wp:featuredmedia":[{"embeddable":true,"href":"https:\/\/kgerad.de\/en\/wp-json\/wp\/v2\/media\/64821"}],"wp:attachment":[{"href":"https:\/\/kgerad.de\/en\/wp-json\/wp\/v2\/media?parent=48671"}],"wp:term":[{"taxonomy":"product_brand","embeddable":true,"href":"https:\/\/kgerad.de\/en\/wp-json\/wp\/v2\/product_brand?post=48671"},{"taxonomy":"product_cat","embeddable":true,"href":"https:\/\/kgerad.de\/en\/wp-json\/wp\/v2\/product_cat?post=48671"},{"taxonomy":"product_tag","embeddable":true,"href":"https:\/\/kgerad.de\/en\/wp-json\/wp\/v2\/product_tag?post=48671"}],"curies":[{"name":"wp","href":"https:\/\/api.w.org\/{rel}","templated":true}]}}