{"id":48663,"date":"2022-12-07T16:47:03","date_gmt":"2022-12-07T15:47:03","guid":{"rendered":"https:\/\/kgerad.de\/?post_type=product&#038;p=48663"},"modified":"2023-08-10T19:23:38","modified_gmt":"2023-08-10T17:23:38","slug":"buzzrack-e-scorpion-2-fahrradtraeger","status":"publish","type":"product","link":"https:\/\/kgerad.de\/en\/product\/buzzrack-e-scorpion-2-fahrradtraeger\/","title":{"rendered":"Buzzrack E-Scorpion 2 &#8211; Fahrradtr\u00e4ger"},"content":{"rendered":"<h2 class=\"product--title\"><strong>Buzzrack\u00a0<\/strong>E-Scorpion 2 &#8211; Fahrradtr\u00e4ger<\/h2>\n<p>Der Buzzrack E-Scorpion 2\u00a0 ist ein <a href=\"http:\/\/1-1\">besonders<\/a> vielseitiger Fahrradtr\u00e4ger der an der Anh\u00e4ngerkupplung deines Fahrzeugs einfach und sicher befestigt wird. Er ist besonders f\u00fcr schwere oder E-Bikes geeignet. Du hast die M\u00f6glichkeit ein oder zwei Fahrr\u00e4der mit dem E-Scorpion 2 zu transportieren. Hohe Tragf\u00e4higkeit, vollst\u00e4ndig faltbar, einfach zu bedienen, eine lange Haltbarkeit und das schlichte Design geh\u00f6ren zu seinen St\u00e4rken.<\/p>\n<hr \/>\n<table border=\"0\" width=\"100%\" cellspacing=\"1\" cellpadding=\"1\">\n<tbody>\n<tr>\n<td><img decoding=\"async\" title=\"Bike 04\/21 - Tipp Preis\/Leistung\" src=\"https:\/\/cd.bike-discount.de\/media\/image\/44\/fe\/23\/bike_0421_Tipp_Preis-Leistung.png\" alt=\"\" width=\"119\" height=\"100\" data-mid=\"623973\" data-src=\"media\/image\/bike_0421_Tipp_Preis-Leistung.png\" \/>\u00a0<img decoding=\"async\" title=\"Bike 04\/21 - Buzzrack E-Scorpion 2\" src=\"https:\/\/cd.bike-discount.de\/media\/image\/a0\/8e\/99\/bike_0421_Buzzrack_E-Scorpion-2.png\" alt=\"\" width=\"149\" height=\"100\" data-mid=\"623976\" data-src=\"media\/image\/bike_0421_Buzzrack_E-Scorpion-2.png\" \/><br \/>\nBike 04\/2021<br \/>\nTest: &#8222;Fahrradtr\u00e4ger: Elf Modelle f\u00fcr Kupplung und Heckklappe&#8220;<br \/>\n<strong>Testergebnis: Tipp Preis\/Leistung &amp; Gut (46\/50 Pkt.)<\/strong><\/td>\n<\/tr>\n<\/tbody>\n<\/table>\n<hr \/>\n<h3>Features &#8211; Buzzrack E-Scorpion 2<\/h3>\n<ul>\n<li>Einfache und platzsparende Aufbewahrung des Fahrradtr\u00e4gers durch einfaches Zusammenfalten<\/li>\n<li>Durch intergrierte Transportr\u00e4der kann der Fahrradtr\u00e4ger zum Auto gerollt werden<\/li>\n<li>Montage an der Anh\u00e4ngerkupplung erfolgt im zusammengefalteten Zustand<\/li>\n<li>Einfaches Aufsetzen auf die Anh\u00e4ngerkupplung &#8211; Fest Drehen und Spannhebel mehrmals hoch und runter dr\u00fccken<\/li>\n<li>Die Reifenschienen bieten Platz f\u00fcr Fahrr\u00e4der mit einem gro\u00dfen Radstand &#8211; bis zu 129,5cm<\/li>\n<li>Ratschengurte erm\u00f6glichen eine schnelle und sichere Befestigung der R\u00e4der und bieten Platz f\u00fcr eine Reifenbreite von bis zu 4 Zoll<\/li>\n<li>Abschlie\u00dfbare Rahmenarme halten dein Fahrrad sicher fest und k\u00f6nnen an jedem Teil des Rahmens befestigt werden, auch an der Sattelst\u00fctze<\/li>\n<li>Befestigungsarm kann individuel auf die Rahmengr\u00f6\u00dfe eingestellt werden<\/li>\n<li>Kippmechanismus erleichtert den Zugang zum Kofferraum mit aufgeladenem Fahrrad, somit l\u00e4sst sich die Heckklappe \u00f6ffnen<\/li>\n<li>13-poliger R\u00fcckfahrscheinwerfer mit f\u00fcnf Funktionen<\/li>\n<li>Geeignet f\u00fcr alle g\u00e4ngigen Fahrrad Typen inklusive E-Bikes<\/li>\n<li>Geeignet f\u00fcr Carbon Rahmen<\/li>\n<li>Patentierte konische Verschraubung passt auf alle 50mm ISO Anh\u00e4ngerkupplungen<\/li>\n<li>Alle Werkzeuge f\u00fcr die Montage sind im Lieferumfang enthalten<\/li>\n<li>Alle Teile sind austauschbar und sind als Ersatzteil erh\u00e4ltlich<\/li>\n<li>Kompatibel mit einer Fahrrad Laderampe (Separat erh\u00e4ltlich)<\/li>\n<li>Kennzeichenhalter<\/li>\n<\/ul>\n<h3>Produkteigenschaften<\/h3>\n<ul>\n<li><strong>Max. Anzahl Fahrr\u00e4der:<\/strong>\u00a02<\/li>\n<li><strong>Max. Zuladung pro Bike:<\/strong>\u00a030 kg<\/li>\n<li><strong>Max. Nutzlast:<\/strong>\u00a060 kg (<em>max. St\u00fctzlast Anh\u00e4nger Kupplung &#8211; Eigengewicht Fahrradtr\u00e4ger = max. Nutzlast am Fahrradtr\u00e4ger<\/em>)<\/li>\n<li><strong>Ma\u00dfe:\u00a0<\/strong>134cm x 72 cm (BxH) gemessen von der Mitte der Anh\u00e4ngerkupplungskugel bis zur Au\u00dfenkante des Kennzeichenhalters<\/li>\n<li><strong>Maximale Reifenbreite:<\/strong>\u00a04&#8243;<\/li>\n<li><strong>Abnehmbare Rahmenhalter:\u00a0<\/strong>Nein<\/li>\n<li><strong>Radmontage an verstellbaren Haltern:<\/strong>\u00a0Ja<\/li>\n<li><strong>Abklappbar (mit Fahrr\u00e4dern):<\/strong>\u00a0Ja<\/li>\n<li><strong>Geeignet f\u00fcr Fahrzeuge mit Ersatzrad am Heck:<\/strong>\u00a0Nein<\/li>\n<li><strong>R\u00fcckleuchten:<\/strong>\u00a0Ja<\/li>\n<li><strong>Steckeranschluss:<\/strong>\u00a013-pin<\/li>\n<li><strong>Fahrrad am Tr\u00e4ger abschlie\u00dfbar:<\/strong>\u00a0Ja<\/li>\n<li><strong>Tr\u00e4ger abschlie\u00dfbar am Fahrzeug:<\/strong>\u00a0Ja<\/li>\n<li><strong>Geeignet f\u00fcr Carbonrahmen:<\/strong>\u00a0Ja<\/li>\n<\/ul>\n<p><strong>Hinweis:<\/strong>\u00a0<em>Die max. Nutzlast des Fahrradtr\u00e4gers sowie die zul\u00e4ssige St\u00fctzlast der Anh\u00e4ngerkupplung d\u00fcrfen nicht \u00fcberschritten werden. Das zul\u00e4ssige Gesamtgewicht, sowie die zul\u00e4ssige Achslast des Fahrzeuges darf durch Fahrradtr\u00e4ger und Ladung nicht \u00fcberschritten werden.<\/em><\/p>\n<h3>Gewicht<\/h3>\n<ul>\n<li>18.1 kg (Herstellerangabe)<\/li>\n<\/ul>\n<hr \/>\n<h3>Lieferumfang<\/h3>\n<ul>\n<li>1 x Buzzrack E-Scorpion 2 &#8211; Fahrradtr\u00e4ger<\/li>\n<li>1 x Werkzeug f\u00fcr Montage<\/li>\n<\/ul>\n<hr \/>\n<h3>e SCORPION 2 INSTALLATION VIDEO<\/h3>\n<p><iframe src=\"https:\/\/www.youtube-nocookie.com\/embed\/92aSxhLzRVw\" width=\"640\" height=\"360\" frameborder=\"0\" allowfullscreen=\"allowfullscreen\" data-mce-fragment=\"1\"><\/iframe><\/p>\n<h2 class=\"product--rating-container\"><\/h2>","protected":false},"excerpt":{"rendered":"<p>Buzzrack\u00a0E-Scorpion 2 &#8211; Fahrradtr\u00e4ger Der Buzzrack E-Scorpion 2\u00a0 ist ein besonders vielseitiger Fahrradtr\u00e4ger der an der Anh\u00e4ngerkupplung deines Fahrzeugs einfach<\/p>","protected":false},"featured_media":64816,"comment_status":"open","ping_status":"closed","template":"","meta":[],"product_brand":[],"product_cat":[636,573],"product_tag":[],"class_list":{"0":"post-48663","1":"product","2":"type-product","3":"status-publish","4":"has-post-thumbnail","6":"product_cat-transport","7":"product_cat-zubehor","8":"pa_marke-buzzrack","10":"first","11":"instock","12":"sale","13":"taxable","14":"shipping-taxable","15":"purchasable","16":"product-type-simple"},"yoast_head":"<!-- This site is optimized with the Yoast SEO Premium plugin v20.12 (Yoast SEO v27.1.1) - https:\/\/yoast.com\/product\/yoast-seo-premium-wordpress\/ -->\n<title>Buzzrack E-Scorpion 2 - Fahrradtr\u00e4ger<\/title>\n<meta name=\"description\" content=\"kgerad.de bietet Ihnen das Buzzrack E-Scorpion 2 - Fahrradtr\u00e4ger zum besten Preis mit kostenlosem Versand in ganz Europa und mit sicherer Zahlung\" \/>\n<meta name=\"robots\" content=\"index, follow, max-snippet:-1, max-image-preview:large, max-video-preview:-1\" \/>\n<link rel=\"canonical\" href=\"https:\/\/kgerad.de\/en\/product\/buzzrack-e-scorpion-2-fahrradtraeger\/\" \/>\n<meta property=\"og:locale\" content=\"en_US\" \/>\n<meta property=\"og:type\" content=\"article\" \/>\n<meta property=\"og:title\" content=\"Buzzrack E-Scorpion 2 - Fahrradtr\u00e4ger\" \/>\n<meta property=\"og:description\" content=\"Entdecken Sie unseren Online-Fahrradladen: Gro\u00dfe Auswahl an Modellen f\u00fcr alle Radsportbegeisterten. Von Rennr\u00e4dern bis zu Mountainbikes - finden Sie heute Ihren perfekten Wegbegleiter!\" \/>\n<meta property=\"og:url\" content=\"https:\/\/kgerad.de\/en\/product\/buzzrack-e-scorpion-2-fahrradtraeger\/\" \/>\n<meta property=\"og:site_name\" content=\"kgerad.de\" \/>\n<meta property=\"article:modified_time\" content=\"2023-08-10T17:23:38+00:00\" \/>\n<meta property=\"og:image\" content=\"https:\/\/kgerad.de\/wp-content\/uploads\/2023\/06\/e-SCORPION-2-FEATURE-72000x1000_800x800.jpg\" \/>\n\t<meta property=\"og:image:width\" content=\"800\" \/>\n\t<meta property=\"og:image:height\" content=\"650\" \/>\n\t<meta property=\"og:image:type\" content=\"image\/jpeg\" \/>\n<meta name=\"twitter:card\" content=\"summary_large_image\" \/>\n<meta name=\"twitter:label1\" content=\"Est. reading time\" \/>\n\t<meta name=\"twitter:data1\" content=\"3 minutes\" \/>\n<script type=\"application\/ld+json\" class=\"yoast-schema-graph\">{\"@context\":\"https:\/\/schema.org\",\"@graph\":[{\"@type\":\"WebPage\",\"@id\":\"https:\/\/kgerad.de\/produkt\/buzzrack-e-scorpion-2-fahrradtraeger\/\",\"url\":\"https:\/\/kgerad.de\/produkt\/buzzrack-e-scorpion-2-fahrradtraeger\/\",\"name\":\"Buzzrack E-Scorpion 2 - Fahrradtr\u00e4ger\",\"isPartOf\":{\"@id\":\"https:\/\/kgerad.de\/#website\"},\"primaryImageOfPage\":{\"@id\":\"https:\/\/kgerad.de\/produkt\/buzzrack-e-scorpion-2-fahrradtraeger\/#primaryimage\"},\"image\":{\"@id\":\"https:\/\/kgerad.de\/produkt\/buzzrack-e-scorpion-2-fahrradtraeger\/#primaryimage\"},\"thumbnailUrl\":\"https:\/\/kgerad.de\/wp-content\/uploads\/2023\/06\/e-SCORPION-2-FEATURE-72000x1000_800x800.jpg\",\"datePublished\":\"2022-12-07T15:47:03+00:00\",\"dateModified\":\"2023-08-10T17:23:38+00:00\",\"description\":\"kgerad.de bietet Ihnen das Buzzrack E-Scorpion 2 - Fahrradtr\u00e4ger zum besten Preis mit kostenlosem Versand in ganz Europa und mit sicherer Zahlung\",\"breadcrumb\":{\"@id\":\"https:\/\/kgerad.de\/produkt\/buzzrack-e-scorpion-2-fahrradtraeger\/#breadcrumb\"},\"inLanguage\":\"en-US\",\"potentialAction\":[{\"@type\":\"ReadAction\",\"target\":[\"https:\/\/kgerad.de\/produkt\/buzzrack-e-scorpion-2-fahrradtraeger\/\"]}]},{\"@type\":\"ImageObject\",\"inLanguage\":\"en-US\",\"@id\":\"https:\/\/kgerad.de\/produkt\/buzzrack-e-scorpion-2-fahrradtraeger\/#primaryimage\",\"url\":\"https:\/\/kgerad.de\/wp-content\/uploads\/2023\/06\/e-SCORPION-2-FEATURE-72000x1000_800x800.jpg\",\"contentUrl\":\"https:\/\/kgerad.de\/wp-content\/uploads\/2023\/06\/e-SCORPION-2-FEATURE-72000x1000_800x800.jpg\",\"width\":800,\"height\":650,\"caption\":\"Buzzrack E-Scorpion 2 - Fahrradtr\u00e4ger\"},{\"@type\":\"BreadcrumbList\",\"@id\":\"https:\/\/kgerad.de\/produkt\/buzzrack-e-scorpion-2-fahrradtraeger\/#breadcrumb\",\"itemListElement\":[{\"@type\":\"ListItem\",\"position\":1,\"name\":\"Startseite\",\"item\":\"https:\/\/kgerad.de\/\"},{\"@type\":\"ListItem\",\"position\":2,\"name\":\"LADEN\",\"item\":\"https:\/\/kgerad.de\/laden\/\"},{\"@type\":\"ListItem\",\"position\":3,\"name\":\"Buzzrack E-Scorpion 2 &#8211; Fahrradtr\u00e4ger\"}]},{\"@type\":\"WebSite\",\"@id\":\"https:\/\/kgerad.de\/#website\",\"url\":\"https:\/\/kgerad.de\/\",\"name\":\"kgerad.de\",\"description\":\"Treten Sie mit uns ins Abenteuer!\",\"publisher\":{\"@id\":\"https:\/\/kgerad.de\/#organization\"},\"alternateName\":\"MEIN RADLADEN\",\"potentialAction\":[{\"@type\":\"SearchAction\",\"target\":{\"@type\":\"EntryPoint\",\"urlTemplate\":\"https:\/\/kgerad.de\/?s={search_term_string}\"},\"query-input\":{\"@type\":\"PropertyValueSpecification\",\"valueRequired\":true,\"valueName\":\"search_term_string\"}}],\"inLanguage\":\"en-US\"},{\"@type\":\"Organization\",\"@id\":\"https:\/\/kgerad.de\/#organization\",\"name\":\"MEINRADLADEN\",\"alternateName\":\"MEIN RADLADEN\",\"url\":\"https:\/\/kgerad.de\/\",\"logo\":{\"@type\":\"ImageObject\",\"inLanguage\":\"en-US\",\"@id\":\"https:\/\/kgerad.de\/#\/schema\/logo\/image\/\",\"url\":\"https:\/\/kgerad.de\/wp-content\/uploads\/2025\/07\/logo-Whit.svg\",\"contentUrl\":\"https:\/\/kgerad.de\/wp-content\/uploads\/2025\/07\/logo-Whit.svg\",\"width\":1640,\"height\":371,\"caption\":\"MEINRADLADEN\"},\"image\":{\"@id\":\"https:\/\/kgerad.de\/#\/schema\/logo\/image\/\"}}]}<\/script>\n<!-- \/ Yoast SEO Premium plugin. -->","yoast_head_json":{"title":"Buzzrack E-Scorpion 2 - Fahrradtr\u00e4ger","description":"kgerad.de bietet Ihnen das Buzzrack E-Scorpion 2 - Fahrradtr\u00e4ger zum besten Preis mit kostenlosem Versand in ganz Europa und mit sicherer Zahlung","robots":{"index":"index","follow":"follow","max-snippet":"max-snippet:-1","max-image-preview":"max-image-preview:large","max-video-preview":"max-video-preview:-1"},"canonical":"https:\/\/kgerad.de\/en\/product\/buzzrack-e-scorpion-2-fahrradtraeger\/","og_locale":"en_US","og_type":"article","og_title":"Buzzrack E-Scorpion 2 - Fahrradtr\u00e4ger","og_description":"Entdecken Sie unseren Online-Fahrradladen: Gro\u00dfe Auswahl an Modellen f\u00fcr alle Radsportbegeisterten. Von Rennr\u00e4dern bis zu Mountainbikes - finden Sie heute Ihren perfekten Wegbegleiter!","og_url":"https:\/\/kgerad.de\/en\/product\/buzzrack-e-scorpion-2-fahrradtraeger\/","og_site_name":"kgerad.de","article_modified_time":"2023-08-10T17:23:38+00:00","og_image":[{"width":800,"height":650,"url":"https:\/\/kgerad.de\/wp-content\/uploads\/2023\/06\/e-SCORPION-2-FEATURE-72000x1000_800x800.jpg","type":"image\/jpeg"}],"twitter_card":"summary_large_image","twitter_misc":{"Est. reading time":"3 minutes"},"schema":{"@context":"https:\/\/schema.org","@graph":[{"@type":"WebPage","@id":"https:\/\/kgerad.de\/produkt\/buzzrack-e-scorpion-2-fahrradtraeger\/","url":"https:\/\/kgerad.de\/produkt\/buzzrack-e-scorpion-2-fahrradtraeger\/","name":"Buzzrack E-Scorpion 2 - Fahrradtr\u00e4ger","isPartOf":{"@id":"https:\/\/kgerad.de\/#website"},"primaryImageOfPage":{"@id":"https:\/\/kgerad.de\/produkt\/buzzrack-e-scorpion-2-fahrradtraeger\/#primaryimage"},"image":{"@id":"https:\/\/kgerad.de\/produkt\/buzzrack-e-scorpion-2-fahrradtraeger\/#primaryimage"},"thumbnailUrl":"https:\/\/kgerad.de\/wp-content\/uploads\/2023\/06\/e-SCORPION-2-FEATURE-72000x1000_800x800.jpg","datePublished":"2022-12-07T15:47:03+00:00","dateModified":"2023-08-10T17:23:38+00:00","description":"kgerad.de bietet Ihnen das Buzzrack E-Scorpion 2 - Fahrradtr\u00e4ger zum besten Preis mit kostenlosem Versand in ganz Europa und mit sicherer Zahlung","breadcrumb":{"@id":"https:\/\/kgerad.de\/produkt\/buzzrack-e-scorpion-2-fahrradtraeger\/#breadcrumb"},"inLanguage":"en-US","potentialAction":[{"@type":"ReadAction","target":["https:\/\/kgerad.de\/produkt\/buzzrack-e-scorpion-2-fahrradtraeger\/"]}]},{"@type":"ImageObject","inLanguage":"en-US","@id":"https:\/\/kgerad.de\/produkt\/buzzrack-e-scorpion-2-fahrradtraeger\/#primaryimage","url":"https:\/\/kgerad.de\/wp-content\/uploads\/2023\/06\/e-SCORPION-2-FEATURE-72000x1000_800x800.jpg","contentUrl":"https:\/\/kgerad.de\/wp-content\/uploads\/2023\/06\/e-SCORPION-2-FEATURE-72000x1000_800x800.jpg","width":800,"height":650,"caption":"Buzzrack E-Scorpion 2 - Fahrradtr\u00e4ger"},{"@type":"BreadcrumbList","@id":"https:\/\/kgerad.de\/produkt\/buzzrack-e-scorpion-2-fahrradtraeger\/#breadcrumb","itemListElement":[{"@type":"ListItem","position":1,"name":"Startseite","item":"https:\/\/kgerad.de\/"},{"@type":"ListItem","position":2,"name":"LADEN","item":"https:\/\/kgerad.de\/laden\/"},{"@type":"ListItem","position":3,"name":"Buzzrack E-Scorpion 2 &#8211; Fahrradtr\u00e4ger"}]},{"@type":"WebSite","@id":"https:\/\/kgerad.de\/#website","url":"https:\/\/kgerad.de\/","name":"kgerad.de","description":"Treten Sie mit uns ins Abenteuer!","publisher":{"@id":"https:\/\/kgerad.de\/#organization"},"alternateName":"MEIN RADLADEN","potentialAction":[{"@type":"SearchAction","target":{"@type":"EntryPoint","urlTemplate":"https:\/\/kgerad.de\/?s={search_term_string}"},"query-input":{"@type":"PropertyValueSpecification","valueRequired":true,"valueName":"search_term_string"}}],"inLanguage":"en-US"},{"@type":"Organization","@id":"https:\/\/kgerad.de\/#organization","name":"MEINRADLADEN","alternateName":"MEIN RADLADEN","url":"https:\/\/kgerad.de\/","logo":{"@type":"ImageObject","inLanguage":"en-US","@id":"https:\/\/kgerad.de\/#\/schema\/logo\/image\/","url":"https:\/\/kgerad.de\/wp-content\/uploads\/2025\/07\/logo-Whit.svg","contentUrl":"https:\/\/kgerad.de\/wp-content\/uploads\/2025\/07\/logo-Whit.svg","width":1640,"height":371,"caption":"MEINRADLADEN"},"image":{"@id":"https:\/\/kgerad.de\/#\/schema\/logo\/image\/"}}]}},"_links":{"self":[{"href":"https:\/\/kgerad.de\/en\/wp-json\/wp\/v2\/product\/48663","targetHints":{"allow":["GET"]}}],"collection":[{"href":"https:\/\/kgerad.de\/en\/wp-json\/wp\/v2\/product"}],"about":[{"href":"https:\/\/kgerad.de\/en\/wp-json\/wp\/v2\/types\/product"}],"replies":[{"embeddable":true,"href":"https:\/\/kgerad.de\/en\/wp-json\/wp\/v2\/comments?post=48663"}],"version-history":[{"count":1,"href":"https:\/\/kgerad.de\/en\/wp-json\/wp\/v2\/product\/48663\/revisions"}],"predecessor-version":[{"id":78713,"href":"https:\/\/kgerad.de\/en\/wp-json\/wp\/v2\/product\/48663\/revisions\/78713"}],"wp:featuredmedia":[{"embeddable":true,"href":"https:\/\/kgerad.de\/en\/wp-json\/wp\/v2\/media\/64816"}],"wp:attachment":[{"href":"https:\/\/kgerad.de\/en\/wp-json\/wp\/v2\/media?parent=48663"}],"wp:term":[{"taxonomy":"product_brand","embeddable":true,"href":"https:\/\/kgerad.de\/en\/wp-json\/wp\/v2\/product_brand?post=48663"},{"taxonomy":"product_cat","embeddable":true,"href":"https:\/\/kgerad.de\/en\/wp-json\/wp\/v2\/product_cat?post=48663"},{"taxonomy":"product_tag","embeddable":true,"href":"https:\/\/kgerad.de\/en\/wp-json\/wp\/v2\/product_tag?post=48663"}],"curies":[{"name":"wp","href":"https:\/\/api.w.org\/{rel}","templated":true}]}}