{"id":48640,"date":"2022-12-07T14:30:04","date_gmt":"2022-12-07T13:30:04","guid":{"rendered":"https:\/\/kgerad.de\/?post_type=product&#038;p=48640"},"modified":"2023-08-10T19:24:02","modified_gmt":"2023-08-10T17:24:02","slug":"galano-ga20-24-zoll-jugendfahrrad","status":"publish","type":"product","link":"https:\/\/kgerad.de\/en\/product\/galano-ga20-24-zoll-jugendfahrrad\/","title":{"rendered":"Galano GA20 24 Zoll Jugendfahrrad"},"content":{"rendered":"<h2 class=\"rd-title\" title=\"Galano GA20 24 Zoll Jugendfahrrad MTB Hardtail 130 - 145 cm M\u00e4dchen Jungen Fahrrad ab 8 Jahre Mountainbike 21 G\u00e4nge Jugendrad V-Brakes, Farbe:grau\/blau, Rahmengr\u00f6\u00dfe:30 cm\">Galano GA20 24 Zoll Jugendfahrrad<\/h2>\n<p>Das Galano GA20 24 Zoll Mountainbike ist ein cooles Fahrrad f\u00fcr Jugendliche. Mit diesem robusten Rad l\u00e4sst es sich nach Herzenslust biken &#8211; die widerstandsf\u00e4higen, wartungsarmen Komponenten machen alles problemlos mit!<\/p>\n<p>Das 24 Zoll Fahrrad besitzt einen stabilen Rahmen aus Stahl mit abfallendem Oberrohr. Diese Geometrie sorgt f\u00fcr mehr Fahrsicherheit und bessere Balance. Dank der Federgabel mit 60 mm Federweg wird das GA20 zu einem echten Hardtail Mountainbike!<\/p>\n<p>21 G\u00e4nge stehen zur Verf\u00fcgung, mit denen der Nachwuchs ordentlich Fahrt aufnehmen kann. Einmal richtig eingestellt, liefern die Schaltungsteile ihre Performance lange, ohne Wartung zu ben\u00f6tigen. Dadurch bleibt der Fahrspa\u00df absolut ungetr\u00fcbt. Die G\u00e4nge werden mit Drehgriffschaltern am Lenker bequem durchgeschaltet.<\/p>\n<p>Das GA20 Jugend Mountainbike wird mit V-Brakes an beiden R\u00e4dern gebremst. Diese Felgenbremsen erlauben besonders pr\u00e4zise Bremsvorg\u00e4nge und zeigen sich ebenfalls wartungsarm. Lediglich die Bremsbel\u00e4ge m\u00fcssen von Zeit zu Zeit ausgetauscht werden, wenn sie abgefahren sind.<\/p>\n<p>Das GA20 f\u00e4hrt auf Aluminium Doublewall R\u00e4dern mit 24\u201d x 2,10\u201d MTB-Reifen. Das Profil der Reifen eignet sich zum Vorankommen auf Asphalt ebenso wie f\u00fcrs Flitzen \u00fcber Waldwege.<\/p>\n<p>Wir empfehlen das GA20 f\u00fcr Fahrer mit einer K\u00f6rpergr\u00f6\u00dfe zwischen 130 und 145 cm bzw. ab einem Alter von ca. 8 Jahren. Dank h\u00f6henverstellbarer Sattelst\u00fctze kann das Jugendrad einige Zeit mitwachsen, bevor auf ein gr\u00f6\u00dferes Fahrrad umgestiegen werden muss.<\/p>\n<p>Nach der Montage von Vorderrad, Pedalen und Lenker kann es losgehen.<\/p>\n<table border=\"0\" cellspacing=\"0\" cellpadding=\"0\">\n<thead>\n<tr>\n<th colspan=\"2\" scope=\"col\">\n<h4>Technische Daten:<\/h4>\n<\/th>\n<\/tr>\n<\/thead>\n<tbody>\n<tr>\n<td>Hersteller:<\/td>\n<td>Galano<\/td>\n<\/tr>\n<tr>\n<td>Modell:<\/td>\n<td>GA20<\/td>\n<\/tr>\n<tr>\n<td>Farbe:<\/td>\n<td>blau, schwarz\/grau, schwarz\/gr\u00fcn, grau\/blau<\/td>\n<\/tr>\n<tr>\n<td>G\u00e4nge:<\/td>\n<td>21<\/td>\n<\/tr>\n<tr>\n<td>Rahmengr\u00f6\u00dfe:<\/td>\n<td>30 cm<\/td>\n<\/tr>\n<tr>\n<td>Laufradgr\u00f6\u00dfe:<\/td>\n<td>24 Zoll<\/td>\n<\/tr>\n<tr>\n<td>Rahmen:<\/td>\n<td>Galano Stahl<\/td>\n<\/tr>\n<tr>\n<td>Gabel:<\/td>\n<td>Galano Federgabel mit 60 mm Federweg<\/td>\n<\/tr>\n<tr>\n<td>Steuersatz:<\/td>\n<td>Neco 1&#8242;<\/td>\n<\/tr>\n<tr>\n<td>Vorbau:<\/td>\n<td>Galano Stahl Schaftvorbau, L\u00e4nge: 80 mm, Klemmung: 25,4 mm<\/td>\n<\/tr>\n<tr>\n<td>Lenker:<\/td>\n<td>Galano Stahl, Breite: 480 mm<\/td>\n<\/tr>\n<tr>\n<td>Griffe:<\/td>\n<td>PVC, PAK-frei<\/td>\n<\/tr>\n<tr>\n<td>Schalthebel:<\/td>\n<td>Microshift Twist Shifter Drehgriffschalter<\/td>\n<\/tr>\n<tr>\n<td>Bremshebel:<\/td>\n<td>Aluminium Dreifingertyp<\/td>\n<\/tr>\n<tr>\n<td>Schaltwerk:<\/td>\n<td>Saiguan 7-fach<\/td>\n<\/tr>\n<tr>\n<td>Kurbelgarnitur:<\/td>\n<td>Prowheel dreifach, Kurbelarme: Stahl, 140 mm<\/td>\n<\/tr>\n<tr>\n<td>Kassette:<\/td>\n<td>7-fach, 14-28 Z\u00e4hne<\/td>\n<\/tr>\n<tr>\n<td>Kette:<\/td>\n<td>KMC HV-408 1\/2&#8242; x 3\/32&#8242;<\/td>\n<\/tr>\n<tr>\n<td>Innenlager:<\/td>\n<td>Neco B822 BB<\/td>\n<\/tr>\n<tr>\n<td>Bremsen:<\/td>\n<td>V-Brakes<\/td>\n<\/tr>\n<tr>\n<td>Reifen:<\/td>\n<td>WD 24&#8242; x 2,10&#8242; mit MTB-Profil<\/td>\n<\/tr>\n<tr>\n<td>Felgen:<\/td>\n<td>Galano Aluminium Doublewall<\/td>\n<\/tr>\n<tr>\n<td>Naben:<\/td>\n<td>Stahl<\/td>\n<\/tr>\n<tr>\n<td>Speichen:<\/td>\n<td>rostfreier Stahl, 36 St\u00fcck, Durchmesser: 2 mm<\/td>\n<\/tr>\n<tr>\n<td>Pedale:<\/td>\n<td>Neco Kunststoff Plattformpedale, 9\/16&#8242; Achse<\/td>\n<\/tr>\n<tr>\n<td>Sattel:<\/td>\n<td>Galano MTB-Sattel, schaumstoffgepolsert<\/td>\n<\/tr>\n<tr>\n<td>Sattelst\u00fctze:<\/td>\n<td>Galano Stahl Kerzensattelst\u00fctze, L\u00e4nge: 250 mm, Durchmesser: 25,4 mm<\/td>\n<\/tr>\n<tr>\n<td>Kettenschutz:<\/td>\n<td>Kettenschutzring<\/td>\n<\/tr>\n<tr>\n<td>empfohlene K\u00f6rpergr\u00f6\u00dfe:<\/td>\n<td>130 &#8211; 145 cm \/ ab ca. 8 Jahre<\/td>\n<\/tr>\n<tr>\n<td>Sattelh\u00f6he vom Boden:<\/td>\n<td>65 cm &#8211; 85 cm<\/td>\n<\/tr>\n<tr>\n<td>Lenkerh\u00f6he vom Boden:<\/td>\n<td>90 &#8211; 92 cm<\/td>\n<\/tr>\n<tr>\n<td>Steuerrohrl\u00e4nge:<\/td>\n<td>92 mm<\/td>\n<\/tr>\n<tr>\n<td>zul\u00e4ssiges Gesamtgewicht:<\/td>\n<td>80 kg<\/td>\n<\/tr>\n<tr>\n<td>Gewicht:<\/td>\n<td>14,5 kg<\/td>\n<\/tr>\n<tr>\n<td><\/td>\n<td>85 % vormontiert<\/td>\n<\/tr>\n<tr>\n<td>Lieferumfang:<\/td>\n<td>1 Fahrrad, Zubeh\u00f6r (Reflektoren, Glocke, Seitenst\u00e4nder)<\/td>\n<\/tr>\n<\/tbody>\n<\/table>","protected":false},"excerpt":{"rendered":"<p>Galano GA20 24 Zoll Jugendfahrrad Das Galano GA20 24 Zoll Mountainbike ist ein cooles Fahrrad f\u00fcr Jugendliche. Mit diesem robusten<\/p>","protected":false},"featured_media":64803,"comment_status":"open","ping_status":"closed","template":"","meta":[],"product_brand":[],"product_cat":[33,414,292],"product_tag":[],"class_list":{"0":"post-48640","1":"product","2":"type-product","3":"status-publish","4":"has-post-thumbnail","6":"product_cat-e-bike","7":"product_cat-e-bike-kids","8":"product_cat-kinderfahrrad","9":"pa_marke-galano","11":"first","12":"instock","13":"taxable","14":"shipping-taxable","15":"purchasable","16":"product-type-variable"},"yoast_head":"<!-- This site is optimized with the Yoast SEO Premium plugin v20.12 (Yoast SEO v27.1.1) - https:\/\/yoast.com\/product\/yoast-seo-premium-wordpress\/ -->\n<title>Galano GA20 24 Zoll Jugendfahrrad<\/title>\n<meta name=\"description\" content=\"Entdecken Sie unseren Online-Fahrradladen: Gro\u00dfe Auswahl an Modellen f\u00fcr alle Radsportbegeisterten. Von Rennr\u00e4dern bis zu Mountainbikes - finden Sie heute Ihren perfekten Wegbegleiter!\" \/>\n<meta name=\"robots\" content=\"index, follow, max-snippet:-1, max-image-preview:large, max-video-preview:-1\" \/>\n<link rel=\"canonical\" href=\"https:\/\/kgerad.de\/en\/product\/galano-ga20-24-zoll-jugendfahrrad\/\" \/>\n<meta property=\"og:locale\" content=\"en_US\" \/>\n<meta property=\"og:type\" content=\"article\" \/>\n<meta property=\"og:title\" content=\"Galano GA20 24 Zoll Jugendfahrrad\" \/>\n<meta property=\"og:description\" content=\"Entdecken Sie unseren Online-Fahrradladen: Gro\u00dfe Auswahl an Modellen f\u00fcr alle Radsportbegeisterten. Von Rennr\u00e4dern bis zu Mountainbikes - finden Sie heute Ihren perfekten Wegbegleiter!\" \/>\n<meta property=\"og:url\" content=\"https:\/\/kgerad.de\/en\/product\/galano-ga20-24-zoll-jugendfahrrad\/\" \/>\n<meta property=\"og:site_name\" content=\"kgerad.de\" \/>\n<meta property=\"article:modified_time\" content=\"2023-08-10T17:24:02+00:00\" \/>\n<meta property=\"og:image\" content=\"https:\/\/kgerad.de\/wp-content\/uploads\/2023\/06\/44df8e501e1732b0fe6390cfc2f6cf75.webp\" \/>\n\t<meta property=\"og:image:width\" content=\"2048\" \/>\n\t<meta property=\"og:image:height\" content=\"2048\" \/>\n\t<meta property=\"og:image:type\" content=\"image\/webp\" \/>\n<meta name=\"twitter:card\" content=\"summary_large_image\" \/>\n<meta name=\"twitter:label1\" content=\"Est. reading time\" \/>\n\t<meta name=\"twitter:data1\" content=\"3 minutes\" \/>\n<script type=\"application\/ld+json\" class=\"yoast-schema-graph\">{\"@context\":\"https:\/\/schema.org\",\"@graph\":[{\"@type\":\"WebPage\",\"@id\":\"https:\/\/kgerad.de\/produkt\/galano-ga20-24-zoll-jugendfahrrad\/\",\"url\":\"https:\/\/kgerad.de\/produkt\/galano-ga20-24-zoll-jugendfahrrad\/\",\"name\":\"Galano GA20 24 Zoll Jugendfahrrad\",\"isPartOf\":{\"@id\":\"https:\/\/kgerad.de\/#website\"},\"primaryImageOfPage\":{\"@id\":\"https:\/\/kgerad.de\/produkt\/galano-ga20-24-zoll-jugendfahrrad\/#primaryimage\"},\"image\":{\"@id\":\"https:\/\/kgerad.de\/produkt\/galano-ga20-24-zoll-jugendfahrrad\/#primaryimage\"},\"thumbnailUrl\":\"https:\/\/kgerad.de\/wp-content\/uploads\/2023\/06\/44df8e501e1732b0fe6390cfc2f6cf75.webp\",\"datePublished\":\"2022-12-07T13:30:04+00:00\",\"dateModified\":\"2023-08-10T17:24:02+00:00\",\"description\":\"Entdecken Sie unseren Online-Fahrradladen: Gro\u00dfe Auswahl an Modellen f\u00fcr alle Radsportbegeisterten. Von Rennr\u00e4dern bis zu Mountainbikes - finden Sie heute Ihren perfekten Wegbegleiter!\",\"breadcrumb\":{\"@id\":\"https:\/\/kgerad.de\/produkt\/galano-ga20-24-zoll-jugendfahrrad\/#breadcrumb\"},\"inLanguage\":\"en-US\",\"potentialAction\":[{\"@type\":\"ReadAction\",\"target\":[\"https:\/\/kgerad.de\/produkt\/galano-ga20-24-zoll-jugendfahrrad\/\"]}]},{\"@type\":\"ImageObject\",\"inLanguage\":\"en-US\",\"@id\":\"https:\/\/kgerad.de\/produkt\/galano-ga20-24-zoll-jugendfahrrad\/#primaryimage\",\"url\":\"https:\/\/kgerad.de\/wp-content\/uploads\/2023\/06\/44df8e501e1732b0fe6390cfc2f6cf75.webp\",\"contentUrl\":\"https:\/\/kgerad.de\/wp-content\/uploads\/2023\/06\/44df8e501e1732b0fe6390cfc2f6cf75.webp\",\"width\":2048,\"height\":2048,\"caption\":\"Galano GA20 24 Zoll Jugendfahrrad\"},{\"@type\":\"BreadcrumbList\",\"@id\":\"https:\/\/kgerad.de\/produkt\/galano-ga20-24-zoll-jugendfahrrad\/#breadcrumb\",\"itemListElement\":[{\"@type\":\"ListItem\",\"position\":1,\"name\":\"Startseite\",\"item\":\"https:\/\/kgerad.de\/\"},{\"@type\":\"ListItem\",\"position\":2,\"name\":\"LADEN\",\"item\":\"https:\/\/kgerad.de\/laden\/\"},{\"@type\":\"ListItem\",\"position\":3,\"name\":\"Galano GA20 24 Zoll Jugendfahrrad\"}]},{\"@type\":\"WebSite\",\"@id\":\"https:\/\/kgerad.de\/#website\",\"url\":\"https:\/\/kgerad.de\/\",\"name\":\"kgerad.de\",\"description\":\"Treten Sie mit uns ins Abenteuer!\",\"publisher\":{\"@id\":\"https:\/\/kgerad.de\/#organization\"},\"alternateName\":\"MEIN RADLADEN\",\"potentialAction\":[{\"@type\":\"SearchAction\",\"target\":{\"@type\":\"EntryPoint\",\"urlTemplate\":\"https:\/\/kgerad.de\/?s={search_term_string}\"},\"query-input\":{\"@type\":\"PropertyValueSpecification\",\"valueRequired\":true,\"valueName\":\"search_term_string\"}}],\"inLanguage\":\"en-US\"},{\"@type\":\"Organization\",\"@id\":\"https:\/\/kgerad.de\/#organization\",\"name\":\"MEINRADLADEN\",\"alternateName\":\"MEIN RADLADEN\",\"url\":\"https:\/\/kgerad.de\/\",\"logo\":{\"@type\":\"ImageObject\",\"inLanguage\":\"en-US\",\"@id\":\"https:\/\/kgerad.de\/#\/schema\/logo\/image\/\",\"url\":\"https:\/\/kgerad.de\/wp-content\/uploads\/2025\/07\/logo-Whit.svg\",\"contentUrl\":\"https:\/\/kgerad.de\/wp-content\/uploads\/2025\/07\/logo-Whit.svg\",\"width\":1640,\"height\":371,\"caption\":\"MEINRADLADEN\"},\"image\":{\"@id\":\"https:\/\/kgerad.de\/#\/schema\/logo\/image\/\"}}]}<\/script>\n<!-- \/ Yoast SEO Premium plugin. -->","yoast_head_json":{"title":"Galano GA20 24 Zoll Jugendfahrrad","description":"Entdecken Sie unseren Online-Fahrradladen: Gro\u00dfe Auswahl an Modellen f\u00fcr alle Radsportbegeisterten. Von Rennr\u00e4dern bis zu Mountainbikes - finden Sie heute Ihren perfekten Wegbegleiter!","robots":{"index":"index","follow":"follow","max-snippet":"max-snippet:-1","max-image-preview":"max-image-preview:large","max-video-preview":"max-video-preview:-1"},"canonical":"https:\/\/kgerad.de\/en\/product\/galano-ga20-24-zoll-jugendfahrrad\/","og_locale":"en_US","og_type":"article","og_title":"Galano GA20 24 Zoll Jugendfahrrad","og_description":"Entdecken Sie unseren Online-Fahrradladen: Gro\u00dfe Auswahl an Modellen f\u00fcr alle Radsportbegeisterten. Von Rennr\u00e4dern bis zu Mountainbikes - finden Sie heute Ihren perfekten Wegbegleiter!","og_url":"https:\/\/kgerad.de\/en\/product\/galano-ga20-24-zoll-jugendfahrrad\/","og_site_name":"kgerad.de","article_modified_time":"2023-08-10T17:24:02+00:00","og_image":[{"width":2048,"height":2048,"url":"https:\/\/kgerad.de\/wp-content\/uploads\/2023\/06\/44df8e501e1732b0fe6390cfc2f6cf75.webp","type":"image\/webp"}],"twitter_card":"summary_large_image","twitter_misc":{"Est. reading time":"3 minutes"},"schema":{"@context":"https:\/\/schema.org","@graph":[{"@type":"WebPage","@id":"https:\/\/kgerad.de\/produkt\/galano-ga20-24-zoll-jugendfahrrad\/","url":"https:\/\/kgerad.de\/produkt\/galano-ga20-24-zoll-jugendfahrrad\/","name":"Galano GA20 24 Zoll Jugendfahrrad","isPartOf":{"@id":"https:\/\/kgerad.de\/#website"},"primaryImageOfPage":{"@id":"https:\/\/kgerad.de\/produkt\/galano-ga20-24-zoll-jugendfahrrad\/#primaryimage"},"image":{"@id":"https:\/\/kgerad.de\/produkt\/galano-ga20-24-zoll-jugendfahrrad\/#primaryimage"},"thumbnailUrl":"https:\/\/kgerad.de\/wp-content\/uploads\/2023\/06\/44df8e501e1732b0fe6390cfc2f6cf75.webp","datePublished":"2022-12-07T13:30:04+00:00","dateModified":"2023-08-10T17:24:02+00:00","description":"Entdecken Sie unseren Online-Fahrradladen: Gro\u00dfe Auswahl an Modellen f\u00fcr alle Radsportbegeisterten. Von Rennr\u00e4dern bis zu Mountainbikes - finden Sie heute Ihren perfekten Wegbegleiter!","breadcrumb":{"@id":"https:\/\/kgerad.de\/produkt\/galano-ga20-24-zoll-jugendfahrrad\/#breadcrumb"},"inLanguage":"en-US","potentialAction":[{"@type":"ReadAction","target":["https:\/\/kgerad.de\/produkt\/galano-ga20-24-zoll-jugendfahrrad\/"]}]},{"@type":"ImageObject","inLanguage":"en-US","@id":"https:\/\/kgerad.de\/produkt\/galano-ga20-24-zoll-jugendfahrrad\/#primaryimage","url":"https:\/\/kgerad.de\/wp-content\/uploads\/2023\/06\/44df8e501e1732b0fe6390cfc2f6cf75.webp","contentUrl":"https:\/\/kgerad.de\/wp-content\/uploads\/2023\/06\/44df8e501e1732b0fe6390cfc2f6cf75.webp","width":2048,"height":2048,"caption":"Galano GA20 24 Zoll Jugendfahrrad"},{"@type":"BreadcrumbList","@id":"https:\/\/kgerad.de\/produkt\/galano-ga20-24-zoll-jugendfahrrad\/#breadcrumb","itemListElement":[{"@type":"ListItem","position":1,"name":"Startseite","item":"https:\/\/kgerad.de\/"},{"@type":"ListItem","position":2,"name":"LADEN","item":"https:\/\/kgerad.de\/laden\/"},{"@type":"ListItem","position":3,"name":"Galano GA20 24 Zoll Jugendfahrrad"}]},{"@type":"WebSite","@id":"https:\/\/kgerad.de\/#website","url":"https:\/\/kgerad.de\/","name":"kgerad.de","description":"Treten Sie mit uns ins Abenteuer!","publisher":{"@id":"https:\/\/kgerad.de\/#organization"},"alternateName":"MEIN RADLADEN","potentialAction":[{"@type":"SearchAction","target":{"@type":"EntryPoint","urlTemplate":"https:\/\/kgerad.de\/?s={search_term_string}"},"query-input":{"@type":"PropertyValueSpecification","valueRequired":true,"valueName":"search_term_string"}}],"inLanguage":"en-US"},{"@type":"Organization","@id":"https:\/\/kgerad.de\/#organization","name":"MEINRADLADEN","alternateName":"MEIN RADLADEN","url":"https:\/\/kgerad.de\/","logo":{"@type":"ImageObject","inLanguage":"en-US","@id":"https:\/\/kgerad.de\/#\/schema\/logo\/image\/","url":"https:\/\/kgerad.de\/wp-content\/uploads\/2025\/07\/logo-Whit.svg","contentUrl":"https:\/\/kgerad.de\/wp-content\/uploads\/2025\/07\/logo-Whit.svg","width":1640,"height":371,"caption":"MEINRADLADEN"},"image":{"@id":"https:\/\/kgerad.de\/#\/schema\/logo\/image\/"}}]}},"_links":{"self":[{"href":"https:\/\/kgerad.de\/en\/wp-json\/wp\/v2\/product\/48640","targetHints":{"allow":["GET"]}}],"collection":[{"href":"https:\/\/kgerad.de\/en\/wp-json\/wp\/v2\/product"}],"about":[{"href":"https:\/\/kgerad.de\/en\/wp-json\/wp\/v2\/types\/product"}],"replies":[{"embeddable":true,"href":"https:\/\/kgerad.de\/en\/wp-json\/wp\/v2\/comments?post=48640"}],"version-history":[{"count":1,"href":"https:\/\/kgerad.de\/en\/wp-json\/wp\/v2\/product\/48640\/revisions"}],"predecessor-version":[{"id":78716,"href":"https:\/\/kgerad.de\/en\/wp-json\/wp\/v2\/product\/48640\/revisions\/78716"}],"wp:featuredmedia":[{"embeddable":true,"href":"https:\/\/kgerad.de\/en\/wp-json\/wp\/v2\/media\/64803"}],"wp:attachment":[{"href":"https:\/\/kgerad.de\/en\/wp-json\/wp\/v2\/media?parent=48640"}],"wp:term":[{"taxonomy":"product_brand","embeddable":true,"href":"https:\/\/kgerad.de\/en\/wp-json\/wp\/v2\/product_brand?post=48640"},{"taxonomy":"product_cat","embeddable":true,"href":"https:\/\/kgerad.de\/en\/wp-json\/wp\/v2\/product_cat?post=48640"},{"taxonomy":"product_tag","embeddable":true,"href":"https:\/\/kgerad.de\/en\/wp-json\/wp\/v2\/product_tag?post=48640"}],"curies":[{"name":"wp","href":"https:\/\/api.w.org\/{rel}","templated":true}]}}