{"id":48629,"date":"2022-12-07T13:58:27","date_gmt":"2022-12-07T12:58:27","guid":{"rendered":"https:\/\/kgerad.de\/?post_type=product&#038;p=48629"},"modified":"2023-08-10T19:27:49","modified_gmt":"2023-08-10T17:27:49","slug":"elektrofahrrad-mit-10ah-36v-wasserdicht-ip54-schwarz","status":"publish","type":"product","link":"https:\/\/kgerad.de\/en\/product\/elektrofahrrad-mit-10ah-36v-wasserdicht-ip54-schwarz\/","title":{"rendered":"Elektrofahrrad mit 10Ah 36V Wasserdicht IP54, Schwarz"},"content":{"rendered":"<h2 class=\"rd-title\" title=\"20 Zoll Elektrisches Fahrrad Electric Bike E-Bike Faltrad E-Bike Citybike Elektrofahrrad mit 10Ah 36V Wasserdicht IP54, Schwarz\">Elektrofahrrad mit 10Ah 36V Wasserdicht IP54, Schwarz<\/h2>\n<p>\u3010Hervorragende Leistung\u3011Elektrofahrrad mit 20-Zoll-R\u00e4der-Reifen sorgen f\u00fcr ein reibungsloses Fahrerlebnis. Der 10-AH-Lithium-Ionen-Akku reicht f\u00fcr den t\u00e4glichen Pendelverkehr oder Kurztrips wie Wochenendcamping und Angeln.<\/p>\n<p>\u3010Drei verschiedene Fahrmodi\u3011 Drei verschiedene Fahrmodi<br \/>\nEs gibt drei verschiedene Fahrmodi f\u00fcr Elektrofahrrad mit, darunter einen Fahrmodus, einen elektrischen Fahrmodus und eine Kombination aus zwei Modi. Erf\u00fcllen Sie alle Ihre Bed\u00fcrfnisse!Sie k\u00f6nnen den Fahrradmodus nach Belieben wechseln und den Spa\u00df der Reise genie\u00dfen.<\/p>\n<p>\u3010Stabile Antriebskraft\u3011 Maximale Motorleistung 250W und erreicht eine Reichweite von \u00fcber 25 Meilen bei einer Geschwindigkeit von bis zu 25 km \/ h. Die maximale Reichweite der reinen Leistung betr\u00e4gt 45-50 km.<\/p>\n<p><strong>Beschreibung<\/strong><br \/>\nMODELL: 20F054<br \/>\nVerl\u00e4ngerungsgr\u00f6\u00dfe: 155 * 73 * 63 cm<br \/>\nFaltgr\u00f6\u00dfe: 92 * 38 * 73 cm<br \/>\nFarbe erh\u00e4ltlich: Schwarz<br \/>\nBatteriekapazit\u00e4t: HENGLI, 36V \/ 10AH<br \/>\nH\u00f6chstgeschwindigkeit: 25 km \/ h<br \/>\nMaximale Reichweite f\u00fcr den unterst\u00fctzten Modus: 50-55 km<br \/>\nMaximale Reichweite f\u00fcr reine Leistung: 45-50 km<br \/>\nMaximale Belastung: 120 kg<br \/>\nMotor: 36V 250W<br \/>\nMaximale Steigf\u00e4higkeit: 45<br \/>\nNettogewicht: 22,5 kg<br \/>\nWasserdicht und staubdicht: IP54<br \/>\nReifengr\u00f6\u00dfe: 20 Zoll<br \/>\nReifenreifen: Luftreifen<br \/>\nBremse: V-Bremse<br \/>\nFederung: nein<br \/>\nLadezeit: 5h-6h<br \/>\nLadespannung: 42V<br \/>\nEingangsspannung: 36V<br \/>\nReitmods: menschliche \/ assistierte \/ reine Kraft<br \/>\nSitz verstellbar: ja<\/p>","protected":false},"excerpt":{"rendered":"<p>Elektrofahrrad mit 10Ah 36V Wasserdicht IP54, Schwarz \u3010Hervorragende Leistung\u3011Elektrofahrrad mit 20-Zoll-R\u00e4der-Reifen sorgen f\u00fcr ein reibungsloses Fahrerlebnis. Der 10-AH-Lithium-Ionen-Akku reicht f\u00fcr<\/p>","protected":false},"featured_media":64802,"comment_status":"open","ping_status":"closed","template":"","meta":[],"product_brand":[],"product_cat":[33,414,292],"product_tag":[],"class_list":{"0":"post-48629","1":"product","2":"type-product","3":"status-publish","4":"has-post-thumbnail","6":"product_cat-e-bike","7":"product_cat-e-bike-kids","8":"product_cat-kinderfahrrad","9":"pa_marke-elektrisches","11":"first","12":"instock","13":"taxable","14":"shipping-taxable","15":"purchasable","16":"product-type-simple"},"yoast_head":"<!-- This site is optimized with the Yoast SEO Premium plugin v20.12 (Yoast SEO v27.1.1) - https:\/\/yoast.com\/product\/yoast-seo-premium-wordpress\/ -->\n<title>Elektrofahrrad mit 10Ah 36V Wasserdicht IP54, Schwarz<\/title>\n<meta name=\"description\" content=\"Entdecken Sie unseren Online-Fahrradladen: Gro\u00dfe Auswahl an Modellen f\u00fcr alle Radsportbegeisterten. Von Rennr\u00e4dern bis zu Mountainbikes - finden Sie heute Ihren perfekten Wegbegleiter!\" \/>\n<meta name=\"robots\" content=\"index, follow, max-snippet:-1, max-image-preview:large, max-video-preview:-1\" \/>\n<link rel=\"canonical\" href=\"https:\/\/kgerad.de\/en\/product\/elektrofahrrad-mit-10ah-36v-wasserdicht-ip54-schwarz\/\" \/>\n<meta property=\"og:locale\" content=\"en_US\" \/>\n<meta property=\"og:type\" content=\"article\" \/>\n<meta property=\"og:title\" content=\"Elektrofahrrad mit 10Ah 36V Wasserdicht IP54, Schwarz\" \/>\n<meta property=\"og:description\" content=\"Entdecken Sie unseren Online-Fahrradladen: Gro\u00dfe Auswahl an Modellen f\u00fcr alle Radsportbegeisterten. Von Rennr\u00e4dern bis zu Mountainbikes - finden Sie heute Ihren perfekten Wegbegleiter!\" \/>\n<meta property=\"og:url\" content=\"https:\/\/kgerad.de\/en\/product\/elektrofahrrad-mit-10ah-36v-wasserdicht-ip54-schwarz\/\" \/>\n<meta property=\"og:site_name\" content=\"kgerad.de\" \/>\n<meta property=\"article:modified_time\" content=\"2023-08-10T17:27:49+00:00\" \/>\n<meta property=\"og:image\" content=\"https:\/\/kgerad.de\/wp-content\/uploads\/2023\/06\/2fbc4837225aeea68eb79dd00d02c329.webp\" \/>\n\t<meta property=\"og:image:width\" content=\"2048\" \/>\n\t<meta property=\"og:image:height\" content=\"2048\" \/>\n\t<meta property=\"og:image:type\" content=\"image\/webp\" \/>\n<meta name=\"twitter:card\" content=\"summary_large_image\" \/>\n<meta name=\"twitter:label1\" content=\"Est. reading time\" \/>\n\t<meta name=\"twitter:data1\" content=\"2 minutes\" \/>\n<script type=\"application\/ld+json\" class=\"yoast-schema-graph\">{\"@context\":\"https:\/\/schema.org\",\"@graph\":[{\"@type\":\"WebPage\",\"@id\":\"https:\/\/kgerad.de\/produkt\/elektrofahrrad-mit-10ah-36v-wasserdicht-ip54-schwarz\/\",\"url\":\"https:\/\/kgerad.de\/produkt\/elektrofahrrad-mit-10ah-36v-wasserdicht-ip54-schwarz\/\",\"name\":\"Elektrofahrrad mit 10Ah 36V Wasserdicht IP54, Schwarz\",\"isPartOf\":{\"@id\":\"https:\/\/kgerad.de\/#website\"},\"primaryImageOfPage\":{\"@id\":\"https:\/\/kgerad.de\/produkt\/elektrofahrrad-mit-10ah-36v-wasserdicht-ip54-schwarz\/#primaryimage\"},\"image\":{\"@id\":\"https:\/\/kgerad.de\/produkt\/elektrofahrrad-mit-10ah-36v-wasserdicht-ip54-schwarz\/#primaryimage\"},\"thumbnailUrl\":\"https:\/\/kgerad.de\/wp-content\/uploads\/2023\/06\/2fbc4837225aeea68eb79dd00d02c329.webp\",\"datePublished\":\"2022-12-07T12:58:27+00:00\",\"dateModified\":\"2023-08-10T17:27:49+00:00\",\"description\":\"Entdecken Sie unseren Online-Fahrradladen: Gro\u00dfe Auswahl an Modellen f\u00fcr alle Radsportbegeisterten. Von Rennr\u00e4dern bis zu Mountainbikes - finden Sie heute Ihren perfekten Wegbegleiter!\",\"breadcrumb\":{\"@id\":\"https:\/\/kgerad.de\/produkt\/elektrofahrrad-mit-10ah-36v-wasserdicht-ip54-schwarz\/#breadcrumb\"},\"inLanguage\":\"en-US\",\"potentialAction\":[{\"@type\":\"ReadAction\",\"target\":[\"https:\/\/kgerad.de\/produkt\/elektrofahrrad-mit-10ah-36v-wasserdicht-ip54-schwarz\/\"]}]},{\"@type\":\"ImageObject\",\"inLanguage\":\"en-US\",\"@id\":\"https:\/\/kgerad.de\/produkt\/elektrofahrrad-mit-10ah-36v-wasserdicht-ip54-schwarz\/#primaryimage\",\"url\":\"https:\/\/kgerad.de\/wp-content\/uploads\/2023\/06\/2fbc4837225aeea68eb79dd00d02c329.webp\",\"contentUrl\":\"https:\/\/kgerad.de\/wp-content\/uploads\/2023\/06\/2fbc4837225aeea68eb79dd00d02c329.webp\",\"width\":2048,\"height\":2048,\"caption\":\"Elektrofahrrad mit 10Ah 36V Wasserdicht IP54\"},{\"@type\":\"BreadcrumbList\",\"@id\":\"https:\/\/kgerad.de\/produkt\/elektrofahrrad-mit-10ah-36v-wasserdicht-ip54-schwarz\/#breadcrumb\",\"itemListElement\":[{\"@type\":\"ListItem\",\"position\":1,\"name\":\"Startseite\",\"item\":\"https:\/\/kgerad.de\/\"},{\"@type\":\"ListItem\",\"position\":2,\"name\":\"LADEN\",\"item\":\"https:\/\/kgerad.de\/laden\/\"},{\"@type\":\"ListItem\",\"position\":3,\"name\":\"Elektrofahrrad mit 10Ah 36V Wasserdicht IP54, Schwarz\"}]},{\"@type\":\"WebSite\",\"@id\":\"https:\/\/kgerad.de\/#website\",\"url\":\"https:\/\/kgerad.de\/\",\"name\":\"kgerad.de\",\"description\":\"Treten Sie mit uns ins Abenteuer!\",\"publisher\":{\"@id\":\"https:\/\/kgerad.de\/#organization\"},\"alternateName\":\"MEIN RADLADEN\",\"potentialAction\":[{\"@type\":\"SearchAction\",\"target\":{\"@type\":\"EntryPoint\",\"urlTemplate\":\"https:\/\/kgerad.de\/?s={search_term_string}\"},\"query-input\":{\"@type\":\"PropertyValueSpecification\",\"valueRequired\":true,\"valueName\":\"search_term_string\"}}],\"inLanguage\":\"en-US\"},{\"@type\":\"Organization\",\"@id\":\"https:\/\/kgerad.de\/#organization\",\"name\":\"MEINRADLADEN\",\"alternateName\":\"MEIN RADLADEN\",\"url\":\"https:\/\/kgerad.de\/\",\"logo\":{\"@type\":\"ImageObject\",\"inLanguage\":\"en-US\",\"@id\":\"https:\/\/kgerad.de\/#\/schema\/logo\/image\/\",\"url\":\"https:\/\/kgerad.de\/wp-content\/uploads\/2025\/07\/logo-Whit.svg\",\"contentUrl\":\"https:\/\/kgerad.de\/wp-content\/uploads\/2025\/07\/logo-Whit.svg\",\"width\":1640,\"height\":371,\"caption\":\"MEINRADLADEN\"},\"image\":{\"@id\":\"https:\/\/kgerad.de\/#\/schema\/logo\/image\/\"}}]}<\/script>\n<!-- \/ Yoast SEO Premium plugin. -->","yoast_head_json":{"title":"Elektrofahrrad mit 10Ah 36V Wasserdicht IP54, Schwarz","description":"Entdecken Sie unseren Online-Fahrradladen: Gro\u00dfe Auswahl an Modellen f\u00fcr alle Radsportbegeisterten. Von Rennr\u00e4dern bis zu Mountainbikes - finden Sie heute Ihren perfekten Wegbegleiter!","robots":{"index":"index","follow":"follow","max-snippet":"max-snippet:-1","max-image-preview":"max-image-preview:large","max-video-preview":"max-video-preview:-1"},"canonical":"https:\/\/kgerad.de\/en\/product\/elektrofahrrad-mit-10ah-36v-wasserdicht-ip54-schwarz\/","og_locale":"en_US","og_type":"article","og_title":"Elektrofahrrad mit 10Ah 36V Wasserdicht IP54, Schwarz","og_description":"Entdecken Sie unseren Online-Fahrradladen: Gro\u00dfe Auswahl an Modellen f\u00fcr alle Radsportbegeisterten. Von Rennr\u00e4dern bis zu Mountainbikes - finden Sie heute Ihren perfekten Wegbegleiter!","og_url":"https:\/\/kgerad.de\/en\/product\/elektrofahrrad-mit-10ah-36v-wasserdicht-ip54-schwarz\/","og_site_name":"kgerad.de","article_modified_time":"2023-08-10T17:27:49+00:00","og_image":[{"width":2048,"height":2048,"url":"https:\/\/kgerad.de\/wp-content\/uploads\/2023\/06\/2fbc4837225aeea68eb79dd00d02c329.webp","type":"image\/webp"}],"twitter_card":"summary_large_image","twitter_misc":{"Est. reading time":"2 minutes"},"schema":{"@context":"https:\/\/schema.org","@graph":[{"@type":"WebPage","@id":"https:\/\/kgerad.de\/produkt\/elektrofahrrad-mit-10ah-36v-wasserdicht-ip54-schwarz\/","url":"https:\/\/kgerad.de\/produkt\/elektrofahrrad-mit-10ah-36v-wasserdicht-ip54-schwarz\/","name":"Elektrofahrrad mit 10Ah 36V Wasserdicht IP54, Schwarz","isPartOf":{"@id":"https:\/\/kgerad.de\/#website"},"primaryImageOfPage":{"@id":"https:\/\/kgerad.de\/produkt\/elektrofahrrad-mit-10ah-36v-wasserdicht-ip54-schwarz\/#primaryimage"},"image":{"@id":"https:\/\/kgerad.de\/produkt\/elektrofahrrad-mit-10ah-36v-wasserdicht-ip54-schwarz\/#primaryimage"},"thumbnailUrl":"https:\/\/kgerad.de\/wp-content\/uploads\/2023\/06\/2fbc4837225aeea68eb79dd00d02c329.webp","datePublished":"2022-12-07T12:58:27+00:00","dateModified":"2023-08-10T17:27:49+00:00","description":"Entdecken Sie unseren Online-Fahrradladen: Gro\u00dfe Auswahl an Modellen f\u00fcr alle Radsportbegeisterten. Von Rennr\u00e4dern bis zu Mountainbikes - finden Sie heute Ihren perfekten Wegbegleiter!","breadcrumb":{"@id":"https:\/\/kgerad.de\/produkt\/elektrofahrrad-mit-10ah-36v-wasserdicht-ip54-schwarz\/#breadcrumb"},"inLanguage":"en-US","potentialAction":[{"@type":"ReadAction","target":["https:\/\/kgerad.de\/produkt\/elektrofahrrad-mit-10ah-36v-wasserdicht-ip54-schwarz\/"]}]},{"@type":"ImageObject","inLanguage":"en-US","@id":"https:\/\/kgerad.de\/produkt\/elektrofahrrad-mit-10ah-36v-wasserdicht-ip54-schwarz\/#primaryimage","url":"https:\/\/kgerad.de\/wp-content\/uploads\/2023\/06\/2fbc4837225aeea68eb79dd00d02c329.webp","contentUrl":"https:\/\/kgerad.de\/wp-content\/uploads\/2023\/06\/2fbc4837225aeea68eb79dd00d02c329.webp","width":2048,"height":2048,"caption":"Elektrofahrrad mit 10Ah 36V Wasserdicht IP54"},{"@type":"BreadcrumbList","@id":"https:\/\/kgerad.de\/produkt\/elektrofahrrad-mit-10ah-36v-wasserdicht-ip54-schwarz\/#breadcrumb","itemListElement":[{"@type":"ListItem","position":1,"name":"Startseite","item":"https:\/\/kgerad.de\/"},{"@type":"ListItem","position":2,"name":"LADEN","item":"https:\/\/kgerad.de\/laden\/"},{"@type":"ListItem","position":3,"name":"Elektrofahrrad mit 10Ah 36V Wasserdicht IP54, Schwarz"}]},{"@type":"WebSite","@id":"https:\/\/kgerad.de\/#website","url":"https:\/\/kgerad.de\/","name":"kgerad.de","description":"Treten Sie mit uns ins Abenteuer!","publisher":{"@id":"https:\/\/kgerad.de\/#organization"},"alternateName":"MEIN RADLADEN","potentialAction":[{"@type":"SearchAction","target":{"@type":"EntryPoint","urlTemplate":"https:\/\/kgerad.de\/?s={search_term_string}"},"query-input":{"@type":"PropertyValueSpecification","valueRequired":true,"valueName":"search_term_string"}}],"inLanguage":"en-US"},{"@type":"Organization","@id":"https:\/\/kgerad.de\/#organization","name":"MEINRADLADEN","alternateName":"MEIN RADLADEN","url":"https:\/\/kgerad.de\/","logo":{"@type":"ImageObject","inLanguage":"en-US","@id":"https:\/\/kgerad.de\/#\/schema\/logo\/image\/","url":"https:\/\/kgerad.de\/wp-content\/uploads\/2025\/07\/logo-Whit.svg","contentUrl":"https:\/\/kgerad.de\/wp-content\/uploads\/2025\/07\/logo-Whit.svg","width":1640,"height":371,"caption":"MEINRADLADEN"},"image":{"@id":"https:\/\/kgerad.de\/#\/schema\/logo\/image\/"}}]}},"_links":{"self":[{"href":"https:\/\/kgerad.de\/en\/wp-json\/wp\/v2\/product\/48629","targetHints":{"allow":["GET"]}}],"collection":[{"href":"https:\/\/kgerad.de\/en\/wp-json\/wp\/v2\/product"}],"about":[{"href":"https:\/\/kgerad.de\/en\/wp-json\/wp\/v2\/types\/product"}],"replies":[{"embeddable":true,"href":"https:\/\/kgerad.de\/en\/wp-json\/wp\/v2\/comments?post=48629"}],"version-history":[{"count":1,"href":"https:\/\/kgerad.de\/en\/wp-json\/wp\/v2\/product\/48629\/revisions"}],"predecessor-version":[{"id":78721,"href":"https:\/\/kgerad.de\/en\/wp-json\/wp\/v2\/product\/48629\/revisions\/78721"}],"wp:featuredmedia":[{"embeddable":true,"href":"https:\/\/kgerad.de\/en\/wp-json\/wp\/v2\/media\/64802"}],"wp:attachment":[{"href":"https:\/\/kgerad.de\/en\/wp-json\/wp\/v2\/media?parent=48629"}],"wp:term":[{"taxonomy":"product_brand","embeddable":true,"href":"https:\/\/kgerad.de\/en\/wp-json\/wp\/v2\/product_brand?post=48629"},{"taxonomy":"product_cat","embeddable":true,"href":"https:\/\/kgerad.de\/en\/wp-json\/wp\/v2\/product_cat?post=48629"},{"taxonomy":"product_tag","embeddable":true,"href":"https:\/\/kgerad.de\/en\/wp-json\/wp\/v2\/product_tag?post=48629"}],"curies":[{"name":"wp","href":"https:\/\/api.w.org\/{rel}","templated":true}]}}