{"id":48624,"date":"2022-12-07T13:30:30","date_gmt":"2022-12-07T12:30:30","guid":{"rendered":"https:\/\/kgerad.de\/?post_type=product&#038;p=48624"},"modified":"2023-08-10T19:27:35","modified_gmt":"2023-08-10T17:27:35","slug":"galano-fs180-kinderfahrrad-ab-6-jahre-120-135cm","status":"publish","type":"product","link":"https:\/\/kgerad.de\/en\/product\/galano-fs180-kinderfahrrad-ab-6-jahre-120-135cm\/","title":{"rendered":"Galano FS180 Kinderfahrrad ab 6 Jahre 120-135cm"},"content":{"rendered":"<h2 class=\"rd-title\" title=\"&lt;yoastmark class=\">Galano FS180 Kinderfahrrad ab 6 Jahre 120-135cm<\/h2>\n<p>Das Galano FS180 ist ein mega cooles, waschechtes Full Suspension Mountainbike f\u00fcr junge Fahrer! Mit 20 Zoll Laufradgr\u00f6\u00dfe und 31 cm Rahmenh\u00f6he eignet es sich f\u00fcr Kinder ab ca. 6 Jahre bzw. mit einer K\u00f6rpergr\u00f6\u00dfe von 120 &#8211; 135 cm.<\/p>\n<p>Im Antrieb steckt eine einteilige Kurbel, die mit einer 6-fachen Kassette kombiniert wird. So stehen dem Nachwuchsbiker 6 G\u00e4nge zur Verf\u00fcgung und es l\u00e4sst sich so richtig kr\u00e4ftig Geschwindigkeit aufnehmen! Geschaltet wird \u00fcber einen Drehgriffschalter und ein 6 Gang-Schaltwerk. Diese Komponenten haben sich bereits \u00fcber lange Zeit bew\u00e4hrt und sorgen f\u00fcr geschmeidige, pr\u00e4zise Schaltvorg\u00e4nge.<\/p>\n<p>Soll es wieder langsamer vorangehen, greifen die V-Brakes an Vorder- und Hinterrad zuverl\u00e4ssig zu und bremsen das Fahrrad in jeder Situation kr\u00e4ftig ab.<\/p>\n<p>F\u00fcr besten Halt auf jedem Untergrund &#8211; ob Stra\u00dfe, Feldweg oder querfeldein &#8211; sorgen die Reifen mit fetten 2,125 Zoll Breite und grobstolligem Mountainbike-Profil. Guter Grip auch bei nasser Witterung ist damit eine Selbstverst\u00e4ndlichkeit. Die Reifen sind auf leichte Aluminium Singlewall-Felgen aufgezogen.<\/p>\n<p>Es m\u00fcssen Vorderrad, Pedale, Sattel und Lenker montiert werden.<\/p>\n<table border=\"0\" cellspacing=\"0\" cellpadding=\"0\">\n<thead>\n<tr>\n<th colspan=\"2\" scope=\"col\">\n<h4>Technische Daten:<\/h4>\n<\/th>\n<\/tr>\n<\/thead>\n<tbody>\n<tr>\n<td>Hersteller:<\/td>\n<td>Galano<\/td>\n<\/tr>\n<tr>\n<td>Modell:<\/td>\n<td>FS180<\/td>\n<\/tr>\n<tr>\n<td>Farbe:<\/td>\n<td>khaki, schwarz\/gr\u00fcn, rot<\/td>\n<\/tr>\n<tr>\n<td>G\u00e4nge:<\/td>\n<td>6<\/td>\n<\/tr>\n<tr>\n<td>Rahmengr\u00f6\u00dfe:<\/td>\n<td>31 cm<\/td>\n<\/tr>\n<tr>\n<td>Laufradgr\u00f6\u00dfe:<\/td>\n<td>20 Zoll<\/td>\n<\/tr>\n<tr>\n<td>Rahmen:<\/td>\n<td>Galano Stahl, vollgefedert<\/td>\n<\/tr>\n<tr>\n<td>D\u00e4mpfer:<\/td>\n<td>KindShock<\/td>\n<\/tr>\n<tr>\n<td>Gabel:<\/td>\n<td>Galano Federgabel mit 100 mm Federweg<\/td>\n<\/tr>\n<tr>\n<td>Steuersatz:<\/td>\n<td>Stahl &#8218;<\/td>\n<\/tr>\n<tr>\n<td>Vorbau:<\/td>\n<td>Galano 1&#8242;<\/td>\n<\/tr>\n<tr>\n<td>Lenker:<\/td>\n<td>Galano Stahl Mountainbike-Lenker, Breite: 540 mm<\/td>\n<\/tr>\n<tr>\n<td>Schalthebel:<\/td>\n<td>Drehgriffschalter<\/td>\n<\/tr>\n<tr>\n<td>Bremshebel:<\/td>\n<td>Kunststoff, Dreifingertyp<\/td>\n<\/tr>\n<tr>\n<td>Schaltwerk:<\/td>\n<td>6-fach<\/td>\n<\/tr>\n<tr>\n<td>Kette:<\/td>\n<td>1\/2&#8242; x 3\/23&#8242;<\/td>\n<\/tr>\n<tr>\n<td>Kurbelgarnitur:<\/td>\n<td>Galano einteilig, Stahl, 36 Z\u00e4hne<\/td>\n<\/tr>\n<tr>\n<td>Kurbelarme:<\/td>\n<td>Stahl mit Kunststoff-Ummantelung. L\u00e4nge: 140 mm<\/td>\n<\/tr>\n<tr>\n<td>Kassette:<\/td>\n<td>6-fach, 14\u00a0&#8211; 28 Z\u00e4hne<\/td>\n<\/tr>\n<tr>\n<td>Bremsen:<\/td>\n<td>V-Brakes<\/td>\n<\/tr>\n<tr>\n<td>Reifen:<\/td>\n<td>20&#8242; x 2,125&#8242; mit MTB-Profil<\/td>\n<\/tr>\n<tr>\n<td>Felgen:<\/td>\n<td>Galano Aluminium Singlewall<\/td>\n<\/tr>\n<tr>\n<td>Pedale:<\/td>\n<td>1\/2&#8242; Kunststoff Plattformpedale<\/td>\n<\/tr>\n<tr>\n<td>Sattel:<\/td>\n<td>Galano MTB-Sattel, schaumstoffgepolstert<\/td>\n<\/tr>\n<tr>\n<td>Sattelst\u00fctze:<\/td>\n<td>Galano Stahl, L\u00e4nge: 200 mm, Durchmesser: 25,4 mm<\/td>\n<\/tr>\n<tr>\n<td>empfohlene Fahrergr\u00f6\u00dfe:<\/td>\n<td>120 &#8211; 135 cm<\/td>\n<\/tr>\n<tr>\n<td>Sattelh\u00f6he vom Boden:<\/td>\n<td>65 cm &#8211; 69 cm<\/td>\n<\/tr>\n<tr>\n<td>Lenkerh\u00f6he vom Boden:<\/td>\n<td>80 cm &#8211; 82 cm<\/td>\n<\/tr>\n<tr>\n<td>Steuerrohrl\u00e4nge:<\/td>\n<td>123 mm<\/td>\n<\/tr>\n<tr>\n<td>zul\u00e4ssiges Gesamtgewicht:<\/td>\n<td>60 kg<\/td>\n<\/tr>\n<tr>\n<td>Gewicht:<\/td>\n<td>13,9 kg<\/td>\n<\/tr>\n<tr>\n<td><\/td>\n<td>85 % vormontiert. Lenker, Pedale, Sattel und Vorderrad m\u00fcssen montiert werden.<\/td>\n<\/tr>\n<tr>\n<td>Lieferumfang:<\/td>\n<td>1 Fahrrad, Zubeh\u00f6r (Klingel, Reflektoren)<\/td>\n<\/tr>\n<\/tbody>\n<\/table>","protected":false},"excerpt":{"rendered":"<p>Galano FS180 Kinderfahrrad ab 6 Jahre 120-135cm Das Galano FS180 ist ein mega cooles, waschechtes Full Suspension Mountainbike f\u00fcr junge<\/p>","protected":false},"featured_media":64799,"comment_status":"open","ping_status":"closed","template":"","meta":[],"product_brand":[],"product_cat":[33,34],"product_tag":[],"class_list":{"0":"post-48624","1":"product","2":"type-product","3":"status-publish","4":"has-post-thumbnail","6":"product_cat-e-bike","7":"product_cat-e-bike-city-urban","8":"pa_marke-galano","10":"first","11":"instock","12":"taxable","13":"shipping-taxable","14":"purchasable","15":"product-type-simple"},"yoast_head":"<!-- This site is optimized with the Yoast SEO Premium plugin v20.12 (Yoast SEO v27.1.1) - https:\/\/yoast.com\/product\/yoast-seo-premium-wordpress\/ -->\n<title>Galano FS180 Kinderfahrrad ab 6 Jahre 120-135cm<\/title>\n<meta name=\"description\" content=\"Entdecken Sie unseren Online-Fahrradladen: Gro\u00dfe Auswahl an Modellen f\u00fcr alle Radsportbegeisterten. Von Rennr\u00e4dern bis zu Mountainbikes - finden Sie heute Ihren perfekten Wegbegleiter!\" \/>\n<meta name=\"robots\" content=\"index, follow, max-snippet:-1, max-image-preview:large, max-video-preview:-1\" \/>\n<link rel=\"canonical\" href=\"https:\/\/kgerad.de\/en\/product\/galano-fs180-kinderfahrrad-ab-6-jahre-120-135cm\/\" \/>\n<meta property=\"og:locale\" content=\"en_US\" \/>\n<meta property=\"og:type\" content=\"article\" \/>\n<meta property=\"og:title\" content=\"Galano FS180 Kinderfahrrad ab 6 Jahre 120-135cm\" \/>\n<meta property=\"og:description\" content=\"Entdecken Sie unseren Online-Fahrradladen: Gro\u00dfe Auswahl an Modellen f\u00fcr alle Radsportbegeisterten. Von Rennr\u00e4dern bis zu Mountainbikes - finden Sie heute Ihren perfekten Wegbegleiter!\" \/>\n<meta property=\"og:url\" content=\"https:\/\/kgerad.de\/en\/product\/galano-fs180-kinderfahrrad-ab-6-jahre-120-135cm\/\" \/>\n<meta property=\"og:site_name\" content=\"kgerad.de\" \/>\n<meta property=\"article:modified_time\" content=\"2023-08-10T17:27:35+00:00\" \/>\n<meta property=\"og:image\" content=\"https:\/\/kgerad.de\/wp-content\/uploads\/2023\/06\/ac42a8597e991c5727be81d33b4b8aa3.webp\" \/>\n\t<meta property=\"og:image:width\" content=\"1024\" \/>\n\t<meta property=\"og:image:height\" content=\"1024\" \/>\n\t<meta property=\"og:image:type\" content=\"image\/webp\" \/>\n<meta name=\"twitter:card\" content=\"summary_large_image\" \/>\n<meta name=\"twitter:label1\" content=\"Est. reading time\" \/>\n\t<meta name=\"twitter:data1\" content=\"2 minutes\" \/>\n<script type=\"application\/ld+json\" class=\"yoast-schema-graph\">{\"@context\":\"https:\/\/schema.org\",\"@graph\":[{\"@type\":\"WebPage\",\"@id\":\"https:\/\/kgerad.de\/produkt\/galano-fs180-kinderfahrrad-ab-6-jahre-120-135cm\/\",\"url\":\"https:\/\/kgerad.de\/produkt\/galano-fs180-kinderfahrrad-ab-6-jahre-120-135cm\/\",\"name\":\"Galano FS180 Kinderfahrrad ab 6 Jahre 120-135cm\",\"isPartOf\":{\"@id\":\"https:\/\/kgerad.de\/#website\"},\"primaryImageOfPage\":{\"@id\":\"https:\/\/kgerad.de\/produkt\/galano-fs180-kinderfahrrad-ab-6-jahre-120-135cm\/#primaryimage\"},\"image\":{\"@id\":\"https:\/\/kgerad.de\/produkt\/galano-fs180-kinderfahrrad-ab-6-jahre-120-135cm\/#primaryimage\"},\"thumbnailUrl\":\"https:\/\/kgerad.de\/wp-content\/uploads\/2023\/06\/ac42a8597e991c5727be81d33b4b8aa3.webp\",\"datePublished\":\"2022-12-07T12:30:30+00:00\",\"dateModified\":\"2023-08-10T17:27:35+00:00\",\"description\":\"Entdecken Sie unseren Online-Fahrradladen: Gro\u00dfe Auswahl an Modellen f\u00fcr alle Radsportbegeisterten. Von Rennr\u00e4dern bis zu Mountainbikes - finden Sie heute Ihren perfekten Wegbegleiter!\",\"breadcrumb\":{\"@id\":\"https:\/\/kgerad.de\/produkt\/galano-fs180-kinderfahrrad-ab-6-jahre-120-135cm\/#breadcrumb\"},\"inLanguage\":\"en-US\",\"potentialAction\":[{\"@type\":\"ReadAction\",\"target\":[\"https:\/\/kgerad.de\/produkt\/galano-fs180-kinderfahrrad-ab-6-jahre-120-135cm\/\"]}]},{\"@type\":\"ImageObject\",\"inLanguage\":\"en-US\",\"@id\":\"https:\/\/kgerad.de\/produkt\/galano-fs180-kinderfahrrad-ab-6-jahre-120-135cm\/#primaryimage\",\"url\":\"https:\/\/kgerad.de\/wp-content\/uploads\/2023\/06\/ac42a8597e991c5727be81d33b4b8aa3.webp\",\"contentUrl\":\"https:\/\/kgerad.de\/wp-content\/uploads\/2023\/06\/ac42a8597e991c5727be81d33b4b8aa3.webp\",\"width\":1024,\"height\":1024,\"caption\":\"Galano FS180 Kinderfahrrad ab 6 Jahre 120-135cm\"},{\"@type\":\"BreadcrumbList\",\"@id\":\"https:\/\/kgerad.de\/produkt\/galano-fs180-kinderfahrrad-ab-6-jahre-120-135cm\/#breadcrumb\",\"itemListElement\":[{\"@type\":\"ListItem\",\"position\":1,\"name\":\"Startseite\",\"item\":\"https:\/\/kgerad.de\/\"},{\"@type\":\"ListItem\",\"position\":2,\"name\":\"LADEN\",\"item\":\"https:\/\/kgerad.de\/laden\/\"},{\"@type\":\"ListItem\",\"position\":3,\"name\":\"Galano FS180 Kinderfahrrad ab 6 Jahre 120-135cm\"}]},{\"@type\":\"WebSite\",\"@id\":\"https:\/\/kgerad.de\/#website\",\"url\":\"https:\/\/kgerad.de\/\",\"name\":\"kgerad.de\",\"description\":\"Treten Sie mit uns ins Abenteuer!\",\"publisher\":{\"@id\":\"https:\/\/kgerad.de\/#organization\"},\"alternateName\":\"MEIN RADLADEN\",\"potentialAction\":[{\"@type\":\"SearchAction\",\"target\":{\"@type\":\"EntryPoint\",\"urlTemplate\":\"https:\/\/kgerad.de\/?s={search_term_string}\"},\"query-input\":{\"@type\":\"PropertyValueSpecification\",\"valueRequired\":true,\"valueName\":\"search_term_string\"}}],\"inLanguage\":\"en-US\"},{\"@type\":\"Organization\",\"@id\":\"https:\/\/kgerad.de\/#organization\",\"name\":\"MEINRADLADEN\",\"alternateName\":\"MEIN RADLADEN\",\"url\":\"https:\/\/kgerad.de\/\",\"logo\":{\"@type\":\"ImageObject\",\"inLanguage\":\"en-US\",\"@id\":\"https:\/\/kgerad.de\/#\/schema\/logo\/image\/\",\"url\":\"https:\/\/kgerad.de\/wp-content\/uploads\/2025\/07\/logo-Whit.svg\",\"contentUrl\":\"https:\/\/kgerad.de\/wp-content\/uploads\/2025\/07\/logo-Whit.svg\",\"width\":1640,\"height\":371,\"caption\":\"MEINRADLADEN\"},\"image\":{\"@id\":\"https:\/\/kgerad.de\/#\/schema\/logo\/image\/\"}}]}<\/script>\n<!-- \/ Yoast SEO Premium plugin. -->","yoast_head_json":{"title":"Galano FS180 Kinderfahrrad ab 6 Jahre 120-135cm","description":"Entdecken Sie unseren Online-Fahrradladen: Gro\u00dfe Auswahl an Modellen f\u00fcr alle Radsportbegeisterten. Von Rennr\u00e4dern bis zu Mountainbikes - finden Sie heute Ihren perfekten Wegbegleiter!","robots":{"index":"index","follow":"follow","max-snippet":"max-snippet:-1","max-image-preview":"max-image-preview:large","max-video-preview":"max-video-preview:-1"},"canonical":"https:\/\/kgerad.de\/en\/product\/galano-fs180-kinderfahrrad-ab-6-jahre-120-135cm\/","og_locale":"en_US","og_type":"article","og_title":"Galano FS180 Kinderfahrrad ab 6 Jahre 120-135cm","og_description":"Entdecken Sie unseren Online-Fahrradladen: Gro\u00dfe Auswahl an Modellen f\u00fcr alle Radsportbegeisterten. Von Rennr\u00e4dern bis zu Mountainbikes - finden Sie heute Ihren perfekten Wegbegleiter!","og_url":"https:\/\/kgerad.de\/en\/product\/galano-fs180-kinderfahrrad-ab-6-jahre-120-135cm\/","og_site_name":"kgerad.de","article_modified_time":"2023-08-10T17:27:35+00:00","og_image":[{"width":1024,"height":1024,"url":"https:\/\/kgerad.de\/wp-content\/uploads\/2023\/06\/ac42a8597e991c5727be81d33b4b8aa3.webp","type":"image\/webp"}],"twitter_card":"summary_large_image","twitter_misc":{"Est. reading time":"2 minutes"},"schema":{"@context":"https:\/\/schema.org","@graph":[{"@type":"WebPage","@id":"https:\/\/kgerad.de\/produkt\/galano-fs180-kinderfahrrad-ab-6-jahre-120-135cm\/","url":"https:\/\/kgerad.de\/produkt\/galano-fs180-kinderfahrrad-ab-6-jahre-120-135cm\/","name":"Galano FS180 Kinderfahrrad ab 6 Jahre 120-135cm","isPartOf":{"@id":"https:\/\/kgerad.de\/#website"},"primaryImageOfPage":{"@id":"https:\/\/kgerad.de\/produkt\/galano-fs180-kinderfahrrad-ab-6-jahre-120-135cm\/#primaryimage"},"image":{"@id":"https:\/\/kgerad.de\/produkt\/galano-fs180-kinderfahrrad-ab-6-jahre-120-135cm\/#primaryimage"},"thumbnailUrl":"https:\/\/kgerad.de\/wp-content\/uploads\/2023\/06\/ac42a8597e991c5727be81d33b4b8aa3.webp","datePublished":"2022-12-07T12:30:30+00:00","dateModified":"2023-08-10T17:27:35+00:00","description":"Entdecken Sie unseren Online-Fahrradladen: Gro\u00dfe Auswahl an Modellen f\u00fcr alle Radsportbegeisterten. Von Rennr\u00e4dern bis zu Mountainbikes - finden Sie heute Ihren perfekten Wegbegleiter!","breadcrumb":{"@id":"https:\/\/kgerad.de\/produkt\/galano-fs180-kinderfahrrad-ab-6-jahre-120-135cm\/#breadcrumb"},"inLanguage":"en-US","potentialAction":[{"@type":"ReadAction","target":["https:\/\/kgerad.de\/produkt\/galano-fs180-kinderfahrrad-ab-6-jahre-120-135cm\/"]}]},{"@type":"ImageObject","inLanguage":"en-US","@id":"https:\/\/kgerad.de\/produkt\/galano-fs180-kinderfahrrad-ab-6-jahre-120-135cm\/#primaryimage","url":"https:\/\/kgerad.de\/wp-content\/uploads\/2023\/06\/ac42a8597e991c5727be81d33b4b8aa3.webp","contentUrl":"https:\/\/kgerad.de\/wp-content\/uploads\/2023\/06\/ac42a8597e991c5727be81d33b4b8aa3.webp","width":1024,"height":1024,"caption":"Galano FS180 Kinderfahrrad ab 6 Jahre 120-135cm"},{"@type":"BreadcrumbList","@id":"https:\/\/kgerad.de\/produkt\/galano-fs180-kinderfahrrad-ab-6-jahre-120-135cm\/#breadcrumb","itemListElement":[{"@type":"ListItem","position":1,"name":"Startseite","item":"https:\/\/kgerad.de\/"},{"@type":"ListItem","position":2,"name":"LADEN","item":"https:\/\/kgerad.de\/laden\/"},{"@type":"ListItem","position":3,"name":"Galano FS180 Kinderfahrrad ab 6 Jahre 120-135cm"}]},{"@type":"WebSite","@id":"https:\/\/kgerad.de\/#website","url":"https:\/\/kgerad.de\/","name":"kgerad.de","description":"Treten Sie mit uns ins Abenteuer!","publisher":{"@id":"https:\/\/kgerad.de\/#organization"},"alternateName":"MEIN RADLADEN","potentialAction":[{"@type":"SearchAction","target":{"@type":"EntryPoint","urlTemplate":"https:\/\/kgerad.de\/?s={search_term_string}"},"query-input":{"@type":"PropertyValueSpecification","valueRequired":true,"valueName":"search_term_string"}}],"inLanguage":"en-US"},{"@type":"Organization","@id":"https:\/\/kgerad.de\/#organization","name":"MEINRADLADEN","alternateName":"MEIN RADLADEN","url":"https:\/\/kgerad.de\/","logo":{"@type":"ImageObject","inLanguage":"en-US","@id":"https:\/\/kgerad.de\/#\/schema\/logo\/image\/","url":"https:\/\/kgerad.de\/wp-content\/uploads\/2025\/07\/logo-Whit.svg","contentUrl":"https:\/\/kgerad.de\/wp-content\/uploads\/2025\/07\/logo-Whit.svg","width":1640,"height":371,"caption":"MEINRADLADEN"},"image":{"@id":"https:\/\/kgerad.de\/#\/schema\/logo\/image\/"}}]}},"_links":{"self":[{"href":"https:\/\/kgerad.de\/en\/wp-json\/wp\/v2\/product\/48624","targetHints":{"allow":["GET"]}}],"collection":[{"href":"https:\/\/kgerad.de\/en\/wp-json\/wp\/v2\/product"}],"about":[{"href":"https:\/\/kgerad.de\/en\/wp-json\/wp\/v2\/types\/product"}],"replies":[{"embeddable":true,"href":"https:\/\/kgerad.de\/en\/wp-json\/wp\/v2\/comments?post=48624"}],"version-history":[{"count":1,"href":"https:\/\/kgerad.de\/en\/wp-json\/wp\/v2\/product\/48624\/revisions"}],"predecessor-version":[{"id":78720,"href":"https:\/\/kgerad.de\/en\/wp-json\/wp\/v2\/product\/48624\/revisions\/78720"}],"wp:featuredmedia":[{"embeddable":true,"href":"https:\/\/kgerad.de\/en\/wp-json\/wp\/v2\/media\/64799"}],"wp:attachment":[{"href":"https:\/\/kgerad.de\/en\/wp-json\/wp\/v2\/media?parent=48624"}],"wp:term":[{"taxonomy":"product_brand","embeddable":true,"href":"https:\/\/kgerad.de\/en\/wp-json\/wp\/v2\/product_brand?post=48624"},{"taxonomy":"product_cat","embeddable":true,"href":"https:\/\/kgerad.de\/en\/wp-json\/wp\/v2\/product_cat?post=48624"},{"taxonomy":"product_tag","embeddable":true,"href":"https:\/\/kgerad.de\/en\/wp-json\/wp\/v2\/product_tag?post=48624"}],"curies":[{"name":"wp","href":"https:\/\/api.w.org\/{rel}","templated":true}]}}