{"id":48593,"date":"2022-12-07T12:35:22","date_gmt":"2022-12-07T11:35:22","guid":{"rendered":"https:\/\/kgerad.de\/?post_type=product&#038;p=48593"},"modified":"2023-08-10T19:28:32","modified_gmt":"2023-08-10T17:28:32","slug":"thule-velospace-xt-2-black-edition-938-fahrradtraeger","status":"publish","type":"product","link":"https:\/\/kgerad.de\/en\/product\/thule-velospace-xt-2-black-edition-938-fahrradtraeger\/","title":{"rendered":"Thule VeloSpace XT 2 BLACK EDITION 938 &#8211; Fahrradtr\u00e4ger"},"content":{"rendered":"<h2 class=\"product--title\"><strong>Thule<\/strong>\u00a0VeloSpace XT 2 BLACK EDITION 938 &#8211; Fahrradtr\u00e4ger<\/h2>\n<p>Der Thule VeloSpace XT 2 in der &#8222;Black Edition&#8220; ist auf den Transport von 2 <a href=\"http:\/\/1-1\">R\u00e4dern<\/a> ausgelegt, mit dem VeloSpace XT Adapters kann die Ladekapazit\u00e4t auf 3 R\u00e4der erh\u00f6ht werden. Aufgrund seiner hohen Nutzlast ist auch der Transport von E-Bikes und schweren Mountainbikes m\u00f6glich.<\/p>\n<hr \/>\n<h3>Features &#8211; VeloSpace XT 2<\/h3>\n<ul>\n<li>Hohe Zuladung erm\u00f6glicht den Transport von E-Bikes und schweren Mountainbikes<\/li>\n<li>Der extragro\u00dfe Abstand zwischen den Radhalterungen (25 cm) erm\u00f6glicht eine einfache Befestigung von massiven Fahrr\u00e4dern<\/li>\n<li>Die Ladekapazit\u00e4t l\u00e4sst sich durch Anbau des Thule VeloSpace XT Bike Adapters auf 3 Fahrr\u00e4der erh\u00f6hen<\/li>\n<li>Radschienen mit \u00dcberl\u00e4nge erm\u00f6glichen den Transport von gro\u00dfen Fahrr\u00e4dern (bis 1300 mm Radstand).<\/li>\n<li>Extra lange Felgenhalteb\u00e4nder mit Ratschenfunktion gestatten die einfache Befestigung von R\u00e4dern (Radbreite bis 4.7 Zoll), wodurch der Transport von Fatbikes erm\u00f6glicht wird<\/li>\n<li>Einfache Befestigung der Fahrr\u00e4der durch abnehmbare Fahrradhaltearme mit Thule AcuTight Drehmomentbegrenzer-Kn\u00f6pfen, die \u201eklicken\u201c, wenn das optimale Drehmoment erreicht ist<\/li>\n<li>Einfache Montage und Einstellung des Fahrradtr\u00e4gers vor dem Schlie\u00dfen des Spannhebels dank der stabilen Verbindung zur Anh\u00e4ngekupplung<\/li>\n<li>Praktischer Abklappmechanismus mit Fu\u00dfpedal erm\u00f6glicht einfachen Zugang zum Kofferraum, selbst mit Fahrr\u00e4dern auf dem Tr\u00e4ger<\/li>\n<li>Schlie\u00dfe deine Fahrr\u00e4der am Fahrradtr\u00e4ger und den Fahrradtr\u00e4ger an der Anh\u00e4ngekupplung ab (Schl\u00f6sser im Lieferumfang enthalten)<\/li>\n<li>In Verbindung mit dem Thule BackSpace XT erhalts du eine Allround-Frachtbox, die 300 Liter zus\u00e4tzlichen, leicht zug\u00e4nglichen Stauraum bietet<\/li>\n<\/ul>\n<h3>Produkteigenschaften<\/h3>\n<ul>\n<li><strong>Max. Anzahl Fahrr\u00e4der:<\/strong>\u00a02\u00a0<em>(Mit Thule 9381 VeloSpace XT Bike Adapter l\u00e4\u00dft sich die Kapazit\u00e4t auf 3 Fahrr\u00e4der erh\u00f6hen &#8211; Nicht im Lieferumfang enthalten!)<\/em><\/li>\n<li><strong>Zuladung:<\/strong>\u00a060 kg<\/li>\n<li><strong>Ma\u00dfe:<\/strong>\u00a0135 x 69 x 79 cm<\/li>\n<li><strong>Ma\u00dfe zusammengeklappt:\u00a0<\/strong>135 x 74 x 25 cm<\/li>\n<li><strong>Eignung f\u00fcr Rahmengr\u00f6\u00dfen:\u00a0<\/strong>22\u201380 mm<\/li>\n<li><strong>Abnehmbare Rahmenhalter:\u00a0<\/strong>Ja<\/li>\n<li><strong>Abstand zwischen Fahrr\u00e4dern:<\/strong>\u00a025 cm<\/li>\n<li><strong>Radmontage an verstellbaren Haltern:<\/strong>\u00a0Pump buckles<\/li>\n<li><strong>Geeignet f\u00fcr Karbonrahmen:<\/strong>\u00a0Ja\u00a0<em>(Mit Thule Carbon Frame Protector<\/em><em>\u00a0Adapter\u00a0&#8211; Nicht im Lieferumfang enthalten!)<\/em><\/li>\n<li><strong>Abklappbar (mit Fahrr\u00e4dern):<\/strong>\u00a0Ja<\/li>\n<li><strong>Geeignet f\u00fcr Fahrzeuge mit Ersatzrad am Heck:<\/strong>\u00a0Nein<\/li>\n<li><strong>R\u00fcckleuchten:<\/strong>\u00a0Ja<\/li>\n<li><strong>Steckeranschluss:<\/strong>\u00a013-pin<em><br \/>\n<\/em><\/li>\n<li><strong>Kompatibel mit One-Key System:\u00a0<\/strong>Ja<\/li>\n<li><strong>Fahrrad am Tr\u00e4ger abschlie\u00dfbar:<\/strong>\u00a0Ja<\/li>\n<li><strong>Tr\u00e4ger abschlie\u00dfbar am Fahrzeug:<\/strong>\u00a0Ja<\/li>\n<\/ul>\n<h3>Kompatibilit\u00e4t<\/h3>\n<ul>\n<li><strong>Max. Reifenbreite:<\/strong>\u00a03&#8243;(Mit Thule XXL Fatbike Wheel Straps 4.7&#8243;)<\/li>\n<li><strong>Max. Felgendurchmesser:<\/strong>\u00a029&#8243;<\/li>\n<li><strong>Max. Radabstand:<\/strong>\u00a01300mm<\/li>\n<\/ul>\n<h3>Gewicht<\/h3>\n<ul>\n<li>18.7 kg (Herstellerangabe)<\/li>\n<\/ul>\n<hr \/>\n<h3>Lieferumfang<\/h3>\n<ul>\n<li>1 x Thule 938 VeloSpace XT 2 BLACK EDITION Fahrradtr\u00e4ger<\/li>\n<\/ul>\n<p><em>Thule 9381 VeloSpace XT Bike Adapter ist nicht im Lieferumfang enthalten!<\/em><\/p>\n<hr \/>\n<h3>Towbar Bike Rack &#8211; Thule VeloSpace XT 2 + Thule VeloSpace XT Bike Adapter<\/h3>\n<p><iframe src=\"https:\/\/www.youtube-nocookie.com\/embed\/w3ozN0Cin2w\" width=\"640\" height=\"360\" frameborder=\"0\" allowfullscreen=\"allowfullscreen\" data-mce-fragment=\"1\"><\/iframe><\/p>","protected":false},"excerpt":{"rendered":"<p>Thule\u00a0VeloSpace XT 2 BLACK EDITION 938 &#8211; Fahrradtr\u00e4ger Der Thule VeloSpace XT 2 in der &#8222;Black Edition&#8220; ist auf den<\/p>","protected":false},"featured_media":64783,"comment_status":"open","ping_status":"closed","template":"","meta":[],"product_brand":[],"product_cat":[636,573],"product_tag":[],"class_list":{"0":"post-48593","1":"product","2":"type-product","3":"status-publish","4":"has-post-thumbnail","6":"product_cat-transport","7":"product_cat-zubehor","8":"pa_marke-thule","10":"first","11":"instock","12":"sale","13":"taxable","14":"shipping-taxable","15":"purchasable","16":"product-type-simple"},"yoast_head":"<!-- This site is optimized with the Yoast SEO Premium plugin v20.12 (Yoast SEO v27.1.1) - https:\/\/yoast.com\/product\/yoast-seo-premium-wordpress\/ -->\n<title>Thule VeloSpace XT 2 BLACK EDITION 938 - Fahrradtr\u00e4ger<\/title>\n<meta name=\"description\" content=\"Entdecken Sie unseren Online-Fahrradladen: Gro\u00dfe Auswahl an Modellen f\u00fcr alle Radsportbegeisterten. Von Rennr\u00e4dern bis zu Mountainbikes - finden Sie heute Ihren perfekten Wegbegleiter!\" \/>\n<meta name=\"robots\" content=\"index, follow, max-snippet:-1, max-image-preview:large, max-video-preview:-1\" \/>\n<link rel=\"canonical\" href=\"https:\/\/kgerad.de\/en\/product\/thule-velospace-xt-2-black-edition-938-fahrradtraeger\/\" \/>\n<meta property=\"og:locale\" content=\"en_US\" \/>\n<meta property=\"og:type\" content=\"article\" \/>\n<meta property=\"og:title\" content=\"Thule VeloSpace XT 2 BLACK EDITION 938 - Fahrradtr\u00e4ger\" \/>\n<meta property=\"og:description\" content=\"Entdecken Sie unseren Online-Fahrradladen: Gro\u00dfe Auswahl an Modellen f\u00fcr alle Radsportbegeisterten. Von Rennr\u00e4dern bis zu Mountainbikes - finden Sie heute Ihren perfekten Wegbegleiter!\" \/>\n<meta property=\"og:url\" content=\"https:\/\/kgerad.de\/en\/product\/thule-velospace-xt-2-black-edition-938-fahrradtraeger\/\" \/>\n<meta property=\"og:site_name\" content=\"kgerad.de\" \/>\n<meta property=\"article:modified_time\" content=\"2023-08-10T17:28:32+00:00\" \/>\n<meta property=\"og:image\" content=\"https:\/\/kgerad.de\/wp-content\/uploads\/2023\/06\/hule-VeloSpace-XT-2-938-BLACK-EDITION-Fahrradtraeger-938001-1_800x800-0.jpg\" \/>\n\t<meta property=\"og:image:width\" content=\"800\" \/>\n\t<meta property=\"og:image:height\" content=\"712\" \/>\n\t<meta property=\"og:image:type\" content=\"image\/jpeg\" \/>\n<meta name=\"twitter:card\" content=\"summary_large_image\" \/>\n<meta name=\"twitter:label1\" content=\"Est. reading time\" \/>\n\t<meta name=\"twitter:data1\" content=\"3 minutes\" \/>\n<script type=\"application\/ld+json\" class=\"yoast-schema-graph\">{\"@context\":\"https:\/\/schema.org\",\"@graph\":[{\"@type\":\"WebPage\",\"@id\":\"https:\/\/kgerad.de\/produkt\/thule-velospace-xt-2-black-edition-938-fahrradtraeger\/\",\"url\":\"https:\/\/kgerad.de\/produkt\/thule-velospace-xt-2-black-edition-938-fahrradtraeger\/\",\"name\":\"Thule VeloSpace XT 2 BLACK EDITION 938 - Fahrradtr\u00e4ger\",\"isPartOf\":{\"@id\":\"https:\/\/kgerad.de\/#website\"},\"primaryImageOfPage\":{\"@id\":\"https:\/\/kgerad.de\/produkt\/thule-velospace-xt-2-black-edition-938-fahrradtraeger\/#primaryimage\"},\"image\":{\"@id\":\"https:\/\/kgerad.de\/produkt\/thule-velospace-xt-2-black-edition-938-fahrradtraeger\/#primaryimage\"},\"thumbnailUrl\":\"https:\/\/kgerad.de\/wp-content\/uploads\/2023\/06\/hule-VeloSpace-XT-2-938-BLACK-EDITION-Fahrradtraeger-938001-1_800x800-0.jpg\",\"datePublished\":\"2022-12-07T11:35:22+00:00\",\"dateModified\":\"2023-08-10T17:28:32+00:00\",\"description\":\"Entdecken Sie unseren Online-Fahrradladen: Gro\u00dfe Auswahl an Modellen f\u00fcr alle Radsportbegeisterten. Von Rennr\u00e4dern bis zu Mountainbikes - finden Sie heute Ihren perfekten Wegbegleiter!\",\"breadcrumb\":{\"@id\":\"https:\/\/kgerad.de\/produkt\/thule-velospace-xt-2-black-edition-938-fahrradtraeger\/#breadcrumb\"},\"inLanguage\":\"en-US\",\"potentialAction\":[{\"@type\":\"ReadAction\",\"target\":[\"https:\/\/kgerad.de\/produkt\/thule-velospace-xt-2-black-edition-938-fahrradtraeger\/\"]}]},{\"@type\":\"ImageObject\",\"inLanguage\":\"en-US\",\"@id\":\"https:\/\/kgerad.de\/produkt\/thule-velospace-xt-2-black-edition-938-fahrradtraeger\/#primaryimage\",\"url\":\"https:\/\/kgerad.de\/wp-content\/uploads\/2023\/06\/hule-VeloSpace-XT-2-938-BLACK-EDITION-Fahrradtraeger-938001-1_800x800-0.jpg\",\"contentUrl\":\"https:\/\/kgerad.de\/wp-content\/uploads\/2023\/06\/hule-VeloSpace-XT-2-938-BLACK-EDITION-Fahrradtraeger-938001-1_800x800-0.jpg\",\"width\":800,\"height\":712,\"caption\":\"Thule VeloSpace XT 2 BLACK EDITION 938 - Fahrradtr\u00e4ger\"},{\"@type\":\"BreadcrumbList\",\"@id\":\"https:\/\/kgerad.de\/produkt\/thule-velospace-xt-2-black-edition-938-fahrradtraeger\/#breadcrumb\",\"itemListElement\":[{\"@type\":\"ListItem\",\"position\":1,\"name\":\"Startseite\",\"item\":\"https:\/\/kgerad.de\/\"},{\"@type\":\"ListItem\",\"position\":2,\"name\":\"LADEN\",\"item\":\"https:\/\/kgerad.de\/laden\/\"},{\"@type\":\"ListItem\",\"position\":3,\"name\":\"Thule VeloSpace XT 2 BLACK EDITION 938 &#8211; Fahrradtr\u00e4ger\"}]},{\"@type\":\"WebSite\",\"@id\":\"https:\/\/kgerad.de\/#website\",\"url\":\"https:\/\/kgerad.de\/\",\"name\":\"kgerad.de\",\"description\":\"Treten Sie mit uns ins Abenteuer!\",\"publisher\":{\"@id\":\"https:\/\/kgerad.de\/#organization\"},\"alternateName\":\"MEIN RADLADEN\",\"potentialAction\":[{\"@type\":\"SearchAction\",\"target\":{\"@type\":\"EntryPoint\",\"urlTemplate\":\"https:\/\/kgerad.de\/?s={search_term_string}\"},\"query-input\":{\"@type\":\"PropertyValueSpecification\",\"valueRequired\":true,\"valueName\":\"search_term_string\"}}],\"inLanguage\":\"en-US\"},{\"@type\":\"Organization\",\"@id\":\"https:\/\/kgerad.de\/#organization\",\"name\":\"MEINRADLADEN\",\"alternateName\":\"MEIN RADLADEN\",\"url\":\"https:\/\/kgerad.de\/\",\"logo\":{\"@type\":\"ImageObject\",\"inLanguage\":\"en-US\",\"@id\":\"https:\/\/kgerad.de\/#\/schema\/logo\/image\/\",\"url\":\"https:\/\/kgerad.de\/wp-content\/uploads\/2025\/07\/logo-Whit.svg\",\"contentUrl\":\"https:\/\/kgerad.de\/wp-content\/uploads\/2025\/07\/logo-Whit.svg\",\"width\":1640,\"height\":371,\"caption\":\"MEINRADLADEN\"},\"image\":{\"@id\":\"https:\/\/kgerad.de\/#\/schema\/logo\/image\/\"}}]}<\/script>\n<!-- \/ Yoast SEO Premium plugin. -->","yoast_head_json":{"title":"Thule VeloSpace XT 2 BLACK EDITION 938 - Fahrradtr\u00e4ger","description":"Entdecken Sie unseren Online-Fahrradladen: Gro\u00dfe Auswahl an Modellen f\u00fcr alle Radsportbegeisterten. Von Rennr\u00e4dern bis zu Mountainbikes - finden Sie heute Ihren perfekten Wegbegleiter!","robots":{"index":"index","follow":"follow","max-snippet":"max-snippet:-1","max-image-preview":"max-image-preview:large","max-video-preview":"max-video-preview:-1"},"canonical":"https:\/\/kgerad.de\/en\/product\/thule-velospace-xt-2-black-edition-938-fahrradtraeger\/","og_locale":"en_US","og_type":"article","og_title":"Thule VeloSpace XT 2 BLACK EDITION 938 - Fahrradtr\u00e4ger","og_description":"Entdecken Sie unseren Online-Fahrradladen: Gro\u00dfe Auswahl an Modellen f\u00fcr alle Radsportbegeisterten. Von Rennr\u00e4dern bis zu Mountainbikes - finden Sie heute Ihren perfekten Wegbegleiter!","og_url":"https:\/\/kgerad.de\/en\/product\/thule-velospace-xt-2-black-edition-938-fahrradtraeger\/","og_site_name":"kgerad.de","article_modified_time":"2023-08-10T17:28:32+00:00","og_image":[{"width":800,"height":712,"url":"https:\/\/kgerad.de\/wp-content\/uploads\/2023\/06\/hule-VeloSpace-XT-2-938-BLACK-EDITION-Fahrradtraeger-938001-1_800x800-0.jpg","type":"image\/jpeg"}],"twitter_card":"summary_large_image","twitter_misc":{"Est. reading time":"3 minutes"},"schema":{"@context":"https:\/\/schema.org","@graph":[{"@type":"WebPage","@id":"https:\/\/kgerad.de\/produkt\/thule-velospace-xt-2-black-edition-938-fahrradtraeger\/","url":"https:\/\/kgerad.de\/produkt\/thule-velospace-xt-2-black-edition-938-fahrradtraeger\/","name":"Thule VeloSpace XT 2 BLACK EDITION 938 - Fahrradtr\u00e4ger","isPartOf":{"@id":"https:\/\/kgerad.de\/#website"},"primaryImageOfPage":{"@id":"https:\/\/kgerad.de\/produkt\/thule-velospace-xt-2-black-edition-938-fahrradtraeger\/#primaryimage"},"image":{"@id":"https:\/\/kgerad.de\/produkt\/thule-velospace-xt-2-black-edition-938-fahrradtraeger\/#primaryimage"},"thumbnailUrl":"https:\/\/kgerad.de\/wp-content\/uploads\/2023\/06\/hule-VeloSpace-XT-2-938-BLACK-EDITION-Fahrradtraeger-938001-1_800x800-0.jpg","datePublished":"2022-12-07T11:35:22+00:00","dateModified":"2023-08-10T17:28:32+00:00","description":"Entdecken Sie unseren Online-Fahrradladen: Gro\u00dfe Auswahl an Modellen f\u00fcr alle Radsportbegeisterten. Von Rennr\u00e4dern bis zu Mountainbikes - finden Sie heute Ihren perfekten Wegbegleiter!","breadcrumb":{"@id":"https:\/\/kgerad.de\/produkt\/thule-velospace-xt-2-black-edition-938-fahrradtraeger\/#breadcrumb"},"inLanguage":"en-US","potentialAction":[{"@type":"ReadAction","target":["https:\/\/kgerad.de\/produkt\/thule-velospace-xt-2-black-edition-938-fahrradtraeger\/"]}]},{"@type":"ImageObject","inLanguage":"en-US","@id":"https:\/\/kgerad.de\/produkt\/thule-velospace-xt-2-black-edition-938-fahrradtraeger\/#primaryimage","url":"https:\/\/kgerad.de\/wp-content\/uploads\/2023\/06\/hule-VeloSpace-XT-2-938-BLACK-EDITION-Fahrradtraeger-938001-1_800x800-0.jpg","contentUrl":"https:\/\/kgerad.de\/wp-content\/uploads\/2023\/06\/hule-VeloSpace-XT-2-938-BLACK-EDITION-Fahrradtraeger-938001-1_800x800-0.jpg","width":800,"height":712,"caption":"Thule VeloSpace XT 2 BLACK EDITION 938 - Fahrradtr\u00e4ger"},{"@type":"BreadcrumbList","@id":"https:\/\/kgerad.de\/produkt\/thule-velospace-xt-2-black-edition-938-fahrradtraeger\/#breadcrumb","itemListElement":[{"@type":"ListItem","position":1,"name":"Startseite","item":"https:\/\/kgerad.de\/"},{"@type":"ListItem","position":2,"name":"LADEN","item":"https:\/\/kgerad.de\/laden\/"},{"@type":"ListItem","position":3,"name":"Thule VeloSpace XT 2 BLACK EDITION 938 &#8211; Fahrradtr\u00e4ger"}]},{"@type":"WebSite","@id":"https:\/\/kgerad.de\/#website","url":"https:\/\/kgerad.de\/","name":"kgerad.de","description":"Treten Sie mit uns ins Abenteuer!","publisher":{"@id":"https:\/\/kgerad.de\/#organization"},"alternateName":"MEIN RADLADEN","potentialAction":[{"@type":"SearchAction","target":{"@type":"EntryPoint","urlTemplate":"https:\/\/kgerad.de\/?s={search_term_string}"},"query-input":{"@type":"PropertyValueSpecification","valueRequired":true,"valueName":"search_term_string"}}],"inLanguage":"en-US"},{"@type":"Organization","@id":"https:\/\/kgerad.de\/#organization","name":"MEINRADLADEN","alternateName":"MEIN RADLADEN","url":"https:\/\/kgerad.de\/","logo":{"@type":"ImageObject","inLanguage":"en-US","@id":"https:\/\/kgerad.de\/#\/schema\/logo\/image\/","url":"https:\/\/kgerad.de\/wp-content\/uploads\/2025\/07\/logo-Whit.svg","contentUrl":"https:\/\/kgerad.de\/wp-content\/uploads\/2025\/07\/logo-Whit.svg","width":1640,"height":371,"caption":"MEINRADLADEN"},"image":{"@id":"https:\/\/kgerad.de\/#\/schema\/logo\/image\/"}}]}},"_links":{"self":[{"href":"https:\/\/kgerad.de\/en\/wp-json\/wp\/v2\/product\/48593","targetHints":{"allow":["GET"]}}],"collection":[{"href":"https:\/\/kgerad.de\/en\/wp-json\/wp\/v2\/product"}],"about":[{"href":"https:\/\/kgerad.de\/en\/wp-json\/wp\/v2\/types\/product"}],"replies":[{"embeddable":true,"href":"https:\/\/kgerad.de\/en\/wp-json\/wp\/v2\/comments?post=48593"}],"version-history":[{"count":1,"href":"https:\/\/kgerad.de\/en\/wp-json\/wp\/v2\/product\/48593\/revisions"}],"predecessor-version":[{"id":78724,"href":"https:\/\/kgerad.de\/en\/wp-json\/wp\/v2\/product\/48593\/revisions\/78724"}],"wp:featuredmedia":[{"embeddable":true,"href":"https:\/\/kgerad.de\/en\/wp-json\/wp\/v2\/media\/64783"}],"wp:attachment":[{"href":"https:\/\/kgerad.de\/en\/wp-json\/wp\/v2\/media?parent=48593"}],"wp:term":[{"taxonomy":"product_brand","embeddable":true,"href":"https:\/\/kgerad.de\/en\/wp-json\/wp\/v2\/product_brand?post=48593"},{"taxonomy":"product_cat","embeddable":true,"href":"https:\/\/kgerad.de\/en\/wp-json\/wp\/v2\/product_cat?post=48593"},{"taxonomy":"product_tag","embeddable":true,"href":"https:\/\/kgerad.de\/en\/wp-json\/wp\/v2\/product_tag?post=48593"}],"curies":[{"name":"wp","href":"https:\/\/api.w.org\/{rel}","templated":true}]}}