{"id":48588,"date":"2022-12-07T12:27:01","date_gmt":"2022-12-07T11:27:01","guid":{"rendered":"https:\/\/kgerad.de\/?post_type=product&#038;p=48588"},"modified":"2023-08-10T19:28:49","modified_gmt":"2023-08-10T17:28:49","slug":"puky-ls-pro-20-7-alu-farbesilber-blau-rahmengroesse","status":"publish","type":"product","link":"https:\/\/kgerad.de\/en\/product\/puky-ls-pro-20-7-alu-farbesilber-blau-rahmengroesse\/","title":{"rendered":"Puky LS-Pro 20-7 Alu, Farbe:silber blau, Rahmengr\u00f6\u00dfe"},"content":{"rendered":"<h2 class=\"rd-title\" title=\"Puky LS-Pro 20-7 Alu, Farbe:silber blau, Rahmengr\u00f6\u00dfe:27 cm, Laufradgr\u00f6\u00dfe:20 Zoll\">Puky LS-Pro 20-7 Alu, Farbe:silber blau, Rahmengr\u00f6\u00dfe<\/h2>\n<p>Ein extraleichtes Kinderfahrrad von Puky LS-Pro 20-7.<\/p>\n<p>Puky empfiehlt das sportliche 20-7 ab einem Alter von ca. 6 Jahren und einer K\u00f6rpergr\u00f6\u00dfe zwischen 115 und 133 cm (Schritth\u00f6he 53 bis 62 cm).<\/p>\n<p>In dieser Variante (LS-Pro 20-7 Alu) hat sein leichtes Kinderfahrrad mit einer 7-Gang Shimano Tourney Schaltung ausgestattet, welche eine bew\u00e4hrte Schaltleistung liefert und sowohl das zus\u00e4tzliche Gewicht als auch den Wartungsaufwand (dank 1-fach Antrieb) \u00fcberschaubar h\u00e4lt.<\/p>\n<p>Die Kinderfahrr\u00e4der aus der LS-Pro Serie sind von den Kinderradexperten klar auf Gewichtsersparnis getrimmt. So schafft es das LS-Pro 20-7 Kinderfahrrad auf knapp unter 8 kg Gesamtgewicht.<\/p>\n<p>Typisch , wurde dieses 20 Zoll Kinderfahrrad kindgerecht ausgestattet. So bekommst du hier ein sportives Leichtgewicht unter den Kinderfahrr\u00e4dern: Das besonders leichte LS-Pro 20-7 Kinderfahrrad mit Shimano Kettenschaltung.<\/p>","protected":false},"excerpt":{"rendered":"<p>Puky LS-Pro 20-7 Alu, Farbe:silber blau, Rahmengr\u00f6\u00dfe Ein extraleichtes Kinderfahrrad von Puky LS-Pro 20-7. Puky empfiehlt das sportliche 20-7 ab<\/p>","protected":false},"featured_media":64782,"comment_status":"open","ping_status":"closed","template":"","meta":[],"product_brand":[],"product_cat":[33,414,292],"product_tag":[],"class_list":{"0":"post-48588","1":"product","2":"type-product","3":"status-publish","4":"has-post-thumbnail","6":"product_cat-e-bike","7":"product_cat-e-bike-kids","8":"product_cat-kinderfahrrad","9":"pa_marke-puky","11":"first","12":"instock","13":"taxable","14":"shipping-taxable","15":"purchasable","16":"product-type-variable"},"yoast_head":"<!-- This site is optimized with the Yoast SEO Premium plugin v20.12 (Yoast SEO v27.1.1) - https:\/\/yoast.com\/product\/yoast-seo-premium-wordpress\/ -->\n<title>Puky LS-Pro 20-7 Alu, Farbe:silber blau, Rahmengr\u00f6\u00dfe<\/title>\n<meta name=\"description\" content=\"Entdecken Sie unseren Online-Fahrradladen: Gro\u00dfe Auswahl an Modellen f\u00fcr alle Radsportbegeisterten. Von Rennr\u00e4dern bis zu Mountainbikes - finden Sie heute Ihren perfekten Wegbegleiter!\" \/>\n<meta name=\"robots\" content=\"index, follow, max-snippet:-1, max-image-preview:large, max-video-preview:-1\" \/>\n<link rel=\"canonical\" href=\"https:\/\/kgerad.de\/en\/product\/puky-ls-pro-20-7-alu-farbesilber-blau-rahmengroesse\/\" \/>\n<meta property=\"og:locale\" content=\"en_US\" \/>\n<meta property=\"og:type\" content=\"article\" \/>\n<meta property=\"og:title\" content=\"Puky LS-Pro 20-7 Alu, Farbe:silber blau, Rahmengr\u00f6\u00dfe\" \/>\n<meta property=\"og:description\" content=\"Entdecken Sie unseren Online-Fahrradladen: Gro\u00dfe Auswahl an Modellen f\u00fcr alle Radsportbegeisterten. Von Rennr\u00e4dern bis zu Mountainbikes - finden Sie heute Ihren perfekten Wegbegleiter!\" \/>\n<meta property=\"og:url\" content=\"https:\/\/kgerad.de\/en\/product\/puky-ls-pro-20-7-alu-farbesilber-blau-rahmengroesse\/\" \/>\n<meta property=\"og:site_name\" content=\"kgerad.de\" \/>\n<meta property=\"article:modified_time\" content=\"2023-08-10T17:28:49+00:00\" \/>\n<meta property=\"og:image\" content=\"https:\/\/kgerad.de\/wp-content\/uploads\/2023\/06\/44db32365e62fa02ae7d72ba42c45928.webp\" \/>\n\t<meta property=\"og:image:width\" content=\"2048\" \/>\n\t<meta property=\"og:image:height\" content=\"1413\" \/>\n\t<meta property=\"og:image:type\" content=\"image\/webp\" \/>\n<meta name=\"twitter:card\" content=\"summary_large_image\" \/>\n<meta name=\"twitter:label1\" content=\"Est. reading time\" \/>\n\t<meta name=\"twitter:data1\" content=\"1 minute\" \/>\n<script type=\"application\/ld+json\" class=\"yoast-schema-graph\">{\"@context\":\"https:\/\/schema.org\",\"@graph\":[{\"@type\":\"WebPage\",\"@id\":\"https:\/\/kgerad.de\/produkt\/puky-ls-pro-20-7-alu-farbesilber-blau-rahmengroesse\/\",\"url\":\"https:\/\/kgerad.de\/produkt\/puky-ls-pro-20-7-alu-farbesilber-blau-rahmengroesse\/\",\"name\":\"Puky LS-Pro 20-7 Alu, Farbe:silber blau, Rahmengr\u00f6\u00dfe\",\"isPartOf\":{\"@id\":\"https:\/\/kgerad.de\/#website\"},\"primaryImageOfPage\":{\"@id\":\"https:\/\/kgerad.de\/produkt\/puky-ls-pro-20-7-alu-farbesilber-blau-rahmengroesse\/#primaryimage\"},\"image\":{\"@id\":\"https:\/\/kgerad.de\/produkt\/puky-ls-pro-20-7-alu-farbesilber-blau-rahmengroesse\/#primaryimage\"},\"thumbnailUrl\":\"https:\/\/kgerad.de\/wp-content\/uploads\/2023\/06\/44db32365e62fa02ae7d72ba42c45928.webp\",\"datePublished\":\"2022-12-07T11:27:01+00:00\",\"dateModified\":\"2023-08-10T17:28:49+00:00\",\"description\":\"Entdecken Sie unseren Online-Fahrradladen: Gro\u00dfe Auswahl an Modellen f\u00fcr alle Radsportbegeisterten. Von Rennr\u00e4dern bis zu Mountainbikes - finden Sie heute Ihren perfekten Wegbegleiter!\",\"breadcrumb\":{\"@id\":\"https:\/\/kgerad.de\/produkt\/puky-ls-pro-20-7-alu-farbesilber-blau-rahmengroesse\/#breadcrumb\"},\"inLanguage\":\"en-US\",\"potentialAction\":[{\"@type\":\"ReadAction\",\"target\":[\"https:\/\/kgerad.de\/produkt\/puky-ls-pro-20-7-alu-farbesilber-blau-rahmengroesse\/\"]}]},{\"@type\":\"ImageObject\",\"inLanguage\":\"en-US\",\"@id\":\"https:\/\/kgerad.de\/produkt\/puky-ls-pro-20-7-alu-farbesilber-blau-rahmengroesse\/#primaryimage\",\"url\":\"https:\/\/kgerad.de\/wp-content\/uploads\/2023\/06\/44db32365e62fa02ae7d72ba42c45928.webp\",\"contentUrl\":\"https:\/\/kgerad.de\/wp-content\/uploads\/2023\/06\/44db32365e62fa02ae7d72ba42c45928.webp\",\"width\":2048,\"height\":1413,\"caption\":\"Puky LS-Pro 20-7 Alu\"},{\"@type\":\"BreadcrumbList\",\"@id\":\"https:\/\/kgerad.de\/produkt\/puky-ls-pro-20-7-alu-farbesilber-blau-rahmengroesse\/#breadcrumb\",\"itemListElement\":[{\"@type\":\"ListItem\",\"position\":1,\"name\":\"Startseite\",\"item\":\"https:\/\/kgerad.de\/\"},{\"@type\":\"ListItem\",\"position\":2,\"name\":\"LADEN\",\"item\":\"https:\/\/kgerad.de\/laden\/\"},{\"@type\":\"ListItem\",\"position\":3,\"name\":\"Puky LS-Pro 20-7 Alu, Farbe:silber blau, Rahmengr\u00f6\u00dfe\"}]},{\"@type\":\"WebSite\",\"@id\":\"https:\/\/kgerad.de\/#website\",\"url\":\"https:\/\/kgerad.de\/\",\"name\":\"kgerad.de\",\"description\":\"Treten Sie mit uns ins Abenteuer!\",\"publisher\":{\"@id\":\"https:\/\/kgerad.de\/#organization\"},\"alternateName\":\"MEIN RADLADEN\",\"potentialAction\":[{\"@type\":\"SearchAction\",\"target\":{\"@type\":\"EntryPoint\",\"urlTemplate\":\"https:\/\/kgerad.de\/?s={search_term_string}\"},\"query-input\":{\"@type\":\"PropertyValueSpecification\",\"valueRequired\":true,\"valueName\":\"search_term_string\"}}],\"inLanguage\":\"en-US\"},{\"@type\":\"Organization\",\"@id\":\"https:\/\/kgerad.de\/#organization\",\"name\":\"MEINRADLADEN\",\"alternateName\":\"MEIN RADLADEN\",\"url\":\"https:\/\/kgerad.de\/\",\"logo\":{\"@type\":\"ImageObject\",\"inLanguage\":\"en-US\",\"@id\":\"https:\/\/kgerad.de\/#\/schema\/logo\/image\/\",\"url\":\"https:\/\/kgerad.de\/wp-content\/uploads\/2025\/07\/logo-Whit.svg\",\"contentUrl\":\"https:\/\/kgerad.de\/wp-content\/uploads\/2025\/07\/logo-Whit.svg\",\"width\":1640,\"height\":371,\"caption\":\"MEINRADLADEN\"},\"image\":{\"@id\":\"https:\/\/kgerad.de\/#\/schema\/logo\/image\/\"}}]}<\/script>\n<!-- \/ Yoast SEO Premium plugin. -->","yoast_head_json":{"title":"Puky LS-Pro 20-7 Alu, Farbe:silber blau, Rahmengr\u00f6\u00dfe","description":"Entdecken Sie unseren Online-Fahrradladen: Gro\u00dfe Auswahl an Modellen f\u00fcr alle Radsportbegeisterten. Von Rennr\u00e4dern bis zu Mountainbikes - finden Sie heute Ihren perfekten Wegbegleiter!","robots":{"index":"index","follow":"follow","max-snippet":"max-snippet:-1","max-image-preview":"max-image-preview:large","max-video-preview":"max-video-preview:-1"},"canonical":"https:\/\/kgerad.de\/en\/product\/puky-ls-pro-20-7-alu-farbesilber-blau-rahmengroesse\/","og_locale":"en_US","og_type":"article","og_title":"Puky LS-Pro 20-7 Alu, Farbe:silber blau, Rahmengr\u00f6\u00dfe","og_description":"Entdecken Sie unseren Online-Fahrradladen: Gro\u00dfe Auswahl an Modellen f\u00fcr alle Radsportbegeisterten. Von Rennr\u00e4dern bis zu Mountainbikes - finden Sie heute Ihren perfekten Wegbegleiter!","og_url":"https:\/\/kgerad.de\/en\/product\/puky-ls-pro-20-7-alu-farbesilber-blau-rahmengroesse\/","og_site_name":"kgerad.de","article_modified_time":"2023-08-10T17:28:49+00:00","og_image":[{"width":2048,"height":1413,"url":"https:\/\/kgerad.de\/wp-content\/uploads\/2023\/06\/44db32365e62fa02ae7d72ba42c45928.webp","type":"image\/webp"}],"twitter_card":"summary_large_image","twitter_misc":{"Est. reading time":"1 minute"},"schema":{"@context":"https:\/\/schema.org","@graph":[{"@type":"WebPage","@id":"https:\/\/kgerad.de\/produkt\/puky-ls-pro-20-7-alu-farbesilber-blau-rahmengroesse\/","url":"https:\/\/kgerad.de\/produkt\/puky-ls-pro-20-7-alu-farbesilber-blau-rahmengroesse\/","name":"Puky LS-Pro 20-7 Alu, Farbe:silber blau, Rahmengr\u00f6\u00dfe","isPartOf":{"@id":"https:\/\/kgerad.de\/#website"},"primaryImageOfPage":{"@id":"https:\/\/kgerad.de\/produkt\/puky-ls-pro-20-7-alu-farbesilber-blau-rahmengroesse\/#primaryimage"},"image":{"@id":"https:\/\/kgerad.de\/produkt\/puky-ls-pro-20-7-alu-farbesilber-blau-rahmengroesse\/#primaryimage"},"thumbnailUrl":"https:\/\/kgerad.de\/wp-content\/uploads\/2023\/06\/44db32365e62fa02ae7d72ba42c45928.webp","datePublished":"2022-12-07T11:27:01+00:00","dateModified":"2023-08-10T17:28:49+00:00","description":"Entdecken Sie unseren Online-Fahrradladen: Gro\u00dfe Auswahl an Modellen f\u00fcr alle Radsportbegeisterten. Von Rennr\u00e4dern bis zu Mountainbikes - finden Sie heute Ihren perfekten Wegbegleiter!","breadcrumb":{"@id":"https:\/\/kgerad.de\/produkt\/puky-ls-pro-20-7-alu-farbesilber-blau-rahmengroesse\/#breadcrumb"},"inLanguage":"en-US","potentialAction":[{"@type":"ReadAction","target":["https:\/\/kgerad.de\/produkt\/puky-ls-pro-20-7-alu-farbesilber-blau-rahmengroesse\/"]}]},{"@type":"ImageObject","inLanguage":"en-US","@id":"https:\/\/kgerad.de\/produkt\/puky-ls-pro-20-7-alu-farbesilber-blau-rahmengroesse\/#primaryimage","url":"https:\/\/kgerad.de\/wp-content\/uploads\/2023\/06\/44db32365e62fa02ae7d72ba42c45928.webp","contentUrl":"https:\/\/kgerad.de\/wp-content\/uploads\/2023\/06\/44db32365e62fa02ae7d72ba42c45928.webp","width":2048,"height":1413,"caption":"Puky LS-Pro 20-7 Alu"},{"@type":"BreadcrumbList","@id":"https:\/\/kgerad.de\/produkt\/puky-ls-pro-20-7-alu-farbesilber-blau-rahmengroesse\/#breadcrumb","itemListElement":[{"@type":"ListItem","position":1,"name":"Startseite","item":"https:\/\/kgerad.de\/"},{"@type":"ListItem","position":2,"name":"LADEN","item":"https:\/\/kgerad.de\/laden\/"},{"@type":"ListItem","position":3,"name":"Puky LS-Pro 20-7 Alu, Farbe:silber blau, Rahmengr\u00f6\u00dfe"}]},{"@type":"WebSite","@id":"https:\/\/kgerad.de\/#website","url":"https:\/\/kgerad.de\/","name":"kgerad.de","description":"Treten Sie mit uns ins Abenteuer!","publisher":{"@id":"https:\/\/kgerad.de\/#organization"},"alternateName":"MEIN RADLADEN","potentialAction":[{"@type":"SearchAction","target":{"@type":"EntryPoint","urlTemplate":"https:\/\/kgerad.de\/?s={search_term_string}"},"query-input":{"@type":"PropertyValueSpecification","valueRequired":true,"valueName":"search_term_string"}}],"inLanguage":"en-US"},{"@type":"Organization","@id":"https:\/\/kgerad.de\/#organization","name":"MEINRADLADEN","alternateName":"MEIN RADLADEN","url":"https:\/\/kgerad.de\/","logo":{"@type":"ImageObject","inLanguage":"en-US","@id":"https:\/\/kgerad.de\/#\/schema\/logo\/image\/","url":"https:\/\/kgerad.de\/wp-content\/uploads\/2025\/07\/logo-Whit.svg","contentUrl":"https:\/\/kgerad.de\/wp-content\/uploads\/2025\/07\/logo-Whit.svg","width":1640,"height":371,"caption":"MEINRADLADEN"},"image":{"@id":"https:\/\/kgerad.de\/#\/schema\/logo\/image\/"}}]}},"_links":{"self":[{"href":"https:\/\/kgerad.de\/en\/wp-json\/wp\/v2\/product\/48588","targetHints":{"allow":["GET"]}}],"collection":[{"href":"https:\/\/kgerad.de\/en\/wp-json\/wp\/v2\/product"}],"about":[{"href":"https:\/\/kgerad.de\/en\/wp-json\/wp\/v2\/types\/product"}],"replies":[{"embeddable":true,"href":"https:\/\/kgerad.de\/en\/wp-json\/wp\/v2\/comments?post=48588"}],"version-history":[{"count":1,"href":"https:\/\/kgerad.de\/en\/wp-json\/wp\/v2\/product\/48588\/revisions"}],"predecessor-version":[{"id":78725,"href":"https:\/\/kgerad.de\/en\/wp-json\/wp\/v2\/product\/48588\/revisions\/78725"}],"wp:featuredmedia":[{"embeddable":true,"href":"https:\/\/kgerad.de\/en\/wp-json\/wp\/v2\/media\/64782"}],"wp:attachment":[{"href":"https:\/\/kgerad.de\/en\/wp-json\/wp\/v2\/media?parent=48588"}],"wp:term":[{"taxonomy":"product_brand","embeddable":true,"href":"https:\/\/kgerad.de\/en\/wp-json\/wp\/v2\/product_brand?post=48588"},{"taxonomy":"product_cat","embeddable":true,"href":"https:\/\/kgerad.de\/en\/wp-json\/wp\/v2\/product_cat?post=48588"},{"taxonomy":"product_tag","embeddable":true,"href":"https:\/\/kgerad.de\/en\/wp-json\/wp\/v2\/product_tag?post=48588"}],"curies":[{"name":"wp","href":"https:\/\/api.w.org\/{rel}","templated":true}]}}