{"id":48548,"date":"2022-12-07T11:58:23","date_gmt":"2022-12-07T10:58:23","guid":{"rendered":"https:\/\/kgerad.de\/?post_type=product&#038;p=48548"},"modified":"2023-08-10T19:29:18","modified_gmt":"2023-08-10T17:29:18","slug":"ado-cityrad-a20-20-1-95-zoll-faltbares-elektrofahrrad-klappbares","status":"publish","type":"product","link":"https:\/\/kgerad.de\/en\/product\/ado-cityrad-a20-20-1-95-zoll-faltbares-elektrofahrrad-klappbares\/","title":{"rendered":"ADO Cityrad \u00bbA20 20 * 1.95 Zoll Faltbares Elektrofahrrad"},"content":{"rendered":"<h2>ADO Cityrad \u00bbA20 20 * 1.95 Zoll Faltbares Elektrofahrrad klappbares<\/h2>\n<div class=\"pl_block pl_block--no-gap pdp_selling-points\">\n<ul class=\"pl_list--unordered\">\n<li>250-W-Motor und austauschbarer ADO Cityrad Akku: Elektrofahrrad ist mit einem b\u00fcrstenlosen 250-W-Motor und einem austauschbaren 36-V-10.4-Ah-Lithium-Ionen-Akku ausgestattet.<\/li>\n<li>Bremse und 7-Gang-Getriebe: Mechanische Scheibenbremsen vorne und hinten. Das Shimano 7-Gang-Getriebe.<\/li>\n<li>3 Arbeitsmodi: E-Bike &amp; Pedal Assisted Bike &amp; Normal Bike. Es gibt 3 Geschwindigkeitsstufen f\u00fcr Elektro- und Pedalunterst\u00fctzungsmodi.<\/li>\n<li>Komfortables Fahren: E-Bike verf\u00fcgt \u00fcber einen Rahmen mit geringem Schritt, der den Rahmen stabil und stabil macht. Verbesserte sto\u00dfd\u00e4mpfende Vorderradgabel.<\/li>\n<li>Bitte vergewissern Sie sich, dass die Telefonnummer richtig ist und beantwortet wird, sonst kann die Lieferung nicht erfolgen. After-Sales-Service-E-Mail support@adoebike.com.<\/li>\n<\/ul>\n<\/div>\n<div class=\"pl_block pl_block--no-gap pdp_description js_pdp_description\">\n<div class=\"pl_text-expander pl_copy100 pdp_description__text-expander js_pdp_description__text-expander pl_text-expander--has-more pl_text-expander--expanded\">\n<p>ADO A20<\/p>\n<p>0 Gang ohne Kraft, vom Pedal angetrieben.<\/p>\n<p>Erster Gang zur Pedalkraft, keine Kraft zur Handhabung.<\/p>\n<p>Mittlere Kraftunterst\u00fctzung im zweiten Gang.<\/p>\n<p>Hochgeschwindigkeits-Servounterst\u00fctzung im dritten Gang<\/p>\n<p>Doppelscheibenbremssystem<\/p>\n<p>Doppelscheibenbremssystem vorne und hinten, schnelles W\u00e4rmeableitungsdesign, sorgen f\u00fcr Notbremse, glatte Bremse, sicher und zuverl\u00e4ssig.<\/p>\n<p>Nehmen Sie ein sto\u00dfabsorbierendes Design mit sieben Punkten an<\/p>\n<p>1. Doppelte Dynamik des Sto\u00dfd\u00e4mpfers der Vorderradgabel<\/p>\n<p>2. Absorption des doppelten Sattelelastikschocks<\/p>\n<p>3. A20 Sattelrohrd\u00e4mpfung<\/p>\n<p>4. Rad-Doppelgravitationsluftd\u00e4mpfung<\/p>\n<p>Aufblasbarer Gummi Tireo<\/p>\n<p>Mehrschichtiger dicker Gummireifen, super Grip, rutschfest und explosionsgesch\u00fctzt, Fahrspa\u00df auf allen Arten von Stra\u00dfen, beste Benutzererfahrung<\/p>\n<p>Hochenergiebatterien<\/p>\n<p>Hocheffizientes Energierecycling-System, Energierecycling beim Einbremsen oder Stoppen des Startvorgangs, Energieumwandlung f\u00fcr l\u00e4ngere Dauer<\/p>\n<p>1. Drehen Sie den Knopf, um den elektrischen Antrieb zu starten<\/p>\n<p>2. Scheinwerferbeleuchtungssystem<\/p>\n<p>3 . Pedal-Energiesparsystem<\/p>\n<p>4. Energiesparendes Design mit Tr\u00e4gheit der kinetischen Energie<\/p>\n<p>5. Potenzielle energieeffiziente Umr\u00fcstung des elektrischen Antriebs der Bremse<\/p>\n<p>Foldable design<\/p>\n<p>1. 10s quickly folding<\/p>\n<p>2. 3-stage foldable design, convenient to store<\/p>\n<p>Kundendienst<\/p>\n<p>Kostenlos<\/p>\n<p>Support kostenloser Austausch w\u00e4hrend der Garantie.<\/p>\n<p>12 Monate Garantie auf die Hauptkomponenten, 10 Jahre Garantie auf den Hauptrahmen.<\/p>\n<p>Drei After-Sales-Center in Gro\u00dfbritannien, Deutschland und Polen<\/p>\n<p>8H Quick Response Online Service in Englisch und Deutsch<\/p>\n<h2 class=\"pl_headline200 pl_mb50\">Details<\/h2>\n<div class=\"pl_text-expander pl_copy100 pdp_details__text-expander js_pdp_details__text-expander pl_text-expander--has-more pl_text-expander--expanded\" lang=\"de\">\n<div class=\"pdp_details__characteristics-html\">\n<table class=\"dv_characteristicsTable\">\n<caption>RAHMEN<\/caption>\n<tbody>\n<tr>\n<td class=\"left\">Material Rahmen<\/td>\n<td>Aluminium<\/td>\n<\/tr>\n<tr>\n<td class=\"left\">Typ Rahmen<\/td>\n<td>Fully<\/td>\n<\/tr>\n<tr>\n<td class=\"left\">Farbe Rahmen<\/td>\n<td>Schwarz<\/td>\n<\/tr>\n<\/tbody>\n<\/table>\n<table class=\"dv_characteristicsTable\">\n<caption>BREMSE<\/caption>\n<tbody>\n<tr>\n<td class=\"left\">Bauart Vorderbremse<\/td>\n<td>Maschinenpark<\/td>\n<\/tr>\n<tr>\n<td class=\"left\">Bauart Hinterbremse<\/td>\n<td>Maschinenpark<\/td>\n<\/tr>\n<\/tbody>\n<\/table>\n<table class=\"dv_characteristicsTable\">\n<caption>LAUFR\u00c4DER<\/caption>\n<tbody>\n<tr>\n<td class=\"left\">Breite Reifen in Zoll<\/td>\n<td>20,00 &#8222;<\/td>\n<\/tr>\n<tr>\n<td class=\"left\">Reifenst\u00e4rke<\/td>\n<td>20,00 mm<\/td>\n<\/tr>\n<\/tbody>\n<\/table>\n<table class=\"dv_characteristicsTable\">\n<caption>HINWEISE<\/caption>\n<tbody>\n<tr>\n<td class=\"left\">Sprachen Bedienungs-\/Aufbauanleitung<\/td>\n<td>english(EN)<\/td>\n<\/tr>\n<\/tbody>\n<\/table>\n<table class=\"dv_characteristicsTable\">\n<caption>SCHALTUNG \/ ANTRIEB<\/caption>\n<tbody>\n<tr>\n<td class=\"left\">Antriebsform<\/td>\n<td>kettenantrieb<\/td>\n<\/tr>\n<tr>\n<td class=\"left\">Typ Schaltung<\/td>\n<td>Kettenschaltung<\/td>\n<\/tr>\n<tr>\n<td class=\"left\">Marke Schaltwerk<\/td>\n<td>Shimano<\/td>\n<\/tr>\n<tr>\n<td class=\"left\">Marke Umwerfer<\/td>\n<td>Shimano<\/td>\n<\/tr>\n<tr>\n<td class=\"left\">Anzahl Kettenbl\u00e4tter<\/td>\n<td>1<\/td>\n<\/tr>\n<tr>\n<td class=\"left\">Details Pedale<\/td>\n<td>Rutschfestes Pedal<\/td>\n<\/tr>\n<\/tbody>\n<\/table>\n<table class=\"dv_characteristicsTable\">\n<caption>LENKER<\/caption>\n<tbody>\n<tr>\n<td class=\"left\">H\u00f6he Lenker<\/td>\n<td>103,50 cm<\/td>\n<\/tr>\n<tr>\n<td class=\"left\">H\u00f6he Lenker maximal<\/td>\n<td>117,50 cm<\/td>\n<\/tr>\n<\/tbody>\n<\/table>\n<table class=\"dv_characteristicsTable\">\n<caption>BELEUCHTUNG<\/caption>\n<tbody>\n<tr>\n<td class=\"left\">Art Stromversorgung<\/td>\n<td>nabendynamo<\/td>\n<\/tr>\n<tr>\n<td class=\"left\">Art Leuchtmittel Frontlicht<\/td>\n<td>LED<\/td>\n<\/tr>\n<tr>\n<td class=\"left\">Art Leuchtmittel R\u00fccklicht<\/td>\n<td>LED<\/td>\n<\/tr>\n<\/tbody>\n<\/table>\n<table class=\"dv_characteristicsTable\">\n<caption>HINWEISE<\/caption>\n<tbody>\n<tr>\n<td class=\"left\">Montagehinweise<\/td>\n<td>80% montiert<\/td>\n<\/tr>\n<tr>\n<td class=\"left\">Noch zu montieren<\/td>\n<td>Pedal, Kurbel<\/td>\n<\/tr>\n<tr>\n<td class=\"left\">Altersempfehlung<\/td>\n<td>ab 14 Jahren<\/td>\n<\/tr>\n<tr>\n<td class=\"left\">Nutzungsbereich<\/td>\n<td>innerhalb der StVZO<\/td>\n<\/tr>\n<tr>\n<td class=\"left\">Gewicht Fahrrad<\/td>\n<td>21,00 kg<\/td>\n<\/tr>\n<tr>\n<td class=\"left\">Zul\u00e4ssiges Gesamtgewicht<\/td>\n<td>120 kg<\/td>\n<\/tr>\n<\/tbody>\n<\/table>\n<\/div>\n<\/div>\n<\/div>\n<\/div>","protected":false},"excerpt":{"rendered":"<p>ADO Cityrad \u00bbA20 20 * 1.95 Zoll Faltbares Elektrofahrrad klappbares 250-W-Motor und austauschbarer ADO Cityrad Akku: Elektrofahrrad ist mit einem<\/p>","protected":false},"featured_media":64764,"comment_status":"open","ping_status":"closed","template":"","meta":[],"product_brand":[],"product_cat":[33,34],"product_tag":[],"class_list":{"0":"post-48548","1":"product","2":"type-product","3":"status-publish","4":"has-post-thumbnail","6":"product_cat-e-bike","7":"product_cat-e-bike-city-urban","8":"pa_marke-ado-bike","10":"first","11":"instock","12":"taxable","13":"shipping-taxable","14":"purchasable","15":"product-type-simple"},"yoast_head":"<!-- This site is optimized with the Yoast SEO Premium plugin v20.12 (Yoast SEO v27.1.1) - https:\/\/yoast.com\/product\/yoast-seo-premium-wordpress\/ -->\n<title>ADO Cityrad \u00bbA20 20 * 1.95 Zoll Faltbares Elektrofahrrad<\/title>\n<meta name=\"description\" content=\"Entdecken Sie unseren Online-Fahrradladen: Gro\u00dfe Auswahl an Modellen f\u00fcr alle Radsportbegeisterten. Von Rennr\u00e4dern bis zu Mountainbikes - finden Sie heute Ihren perfekten Wegbegleiter!\" \/>\n<meta name=\"robots\" content=\"index, follow, max-snippet:-1, max-image-preview:large, max-video-preview:-1\" \/>\n<link rel=\"canonical\" href=\"https:\/\/kgerad.de\/en\/product\/ado-cityrad-a20-20-1-95-zoll-faltbares-elektrofahrrad-klappbares\/\" \/>\n<meta property=\"og:locale\" content=\"en_US\" \/>\n<meta property=\"og:type\" content=\"article\" \/>\n<meta property=\"og:title\" content=\"ADO Cityrad \u00bbA20 20 * 1.95 Zoll Faltbares Elektrofahrrad\" \/>\n<meta property=\"og:description\" content=\"Entdecken Sie unseren Online-Fahrradladen: Gro\u00dfe Auswahl an Modellen f\u00fcr alle Radsportbegeisterten. Von Rennr\u00e4dern bis zu Mountainbikes - finden Sie heute Ihren perfekten Wegbegleiter!\" \/>\n<meta property=\"og:url\" content=\"https:\/\/kgerad.de\/en\/product\/ado-cityrad-a20-20-1-95-zoll-faltbares-elektrofahrrad-klappbares\/\" \/>\n<meta property=\"og:site_name\" content=\"kgerad.de\" \/>\n<meta property=\"article:modified_time\" content=\"2023-08-10T17:29:18+00:00\" \/>\n<meta property=\"og:image\" content=\"https:\/\/kgerad.de\/wp-content\/uploads\/2023\/06\/49615d4b-d446-4c1e-9d1d-b1a2bb6eb044.jpg\" \/>\n\t<meta property=\"og:image:width\" content=\"520\" \/>\n\t<meta property=\"og:image:height\" content=\"520\" \/>\n\t<meta property=\"og:image:type\" content=\"image\/jpeg\" \/>\n<meta name=\"twitter:card\" content=\"summary_large_image\" \/>\n<meta name=\"twitter:label1\" content=\"Est. reading time\" \/>\n\t<meta name=\"twitter:data1\" content=\"3 minutes\" \/>\n<script type=\"application\/ld+json\" class=\"yoast-schema-graph\">{\"@context\":\"https:\/\/schema.org\",\"@graph\":[{\"@type\":\"WebPage\",\"@id\":\"https:\/\/kgerad.de\/produkt\/ado-cityrad-a20-20-1-95-zoll-faltbares-elektrofahrrad-klappbares\/\",\"url\":\"https:\/\/kgerad.de\/produkt\/ado-cityrad-a20-20-1-95-zoll-faltbares-elektrofahrrad-klappbares\/\",\"name\":\"ADO Cityrad \u00bbA20 20 * 1.95 Zoll Faltbares Elektrofahrrad\",\"isPartOf\":{\"@id\":\"https:\/\/kgerad.de\/#website\"},\"primaryImageOfPage\":{\"@id\":\"https:\/\/kgerad.de\/produkt\/ado-cityrad-a20-20-1-95-zoll-faltbares-elektrofahrrad-klappbares\/#primaryimage\"},\"image\":{\"@id\":\"https:\/\/kgerad.de\/produkt\/ado-cityrad-a20-20-1-95-zoll-faltbares-elektrofahrrad-klappbares\/#primaryimage\"},\"thumbnailUrl\":\"https:\/\/kgerad.de\/wp-content\/uploads\/2023\/06\/49615d4b-d446-4c1e-9d1d-b1a2bb6eb044.jpg\",\"datePublished\":\"2022-12-07T10:58:23+00:00\",\"dateModified\":\"2023-08-10T17:29:18+00:00\",\"description\":\"Entdecken Sie unseren Online-Fahrradladen: Gro\u00dfe Auswahl an Modellen f\u00fcr alle Radsportbegeisterten. Von Rennr\u00e4dern bis zu Mountainbikes - finden Sie heute Ihren perfekten Wegbegleiter!\",\"breadcrumb\":{\"@id\":\"https:\/\/kgerad.de\/produkt\/ado-cityrad-a20-20-1-95-zoll-faltbares-elektrofahrrad-klappbares\/#breadcrumb\"},\"inLanguage\":\"en-US\",\"potentialAction\":[{\"@type\":\"ReadAction\",\"target\":[\"https:\/\/kgerad.de\/produkt\/ado-cityrad-a20-20-1-95-zoll-faltbares-elektrofahrrad-klappbares\/\"]}]},{\"@type\":\"ImageObject\",\"inLanguage\":\"en-US\",\"@id\":\"https:\/\/kgerad.de\/produkt\/ado-cityrad-a20-20-1-95-zoll-faltbares-elektrofahrrad-klappbares\/#primaryimage\",\"url\":\"https:\/\/kgerad.de\/wp-content\/uploads\/2023\/06\/49615d4b-d446-4c1e-9d1d-b1a2bb6eb044.jpg\",\"contentUrl\":\"https:\/\/kgerad.de\/wp-content\/uploads\/2023\/06\/49615d4b-d446-4c1e-9d1d-b1a2bb6eb044.jpg\",\"width\":520,\"height\":520,\"caption\":\"ADO Cityrad \u00bbA20 20 * 1.95 Zoll Faltbares Elektrofahrrad klappbares\"},{\"@type\":\"BreadcrumbList\",\"@id\":\"https:\/\/kgerad.de\/produkt\/ado-cityrad-a20-20-1-95-zoll-faltbares-elektrofahrrad-klappbares\/#breadcrumb\",\"itemListElement\":[{\"@type\":\"ListItem\",\"position\":1,\"name\":\"Startseite\",\"item\":\"https:\/\/kgerad.de\/\"},{\"@type\":\"ListItem\",\"position\":2,\"name\":\"LADEN\",\"item\":\"https:\/\/kgerad.de\/laden\/\"},{\"@type\":\"ListItem\",\"position\":3,\"name\":\"ADO Cityrad \u00bbA20 20 * 1.95 Zoll Faltbares Elektrofahrrad\"}]},{\"@type\":\"WebSite\",\"@id\":\"https:\/\/kgerad.de\/#website\",\"url\":\"https:\/\/kgerad.de\/\",\"name\":\"kgerad.de\",\"description\":\"Treten Sie mit uns ins Abenteuer!\",\"publisher\":{\"@id\":\"https:\/\/kgerad.de\/#organization\"},\"alternateName\":\"MEIN RADLADEN\",\"potentialAction\":[{\"@type\":\"SearchAction\",\"target\":{\"@type\":\"EntryPoint\",\"urlTemplate\":\"https:\/\/kgerad.de\/?s={search_term_string}\"},\"query-input\":{\"@type\":\"PropertyValueSpecification\",\"valueRequired\":true,\"valueName\":\"search_term_string\"}}],\"inLanguage\":\"en-US\"},{\"@type\":\"Organization\",\"@id\":\"https:\/\/kgerad.de\/#organization\",\"name\":\"MEINRADLADEN\",\"alternateName\":\"MEIN RADLADEN\",\"url\":\"https:\/\/kgerad.de\/\",\"logo\":{\"@type\":\"ImageObject\",\"inLanguage\":\"en-US\",\"@id\":\"https:\/\/kgerad.de\/#\/schema\/logo\/image\/\",\"url\":\"https:\/\/kgerad.de\/wp-content\/uploads\/2025\/07\/logo-Whit.svg\",\"contentUrl\":\"https:\/\/kgerad.de\/wp-content\/uploads\/2025\/07\/logo-Whit.svg\",\"width\":1640,\"height\":371,\"caption\":\"MEINRADLADEN\"},\"image\":{\"@id\":\"https:\/\/kgerad.de\/#\/schema\/logo\/image\/\"}}]}<\/script>\n<!-- \/ Yoast SEO Premium plugin. -->","yoast_head_json":{"title":"ADO Cityrad \u00bbA20 20 * 1.95 Zoll Faltbares Elektrofahrrad","description":"Entdecken Sie unseren Online-Fahrradladen: Gro\u00dfe Auswahl an Modellen f\u00fcr alle Radsportbegeisterten. Von Rennr\u00e4dern bis zu Mountainbikes - finden Sie heute Ihren perfekten Wegbegleiter!","robots":{"index":"index","follow":"follow","max-snippet":"max-snippet:-1","max-image-preview":"max-image-preview:large","max-video-preview":"max-video-preview:-1"},"canonical":"https:\/\/kgerad.de\/en\/product\/ado-cityrad-a20-20-1-95-zoll-faltbares-elektrofahrrad-klappbares\/","og_locale":"en_US","og_type":"article","og_title":"ADO Cityrad \u00bbA20 20 * 1.95 Zoll Faltbares Elektrofahrrad","og_description":"Entdecken Sie unseren Online-Fahrradladen: Gro\u00dfe Auswahl an Modellen f\u00fcr alle Radsportbegeisterten. Von Rennr\u00e4dern bis zu Mountainbikes - finden Sie heute Ihren perfekten Wegbegleiter!","og_url":"https:\/\/kgerad.de\/en\/product\/ado-cityrad-a20-20-1-95-zoll-faltbares-elektrofahrrad-klappbares\/","og_site_name":"kgerad.de","article_modified_time":"2023-08-10T17:29:18+00:00","og_image":[{"width":520,"height":520,"url":"https:\/\/kgerad.de\/wp-content\/uploads\/2023\/06\/49615d4b-d446-4c1e-9d1d-b1a2bb6eb044.jpg","type":"image\/jpeg"}],"twitter_card":"summary_large_image","twitter_misc":{"Est. reading time":"3 minutes"},"schema":{"@context":"https:\/\/schema.org","@graph":[{"@type":"WebPage","@id":"https:\/\/kgerad.de\/produkt\/ado-cityrad-a20-20-1-95-zoll-faltbares-elektrofahrrad-klappbares\/","url":"https:\/\/kgerad.de\/produkt\/ado-cityrad-a20-20-1-95-zoll-faltbares-elektrofahrrad-klappbares\/","name":"ADO Cityrad \u00bbA20 20 * 1.95 Zoll Faltbares Elektrofahrrad","isPartOf":{"@id":"https:\/\/kgerad.de\/#website"},"primaryImageOfPage":{"@id":"https:\/\/kgerad.de\/produkt\/ado-cityrad-a20-20-1-95-zoll-faltbares-elektrofahrrad-klappbares\/#primaryimage"},"image":{"@id":"https:\/\/kgerad.de\/produkt\/ado-cityrad-a20-20-1-95-zoll-faltbares-elektrofahrrad-klappbares\/#primaryimage"},"thumbnailUrl":"https:\/\/kgerad.de\/wp-content\/uploads\/2023\/06\/49615d4b-d446-4c1e-9d1d-b1a2bb6eb044.jpg","datePublished":"2022-12-07T10:58:23+00:00","dateModified":"2023-08-10T17:29:18+00:00","description":"Entdecken Sie unseren Online-Fahrradladen: Gro\u00dfe Auswahl an Modellen f\u00fcr alle Radsportbegeisterten. Von Rennr\u00e4dern bis zu Mountainbikes - finden Sie heute Ihren perfekten Wegbegleiter!","breadcrumb":{"@id":"https:\/\/kgerad.de\/produkt\/ado-cityrad-a20-20-1-95-zoll-faltbares-elektrofahrrad-klappbares\/#breadcrumb"},"inLanguage":"en-US","potentialAction":[{"@type":"ReadAction","target":["https:\/\/kgerad.de\/produkt\/ado-cityrad-a20-20-1-95-zoll-faltbares-elektrofahrrad-klappbares\/"]}]},{"@type":"ImageObject","inLanguage":"en-US","@id":"https:\/\/kgerad.de\/produkt\/ado-cityrad-a20-20-1-95-zoll-faltbares-elektrofahrrad-klappbares\/#primaryimage","url":"https:\/\/kgerad.de\/wp-content\/uploads\/2023\/06\/49615d4b-d446-4c1e-9d1d-b1a2bb6eb044.jpg","contentUrl":"https:\/\/kgerad.de\/wp-content\/uploads\/2023\/06\/49615d4b-d446-4c1e-9d1d-b1a2bb6eb044.jpg","width":520,"height":520,"caption":"ADO Cityrad \u00bbA20 20 * 1.95 Zoll Faltbares Elektrofahrrad klappbares"},{"@type":"BreadcrumbList","@id":"https:\/\/kgerad.de\/produkt\/ado-cityrad-a20-20-1-95-zoll-faltbares-elektrofahrrad-klappbares\/#breadcrumb","itemListElement":[{"@type":"ListItem","position":1,"name":"Startseite","item":"https:\/\/kgerad.de\/"},{"@type":"ListItem","position":2,"name":"LADEN","item":"https:\/\/kgerad.de\/laden\/"},{"@type":"ListItem","position":3,"name":"ADO Cityrad \u00bbA20 20 * 1.95 Zoll Faltbares Elektrofahrrad"}]},{"@type":"WebSite","@id":"https:\/\/kgerad.de\/#website","url":"https:\/\/kgerad.de\/","name":"kgerad.de","description":"Treten Sie mit uns ins Abenteuer!","publisher":{"@id":"https:\/\/kgerad.de\/#organization"},"alternateName":"MEIN RADLADEN","potentialAction":[{"@type":"SearchAction","target":{"@type":"EntryPoint","urlTemplate":"https:\/\/kgerad.de\/?s={search_term_string}"},"query-input":{"@type":"PropertyValueSpecification","valueRequired":true,"valueName":"search_term_string"}}],"inLanguage":"en-US"},{"@type":"Organization","@id":"https:\/\/kgerad.de\/#organization","name":"MEINRADLADEN","alternateName":"MEIN RADLADEN","url":"https:\/\/kgerad.de\/","logo":{"@type":"ImageObject","inLanguage":"en-US","@id":"https:\/\/kgerad.de\/#\/schema\/logo\/image\/","url":"https:\/\/kgerad.de\/wp-content\/uploads\/2025\/07\/logo-Whit.svg","contentUrl":"https:\/\/kgerad.de\/wp-content\/uploads\/2025\/07\/logo-Whit.svg","width":1640,"height":371,"caption":"MEINRADLADEN"},"image":{"@id":"https:\/\/kgerad.de\/#\/schema\/logo\/image\/"}}]}},"_links":{"self":[{"href":"https:\/\/kgerad.de\/en\/wp-json\/wp\/v2\/product\/48548","targetHints":{"allow":["GET"]}}],"collection":[{"href":"https:\/\/kgerad.de\/en\/wp-json\/wp\/v2\/product"}],"about":[{"href":"https:\/\/kgerad.de\/en\/wp-json\/wp\/v2\/types\/product"}],"replies":[{"embeddable":true,"href":"https:\/\/kgerad.de\/en\/wp-json\/wp\/v2\/comments?post=48548"}],"version-history":[{"count":1,"href":"https:\/\/kgerad.de\/en\/wp-json\/wp\/v2\/product\/48548\/revisions"}],"predecessor-version":[{"id":78727,"href":"https:\/\/kgerad.de\/en\/wp-json\/wp\/v2\/product\/48548\/revisions\/78727"}],"wp:featuredmedia":[{"embeddable":true,"href":"https:\/\/kgerad.de\/en\/wp-json\/wp\/v2\/media\/64764"}],"wp:attachment":[{"href":"https:\/\/kgerad.de\/en\/wp-json\/wp\/v2\/media?parent=48548"}],"wp:term":[{"taxonomy":"product_brand","embeddable":true,"href":"https:\/\/kgerad.de\/en\/wp-json\/wp\/v2\/product_brand?post=48548"},{"taxonomy":"product_cat","embeddable":true,"href":"https:\/\/kgerad.de\/en\/wp-json\/wp\/v2\/product_cat?post=48548"},{"taxonomy":"product_tag","embeddable":true,"href":"https:\/\/kgerad.de\/en\/wp-json\/wp\/v2\/product_tag?post=48548"}],"curies":[{"name":"wp","href":"https:\/\/api.w.org\/{rel}","templated":true}]}}