{"id":48546,"date":"2022-12-07T11:53:55","date_gmt":"2022-12-07T10:53:55","guid":{"rendered":"https:\/\/kgerad.de\/?post_type=product&#038;p=48546"},"modified":"2023-08-10T19:29:32","modified_gmt":"2023-08-10T17:29:32","slug":"thule-easyfold-xt-3-934-fahrradtraeger","status":"publish","type":"product","link":"https:\/\/kgerad.de\/en\/product\/thule-easyfold-xt-3-934-fahrradtraeger\/","title":{"rendered":"Thule EasyFold XT 3 934 &#8211; Fahrradtr\u00e4ger"},"content":{"rendered":"<h2 class=\"product--title\"><strong>Thule<\/strong>\u00a0EasyFold XT 3 934 &#8211; Fahrradtr\u00e4ger<\/h2>\n<p>Der Thule EasyFold XT\u00a0 komplett zusammenklappbare, kompakte und benutzerfreundliche Anh\u00e4ngekupplungs-Fahrradtr\u00e4ger f\u00fcr jeder Art.<\/p>\n<hr \/>\n<table border=\"0\" width=\"100%\" cellspacing=\"1\" cellpadding=\"1\">\n<tbody>\n<tr>\n<td><img decoding=\"async\" title=\"RR 1018 - Kauftipp\" src=\"https:\/\/cd.bike-discount.de\/media\/image\/09\/ce\/ee\/rr1018_kauf-tipp_hecktrager.jpg\" alt=\"\" width=\"83\" height=\"75\" data-mid=\"405404\" data-src=\"media\/image\/rr1018_kauf-tipp_hecktrager.jpg\" \/><br \/>\nRennRad 10\/2018<br \/>\nTest: &#8222;Lastentr\u00e4ger: Hecktr\u00e4ger&#8220;<br \/>\n<strong>Testergebnis: Kauf-Tipp &amp;\u00a0Sehr gut (17)<br \/>\n<\/strong><\/td>\n<td width=\"2%\"><\/td>\n<td><img decoding=\"async\" title=\"Bikesport emtb 0318 - Empfehlung\" src=\"https:\/\/cd.bike-discount.de\/media\/image\/32\/ff\/fc\/e-mtb-03-hecktrager_e_sg.jpg\" alt=\"\" width=\"66\" height=\"75\" data-mid=\"403121\" data-src=\"media\/image\/e-mtb-03-hecktrager_e_sg.jpg\" \/><br \/>\ne-mtb 03\/2018<br \/>\nTest: &#8222;Auf die Kupplung:\u00a0Hecktr\u00e4ger&#8220;<br \/>\n<strong>Testergebnis: Empfehlung &amp;\u00a0Sehr gut<\/strong><\/td>\n<td width=\"2%\"><\/td>\n<td><img decoding=\"async\" title=\"ER 4\/2018 - Empfehlung &amp; Sehr gut\" src=\"https:\/\/cd.bike-discount.de\/media\/image\/ef\/a5\/30\/er_04-2018_empfehlung.jpg\" alt=\"\" width=\"58\" height=\"75\" data-mid=\"391665\" data-src=\"media\/image\/er_04-2018_empfehlung.jpg\" \/><br \/>\nElektroRad 04\/2018<br \/>\nTest: &#8222;Auf die Kupplung \u2013 fertig \u2013 los!: Hecktr\u00e4ger&#8220;<br \/>\n<strong>Testergebnis: Empfehlung &amp;\u00a0Sehr gut<\/strong><\/td>\n<\/tr>\n<\/tbody>\n<\/table>\n<hr \/>\n<h3>Features<\/h3>\n<ul>\n<li>Komplett faltbar f\u00fcr bequeme Montage, Handhabung und Lagerung<\/li>\n<li>Hohe Zuladung erm\u00f6glicht den Transport von E-Bikes und schweren Mountainbikes<\/li>\n<li>Einfache Befestigung der Fahrr\u00e4der durch abnehmbare Fahrradhaltearme mit abschlie\u00dfbaren Thule AcuTight Drehmomentbegrenzer-Kn\u00f6pfen, die \u201eklicken\u201c, wenn das optimale Drehmoment erreicht ist.<\/li>\n<li>Gro\u00dfer Abstand zwischen den Felgenhaltern sorgt fu\u0308r einen \u201ereibungslosen\u201c Fahrradtransport<\/li>\n<li>Extra lange Felgenhalteb\u00e4nder mit Ratschenfunktion gestatten die einfache Befestigung von R\u00e4dern (Radbreite bis 4.7 Zoll), wodurch der Transport von Fatbikes erm\u00f6glicht wird Praktischer Abklappmechanismus mit Fu\u00dfpedal erm\u00f6glicht einfachen Zugang zum Kofferraum, selbst mit Fahrr\u00e4dern auf dem Tr\u00e4ger<\/li>\n<li>Einfache Montage und Einstellung des Fahrradtr\u00e4gers vor dem Schlie\u00dfen des Spannhebels dank der stabilen Verbindung zur Anh\u00e4ngekupplung<\/li>\n<li>Ergonomischer Transport des Fahrradtr\u00e4gers dank integrierter Transportr\u00e4der und Tragegriffe<\/li>\n<li>Vormontiert, kein Werkzeug erforderlich<\/li>\n<li>Schlie\u00dfen Sie Ihre Fahrr\u00e4der am Fahrradtr\u00e4ger und den Fahrradtr\u00e4ger an der Anh\u00e4ngekupplung ab (Schl\u00f6sser im Lieferumfang enthalten)<\/li>\n<\/ul>\n<h3>Produkteigenschaften<\/h3>\n<ul>\n<li><strong>Max. Anzahl Fahrr\u00e4der:<\/strong>\u00a03<\/li>\n<li><strong>Zuladung:<\/strong>\u00a060 kg<\/li>\n<li><strong>Max. Gewicht pro Fahrrad:<\/strong>\u00a030 kg<\/li>\n<li><strong>Ma\u00dfe:<\/strong>\u00a0123 x 83 x 86 cm<\/li>\n<li><strong>Ma\u00dfe zusammengeklappt:<\/strong>\u00a031 x 83 x 86 cm<\/li>\n<li><strong>Eignung f\u00fcr Rahmengr\u00f6\u00dfen:<\/strong>\u00a022\u201380 mm<\/li>\n<li><strong>Abnehmbare Rahmenhalter:<\/strong>\u00a0Ja<\/li>\n<li><strong>Abstand zwischen Fahrr\u00e4dern:<\/strong>\u00a022\/19 cm<\/li>\n<li><strong>Radmontage an verstellbaren Haltern:<\/strong>\u00a0Pump buckles<\/li>\n<li><strong>Abklappbar (mit Fahrr\u00e4dern):\u00a0<\/strong>Ja<\/li>\n<li><strong>Geeignet f\u00fcr Fahrzeuge mit Ersatzrad am Heck:\u00a0<\/strong>Nein<\/li>\n<li><strong>R\u00fcckleuchten:<\/strong>\u00a0Ja<\/li>\n<li><strong>Steckeranschluss:\u00a0<\/strong>13-pin<\/li>\n<li><strong>Kompatibel mit One-Key System:\u00a0<\/strong>Ja<\/li>\n<li><strong>Fahrrad am Tr\u00e4ger abschlie\u00dfbar:<\/strong>\u00a0Ja<\/li>\n<li><strong>Tr\u00e4ger abschlie\u00dfbar am Fahrzeug:<\/strong>\u00a0Ja<\/li>\n<\/ul>\n<h3>Kompatibilit\u00e4t<\/h3>\n<ul>\n<li><strong>Max. Reifenbreite:<\/strong>\u00a03&#8243;(Mit Thule XXL Fatbike Wheel Straps 4.7&#8243;)<\/li>\n<li><strong>Max. Felgendurchmesser:<\/strong>\u00a029&#8243;<\/li>\n<li><strong>Max. Radabstand:<\/strong>\u00a01300mm<\/li>\n<\/ul>\n<h3>Gewicht<\/h3>\n<ul>\n<li>23.1 kg<\/li>\n<\/ul>\n<hr \/>\n<h3>Lieferumfang<\/h3>\n<ul>\n<li>1 x EasyFold XT 3B<\/li>\n<\/ul>\n<hr \/>\n<h3>Testsieger-Archiv<\/h3>\n<p>MountainBike 08\/2017 &#8211; Test: &#8222;Bike-Sherpas: Radtr\u00e4ger f\u00fcr die Anh\u00e4ngerkupplung&#8220; &#8211; Testergebnis: Testsieger &amp;\u00a0\u00dcberragend (98 Pkt.)<br \/>\nDesign &amp;\u00a0Innovation Award 2017<\/p>\n<hr \/>\n<p><iframe src=\"https:\/\/www.youtube-nocookie.com\/embed\/4PmWqIBk9Uk?rel=0\" width=\"640\" height=\"360\" frameborder=\"0\" allowfullscreen=\"allowfullscreen\" data-mce-fragment=\"1\"><\/iframe><\/p>","protected":false},"excerpt":{"rendered":"<p>Thule\u00a0EasyFold XT 3 934 &#8211; Fahrradtr\u00e4ger Der Thule EasyFold XT\u00a0 komplett zusammenklappbare, kompakte und benutzerfreundliche Anh\u00e4ngekupplungs-Fahrradtr\u00e4ger f\u00fcr jeder Art. RennRad<\/p>","protected":false},"featured_media":64754,"comment_status":"open","ping_status":"closed","template":"","meta":[],"product_brand":[],"product_cat":[636,573],"product_tag":[],"class_list":{"0":"post-48546","1":"product","2":"type-product","3":"status-publish","4":"has-post-thumbnail","6":"product_cat-transport","7":"product_cat-zubehor","8":"pa_marke-thule","10":"first","11":"instock","12":"sale","13":"taxable","14":"shipping-taxable","15":"purchasable","16":"product-type-simple"},"yoast_head":"<!-- This site is optimized with the Yoast SEO Premium plugin v20.12 (Yoast SEO v27.1.1) - https:\/\/yoast.com\/product\/yoast-seo-premium-wordpress\/ -->\n<title>Thule EasyFold XT 3 934 - Fahrradtr\u00e4ger<\/title>\n<meta name=\"description\" content=\"Entdecken Sie unseren Online-Fahrradladen: Gro\u00dfe Auswahl an Modellen f\u00fcr alle Radsportbegeisterten. Von Rennr\u00e4dern bis zu Mountainbikes - finden Sie heute Ihren perfekten Wegbegleiter!\" \/>\n<meta name=\"robots\" content=\"index, follow, max-snippet:-1, max-image-preview:large, max-video-preview:-1\" \/>\n<link rel=\"canonical\" href=\"https:\/\/kgerad.de\/en\/product\/thule-easyfold-xt-3-934-fahrradtraeger\/\" \/>\n<meta property=\"og:locale\" content=\"en_US\" \/>\n<meta property=\"og:type\" content=\"article\" \/>\n<meta property=\"og:title\" content=\"Thule EasyFold XT 3 934 - Fahrradtr\u00e4ger\" \/>\n<meta property=\"og:description\" content=\"Entdecken Sie unseren Online-Fahrradladen: Gro\u00dfe Auswahl an Modellen f\u00fcr alle Radsportbegeisterten. Von Rennr\u00e4dern bis zu Mountainbikes - finden Sie heute Ihren perfekten Wegbegleiter!\" \/>\n<meta property=\"og:url\" content=\"https:\/\/kgerad.de\/en\/product\/thule-easyfold-xt-3-934-fahrradtraeger\/\" \/>\n<meta property=\"og:site_name\" content=\"kgerad.de\" \/>\n<meta property=\"article:modified_time\" content=\"2023-08-10T17:29:32+00:00\" \/>\n<meta property=\"og:image\" content=\"https:\/\/kgerad.de\/wp-content\/uploads\/2023\/06\/934100_3V2gvlhg0Xv0fH_800x800-0.jpg\" \/>\n\t<meta property=\"og:image:width\" content=\"800\" \/>\n\t<meta property=\"og:image:height\" content=\"691\" \/>\n\t<meta property=\"og:image:type\" content=\"image\/jpeg\" \/>\n<meta name=\"twitter:card\" content=\"summary_large_image\" \/>\n<meta name=\"twitter:label1\" content=\"Est. reading time\" \/>\n\t<meta name=\"twitter:data1\" content=\"3 minutes\" \/>\n<script type=\"application\/ld+json\" class=\"yoast-schema-graph\">{\"@context\":\"https:\/\/schema.org\",\"@graph\":[{\"@type\":\"WebPage\",\"@id\":\"https:\/\/kgerad.de\/produkt\/thule-easyfold-xt-3-934-fahrradtraeger\/\",\"url\":\"https:\/\/kgerad.de\/produkt\/thule-easyfold-xt-3-934-fahrradtraeger\/\",\"name\":\"Thule EasyFold XT 3 934 - Fahrradtr\u00e4ger\",\"isPartOf\":{\"@id\":\"https:\/\/kgerad.de\/#website\"},\"primaryImageOfPage\":{\"@id\":\"https:\/\/kgerad.de\/produkt\/thule-easyfold-xt-3-934-fahrradtraeger\/#primaryimage\"},\"image\":{\"@id\":\"https:\/\/kgerad.de\/produkt\/thule-easyfold-xt-3-934-fahrradtraeger\/#primaryimage\"},\"thumbnailUrl\":\"https:\/\/kgerad.de\/wp-content\/uploads\/2023\/06\/934100_3V2gvlhg0Xv0fH_800x800-0.jpg\",\"datePublished\":\"2022-12-07T10:53:55+00:00\",\"dateModified\":\"2023-08-10T17:29:32+00:00\",\"description\":\"Entdecken Sie unseren Online-Fahrradladen: Gro\u00dfe Auswahl an Modellen f\u00fcr alle Radsportbegeisterten. Von Rennr\u00e4dern bis zu Mountainbikes - finden Sie heute Ihren perfekten Wegbegleiter!\",\"breadcrumb\":{\"@id\":\"https:\/\/kgerad.de\/produkt\/thule-easyfold-xt-3-934-fahrradtraeger\/#breadcrumb\"},\"inLanguage\":\"en-US\",\"potentialAction\":[{\"@type\":\"ReadAction\",\"target\":[\"https:\/\/kgerad.de\/produkt\/thule-easyfold-xt-3-934-fahrradtraeger\/\"]}]},{\"@type\":\"ImageObject\",\"inLanguage\":\"en-US\",\"@id\":\"https:\/\/kgerad.de\/produkt\/thule-easyfold-xt-3-934-fahrradtraeger\/#primaryimage\",\"url\":\"https:\/\/kgerad.de\/wp-content\/uploads\/2023\/06\/934100_3V2gvlhg0Xv0fH_800x800-0.jpg\",\"contentUrl\":\"https:\/\/kgerad.de\/wp-content\/uploads\/2023\/06\/934100_3V2gvlhg0Xv0fH_800x800-0.jpg\",\"width\":800,\"height\":691,\"caption\":\"Thule EasyFold XT 3 934 - Fahrradtr\u00e4ger\"},{\"@type\":\"BreadcrumbList\",\"@id\":\"https:\/\/kgerad.de\/produkt\/thule-easyfold-xt-3-934-fahrradtraeger\/#breadcrumb\",\"itemListElement\":[{\"@type\":\"ListItem\",\"position\":1,\"name\":\"Startseite\",\"item\":\"https:\/\/kgerad.de\/\"},{\"@type\":\"ListItem\",\"position\":2,\"name\":\"LADEN\",\"item\":\"https:\/\/kgerad.de\/laden\/\"},{\"@type\":\"ListItem\",\"position\":3,\"name\":\"Thule EasyFold XT 3 934 &#8211; Fahrradtr\u00e4ger\"}]},{\"@type\":\"WebSite\",\"@id\":\"https:\/\/kgerad.de\/#website\",\"url\":\"https:\/\/kgerad.de\/\",\"name\":\"kgerad.de\",\"description\":\"Treten Sie mit uns ins Abenteuer!\",\"publisher\":{\"@id\":\"https:\/\/kgerad.de\/#organization\"},\"alternateName\":\"MEIN RADLADEN\",\"potentialAction\":[{\"@type\":\"SearchAction\",\"target\":{\"@type\":\"EntryPoint\",\"urlTemplate\":\"https:\/\/kgerad.de\/?s={search_term_string}\"},\"query-input\":{\"@type\":\"PropertyValueSpecification\",\"valueRequired\":true,\"valueName\":\"search_term_string\"}}],\"inLanguage\":\"en-US\"},{\"@type\":\"Organization\",\"@id\":\"https:\/\/kgerad.de\/#organization\",\"name\":\"MEINRADLADEN\",\"alternateName\":\"MEIN RADLADEN\",\"url\":\"https:\/\/kgerad.de\/\",\"logo\":{\"@type\":\"ImageObject\",\"inLanguage\":\"en-US\",\"@id\":\"https:\/\/kgerad.de\/#\/schema\/logo\/image\/\",\"url\":\"https:\/\/kgerad.de\/wp-content\/uploads\/2025\/07\/logo-Whit.svg\",\"contentUrl\":\"https:\/\/kgerad.de\/wp-content\/uploads\/2025\/07\/logo-Whit.svg\",\"width\":1640,\"height\":371,\"caption\":\"MEINRADLADEN\"},\"image\":{\"@id\":\"https:\/\/kgerad.de\/#\/schema\/logo\/image\/\"}}]}<\/script>\n<!-- \/ Yoast SEO Premium plugin. -->","yoast_head_json":{"title":"Thule EasyFold XT 3 934 - Fahrradtr\u00e4ger","description":"Entdecken Sie unseren Online-Fahrradladen: Gro\u00dfe Auswahl an Modellen f\u00fcr alle Radsportbegeisterten. Von Rennr\u00e4dern bis zu Mountainbikes - finden Sie heute Ihren perfekten Wegbegleiter!","robots":{"index":"index","follow":"follow","max-snippet":"max-snippet:-1","max-image-preview":"max-image-preview:large","max-video-preview":"max-video-preview:-1"},"canonical":"https:\/\/kgerad.de\/en\/product\/thule-easyfold-xt-3-934-fahrradtraeger\/","og_locale":"en_US","og_type":"article","og_title":"Thule EasyFold XT 3 934 - Fahrradtr\u00e4ger","og_description":"Entdecken Sie unseren Online-Fahrradladen: Gro\u00dfe Auswahl an Modellen f\u00fcr alle Radsportbegeisterten. Von Rennr\u00e4dern bis zu Mountainbikes - finden Sie heute Ihren perfekten Wegbegleiter!","og_url":"https:\/\/kgerad.de\/en\/product\/thule-easyfold-xt-3-934-fahrradtraeger\/","og_site_name":"kgerad.de","article_modified_time":"2023-08-10T17:29:32+00:00","og_image":[{"width":800,"height":691,"url":"https:\/\/kgerad.de\/wp-content\/uploads\/2023\/06\/934100_3V2gvlhg0Xv0fH_800x800-0.jpg","type":"image\/jpeg"}],"twitter_card":"summary_large_image","twitter_misc":{"Est. reading time":"3 minutes"},"schema":{"@context":"https:\/\/schema.org","@graph":[{"@type":"WebPage","@id":"https:\/\/kgerad.de\/produkt\/thule-easyfold-xt-3-934-fahrradtraeger\/","url":"https:\/\/kgerad.de\/produkt\/thule-easyfold-xt-3-934-fahrradtraeger\/","name":"Thule EasyFold XT 3 934 - Fahrradtr\u00e4ger","isPartOf":{"@id":"https:\/\/kgerad.de\/#website"},"primaryImageOfPage":{"@id":"https:\/\/kgerad.de\/produkt\/thule-easyfold-xt-3-934-fahrradtraeger\/#primaryimage"},"image":{"@id":"https:\/\/kgerad.de\/produkt\/thule-easyfold-xt-3-934-fahrradtraeger\/#primaryimage"},"thumbnailUrl":"https:\/\/kgerad.de\/wp-content\/uploads\/2023\/06\/934100_3V2gvlhg0Xv0fH_800x800-0.jpg","datePublished":"2022-12-07T10:53:55+00:00","dateModified":"2023-08-10T17:29:32+00:00","description":"Entdecken Sie unseren Online-Fahrradladen: Gro\u00dfe Auswahl an Modellen f\u00fcr alle Radsportbegeisterten. Von Rennr\u00e4dern bis zu Mountainbikes - finden Sie heute Ihren perfekten Wegbegleiter!","breadcrumb":{"@id":"https:\/\/kgerad.de\/produkt\/thule-easyfold-xt-3-934-fahrradtraeger\/#breadcrumb"},"inLanguage":"en-US","potentialAction":[{"@type":"ReadAction","target":["https:\/\/kgerad.de\/produkt\/thule-easyfold-xt-3-934-fahrradtraeger\/"]}]},{"@type":"ImageObject","inLanguage":"en-US","@id":"https:\/\/kgerad.de\/produkt\/thule-easyfold-xt-3-934-fahrradtraeger\/#primaryimage","url":"https:\/\/kgerad.de\/wp-content\/uploads\/2023\/06\/934100_3V2gvlhg0Xv0fH_800x800-0.jpg","contentUrl":"https:\/\/kgerad.de\/wp-content\/uploads\/2023\/06\/934100_3V2gvlhg0Xv0fH_800x800-0.jpg","width":800,"height":691,"caption":"Thule EasyFold XT 3 934 - Fahrradtr\u00e4ger"},{"@type":"BreadcrumbList","@id":"https:\/\/kgerad.de\/produkt\/thule-easyfold-xt-3-934-fahrradtraeger\/#breadcrumb","itemListElement":[{"@type":"ListItem","position":1,"name":"Startseite","item":"https:\/\/kgerad.de\/"},{"@type":"ListItem","position":2,"name":"LADEN","item":"https:\/\/kgerad.de\/laden\/"},{"@type":"ListItem","position":3,"name":"Thule EasyFold XT 3 934 &#8211; Fahrradtr\u00e4ger"}]},{"@type":"WebSite","@id":"https:\/\/kgerad.de\/#website","url":"https:\/\/kgerad.de\/","name":"kgerad.de","description":"Treten Sie mit uns ins Abenteuer!","publisher":{"@id":"https:\/\/kgerad.de\/#organization"},"alternateName":"MEIN RADLADEN","potentialAction":[{"@type":"SearchAction","target":{"@type":"EntryPoint","urlTemplate":"https:\/\/kgerad.de\/?s={search_term_string}"},"query-input":{"@type":"PropertyValueSpecification","valueRequired":true,"valueName":"search_term_string"}}],"inLanguage":"en-US"},{"@type":"Organization","@id":"https:\/\/kgerad.de\/#organization","name":"MEINRADLADEN","alternateName":"MEIN RADLADEN","url":"https:\/\/kgerad.de\/","logo":{"@type":"ImageObject","inLanguage":"en-US","@id":"https:\/\/kgerad.de\/#\/schema\/logo\/image\/","url":"https:\/\/kgerad.de\/wp-content\/uploads\/2025\/07\/logo-Whit.svg","contentUrl":"https:\/\/kgerad.de\/wp-content\/uploads\/2025\/07\/logo-Whit.svg","width":1640,"height":371,"caption":"MEINRADLADEN"},"image":{"@id":"https:\/\/kgerad.de\/#\/schema\/logo\/image\/"}}]}},"_links":{"self":[{"href":"https:\/\/kgerad.de\/en\/wp-json\/wp\/v2\/product\/48546","targetHints":{"allow":["GET"]}}],"collection":[{"href":"https:\/\/kgerad.de\/en\/wp-json\/wp\/v2\/product"}],"about":[{"href":"https:\/\/kgerad.de\/en\/wp-json\/wp\/v2\/types\/product"}],"replies":[{"embeddable":true,"href":"https:\/\/kgerad.de\/en\/wp-json\/wp\/v2\/comments?post=48546"}],"version-history":[{"count":1,"href":"https:\/\/kgerad.de\/en\/wp-json\/wp\/v2\/product\/48546\/revisions"}],"predecessor-version":[{"id":78729,"href":"https:\/\/kgerad.de\/en\/wp-json\/wp\/v2\/product\/48546\/revisions\/78729"}],"wp:featuredmedia":[{"embeddable":true,"href":"https:\/\/kgerad.de\/en\/wp-json\/wp\/v2\/media\/64754"}],"wp:attachment":[{"href":"https:\/\/kgerad.de\/en\/wp-json\/wp\/v2\/media?parent=48546"}],"wp:term":[{"taxonomy":"product_brand","embeddable":true,"href":"https:\/\/kgerad.de\/en\/wp-json\/wp\/v2\/product_brand?post=48546"},{"taxonomy":"product_cat","embeddable":true,"href":"https:\/\/kgerad.de\/en\/wp-json\/wp\/v2\/product_cat?post=48546"},{"taxonomy":"product_tag","embeddable":true,"href":"https:\/\/kgerad.de\/en\/wp-json\/wp\/v2\/product_tag?post=48546"}],"curies":[{"name":"wp","href":"https:\/\/api.w.org\/{rel}","templated":true}]}}