{"id":48517,"date":"2022-12-07T11:10:55","date_gmt":"2022-12-07T10:10:55","guid":{"rendered":"https:\/\/kgerad.de\/?post_type=product&#038;p=48517"},"modified":"2023-08-10T19:30:50","modified_gmt":"2023-08-10T17:30:50","slug":"bw-bike-guard-curv-fahrradkoffer","status":"publish","type":"product","link":"https:\/\/kgerad.de\/en\/product\/bw-bike-guard-curv-fahrradkoffer\/","title":{"rendered":"B&#038;W Bike Guard Curv Fahrradkoffer"},"content":{"rendered":"<h2 class=\"product--title\"><strong>B&amp;W<\/strong>\u00a0Bike Guard Curv Fahrradkoffer<\/h2>\n<p>Der B&amp;W Bike Guard Curv ist der leichteste Full-Size Fahrradkoffer der Welt und ein zuverl\u00e4ssige Begleiter f\u00fcr Deinen Bikeurlaub &#8211; bei einem unschlagbaren Gewicht von 8,2 Kilogramm!<\/p>\n<hr \/>\n<h3>Produkteigenschaften<\/h3>\n<ul>\n<li>Der Fahrradkoffer aus dem neuartigen Curv\u00ae-Material passend f\u00fcr Rennr\u00e4der, Mountainbikes und Triathlon-R\u00e4der inkl. 29&#8243;<\/li>\n<li>100% Polypropylen, ein Werkstoff der umweltschonend, witterungsbest\u00e4ndig und wieder verwertbar ist<\/li>\n<li>Besonders schlagfest, abriebbest\u00e4ndig, robust und langlebig &#8211; auch bei niedrigen Temperaturen<\/li>\n<li>Einsparung bis zu 50% Gewicht im Vergleich zu Faserverbundstoffen<\/li>\n<li>Vier stabile Leichtlaufrollen, zwei frei drehbar, zwei fest.<\/li>\n<li>Vier Griffe:ein verstellbarer Ziehgriff sowie ein Ziehgriff zum Ziehen auf zwei Rollen, zwei Tragegriffe<\/li>\n<li>Leichtes Packen durch abnehmbare Deckelschale<\/li>\n<li>Ein selbst spannender Gurtverschluss erleichtert das Schlie\u00dfen des Koffers und sch\u00fctzt gleichzeitig vor dem Aufspringen des Koffers<\/li>\n<li>Abschlie\u00dfbar mit TSA-Schl\u00f6ssern<\/li>\n<li>Deckel- und Bodenschale k\u00f6nnen ineinander gelegt werden<\/li>\n<li>Stapelbar<\/li>\n<\/ul>\n<h3>Innenausstattung<\/h3>\n<ul>\n<li>2 Laufradtaschen 29&#8243;<\/li>\n<li>Schaltwerkschutz<\/li>\n<li>Schaumstoffpolsterung zur Trennung von Rahmen und Laufr\u00e4dern<\/li>\n<li>Schaumstoff Abstandshalter f\u00fcr den Lenker<\/li>\n<li>4 Taschen f\u00fcr Zubeh\u00f6r wie Helm, Schuhe und Kleidung<\/li>\n<\/ul>\n<h3><strong>Abmessungen<\/strong><\/h3>\n<ul>\n<li>Innenma\u00dfe: 1300 (1070) x 840 x 285 mm<\/li>\n<li>Aussenma\u00dfe: 1310 x 910 x 315 mm<\/li>\n<\/ul>\n<h3>Farbe<\/h3>\n<ul>\n<li>schwarz<\/li>\n<\/ul>\n<h3>Gewicht<\/h3>\n<ul>\n<li>8,2 kg<\/li>\n<\/ul>\n<h3><\/h3>\n<hr \/>\n<h3>Lieferumfang<\/h3>\n<ul>\n<li>Bike Guard Curv Fahrradkoffer<\/li>\n<\/ul>\n<hr \/>\n<h3>B&amp;W bike.guard curv\u00ae im Einsatz: MTB-Team Focus XC<\/h3>\n<p><iframe src=\"https:\/\/www.youtube-nocookie.com\/embed\/lGpb1MsZWo4\" width=\"640\" height=\"360\" frameborder=\"0\" allowfullscreen=\"allowfullscreen\" data-mce-fragment=\"1\"><\/iframe><\/p>\n<h3>bike guard curv\u00ae &#8211; HOW TO ASSEMBLE &#8211; B&amp;W bike.cases &amp; bags<\/h3>\n<p><iframe src=\"https:\/\/www.youtube-nocookie.com\/embed\/WHVgTzBEx2c\" width=\"640\" height=\"360\" frameborder=\"0\" allowfullscreen=\"allowfullscreen\" data-mce-fragment=\"1\"><\/iframe><\/p>\n<h3>bike guard curv\u00ae &#8211; PACKING THE BIKE &#8211; B&amp;W bike.cases &amp; bags<\/h3>\n<p><iframe src=\"https:\/\/www.youtube-nocookie.com\/embed\/I-6XOhEOPGo\" width=\"640\" height=\"360\" frameborder=\"0\" allowfullscreen=\"allowfullscreen\" data-mce-fragment=\"1\"><\/iframe><\/p>","protected":false},"excerpt":{"rendered":"<p>B&amp;W\u00a0Bike Guard Curv Fahrradkoffer Der B&amp;W Bike Guard Curv ist der leichteste Full-Size Fahrradkoffer der Welt und ein zuverl\u00e4ssige Begleiter<\/p>","protected":false},"featured_media":64735,"comment_status":"open","ping_status":"closed","template":"","meta":[],"product_brand":[],"product_cat":[622,573],"product_tag":[],"class_list":{"0":"post-48517","1":"product","2":"type-product","3":"status-publish","4":"has-post-thumbnail","6":"product_cat-taschen","7":"product_cat-zubehor","8":"pa_marke-bw","10":"first","11":"instock","12":"sale","13":"taxable","14":"shipping-taxable","15":"purchasable","16":"product-type-simple"},"yoast_head":"<!-- This site is optimized with the Yoast SEO Premium plugin v20.12 (Yoast SEO v27.1.1) - https:\/\/yoast.com\/product\/yoast-seo-premium-wordpress\/ -->\n<title>B&amp;W Bike Guard Curv Fahrradkoffer<\/title>\n<meta name=\"description\" content=\"kgerad.de bietet Ihnen das B&amp;W Bike Guard Curv Fahrradkoffer zum besten Preis mit kostenlosem Versand in ganz Europa und mit sicherer Zahlung\" \/>\n<meta name=\"robots\" content=\"index, follow, max-snippet:-1, max-image-preview:large, max-video-preview:-1\" \/>\n<link rel=\"canonical\" href=\"https:\/\/kgerad.de\/en\/product\/bw-bike-guard-curv-fahrradkoffer\/\" \/>\n<meta property=\"og:locale\" content=\"en_US\" \/>\n<meta property=\"og:type\" content=\"article\" \/>\n<meta property=\"og:title\" content=\"B&amp;W Bike Guard Curv Fahrradkoffer\" \/>\n<meta property=\"og:description\" content=\"Entdecken Sie unseren Online-Fahrradladen: Gro\u00dfe Auswahl an Modellen f\u00fcr alle Radsportbegeisterten. Von Rennr\u00e4dern bis zu Mountainbikes - finden Sie heute Ihren perfekten Wegbegleiter!\" \/>\n<meta property=\"og:url\" content=\"https:\/\/kgerad.de\/en\/product\/bw-bike-guard-curv-fahrradkoffer\/\" \/>\n<meta property=\"og:site_name\" content=\"kgerad.de\" \/>\n<meta property=\"article:modified_time\" content=\"2023-08-10T17:30:50+00:00\" \/>\n<meta property=\"og:image\" content=\"https:\/\/kgerad.de\/wp-content\/uploads\/2023\/06\/B-W-bike_guard_curv_96015-1_800x800-0.jpg\" \/>\n\t<meta property=\"og:image:width\" content=\"678\" \/>\n\t<meta property=\"og:image:height\" content=\"800\" \/>\n\t<meta property=\"og:image:type\" content=\"image\/jpeg\" \/>\n<meta name=\"twitter:card\" content=\"summary_large_image\" \/>\n<meta name=\"twitter:label1\" content=\"Est. reading time\" \/>\n\t<meta name=\"twitter:data1\" content=\"2 minutes\" \/>\n<script type=\"application\/ld+json\" class=\"yoast-schema-graph\">{\"@context\":\"https:\/\/schema.org\",\"@graph\":[{\"@type\":\"WebPage\",\"@id\":\"https:\/\/kgerad.de\/produkt\/bw-bike-guard-curv-fahrradkoffer\/\",\"url\":\"https:\/\/kgerad.de\/produkt\/bw-bike-guard-curv-fahrradkoffer\/\",\"name\":\"B&W Bike Guard Curv Fahrradkoffer\",\"isPartOf\":{\"@id\":\"https:\/\/kgerad.de\/#website\"},\"primaryImageOfPage\":{\"@id\":\"https:\/\/kgerad.de\/produkt\/bw-bike-guard-curv-fahrradkoffer\/#primaryimage\"},\"image\":{\"@id\":\"https:\/\/kgerad.de\/produkt\/bw-bike-guard-curv-fahrradkoffer\/#primaryimage\"},\"thumbnailUrl\":\"https:\/\/kgerad.de\/wp-content\/uploads\/2023\/06\/B-W-bike_guard_curv_96015-1_800x800-0.jpg\",\"datePublished\":\"2022-12-07T10:10:55+00:00\",\"dateModified\":\"2023-08-10T17:30:50+00:00\",\"description\":\"kgerad.de bietet Ihnen das B&W Bike Guard Curv Fahrradkoffer zum besten Preis mit kostenlosem Versand in ganz Europa und mit sicherer Zahlung\",\"breadcrumb\":{\"@id\":\"https:\/\/kgerad.de\/produkt\/bw-bike-guard-curv-fahrradkoffer\/#breadcrumb\"},\"inLanguage\":\"en-US\",\"potentialAction\":[{\"@type\":\"ReadAction\",\"target\":[\"https:\/\/kgerad.de\/produkt\/bw-bike-guard-curv-fahrradkoffer\/\"]}]},{\"@type\":\"ImageObject\",\"inLanguage\":\"en-US\",\"@id\":\"https:\/\/kgerad.de\/produkt\/bw-bike-guard-curv-fahrradkoffer\/#primaryimage\",\"url\":\"https:\/\/kgerad.de\/wp-content\/uploads\/2023\/06\/B-W-bike_guard_curv_96015-1_800x800-0.jpg\",\"contentUrl\":\"https:\/\/kgerad.de\/wp-content\/uploads\/2023\/06\/B-W-bike_guard_curv_96015-1_800x800-0.jpg\",\"width\":678,\"height\":800,\"caption\":\"B&W Bike Guard Curv Fahrradkoffer\"},{\"@type\":\"BreadcrumbList\",\"@id\":\"https:\/\/kgerad.de\/produkt\/bw-bike-guard-curv-fahrradkoffer\/#breadcrumb\",\"itemListElement\":[{\"@type\":\"ListItem\",\"position\":1,\"name\":\"Startseite\",\"item\":\"https:\/\/kgerad.de\/\"},{\"@type\":\"ListItem\",\"position\":2,\"name\":\"LADEN\",\"item\":\"https:\/\/kgerad.de\/laden\/\"},{\"@type\":\"ListItem\",\"position\":3,\"name\":\"B&#038;W Bike Guard Curv Fahrradkoffer\"}]},{\"@type\":\"WebSite\",\"@id\":\"https:\/\/kgerad.de\/#website\",\"url\":\"https:\/\/kgerad.de\/\",\"name\":\"kgerad.de\",\"description\":\"Treten Sie mit uns ins Abenteuer!\",\"publisher\":{\"@id\":\"https:\/\/kgerad.de\/#organization\"},\"alternateName\":\"MEIN RADLADEN\",\"potentialAction\":[{\"@type\":\"SearchAction\",\"target\":{\"@type\":\"EntryPoint\",\"urlTemplate\":\"https:\/\/kgerad.de\/?s={search_term_string}\"},\"query-input\":{\"@type\":\"PropertyValueSpecification\",\"valueRequired\":true,\"valueName\":\"search_term_string\"}}],\"inLanguage\":\"en-US\"},{\"@type\":\"Organization\",\"@id\":\"https:\/\/kgerad.de\/#organization\",\"name\":\"MEINRADLADEN\",\"alternateName\":\"MEIN RADLADEN\",\"url\":\"https:\/\/kgerad.de\/\",\"logo\":{\"@type\":\"ImageObject\",\"inLanguage\":\"en-US\",\"@id\":\"https:\/\/kgerad.de\/#\/schema\/logo\/image\/\",\"url\":\"https:\/\/kgerad.de\/wp-content\/uploads\/2025\/07\/logo-Whit.svg\",\"contentUrl\":\"https:\/\/kgerad.de\/wp-content\/uploads\/2025\/07\/logo-Whit.svg\",\"width\":1640,\"height\":371,\"caption\":\"MEINRADLADEN\"},\"image\":{\"@id\":\"https:\/\/kgerad.de\/#\/schema\/logo\/image\/\"}}]}<\/script>\n<!-- \/ Yoast SEO Premium plugin. -->","yoast_head_json":{"title":"B&W Bike Guard Curv Fahrradkoffer","description":"kgerad.de bietet Ihnen das B&W Bike Guard Curv Fahrradkoffer zum besten Preis mit kostenlosem Versand in ganz Europa und mit sicherer Zahlung","robots":{"index":"index","follow":"follow","max-snippet":"max-snippet:-1","max-image-preview":"max-image-preview:large","max-video-preview":"max-video-preview:-1"},"canonical":"https:\/\/kgerad.de\/en\/product\/bw-bike-guard-curv-fahrradkoffer\/","og_locale":"en_US","og_type":"article","og_title":"B&W Bike Guard Curv Fahrradkoffer","og_description":"Entdecken Sie unseren Online-Fahrradladen: Gro\u00dfe Auswahl an Modellen f\u00fcr alle Radsportbegeisterten. Von Rennr\u00e4dern bis zu Mountainbikes - finden Sie heute Ihren perfekten Wegbegleiter!","og_url":"https:\/\/kgerad.de\/en\/product\/bw-bike-guard-curv-fahrradkoffer\/","og_site_name":"kgerad.de","article_modified_time":"2023-08-10T17:30:50+00:00","og_image":[{"width":678,"height":800,"url":"https:\/\/kgerad.de\/wp-content\/uploads\/2023\/06\/B-W-bike_guard_curv_96015-1_800x800-0.jpg","type":"image\/jpeg"}],"twitter_card":"summary_large_image","twitter_misc":{"Est. reading time":"2 minutes"},"schema":{"@context":"https:\/\/schema.org","@graph":[{"@type":"WebPage","@id":"https:\/\/kgerad.de\/produkt\/bw-bike-guard-curv-fahrradkoffer\/","url":"https:\/\/kgerad.de\/produkt\/bw-bike-guard-curv-fahrradkoffer\/","name":"B&W Bike Guard Curv Fahrradkoffer","isPartOf":{"@id":"https:\/\/kgerad.de\/#website"},"primaryImageOfPage":{"@id":"https:\/\/kgerad.de\/produkt\/bw-bike-guard-curv-fahrradkoffer\/#primaryimage"},"image":{"@id":"https:\/\/kgerad.de\/produkt\/bw-bike-guard-curv-fahrradkoffer\/#primaryimage"},"thumbnailUrl":"https:\/\/kgerad.de\/wp-content\/uploads\/2023\/06\/B-W-bike_guard_curv_96015-1_800x800-0.jpg","datePublished":"2022-12-07T10:10:55+00:00","dateModified":"2023-08-10T17:30:50+00:00","description":"kgerad.de bietet Ihnen das B&W Bike Guard Curv Fahrradkoffer zum besten Preis mit kostenlosem Versand in ganz Europa und mit sicherer Zahlung","breadcrumb":{"@id":"https:\/\/kgerad.de\/produkt\/bw-bike-guard-curv-fahrradkoffer\/#breadcrumb"},"inLanguage":"en-US","potentialAction":[{"@type":"ReadAction","target":["https:\/\/kgerad.de\/produkt\/bw-bike-guard-curv-fahrradkoffer\/"]}]},{"@type":"ImageObject","inLanguage":"en-US","@id":"https:\/\/kgerad.de\/produkt\/bw-bike-guard-curv-fahrradkoffer\/#primaryimage","url":"https:\/\/kgerad.de\/wp-content\/uploads\/2023\/06\/B-W-bike_guard_curv_96015-1_800x800-0.jpg","contentUrl":"https:\/\/kgerad.de\/wp-content\/uploads\/2023\/06\/B-W-bike_guard_curv_96015-1_800x800-0.jpg","width":678,"height":800,"caption":"B&W Bike Guard Curv Fahrradkoffer"},{"@type":"BreadcrumbList","@id":"https:\/\/kgerad.de\/produkt\/bw-bike-guard-curv-fahrradkoffer\/#breadcrumb","itemListElement":[{"@type":"ListItem","position":1,"name":"Startseite","item":"https:\/\/kgerad.de\/"},{"@type":"ListItem","position":2,"name":"LADEN","item":"https:\/\/kgerad.de\/laden\/"},{"@type":"ListItem","position":3,"name":"B&#038;W Bike Guard Curv Fahrradkoffer"}]},{"@type":"WebSite","@id":"https:\/\/kgerad.de\/#website","url":"https:\/\/kgerad.de\/","name":"kgerad.de","description":"Treten Sie mit uns ins Abenteuer!","publisher":{"@id":"https:\/\/kgerad.de\/#organization"},"alternateName":"MEIN RADLADEN","potentialAction":[{"@type":"SearchAction","target":{"@type":"EntryPoint","urlTemplate":"https:\/\/kgerad.de\/?s={search_term_string}"},"query-input":{"@type":"PropertyValueSpecification","valueRequired":true,"valueName":"search_term_string"}}],"inLanguage":"en-US"},{"@type":"Organization","@id":"https:\/\/kgerad.de\/#organization","name":"MEINRADLADEN","alternateName":"MEIN RADLADEN","url":"https:\/\/kgerad.de\/","logo":{"@type":"ImageObject","inLanguage":"en-US","@id":"https:\/\/kgerad.de\/#\/schema\/logo\/image\/","url":"https:\/\/kgerad.de\/wp-content\/uploads\/2025\/07\/logo-Whit.svg","contentUrl":"https:\/\/kgerad.de\/wp-content\/uploads\/2025\/07\/logo-Whit.svg","width":1640,"height":371,"caption":"MEINRADLADEN"},"image":{"@id":"https:\/\/kgerad.de\/#\/schema\/logo\/image\/"}}]}},"_links":{"self":[{"href":"https:\/\/kgerad.de\/en\/wp-json\/wp\/v2\/product\/48517","targetHints":{"allow":["GET"]}}],"collection":[{"href":"https:\/\/kgerad.de\/en\/wp-json\/wp\/v2\/product"}],"about":[{"href":"https:\/\/kgerad.de\/en\/wp-json\/wp\/v2\/types\/product"}],"replies":[{"embeddable":true,"href":"https:\/\/kgerad.de\/en\/wp-json\/wp\/v2\/comments?post=48517"}],"version-history":[{"count":1,"href":"https:\/\/kgerad.de\/en\/wp-json\/wp\/v2\/product\/48517\/revisions"}],"predecessor-version":[{"id":78733,"href":"https:\/\/kgerad.de\/en\/wp-json\/wp\/v2\/product\/48517\/revisions\/78733"}],"wp:featuredmedia":[{"embeddable":true,"href":"https:\/\/kgerad.de\/en\/wp-json\/wp\/v2\/media\/64735"}],"wp:attachment":[{"href":"https:\/\/kgerad.de\/en\/wp-json\/wp\/v2\/media?parent=48517"}],"wp:term":[{"taxonomy":"product_brand","embeddable":true,"href":"https:\/\/kgerad.de\/en\/wp-json\/wp\/v2\/product_brand?post=48517"},{"taxonomy":"product_cat","embeddable":true,"href":"https:\/\/kgerad.de\/en\/wp-json\/wp\/v2\/product_cat?post=48517"},{"taxonomy":"product_tag","embeddable":true,"href":"https:\/\/kgerad.de\/en\/wp-json\/wp\/v2\/product_tag?post=48517"}],"curies":[{"name":"wp","href":"https:\/\/api.w.org\/{rel}","templated":true}]}}