{"id":48506,"date":"2022-12-06T19:34:50","date_gmt":"2022-12-06T18:34:50","guid":{"rendered":"https:\/\/kgerad.de\/?post_type=product&#038;p=48506"},"modified":"2025-05-30T13:47:39","modified_gmt":"2025-05-30T11:47:39","slug":"thule-easyfold-xt-2-933-fahrradtraeger","status":"publish","type":"product","link":"https:\/\/kgerad.de\/en\/product\/thule-easyfold-xt-2-933-fahrradtraeger\/","title":{"rendered":"Thule EasyFold XT 2 933 &#8211; Fahrradtr\u00e4ger"},"content":{"rendered":"<h2 class=\"product--title\"><strong>Thule<\/strong>\u00a0EasyFold XT 2 933 &#8211; Fahrradtr\u00e4ger<\/h2>\n<p>Der komplett zusammenklappbare, kompakte und benutzerfreundliche Thule Anh\u00e4ngekupplungs Thule EasyFold XT f\u00fcr Fahrr\u00e4der jeder Art.<\/p>\n<hr \/>\n<table border=\"0\" width=\"100%\" cellspacing=\"1\" cellpadding=\"1\">\n<tbody>\n<tr>\n<td><img decoding=\"async\" title=\"Stiftung Warentest - Thule EasyFold XT 2 933\" src=\"https:\/\/cd.bike-discount.de\/media\/image\/26\/42\/c0\/stw_l_testwinner_siegel_q_schm_thuleeasyfoldxt2.jpg\" alt=\"\" width=\"138\" height=\"110\" data-mid=\"613261\" data-src=\"media\/image\/stw_l_testwinner_siegel_q_schm_thuleeasyfoldxt2.jpg\" \/><\/td>\n<td width=\"2%\"><\/td>\n<td><img decoding=\"async\" title=\"RR 1018 - Kauftipp\" src=\"https:\/\/cd.bike-discount.de\/media\/image\/09\/ce\/ee\/rr1018_kauf-tipp_hecktrager.jpg\" alt=\"\" width=\"83\" height=\"75\" data-mid=\"405404\" data-src=\"media\/image\/rr1018_kauf-tipp_hecktrager.jpg\" \/><br \/>\nRennRad 10\/2018<br \/>\nTest: &#8222;Lastentr\u00e4ger: Hecktr\u00e4ger&#8220;<br \/>\n<strong>Testergebnis: Kauf-Tipp &amp;\u00a0Sehr gut (17)<br \/>\n<\/strong><\/td>\n<td width=\"2%\"><\/td>\n<td><img decoding=\"async\" title=\"Bikesport emtb 0318 - Empfehlung\" src=\"https:\/\/cd.bike-discount.de\/media\/image\/32\/ff\/fc\/e-mtb-03-hecktrager_e_sg.jpg\" alt=\"\" width=\"66\" height=\"75\" data-mid=\"403121\" data-src=\"media\/image\/e-mtb-03-hecktrager_e_sg.jpg\" \/><br \/>\ne-mtb 03\/2018<br \/>\nTest: &#8222;Auf die Kupplung:\u00a0Hecktr\u00e4ger&#8220;<br \/>\n<strong>Testergebnis: Empfehlung &amp;\u00a0Sehr gut<\/strong><\/td>\n<\/tr>\n<\/tbody>\n<\/table>\n<hr \/>\n<h3>Features &#8211; Thule EasyFold XT 2 933<\/h3>\n<ul>\n<li>Komplett faltbar f\u00fcr bequeme Montage, Handhabung und Lagerung<\/li>\n<li>Hohe Zuladung erm\u00f6glicht den Transport von E-Bikes und schweren Mountainbikes<\/li>\n<li>Einfache Befestigung der Fahrr\u00e4der durch abnehmbare Fahrradhaltearme mit abschlie\u00dfbaren Thule AcuTight Drehmomentbegrenzer-Kn\u00f6pfen, die \u201eklicken\u201c, wenn das optimale Drehmoment erreicht ist.<\/li>\n<li>Gro\u00dfer Abstand zwischen den Felgenhaltern sorgt fu\u0308r einen \u201ereibungslosen\u201c Fahrradtransport<\/li>\n<li>Extra lange Felgenhalteb\u00e4nder mit Ratschenfunktion gestatten die einfache Befestigung von R\u00e4dern (Radbreite bis 4.7 Zoll), wodurch der Transport von Fatbikes erm\u00f6glicht wird Praktischer Abklappmechanismus mit Fu\u00dfpedal erm\u00f6glicht einfachen Zugang zum Kofferraum, selbst mit Fahrr\u00e4dern auf dem Tr\u00e4ger<\/li>\n<li>Einfache Montage und Einstellung des Fahrradtr\u00e4gers vor dem Schlie\u00dfen des Spannhebels dank der stabilen Verbindung zur Anh\u00e4ngekupplung<\/li>\n<li>Ergonomischer Transport des Fahrradtr\u00e4gers dank integrierter Tragegriffe<\/li>\n<li>Vormontiert, kein Werkzeug erforderlich<\/li>\n<li>Schlie\u00dfen Sie Ihre Fahrr\u00e4der am Fahrradtr\u00e4ger und den Fahrradtr\u00e4ger an der Anh\u00e4ngekupplung ab (Schl\u00f6sser im Lieferumfang enthalten)<\/li>\n<\/ul>\n<h3>Produkteigenschaften<\/h3>\n<ul>\n<li><strong>Max. Anzahl Fahrr\u00e4der:<\/strong>\u00a02<\/li>\n<li><strong>Zuladung:\u00a0<\/strong>60 kg<\/li>\n<li><strong>Max. Gewicht pro Fahrrad:\u00a0<\/strong>30 kg<\/li>\n<li><strong>Ma\u00dfe:\u00a0<\/strong>123 x 63 x 68 cm<\/li>\n<li><strong>Ma\u00dfe zusammengeklappt:\u00a0<\/strong>31 x 63 x 68 cm<\/li>\n<li><strong>Eignung f\u00fcr Rahmengr\u00f6\u00dfen:<\/strong>\u00a022\u201380 mm<\/li>\n<li><strong>Abnehmbare Rahmenhalter:\u00a0<\/strong>Ja<\/li>\n<li><strong>Abstand zwischen Fahrr\u00e4dern:<\/strong>\u00a022 cm<\/li>\n<li><strong>Radmontage an verstellbaren Haltern:<\/strong>\u00a0Pump buckles<\/li>\n<li><strong>Abklappbar (mit Fahrr\u00e4dern):<\/strong>\u00a0Ja<\/li>\n<li><strong>Geeignet f\u00fcr Fahrzeuge mit Ersatzrad am Heck:<\/strong>\u00a0Nein<\/li>\n<li><strong>R\u00fcckleuchten:<\/strong>\u00a0Ja<\/li>\n<li><strong>Steckeranschluss:<\/strong>\u00a013-pin<\/li>\n<li><strong>Kompatibel mit One-Key System:\u00a0<\/strong>Ja<\/li>\n<li><strong>Fahrrad am Tr\u00e4ger abschlie\u00dfbar:<\/strong>\u00a0Ja<\/li>\n<li><strong>Tr\u00e4ger abschlie\u00dfbar am Fahrzeug:<\/strong>\u00a0Ja<\/li>\n<\/ul>\n<h3>Kompatibilit\u00e4t<\/h3>\n<ul>\n<li><strong>Max. Reifenbreite:<\/strong>\u00a03&#8243;(Mit Thule XXL Fatbike Wheel Straps 4.7&#8243;)<\/li>\n<li><strong>Max. Felgendurchmesser:<\/strong>\u00a029&#8243;<\/li>\n<li><strong>Max. Radabstand:<\/strong>\u00a01300mm<\/li>\n<\/ul>\n<h3>Gewicht<\/h3>\n<ul>\n<li>17.9 kg (Herstellerangabe)<\/li>\n<\/ul>\n<hr \/>\n<h3>Lieferumfang<\/h3>\n<ul>\n<li>1 x Thule EasyFold XT 2 933<\/li>\n<\/ul>\n<hr \/>\n<h3>Testsieger-Archiv<\/h3>\n<p>ElektroRad 04\/2018 &#8211; Test: &#8222;Auf die Kupplung \u2013 fertig \u2013 los!: Hecktr\u00e4ger&#8220; &#8211; Testergebnis: Empfehlung &amp; Sehr gut<br \/>\nMountainBike 08\/2017 &#8211; Test: &#8222;Bike-Sherpas: Radtr\u00e4ger f\u00fcr die Anh\u00e4ngerkupplung&#8220; &#8211; Testergebnis: Testsieger &amp;\u00a0\u00dcberragend (98 Pkt.)<br \/>\nDesign &amp;\u00a0Innovation Award 2017<\/p>\n<hr \/>\n<h3>Towbar Bike Rack \u2013 Thule EasyFold XT (2-bike)<\/h3>\n<p><iframe src=\"https:\/\/www.youtube-nocookie.com\/embed\/LkjTbTn3VCE\" width=\"640\" height=\"360\" frameborder=\"0\" allowfullscreen=\"allowfullscreen\" data-mce-fragment=\"1\"><\/iframe><\/p>","protected":false},"excerpt":{"rendered":"<p>Thule\u00a0EasyFold XT 2 933 &#8211; Fahrradtr\u00e4ger Der komplett zusammenklappbare, kompakte und benutzerfreundliche Thule Anh\u00e4ngekupplungs Thule EasyFold XT f\u00fcr Fahrr\u00e4der jeder<\/p>","protected":false},"featured_media":64727,"comment_status":"open","ping_status":"closed","template":"","meta":[],"product_brand":[],"product_cat":[783],"product_tag":[],"class_list":{"0":"post-48506","1":"product","2":"type-product","3":"status-publish","4":"has-post-thumbnail","6":"product_cat-accessories","7":"pa_marke-thule","9":"first","10":"instock","11":"sale","12":"taxable","13":"shipping-taxable","14":"purchasable","15":"product-type-simple"},"yoast_head":"<!-- This site is optimized with the Yoast SEO Premium plugin v20.12 (Yoast SEO v27.1.1) - https:\/\/yoast.com\/product\/yoast-seo-premium-wordpress\/ -->\n<title>Thule EasyFold XT 2 933 - Fahrradtr\u00e4ger<\/title>\n<meta name=\"description\" content=\"Entdecken Sie unseren Online-Fahrradladen: Gro\u00dfe Auswahl an Modellen f\u00fcr alle Radsportbegeisterten. Von Rennr\u00e4dern bis zu Mountainbikes - finden Sie heute Ihren perfekten Wegbegleiter!\" \/>\n<meta name=\"robots\" content=\"index, follow, max-snippet:-1, max-image-preview:large, max-video-preview:-1\" \/>\n<link rel=\"canonical\" href=\"https:\/\/kgerad.de\/en\/product\/thule-easyfold-xt-2-933-fahrradtraeger\/\" \/>\n<meta property=\"og:locale\" content=\"en_US\" \/>\n<meta property=\"og:type\" content=\"article\" \/>\n<meta property=\"og:title\" content=\"Thule EasyFold XT 2 933 - Fahrradtr\u00e4ger\" \/>\n<meta property=\"og:description\" content=\"Entdecken Sie unseren Online-Fahrradladen: Gro\u00dfe Auswahl an Modellen f\u00fcr alle Radsportbegeisterten. Von Rennr\u00e4dern bis zu Mountainbikes - finden Sie heute Ihren perfekten Wegbegleiter!\" \/>\n<meta property=\"og:url\" content=\"https:\/\/kgerad.de\/en\/product\/thule-easyfold-xt-2-933-fahrradtraeger\/\" \/>\n<meta property=\"og:site_name\" content=\"kgerad.de\" \/>\n<meta property=\"article:modified_time\" content=\"2025-05-30T11:47:39+00:00\" \/>\n<meta property=\"og:image\" content=\"https:\/\/kgerad.de\/wp-content\/uploads\/2023\/06\/933100_1m5GY8rD5PI5bw_800x800-1.jpg\" \/>\n\t<meta property=\"og:image:width\" content=\"800\" \/>\n\t<meta property=\"og:image:height\" content=\"419\" \/>\n\t<meta property=\"og:image:type\" content=\"image\/jpeg\" \/>\n<meta name=\"twitter:card\" content=\"summary_large_image\" \/>\n<meta name=\"twitter:label1\" content=\"Est. reading time\" \/>\n\t<meta name=\"twitter:data1\" content=\"3 minutes\" \/>\n<script type=\"application\/ld+json\" class=\"yoast-schema-graph\">{\"@context\":\"https:\/\/schema.org\",\"@graph\":[{\"@type\":\"WebPage\",\"@id\":\"https:\/\/kgerad.de\/produkt\/thule-easyfold-xt-2-933-fahrradtraeger\/\",\"url\":\"https:\/\/kgerad.de\/produkt\/thule-easyfold-xt-2-933-fahrradtraeger\/\",\"name\":\"Thule EasyFold XT 2 933 - Fahrradtr\u00e4ger\",\"isPartOf\":{\"@id\":\"https:\/\/kgerad.de\/#website\"},\"primaryImageOfPage\":{\"@id\":\"https:\/\/kgerad.de\/produkt\/thule-easyfold-xt-2-933-fahrradtraeger\/#primaryimage\"},\"image\":{\"@id\":\"https:\/\/kgerad.de\/produkt\/thule-easyfold-xt-2-933-fahrradtraeger\/#primaryimage\"},\"thumbnailUrl\":\"https:\/\/kgerad.de\/wp-content\/uploads\/2023\/06\/933100_1m5GY8rD5PI5bw_800x800-1.jpg\",\"datePublished\":\"2022-12-06T18:34:50+00:00\",\"dateModified\":\"2025-05-30T11:47:39+00:00\",\"description\":\"Entdecken Sie unseren Online-Fahrradladen: Gro\u00dfe Auswahl an Modellen f\u00fcr alle Radsportbegeisterten. Von Rennr\u00e4dern bis zu Mountainbikes - finden Sie heute Ihren perfekten Wegbegleiter!\",\"breadcrumb\":{\"@id\":\"https:\/\/kgerad.de\/produkt\/thule-easyfold-xt-2-933-fahrradtraeger\/#breadcrumb\"},\"inLanguage\":\"en-US\",\"potentialAction\":[{\"@type\":\"ReadAction\",\"target\":[\"https:\/\/kgerad.de\/produkt\/thule-easyfold-xt-2-933-fahrradtraeger\/\"]}]},{\"@type\":\"ImageObject\",\"inLanguage\":\"en-US\",\"@id\":\"https:\/\/kgerad.de\/produkt\/thule-easyfold-xt-2-933-fahrradtraeger\/#primaryimage\",\"url\":\"https:\/\/kgerad.de\/wp-content\/uploads\/2023\/06\/933100_1m5GY8rD5PI5bw_800x800-1.jpg\",\"contentUrl\":\"https:\/\/kgerad.de\/wp-content\/uploads\/2023\/06\/933100_1m5GY8rD5PI5bw_800x800-1.jpg\",\"width\":800,\"height\":419,\"caption\":\"Thule EasyFold XT 2 933 - Fahrradtr\u00e4ger\"},{\"@type\":\"BreadcrumbList\",\"@id\":\"https:\/\/kgerad.de\/produkt\/thule-easyfold-xt-2-933-fahrradtraeger\/#breadcrumb\",\"itemListElement\":[{\"@type\":\"ListItem\",\"position\":1,\"name\":\"Startseite\",\"item\":\"https:\/\/kgerad.de\/\"},{\"@type\":\"ListItem\",\"position\":2,\"name\":\"LADEN\",\"item\":\"https:\/\/kgerad.de\/laden\/\"},{\"@type\":\"ListItem\",\"position\":3,\"name\":\"Thule EasyFold XT 2 933 &#8211; Fahrradtr\u00e4ger\"}]},{\"@type\":\"WebSite\",\"@id\":\"https:\/\/kgerad.de\/#website\",\"url\":\"https:\/\/kgerad.de\/\",\"name\":\"kgerad.de\",\"description\":\"Treten Sie mit uns ins Abenteuer!\",\"publisher\":{\"@id\":\"https:\/\/kgerad.de\/#organization\"},\"alternateName\":\"MEIN RADLADEN\",\"potentialAction\":[{\"@type\":\"SearchAction\",\"target\":{\"@type\":\"EntryPoint\",\"urlTemplate\":\"https:\/\/kgerad.de\/?s={search_term_string}\"},\"query-input\":{\"@type\":\"PropertyValueSpecification\",\"valueRequired\":true,\"valueName\":\"search_term_string\"}}],\"inLanguage\":\"en-US\"},{\"@type\":\"Organization\",\"@id\":\"https:\/\/kgerad.de\/#organization\",\"name\":\"MEINRADLADEN\",\"alternateName\":\"MEIN RADLADEN\",\"url\":\"https:\/\/kgerad.de\/\",\"logo\":{\"@type\":\"ImageObject\",\"inLanguage\":\"en-US\",\"@id\":\"https:\/\/kgerad.de\/#\/schema\/logo\/image\/\",\"url\":\"https:\/\/kgerad.de\/wp-content\/uploads\/2025\/07\/logo-Whit.svg\",\"contentUrl\":\"https:\/\/kgerad.de\/wp-content\/uploads\/2025\/07\/logo-Whit.svg\",\"width\":1640,\"height\":371,\"caption\":\"MEINRADLADEN\"},\"image\":{\"@id\":\"https:\/\/kgerad.de\/#\/schema\/logo\/image\/\"}}]}<\/script>\n<!-- \/ Yoast SEO Premium plugin. -->","yoast_head_json":{"title":"Thule EasyFold XT 2 933 - Fahrradtr\u00e4ger","description":"Entdecken Sie unseren Online-Fahrradladen: Gro\u00dfe Auswahl an Modellen f\u00fcr alle Radsportbegeisterten. Von Rennr\u00e4dern bis zu Mountainbikes - finden Sie heute Ihren perfekten Wegbegleiter!","robots":{"index":"index","follow":"follow","max-snippet":"max-snippet:-1","max-image-preview":"max-image-preview:large","max-video-preview":"max-video-preview:-1"},"canonical":"https:\/\/kgerad.de\/en\/product\/thule-easyfold-xt-2-933-fahrradtraeger\/","og_locale":"en_US","og_type":"article","og_title":"Thule EasyFold XT 2 933 - Fahrradtr\u00e4ger","og_description":"Entdecken Sie unseren Online-Fahrradladen: Gro\u00dfe Auswahl an Modellen f\u00fcr alle Radsportbegeisterten. Von Rennr\u00e4dern bis zu Mountainbikes - finden Sie heute Ihren perfekten Wegbegleiter!","og_url":"https:\/\/kgerad.de\/en\/product\/thule-easyfold-xt-2-933-fahrradtraeger\/","og_site_name":"kgerad.de","article_modified_time":"2025-05-30T11:47:39+00:00","og_image":[{"width":800,"height":419,"url":"https:\/\/kgerad.de\/wp-content\/uploads\/2023\/06\/933100_1m5GY8rD5PI5bw_800x800-1.jpg","type":"image\/jpeg"}],"twitter_card":"summary_large_image","twitter_misc":{"Est. reading time":"3 minutes"},"schema":{"@context":"https:\/\/schema.org","@graph":[{"@type":"WebPage","@id":"https:\/\/kgerad.de\/produkt\/thule-easyfold-xt-2-933-fahrradtraeger\/","url":"https:\/\/kgerad.de\/produkt\/thule-easyfold-xt-2-933-fahrradtraeger\/","name":"Thule EasyFold XT 2 933 - Fahrradtr\u00e4ger","isPartOf":{"@id":"https:\/\/kgerad.de\/#website"},"primaryImageOfPage":{"@id":"https:\/\/kgerad.de\/produkt\/thule-easyfold-xt-2-933-fahrradtraeger\/#primaryimage"},"image":{"@id":"https:\/\/kgerad.de\/produkt\/thule-easyfold-xt-2-933-fahrradtraeger\/#primaryimage"},"thumbnailUrl":"https:\/\/kgerad.de\/wp-content\/uploads\/2023\/06\/933100_1m5GY8rD5PI5bw_800x800-1.jpg","datePublished":"2022-12-06T18:34:50+00:00","dateModified":"2025-05-30T11:47:39+00:00","description":"Entdecken Sie unseren Online-Fahrradladen: Gro\u00dfe Auswahl an Modellen f\u00fcr alle Radsportbegeisterten. Von Rennr\u00e4dern bis zu Mountainbikes - finden Sie heute Ihren perfekten Wegbegleiter!","breadcrumb":{"@id":"https:\/\/kgerad.de\/produkt\/thule-easyfold-xt-2-933-fahrradtraeger\/#breadcrumb"},"inLanguage":"en-US","potentialAction":[{"@type":"ReadAction","target":["https:\/\/kgerad.de\/produkt\/thule-easyfold-xt-2-933-fahrradtraeger\/"]}]},{"@type":"ImageObject","inLanguage":"en-US","@id":"https:\/\/kgerad.de\/produkt\/thule-easyfold-xt-2-933-fahrradtraeger\/#primaryimage","url":"https:\/\/kgerad.de\/wp-content\/uploads\/2023\/06\/933100_1m5GY8rD5PI5bw_800x800-1.jpg","contentUrl":"https:\/\/kgerad.de\/wp-content\/uploads\/2023\/06\/933100_1m5GY8rD5PI5bw_800x800-1.jpg","width":800,"height":419,"caption":"Thule EasyFold XT 2 933 - Fahrradtr\u00e4ger"},{"@type":"BreadcrumbList","@id":"https:\/\/kgerad.de\/produkt\/thule-easyfold-xt-2-933-fahrradtraeger\/#breadcrumb","itemListElement":[{"@type":"ListItem","position":1,"name":"Startseite","item":"https:\/\/kgerad.de\/"},{"@type":"ListItem","position":2,"name":"LADEN","item":"https:\/\/kgerad.de\/laden\/"},{"@type":"ListItem","position":3,"name":"Thule EasyFold XT 2 933 &#8211; Fahrradtr\u00e4ger"}]},{"@type":"WebSite","@id":"https:\/\/kgerad.de\/#website","url":"https:\/\/kgerad.de\/","name":"kgerad.de","description":"Treten Sie mit uns ins Abenteuer!","publisher":{"@id":"https:\/\/kgerad.de\/#organization"},"alternateName":"MEIN RADLADEN","potentialAction":[{"@type":"SearchAction","target":{"@type":"EntryPoint","urlTemplate":"https:\/\/kgerad.de\/?s={search_term_string}"},"query-input":{"@type":"PropertyValueSpecification","valueRequired":true,"valueName":"search_term_string"}}],"inLanguage":"en-US"},{"@type":"Organization","@id":"https:\/\/kgerad.de\/#organization","name":"MEINRADLADEN","alternateName":"MEIN RADLADEN","url":"https:\/\/kgerad.de\/","logo":{"@type":"ImageObject","inLanguage":"en-US","@id":"https:\/\/kgerad.de\/#\/schema\/logo\/image\/","url":"https:\/\/kgerad.de\/wp-content\/uploads\/2025\/07\/logo-Whit.svg","contentUrl":"https:\/\/kgerad.de\/wp-content\/uploads\/2025\/07\/logo-Whit.svg","width":1640,"height":371,"caption":"MEINRADLADEN"},"image":{"@id":"https:\/\/kgerad.de\/#\/schema\/logo\/image\/"}}]}},"_links":{"self":[{"href":"https:\/\/kgerad.de\/en\/wp-json\/wp\/v2\/product\/48506","targetHints":{"allow":["GET"]}}],"collection":[{"href":"https:\/\/kgerad.de\/en\/wp-json\/wp\/v2\/product"}],"about":[{"href":"https:\/\/kgerad.de\/en\/wp-json\/wp\/v2\/types\/product"}],"replies":[{"embeddable":true,"href":"https:\/\/kgerad.de\/en\/wp-json\/wp\/v2\/comments?post=48506"}],"version-history":[{"count":1,"href":"https:\/\/kgerad.de\/en\/wp-json\/wp\/v2\/product\/48506\/revisions"}],"predecessor-version":[{"id":78734,"href":"https:\/\/kgerad.de\/en\/wp-json\/wp\/v2\/product\/48506\/revisions\/78734"}],"wp:featuredmedia":[{"embeddable":true,"href":"https:\/\/kgerad.de\/en\/wp-json\/wp\/v2\/media\/64727"}],"wp:attachment":[{"href":"https:\/\/kgerad.de\/en\/wp-json\/wp\/v2\/media?parent=48506"}],"wp:term":[{"taxonomy":"product_brand","embeddable":true,"href":"https:\/\/kgerad.de\/en\/wp-json\/wp\/v2\/product_brand?post=48506"},{"taxonomy":"product_cat","embeddable":true,"href":"https:\/\/kgerad.de\/en\/wp-json\/wp\/v2\/product_cat?post=48506"},{"taxonomy":"product_tag","embeddable":true,"href":"https:\/\/kgerad.de\/en\/wp-json\/wp\/v2\/product_tag?post=48506"}],"curies":[{"name":"wp","href":"https:\/\/api.w.org\/{rel}","templated":true}]}}