{"id":48478,"date":"2022-12-06T19:19:55","date_gmt":"2022-12-06T18:19:55","guid":{"rendered":"https:\/\/kgerad.de\/?post_type=product&#038;p=48478"},"modified":"2023-08-10T19:31:26","modified_gmt":"2023-08-10T17:31:26","slug":"thule-wanderway-2-911-hecktraeger","status":"publish","type":"product","link":"https:\/\/kgerad.de\/en\/product\/thule-wanderway-2-911-hecktraeger\/","title":{"rendered":"Thule WanderWay 2 911 &#8211; Hecktr\u00e4ger"},"content":{"rendered":"<h2 class=\"product--title\"><strong>Thule<\/strong>\u00a0WanderWay 2 911 &#8211; Hecktr\u00e4ger<\/h2>\n<p>Der Thule WanderWay 2 Heckklappenfahrradtr\u00e4ger f\u00fcr den VW T6 ist auf den Transport von 2 R\u00e4dern ausgelegt, mit dem WanderWay 3rd\/4th Adapters kann die Ladekapazit\u00e4t auf bis zu 4 R\u00e4der erh\u00f6ht werden. Dank der erh\u00f6hten Position des Tr\u00e4gers bleibt die Sicht auf die R\u00fccklichter f\u00fcr den nachfolgenden Verkehr erhalten.<\/p>\n<hr \/>\n<h3>Features &#8211; Thule WanderWay 2<\/h3>\n<ul>\n<li>Dank exakter Passform f\u00fcr den VW T6 schnell und einfach zu montieren<\/li>\n<li>Die Zuladung l\u00e4sst sich mit Adaptern auf bis zu vier Fahrr\u00e4der erh\u00f6hen (<em>WanderWay 3rd Bike Adapter und WanderWay 4rd Bike Adapter separat erh\u00e4ltlich<\/em>)<\/li>\n<li>Durch die erh\u00f6hte Position des Tr\u00e4gers bleibt die Sicht auf die R\u00fccklichter und das Kennzeichen erhalten<\/li>\n<li>Einfache Aufladung der Fahrr\u00e4der durch abnehmbare Fahrradhaltearme mit abschlie\u00dfbaren Thule AcuTight-Drehmomentbegrenzer-Kn\u00f6pfen, die klicken, wenn das optimale Drehmoment erreicht ist<\/li>\n<li>Leichtes Aufladen von Fahrr\u00e4dern dank einfach anpassbarer Schienen, die von links nach rechts gleiten<\/li>\n<li>Mit den verstellbaren Radhaltern mit Ratschenfunktion lassen sich R\u00e4der leicht befestigen<\/li>\n<li>Die Plattform l\u00e4sst sich bei Nichtgebrauch f\u00fcr leichten Transport und praktische Lagerung vertikal an den Kofferraum hochklappen<\/li>\n<li>Zum Abschlie\u00dfen der Fahrr\u00e4der am Fahrradtr\u00e4ger (Schloss im Lieferumfang enthalten)<\/li>\n<li>Kofferraum kann ohne aufgeladene Fahrr\u00e4der ge\u00f6ffnet werden<\/li>\n<\/ul>\n<h3>Produkteigenschaften<\/h3>\n<ul>\n<li><strong>Max. Anzahl Fahrr\u00e4der:<\/strong>\u00a02\u00a0<em>(Mit WanderWay 3rd Bike Adapter und WanderWay 4th Bike Adapter l\u00e4\u00dft sich die Kapazit\u00e4t auf bis zu 4 Fahrr\u00e4der erh\u00f6hen &#8211; Nicht im Lieferumfang enthalten!)<\/em><\/li>\n<li><strong>Zuladung:<\/strong>\u00a060 kg<\/li>\n<li><strong>Ma\u00dfe:<\/strong>\u00a0152 x 111 x 91 cm<\/li>\n<li><strong>Ma\u00dfe zusammengeklappt:\u00a0<\/strong>152 x 47 x 91 cm<\/li>\n<li><strong>Eignung f\u00fcr Rahmengr\u00f6\u00dfen:\u00a0<\/strong>22\u201380 mm<\/li>\n<li><strong>Abnehmbare Rahmenhalter:\u00a0<\/strong>Ja<\/li>\n<li><strong>Geeignet f\u00fcr Karbonrahmen:<\/strong>\u00a0Ja\u00a0<em>(Mit Thule Carbon Frame Protector<\/em><em>\u00a0Adapter\u00a0&#8211; Nicht im Lieferumfang enthalten!)<\/em><\/li>\n<li><strong>R\u00fccklichter und Kennzeichen mit Fahrr\u00e4dern auf dem Tr\u00e4ger sichtbar:<\/strong>\u00a0Ja<em><br \/>\n<\/em><\/li>\n<li><strong>Kompatibel mit One-Key System:\u00a0<\/strong>Ja<\/li>\n<li><strong>Fahrrad am Tr\u00e4ger abschlie\u00dfbar:<\/strong>\u00a0Ja<\/li>\n<li><strong>Tr\u00e4ger abschlie\u00dfbar am Fahrzeug:<\/strong>\u00a0Nein<\/li>\n<\/ul>\n<h3>Kompatibilit\u00e4t<\/h3>\n<ul>\n<li><strong>Max. Reifenbreite:<\/strong>\u00a03&#8243;<\/li>\n<li><strong>Max. Felgendurchmesser:<\/strong>\u00a029&#8243;<\/li>\n<\/ul>\n<h3>Gewicht<\/h3>\n<ul>\n<li>12.4 kg (Herstellerangabe)<\/li>\n<\/ul>\n<hr \/>\n<h3>Lieferumfang<\/h3>\n<ul>\n<li>1 x Thule WanderWay 2 VW T6 Heckklappenfahrradtr\u00e4ger<\/li>\n<\/ul>\n<p><em>Thule WanderWay 3rd und 4th Bike Adapter ist nicht im Lieferumfang enthalten!<\/em><\/p>\n<hr \/>\n<h3>Thule WanderWay<\/h3>\n<p><iframe src=\"https:\/\/www.youtube-nocookie.com\/embed\/IhdmE4kbbQU\" width=\"640\" height=\"360\" frameborder=\"0\" allowfullscreen=\"allowfullscreen\" data-mce-fragment=\"1\"><\/iframe><\/p>","protected":false},"excerpt":{"rendered":"<p>Thule\u00a0WanderWay 2 911 &#8211; Hecktr\u00e4ger Der Thule WanderWay 2 Heckklappenfahrradtr\u00e4ger f\u00fcr den VW T6 ist auf den Transport von 2<\/p>","protected":false},"featured_media":64716,"comment_status":"open","ping_status":"closed","template":"","meta":[],"product_brand":[],"product_cat":[636,573],"product_tag":[],"class_list":{"0":"post-48478","1":"product","2":"type-product","3":"status-publish","4":"has-post-thumbnail","6":"product_cat-transport","7":"product_cat-zubehor","8":"pa_marke-thule","10":"first","11":"instock","12":"sale","13":"taxable","14":"shipping-taxable","15":"purchasable","16":"product-type-simple"},"yoast_head":"<!-- This site is optimized with the Yoast SEO Premium plugin v20.12 (Yoast SEO v27.1.1) - https:\/\/yoast.com\/product\/yoast-seo-premium-wordpress\/ -->\n<title>Thule WanderWay 2 911 - Hecktr\u00e4ger<\/title>\n<meta name=\"description\" content=\"kgerad.de bietet Ihnen das Thule WanderWay 2 911 - Hecktr\u00e4ger zum besten Preis mit kostenlosem Versand in ganz Europa und mit sicherer Zahlung\" \/>\n<meta name=\"robots\" content=\"index, follow, max-snippet:-1, max-image-preview:large, max-video-preview:-1\" \/>\n<link rel=\"canonical\" href=\"https:\/\/kgerad.de\/en\/product\/thule-wanderway-2-911-hecktraeger\/\" \/>\n<meta property=\"og:locale\" content=\"en_US\" \/>\n<meta property=\"og:type\" content=\"article\" \/>\n<meta property=\"og:title\" content=\"Thule WanderWay 2 911 - Hecktr\u00e4ger\" \/>\n<meta property=\"og:description\" content=\"Entdecken Sie unseren Online-Fahrradladen: Gro\u00dfe Auswahl an Modellen f\u00fcr alle Radsportbegeisterten. Von Rennr\u00e4dern bis zu Mountainbikes - finden Sie heute Ihren perfekten Wegbegleiter!\" \/>\n<meta property=\"og:url\" content=\"https:\/\/kgerad.de\/en\/product\/thule-wanderway-2-911-hecktraeger\/\" \/>\n<meta property=\"og:site_name\" content=\"kgerad.de\" \/>\n<meta property=\"article:modified_time\" content=\"2023-08-10T17:31:26+00:00\" \/>\n<meta property=\"og:image\" content=\"https:\/\/kgerad.de\/wp-content\/uploads\/2023\/06\/Thule-WanderWay-2-VW-T6-Heckklappenfahrradtraeger-911001-1_800x800-0.jpg\" \/>\n\t<meta property=\"og:image:width\" content=\"800\" \/>\n\t<meta property=\"og:image:height\" content=\"633\" \/>\n\t<meta property=\"og:image:type\" content=\"image\/jpeg\" \/>\n<meta name=\"twitter:card\" content=\"summary_large_image\" \/>\n<meta name=\"twitter:label1\" content=\"Est. reading time\" \/>\n\t<meta name=\"twitter:data1\" content=\"2 minutes\" \/>\n<script type=\"application\/ld+json\" class=\"yoast-schema-graph\">{\"@context\":\"https:\/\/schema.org\",\"@graph\":[{\"@type\":\"WebPage\",\"@id\":\"https:\/\/kgerad.de\/produkt\/thule-wanderway-2-911-hecktraeger\/\",\"url\":\"https:\/\/kgerad.de\/produkt\/thule-wanderway-2-911-hecktraeger\/\",\"name\":\"Thule WanderWay 2 911 - Hecktr\u00e4ger\",\"isPartOf\":{\"@id\":\"https:\/\/kgerad.de\/#website\"},\"primaryImageOfPage\":{\"@id\":\"https:\/\/kgerad.de\/produkt\/thule-wanderway-2-911-hecktraeger\/#primaryimage\"},\"image\":{\"@id\":\"https:\/\/kgerad.de\/produkt\/thule-wanderway-2-911-hecktraeger\/#primaryimage\"},\"thumbnailUrl\":\"https:\/\/kgerad.de\/wp-content\/uploads\/2023\/06\/Thule-WanderWay-2-VW-T6-Heckklappenfahrradtraeger-911001-1_800x800-0.jpg\",\"datePublished\":\"2022-12-06T18:19:55+00:00\",\"dateModified\":\"2023-08-10T17:31:26+00:00\",\"description\":\"kgerad.de bietet Ihnen das Thule WanderWay 2 911 - Hecktr\u00e4ger zum besten Preis mit kostenlosem Versand in ganz Europa und mit sicherer Zahlung\",\"breadcrumb\":{\"@id\":\"https:\/\/kgerad.de\/produkt\/thule-wanderway-2-911-hecktraeger\/#breadcrumb\"},\"inLanguage\":\"en-US\",\"potentialAction\":[{\"@type\":\"ReadAction\",\"target\":[\"https:\/\/kgerad.de\/produkt\/thule-wanderway-2-911-hecktraeger\/\"]}]},{\"@type\":\"ImageObject\",\"inLanguage\":\"en-US\",\"@id\":\"https:\/\/kgerad.de\/produkt\/thule-wanderway-2-911-hecktraeger\/#primaryimage\",\"url\":\"https:\/\/kgerad.de\/wp-content\/uploads\/2023\/06\/Thule-WanderWay-2-VW-T6-Heckklappenfahrradtraeger-911001-1_800x800-0.jpg\",\"contentUrl\":\"https:\/\/kgerad.de\/wp-content\/uploads\/2023\/06\/Thule-WanderWay-2-VW-T6-Heckklappenfahrradtraeger-911001-1_800x800-0.jpg\",\"width\":800,\"height\":633,\"caption\":\"Thule WanderWay 2 911 - Hecktr\u00e4ger\"},{\"@type\":\"BreadcrumbList\",\"@id\":\"https:\/\/kgerad.de\/produkt\/thule-wanderway-2-911-hecktraeger\/#breadcrumb\",\"itemListElement\":[{\"@type\":\"ListItem\",\"position\":1,\"name\":\"Startseite\",\"item\":\"https:\/\/kgerad.de\/\"},{\"@type\":\"ListItem\",\"position\":2,\"name\":\"LADEN\",\"item\":\"https:\/\/kgerad.de\/laden\/\"},{\"@type\":\"ListItem\",\"position\":3,\"name\":\"Thule WanderWay 2 911 &#8211; Hecktr\u00e4ger\"}]},{\"@type\":\"WebSite\",\"@id\":\"https:\/\/kgerad.de\/#website\",\"url\":\"https:\/\/kgerad.de\/\",\"name\":\"kgerad.de\",\"description\":\"Treten Sie mit uns ins Abenteuer!\",\"publisher\":{\"@id\":\"https:\/\/kgerad.de\/#organization\"},\"alternateName\":\"MEIN RADLADEN\",\"potentialAction\":[{\"@type\":\"SearchAction\",\"target\":{\"@type\":\"EntryPoint\",\"urlTemplate\":\"https:\/\/kgerad.de\/?s={search_term_string}\"},\"query-input\":{\"@type\":\"PropertyValueSpecification\",\"valueRequired\":true,\"valueName\":\"search_term_string\"}}],\"inLanguage\":\"en-US\"},{\"@type\":\"Organization\",\"@id\":\"https:\/\/kgerad.de\/#organization\",\"name\":\"MEINRADLADEN\",\"alternateName\":\"MEIN RADLADEN\",\"url\":\"https:\/\/kgerad.de\/\",\"logo\":{\"@type\":\"ImageObject\",\"inLanguage\":\"en-US\",\"@id\":\"https:\/\/kgerad.de\/#\/schema\/logo\/image\/\",\"url\":\"https:\/\/kgerad.de\/wp-content\/uploads\/2025\/07\/logo-Whit.svg\",\"contentUrl\":\"https:\/\/kgerad.de\/wp-content\/uploads\/2025\/07\/logo-Whit.svg\",\"width\":1640,\"height\":371,\"caption\":\"MEINRADLADEN\"},\"image\":{\"@id\":\"https:\/\/kgerad.de\/#\/schema\/logo\/image\/\"}}]}<\/script>\n<!-- \/ Yoast SEO Premium plugin. -->","yoast_head_json":{"title":"Thule WanderWay 2 911 - Hecktr\u00e4ger","description":"kgerad.de bietet Ihnen das Thule WanderWay 2 911 - Hecktr\u00e4ger zum besten Preis mit kostenlosem Versand in ganz Europa und mit sicherer Zahlung","robots":{"index":"index","follow":"follow","max-snippet":"max-snippet:-1","max-image-preview":"max-image-preview:large","max-video-preview":"max-video-preview:-1"},"canonical":"https:\/\/kgerad.de\/en\/product\/thule-wanderway-2-911-hecktraeger\/","og_locale":"en_US","og_type":"article","og_title":"Thule WanderWay 2 911 - Hecktr\u00e4ger","og_description":"Entdecken Sie unseren Online-Fahrradladen: Gro\u00dfe Auswahl an Modellen f\u00fcr alle Radsportbegeisterten. Von Rennr\u00e4dern bis zu Mountainbikes - finden Sie heute Ihren perfekten Wegbegleiter!","og_url":"https:\/\/kgerad.de\/en\/product\/thule-wanderway-2-911-hecktraeger\/","og_site_name":"kgerad.de","article_modified_time":"2023-08-10T17:31:26+00:00","og_image":[{"width":800,"height":633,"url":"https:\/\/kgerad.de\/wp-content\/uploads\/2023\/06\/Thule-WanderWay-2-VW-T6-Heckklappenfahrradtraeger-911001-1_800x800-0.jpg","type":"image\/jpeg"}],"twitter_card":"summary_large_image","twitter_misc":{"Est. reading time":"2 minutes"},"schema":{"@context":"https:\/\/schema.org","@graph":[{"@type":"WebPage","@id":"https:\/\/kgerad.de\/produkt\/thule-wanderway-2-911-hecktraeger\/","url":"https:\/\/kgerad.de\/produkt\/thule-wanderway-2-911-hecktraeger\/","name":"Thule WanderWay 2 911 - Hecktr\u00e4ger","isPartOf":{"@id":"https:\/\/kgerad.de\/#website"},"primaryImageOfPage":{"@id":"https:\/\/kgerad.de\/produkt\/thule-wanderway-2-911-hecktraeger\/#primaryimage"},"image":{"@id":"https:\/\/kgerad.de\/produkt\/thule-wanderway-2-911-hecktraeger\/#primaryimage"},"thumbnailUrl":"https:\/\/kgerad.de\/wp-content\/uploads\/2023\/06\/Thule-WanderWay-2-VW-T6-Heckklappenfahrradtraeger-911001-1_800x800-0.jpg","datePublished":"2022-12-06T18:19:55+00:00","dateModified":"2023-08-10T17:31:26+00:00","description":"kgerad.de bietet Ihnen das Thule WanderWay 2 911 - Hecktr\u00e4ger zum besten Preis mit kostenlosem Versand in ganz Europa und mit sicherer Zahlung","breadcrumb":{"@id":"https:\/\/kgerad.de\/produkt\/thule-wanderway-2-911-hecktraeger\/#breadcrumb"},"inLanguage":"en-US","potentialAction":[{"@type":"ReadAction","target":["https:\/\/kgerad.de\/produkt\/thule-wanderway-2-911-hecktraeger\/"]}]},{"@type":"ImageObject","inLanguage":"en-US","@id":"https:\/\/kgerad.de\/produkt\/thule-wanderway-2-911-hecktraeger\/#primaryimage","url":"https:\/\/kgerad.de\/wp-content\/uploads\/2023\/06\/Thule-WanderWay-2-VW-T6-Heckklappenfahrradtraeger-911001-1_800x800-0.jpg","contentUrl":"https:\/\/kgerad.de\/wp-content\/uploads\/2023\/06\/Thule-WanderWay-2-VW-T6-Heckklappenfahrradtraeger-911001-1_800x800-0.jpg","width":800,"height":633,"caption":"Thule WanderWay 2 911 - Hecktr\u00e4ger"},{"@type":"BreadcrumbList","@id":"https:\/\/kgerad.de\/produkt\/thule-wanderway-2-911-hecktraeger\/#breadcrumb","itemListElement":[{"@type":"ListItem","position":1,"name":"Startseite","item":"https:\/\/kgerad.de\/"},{"@type":"ListItem","position":2,"name":"LADEN","item":"https:\/\/kgerad.de\/laden\/"},{"@type":"ListItem","position":3,"name":"Thule WanderWay 2 911 &#8211; Hecktr\u00e4ger"}]},{"@type":"WebSite","@id":"https:\/\/kgerad.de\/#website","url":"https:\/\/kgerad.de\/","name":"kgerad.de","description":"Treten Sie mit uns ins Abenteuer!","publisher":{"@id":"https:\/\/kgerad.de\/#organization"},"alternateName":"MEIN RADLADEN","potentialAction":[{"@type":"SearchAction","target":{"@type":"EntryPoint","urlTemplate":"https:\/\/kgerad.de\/?s={search_term_string}"},"query-input":{"@type":"PropertyValueSpecification","valueRequired":true,"valueName":"search_term_string"}}],"inLanguage":"en-US"},{"@type":"Organization","@id":"https:\/\/kgerad.de\/#organization","name":"MEINRADLADEN","alternateName":"MEIN RADLADEN","url":"https:\/\/kgerad.de\/","logo":{"@type":"ImageObject","inLanguage":"en-US","@id":"https:\/\/kgerad.de\/#\/schema\/logo\/image\/","url":"https:\/\/kgerad.de\/wp-content\/uploads\/2025\/07\/logo-Whit.svg","contentUrl":"https:\/\/kgerad.de\/wp-content\/uploads\/2025\/07\/logo-Whit.svg","width":1640,"height":371,"caption":"MEINRADLADEN"},"image":{"@id":"https:\/\/kgerad.de\/#\/schema\/logo\/image\/"}}]}},"_links":{"self":[{"href":"https:\/\/kgerad.de\/en\/wp-json\/wp\/v2\/product\/48478","targetHints":{"allow":["GET"]}}],"collection":[{"href":"https:\/\/kgerad.de\/en\/wp-json\/wp\/v2\/product"}],"about":[{"href":"https:\/\/kgerad.de\/en\/wp-json\/wp\/v2\/types\/product"}],"replies":[{"embeddable":true,"href":"https:\/\/kgerad.de\/en\/wp-json\/wp\/v2\/comments?post=48478"}],"version-history":[{"count":1,"href":"https:\/\/kgerad.de\/en\/wp-json\/wp\/v2\/product\/48478\/revisions"}],"predecessor-version":[{"id":78736,"href":"https:\/\/kgerad.de\/en\/wp-json\/wp\/v2\/product\/48478\/revisions\/78736"}],"wp:featuredmedia":[{"embeddable":true,"href":"https:\/\/kgerad.de\/en\/wp-json\/wp\/v2\/media\/64716"}],"wp:attachment":[{"href":"https:\/\/kgerad.de\/en\/wp-json\/wp\/v2\/media?parent=48478"}],"wp:term":[{"taxonomy":"product_brand","embeddable":true,"href":"https:\/\/kgerad.de\/en\/wp-json\/wp\/v2\/product_brand?post=48478"},{"taxonomy":"product_cat","embeddable":true,"href":"https:\/\/kgerad.de\/en\/wp-json\/wp\/v2\/product_cat?post=48478"},{"taxonomy":"product_tag","embeddable":true,"href":"https:\/\/kgerad.de\/en\/wp-json\/wp\/v2\/product_tag?post=48478"}],"curies":[{"name":"wp","href":"https:\/\/api.w.org\/{rel}","templated":true}]}}