{"id":48408,"date":"2022-12-06T18:28:36","date_gmt":"2022-12-06T17:28:36","guid":{"rendered":"https:\/\/kgerad.de\/?post_type=product&#038;p=48408"},"modified":"2023-08-10T19:32:45","modified_gmt":"2023-08-10T17:32:45","slug":"eufab-bike-lift-fahrradtraeger","status":"publish","type":"product","link":"https:\/\/kgerad.de\/en\/product\/eufab-bike-lift-fahrradtraeger\/","title":{"rendered":"Eufab Bike Lift &#8211; Fahrradtr\u00e4ger"},"content":{"rendered":"<div class=\"product--headername\">\n<h2 class=\"product--title\"><strong>Eufab<\/strong> Bike Lift &#8211; Fahrradtr\u00e4ger<\/h2>\n<\/div>\n<p>Der Eufab Bike Lift ist ein robuster und stabiler Fahrradtr\u00e4ger und f\u00fcr den Transport von bis zu 2 Fahrr\u00e4dern ausgelegt. Er ist mit einem Schnellverschluss und mit einem Abklappmechanismus ausgestattet, der durch ein Fu\u00dfpedal bedient werden kann. Ein elektrischer Antrieb dient zum Absenken und Anheben des Fahrradtr\u00e4gers. Geeignet f\u00fcr Fahrr\u00e4der mit &#8222;oversize&#8220;und Y-Rahmen bis \u00f8 6 cm.<\/p>\n<hr \/>\n<h3>Features &#8211; Eufab Fahrradtr\u00e4ger Bike Lift f\u00fcr 2 Fahrr\u00e4der<\/h3>\n<ul>\n<li>Zum Transport von 2 Fahrr\u00e4dern auf der Anh\u00e4ngerkupplung<\/li>\n<li>Mit Schnellverschluss<\/li>\n<li>Mit Abklappmechanismus durch Fu\u00dfpedalbedienung<\/li>\n<li>Befestigung der Fahrr\u00e4der durch abnehm- und abschlie\u00dfbare Rahmenhalter, Spanngurte mit Ratschen<\/li>\n<li>Diebstahlsicherung durch abschlie\u00dfbare Rahmenhalter<\/li>\n<li>Einfache Montage durch abschlie\u00dfbaren Schnellverschluss<\/li>\n<li>Auch f\u00fcr Fahrr\u00e4der mit Oversize und Y-Rahmen bis \u00f8 6 cm geeignet<\/li>\n<li>Abklappmechanismus mit Zusatzsicherung erm\u00f6glicht das \u00d6ffnen des Kofferraums auch mit montierten Fahrr\u00e4dern<\/li>\n<li>Elektrischer Antrieb zum Absenken und Anheben des Tr\u00e4gers<\/li>\n<li>Vereinfacht das Auffahren der Fahrr\u00e4der, besonders bei schweren E-Bikes<\/li>\n<li>Mit verstellbarem Kennzeichenhalter, z.B. f\u00fcr \u00f6sterreichisches Kennzeichen<\/li>\n<li>Passend f\u00fcr nahezu alle Anh\u00e4ngerkupplungstypen<\/li>\n<li>Geringerer Kraftstoffverbrauch im Vergleich zum Transport auf dem Dach<\/li>\n<li>Platzsparende Aufbewahrung in der mitgelieferten Tasche<\/li>\n<li>Rollbar durch R\u00e4der an der Unterseite<\/li>\n<li>Zusammenklappbar<\/li>\n<li>Komplett vormontiert und in 5 Schritten einsatzbereit<\/li>\n<li>Mit EG-BE<\/li>\n<\/ul>\n<h3>Produkteigenschaften<\/h3>\n<ul>\n<li><strong>Max. Anzahl Fahrr\u00e4der:<\/strong>\u00a02<\/li>\n<li><strong>Max. Nutzlast:<\/strong>\u00a060 kg (<em>max. St\u00fctzlast Anh\u00e4nger Kupplung &#8211; Eigengewicht Fahrradtr\u00e4ger = max. Nutzlast am Fahrradtr\u00e4ger<\/em>)<\/li>\n<li><strong>Dimensionen:<\/strong>\n<ul>\n<li><strong>Ausgeklappt:<\/strong>\u00a0135 x 74 x 74 cm (BxHxT)<\/li>\n<li><strong>Zusammengeklappt:<\/strong>\u00a030 x 74 x 74 cm (BxHxT)<\/li>\n<\/ul>\n<\/li>\n<li><strong>Eignung f\u00fcr Rahmengr\u00f6\u00dfen:\u00a0<\/strong>\u00f8 6 cm<\/li>\n<li><strong>Abstand zwischen Schienen:<\/strong>\u00a025 cm<\/li>\n<li><strong>Radmontage an verstellbaren Haltern:<\/strong>\u00a0Ja<\/li>\n<li><strong>Max. Reifenbreite:<\/strong>\u00a02,35&#8243;<\/li>\n<li><strong>Max. Radabstand:<\/strong>\u00a0130 cm<\/li>\n<li><strong>Abklappbar (mit Fahrr\u00e4dern):<\/strong>\u00a0Ja<\/li>\n<li><strong>Geeignet f\u00fcr Fahrzeuge mit Ersatzrad am Heck:<\/strong>\u00a0Nein<\/li>\n<li><strong>R\u00fcckleuchten:<\/strong>\u00a0Ja<\/li>\n<li><strong>Steckeranschluss:<\/strong>\u00a013-pin<\/li>\n<li><strong>Fahrrad am Tr\u00e4ger abschlie\u00dfbar:<\/strong>\u00a0Ja<\/li>\n<li><strong>Tr\u00e4ger abschlie\u00dfbar am Fahrzeug:<\/strong>\u00a0Ja<\/li>\n<li><strong>Bike Lift:<\/strong>\u00a0Ja<\/li>\n<li><strong>Geeignet f\u00fcr E-Bikes:<\/strong>\u00a0Ja<\/li>\n<\/ul>\n<p><strong>Hinweis:<\/strong>\u00a0<em>Die max. Nutzlast des Fahrradtr\u00e4gers sowie die zul\u00e4ssige St\u00fctzlast der Anh\u00e4ngerkupplung d\u00fcrfen nicht \u00fcberschritten werden. Das zul\u00e4ssige Gesamtgewicht, sowie die zul\u00e4ssige Achslast des Fahrzeuges darf durch Fahrradtr\u00e4ger und Ladung nicht \u00fcberschritten werden.<\/em><\/p>\n<h3>Material<\/h3>\n<ul>\n<li><strong>Schienen:<\/strong>\u00a0Aluminium-Profilschienen<\/li>\n<li><strong>Tr\u00e4ger:<\/strong>\u00a0Stahl und Kunststoff<\/li>\n<\/ul>\n<h3>Gewicht<\/h3>\n<ul>\n<li>Ca. 25kg (Herstellerangabe)<\/li>\n<\/ul>\n<hr \/>\n<h3>Lieferumfang<\/h3>\n<ul>\n<li>1 x Eufab Bike Lift &#8211; Fahrradtr\u00e4ger<\/li>\n<li>2 x Schl\u00fcssel<\/li>\n<li>2 x Sicherheitsgurte f\u00fcr Vorderr\u00e4der<\/li>\n<li>1 x Sicherheitsgurt f\u00fcr Fahrradrahmen<\/li>\n<li>1 x Aufbewahrungstasche<\/li>\n<\/ul>\n<hr \/>\n<h3>BIKE LIFT Infoclip<\/h3>\n<p><iframe title=\"YouTube video player\" src=\"https:\/\/www.youtube-nocookie.com\/embed\/gfgMyzHyW9k\" width=\"640\" height=\"360\" frameborder=\"0\" allowfullscreen=\"allowfullscreen\" data-mce-fragment=\"1\"><\/iframe><\/p>\n<h3>EUFAB \u2013 Fahrradtr\u00e4ger Bike Lift mit Liftsystem<\/h3>\n<p><iframe title=\"YouTube video player\" src=\"https:\/\/www.youtube-nocookie.com\/embed\/8WTCf835Frk\" width=\"640\" height=\"360\" frameborder=\"0\" allowfullscreen=\"allowfullscreen\" data-mce-fragment=\"1\"><\/iframe><\/p>","protected":false},"excerpt":{"rendered":"<p>Eufab Bike Lift &#8211; Fahrradtr\u00e4ger Der Eufab Bike Lift ist ein robuster und stabiler Fahrradtr\u00e4ger und f\u00fcr den Transport von<\/p>","protected":false},"featured_media":64687,"comment_status":"open","ping_status":"closed","template":"","meta":[],"product_brand":[],"product_cat":[636,573],"product_tag":[],"class_list":{"0":"post-48408","1":"product","2":"type-product","3":"status-publish","4":"has-post-thumbnail","6":"product_cat-transport","7":"product_cat-zubehor","8":"pa_marke-eufab","10":"first","11":"instock","12":"sale","13":"taxable","14":"shipping-taxable","15":"purchasable","16":"product-type-simple"},"yoast_head":"<!-- This site is optimized with the Yoast SEO Premium plugin v20.12 (Yoast SEO v27.1.1) - https:\/\/yoast.com\/product\/yoast-seo-premium-wordpress\/ -->\n<title>Eufab Bike Lift - Fahrradtr\u00e4ger<\/title>\n<meta name=\"description\" content=\"kgerad.de bietet Ihnen das Eufab Bike Lift - Fahrradtr\u00e4ger zum besten Preis mit kostenlosem Versand in ganz Europa und mit sicherer Zahlung\" \/>\n<meta name=\"robots\" content=\"index, follow, max-snippet:-1, max-image-preview:large, max-video-preview:-1\" \/>\n<link rel=\"canonical\" href=\"https:\/\/kgerad.de\/en\/product\/eufab-bike-lift-fahrradtraeger\/\" \/>\n<meta property=\"og:locale\" content=\"en_US\" \/>\n<meta property=\"og:type\" content=\"article\" \/>\n<meta property=\"og:title\" content=\"Eufab Bike Lift - Fahrradtr\u00e4ger\" \/>\n<meta property=\"og:description\" content=\"Entdecken Sie unseren Online-Fahrradladen: Gro\u00dfe Auswahl an Modellen f\u00fcr alle Radsportbegeisterten. Von Rennr\u00e4dern bis zu Mountainbikes - finden Sie heute Ihren perfekten Wegbegleiter!\" \/>\n<meta property=\"og:url\" content=\"https:\/\/kgerad.de\/en\/product\/eufab-bike-lift-fahrradtraeger\/\" \/>\n<meta property=\"og:site_name\" content=\"kgerad.de\" \/>\n<meta property=\"article:modified_time\" content=\"2023-08-10T17:32:45+00:00\" \/>\n<meta property=\"og:image\" content=\"https:\/\/kgerad.de\/wp-content\/uploads\/2023\/06\/Eufab-11535-Bike-Lift-Fahrradtrager-1_800x800-0.jpg\" \/>\n\t<meta property=\"og:image:width\" content=\"800\" \/>\n\t<meta property=\"og:image:height\" content=\"569\" \/>\n\t<meta property=\"og:image:type\" content=\"image\/jpeg\" \/>\n<meta name=\"twitter:card\" content=\"summary_large_image\" \/>\n<meta name=\"twitter:label1\" content=\"Est. reading time\" \/>\n\t<meta name=\"twitter:data1\" content=\"2 minutes\" \/>\n<script type=\"application\/ld+json\" class=\"yoast-schema-graph\">{\"@context\":\"https:\/\/schema.org\",\"@graph\":[{\"@type\":\"WebPage\",\"@id\":\"https:\/\/kgerad.de\/produkt\/eufab-bike-lift-fahrradtraeger\/\",\"url\":\"https:\/\/kgerad.de\/produkt\/eufab-bike-lift-fahrradtraeger\/\",\"name\":\"Eufab Bike Lift - Fahrradtr\u00e4ger\",\"isPartOf\":{\"@id\":\"https:\/\/kgerad.de\/#website\"},\"primaryImageOfPage\":{\"@id\":\"https:\/\/kgerad.de\/produkt\/eufab-bike-lift-fahrradtraeger\/#primaryimage\"},\"image\":{\"@id\":\"https:\/\/kgerad.de\/produkt\/eufab-bike-lift-fahrradtraeger\/#primaryimage\"},\"thumbnailUrl\":\"https:\/\/kgerad.de\/wp-content\/uploads\/2023\/06\/Eufab-11535-Bike-Lift-Fahrradtrager-1_800x800-0.jpg\",\"datePublished\":\"2022-12-06T17:28:36+00:00\",\"dateModified\":\"2023-08-10T17:32:45+00:00\",\"description\":\"kgerad.de bietet Ihnen das Eufab Bike Lift - Fahrradtr\u00e4ger zum besten Preis mit kostenlosem Versand in ganz Europa und mit sicherer Zahlung\",\"breadcrumb\":{\"@id\":\"https:\/\/kgerad.de\/produkt\/eufab-bike-lift-fahrradtraeger\/#breadcrumb\"},\"inLanguage\":\"en-US\",\"potentialAction\":[{\"@type\":\"ReadAction\",\"target\":[\"https:\/\/kgerad.de\/produkt\/eufab-bike-lift-fahrradtraeger\/\"]}]},{\"@type\":\"ImageObject\",\"inLanguage\":\"en-US\",\"@id\":\"https:\/\/kgerad.de\/produkt\/eufab-bike-lift-fahrradtraeger\/#primaryimage\",\"url\":\"https:\/\/kgerad.de\/wp-content\/uploads\/2023\/06\/Eufab-11535-Bike-Lift-Fahrradtrager-1_800x800-0.jpg\",\"contentUrl\":\"https:\/\/kgerad.de\/wp-content\/uploads\/2023\/06\/Eufab-11535-Bike-Lift-Fahrradtrager-1_800x800-0.jpg\",\"width\":800,\"height\":569,\"caption\":\"Eufab Bike Lift - Fahrradtr\u00e4ger\"},{\"@type\":\"BreadcrumbList\",\"@id\":\"https:\/\/kgerad.de\/produkt\/eufab-bike-lift-fahrradtraeger\/#breadcrumb\",\"itemListElement\":[{\"@type\":\"ListItem\",\"position\":1,\"name\":\"Startseite\",\"item\":\"https:\/\/kgerad.de\/\"},{\"@type\":\"ListItem\",\"position\":2,\"name\":\"LADEN\",\"item\":\"https:\/\/kgerad.de\/laden\/\"},{\"@type\":\"ListItem\",\"position\":3,\"name\":\"Eufab Bike Lift &#8211; Fahrradtr\u00e4ger\"}]},{\"@type\":\"WebSite\",\"@id\":\"https:\/\/kgerad.de\/#website\",\"url\":\"https:\/\/kgerad.de\/\",\"name\":\"kgerad.de\",\"description\":\"Treten Sie mit uns ins Abenteuer!\",\"publisher\":{\"@id\":\"https:\/\/kgerad.de\/#organization\"},\"alternateName\":\"MEIN RADLADEN\",\"potentialAction\":[{\"@type\":\"SearchAction\",\"target\":{\"@type\":\"EntryPoint\",\"urlTemplate\":\"https:\/\/kgerad.de\/?s={search_term_string}\"},\"query-input\":{\"@type\":\"PropertyValueSpecification\",\"valueRequired\":true,\"valueName\":\"search_term_string\"}}],\"inLanguage\":\"en-US\"},{\"@type\":\"Organization\",\"@id\":\"https:\/\/kgerad.de\/#organization\",\"name\":\"MEINRADLADEN\",\"alternateName\":\"MEIN RADLADEN\",\"url\":\"https:\/\/kgerad.de\/\",\"logo\":{\"@type\":\"ImageObject\",\"inLanguage\":\"en-US\",\"@id\":\"https:\/\/kgerad.de\/#\/schema\/logo\/image\/\",\"url\":\"https:\/\/kgerad.de\/wp-content\/uploads\/2025\/07\/logo-Whit.svg\",\"contentUrl\":\"https:\/\/kgerad.de\/wp-content\/uploads\/2025\/07\/logo-Whit.svg\",\"width\":1640,\"height\":371,\"caption\":\"MEINRADLADEN\"},\"image\":{\"@id\":\"https:\/\/kgerad.de\/#\/schema\/logo\/image\/\"}}]}<\/script>\n<!-- \/ Yoast SEO Premium plugin. -->","yoast_head_json":{"title":"Eufab Bike Lift - Fahrradtr\u00e4ger","description":"kgerad.de bietet Ihnen das Eufab Bike Lift - Fahrradtr\u00e4ger zum besten Preis mit kostenlosem Versand in ganz Europa und mit sicherer Zahlung","robots":{"index":"index","follow":"follow","max-snippet":"max-snippet:-1","max-image-preview":"max-image-preview:large","max-video-preview":"max-video-preview:-1"},"canonical":"https:\/\/kgerad.de\/en\/product\/eufab-bike-lift-fahrradtraeger\/","og_locale":"en_US","og_type":"article","og_title":"Eufab Bike Lift - Fahrradtr\u00e4ger","og_description":"Entdecken Sie unseren Online-Fahrradladen: Gro\u00dfe Auswahl an Modellen f\u00fcr alle Radsportbegeisterten. Von Rennr\u00e4dern bis zu Mountainbikes - finden Sie heute Ihren perfekten Wegbegleiter!","og_url":"https:\/\/kgerad.de\/en\/product\/eufab-bike-lift-fahrradtraeger\/","og_site_name":"kgerad.de","article_modified_time":"2023-08-10T17:32:45+00:00","og_image":[{"width":800,"height":569,"url":"https:\/\/kgerad.de\/wp-content\/uploads\/2023\/06\/Eufab-11535-Bike-Lift-Fahrradtrager-1_800x800-0.jpg","type":"image\/jpeg"}],"twitter_card":"summary_large_image","twitter_misc":{"Est. reading time":"2 minutes"},"schema":{"@context":"https:\/\/schema.org","@graph":[{"@type":"WebPage","@id":"https:\/\/kgerad.de\/produkt\/eufab-bike-lift-fahrradtraeger\/","url":"https:\/\/kgerad.de\/produkt\/eufab-bike-lift-fahrradtraeger\/","name":"Eufab Bike Lift - Fahrradtr\u00e4ger","isPartOf":{"@id":"https:\/\/kgerad.de\/#website"},"primaryImageOfPage":{"@id":"https:\/\/kgerad.de\/produkt\/eufab-bike-lift-fahrradtraeger\/#primaryimage"},"image":{"@id":"https:\/\/kgerad.de\/produkt\/eufab-bike-lift-fahrradtraeger\/#primaryimage"},"thumbnailUrl":"https:\/\/kgerad.de\/wp-content\/uploads\/2023\/06\/Eufab-11535-Bike-Lift-Fahrradtrager-1_800x800-0.jpg","datePublished":"2022-12-06T17:28:36+00:00","dateModified":"2023-08-10T17:32:45+00:00","description":"kgerad.de bietet Ihnen das Eufab Bike Lift - Fahrradtr\u00e4ger zum besten Preis mit kostenlosem Versand in ganz Europa und mit sicherer Zahlung","breadcrumb":{"@id":"https:\/\/kgerad.de\/produkt\/eufab-bike-lift-fahrradtraeger\/#breadcrumb"},"inLanguage":"en-US","potentialAction":[{"@type":"ReadAction","target":["https:\/\/kgerad.de\/produkt\/eufab-bike-lift-fahrradtraeger\/"]}]},{"@type":"ImageObject","inLanguage":"en-US","@id":"https:\/\/kgerad.de\/produkt\/eufab-bike-lift-fahrradtraeger\/#primaryimage","url":"https:\/\/kgerad.de\/wp-content\/uploads\/2023\/06\/Eufab-11535-Bike-Lift-Fahrradtrager-1_800x800-0.jpg","contentUrl":"https:\/\/kgerad.de\/wp-content\/uploads\/2023\/06\/Eufab-11535-Bike-Lift-Fahrradtrager-1_800x800-0.jpg","width":800,"height":569,"caption":"Eufab Bike Lift - Fahrradtr\u00e4ger"},{"@type":"BreadcrumbList","@id":"https:\/\/kgerad.de\/produkt\/eufab-bike-lift-fahrradtraeger\/#breadcrumb","itemListElement":[{"@type":"ListItem","position":1,"name":"Startseite","item":"https:\/\/kgerad.de\/"},{"@type":"ListItem","position":2,"name":"LADEN","item":"https:\/\/kgerad.de\/laden\/"},{"@type":"ListItem","position":3,"name":"Eufab Bike Lift &#8211; Fahrradtr\u00e4ger"}]},{"@type":"WebSite","@id":"https:\/\/kgerad.de\/#website","url":"https:\/\/kgerad.de\/","name":"kgerad.de","description":"Treten Sie mit uns ins Abenteuer!","publisher":{"@id":"https:\/\/kgerad.de\/#organization"},"alternateName":"MEIN RADLADEN","potentialAction":[{"@type":"SearchAction","target":{"@type":"EntryPoint","urlTemplate":"https:\/\/kgerad.de\/?s={search_term_string}"},"query-input":{"@type":"PropertyValueSpecification","valueRequired":true,"valueName":"search_term_string"}}],"inLanguage":"en-US"},{"@type":"Organization","@id":"https:\/\/kgerad.de\/#organization","name":"MEINRADLADEN","alternateName":"MEIN RADLADEN","url":"https:\/\/kgerad.de\/","logo":{"@type":"ImageObject","inLanguage":"en-US","@id":"https:\/\/kgerad.de\/#\/schema\/logo\/image\/","url":"https:\/\/kgerad.de\/wp-content\/uploads\/2025\/07\/logo-Whit.svg","contentUrl":"https:\/\/kgerad.de\/wp-content\/uploads\/2025\/07\/logo-Whit.svg","width":1640,"height":371,"caption":"MEINRADLADEN"},"image":{"@id":"https:\/\/kgerad.de\/#\/schema\/logo\/image\/"}}]}},"_links":{"self":[{"href":"https:\/\/kgerad.de\/en\/wp-json\/wp\/v2\/product\/48408","targetHints":{"allow":["GET"]}}],"collection":[{"href":"https:\/\/kgerad.de\/en\/wp-json\/wp\/v2\/product"}],"about":[{"href":"https:\/\/kgerad.de\/en\/wp-json\/wp\/v2\/types\/product"}],"replies":[{"embeddable":true,"href":"https:\/\/kgerad.de\/en\/wp-json\/wp\/v2\/comments?post=48408"}],"version-history":[{"count":1,"href":"https:\/\/kgerad.de\/en\/wp-json\/wp\/v2\/product\/48408\/revisions"}],"predecessor-version":[{"id":78744,"href":"https:\/\/kgerad.de\/en\/wp-json\/wp\/v2\/product\/48408\/revisions\/78744"}],"wp:featuredmedia":[{"embeddable":true,"href":"https:\/\/kgerad.de\/en\/wp-json\/wp\/v2\/media\/64687"}],"wp:attachment":[{"href":"https:\/\/kgerad.de\/en\/wp-json\/wp\/v2\/media?parent=48408"}],"wp:term":[{"taxonomy":"product_brand","embeddable":true,"href":"https:\/\/kgerad.de\/en\/wp-json\/wp\/v2\/product_brand?post=48408"},{"taxonomy":"product_cat","embeddable":true,"href":"https:\/\/kgerad.de\/en\/wp-json\/wp\/v2\/product_cat?post=48408"},{"taxonomy":"product_tag","embeddable":true,"href":"https:\/\/kgerad.de\/en\/wp-json\/wp\/v2\/product_tag?post=48408"}],"curies":[{"name":"wp","href":"https:\/\/api.w.org\/{rel}","templated":true}]}}