{"id":48404,"date":"2022-12-06T18:06:52","date_gmt":"2022-12-06T17:06:52","guid":{"rendered":"https:\/\/kgerad.de\/?post_type=product&#038;p=48404"},"modified":"2023-08-10T19:46:51","modified_gmt":"2023-08-10T17:46:51","slug":"airtracks-cityrad-herren-urban-bike-28-zoll-city-fahrrad-ur-2850","status":"publish","type":"product","link":"https:\/\/kgerad.de\/en\/product\/airtracks-cityrad-herren-urban-bike-28-zoll-city-fahrrad-ur-2850\/","title":{"rendered":"Airtracks Urban Bike 28 Zoll City Fahrrad UR.2850\u00ab 2022"},"content":{"rendered":"<h2>Airtracks Urban Bike 28 Zoll City Fahrrad UR.2850\u00ab 2022<\/h2>\n<div class=\"pl_block pl_block--no-gap pdp_selling-points\">\n<p>High-End Herren Airtracks Urban Bike mit robuste und wartungsarme Shimano Nexus 8-Gang Nabenschaltung<\/p>\n<p>Shimano Nexus Nabendynamo mit leistungsstarker Beleuchtungsanlage von Busch &amp; M\u00fcller vorne und Spanninga hinten<\/p>\n<p>hochwertige Schutzblech-Gep\u00e4cktr\u00e4ger-Kombination von der Marke Pletscher<\/p>\n<p>hydraulischen Scheibenbremsen von Shimano, bereift mit dem schnellen, sportlichen Slick Schwalbe Kojak<\/p>\n<p>Dieses Fahrrad wird zu 98 % fertig montiert geliefert. Es m\u00fcssen lediglich Lenker und Pedale fixiert werden.<\/p>\n<\/div>\n<div class=\"pl_block pl_block--no-gap pdp_description js_pdp_description\">\n<div class=\"pl_text-expander pl_copy100 pdp_description__text-expander js_pdp_description__text-expander pl_text-expander--has-more pl_text-expander--expanded\">\n<div class=\"rg-container\">\n<div class=\"rg-content left-side block\">\n<h4>28 ZOLL URBAN FAHRRAD UR.2850 SHIMANO NEXUS 8<\/h4>\n<p>Bist du auf der Suche nach einem schnellen Rad f\u00fcr die Stadt und m\u00f6chtest bei der Ausr\u00fcstung keine Kompromisse machen? Das Urbanrad Airtracks Cityrad UR.2850 bietet dir ein Ultimativer Look nicht zugunsten der Funktionalit\u00e4t an.<\/p>\n<p>Die Basis f\u00fcr die Schnelligkeit bildet ein hochwertiger Aluminium 6061 Rahmen in Kombination mit einer steifen Gabel bereift mit dem schnellen, sportlichen Slick Schwalbe Kojak. Dank der 8-Gang Nabenschaltung Shimano Nexus bist du optimal f\u00fcr deine Pendelstrecken vorbereitet. Zudem ist das System sehr wartungsarm. Die Kettenspannung l\u00e4sst sich ohne Abl\u00f6sen des Hinterrades anpassen. Die kraftvollen hydraulischen Scheibenbremsen Clarks M2 sorgen f\u00fcr Sicherheit bei unerwarteten Bremsman\u00f6vern. F\u00fcr Vielfahrer sind die Scheibenbremsen die richtige Wahl, da die Felgenflanken durch das Bremsen nicht verschlie\u00dfen werden. Somit sparst du vom Erneuern den Laufr\u00e4dern und kaufst neben der Bremsbelege nur noch neue Bremsscheiben dazu.<\/p>\n<p>Die 31mm tiefe Felgen sorgen nicht nur f\u00fcr einen tollen Look, sondern dienen der besseren Aerodynamik. Das Urbanstyle wird von den schlichten Zeichnungen unter dem Lack unterst\u00fctzt. Ob f\u00fcr Sommerausfl\u00fcge oder f\u00fcr schlechtes Wetter, mit dem Airtracks UR.2850 verf\u00fcgst du noch ab Werk \u00fcber eine Allwetterausstattung. Die hochwertige Schutzblech-Gep\u00e4cktr\u00e4ger-Kombination von der Marke Pletscher \u00fcberzeugt mit einem \u00e4u\u00dferst minimalistischen Design, bei \u00e4u\u00dferst stabiler Bauweise und einer Zuladungsm\u00f6glichkeit von bis zu 8 kg pro Seite. Damit es nicht dunkel wird, brauchst du also noch Licht, daf\u00fcr eine Beleuchtungsanlage von Busch &amp; M\u00fcller vorne &amp; Spanninga hinten betrieben von einer Shimano Nabendynamo. Also, Schluss mit dem Vergessen der Einstecklampen und die Entleerung ihrer Batterien.<\/p>\n<h4><strong>FAHRRAD SPEZIFIKATIONEN<\/strong><\/h4>\n<table class=\"rg-table bike zebra mceItemTable\">\n<tbody>\n<tr>\n<td>Rahmenmaterial<\/td>\n<td>Aluminium, Interne Kabelf\u00fchrung<\/td>\n<\/tr>\n<tr>\n<td>Gabelmaterial<\/td>\n<td>Aluminium<\/td>\n<\/tr>\n<tr>\n<td>Steuersatz<\/td>\n<td>Ahead, semi-integriert 1 1\/8&#8243;<\/td>\n<\/tr>\n<tr>\n<td>Kurbel<\/td>\n<td>Prowheel RPL-242, 42 Z\u00e4hne, 170mm, Kettenschutzring<\/td>\n<\/tr>\n<tr>\n<td>Tretlager<\/td>\n<td>Vierkant-Patronenlager, BSA68, 118mm<\/td>\n<\/tr>\n<tr>\n<td>Pedale<\/td>\n<td>VP 531E, CrMo-Achse, Aluminum-Plattform<\/td>\n<\/tr>\n<tr>\n<td>Kette<\/td>\n<td>KMC Z610 EPT Anti-Rost, 1\/2&#8243; x 3\/32&#8243;<\/td>\n<\/tr>\n<tr>\n<td>Ritzel<\/td>\n<td>21 Z\u00e4hne<\/td>\n<\/tr>\n<tr>\n<td>Getriebenabe<\/td>\n<td>Shimano SG-C6001, 8-Gang Nabenschaltung<\/td>\n<\/tr>\n<tr>\n<td>Schalthebel<\/td>\n<td>Shimano SL-C6000-8<\/td>\n<\/tr>\n<tr>\n<td>Bremshebel<\/td>\n<td>CLARKS M2\u00a0HYDRAULISCHE SCHEIBENBREMSE<\/td>\n<\/tr>\n<tr>\n<td>Bremse VR<\/td>\n<td>Clarks M2 mit 160mm Bremsscheibe<\/td>\n<\/tr>\n<tr>\n<td>Bremse HR<\/td>\n<td>Clarks M2 mit 160mm Bremsscheibe<\/td>\n<\/tr>\n<tr>\n<td>Felgen<\/td>\n<td>Hohlkammer, 32 L\u00f6cher, ETRTO 622&#215;16<\/td>\n<\/tr>\n<tr>\n<td>Nabe VR<\/td>\n<td>Shimano Alivio DH-T4050-1D Nabendynamo, Schnellspanner<\/td>\n<\/tr>\n<tr>\n<td>Reifen<\/td>\n<td>Schwalbe Kojak 35-622 Faltreifen<\/td>\n<\/tr>\n<tr>\n<td>Sattel<\/td>\n<td>Selle Royal Essenza Athletic<\/td>\n<\/tr>\n<tr>\n<td>Lenkergriffe<\/td>\n<td>Velo VLG-1168, 90 &amp; 120mm<\/td>\n<\/tr>\n<tr>\n<td>Vorbau<\/td>\n<td>Aluminium, 90mm, 31,8mm, 7\u00b0<\/td>\n<\/tr>\n<tr>\n<td>Lenker<\/td>\n<td>Flat, Aluminium, 600mm, \u00d831,8mm<\/td>\n<\/tr>\n<tr>\n<td>Sattelst\u00fctze<\/td>\n<td>Aluminium, 350mm, \u00d827,5mm<\/td>\n<\/tr>\n<tr>\n<td>Schutzbleche<\/td>\n<td>Pletscher R40 mit Seitentaschentr\u00e4ger hinten (max. 8 kg je Seite)<\/td>\n<\/tr>\n<tr>\n<td>Frontleuchte<\/td>\n<td>Spanninga Kendo<\/td>\n<\/tr>\n<tr>\n<td>R\u00fcckleuchte<\/td>\n<td>Busch &amp; M\u00fcller Top Light Line Small<\/td>\n<\/tr>\n<tr>\n<td>Gewicht in kg. (ca.)<\/td>\n<td>13,80 kg<\/td>\n<\/tr>\n<\/tbody>\n<\/table>\n<\/div>\n<\/div>\n<\/div>\n<\/div>","protected":false},"excerpt":{"rendered":"<p>Airtracks Urban Bike 28 Zoll City Fahrrad UR.2850\u00ab 2022 High-End Herren Airtracks Urban Bike mit robuste und wartungsarme Shimano Nexus<\/p>","protected":false},"featured_media":64686,"comment_status":"open","ping_status":"closed","template":"","meta":[],"product_brand":[],"product_cat":[33,34],"product_tag":[],"class_list":{"0":"post-48404","1":"product","2":"type-product","3":"status-publish","4":"has-post-thumbnail","6":"product_cat-e-bike","7":"product_cat-e-bike-city-urban","8":"pa_marke-airtracks","10":"first","11":"instock","12":"taxable","13":"shipping-taxable","14":"purchasable","15":"product-type-variable"},"yoast_head":"<!-- This site is optimized with the Yoast SEO Premium plugin v20.12 (Yoast SEO v27.1.1) - https:\/\/yoast.com\/product\/yoast-seo-premium-wordpress\/ -->\n<title>Airtracks Urban Bike 28 Zoll City Fahrrad UR.2850\u00ab 2022<\/title>\n<meta name=\"description\" content=\"Entdecken Sie unseren Online-Fahrradladen: Gro\u00dfe Auswahl an Modellen f\u00fcr alle Radsportbegeisterten. Von Rennr\u00e4dern bis zu Mountainbikes - finden Sie heute Ihren perfekten Wegbegleiter!\" \/>\n<meta name=\"robots\" content=\"index, follow, max-snippet:-1, max-image-preview:large, max-video-preview:-1\" \/>\n<link rel=\"canonical\" href=\"https:\/\/kgerad.de\/en\/product\/airtracks-cityrad-herren-urban-bike-28-zoll-city-fahrrad-ur-2850\/\" \/>\n<meta property=\"og:locale\" content=\"en_US\" \/>\n<meta property=\"og:type\" content=\"article\" \/>\n<meta property=\"og:title\" content=\"Airtracks Urban Bike 28 Zoll City Fahrrad UR.2850\u00ab 2022\" \/>\n<meta property=\"og:description\" content=\"Entdecken Sie unseren Online-Fahrradladen: Gro\u00dfe Auswahl an Modellen f\u00fcr alle Radsportbegeisterten. Von Rennr\u00e4dern bis zu Mountainbikes - finden Sie heute Ihren perfekten Wegbegleiter!\" \/>\n<meta property=\"og:url\" content=\"https:\/\/kgerad.de\/en\/product\/airtracks-cityrad-herren-urban-bike-28-zoll-city-fahrrad-ur-2850\/\" \/>\n<meta property=\"og:site_name\" content=\"kgerad.de\" \/>\n<meta property=\"article:modified_time\" content=\"2023-08-10T17:46:51+00:00\" \/>\n<meta property=\"og:image\" content=\"https:\/\/kgerad.de\/wp-content\/uploads\/2023\/06\/a4c59aed-3187-5744-a48e-752425155baf.jpg\" \/>\n\t<meta property=\"og:image:width\" content=\"520\" \/>\n\t<meta property=\"og:image:height\" content=\"520\" \/>\n\t<meta property=\"og:image:type\" content=\"image\/jpeg\" \/>\n<meta name=\"twitter:card\" content=\"summary_large_image\" \/>\n<meta name=\"twitter:label1\" content=\"Est. reading time\" \/>\n\t<meta name=\"twitter:data1\" content=\"3 minutes\" \/>\n<script type=\"application\/ld+json\" class=\"yoast-schema-graph\">{\"@context\":\"https:\/\/schema.org\",\"@graph\":[{\"@type\":\"WebPage\",\"@id\":\"https:\/\/kgerad.de\/produkt\/airtracks-cityrad-herren-urban-bike-28-zoll-city-fahrrad-ur-2850\/\",\"url\":\"https:\/\/kgerad.de\/produkt\/airtracks-cityrad-herren-urban-bike-28-zoll-city-fahrrad-ur-2850\/\",\"name\":\"Airtracks Urban Bike 28 Zoll City Fahrrad UR.2850\u00ab 2022\",\"isPartOf\":{\"@id\":\"https:\/\/kgerad.de\/#website\"},\"primaryImageOfPage\":{\"@id\":\"https:\/\/kgerad.de\/produkt\/airtracks-cityrad-herren-urban-bike-28-zoll-city-fahrrad-ur-2850\/#primaryimage\"},\"image\":{\"@id\":\"https:\/\/kgerad.de\/produkt\/airtracks-cityrad-herren-urban-bike-28-zoll-city-fahrrad-ur-2850\/#primaryimage\"},\"thumbnailUrl\":\"https:\/\/kgerad.de\/wp-content\/uploads\/2023\/06\/a4c59aed-3187-5744-a48e-752425155baf.jpg\",\"datePublished\":\"2022-12-06T17:06:52+00:00\",\"dateModified\":\"2023-08-10T17:46:51+00:00\",\"description\":\"Entdecken Sie unseren Online-Fahrradladen: Gro\u00dfe Auswahl an Modellen f\u00fcr alle Radsportbegeisterten. Von Rennr\u00e4dern bis zu Mountainbikes - finden Sie heute Ihren perfekten Wegbegleiter!\",\"breadcrumb\":{\"@id\":\"https:\/\/kgerad.de\/produkt\/airtracks-cityrad-herren-urban-bike-28-zoll-city-fahrrad-ur-2850\/#breadcrumb\"},\"inLanguage\":\"en-US\",\"potentialAction\":[{\"@type\":\"ReadAction\",\"target\":[\"https:\/\/kgerad.de\/produkt\/airtracks-cityrad-herren-urban-bike-28-zoll-city-fahrrad-ur-2850\/\"]}]},{\"@type\":\"ImageObject\",\"inLanguage\":\"en-US\",\"@id\":\"https:\/\/kgerad.de\/produkt\/airtracks-cityrad-herren-urban-bike-28-zoll-city-fahrrad-ur-2850\/#primaryimage\",\"url\":\"https:\/\/kgerad.de\/wp-content\/uploads\/2023\/06\/a4c59aed-3187-5744-a48e-752425155baf.jpg\",\"contentUrl\":\"https:\/\/kgerad.de\/wp-content\/uploads\/2023\/06\/a4c59aed-3187-5744-a48e-752425155baf.jpg\",\"width\":520,\"height\":520,\"caption\":\"Airtracks Cityrad \u00bbHerren Urban Bike 28 Zoll City Fahrrad UR.2850\u00ab 2022\"},{\"@type\":\"BreadcrumbList\",\"@id\":\"https:\/\/kgerad.de\/produkt\/airtracks-cityrad-herren-urban-bike-28-zoll-city-fahrrad-ur-2850\/#breadcrumb\",\"itemListElement\":[{\"@type\":\"ListItem\",\"position\":1,\"name\":\"Startseite\",\"item\":\"https:\/\/kgerad.de\/\"},{\"@type\":\"ListItem\",\"position\":2,\"name\":\"LADEN\",\"item\":\"https:\/\/kgerad.de\/laden\/\"},{\"@type\":\"ListItem\",\"position\":3,\"name\":\"Airtracks Urban Bike 28 Zoll City Fahrrad UR.2850\u00ab 2022\"}]},{\"@type\":\"WebSite\",\"@id\":\"https:\/\/kgerad.de\/#website\",\"url\":\"https:\/\/kgerad.de\/\",\"name\":\"kgerad.de\",\"description\":\"Treten Sie mit uns ins Abenteuer!\",\"publisher\":{\"@id\":\"https:\/\/kgerad.de\/#organization\"},\"alternateName\":\"MEIN RADLADEN\",\"potentialAction\":[{\"@type\":\"SearchAction\",\"target\":{\"@type\":\"EntryPoint\",\"urlTemplate\":\"https:\/\/kgerad.de\/?s={search_term_string}\"},\"query-input\":{\"@type\":\"PropertyValueSpecification\",\"valueRequired\":true,\"valueName\":\"search_term_string\"}}],\"inLanguage\":\"en-US\"},{\"@type\":\"Organization\",\"@id\":\"https:\/\/kgerad.de\/#organization\",\"name\":\"MEINRADLADEN\",\"alternateName\":\"MEIN RADLADEN\",\"url\":\"https:\/\/kgerad.de\/\",\"logo\":{\"@type\":\"ImageObject\",\"inLanguage\":\"en-US\",\"@id\":\"https:\/\/kgerad.de\/#\/schema\/logo\/image\/\",\"url\":\"https:\/\/kgerad.de\/wp-content\/uploads\/2025\/07\/logo-Whit.svg\",\"contentUrl\":\"https:\/\/kgerad.de\/wp-content\/uploads\/2025\/07\/logo-Whit.svg\",\"width\":1640,\"height\":371,\"caption\":\"MEINRADLADEN\"},\"image\":{\"@id\":\"https:\/\/kgerad.de\/#\/schema\/logo\/image\/\"}}]}<\/script>\n<!-- \/ Yoast SEO Premium plugin. -->","yoast_head_json":{"title":"Airtracks Urban Bike 28 Zoll City Fahrrad UR.2850\u00ab 2022","description":"Entdecken Sie unseren Online-Fahrradladen: Gro\u00dfe Auswahl an Modellen f\u00fcr alle Radsportbegeisterten. Von Rennr\u00e4dern bis zu Mountainbikes - finden Sie heute Ihren perfekten Wegbegleiter!","robots":{"index":"index","follow":"follow","max-snippet":"max-snippet:-1","max-image-preview":"max-image-preview:large","max-video-preview":"max-video-preview:-1"},"canonical":"https:\/\/kgerad.de\/en\/product\/airtracks-cityrad-herren-urban-bike-28-zoll-city-fahrrad-ur-2850\/","og_locale":"en_US","og_type":"article","og_title":"Airtracks Urban Bike 28 Zoll City Fahrrad UR.2850\u00ab 2022","og_description":"Entdecken Sie unseren Online-Fahrradladen: Gro\u00dfe Auswahl an Modellen f\u00fcr alle Radsportbegeisterten. Von Rennr\u00e4dern bis zu Mountainbikes - finden Sie heute Ihren perfekten Wegbegleiter!","og_url":"https:\/\/kgerad.de\/en\/product\/airtracks-cityrad-herren-urban-bike-28-zoll-city-fahrrad-ur-2850\/","og_site_name":"kgerad.de","article_modified_time":"2023-08-10T17:46:51+00:00","og_image":[{"width":520,"height":520,"url":"https:\/\/kgerad.de\/wp-content\/uploads\/2023\/06\/a4c59aed-3187-5744-a48e-752425155baf.jpg","type":"image\/jpeg"}],"twitter_card":"summary_large_image","twitter_misc":{"Est. reading time":"3 minutes"},"schema":{"@context":"https:\/\/schema.org","@graph":[{"@type":"WebPage","@id":"https:\/\/kgerad.de\/produkt\/airtracks-cityrad-herren-urban-bike-28-zoll-city-fahrrad-ur-2850\/","url":"https:\/\/kgerad.de\/produkt\/airtracks-cityrad-herren-urban-bike-28-zoll-city-fahrrad-ur-2850\/","name":"Airtracks Urban Bike 28 Zoll City Fahrrad UR.2850\u00ab 2022","isPartOf":{"@id":"https:\/\/kgerad.de\/#website"},"primaryImageOfPage":{"@id":"https:\/\/kgerad.de\/produkt\/airtracks-cityrad-herren-urban-bike-28-zoll-city-fahrrad-ur-2850\/#primaryimage"},"image":{"@id":"https:\/\/kgerad.de\/produkt\/airtracks-cityrad-herren-urban-bike-28-zoll-city-fahrrad-ur-2850\/#primaryimage"},"thumbnailUrl":"https:\/\/kgerad.de\/wp-content\/uploads\/2023\/06\/a4c59aed-3187-5744-a48e-752425155baf.jpg","datePublished":"2022-12-06T17:06:52+00:00","dateModified":"2023-08-10T17:46:51+00:00","description":"Entdecken Sie unseren Online-Fahrradladen: Gro\u00dfe Auswahl an Modellen f\u00fcr alle Radsportbegeisterten. Von Rennr\u00e4dern bis zu Mountainbikes - finden Sie heute Ihren perfekten Wegbegleiter!","breadcrumb":{"@id":"https:\/\/kgerad.de\/produkt\/airtracks-cityrad-herren-urban-bike-28-zoll-city-fahrrad-ur-2850\/#breadcrumb"},"inLanguage":"en-US","potentialAction":[{"@type":"ReadAction","target":["https:\/\/kgerad.de\/produkt\/airtracks-cityrad-herren-urban-bike-28-zoll-city-fahrrad-ur-2850\/"]}]},{"@type":"ImageObject","inLanguage":"en-US","@id":"https:\/\/kgerad.de\/produkt\/airtracks-cityrad-herren-urban-bike-28-zoll-city-fahrrad-ur-2850\/#primaryimage","url":"https:\/\/kgerad.de\/wp-content\/uploads\/2023\/06\/a4c59aed-3187-5744-a48e-752425155baf.jpg","contentUrl":"https:\/\/kgerad.de\/wp-content\/uploads\/2023\/06\/a4c59aed-3187-5744-a48e-752425155baf.jpg","width":520,"height":520,"caption":"Airtracks Cityrad \u00bbHerren Urban Bike 28 Zoll City Fahrrad UR.2850\u00ab 2022"},{"@type":"BreadcrumbList","@id":"https:\/\/kgerad.de\/produkt\/airtracks-cityrad-herren-urban-bike-28-zoll-city-fahrrad-ur-2850\/#breadcrumb","itemListElement":[{"@type":"ListItem","position":1,"name":"Startseite","item":"https:\/\/kgerad.de\/"},{"@type":"ListItem","position":2,"name":"LADEN","item":"https:\/\/kgerad.de\/laden\/"},{"@type":"ListItem","position":3,"name":"Airtracks Urban Bike 28 Zoll City Fahrrad UR.2850\u00ab 2022"}]},{"@type":"WebSite","@id":"https:\/\/kgerad.de\/#website","url":"https:\/\/kgerad.de\/","name":"kgerad.de","description":"Treten Sie mit uns ins Abenteuer!","publisher":{"@id":"https:\/\/kgerad.de\/#organization"},"alternateName":"MEIN RADLADEN","potentialAction":[{"@type":"SearchAction","target":{"@type":"EntryPoint","urlTemplate":"https:\/\/kgerad.de\/?s={search_term_string}"},"query-input":{"@type":"PropertyValueSpecification","valueRequired":true,"valueName":"search_term_string"}}],"inLanguage":"en-US"},{"@type":"Organization","@id":"https:\/\/kgerad.de\/#organization","name":"MEINRADLADEN","alternateName":"MEIN RADLADEN","url":"https:\/\/kgerad.de\/","logo":{"@type":"ImageObject","inLanguage":"en-US","@id":"https:\/\/kgerad.de\/#\/schema\/logo\/image\/","url":"https:\/\/kgerad.de\/wp-content\/uploads\/2025\/07\/logo-Whit.svg","contentUrl":"https:\/\/kgerad.de\/wp-content\/uploads\/2025\/07\/logo-Whit.svg","width":1640,"height":371,"caption":"MEINRADLADEN"},"image":{"@id":"https:\/\/kgerad.de\/#\/schema\/logo\/image\/"}}]}},"_links":{"self":[{"href":"https:\/\/kgerad.de\/en\/wp-json\/wp\/v2\/product\/48404","targetHints":{"allow":["GET"]}}],"collection":[{"href":"https:\/\/kgerad.de\/en\/wp-json\/wp\/v2\/product"}],"about":[{"href":"https:\/\/kgerad.de\/en\/wp-json\/wp\/v2\/types\/product"}],"replies":[{"embeddable":true,"href":"https:\/\/kgerad.de\/en\/wp-json\/wp\/v2\/comments?post=48404"}],"version-history":[{"count":1,"href":"https:\/\/kgerad.de\/en\/wp-json\/wp\/v2\/product\/48404\/revisions"}],"predecessor-version":[{"id":78759,"href":"https:\/\/kgerad.de\/en\/wp-json\/wp\/v2\/product\/48404\/revisions\/78759"}],"wp:featuredmedia":[{"embeddable":true,"href":"https:\/\/kgerad.de\/en\/wp-json\/wp\/v2\/media\/64686"}],"wp:attachment":[{"href":"https:\/\/kgerad.de\/en\/wp-json\/wp\/v2\/media?parent=48404"}],"wp:term":[{"taxonomy":"product_brand","embeddable":true,"href":"https:\/\/kgerad.de\/en\/wp-json\/wp\/v2\/product_brand?post=48404"},{"taxonomy":"product_cat","embeddable":true,"href":"https:\/\/kgerad.de\/en\/wp-json\/wp\/v2\/product_cat?post=48404"},{"taxonomy":"product_tag","embeddable":true,"href":"https:\/\/kgerad.de\/en\/wp-json\/wp\/v2\/product_tag?post=48404"}],"curies":[{"name":"wp","href":"https:\/\/api.w.org\/{rel}","templated":true}]}}