{"id":48389,"date":"2022-12-06T17:52:02","date_gmt":"2022-12-06T16:52:02","guid":{"rendered":"https:\/\/kgerad.de\/?post_type=product&#038;p=48389"},"modified":"2023-08-10T19:49:35","modified_gmt":"2023-08-10T17:49:35","slug":"brooks-scape-seat-bag-satteltasche","status":"publish","type":"product","link":"https:\/\/kgerad.de\/en\/product\/brooks-scape-seat-bag-satteltasche\/","title":{"rendered":"Brooks Scape Seat Bag Satteltasche"},"content":{"rendered":"<h2 class=\"product--title\"><strong>Brooks<\/strong>\u00a0Scape Seat Bag Satteltasche<\/h2>\n<p>Die Brooks Scape Seat Bag von Brooks ist eine Fahrradtasche, die aus zwei separaten Elementen besteht: einem Holster und einem 100% wasserdichten, herausnehmbaren Drybag. Das Holster ist aus robusten, langlebigen Materialien gefertigt, der Holsterboden sch\u00fctzt die Innentasche vor Kontakt mit dem Hinterrad.<\/p>\n<h4>Platzwunder f\u00fcr Bikepacker und Pendler: Die Scape Seat Bag von<\/h4>\n<p>Der Drybag l\u00e4sst sich dank seines Luftventil-Ausl\u00f6semechanismus leicht komprimieren, um das Volumen zu minimieren, und kann kleingerollt werden, wenn weniger Platz ben\u00f6tigt wird. Die Daisy Chain erm\u00f6glicht das Anbringen von modularen Taschen, w\u00e4hrend eine Schlaufe die Montage eines R\u00fccklichts erm\u00f6glicht.<\/p>\n<hr \/>\n<h4>Features &#8211; Brooks Scape Bag Satteltasche<\/h4>\n<ul>\n<li>Zweiteilige Tasche aus Holster und Dry Bag<\/li>\n<li>Seitliches reflektierendes Logo<\/li>\n<li>Aluminiumhaken zur Befestigung des Drybags im Holster<\/li>\n<li>Wasserdichter Dry Bag mit Rollverschluss<\/li>\n<li>Verst\u00e4rktes Gewebe an allen Kontaktpunkten zu Sitz und Rad<\/li>\n<li>Vertikale Daisy Chain zur Befestigung von zus\u00e4tzlichen Taschen<\/li>\n<li>Trocknungsloch zum Ablassen von Wassertropfen oder Kondenswasser<\/li>\n<li>Schlaufe zur Befestigung eines R\u00fccklichts<\/li>\n<\/ul>\n<h4>Produkteigenschaften<\/h4>\n<ul>\n<li><strong>Einsatzbereich:<\/strong>\u00a0Gravel &amp; Bikepacking, Casual Touring, Commuting<\/li>\n<li><strong>Gr\u00f6\u00dfe (BxHxT):<\/strong>\n<ul>\n<li>Holster: 400-600 x 180 x 140 mm<\/li>\n<li>Dry Bag: 620 x 320 mm<\/li>\n<\/ul>\n<\/li>\n<li><strong>Befestigung:<\/strong>\u00a0Befestigung am Sattel mit Kunststoffschnallen und Klettverschluss<\/li>\n<li><strong>Kapazit\u00e4t:<\/strong>\u00a08 Liter<\/li>\n<li><strong>Maximale Beladung:<\/strong>\u00a03 kg<\/li>\n<li><strong>Wasserdicht:<\/strong>\u00a0Ja, Dry Bag<\/li>\n<\/ul>\n<h4>Farbe<\/h4>\n<ul>\n<li>Black<\/li>\n<\/ul>\n<h4>Gewicht (Herstellerangabe)<\/h4>\n<ul>\n<li>500 g<\/li>\n<\/ul>\n<hr \/>\n<h4>Lieferumfang<\/h4>\n<ul>\n<li>1 x Brooks Scape Seat Bag Satteltasche<\/li>\n<\/ul>\n<hr \/>\n<h4>Brooks England | Sc\u00a0Bag<\/h4>\n<p><iframe title=\"YouTube video player\" src=\"https:\/\/www.youtube-nocookie.com\/embed\/mWM4arZ47jw\" width=\"560\" height=\"315\" frameborder=\"0\" allowfullscreen=\"allowfullscreen\" data-mce-fragment=\"1\"><\/iframe><\/p>\n<h4>Scape Travel Bags &#8211; Whatever your road.<\/h4>\n<p><iframe src=\"https:\/\/www.youtube-nocookie.com\/embed\/J1u0LjJkehQ\" width=\"560\" height=\"315\" frameborder=\"0\" allowfullscreen=\"allowfullscreen\" data-mce-fragment=\"1\"><\/iframe><\/p>\n<h4>Scape Travel Bags &#8211; Versatile Companions.<\/h4>\n<p><iframe src=\"https:\/\/www.youtube-nocookie.com\/embed\/w6lP4KZ3qxA\" width=\"560\" height=\"315\" frameborder=\"0\" allowfullscreen=\"allowfullscreen\" data-mce-fragment=\"1\"><\/iframe><\/p>\n<h4>Brooks England &#8211;\u00a0 Bag<\/h4>\n<p><iframe src=\"https:\/\/www.youtube-nocookie.com\/embed\/x_iQvqhHnNw\" width=\"560\" height=\"315\" frameborder=\"0\" allowfullscreen=\"allowfullscreen\" data-mce-fragment=\"1\"><\/iframe><\/p>\n<h2 class=\"product--rating-container\"><\/h2>","protected":false},"excerpt":{"rendered":"<p>Brooks\u00a0Scape Seat Bag Satteltasche Die Brooks Scape Seat Bag von Brooks ist eine Fahrradtasche, die aus zwei separaten Elementen besteht:<\/p>","protected":false},"featured_media":64680,"comment_status":"open","ping_status":"closed","template":"","meta":[],"product_brand":[],"product_cat":[622,573],"product_tag":[],"class_list":{"0":"post-48389","1":"product","2":"type-product","3":"status-publish","4":"has-post-thumbnail","6":"product_cat-taschen","7":"product_cat-zubehor","8":"pa_marke-brooks","10":"first","11":"instock","12":"sale","13":"taxable","14":"shipping-taxable","15":"purchasable","16":"product-type-simple"},"yoast_head":"<!-- This site is optimized with the Yoast SEO Premium plugin v20.12 (Yoast SEO v27.1.1) - https:\/\/yoast.com\/product\/yoast-seo-premium-wordpress\/ -->\n<title>Brooks Scape Seat Bag Satteltasche<\/title>\n<meta name=\"description\" content=\"kgerad.de bietet Ihnen das Brooks Scape Seat Bag Satteltasche zum besten Preis mit kostenlosem Versand in ganz Europa und mit sicherer Zahlung\" \/>\n<meta name=\"robots\" content=\"index, follow, max-snippet:-1, max-image-preview:large, max-video-preview:-1\" \/>\n<link rel=\"canonical\" href=\"https:\/\/kgerad.de\/en\/product\/brooks-scape-seat-bag-satteltasche\/\" \/>\n<meta property=\"og:locale\" content=\"en_US\" \/>\n<meta property=\"og:type\" content=\"article\" \/>\n<meta property=\"og:title\" content=\"Brooks Scape Seat Bag Satteltasche\" \/>\n<meta property=\"og:description\" content=\"Entdecken Sie unseren Online-Fahrradladen: Gro\u00dfe Auswahl an Modellen f\u00fcr alle Radsportbegeisterten. Von Rennr\u00e4dern bis zu Mountainbikes - finden Sie heute Ihren perfekten Wegbegleiter!\" \/>\n<meta property=\"og:url\" content=\"https:\/\/kgerad.de\/en\/product\/brooks-scape-seat-bag-satteltasche\/\" \/>\n<meta property=\"og:site_name\" content=\"kgerad.de\" \/>\n<meta property=\"article:modified_time\" content=\"2023-08-10T17:49:35+00:00\" \/>\n<meta property=\"og:image\" content=\"https:\/\/kgerad.de\/wp-content\/uploads\/2023\/06\/Brooks-Scape-Seat-Bag-Satteltasche-80032234-6_800x800-0.jpg\" \/>\n\t<meta property=\"og:image:width\" content=\"800\" \/>\n\t<meta property=\"og:image:height\" content=\"574\" \/>\n\t<meta property=\"og:image:type\" content=\"image\/jpeg\" \/>\n<meta name=\"twitter:card\" content=\"summary_large_image\" \/>\n<meta name=\"twitter:label1\" content=\"Est. reading time\" \/>\n\t<meta name=\"twitter:data1\" content=\"2 minutes\" \/>\n<script type=\"application\/ld+json\" class=\"yoast-schema-graph\">{\"@context\":\"https:\/\/schema.org\",\"@graph\":[{\"@type\":\"WebPage\",\"@id\":\"https:\/\/kgerad.de\/produkt\/brooks-scape-seat-bag-satteltasche\/\",\"url\":\"https:\/\/kgerad.de\/produkt\/brooks-scape-seat-bag-satteltasche\/\",\"name\":\"Brooks Scape Seat Bag Satteltasche\",\"isPartOf\":{\"@id\":\"https:\/\/kgerad.de\/#website\"},\"primaryImageOfPage\":{\"@id\":\"https:\/\/kgerad.de\/produkt\/brooks-scape-seat-bag-satteltasche\/#primaryimage\"},\"image\":{\"@id\":\"https:\/\/kgerad.de\/produkt\/brooks-scape-seat-bag-satteltasche\/#primaryimage\"},\"thumbnailUrl\":\"https:\/\/kgerad.de\/wp-content\/uploads\/2023\/06\/Brooks-Scape-Seat-Bag-Satteltasche-80032234-6_800x800-0.jpg\",\"datePublished\":\"2022-12-06T16:52:02+00:00\",\"dateModified\":\"2023-08-10T17:49:35+00:00\",\"description\":\"kgerad.de bietet Ihnen das Brooks Scape Seat Bag Satteltasche zum besten Preis mit kostenlosem Versand in ganz Europa und mit sicherer Zahlung\",\"breadcrumb\":{\"@id\":\"https:\/\/kgerad.de\/produkt\/brooks-scape-seat-bag-satteltasche\/#breadcrumb\"},\"inLanguage\":\"en-US\",\"potentialAction\":[{\"@type\":\"ReadAction\",\"target\":[\"https:\/\/kgerad.de\/produkt\/brooks-scape-seat-bag-satteltasche\/\"]}]},{\"@type\":\"ImageObject\",\"inLanguage\":\"en-US\",\"@id\":\"https:\/\/kgerad.de\/produkt\/brooks-scape-seat-bag-satteltasche\/#primaryimage\",\"url\":\"https:\/\/kgerad.de\/wp-content\/uploads\/2023\/06\/Brooks-Scape-Seat-Bag-Satteltasche-80032234-6_800x800-0.jpg\",\"contentUrl\":\"https:\/\/kgerad.de\/wp-content\/uploads\/2023\/06\/Brooks-Scape-Seat-Bag-Satteltasche-80032234-6_800x800-0.jpg\",\"width\":800,\"height\":574,\"caption\":\"Brooks Scape Seat Bag Satteltasche\"},{\"@type\":\"BreadcrumbList\",\"@id\":\"https:\/\/kgerad.de\/produkt\/brooks-scape-seat-bag-satteltasche\/#breadcrumb\",\"itemListElement\":[{\"@type\":\"ListItem\",\"position\":1,\"name\":\"Startseite\",\"item\":\"https:\/\/kgerad.de\/\"},{\"@type\":\"ListItem\",\"position\":2,\"name\":\"LADEN\",\"item\":\"https:\/\/kgerad.de\/laden\/\"},{\"@type\":\"ListItem\",\"position\":3,\"name\":\"Brooks Scape Seat Bag Satteltasche\"}]},{\"@type\":\"WebSite\",\"@id\":\"https:\/\/kgerad.de\/#website\",\"url\":\"https:\/\/kgerad.de\/\",\"name\":\"kgerad.de\",\"description\":\"Treten Sie mit uns ins Abenteuer!\",\"publisher\":{\"@id\":\"https:\/\/kgerad.de\/#organization\"},\"alternateName\":\"MEIN RADLADEN\",\"potentialAction\":[{\"@type\":\"SearchAction\",\"target\":{\"@type\":\"EntryPoint\",\"urlTemplate\":\"https:\/\/kgerad.de\/?s={search_term_string}\"},\"query-input\":{\"@type\":\"PropertyValueSpecification\",\"valueRequired\":true,\"valueName\":\"search_term_string\"}}],\"inLanguage\":\"en-US\"},{\"@type\":\"Organization\",\"@id\":\"https:\/\/kgerad.de\/#organization\",\"name\":\"MEINRADLADEN\",\"alternateName\":\"MEIN RADLADEN\",\"url\":\"https:\/\/kgerad.de\/\",\"logo\":{\"@type\":\"ImageObject\",\"inLanguage\":\"en-US\",\"@id\":\"https:\/\/kgerad.de\/#\/schema\/logo\/image\/\",\"url\":\"https:\/\/kgerad.de\/wp-content\/uploads\/2025\/07\/logo-Whit.svg\",\"contentUrl\":\"https:\/\/kgerad.de\/wp-content\/uploads\/2025\/07\/logo-Whit.svg\",\"width\":1640,\"height\":371,\"caption\":\"MEINRADLADEN\"},\"image\":{\"@id\":\"https:\/\/kgerad.de\/#\/schema\/logo\/image\/\"}}]}<\/script>\n<!-- \/ Yoast SEO Premium plugin. -->","yoast_head_json":{"title":"Brooks Scape Seat Bag Satteltasche","description":"kgerad.de bietet Ihnen das Brooks Scape Seat Bag Satteltasche zum besten Preis mit kostenlosem Versand in ganz Europa und mit sicherer Zahlung","robots":{"index":"index","follow":"follow","max-snippet":"max-snippet:-1","max-image-preview":"max-image-preview:large","max-video-preview":"max-video-preview:-1"},"canonical":"https:\/\/kgerad.de\/en\/product\/brooks-scape-seat-bag-satteltasche\/","og_locale":"en_US","og_type":"article","og_title":"Brooks Scape Seat Bag Satteltasche","og_description":"Entdecken Sie unseren Online-Fahrradladen: Gro\u00dfe Auswahl an Modellen f\u00fcr alle Radsportbegeisterten. Von Rennr\u00e4dern bis zu Mountainbikes - finden Sie heute Ihren perfekten Wegbegleiter!","og_url":"https:\/\/kgerad.de\/en\/product\/brooks-scape-seat-bag-satteltasche\/","og_site_name":"kgerad.de","article_modified_time":"2023-08-10T17:49:35+00:00","og_image":[{"width":800,"height":574,"url":"https:\/\/kgerad.de\/wp-content\/uploads\/2023\/06\/Brooks-Scape-Seat-Bag-Satteltasche-80032234-6_800x800-0.jpg","type":"image\/jpeg"}],"twitter_card":"summary_large_image","twitter_misc":{"Est. reading time":"2 minutes"},"schema":{"@context":"https:\/\/schema.org","@graph":[{"@type":"WebPage","@id":"https:\/\/kgerad.de\/produkt\/brooks-scape-seat-bag-satteltasche\/","url":"https:\/\/kgerad.de\/produkt\/brooks-scape-seat-bag-satteltasche\/","name":"Brooks Scape Seat Bag Satteltasche","isPartOf":{"@id":"https:\/\/kgerad.de\/#website"},"primaryImageOfPage":{"@id":"https:\/\/kgerad.de\/produkt\/brooks-scape-seat-bag-satteltasche\/#primaryimage"},"image":{"@id":"https:\/\/kgerad.de\/produkt\/brooks-scape-seat-bag-satteltasche\/#primaryimage"},"thumbnailUrl":"https:\/\/kgerad.de\/wp-content\/uploads\/2023\/06\/Brooks-Scape-Seat-Bag-Satteltasche-80032234-6_800x800-0.jpg","datePublished":"2022-12-06T16:52:02+00:00","dateModified":"2023-08-10T17:49:35+00:00","description":"kgerad.de bietet Ihnen das Brooks Scape Seat Bag Satteltasche zum besten Preis mit kostenlosem Versand in ganz Europa und mit sicherer Zahlung","breadcrumb":{"@id":"https:\/\/kgerad.de\/produkt\/brooks-scape-seat-bag-satteltasche\/#breadcrumb"},"inLanguage":"en-US","potentialAction":[{"@type":"ReadAction","target":["https:\/\/kgerad.de\/produkt\/brooks-scape-seat-bag-satteltasche\/"]}]},{"@type":"ImageObject","inLanguage":"en-US","@id":"https:\/\/kgerad.de\/produkt\/brooks-scape-seat-bag-satteltasche\/#primaryimage","url":"https:\/\/kgerad.de\/wp-content\/uploads\/2023\/06\/Brooks-Scape-Seat-Bag-Satteltasche-80032234-6_800x800-0.jpg","contentUrl":"https:\/\/kgerad.de\/wp-content\/uploads\/2023\/06\/Brooks-Scape-Seat-Bag-Satteltasche-80032234-6_800x800-0.jpg","width":800,"height":574,"caption":"Brooks Scape Seat Bag Satteltasche"},{"@type":"BreadcrumbList","@id":"https:\/\/kgerad.de\/produkt\/brooks-scape-seat-bag-satteltasche\/#breadcrumb","itemListElement":[{"@type":"ListItem","position":1,"name":"Startseite","item":"https:\/\/kgerad.de\/"},{"@type":"ListItem","position":2,"name":"LADEN","item":"https:\/\/kgerad.de\/laden\/"},{"@type":"ListItem","position":3,"name":"Brooks Scape Seat Bag Satteltasche"}]},{"@type":"WebSite","@id":"https:\/\/kgerad.de\/#website","url":"https:\/\/kgerad.de\/","name":"kgerad.de","description":"Treten Sie mit uns ins Abenteuer!","publisher":{"@id":"https:\/\/kgerad.de\/#organization"},"alternateName":"MEIN RADLADEN","potentialAction":[{"@type":"SearchAction","target":{"@type":"EntryPoint","urlTemplate":"https:\/\/kgerad.de\/?s={search_term_string}"},"query-input":{"@type":"PropertyValueSpecification","valueRequired":true,"valueName":"search_term_string"}}],"inLanguage":"en-US"},{"@type":"Organization","@id":"https:\/\/kgerad.de\/#organization","name":"MEINRADLADEN","alternateName":"MEIN RADLADEN","url":"https:\/\/kgerad.de\/","logo":{"@type":"ImageObject","inLanguage":"en-US","@id":"https:\/\/kgerad.de\/#\/schema\/logo\/image\/","url":"https:\/\/kgerad.de\/wp-content\/uploads\/2025\/07\/logo-Whit.svg","contentUrl":"https:\/\/kgerad.de\/wp-content\/uploads\/2025\/07\/logo-Whit.svg","width":1640,"height":371,"caption":"MEINRADLADEN"},"image":{"@id":"https:\/\/kgerad.de\/#\/schema\/logo\/image\/"}}]}},"_links":{"self":[{"href":"https:\/\/kgerad.de\/en\/wp-json\/wp\/v2\/product\/48389","targetHints":{"allow":["GET"]}}],"collection":[{"href":"https:\/\/kgerad.de\/en\/wp-json\/wp\/v2\/product"}],"about":[{"href":"https:\/\/kgerad.de\/en\/wp-json\/wp\/v2\/types\/product"}],"replies":[{"embeddable":true,"href":"https:\/\/kgerad.de\/en\/wp-json\/wp\/v2\/comments?post=48389"}],"version-history":[{"count":1,"href":"https:\/\/kgerad.de\/en\/wp-json\/wp\/v2\/product\/48389\/revisions"}],"predecessor-version":[{"id":78760,"href":"https:\/\/kgerad.de\/en\/wp-json\/wp\/v2\/product\/48389\/revisions\/78760"}],"wp:featuredmedia":[{"embeddable":true,"href":"https:\/\/kgerad.de\/en\/wp-json\/wp\/v2\/media\/64680"}],"wp:attachment":[{"href":"https:\/\/kgerad.de\/en\/wp-json\/wp\/v2\/media?parent=48389"}],"wp:term":[{"taxonomy":"product_brand","embeddable":true,"href":"https:\/\/kgerad.de\/en\/wp-json\/wp\/v2\/product_brand?post=48389"},{"taxonomy":"product_cat","embeddable":true,"href":"https:\/\/kgerad.de\/en\/wp-json\/wp\/v2\/product_cat?post=48389"},{"taxonomy":"product_tag","embeddable":true,"href":"https:\/\/kgerad.de\/en\/wp-json\/wp\/v2\/product_tag?post=48389"}],"curies":[{"name":"wp","href":"https:\/\/api.w.org\/{rel}","templated":true}]}}