{"id":48365,"date":"2022-12-06T17:10:51","date_gmt":"2022-12-06T16:10:51","guid":{"rendered":"https:\/\/kgerad.de\/?post_type=product&#038;p=48365"},"modified":"2023-08-10T19:53:19","modified_gmt":"2023-08-10T17:53:19","slug":"vaude-aqua-back-plus-fahrradtaschen","status":"publish","type":"product","link":"https:\/\/kgerad.de\/en\/product\/vaude-aqua-back-plus-fahrradtaschen\/","title":{"rendered":"Vaude Aqua Back Plus &#8211; Fahrradtaschen"},"content":{"rendered":"<h2 class=\"product--title\"><strong>Vaude<\/strong>\u00a0Aqua Back Plus &#8211; Fahrradtaschen<\/h2>\n<p>Die Vaude Aqua Back Plus wasser dichten Hinterradtaschen <a href=\"http:\/\/1-1\">werden<\/a> aus robustem, PVC-freiem Planenmaterial klimaneutral am deutschen Standort in der N\u00e4he des Bodensees hergestellt und w\u00fcrden gerne mit Dir auf gro\u00dfe Reisen gehen.<\/p>\n<h2>Auf in die gro\u00dfe, weite Welt mit den Aque Back Plus Hinterradtaschen von Vaude<\/h2>\n<p>Sie lassen sich durch den Wickelverschluss auf individuelle Gr\u00f6\u00dfen bringen und absolut dicht verschlie\u00dfen. F\u00fcr \u00dcbersichtlichkeit sorgen eine einfache Innentasche sowie die aufgeschwei\u00dfte Au\u00dfentasche.<\/p>\n<p>Die Radtaschen werden mit dem QMR 2.0-System und stabiler R\u00fcckenplatte rechts und links am hinteren Gep\u00e4cktr\u00e4ger befestigt, sind \u00fcber einfach bedienbare Handr\u00e4dchen justierbar und lassen sich schnell und einfach abnehmen. Mit einem Fahrradschloss k\u00f6nnen sie direkt am QMR-Haken verriegelt werden. Reflexelemente sorgen f\u00fcr eine gute Sichtbarkeit im Stra\u00dfenverkehr.<\/p>\n<hr \/>\n<h3>Features &#8211; Vaude Aqua Back Plus<\/h3>\n<ul>\n<li>Klimaneutral in Deutschland hergestellt<\/li>\n<li>PVC-freies Planenmaterial<\/li>\n<li>Wasserdichter Wickelverschluss<\/li>\n<li>Rollverschluss nach oben und unten schlie\u00dfbar<\/li>\n<li>Ger\u00e4umiges Hauptfach<\/li>\n<li>Innentasch<\/li>\n<li>Aufgeschwei\u00dfte Fronttasche<\/li>\n<li>Abnehmbarer Schultergurt<\/li>\n<li>Schultergurt und Bauchgurt<\/li>\n<li>Leicht einstellbares QMR 2.0 Befestigungssystem<\/li>\n<li>QMR abschlie\u00dfbar<\/li>\n<li>Reflexlogo<\/li>\n<\/ul>\n<h3>Produkteigenschaften<\/h3>\n<ul>\n<li><strong>Volumen:<\/strong>\u00a051 l<\/li>\n<li><strong>Ma\u00dfe:<\/strong>\u00a037 x 33 x 31 cm<\/li>\n<li><strong>Max. Ladegewicht:<\/strong>\u00a025kg<\/li>\n<\/ul>\n<h3>Material<\/h3>\n<ul>\n<li><strong>Hauptstoff:<\/strong>\u00a0100% Polyester; 1000 D Embossed Thermoplastic Polyurethan beschichtet<\/li>\n<li><strong>Kontrastmaterial:<\/strong>\u00a0100% Polyamid; 840 D Thermoplastic Polyurethan beschichtet<\/li>\n<\/ul>\n<h3>Farbe<\/h3>\n<ul>\n<li>blue<\/li>\n<\/ul>\n<h3>Gewicht<\/h3>\n<ul>\n<li>2120 g (Herstellerangabe)<\/li>\n<\/ul>\n<hr \/>\n<h3>Lieferumfang<\/h3>\n<ul>\n<li>2 x Vaude Aqua Back Plus Fahrradtasche<\/li>\n<\/ul>\n<hr \/>\n<p><strong>MADE IN GERMANY<\/strong><br \/>\nKonzeption, Entwicklung und Fertigung aus einer Hand, aus Deutschland. Bei VAUDE steht &#8222;Made in Germany&#8220; f\u00fcr \u00e4sthetisches Design und hochwertige Qualit\u00e4t.<\/p>\n<hr \/>\n<h3>\u00d6koinfos<\/h3>\n<p><strong>FAIR WEAR FOUNDATION<\/strong><br \/>\nWir setzen uns f\u00fcr gute Arbeitsbedingungen und faire L\u00f6hne f\u00fcr alle ein. Wir sind Mitglied der Fair Wear Foundation (FWF) und verpflichten uns, die Arbeitsbedingungen in allen Produktionsst\u00e4tten kontinuierlich zu verbessern. Diese werden regelm\u00e4\u00dfig kontrolliert. VAUDE hat mit dem Leader Status den h\u00f6chsten Status als FWF-Mitglied erreicht.<\/p>\n<p><strong>PVC-free<\/strong><br \/>\nDas VAUDE-Siegel &#8222;PVC-free&#8220; bedeutet, dass dieses Produkt komplett ohne PVC (Polyvinylchlorid) hergestellt ist. PVC enth\u00e4lt h\u00e4ufig Weichmacher (Phtalate), die im Verdacht stehen, gesundheitssch\u00e4dlich zu sein.<\/p>\n<p><strong>myclimate<\/strong><br \/>\nDieses Produkt ist klimaneutral: Die Emissionen aus Materialien, Herstellungsprozess und Versand wurden systematisch reduziert und vollst\u00e4ndig kompensiert.<\/p>\n<p><strong>ECO FINISH<\/strong><br \/>\nVAUDE Produkte mit Eco Finish sind umweltfreundlich wasserabweisend ohne Fluorcarbone (PFC) hergestellt.PFC geh\u00f6ren zu einer Gruppe von chemischen Verbindungen, die bei vielen Outdoor-Produkten zur Impr\u00e4gnierung des Oberstoffes eingesetzt werden.Sie sind in die Kritik geraten, da sie als nicht abbaubar gelten, sich im K\u00f6rper anreichern und im Verdacht stehen, gesundheitssch\u00e4dlich zu sein.VAUDE hat eine klare Selbstverpflichtung, vollst\u00e4ndig auf PFC zu verzichten.<\/p>\n<p><strong>Hard Back 2.0<\/strong><br \/>\nWeiterentwicklung des bew\u00e4hrten Hartschalen-Taschenr\u00fcckens. Optimierte Form, handverstellbarer F\u00fchrungshaken, rutschfeste Standf\u00fcsse und h\u00f6here Stabilit\u00e4t und machen den &#8222;Bestseller&#8220; noch besser. Maximale Beladung: 12,5 kg pro Tasche.<\/p>\n<p><strong>QMR 2.0<\/strong><br \/>\nDie zweite Generation der Quick Mount Release (QMR) Hakens: noch einfacher zu bedienen und direkt am Haken absperrbar (mit z.B. ABUS 145\/20 Vorh\u00e4ngeschloss).<\/p>","protected":false},"excerpt":{"rendered":"<p>Vaude\u00a0Aqua Back Plus &#8211; Fahrradtaschen Die Vaude Aqua Back Plus wasser dichten Hinterradtaschen werden aus robustem, PVC-freiem Planenmaterial klimaneutral am<\/p>","protected":false},"featured_media":64670,"comment_status":"open","ping_status":"closed","template":"","meta":[],"product_brand":[],"product_cat":[622,573],"product_tag":[],"class_list":{"0":"post-48365","1":"product","2":"type-product","3":"status-publish","4":"has-post-thumbnail","6":"product_cat-taschen","7":"product_cat-zubehor","8":"pa_marke-vaude","10":"first","11":"instock","12":"sale","13":"taxable","14":"shipping-taxable","15":"purchasable","16":"product-type-simple"},"yoast_head":"<!-- This site is optimized with the Yoast SEO Premium plugin v20.12 (Yoast SEO v27.1.1) - https:\/\/yoast.com\/product\/yoast-seo-premium-wordpress\/ -->\n<title>Vaude Aqua Back Plus - Fahrradtaschen<\/title>\n<meta name=\"description\" content=\"Entdecken Sie unseren Online-Fahrradladen: Gro\u00dfe Auswahl an Modellen f\u00fcr alle Radsportbegeisterten. Von Rennr\u00e4dern bis zu Mountainbikes - finden Sie heute Ihren perfekten Wegbegleiter!\" \/>\n<meta name=\"robots\" content=\"index, follow, max-snippet:-1, max-image-preview:large, max-video-preview:-1\" \/>\n<link rel=\"canonical\" href=\"https:\/\/kgerad.de\/en\/product\/vaude-aqua-back-plus-fahrradtaschen\/\" \/>\n<meta property=\"og:locale\" content=\"en_US\" \/>\n<meta property=\"og:type\" content=\"article\" \/>\n<meta property=\"og:title\" content=\"Vaude Aqua Back Plus - Fahrradtaschen\" \/>\n<meta property=\"og:description\" content=\"Entdecken Sie unseren Online-Fahrradladen: Gro\u00dfe Auswahl an Modellen f\u00fcr alle Radsportbegeisterten. Von Rennr\u00e4dern bis zu Mountainbikes - finden Sie heute Ihren perfekten Wegbegleiter!\" \/>\n<meta property=\"og:url\" content=\"https:\/\/kgerad.de\/en\/product\/vaude-aqua-back-plus-fahrradtaschen\/\" \/>\n<meta property=\"og:site_name\" content=\"kgerad.de\" \/>\n<meta property=\"article:modified_time\" content=\"2023-08-10T17:53:19+00:00\" \/>\n<meta property=\"og:image\" content=\"https:\/\/kgerad.de\/wp-content\/uploads\/2023\/06\/Vaude_Aqua_Back_Plus-Fahrradtaschen_12412-300_01_800x800-0.jpg\" \/>\n\t<meta property=\"og:image:width\" content=\"615\" \/>\n\t<meta property=\"og:image:height\" content=\"800\" \/>\n\t<meta property=\"og:image:type\" content=\"image\/jpeg\" \/>\n<meta name=\"twitter:card\" content=\"summary_large_image\" \/>\n<meta name=\"twitter:label1\" content=\"Est. reading time\" \/>\n\t<meta name=\"twitter:data1\" content=\"3 minutes\" \/>\n<script type=\"application\/ld+json\" class=\"yoast-schema-graph\">{\"@context\":\"https:\/\/schema.org\",\"@graph\":[{\"@type\":\"WebPage\",\"@id\":\"https:\/\/kgerad.de\/produkt\/vaude-aqua-back-plus-fahrradtaschen\/\",\"url\":\"https:\/\/kgerad.de\/produkt\/vaude-aqua-back-plus-fahrradtaschen\/\",\"name\":\"Vaude Aqua Back Plus - Fahrradtaschen\",\"isPartOf\":{\"@id\":\"https:\/\/kgerad.de\/#website\"},\"primaryImageOfPage\":{\"@id\":\"https:\/\/kgerad.de\/produkt\/vaude-aqua-back-plus-fahrradtaschen\/#primaryimage\"},\"image\":{\"@id\":\"https:\/\/kgerad.de\/produkt\/vaude-aqua-back-plus-fahrradtaschen\/#primaryimage\"},\"thumbnailUrl\":\"https:\/\/kgerad.de\/wp-content\/uploads\/2023\/06\/Vaude_Aqua_Back_Plus-Fahrradtaschen_12412-300_01_800x800-0.jpg\",\"datePublished\":\"2022-12-06T16:10:51+00:00\",\"dateModified\":\"2023-08-10T17:53:19+00:00\",\"description\":\"Entdecken Sie unseren Online-Fahrradladen: Gro\u00dfe Auswahl an Modellen f\u00fcr alle Radsportbegeisterten. Von Rennr\u00e4dern bis zu Mountainbikes - finden Sie heute Ihren perfekten Wegbegleiter!\",\"breadcrumb\":{\"@id\":\"https:\/\/kgerad.de\/produkt\/vaude-aqua-back-plus-fahrradtaschen\/#breadcrumb\"},\"inLanguage\":\"en-US\",\"potentialAction\":[{\"@type\":\"ReadAction\",\"target\":[\"https:\/\/kgerad.de\/produkt\/vaude-aqua-back-plus-fahrradtaschen\/\"]}]},{\"@type\":\"ImageObject\",\"inLanguage\":\"en-US\",\"@id\":\"https:\/\/kgerad.de\/produkt\/vaude-aqua-back-plus-fahrradtaschen\/#primaryimage\",\"url\":\"https:\/\/kgerad.de\/wp-content\/uploads\/2023\/06\/Vaude_Aqua_Back_Plus-Fahrradtaschen_12412-300_01_800x800-0.jpg\",\"contentUrl\":\"https:\/\/kgerad.de\/wp-content\/uploads\/2023\/06\/Vaude_Aqua_Back_Plus-Fahrradtaschen_12412-300_01_800x800-0.jpg\",\"width\":615,\"height\":800,\"caption\":\"Vaude Aqua Back Plus - Fahrradtaschen\"},{\"@type\":\"BreadcrumbList\",\"@id\":\"https:\/\/kgerad.de\/produkt\/vaude-aqua-back-plus-fahrradtaschen\/#breadcrumb\",\"itemListElement\":[{\"@type\":\"ListItem\",\"position\":1,\"name\":\"Startseite\",\"item\":\"https:\/\/kgerad.de\/\"},{\"@type\":\"ListItem\",\"position\":2,\"name\":\"LADEN\",\"item\":\"https:\/\/kgerad.de\/laden\/\"},{\"@type\":\"ListItem\",\"position\":3,\"name\":\"Vaude Aqua Back Plus &#8211; Fahrradtaschen\"}]},{\"@type\":\"WebSite\",\"@id\":\"https:\/\/kgerad.de\/#website\",\"url\":\"https:\/\/kgerad.de\/\",\"name\":\"kgerad.de\",\"description\":\"Treten Sie mit uns ins Abenteuer!\",\"publisher\":{\"@id\":\"https:\/\/kgerad.de\/#organization\"},\"alternateName\":\"MEIN RADLADEN\",\"potentialAction\":[{\"@type\":\"SearchAction\",\"target\":{\"@type\":\"EntryPoint\",\"urlTemplate\":\"https:\/\/kgerad.de\/?s={search_term_string}\"},\"query-input\":{\"@type\":\"PropertyValueSpecification\",\"valueRequired\":true,\"valueName\":\"search_term_string\"}}],\"inLanguage\":\"en-US\"},{\"@type\":\"Organization\",\"@id\":\"https:\/\/kgerad.de\/#organization\",\"name\":\"MEINRADLADEN\",\"alternateName\":\"MEIN RADLADEN\",\"url\":\"https:\/\/kgerad.de\/\",\"logo\":{\"@type\":\"ImageObject\",\"inLanguage\":\"en-US\",\"@id\":\"https:\/\/kgerad.de\/#\/schema\/logo\/image\/\",\"url\":\"https:\/\/kgerad.de\/wp-content\/uploads\/2025\/07\/logo-Whit.svg\",\"contentUrl\":\"https:\/\/kgerad.de\/wp-content\/uploads\/2025\/07\/logo-Whit.svg\",\"width\":1640,\"height\":371,\"caption\":\"MEINRADLADEN\"},\"image\":{\"@id\":\"https:\/\/kgerad.de\/#\/schema\/logo\/image\/\"}}]}<\/script>\n<!-- \/ Yoast SEO Premium plugin. -->","yoast_head_json":{"title":"Vaude Aqua Back Plus - Fahrradtaschen","description":"Entdecken Sie unseren Online-Fahrradladen: Gro\u00dfe Auswahl an Modellen f\u00fcr alle Radsportbegeisterten. Von Rennr\u00e4dern bis zu Mountainbikes - finden Sie heute Ihren perfekten Wegbegleiter!","robots":{"index":"index","follow":"follow","max-snippet":"max-snippet:-1","max-image-preview":"max-image-preview:large","max-video-preview":"max-video-preview:-1"},"canonical":"https:\/\/kgerad.de\/en\/product\/vaude-aqua-back-plus-fahrradtaschen\/","og_locale":"en_US","og_type":"article","og_title":"Vaude Aqua Back Plus - Fahrradtaschen","og_description":"Entdecken Sie unseren Online-Fahrradladen: Gro\u00dfe Auswahl an Modellen f\u00fcr alle Radsportbegeisterten. Von Rennr\u00e4dern bis zu Mountainbikes - finden Sie heute Ihren perfekten Wegbegleiter!","og_url":"https:\/\/kgerad.de\/en\/product\/vaude-aqua-back-plus-fahrradtaschen\/","og_site_name":"kgerad.de","article_modified_time":"2023-08-10T17:53:19+00:00","og_image":[{"width":615,"height":800,"url":"https:\/\/kgerad.de\/wp-content\/uploads\/2023\/06\/Vaude_Aqua_Back_Plus-Fahrradtaschen_12412-300_01_800x800-0.jpg","type":"image\/jpeg"}],"twitter_card":"summary_large_image","twitter_misc":{"Est. reading time":"3 minutes"},"schema":{"@context":"https:\/\/schema.org","@graph":[{"@type":"WebPage","@id":"https:\/\/kgerad.de\/produkt\/vaude-aqua-back-plus-fahrradtaschen\/","url":"https:\/\/kgerad.de\/produkt\/vaude-aqua-back-plus-fahrradtaschen\/","name":"Vaude Aqua Back Plus - Fahrradtaschen","isPartOf":{"@id":"https:\/\/kgerad.de\/#website"},"primaryImageOfPage":{"@id":"https:\/\/kgerad.de\/produkt\/vaude-aqua-back-plus-fahrradtaschen\/#primaryimage"},"image":{"@id":"https:\/\/kgerad.de\/produkt\/vaude-aqua-back-plus-fahrradtaschen\/#primaryimage"},"thumbnailUrl":"https:\/\/kgerad.de\/wp-content\/uploads\/2023\/06\/Vaude_Aqua_Back_Plus-Fahrradtaschen_12412-300_01_800x800-0.jpg","datePublished":"2022-12-06T16:10:51+00:00","dateModified":"2023-08-10T17:53:19+00:00","description":"Entdecken Sie unseren Online-Fahrradladen: Gro\u00dfe Auswahl an Modellen f\u00fcr alle Radsportbegeisterten. Von Rennr\u00e4dern bis zu Mountainbikes - finden Sie heute Ihren perfekten Wegbegleiter!","breadcrumb":{"@id":"https:\/\/kgerad.de\/produkt\/vaude-aqua-back-plus-fahrradtaschen\/#breadcrumb"},"inLanguage":"en-US","potentialAction":[{"@type":"ReadAction","target":["https:\/\/kgerad.de\/produkt\/vaude-aqua-back-plus-fahrradtaschen\/"]}]},{"@type":"ImageObject","inLanguage":"en-US","@id":"https:\/\/kgerad.de\/produkt\/vaude-aqua-back-plus-fahrradtaschen\/#primaryimage","url":"https:\/\/kgerad.de\/wp-content\/uploads\/2023\/06\/Vaude_Aqua_Back_Plus-Fahrradtaschen_12412-300_01_800x800-0.jpg","contentUrl":"https:\/\/kgerad.de\/wp-content\/uploads\/2023\/06\/Vaude_Aqua_Back_Plus-Fahrradtaschen_12412-300_01_800x800-0.jpg","width":615,"height":800,"caption":"Vaude Aqua Back Plus - Fahrradtaschen"},{"@type":"BreadcrumbList","@id":"https:\/\/kgerad.de\/produkt\/vaude-aqua-back-plus-fahrradtaschen\/#breadcrumb","itemListElement":[{"@type":"ListItem","position":1,"name":"Startseite","item":"https:\/\/kgerad.de\/"},{"@type":"ListItem","position":2,"name":"LADEN","item":"https:\/\/kgerad.de\/laden\/"},{"@type":"ListItem","position":3,"name":"Vaude Aqua Back Plus &#8211; Fahrradtaschen"}]},{"@type":"WebSite","@id":"https:\/\/kgerad.de\/#website","url":"https:\/\/kgerad.de\/","name":"kgerad.de","description":"Treten Sie mit uns ins Abenteuer!","publisher":{"@id":"https:\/\/kgerad.de\/#organization"},"alternateName":"MEIN RADLADEN","potentialAction":[{"@type":"SearchAction","target":{"@type":"EntryPoint","urlTemplate":"https:\/\/kgerad.de\/?s={search_term_string}"},"query-input":{"@type":"PropertyValueSpecification","valueRequired":true,"valueName":"search_term_string"}}],"inLanguage":"en-US"},{"@type":"Organization","@id":"https:\/\/kgerad.de\/#organization","name":"MEINRADLADEN","alternateName":"MEIN RADLADEN","url":"https:\/\/kgerad.de\/","logo":{"@type":"ImageObject","inLanguage":"en-US","@id":"https:\/\/kgerad.de\/#\/schema\/logo\/image\/","url":"https:\/\/kgerad.de\/wp-content\/uploads\/2025\/07\/logo-Whit.svg","contentUrl":"https:\/\/kgerad.de\/wp-content\/uploads\/2025\/07\/logo-Whit.svg","width":1640,"height":371,"caption":"MEINRADLADEN"},"image":{"@id":"https:\/\/kgerad.de\/#\/schema\/logo\/image\/"}}]}},"_links":{"self":[{"href":"https:\/\/kgerad.de\/en\/wp-json\/wp\/v2\/product\/48365","targetHints":{"allow":["GET"]}}],"collection":[{"href":"https:\/\/kgerad.de\/en\/wp-json\/wp\/v2\/product"}],"about":[{"href":"https:\/\/kgerad.de\/en\/wp-json\/wp\/v2\/types\/product"}],"replies":[{"embeddable":true,"href":"https:\/\/kgerad.de\/en\/wp-json\/wp\/v2\/comments?post=48365"}],"version-history":[{"count":1,"href":"https:\/\/kgerad.de\/en\/wp-json\/wp\/v2\/product\/48365\/revisions"}],"predecessor-version":[{"id":78766,"href":"https:\/\/kgerad.de\/en\/wp-json\/wp\/v2\/product\/48365\/revisions\/78766"}],"wp:featuredmedia":[{"embeddable":true,"href":"https:\/\/kgerad.de\/en\/wp-json\/wp\/v2\/media\/64670"}],"wp:attachment":[{"href":"https:\/\/kgerad.de\/en\/wp-json\/wp\/v2\/media?parent=48365"}],"wp:term":[{"taxonomy":"product_brand","embeddable":true,"href":"https:\/\/kgerad.de\/en\/wp-json\/wp\/v2\/product_brand?post=48365"},{"taxonomy":"product_cat","embeddable":true,"href":"https:\/\/kgerad.de\/en\/wp-json\/wp\/v2\/product_cat?post=48365"},{"taxonomy":"product_tag","embeddable":true,"href":"https:\/\/kgerad.de\/en\/wp-json\/wp\/v2\/product_tag?post=48365"}],"curies":[{"name":"wp","href":"https:\/\/api.w.org\/{rel}","templated":true}]}}