{"id":48345,"date":"2022-12-06T16:16:48","date_gmt":"2022-12-06T15:16:48","guid":{"rendered":"https:\/\/kgerad.de\/?post_type=product&#038;p=48345"},"modified":"2023-08-10T20:01:45","modified_gmt":"2023-08-10T18:01:45","slug":"damenfahrrad-citybike-28-zoll-maxim-la-vita-nexus-alu-rahmen-2","status":"publish","type":"product","link":"https:\/\/kgerad.de\/en\/product\/damenfahrrad-citybike-28-zoll-maxim-la-vita-nexus-alu-rahmen-2\/","title":{"rendered":"Damenfahrrad Citybike 28 Zoll Maxim La Vita Nexus Alu Rahmen"},"content":{"rendered":"<h2 class=\"rd-title\" title=\"Damenfahrrad Citybike 28 Zoll Maxim La Vita Nexus Alu Rahmen 7- Gang Shimano\">Damenfahrrad Citybike 28 Zoll Maxim La Vita Nexus Alu Rahmen<\/h2>\n<p>In dieser Damenfahrrad Citybike -Variante, ist das Adler Verona mit einer Nabenschaltung (Baugruppe Nexus) von Shimano ausgestattet. Die 7 w\u00e4hlbaren Gangstufen bieten dir ausreichende Schaltoptionen f\u00fcr entspannte Radausfl\u00fcge und den t\u00e4glichen Einsatz in der Stadt. Dazu ist diese Schaltvariante als besonders langlebig und robust gesch\u00e4tzt und sie bietet, als 3. Bremse, eine R\u00fccktrittbremse an. Am Vorder- und Hinterrad verrichten dabei klassische V-Bremsen ihren Dienst.<\/p>\n<p>F\u00fcr den Faktor Komfort, hat Adler seinem Verona Trekkingbike eine Zoom Federgabel an der Front spendiert. Sie f\u00e4ngt leichte Unebenheiten angenehm ab und l\u00e4sst dich auch schlechtere Wege mit etwas Komfort bereisen. Dazu l\u00e4sst sich der Lenkervorbau praktisch feinjustieren und erm\u00f6glicht dir eine genauere Lenkerpositionsanpassung an deine bevorzugte Fahrhaltung.<\/p>\n<p>Selbstverst\u00e4ndlich ist das StVZO-tauglich ausgestattete Adler Verona mit allem ausgestattet, was du im t\u00e4glichen Einsatz ben\u00f6tigst. Eine per Nabendynamo angetriebene LED-Lichtanlage, lange Schutzbleche und ein Gep\u00e4cktr\u00e4ger sorgen f\u00fcr einen hohen Nutzwert im Alltag.<\/p>\n<p>Technische Daten<\/p>\n<table cellspacing=\"5\">\n<tbody>\n<tr>\n<th>Antrieb<\/th>\n<\/tr>\n<tr>\n<td>Reifen:<\/td>\n<td>Citybereifung mit Reflexstreifen<\/td>\n<\/tr>\n<tr>\n<td>Felgen:<\/td>\n<td>Aluminium Hohlkammer<\/td>\n<\/tr>\n<tr>\n<td>Kurbelsatz:<\/td>\n<td>Aluminium, 1-fach<\/td>\n<\/tr>\n<tr>\n<th>Bremsanlage<\/th>\n<\/tr>\n<tr>\n<td>Bremstyp:<\/td>\n<td>Felgenbremse<\/td>\n<\/tr>\n<tr>\n<td>Bremse:<\/td>\n<td>Aluminium V-Brake<\/td>\n<\/tr>\n<tr>\n<th>Kontaktpunkte<\/th>\n<\/tr>\n<tr>\n<td>Lenker:<\/td>\n<td>Trekking, 600 mm<\/td>\n<\/tr>\n<tr>\n<td>Vorbau:<\/td>\n<td>Schaftvorbau, Aluminium, verstellbar<\/td>\n<\/tr>\n<tr>\n<td>Sattel:<\/td>\n<td>Schaftvorbau, Aluminium, verstellbar<\/td>\n<\/tr>\n<tr>\n<th>Schaltung<\/th>\n<\/tr>\n<tr>\n<td>Schaltungsart:<\/td>\n<td>Nabenschaltung R\u00fccktritt<\/td>\n<\/tr>\n<tr>\n<td>Gangzahl:<\/td>\n<td>7<\/td>\n<\/tr>\n<tr>\n<td>Schalthebel:<\/td>\n<td>Shimano Nexus Drehgriff<\/td>\n<\/tr>\n<tr>\n<th>Stra\u00dfenausstattung<\/th>\n<\/tr>\n<tr>\n<td>Scheinwerfer:<\/td>\n<td>AXA Pico LED<\/td>\n<\/tr>\n<tr>\n<td>R\u00fccklicht:<\/td>\n<td>LED mit Standlicht<\/td>\n<\/tr>\n<tr>\n<td>St\u00e4nder:<\/td>\n<td>Seitenst\u00e4nder in der Mitte<\/td>\n<\/tr>\n<tr>\n<td>Gep\u00e4cktr\u00e4ger:<\/td>\n<td>mit Federklappe<\/td>\n<\/tr>\n<tr>\n<td>Schutzbleche:<\/td>\n<td>Kunststoff<\/td>\n<\/tr>\n<tr>\n<td>Kettenschutz:<\/td>\n<td>Kunststoff<\/td>\n<\/tr>\n<tr>\n<th>Sonstige Informationen<\/th>\n<\/tr>\n<tr>\n<td>Gewicht:<\/td>\n<td>17,9<\/td>\n<\/tr>\n<tr>\n<td>Typ:<\/td>\n<td>unisex<\/td>\n<\/tr>\n<\/tbody>\n<\/table>","protected":false},"excerpt":{"rendered":"<p>Damenfahrrad Citybike 28 Zoll Maxim La Vita Nexus Alu Rahmen In dieser Damenfahrrad Citybike -Variante, ist das Adler Verona mit<\/p>","protected":false},"featured_media":64658,"comment_status":"open","ping_status":"closed","template":"","meta":[],"product_brand":[],"product_cat":[33,34],"product_tag":[],"class_list":{"0":"post-48345","1":"product","2":"type-product","3":"status-publish","4":"has-post-thumbnail","6":"product_cat-e-bike","7":"product_cat-e-bike-city-urban","8":"pa_marke-damen-fahrrad","10":"first","11":"instock","12":"taxable","13":"shipping-taxable","14":"purchasable","15":"product-type-variable"},"yoast_head":"<!-- This site is optimized with the Yoast SEO Premium plugin v20.12 (Yoast SEO v27.1.1) - https:\/\/yoast.com\/product\/yoast-seo-premium-wordpress\/ -->\n<title>Damenfahrrad Citybike 28 Zoll Maxim La Vita Nexus Alu Rahmen<\/title>\n<meta name=\"description\" content=\"Entdecken Sie unseren Online-Fahrradladen: Gro\u00dfe Auswahl an Modellen f\u00fcr alle Radsportbegeisterten. Von Rennr\u00e4dern bis zu Mountainbikes - finden Sie heute Ihren perfekten Wegbegleiter!\" \/>\n<meta name=\"robots\" content=\"index, follow, max-snippet:-1, max-image-preview:large, max-video-preview:-1\" \/>\n<link rel=\"canonical\" href=\"https:\/\/kgerad.de\/en\/product\/damenfahrrad-citybike-28-zoll-maxim-la-vita-nexus-alu-rahmen-2\/\" \/>\n<meta property=\"og:locale\" content=\"en_US\" \/>\n<meta property=\"og:type\" content=\"article\" \/>\n<meta property=\"og:title\" content=\"Damenfahrrad Citybike 28 Zoll Maxim La Vita Nexus Alu Rahmen\" \/>\n<meta property=\"og:description\" content=\"Entdecken Sie unseren Online-Fahrradladen: Gro\u00dfe Auswahl an Modellen f\u00fcr alle Radsportbegeisterten. Von Rennr\u00e4dern bis zu Mountainbikes - finden Sie heute Ihren perfekten Wegbegleiter!\" \/>\n<meta property=\"og:url\" content=\"https:\/\/kgerad.de\/en\/product\/damenfahrrad-citybike-28-zoll-maxim-la-vita-nexus-alu-rahmen-2\/\" \/>\n<meta property=\"og:site_name\" content=\"kgerad.de\" \/>\n<meta property=\"article:modified_time\" content=\"2023-08-10T18:01:45+00:00\" \/>\n<meta property=\"og:image\" content=\"https:\/\/kgerad.de\/wp-content\/uploads\/2023\/06\/3aae861980a5f8f07c0463bae22d7608.webp\" \/>\n\t<meta property=\"og:image:width\" content=\"2048\" \/>\n\t<meta property=\"og:image:height\" content=\"1413\" \/>\n\t<meta property=\"og:image:type\" content=\"image\/webp\" \/>\n<meta name=\"twitter:card\" content=\"summary_large_image\" \/>\n<meta name=\"twitter:label1\" content=\"Est. reading time\" \/>\n\t<meta name=\"twitter:data1\" content=\"2 minutes\" \/>\n<script type=\"application\/ld+json\" class=\"yoast-schema-graph\">{\"@context\":\"https:\/\/schema.org\",\"@graph\":[{\"@type\":\"WebPage\",\"@id\":\"https:\/\/kgerad.de\/produkt\/damenfahrrad-citybike-28-zoll-maxim-la-vita-nexus-alu-rahmen-2\/\",\"url\":\"https:\/\/kgerad.de\/produkt\/damenfahrrad-citybike-28-zoll-maxim-la-vita-nexus-alu-rahmen-2\/\",\"name\":\"Damenfahrrad Citybike 28 Zoll Maxim La Vita Nexus Alu Rahmen\",\"isPartOf\":{\"@id\":\"https:\/\/kgerad.de\/#website\"},\"primaryImageOfPage\":{\"@id\":\"https:\/\/kgerad.de\/produkt\/damenfahrrad-citybike-28-zoll-maxim-la-vita-nexus-alu-rahmen-2\/#primaryimage\"},\"image\":{\"@id\":\"https:\/\/kgerad.de\/produkt\/damenfahrrad-citybike-28-zoll-maxim-la-vita-nexus-alu-rahmen-2\/#primaryimage\"},\"thumbnailUrl\":\"https:\/\/kgerad.de\/wp-content\/uploads\/2023\/06\/3aae861980a5f8f07c0463bae22d7608.webp\",\"datePublished\":\"2022-12-06T15:16:48+00:00\",\"dateModified\":\"2023-08-10T18:01:45+00:00\",\"description\":\"Entdecken Sie unseren Online-Fahrradladen: Gro\u00dfe Auswahl an Modellen f\u00fcr alle Radsportbegeisterten. Von Rennr\u00e4dern bis zu Mountainbikes - finden Sie heute Ihren perfekten Wegbegleiter!\",\"breadcrumb\":{\"@id\":\"https:\/\/kgerad.de\/produkt\/damenfahrrad-citybike-28-zoll-maxim-la-vita-nexus-alu-rahmen-2\/#breadcrumb\"},\"inLanguage\":\"en-US\",\"potentialAction\":[{\"@type\":\"ReadAction\",\"target\":[\"https:\/\/kgerad.de\/produkt\/damenfahrrad-citybike-28-zoll-maxim-la-vita-nexus-alu-rahmen-2\/\"]}]},{\"@type\":\"ImageObject\",\"inLanguage\":\"en-US\",\"@id\":\"https:\/\/kgerad.de\/produkt\/damenfahrrad-citybike-28-zoll-maxim-la-vita-nexus-alu-rahmen-2\/#primaryimage\",\"url\":\"https:\/\/kgerad.de\/wp-content\/uploads\/2023\/06\/3aae861980a5f8f07c0463bae22d7608.webp\",\"contentUrl\":\"https:\/\/kgerad.de\/wp-content\/uploads\/2023\/06\/3aae861980a5f8f07c0463bae22d7608.webp\",\"width\":2048,\"height\":1413,\"caption\":\"Damenfahrrad Citybike 28 Zoll Maxim La Vita Nexus Alu Rahmen\"},{\"@type\":\"BreadcrumbList\",\"@id\":\"https:\/\/kgerad.de\/produkt\/damenfahrrad-citybike-28-zoll-maxim-la-vita-nexus-alu-rahmen-2\/#breadcrumb\",\"itemListElement\":[{\"@type\":\"ListItem\",\"position\":1,\"name\":\"Startseite\",\"item\":\"https:\/\/kgerad.de\/\"},{\"@type\":\"ListItem\",\"position\":2,\"name\":\"LADEN\",\"item\":\"https:\/\/kgerad.de\/laden\/\"},{\"@type\":\"ListItem\",\"position\":3,\"name\":\"Damenfahrrad Citybike 28 Zoll Maxim La Vita Nexus Alu Rahmen\"}]},{\"@type\":\"WebSite\",\"@id\":\"https:\/\/kgerad.de\/#website\",\"url\":\"https:\/\/kgerad.de\/\",\"name\":\"kgerad.de\",\"description\":\"Treten Sie mit uns ins Abenteuer!\",\"publisher\":{\"@id\":\"https:\/\/kgerad.de\/#organization\"},\"alternateName\":\"MEIN RADLADEN\",\"potentialAction\":[{\"@type\":\"SearchAction\",\"target\":{\"@type\":\"EntryPoint\",\"urlTemplate\":\"https:\/\/kgerad.de\/?s={search_term_string}\"},\"query-input\":{\"@type\":\"PropertyValueSpecification\",\"valueRequired\":true,\"valueName\":\"search_term_string\"}}],\"inLanguage\":\"en-US\"},{\"@type\":\"Organization\",\"@id\":\"https:\/\/kgerad.de\/#organization\",\"name\":\"MEINRADLADEN\",\"alternateName\":\"MEIN RADLADEN\",\"url\":\"https:\/\/kgerad.de\/\",\"logo\":{\"@type\":\"ImageObject\",\"inLanguage\":\"en-US\",\"@id\":\"https:\/\/kgerad.de\/#\/schema\/logo\/image\/\",\"url\":\"https:\/\/kgerad.de\/wp-content\/uploads\/2025\/07\/logo-Whit.svg\",\"contentUrl\":\"https:\/\/kgerad.de\/wp-content\/uploads\/2025\/07\/logo-Whit.svg\",\"width\":1640,\"height\":371,\"caption\":\"MEINRADLADEN\"},\"image\":{\"@id\":\"https:\/\/kgerad.de\/#\/schema\/logo\/image\/\"}}]}<\/script>\n<!-- \/ Yoast SEO Premium plugin. -->","yoast_head_json":{"title":"Damenfahrrad Citybike 28 Zoll Maxim La Vita Nexus Alu Rahmen","description":"Entdecken Sie unseren Online-Fahrradladen: Gro\u00dfe Auswahl an Modellen f\u00fcr alle Radsportbegeisterten. Von Rennr\u00e4dern bis zu Mountainbikes - finden Sie heute Ihren perfekten Wegbegleiter!","robots":{"index":"index","follow":"follow","max-snippet":"max-snippet:-1","max-image-preview":"max-image-preview:large","max-video-preview":"max-video-preview:-1"},"canonical":"https:\/\/kgerad.de\/en\/product\/damenfahrrad-citybike-28-zoll-maxim-la-vita-nexus-alu-rahmen-2\/","og_locale":"en_US","og_type":"article","og_title":"Damenfahrrad Citybike 28 Zoll Maxim La Vita Nexus Alu Rahmen","og_description":"Entdecken Sie unseren Online-Fahrradladen: Gro\u00dfe Auswahl an Modellen f\u00fcr alle Radsportbegeisterten. Von Rennr\u00e4dern bis zu Mountainbikes - finden Sie heute Ihren perfekten Wegbegleiter!","og_url":"https:\/\/kgerad.de\/en\/product\/damenfahrrad-citybike-28-zoll-maxim-la-vita-nexus-alu-rahmen-2\/","og_site_name":"kgerad.de","article_modified_time":"2023-08-10T18:01:45+00:00","og_image":[{"width":2048,"height":1413,"url":"https:\/\/kgerad.de\/wp-content\/uploads\/2023\/06\/3aae861980a5f8f07c0463bae22d7608.webp","type":"image\/webp"}],"twitter_card":"summary_large_image","twitter_misc":{"Est. reading time":"2 minutes"},"schema":{"@context":"https:\/\/schema.org","@graph":[{"@type":"WebPage","@id":"https:\/\/kgerad.de\/produkt\/damenfahrrad-citybike-28-zoll-maxim-la-vita-nexus-alu-rahmen-2\/","url":"https:\/\/kgerad.de\/produkt\/damenfahrrad-citybike-28-zoll-maxim-la-vita-nexus-alu-rahmen-2\/","name":"Damenfahrrad Citybike 28 Zoll Maxim La Vita Nexus Alu Rahmen","isPartOf":{"@id":"https:\/\/kgerad.de\/#website"},"primaryImageOfPage":{"@id":"https:\/\/kgerad.de\/produkt\/damenfahrrad-citybike-28-zoll-maxim-la-vita-nexus-alu-rahmen-2\/#primaryimage"},"image":{"@id":"https:\/\/kgerad.de\/produkt\/damenfahrrad-citybike-28-zoll-maxim-la-vita-nexus-alu-rahmen-2\/#primaryimage"},"thumbnailUrl":"https:\/\/kgerad.de\/wp-content\/uploads\/2023\/06\/3aae861980a5f8f07c0463bae22d7608.webp","datePublished":"2022-12-06T15:16:48+00:00","dateModified":"2023-08-10T18:01:45+00:00","description":"Entdecken Sie unseren Online-Fahrradladen: Gro\u00dfe Auswahl an Modellen f\u00fcr alle Radsportbegeisterten. Von Rennr\u00e4dern bis zu Mountainbikes - finden Sie heute Ihren perfekten Wegbegleiter!","breadcrumb":{"@id":"https:\/\/kgerad.de\/produkt\/damenfahrrad-citybike-28-zoll-maxim-la-vita-nexus-alu-rahmen-2\/#breadcrumb"},"inLanguage":"en-US","potentialAction":[{"@type":"ReadAction","target":["https:\/\/kgerad.de\/produkt\/damenfahrrad-citybike-28-zoll-maxim-la-vita-nexus-alu-rahmen-2\/"]}]},{"@type":"ImageObject","inLanguage":"en-US","@id":"https:\/\/kgerad.de\/produkt\/damenfahrrad-citybike-28-zoll-maxim-la-vita-nexus-alu-rahmen-2\/#primaryimage","url":"https:\/\/kgerad.de\/wp-content\/uploads\/2023\/06\/3aae861980a5f8f07c0463bae22d7608.webp","contentUrl":"https:\/\/kgerad.de\/wp-content\/uploads\/2023\/06\/3aae861980a5f8f07c0463bae22d7608.webp","width":2048,"height":1413,"caption":"Damenfahrrad Citybike 28 Zoll Maxim La Vita Nexus Alu Rahmen"},{"@type":"BreadcrumbList","@id":"https:\/\/kgerad.de\/produkt\/damenfahrrad-citybike-28-zoll-maxim-la-vita-nexus-alu-rahmen-2\/#breadcrumb","itemListElement":[{"@type":"ListItem","position":1,"name":"Startseite","item":"https:\/\/kgerad.de\/"},{"@type":"ListItem","position":2,"name":"LADEN","item":"https:\/\/kgerad.de\/laden\/"},{"@type":"ListItem","position":3,"name":"Damenfahrrad Citybike 28 Zoll Maxim La Vita Nexus Alu Rahmen"}]},{"@type":"WebSite","@id":"https:\/\/kgerad.de\/#website","url":"https:\/\/kgerad.de\/","name":"kgerad.de","description":"Treten Sie mit uns ins Abenteuer!","publisher":{"@id":"https:\/\/kgerad.de\/#organization"},"alternateName":"MEIN RADLADEN","potentialAction":[{"@type":"SearchAction","target":{"@type":"EntryPoint","urlTemplate":"https:\/\/kgerad.de\/?s={search_term_string}"},"query-input":{"@type":"PropertyValueSpecification","valueRequired":true,"valueName":"search_term_string"}}],"inLanguage":"en-US"},{"@type":"Organization","@id":"https:\/\/kgerad.de\/#organization","name":"MEINRADLADEN","alternateName":"MEIN RADLADEN","url":"https:\/\/kgerad.de\/","logo":{"@type":"ImageObject","inLanguage":"en-US","@id":"https:\/\/kgerad.de\/#\/schema\/logo\/image\/","url":"https:\/\/kgerad.de\/wp-content\/uploads\/2025\/07\/logo-Whit.svg","contentUrl":"https:\/\/kgerad.de\/wp-content\/uploads\/2025\/07\/logo-Whit.svg","width":1640,"height":371,"caption":"MEINRADLADEN"},"image":{"@id":"https:\/\/kgerad.de\/#\/schema\/logo\/image\/"}}]}},"_links":{"self":[{"href":"https:\/\/kgerad.de\/en\/wp-json\/wp\/v2\/product\/48345","targetHints":{"allow":["GET"]}}],"collection":[{"href":"https:\/\/kgerad.de\/en\/wp-json\/wp\/v2\/product"}],"about":[{"href":"https:\/\/kgerad.de\/en\/wp-json\/wp\/v2\/types\/product"}],"replies":[{"embeddable":true,"href":"https:\/\/kgerad.de\/en\/wp-json\/wp\/v2\/comments?post=48345"}],"version-history":[{"count":1,"href":"https:\/\/kgerad.de\/en\/wp-json\/wp\/v2\/product\/48345\/revisions"}],"predecessor-version":[{"id":78771,"href":"https:\/\/kgerad.de\/en\/wp-json\/wp\/v2\/product\/48345\/revisions\/78771"}],"wp:featuredmedia":[{"embeddable":true,"href":"https:\/\/kgerad.de\/en\/wp-json\/wp\/v2\/media\/64658"}],"wp:attachment":[{"href":"https:\/\/kgerad.de\/en\/wp-json\/wp\/v2\/media?parent=48345"}],"wp:term":[{"taxonomy":"product_brand","embeddable":true,"href":"https:\/\/kgerad.de\/en\/wp-json\/wp\/v2\/product_brand?post=48345"},{"taxonomy":"product_cat","embeddable":true,"href":"https:\/\/kgerad.de\/en\/wp-json\/wp\/v2\/product_cat?post=48345"},{"taxonomy":"product_tag","embeddable":true,"href":"https:\/\/kgerad.de\/en\/wp-json\/wp\/v2\/product_tag?post=48345"}],"curies":[{"name":"wp","href":"https:\/\/api.w.org\/{rel}","templated":true}]}}