{"id":48295,"date":"2022-12-06T16:16:50","date_gmt":"2022-12-06T15:16:50","guid":{"rendered":"https:\/\/kgerad.de\/?post_type=product&#038;p=48295"},"modified":"2023-08-10T20:01:18","modified_gmt":"2023-08-10T18:01:18","slug":"bw-b3-bag-fahrradtasche","status":"publish","type":"product","link":"https:\/\/kgerad.de\/en\/product\/bw-b3-bag-fahrradtasche\/","title":{"rendered":"B&#038;W B3 Bag &#8211; Fahrradtasche"},"content":{"rendered":"<h1 class=\"product--title\"><strong>B&amp;W<\/strong>\u00a0B3 Bag &#8211; Fahrradtasche<\/h1>\n<div class=\"product--rating-container\">\n<p>Der B&amp;W B3 Bag <a href=\"http:\/\/1-1\">schlie\u00dft<\/a> eine L\u00fccke im Portfolio des Spezialisten f\u00fcr Fahrradkoffer und -taschen. Bisher ist B&amp;W vor allem f\u00fcr den sicheren Transport des Rads bekannt, denn die Cases des Spezialkofferherstellers bringen jedes Fahrrad sicher ans Ziel. Nun wird neben dem Fahrradtransport auch der Transport mit dem Fahrrad optimiert.<\/p>\n<h2>Mit Rollen und einem Teleskopgriff ausgestattet: der B&amp;W B3 Bike Bag<\/h2>\n<p>Der B3 schafft Raum f\u00fcr Utensilien, die im Rucksack oder Korb keinen Platz finden. Dabei ist die Fahrradtasche einfach im Handling: egal ob vor, w\u00e4hrend oder nach dem Fahrradfahren.<\/p>\n<p>Der B3 Bag l\u00e4sst sich dank zwei leicht laufenden Rollen und einem Teleskopgriff ziehen, sodass selbst schwere Tascheninhalte mit bis zu 15 kg federleicht erscheinen. Diese Features machen die Fahrradtasche perfekt als Begleiter im Supermarkt und f\u00fcr den Transport unhandlicher Gegenst\u00e4nde. Zur\u00fcck am Fahrrad verschwindet der Teleskopgriff hinter einem Rei\u00dfverschluss auf der R\u00fcckseite der Tasche. Nun kann der B3 Bag mithilfe zweier ergonomisch platzierter Griffe und Variohaken leicht am Gep\u00e4cktr\u00e4ger befestigt und wieder abgenommen werden. Die Tasche wird seitlich neben dem Hinterrad befestigt. Um f\u00fcr noch mehr Stauraum und die n\u00f6tige Balance w\u00e4hrend der Fahrt zu sorgen, kann ein zweiter B3 Bag ebenso einfach auf der anderen Seite befestigt werden.<\/p>\n<p>Auch bei der Materialwahl hat B&amp;W noch weiter gedacht: Durch den robusten und wasserdichten Kunststoff gelangen weder Regen noch Spritzer von der Stra\u00dfe an die Utensilien im B3 Bag. Diese Funktion macht auch Fahrradtouren mit au\u00dfergew\u00f6hnlichen Reisezielen m\u00f6glich \u2013 im Kanu oder bei Angeltouren bleiben alle Tascheninhalte sicher und trocken.<\/p>\n<hr \/>\n<h3>Features &#8211; B&amp;W B3 Bag<\/h3>\n<ul>\n<li>Gro\u00dfe Fahrradtasche mit Trolleysystem als idealer Begleiter f\u00fcr Eink\u00e4ufe, Reisen oder den Transport von schweren und gro\u00dfen G\u00fctern<\/li>\n<li>Zwei freilaufende Rollen<\/li>\n<li>Teleskopgriff verschwindet beim Anbringen am Fahrrad hinter dem Rei\u00dfverschluss<\/li>\n<li>Zwei ergonomisch platzierte Handgriffe und Vario-Haken erleichtern das Platzieren und L\u00f6sen der Tasche<\/li>\n<li>Volumen bis zu 48l bei ge\u00f6ffneter Tasche<\/li>\n<li>Tasche aus widerstandsf\u00e4higem und langlebigem Material<\/li>\n<li>Wasserdicht<\/li>\n<\/ul>\n<h3>Produkteigenschaften<\/h3>\n<ul>\n<li><strong>Au\u00dfenma\u00dfe:<\/strong>\u00a0300 x 700 x 230mm<\/li>\n<li><strong>Volumen:<\/strong>\u00a035L<\/li>\n<li><strong>Zuladung:<\/strong>\u00a015kg<\/li>\n<\/ul>\n<h3>Farbe (Variante w\u00e4hlen)<\/h3>\n<ul>\n<li>Grau M\u00e9lange<\/li>\n<li>Jeans<\/li>\n<li>Schwarz<\/li>\n<\/ul>\n<h3>Gewicht<\/h3>\n<ul>\n<li>1,9kg (Herstellerangabe)<\/li>\n<\/ul>\n<hr \/>\n<h3>Lieferumfang<\/h3>\n<ul>\n<li>1 x B&amp;W B3 Bag<\/li>\n<\/ul>\n<\/div>","protected":false},"excerpt":{"rendered":"<p>B&amp;W\u00a0B3 Bag &#8211; Fahrradtasche Der B&amp;W B3 Bag schlie\u00dft eine L\u00fccke im Portfolio des Spezialisten f\u00fcr Fahrradkoffer und -taschen. Bisher<\/p>","protected":false},"featured_media":64624,"comment_status":"open","ping_status":"closed","template":"","meta":[],"product_brand":[],"product_cat":[622,573],"product_tag":[],"class_list":{"0":"post-48295","1":"product","2":"type-product","3":"status-publish","4":"has-post-thumbnail","6":"product_cat-taschen","7":"product_cat-zubehor","8":"pa_marke-bw","10":"first","11":"instock","12":"sale","13":"taxable","14":"shipping-taxable","15":"purchasable","16":"product-type-variable"},"yoast_head":"<!-- This site is optimized with the Yoast SEO Premium plugin v20.12 (Yoast SEO v27.1.1) - https:\/\/yoast.com\/product\/yoast-seo-premium-wordpress\/ -->\n<title>B&amp;W B3 Bag - Fahrradtasche<\/title>\n<meta name=\"description\" content=\"Entdecken Sie unseren Online-Fahrradladen: Gro\u00dfe Auswahl an Modellen f\u00fcr alle Radsportbegeisterten. Von Rennr\u00e4dern bis zu Mountainbikes - finden Sie heute Ihren perfekten Wegbegleiter!\" \/>\n<meta name=\"robots\" content=\"index, follow, max-snippet:-1, max-image-preview:large, max-video-preview:-1\" \/>\n<link rel=\"canonical\" href=\"https:\/\/kgerad.de\/en\/product\/bw-b3-bag-fahrradtasche\/\" \/>\n<meta property=\"og:locale\" content=\"en_US\" \/>\n<meta property=\"og:type\" content=\"article\" \/>\n<meta property=\"og:title\" content=\"B&amp;W B3 Bag - Fahrradtasche\" \/>\n<meta property=\"og:description\" content=\"Entdecken Sie unseren Online-Fahrradladen: Gro\u00dfe Auswahl an Modellen f\u00fcr alle Radsportbegeisterten. Von Rennr\u00e4dern bis zu Mountainbikes - finden Sie heute Ihren perfekten Wegbegleiter!\" \/>\n<meta property=\"og:url\" content=\"https:\/\/kgerad.de\/en\/product\/bw-b3-bag-fahrradtasche\/\" \/>\n<meta property=\"og:site_name\" content=\"kgerad.de\" \/>\n<meta property=\"article:modified_time\" content=\"2023-08-10T18:01:18+00:00\" \/>\n<meta property=\"og:image\" content=\"https:\/\/kgerad.de\/wp-content\/uploads\/2023\/06\/b-w-b3-bag_96400_master_800x800-0.jpg\" \/>\n\t<meta property=\"og:image:width\" content=\"679\" \/>\n\t<meta property=\"og:image:height\" content=\"800\" \/>\n\t<meta property=\"og:image:type\" content=\"image\/jpeg\" \/>\n<meta name=\"twitter:card\" content=\"summary_large_image\" \/>\n<meta name=\"twitter:label1\" content=\"Est. reading time\" \/>\n\t<meta name=\"twitter:data1\" content=\"2 minutes\" \/>\n<script type=\"application\/ld+json\" class=\"yoast-schema-graph\">{\"@context\":\"https:\/\/schema.org\",\"@graph\":[{\"@type\":\"WebPage\",\"@id\":\"https:\/\/kgerad.de\/produkt\/bw-b3-bag-fahrradtasche\/\",\"url\":\"https:\/\/kgerad.de\/produkt\/bw-b3-bag-fahrradtasche\/\",\"name\":\"B&W B3 Bag - Fahrradtasche\",\"isPartOf\":{\"@id\":\"https:\/\/kgerad.de\/#website\"},\"primaryImageOfPage\":{\"@id\":\"https:\/\/kgerad.de\/produkt\/bw-b3-bag-fahrradtasche\/#primaryimage\"},\"image\":{\"@id\":\"https:\/\/kgerad.de\/produkt\/bw-b3-bag-fahrradtasche\/#primaryimage\"},\"thumbnailUrl\":\"https:\/\/kgerad.de\/wp-content\/uploads\/2023\/06\/b-w-b3-bag_96400_master_800x800-0.jpg\",\"datePublished\":\"2022-12-06T15:16:50+00:00\",\"dateModified\":\"2023-08-10T18:01:18+00:00\",\"description\":\"Entdecken Sie unseren Online-Fahrradladen: Gro\u00dfe Auswahl an Modellen f\u00fcr alle Radsportbegeisterten. Von Rennr\u00e4dern bis zu Mountainbikes - finden Sie heute Ihren perfekten Wegbegleiter!\",\"breadcrumb\":{\"@id\":\"https:\/\/kgerad.de\/produkt\/bw-b3-bag-fahrradtasche\/#breadcrumb\"},\"inLanguage\":\"en-US\",\"potentialAction\":[{\"@type\":\"ReadAction\",\"target\":[\"https:\/\/kgerad.de\/produkt\/bw-b3-bag-fahrradtasche\/\"]}]},{\"@type\":\"ImageObject\",\"inLanguage\":\"en-US\",\"@id\":\"https:\/\/kgerad.de\/produkt\/bw-b3-bag-fahrradtasche\/#primaryimage\",\"url\":\"https:\/\/kgerad.de\/wp-content\/uploads\/2023\/06\/b-w-b3-bag_96400_master_800x800-0.jpg\",\"contentUrl\":\"https:\/\/kgerad.de\/wp-content\/uploads\/2023\/06\/b-w-b3-bag_96400_master_800x800-0.jpg\",\"width\":679,\"height\":800,\"caption\":\"B&W B3 Bag - Fahrradtasche\"},{\"@type\":\"BreadcrumbList\",\"@id\":\"https:\/\/kgerad.de\/produkt\/bw-b3-bag-fahrradtasche\/#breadcrumb\",\"itemListElement\":[{\"@type\":\"ListItem\",\"position\":1,\"name\":\"Startseite\",\"item\":\"https:\/\/kgerad.de\/\"},{\"@type\":\"ListItem\",\"position\":2,\"name\":\"LADEN\",\"item\":\"https:\/\/kgerad.de\/laden\/\"},{\"@type\":\"ListItem\",\"position\":3,\"name\":\"B&#038;W B3 Bag &#8211; Fahrradtasche\"}]},{\"@type\":\"WebSite\",\"@id\":\"https:\/\/kgerad.de\/#website\",\"url\":\"https:\/\/kgerad.de\/\",\"name\":\"kgerad.de\",\"description\":\"Treten Sie mit uns ins Abenteuer!\",\"publisher\":{\"@id\":\"https:\/\/kgerad.de\/#organization\"},\"alternateName\":\"MEIN RADLADEN\",\"potentialAction\":[{\"@type\":\"SearchAction\",\"target\":{\"@type\":\"EntryPoint\",\"urlTemplate\":\"https:\/\/kgerad.de\/?s={search_term_string}\"},\"query-input\":{\"@type\":\"PropertyValueSpecification\",\"valueRequired\":true,\"valueName\":\"search_term_string\"}}],\"inLanguage\":\"en-US\"},{\"@type\":\"Organization\",\"@id\":\"https:\/\/kgerad.de\/#organization\",\"name\":\"MEINRADLADEN\",\"alternateName\":\"MEIN RADLADEN\",\"url\":\"https:\/\/kgerad.de\/\",\"logo\":{\"@type\":\"ImageObject\",\"inLanguage\":\"en-US\",\"@id\":\"https:\/\/kgerad.de\/#\/schema\/logo\/image\/\",\"url\":\"https:\/\/kgerad.de\/wp-content\/uploads\/2025\/07\/logo-Whit.svg\",\"contentUrl\":\"https:\/\/kgerad.de\/wp-content\/uploads\/2025\/07\/logo-Whit.svg\",\"width\":1640,\"height\":371,\"caption\":\"MEINRADLADEN\"},\"image\":{\"@id\":\"https:\/\/kgerad.de\/#\/schema\/logo\/image\/\"}}]}<\/script>\n<!-- \/ Yoast SEO Premium plugin. -->","yoast_head_json":{"title":"B&W B3 Bag - Fahrradtasche","description":"Entdecken Sie unseren Online-Fahrradladen: Gro\u00dfe Auswahl an Modellen f\u00fcr alle Radsportbegeisterten. Von Rennr\u00e4dern bis zu Mountainbikes - finden Sie heute Ihren perfekten Wegbegleiter!","robots":{"index":"index","follow":"follow","max-snippet":"max-snippet:-1","max-image-preview":"max-image-preview:large","max-video-preview":"max-video-preview:-1"},"canonical":"https:\/\/kgerad.de\/en\/product\/bw-b3-bag-fahrradtasche\/","og_locale":"en_US","og_type":"article","og_title":"B&W B3 Bag - Fahrradtasche","og_description":"Entdecken Sie unseren Online-Fahrradladen: Gro\u00dfe Auswahl an Modellen f\u00fcr alle Radsportbegeisterten. Von Rennr\u00e4dern bis zu Mountainbikes - finden Sie heute Ihren perfekten Wegbegleiter!","og_url":"https:\/\/kgerad.de\/en\/product\/bw-b3-bag-fahrradtasche\/","og_site_name":"kgerad.de","article_modified_time":"2023-08-10T18:01:18+00:00","og_image":[{"width":679,"height":800,"url":"https:\/\/kgerad.de\/wp-content\/uploads\/2023\/06\/b-w-b3-bag_96400_master_800x800-0.jpg","type":"image\/jpeg"}],"twitter_card":"summary_large_image","twitter_misc":{"Est. reading time":"2 minutes"},"schema":{"@context":"https:\/\/schema.org","@graph":[{"@type":"WebPage","@id":"https:\/\/kgerad.de\/produkt\/bw-b3-bag-fahrradtasche\/","url":"https:\/\/kgerad.de\/produkt\/bw-b3-bag-fahrradtasche\/","name":"B&W B3 Bag - Fahrradtasche","isPartOf":{"@id":"https:\/\/kgerad.de\/#website"},"primaryImageOfPage":{"@id":"https:\/\/kgerad.de\/produkt\/bw-b3-bag-fahrradtasche\/#primaryimage"},"image":{"@id":"https:\/\/kgerad.de\/produkt\/bw-b3-bag-fahrradtasche\/#primaryimage"},"thumbnailUrl":"https:\/\/kgerad.de\/wp-content\/uploads\/2023\/06\/b-w-b3-bag_96400_master_800x800-0.jpg","datePublished":"2022-12-06T15:16:50+00:00","dateModified":"2023-08-10T18:01:18+00:00","description":"Entdecken Sie unseren Online-Fahrradladen: Gro\u00dfe Auswahl an Modellen f\u00fcr alle Radsportbegeisterten. Von Rennr\u00e4dern bis zu Mountainbikes - finden Sie heute Ihren perfekten Wegbegleiter!","breadcrumb":{"@id":"https:\/\/kgerad.de\/produkt\/bw-b3-bag-fahrradtasche\/#breadcrumb"},"inLanguage":"en-US","potentialAction":[{"@type":"ReadAction","target":["https:\/\/kgerad.de\/produkt\/bw-b3-bag-fahrradtasche\/"]}]},{"@type":"ImageObject","inLanguage":"en-US","@id":"https:\/\/kgerad.de\/produkt\/bw-b3-bag-fahrradtasche\/#primaryimage","url":"https:\/\/kgerad.de\/wp-content\/uploads\/2023\/06\/b-w-b3-bag_96400_master_800x800-0.jpg","contentUrl":"https:\/\/kgerad.de\/wp-content\/uploads\/2023\/06\/b-w-b3-bag_96400_master_800x800-0.jpg","width":679,"height":800,"caption":"B&W B3 Bag - Fahrradtasche"},{"@type":"BreadcrumbList","@id":"https:\/\/kgerad.de\/produkt\/bw-b3-bag-fahrradtasche\/#breadcrumb","itemListElement":[{"@type":"ListItem","position":1,"name":"Startseite","item":"https:\/\/kgerad.de\/"},{"@type":"ListItem","position":2,"name":"LADEN","item":"https:\/\/kgerad.de\/laden\/"},{"@type":"ListItem","position":3,"name":"B&#038;W B3 Bag &#8211; Fahrradtasche"}]},{"@type":"WebSite","@id":"https:\/\/kgerad.de\/#website","url":"https:\/\/kgerad.de\/","name":"kgerad.de","description":"Treten Sie mit uns ins Abenteuer!","publisher":{"@id":"https:\/\/kgerad.de\/#organization"},"alternateName":"MEIN RADLADEN","potentialAction":[{"@type":"SearchAction","target":{"@type":"EntryPoint","urlTemplate":"https:\/\/kgerad.de\/?s={search_term_string}"},"query-input":{"@type":"PropertyValueSpecification","valueRequired":true,"valueName":"search_term_string"}}],"inLanguage":"en-US"},{"@type":"Organization","@id":"https:\/\/kgerad.de\/#organization","name":"MEINRADLADEN","alternateName":"MEIN RADLADEN","url":"https:\/\/kgerad.de\/","logo":{"@type":"ImageObject","inLanguage":"en-US","@id":"https:\/\/kgerad.de\/#\/schema\/logo\/image\/","url":"https:\/\/kgerad.de\/wp-content\/uploads\/2025\/07\/logo-Whit.svg","contentUrl":"https:\/\/kgerad.de\/wp-content\/uploads\/2025\/07\/logo-Whit.svg","width":1640,"height":371,"caption":"MEINRADLADEN"},"image":{"@id":"https:\/\/kgerad.de\/#\/schema\/logo\/image\/"}}]}},"_links":{"self":[{"href":"https:\/\/kgerad.de\/en\/wp-json\/wp\/v2\/product\/48295","targetHints":{"allow":["GET"]}}],"collection":[{"href":"https:\/\/kgerad.de\/en\/wp-json\/wp\/v2\/product"}],"about":[{"href":"https:\/\/kgerad.de\/en\/wp-json\/wp\/v2\/types\/product"}],"replies":[{"embeddable":true,"href":"https:\/\/kgerad.de\/en\/wp-json\/wp\/v2\/comments?post=48295"}],"version-history":[{"count":1,"href":"https:\/\/kgerad.de\/en\/wp-json\/wp\/v2\/product\/48295\/revisions"}],"predecessor-version":[{"id":78770,"href":"https:\/\/kgerad.de\/en\/wp-json\/wp\/v2\/product\/48295\/revisions\/78770"}],"wp:featuredmedia":[{"embeddable":true,"href":"https:\/\/kgerad.de\/en\/wp-json\/wp\/v2\/media\/64624"}],"wp:attachment":[{"href":"https:\/\/kgerad.de\/en\/wp-json\/wp\/v2\/media?parent=48295"}],"wp:term":[{"taxonomy":"product_brand","embeddable":true,"href":"https:\/\/kgerad.de\/en\/wp-json\/wp\/v2\/product_brand?post=48295"},{"taxonomy":"product_cat","embeddable":true,"href":"https:\/\/kgerad.de\/en\/wp-json\/wp\/v2\/product_cat?post=48295"},{"taxonomy":"product_tag","embeddable":true,"href":"https:\/\/kgerad.de\/en\/wp-json\/wp\/v2\/product_tag?post=48295"}],"curies":[{"name":"wp","href":"https:\/\/api.w.org\/{rel}","templated":true}]}}