{"id":48260,"date":"2022-12-06T12:45:19","date_gmt":"2022-12-06T11:45:19","guid":{"rendered":"https:\/\/kgerad.de\/?post_type=product&#038;p=48260"},"modified":"2023-08-10T20:03:44","modified_gmt":"2023-08-10T18:03:44","slug":"evoc-explorer-pro-30l-rucksack","status":"publish","type":"product","link":"https:\/\/kgerad.de\/en\/product\/evoc-explorer-pro-30l-rucksack\/","title":{"rendered":"Evoc Explorer Pro 30L &#8211; Rucksack"},"content":{"rendered":"<h2 class=\"product--title\"><strong>Evoc<\/strong>\u00a0Explorer Pro 30L &#8211; Rucksack<\/h2>\n<p>Der Evoc Explorer Pro ist ein vielseitiger Tourenrucksack f\u00fcr grenzenlose Bike Abenteuer. Durch genug Stauraum und durchdachtes Taschenmanagement findet alles genau dort Platz, wo man es unterwegs auch braucht. Das Air Flow Contact System mit maximaler Bel\u00fcftung und absoluter Lastneutralit\u00e4t bietet \u00fcberragenden Tragekomfort.<\/p>\n<hr \/>\n<table border=\"0\" width=\"100%\" cellspacing=\"1\" cellpadding=\"1\">\n<tbody>\n<tr>\n<td><img decoding=\"async\" title=\"MTB 0618 - Sehr gut\" src=\"https:\/\/cd.bike-discount.de\/media\/image\/a4\/b9\/1b\/mb_testurteil_sehrgut_2018_6.jpg\" alt=\"\" width=\"127\" height=\"40\" data-mid=\"376248\" data-src=\"media\/image\/mb_testurteil_sehrgut_2018_6.jpg\" \/><br \/>\nMountainBike 06\/2018<br \/>\nTest: &#8222;Packmeister:\u00a0Alpencross-Rucks\u00e4cke&#8220;<br \/>\n<strong>Testergebnis: Sehr gut (78 Pkt.)<br \/>\n<\/strong><\/td>\n<td width=\"2%\"><\/td>\n<td><img decoding=\"async\" title=\"Bike 0618 - Evoc - Tipp\" src=\"https:\/\/cd.bike-discount.de\/media\/image\/ee\/14\/9f\/evoc_downhilltipp.jpg\" alt=\"\" width=\"75\" height=\"66\" data-mid=\"376240\" data-src=\"media\/image\/evoc_downhilltipp.jpg\" \/>\u00a0<img decoding=\"async\" title=\"Bike 0618 - Evoc - Sehr gut\" src=\"https:\/\/cd.bike-discount.de\/media\/image\/52\/14\/37\/evocFiNU6u9RaX68o.jpg\" alt=\"\" width=\"118\" height=\"66\" data-mid=\"376242\" data-src=\"media\/image\/evocFiNU6u9RaX68o.jpg\" \/><br \/>\nBike 06\/2018<br \/>\nTest: &#8222;Volle Packung: Touren-Rucks\u00e4cke&#8220;<br \/>\n<strong>Testergebnis: &#8222;Downhill&#8220; Tipp &amp; Sehr gut<br \/>\n<\/strong><\/td>\n<td width=\"2%\"><\/td>\n<td><img loading=\"lazy\" decoding=\"async\" title=\"Design &amp; Innovation Award 2018\" src=\"https:\/\/cd.bike-discount.de\/media\/image\/de\/47\/87\/dia2018-logo-250px.png\" alt=\"\" width=\"118\" height=\"100\" data-mid=\"345201\" data-src=\"media\/image\/dia2018-logo-250px.png\" \/><br \/>\nDesign &amp;\u00a0Innovation Award 2018<br \/>\nzum Bericht<\/td>\n<td width=\"2%\"><\/td>\n<td><img loading=\"lazy\" decoding=\"async\" title=\"WOMB Best of 2018\" src=\"https:\/\/cd.bike-discount.de\/media\/image\/b2\/5c\/7f\/womb_bestofmedallie2018.jpg\" alt=\"WOMB Best of 2018\" width=\"90\" height=\"90\" data-mid=\"346704\" data-src=\"media\/image\/womb_bestofmedallie2018.jpg\" \/><\/td>\n<\/tr>\n<\/tbody>\n<\/table>\n<hr \/>\n<h3>Features &#8211; EVOC Explorer Pro 30<\/h3>\n<ul>\n<li><strong>BRACE LINK:<\/strong>\u00a0Die BRACE LINK Elemente erm\u00f6glichen die individuelle Anpassung des Rucksacktr\u00e4gerabstands an die Schulterbreite des Sportlers.<\/li>\n<li><strong>AIR CIRCULATION:<\/strong>\u00a0Eine stetige, freie Luftzirkulation wird durch den vertikal gef\u00fchrten Luftkanal gew\u00e4hrleistet. So wird auch bei hoher Anstrengung und Schwei\u00dfbildung eine optimale Belu\u0308ftung gew\u00e4hrleistet und das Ausku\u0308hlen der empfindlichen Nierenpartie verhindert.<\/li>\n<li><strong>AIR FLOW CONTACT SYSTEM:<\/strong>\u00a0Lasten werden m\u00f6glichst neutral auf den K\u00f6rperschwerpunkt umgelagert und gleichzeitig die Kontaktfl\u00e4chen zum Ru\u0308cken minimiert. Dazu sind Bel\u00fcftungskan\u00e4le und Pads nach innen hinter ein Mesh-Gewebe verlegt.<\/li>\n<li><strong>AIRO FLEX:<\/strong>\u00a0Flexibel, robust, atmungsaktiv: Fester Halt bei maximalem Tragekofort und idealer Lasten\u00fcbertragung, dank Medizintechnik-Material.<\/li>\n<li><strong>BODY HUGGING:<\/strong>\u00a0Ger\u00e4umige H\u00fcftflossen wachsen aus dem Hauptvolumen und sorgen f\u00fcr optimale Gewichtsableitung, sowie perfekten, komfortablen Halt. Der Rucksack &#8222;umarmt&#8220; den K\u00f6rper.<\/li>\n<li><strong>2-STEP ZIP SYSTEM:<\/strong>\u00a0Besseres Organisationsmanagement des Inhalts, dank besonderer Rei\u00dfverschlussf\u00fchrung.<\/li>\n<li><strong>BACKLIGHT CLIP:<\/strong>\u00a0Schlaufe, um ein Fahrrad-R\u00fccklicht zu befestigen<\/li>\n<li>H\u00fcftgurttasche<\/li>\n<li>Brillenfach<\/li>\n<li>Clip zur Fixierung des Trinkschlauchs<\/li>\n<li>Fach f\u00fcr das Mobiltelefon<\/li>\n<li>Werkzeugfach<\/li>\n<li>Trinkblasenfach<\/li>\n<li>Karabiner zum Befestigen des Schl\u00fcssels<\/li>\n<li>Signalpfeife<\/li>\n<li>Flaschenhalter<\/li>\n<li>Fach f\u00fcr Bikepark oder Gel\u00e4ndekarten<\/li>\n<li>Notfallplan<\/li>\n<li>XC\/DH Helmhalterung<\/li>\n<li>Regenh\u00fclle<\/li>\n<\/ul>\n<h3>Produkteigenschaften<\/h3>\n<ul>\n<li><strong>Volumen:<\/strong>\u00a030 l<\/li>\n<li><strong>Gr\u00f6\u00dfe:<\/strong>\u00a0M\/L (F\u00fcr R\u00fcckenl\u00e4ngen von 44 bis 56 cm)<\/li>\n<li><strong>Ma\u00dfe:<\/strong>\u00a027 x 53 x 19 cm<\/li>\n<\/ul>\n<h3>Farbe<\/h3>\n<ul>\n<li>silver\/carbon grey<\/li>\n<\/ul>\n<h3>Gewicht<\/h3>\n<ul>\n<li>1350 g (Herstelleranagbe)<\/li>\n<\/ul>\n<hr \/>\n<h3>Lieferumfang<\/h3>\n<ul>\n<li>1 x EVOC Explorer Pro 30 Rucksack<\/li>\n<li>Inklusive separatem WASH POUCH<\/li>\n<\/ul>\n<p><em>Trinkblase nicht im Lieferumfang enthalten<\/em><\/p>\n<hr \/>\n<h3>Technologien<\/h3>\n<p><strong>AIR CIRCULATION<\/strong><br \/>\nAIR CIRCULATION kommt bei allen Rucks\u00e4cken der EVOC\u00a0PERFORMANCE Linie zum Einsatz, da es auch bei hoher Anstrengung und Schwei\u00dfbildung eine optimale Bel\u00fcftung gew\u00e4hrleistet. Eine stetige freie Luftzirkulation wird durch den vertikal gef\u00fchrten Luftkanal garantiert. \u00dcber seitliche Aussparungen entlang des Kanals kann zus\u00e4tzlich Luft entweichen. Dar\u00fcber hinaus wurde die Polsterung reduziert, wodurch der Luftabfluss optimiert wurde ohne jedoch den Tragekomfort einzuschr\u00e4nken.<\/p>\n<p><strong>BRACE LINK<\/strong><br \/>\nDas BRACE LINK System besticht durch optimale Anpassung der Rucksacktr\u00e4ger an die Schulterbreite des Sportlers. Die flexible Ausrichtung unterst\u00fctzt die Lastverteilung auf den K\u00f6rperschwerpunkt, w\u00e4hrend die Kontaktfl\u00e4che zu R\u00fccken und Schultern minimiert wird. Auch das Tragen eines Neck Brace wird durch den BRACE LINK erm\u00f6glicht.<\/p>\n<p><strong>AIR FLOW CONTACT SYSTEM<\/strong><br \/>\nDer Anspruch hierbei ist, Lasten m\u00f6glichst neutral auf den K\u00f6rperschwerpunkt umzulagern und gleichzeitig die Kontaktfl\u00e4chen zum R\u00fccken zu minimieren. Diesen Widerspruch l\u00f6st EVOC mit einem R\u00fcckenteil, bei dem die Bel\u00fcftungskomponenten wie gro\u00dfe Bel\u00fcftungskan\u00e4le und speziell gefr\u00e4ste und perforierte EVA Pads, hinter ein Mesh Gewebe, nach innen verlegt sind. So wird ein r\u00fcckennaher Sitz erreicht und gleichzeitig die R\u00fcckenbel\u00fcftung optimiert.<\/p>\n<p><strong>AIRO FLEX<\/strong><br \/>\nAIRO FLEX bezeichnet ein extrem stabiles Gewebe, das ebenso luftdurchl\u00e4ssig, wie flexibel ist. Es kommt bei unseren hochwertigsten H\u00fcftgurten zum Einsatz und sorgt f\u00fcr optimale Last\u00fcbertragung auf die H\u00fcfte bei gleichzeitig maximaler Bel\u00fcftung \u2013 f\u00fcr h\u00f6chsten Tragekomfort.<\/p>\n<p><strong>BODY HUGGING<\/strong><br \/>\nDie Hauptmerkmale der \u201eBody Hugging\u201c- Passform von EVOC sind die m\u00f6glichst k\u00f6rpernahe Positionierung des Rucksacks, und die Verteilung des Gewichts \u00fcber eine gro\u00dfe Fl\u00e4che auf die H\u00fcften. Dank der optimierten Verbindung zwischen den Schultertr\u00e4gern und den breiten H\u00fcftflossen, die aus dem R\u00fcckenpanel \u201eherauswachsen\u201c, bleibt der Rucksack bei jeglicher Action verl\u00e4sslich und so stabil wie m\u00f6glich auf Position \u2013 f\u00fcr mehr Komfort und Kontrolle.<\/p>\n<hr \/>\n<h3>EVOC EXPLORER PRO 30l<\/h3>\n<p><iframe src=\"https:\/\/player.vimeo.com\/video\/230907582\" width=\"640\" height=\"360\" frameborder=\"0\" allowfullscreen=\"allowfullscreen\" data-mce-fragment=\"1\"><\/iframe><\/p>","protected":false},"excerpt":{"rendered":"<p>Evoc\u00a0Explorer Pro 30L &#8211; Rucksack Der Evoc Explorer Pro ist ein vielseitiger Tourenrucksack f\u00fcr grenzenlose Bike Abenteuer. Durch genug Stauraum<\/p>","protected":false},"featured_media":64608,"comment_status":"open","ping_status":"closed","template":"","meta":[],"product_brand":[],"product_cat":[599,573],"product_tag":[],"class_list":{"0":"post-48260","1":"product","2":"type-product","3":"status-publish","4":"has-post-thumbnail","6":"product_cat-rucksack-trinksysteme","7":"product_cat-zubehor","8":"pa_marke-ev0c","10":"first","11":"instock","12":"sale","13":"taxable","14":"shipping-taxable","15":"purchasable","16":"product-type-simple"},"yoast_head":"<!-- This site is optimized with the Yoast SEO Premium plugin v20.12 (Yoast SEO v27.1.1) - https:\/\/yoast.com\/product\/yoast-seo-premium-wordpress\/ -->\n<title>Evoc Explorer Pro 30L - Rucksack<\/title>\n<meta name=\"description\" content=\"Entdecken Sie unseren Online-Fahrradladen: Gro\u00dfe Auswahl an Modellen f\u00fcr alle Radsportbegeisterten. Von Rennr\u00e4dern bis zu Mountainbikes - finden Sie heute Ihren perfekten Wegbegleiter!\" \/>\n<meta name=\"robots\" content=\"index, follow, max-snippet:-1, max-image-preview:large, max-video-preview:-1\" \/>\n<link rel=\"canonical\" href=\"https:\/\/kgerad.de\/en\/product\/evoc-explorer-pro-30l-rucksack\/\" \/>\n<meta property=\"og:locale\" content=\"en_US\" \/>\n<meta property=\"og:type\" content=\"article\" \/>\n<meta property=\"og:title\" content=\"Evoc Explorer Pro 30L - Rucksack\" \/>\n<meta property=\"og:description\" content=\"Entdecken Sie unseren Online-Fahrradladen: Gro\u00dfe Auswahl an Modellen f\u00fcr alle Radsportbegeisterten. Von Rennr\u00e4dern bis zu Mountainbikes - finden Sie heute Ihren perfekten Wegbegleiter!\" \/>\n<meta property=\"og:url\" content=\"https:\/\/kgerad.de\/en\/product\/evoc-explorer-pro-30l-rucksack\/\" \/>\n<meta property=\"og:site_name\" content=\"kgerad.de\" \/>\n<meta property=\"article:modified_time\" content=\"2023-08-10T18:03:44+00:00\" \/>\n<meta property=\"og:image\" content=\"https:\/\/kgerad.de\/wp-content\/uploads\/2023\/06\/EVOC-Explorer-Pro-30-100210129-1_800x800-0.jpg\" \/>\n\t<meta property=\"og:image:width\" content=\"603\" \/>\n\t<meta property=\"og:image:height\" content=\"800\" \/>\n\t<meta property=\"og:image:type\" content=\"image\/jpeg\" \/>\n<meta name=\"twitter:card\" content=\"summary_large_image\" \/>\n<meta name=\"twitter:label1\" content=\"Est. reading time\" \/>\n\t<meta name=\"twitter:data1\" content=\"5 minutes\" \/>\n<script type=\"application\/ld+json\" class=\"yoast-schema-graph\">{\"@context\":\"https:\/\/schema.org\",\"@graph\":[{\"@type\":\"WebPage\",\"@id\":\"https:\/\/kgerad.de\/produkt\/evoc-explorer-pro-30l-rucksack\/\",\"url\":\"https:\/\/kgerad.de\/produkt\/evoc-explorer-pro-30l-rucksack\/\",\"name\":\"Evoc Explorer Pro 30L - Rucksack\",\"isPartOf\":{\"@id\":\"https:\/\/kgerad.de\/#website\"},\"primaryImageOfPage\":{\"@id\":\"https:\/\/kgerad.de\/produkt\/evoc-explorer-pro-30l-rucksack\/#primaryimage\"},\"image\":{\"@id\":\"https:\/\/kgerad.de\/produkt\/evoc-explorer-pro-30l-rucksack\/#primaryimage\"},\"thumbnailUrl\":\"https:\/\/kgerad.de\/wp-content\/uploads\/2023\/06\/EVOC-Explorer-Pro-30-100210129-1_800x800-0.jpg\",\"datePublished\":\"2022-12-06T11:45:19+00:00\",\"dateModified\":\"2023-08-10T18:03:44+00:00\",\"description\":\"Entdecken Sie unseren Online-Fahrradladen: Gro\u00dfe Auswahl an Modellen f\u00fcr alle Radsportbegeisterten. Von Rennr\u00e4dern bis zu Mountainbikes - finden Sie heute Ihren perfekten Wegbegleiter!\",\"breadcrumb\":{\"@id\":\"https:\/\/kgerad.de\/produkt\/evoc-explorer-pro-30l-rucksack\/#breadcrumb\"},\"inLanguage\":\"en-US\",\"potentialAction\":[{\"@type\":\"ReadAction\",\"target\":[\"https:\/\/kgerad.de\/produkt\/evoc-explorer-pro-30l-rucksack\/\"]}]},{\"@type\":\"ImageObject\",\"inLanguage\":\"en-US\",\"@id\":\"https:\/\/kgerad.de\/produkt\/evoc-explorer-pro-30l-rucksack\/#primaryimage\",\"url\":\"https:\/\/kgerad.de\/wp-content\/uploads\/2023\/06\/EVOC-Explorer-Pro-30-100210129-1_800x800-0.jpg\",\"contentUrl\":\"https:\/\/kgerad.de\/wp-content\/uploads\/2023\/06\/EVOC-Explorer-Pro-30-100210129-1_800x800-0.jpg\",\"width\":603,\"height\":800,\"caption\":\"Evoc Explorer Pro 30L - Rucksack\"},{\"@type\":\"BreadcrumbList\",\"@id\":\"https:\/\/kgerad.de\/produkt\/evoc-explorer-pro-30l-rucksack\/#breadcrumb\",\"itemListElement\":[{\"@type\":\"ListItem\",\"position\":1,\"name\":\"Startseite\",\"item\":\"https:\/\/kgerad.de\/\"},{\"@type\":\"ListItem\",\"position\":2,\"name\":\"LADEN\",\"item\":\"https:\/\/kgerad.de\/laden\/\"},{\"@type\":\"ListItem\",\"position\":3,\"name\":\"Evoc Explorer Pro 30L &#8211; Rucksack\"}]},{\"@type\":\"WebSite\",\"@id\":\"https:\/\/kgerad.de\/#website\",\"url\":\"https:\/\/kgerad.de\/\",\"name\":\"kgerad.de\",\"description\":\"Treten Sie mit uns ins Abenteuer!\",\"publisher\":{\"@id\":\"https:\/\/kgerad.de\/#organization\"},\"alternateName\":\"MEIN RADLADEN\",\"potentialAction\":[{\"@type\":\"SearchAction\",\"target\":{\"@type\":\"EntryPoint\",\"urlTemplate\":\"https:\/\/kgerad.de\/?s={search_term_string}\"},\"query-input\":{\"@type\":\"PropertyValueSpecification\",\"valueRequired\":true,\"valueName\":\"search_term_string\"}}],\"inLanguage\":\"en-US\"},{\"@type\":\"Organization\",\"@id\":\"https:\/\/kgerad.de\/#organization\",\"name\":\"MEINRADLADEN\",\"alternateName\":\"MEIN RADLADEN\",\"url\":\"https:\/\/kgerad.de\/\",\"logo\":{\"@type\":\"ImageObject\",\"inLanguage\":\"en-US\",\"@id\":\"https:\/\/kgerad.de\/#\/schema\/logo\/image\/\",\"url\":\"https:\/\/kgerad.de\/wp-content\/uploads\/2025\/07\/logo-Whit.svg\",\"contentUrl\":\"https:\/\/kgerad.de\/wp-content\/uploads\/2025\/07\/logo-Whit.svg\",\"width\":1640,\"height\":371,\"caption\":\"MEINRADLADEN\"},\"image\":{\"@id\":\"https:\/\/kgerad.de\/#\/schema\/logo\/image\/\"}}]}<\/script>\n<!-- \/ Yoast SEO Premium plugin. -->","yoast_head_json":{"title":"Evoc Explorer Pro 30L - Rucksack","description":"Entdecken Sie unseren Online-Fahrradladen: Gro\u00dfe Auswahl an Modellen f\u00fcr alle Radsportbegeisterten. Von Rennr\u00e4dern bis zu Mountainbikes - finden Sie heute Ihren perfekten Wegbegleiter!","robots":{"index":"index","follow":"follow","max-snippet":"max-snippet:-1","max-image-preview":"max-image-preview:large","max-video-preview":"max-video-preview:-1"},"canonical":"https:\/\/kgerad.de\/en\/product\/evoc-explorer-pro-30l-rucksack\/","og_locale":"en_US","og_type":"article","og_title":"Evoc Explorer Pro 30L - Rucksack","og_description":"Entdecken Sie unseren Online-Fahrradladen: Gro\u00dfe Auswahl an Modellen f\u00fcr alle Radsportbegeisterten. Von Rennr\u00e4dern bis zu Mountainbikes - finden Sie heute Ihren perfekten Wegbegleiter!","og_url":"https:\/\/kgerad.de\/en\/product\/evoc-explorer-pro-30l-rucksack\/","og_site_name":"kgerad.de","article_modified_time":"2023-08-10T18:03:44+00:00","og_image":[{"width":603,"height":800,"url":"https:\/\/kgerad.de\/wp-content\/uploads\/2023\/06\/EVOC-Explorer-Pro-30-100210129-1_800x800-0.jpg","type":"image\/jpeg"}],"twitter_card":"summary_large_image","twitter_misc":{"Est. reading time":"5 minutes"},"schema":{"@context":"https:\/\/schema.org","@graph":[{"@type":"WebPage","@id":"https:\/\/kgerad.de\/produkt\/evoc-explorer-pro-30l-rucksack\/","url":"https:\/\/kgerad.de\/produkt\/evoc-explorer-pro-30l-rucksack\/","name":"Evoc Explorer Pro 30L - Rucksack","isPartOf":{"@id":"https:\/\/kgerad.de\/#website"},"primaryImageOfPage":{"@id":"https:\/\/kgerad.de\/produkt\/evoc-explorer-pro-30l-rucksack\/#primaryimage"},"image":{"@id":"https:\/\/kgerad.de\/produkt\/evoc-explorer-pro-30l-rucksack\/#primaryimage"},"thumbnailUrl":"https:\/\/kgerad.de\/wp-content\/uploads\/2023\/06\/EVOC-Explorer-Pro-30-100210129-1_800x800-0.jpg","datePublished":"2022-12-06T11:45:19+00:00","dateModified":"2023-08-10T18:03:44+00:00","description":"Entdecken Sie unseren Online-Fahrradladen: Gro\u00dfe Auswahl an Modellen f\u00fcr alle Radsportbegeisterten. Von Rennr\u00e4dern bis zu Mountainbikes - finden Sie heute Ihren perfekten Wegbegleiter!","breadcrumb":{"@id":"https:\/\/kgerad.de\/produkt\/evoc-explorer-pro-30l-rucksack\/#breadcrumb"},"inLanguage":"en-US","potentialAction":[{"@type":"ReadAction","target":["https:\/\/kgerad.de\/produkt\/evoc-explorer-pro-30l-rucksack\/"]}]},{"@type":"ImageObject","inLanguage":"en-US","@id":"https:\/\/kgerad.de\/produkt\/evoc-explorer-pro-30l-rucksack\/#primaryimage","url":"https:\/\/kgerad.de\/wp-content\/uploads\/2023\/06\/EVOC-Explorer-Pro-30-100210129-1_800x800-0.jpg","contentUrl":"https:\/\/kgerad.de\/wp-content\/uploads\/2023\/06\/EVOC-Explorer-Pro-30-100210129-1_800x800-0.jpg","width":603,"height":800,"caption":"Evoc Explorer Pro 30L - Rucksack"},{"@type":"BreadcrumbList","@id":"https:\/\/kgerad.de\/produkt\/evoc-explorer-pro-30l-rucksack\/#breadcrumb","itemListElement":[{"@type":"ListItem","position":1,"name":"Startseite","item":"https:\/\/kgerad.de\/"},{"@type":"ListItem","position":2,"name":"LADEN","item":"https:\/\/kgerad.de\/laden\/"},{"@type":"ListItem","position":3,"name":"Evoc Explorer Pro 30L &#8211; Rucksack"}]},{"@type":"WebSite","@id":"https:\/\/kgerad.de\/#website","url":"https:\/\/kgerad.de\/","name":"kgerad.de","description":"Treten Sie mit uns ins Abenteuer!","publisher":{"@id":"https:\/\/kgerad.de\/#organization"},"alternateName":"MEIN RADLADEN","potentialAction":[{"@type":"SearchAction","target":{"@type":"EntryPoint","urlTemplate":"https:\/\/kgerad.de\/?s={search_term_string}"},"query-input":{"@type":"PropertyValueSpecification","valueRequired":true,"valueName":"search_term_string"}}],"inLanguage":"en-US"},{"@type":"Organization","@id":"https:\/\/kgerad.de\/#organization","name":"MEINRADLADEN","alternateName":"MEIN RADLADEN","url":"https:\/\/kgerad.de\/","logo":{"@type":"ImageObject","inLanguage":"en-US","@id":"https:\/\/kgerad.de\/#\/schema\/logo\/image\/","url":"https:\/\/kgerad.de\/wp-content\/uploads\/2025\/07\/logo-Whit.svg","contentUrl":"https:\/\/kgerad.de\/wp-content\/uploads\/2025\/07\/logo-Whit.svg","width":1640,"height":371,"caption":"MEINRADLADEN"},"image":{"@id":"https:\/\/kgerad.de\/#\/schema\/logo\/image\/"}}]}},"_links":{"self":[{"href":"https:\/\/kgerad.de\/en\/wp-json\/wp\/v2\/product\/48260","targetHints":{"allow":["GET"]}}],"collection":[{"href":"https:\/\/kgerad.de\/en\/wp-json\/wp\/v2\/product"}],"about":[{"href":"https:\/\/kgerad.de\/en\/wp-json\/wp\/v2\/types\/product"}],"replies":[{"embeddable":true,"href":"https:\/\/kgerad.de\/en\/wp-json\/wp\/v2\/comments?post=48260"}],"version-history":[{"count":1,"href":"https:\/\/kgerad.de\/en\/wp-json\/wp\/v2\/product\/48260\/revisions"}],"predecessor-version":[{"id":78778,"href":"https:\/\/kgerad.de\/en\/wp-json\/wp\/v2\/product\/48260\/revisions\/78778"}],"wp:featuredmedia":[{"embeddable":true,"href":"https:\/\/kgerad.de\/en\/wp-json\/wp\/v2\/media\/64608"}],"wp:attachment":[{"href":"https:\/\/kgerad.de\/en\/wp-json\/wp\/v2\/media?parent=48260"}],"wp:term":[{"taxonomy":"product_brand","embeddable":true,"href":"https:\/\/kgerad.de\/en\/wp-json\/wp\/v2\/product_brand?post=48260"},{"taxonomy":"product_cat","embeddable":true,"href":"https:\/\/kgerad.de\/en\/wp-json\/wp\/v2\/product_cat?post=48260"},{"taxonomy":"product_tag","embeddable":true,"href":"https:\/\/kgerad.de\/en\/wp-json\/wp\/v2\/product_tag?post=48260"}],"curies":[{"name":"wp","href":"https:\/\/api.w.org\/{rel}","templated":true}]}}