{"id":48225,"date":"2022-12-06T12:34:32","date_gmt":"2022-12-06T11:34:32","guid":{"rendered":"https:\/\/kgerad.de\/?post_type=product&#038;p=48225"},"modified":"2023-08-10T20:04:16","modified_gmt":"2023-08-10T18:04:16","slug":"evoc-fr-enduro-e-ride-16l-e-bike-protektor-rucksack","status":"publish","type":"product","link":"https:\/\/kgerad.de\/en\/product\/evoc-fr-enduro-e-ride-16l-e-bike-protektor-rucksack\/","title":{"rendered":"Evoc FR Enduro E-Ride 16L &#8211; E-Bike Protektor Rucksack"},"content":{"rendered":"<div class=\"product--headername\">\n<h2 class=\"product--title\"><strong>Evoc<\/strong> FR Enduro E-Ride 16L &#8211; E-Bike Protektor Rucksack<\/h2>\n<\/div>\n<p>Der Evoc FR Enduro Liter Volumen mit einem integrierten Liteshield-R\u00fcckenprotektor, der maximalen Aufprallschutz bietet, sowie einem speziellen Tragesystem. Der Protektor-Rucksack bietet gen\u00fcgend Platz, um auch auf abgelegenen Strecken immer gen\u00fcgend Power dabei zu haben und mit einem separaten Batterie- und Kontroll-Display-Fach sowie einem Befestigungssystem f\u00fcr das Ladeger\u00e4t auf alles vorbereitet zu sein.<\/p>\n<hr \/>\n<h4>Features &#8211; EVOC FR Enduro E-Ride<\/h4>\n<ul>\n<li><strong>AIR CIRCULATION:<\/strong>\u00a0Eine stetige, freie Luftzirkulation wird durch den vertikal gef\u00fchrten Luftkanal gew\u00e4hrleistet. So wird auch bei hoher Anstrengung und Schwei\u00dfbildung eine optimale Belu\u0308ftung gew\u00e4hrleistet und das Ausku\u0308hlen der empfindlichen Nierenpartie verhindert<\/li>\n<li><strong>LITESHIELD BACK PROTECTOR:<\/strong>\u00a0Kombiniert hervorragenden Aufprallschutz mit einer federleichten, sehr effektiven Konstruktion und jeder Menge Flexibilit\u00e4t (CE-NORM EN 1621-2). Sturzsch\u00e4den k\u00f6nnen sofort erkannt und der Protektor einzeln ausgetauscht werden<\/li>\n<\/ul>\n<ul>\n<li>Brillenfach<\/li>\n<li>Fach f\u00fce das Mobiltelefon<\/li>\n<li>Wekzeugfach<\/li>\n<li>Trinkblasenfach<\/li>\n<li>Signalpfeife<\/li>\n<li>Kontrolldisplay Fach<\/li>\n<li>Notfallplan<\/li>\n<li>Gurtfixierungssystem f\u00fcr Ladeger\u00e4t<\/li>\n<\/ul>\n<h4>Produkteigenschaften<\/h4>\n<ul>\n<li><strong>Volumen:<\/strong>\u00a016 l<\/li>\n<li><strong>Ma\u00dfe:<\/strong>\u00a027 x 56 x 11 cm<\/li>\n<\/ul>\n<h4>Farbe<\/h4>\n<ul>\n<li>stone &#8211; bright orange<\/li>\n<\/ul>\n<h4>Gewicht<\/h4>\n<ul>\n<li>1320 g (Herstellerangabe)<\/li>\n<\/ul>\n<hr \/>\n<h4>Lieferumfang<\/h4>\n<ul>\n<li>1 x Evoc FR Enduro E-Ride 16l Protektor Rucksack<\/li>\n<\/ul>\n<hr \/>\n<h4>T\u00dcV\/GS-zertifiziert<\/h4>\n<p><strong>CE-NORM EN 1621-2 + T\u00dcV\/GS<\/strong><br \/>\nMaterialien und Schutzfunktionen wurden vom T\u00dcV S\u00dcD nach EU-Norm 89\/686\/EWG f\u00fcr pers\u00f6nliche Schutzausr\u00fcstung, Kategorie 2 (PSA) gepr\u00fcft und zertifiziert und ZUS\u00c4TZLICH in Hinblick auf Produktsicherheit T\u00dcV\/GS-normiert.<\/p>\n<p><strong>CE EN 1621-2 REQUIREMENTS<\/strong><br \/>\nMit einem Restkraftwert unter 9kN erreicht der EVOC AIRSHIELD PROTEKTOR im T+ Temperatur Bereich, Level 2. Mit knapp \u00fcber 9kN erreicht er desweiteren im T- Temperatur Bereich, Level 1.<\/p>","protected":false},"excerpt":{"rendered":"<p>Evoc FR Enduro E-Ride 16L &#8211; E-Bike Protektor Rucksack Der Evoc FR Enduro Liter Volumen mit einem integrierten Liteshield-R\u00fcckenprotektor, der<\/p>","protected":false},"featured_media":64598,"comment_status":"open","ping_status":"closed","template":"","meta":[],"product_brand":[],"product_cat":[599,573],"product_tag":[],"class_list":{"0":"post-48225","1":"product","2":"type-product","3":"status-publish","4":"has-post-thumbnail","6":"product_cat-rucksack-trinksysteme","7":"product_cat-zubehor","8":"pa_marke-ev0c","10":"first","11":"instock","12":"sale","13":"taxable","14":"shipping-taxable","15":"purchasable","16":"product-type-simple"},"yoast_head":"<!-- This site is optimized with the Yoast SEO Premium plugin v20.12 (Yoast SEO v27.1.1) - https:\/\/yoast.com\/product\/yoast-seo-premium-wordpress\/ -->\n<title>Evoc FR Enduro E-Ride 16L - E-Bike Protektor Rucksack<\/title>\n<meta name=\"description\" content=\"Entdecken Sie unseren Online-Fahrradladen: Gro\u00dfe Auswahl an Modellen f\u00fcr alle Radsportbegeisterten. Von Rennr\u00e4dern bis zu Mountainbikes - finden Sie heute Ihren perfekten Wegbegleiter!\" \/>\n<meta name=\"robots\" content=\"index, follow, max-snippet:-1, max-image-preview:large, max-video-preview:-1\" \/>\n<link rel=\"canonical\" href=\"https:\/\/kgerad.de\/en\/product\/evoc-fr-enduro-e-ride-16l-e-bike-protektor-rucksack\/\" \/>\n<meta property=\"og:locale\" content=\"en_US\" \/>\n<meta property=\"og:type\" content=\"article\" \/>\n<meta property=\"og:title\" content=\"Evoc FR Enduro E-Ride 16L - E-Bike Protektor Rucksack\" \/>\n<meta property=\"og:description\" content=\"Entdecken Sie unseren Online-Fahrradladen: Gro\u00dfe Auswahl an Modellen f\u00fcr alle Radsportbegeisterten. Von Rennr\u00e4dern bis zu Mountainbikes - finden Sie heute Ihren perfekten Wegbegleiter!\" \/>\n<meta property=\"og:url\" content=\"https:\/\/kgerad.de\/en\/product\/evoc-fr-enduro-e-ride-16l-e-bike-protektor-rucksack\/\" \/>\n<meta property=\"og:site_name\" content=\"kgerad.de\" \/>\n<meta property=\"article:modified_time\" content=\"2023-08-10T18:04:16+00:00\" \/>\n<meta property=\"og:image\" content=\"https:\/\/kgerad.de\/wp-content\/uploads\/2023\/06\/EVOC-Trial-Pro-26-1_800x800-0-1.jpg\" \/>\n\t<meta property=\"og:image:width\" content=\"553\" \/>\n\t<meta property=\"og:image:height\" content=\"800\" \/>\n\t<meta property=\"og:image:type\" content=\"image\/jpeg\" \/>\n<meta name=\"twitter:card\" content=\"summary_large_image\" \/>\n<meta name=\"twitter:label1\" content=\"Est. reading time\" \/>\n\t<meta name=\"twitter:data1\" content=\"2 minutes\" \/>\n<script type=\"application\/ld+json\" class=\"yoast-schema-graph\">{\"@context\":\"https:\/\/schema.org\",\"@graph\":[{\"@type\":\"WebPage\",\"@id\":\"https:\/\/kgerad.de\/produkt\/evoc-fr-enduro-e-ride-16l-e-bike-protektor-rucksack\/\",\"url\":\"https:\/\/kgerad.de\/produkt\/evoc-fr-enduro-e-ride-16l-e-bike-protektor-rucksack\/\",\"name\":\"Evoc FR Enduro E-Ride 16L - E-Bike Protektor Rucksack\",\"isPartOf\":{\"@id\":\"https:\/\/kgerad.de\/#website\"},\"primaryImageOfPage\":{\"@id\":\"https:\/\/kgerad.de\/produkt\/evoc-fr-enduro-e-ride-16l-e-bike-protektor-rucksack\/#primaryimage\"},\"image\":{\"@id\":\"https:\/\/kgerad.de\/produkt\/evoc-fr-enduro-e-ride-16l-e-bike-protektor-rucksack\/#primaryimage\"},\"thumbnailUrl\":\"https:\/\/kgerad.de\/wp-content\/uploads\/2023\/06\/EVOC-Trial-Pro-26-1_800x800-0-1.jpg\",\"datePublished\":\"2022-12-06T11:34:32+00:00\",\"dateModified\":\"2023-08-10T18:04:16+00:00\",\"description\":\"Entdecken Sie unseren Online-Fahrradladen: Gro\u00dfe Auswahl an Modellen f\u00fcr alle Radsportbegeisterten. Von Rennr\u00e4dern bis zu Mountainbikes - finden Sie heute Ihren perfekten Wegbegleiter!\",\"breadcrumb\":{\"@id\":\"https:\/\/kgerad.de\/produkt\/evoc-fr-enduro-e-ride-16l-e-bike-protektor-rucksack\/#breadcrumb\"},\"inLanguage\":\"en-US\",\"potentialAction\":[{\"@type\":\"ReadAction\",\"target\":[\"https:\/\/kgerad.de\/produkt\/evoc-fr-enduro-e-ride-16l-e-bike-protektor-rucksack\/\"]}]},{\"@type\":\"ImageObject\",\"inLanguage\":\"en-US\",\"@id\":\"https:\/\/kgerad.de\/produkt\/evoc-fr-enduro-e-ride-16l-e-bike-protektor-rucksack\/#primaryimage\",\"url\":\"https:\/\/kgerad.de\/wp-content\/uploads\/2023\/06\/EVOC-Trial-Pro-26-1_800x800-0-1.jpg\",\"contentUrl\":\"https:\/\/kgerad.de\/wp-content\/uploads\/2023\/06\/EVOC-Trial-Pro-26-1_800x800-0-1.jpg\",\"width\":553,\"height\":800,\"caption\":\"Evoc FR Enduro E-Ride 16L - E-Bike Protektor Rucksack\"},{\"@type\":\"BreadcrumbList\",\"@id\":\"https:\/\/kgerad.de\/produkt\/evoc-fr-enduro-e-ride-16l-e-bike-protektor-rucksack\/#breadcrumb\",\"itemListElement\":[{\"@type\":\"ListItem\",\"position\":1,\"name\":\"Startseite\",\"item\":\"https:\/\/kgerad.de\/\"},{\"@type\":\"ListItem\",\"position\":2,\"name\":\"LADEN\",\"item\":\"https:\/\/kgerad.de\/laden\/\"},{\"@type\":\"ListItem\",\"position\":3,\"name\":\"Evoc FR Enduro E-Ride 16L &#8211; E-Bike Protektor Rucksack\"}]},{\"@type\":\"WebSite\",\"@id\":\"https:\/\/kgerad.de\/#website\",\"url\":\"https:\/\/kgerad.de\/\",\"name\":\"kgerad.de\",\"description\":\"Treten Sie mit uns ins Abenteuer!\",\"publisher\":{\"@id\":\"https:\/\/kgerad.de\/#organization\"},\"alternateName\":\"MEIN RADLADEN\",\"potentialAction\":[{\"@type\":\"SearchAction\",\"target\":{\"@type\":\"EntryPoint\",\"urlTemplate\":\"https:\/\/kgerad.de\/?s={search_term_string}\"},\"query-input\":{\"@type\":\"PropertyValueSpecification\",\"valueRequired\":true,\"valueName\":\"search_term_string\"}}],\"inLanguage\":\"en-US\"},{\"@type\":\"Organization\",\"@id\":\"https:\/\/kgerad.de\/#organization\",\"name\":\"MEINRADLADEN\",\"alternateName\":\"MEIN RADLADEN\",\"url\":\"https:\/\/kgerad.de\/\",\"logo\":{\"@type\":\"ImageObject\",\"inLanguage\":\"en-US\",\"@id\":\"https:\/\/kgerad.de\/#\/schema\/logo\/image\/\",\"url\":\"https:\/\/kgerad.de\/wp-content\/uploads\/2025\/07\/logo-Whit.svg\",\"contentUrl\":\"https:\/\/kgerad.de\/wp-content\/uploads\/2025\/07\/logo-Whit.svg\",\"width\":1640,\"height\":371,\"caption\":\"MEINRADLADEN\"},\"image\":{\"@id\":\"https:\/\/kgerad.de\/#\/schema\/logo\/image\/\"}}]}<\/script>\n<!-- \/ Yoast SEO Premium plugin. -->","yoast_head_json":{"title":"Evoc FR Enduro E-Ride 16L - E-Bike Protektor Rucksack","description":"Entdecken Sie unseren Online-Fahrradladen: Gro\u00dfe Auswahl an Modellen f\u00fcr alle Radsportbegeisterten. Von Rennr\u00e4dern bis zu Mountainbikes - finden Sie heute Ihren perfekten Wegbegleiter!","robots":{"index":"index","follow":"follow","max-snippet":"max-snippet:-1","max-image-preview":"max-image-preview:large","max-video-preview":"max-video-preview:-1"},"canonical":"https:\/\/kgerad.de\/en\/product\/evoc-fr-enduro-e-ride-16l-e-bike-protektor-rucksack\/","og_locale":"en_US","og_type":"article","og_title":"Evoc FR Enduro E-Ride 16L - E-Bike Protektor Rucksack","og_description":"Entdecken Sie unseren Online-Fahrradladen: Gro\u00dfe Auswahl an Modellen f\u00fcr alle Radsportbegeisterten. Von Rennr\u00e4dern bis zu Mountainbikes - finden Sie heute Ihren perfekten Wegbegleiter!","og_url":"https:\/\/kgerad.de\/en\/product\/evoc-fr-enduro-e-ride-16l-e-bike-protektor-rucksack\/","og_site_name":"kgerad.de","article_modified_time":"2023-08-10T18:04:16+00:00","og_image":[{"width":553,"height":800,"url":"https:\/\/kgerad.de\/wp-content\/uploads\/2023\/06\/EVOC-Trial-Pro-26-1_800x800-0-1.jpg","type":"image\/jpeg"}],"twitter_card":"summary_large_image","twitter_misc":{"Est. reading time":"2 minutes"},"schema":{"@context":"https:\/\/schema.org","@graph":[{"@type":"WebPage","@id":"https:\/\/kgerad.de\/produkt\/evoc-fr-enduro-e-ride-16l-e-bike-protektor-rucksack\/","url":"https:\/\/kgerad.de\/produkt\/evoc-fr-enduro-e-ride-16l-e-bike-protektor-rucksack\/","name":"Evoc FR Enduro E-Ride 16L - E-Bike Protektor Rucksack","isPartOf":{"@id":"https:\/\/kgerad.de\/#website"},"primaryImageOfPage":{"@id":"https:\/\/kgerad.de\/produkt\/evoc-fr-enduro-e-ride-16l-e-bike-protektor-rucksack\/#primaryimage"},"image":{"@id":"https:\/\/kgerad.de\/produkt\/evoc-fr-enduro-e-ride-16l-e-bike-protektor-rucksack\/#primaryimage"},"thumbnailUrl":"https:\/\/kgerad.de\/wp-content\/uploads\/2023\/06\/EVOC-Trial-Pro-26-1_800x800-0-1.jpg","datePublished":"2022-12-06T11:34:32+00:00","dateModified":"2023-08-10T18:04:16+00:00","description":"Entdecken Sie unseren Online-Fahrradladen: Gro\u00dfe Auswahl an Modellen f\u00fcr alle Radsportbegeisterten. Von Rennr\u00e4dern bis zu Mountainbikes - finden Sie heute Ihren perfekten Wegbegleiter!","breadcrumb":{"@id":"https:\/\/kgerad.de\/produkt\/evoc-fr-enduro-e-ride-16l-e-bike-protektor-rucksack\/#breadcrumb"},"inLanguage":"en-US","potentialAction":[{"@type":"ReadAction","target":["https:\/\/kgerad.de\/produkt\/evoc-fr-enduro-e-ride-16l-e-bike-protektor-rucksack\/"]}]},{"@type":"ImageObject","inLanguage":"en-US","@id":"https:\/\/kgerad.de\/produkt\/evoc-fr-enduro-e-ride-16l-e-bike-protektor-rucksack\/#primaryimage","url":"https:\/\/kgerad.de\/wp-content\/uploads\/2023\/06\/EVOC-Trial-Pro-26-1_800x800-0-1.jpg","contentUrl":"https:\/\/kgerad.de\/wp-content\/uploads\/2023\/06\/EVOC-Trial-Pro-26-1_800x800-0-1.jpg","width":553,"height":800,"caption":"Evoc FR Enduro E-Ride 16L - E-Bike Protektor Rucksack"},{"@type":"BreadcrumbList","@id":"https:\/\/kgerad.de\/produkt\/evoc-fr-enduro-e-ride-16l-e-bike-protektor-rucksack\/#breadcrumb","itemListElement":[{"@type":"ListItem","position":1,"name":"Startseite","item":"https:\/\/kgerad.de\/"},{"@type":"ListItem","position":2,"name":"LADEN","item":"https:\/\/kgerad.de\/laden\/"},{"@type":"ListItem","position":3,"name":"Evoc FR Enduro E-Ride 16L &#8211; E-Bike Protektor Rucksack"}]},{"@type":"WebSite","@id":"https:\/\/kgerad.de\/#website","url":"https:\/\/kgerad.de\/","name":"kgerad.de","description":"Treten Sie mit uns ins Abenteuer!","publisher":{"@id":"https:\/\/kgerad.de\/#organization"},"alternateName":"MEIN RADLADEN","potentialAction":[{"@type":"SearchAction","target":{"@type":"EntryPoint","urlTemplate":"https:\/\/kgerad.de\/?s={search_term_string}"},"query-input":{"@type":"PropertyValueSpecification","valueRequired":true,"valueName":"search_term_string"}}],"inLanguage":"en-US"},{"@type":"Organization","@id":"https:\/\/kgerad.de\/#organization","name":"MEINRADLADEN","alternateName":"MEIN RADLADEN","url":"https:\/\/kgerad.de\/","logo":{"@type":"ImageObject","inLanguage":"en-US","@id":"https:\/\/kgerad.de\/#\/schema\/logo\/image\/","url":"https:\/\/kgerad.de\/wp-content\/uploads\/2025\/07\/logo-Whit.svg","contentUrl":"https:\/\/kgerad.de\/wp-content\/uploads\/2025\/07\/logo-Whit.svg","width":1640,"height":371,"caption":"MEINRADLADEN"},"image":{"@id":"https:\/\/kgerad.de\/#\/schema\/logo\/image\/"}}]}},"_links":{"self":[{"href":"https:\/\/kgerad.de\/en\/wp-json\/wp\/v2\/product\/48225","targetHints":{"allow":["GET"]}}],"collection":[{"href":"https:\/\/kgerad.de\/en\/wp-json\/wp\/v2\/product"}],"about":[{"href":"https:\/\/kgerad.de\/en\/wp-json\/wp\/v2\/types\/product"}],"replies":[{"embeddable":true,"href":"https:\/\/kgerad.de\/en\/wp-json\/wp\/v2\/comments?post=48225"}],"version-history":[{"count":1,"href":"https:\/\/kgerad.de\/en\/wp-json\/wp\/v2\/product\/48225\/revisions"}],"predecessor-version":[{"id":78780,"href":"https:\/\/kgerad.de\/en\/wp-json\/wp\/v2\/product\/48225\/revisions\/78780"}],"wp:featuredmedia":[{"embeddable":true,"href":"https:\/\/kgerad.de\/en\/wp-json\/wp\/v2\/media\/64598"}],"wp:attachment":[{"href":"https:\/\/kgerad.de\/en\/wp-json\/wp\/v2\/media?parent=48225"}],"wp:term":[{"taxonomy":"product_brand","embeddable":true,"href":"https:\/\/kgerad.de\/en\/wp-json\/wp\/v2\/product_brand?post=48225"},{"taxonomy":"product_cat","embeddable":true,"href":"https:\/\/kgerad.de\/en\/wp-json\/wp\/v2\/product_cat?post=48225"},{"taxonomy":"product_tag","embeddable":true,"href":"https:\/\/kgerad.de\/en\/wp-json\/wp\/v2\/product_tag?post=48225"}],"curies":[{"name":"wp","href":"https:\/\/api.w.org\/{rel}","templated":true}]}}