{"id":48203,"date":"2022-12-06T12:17:29","date_gmt":"2022-12-06T11:17:29","guid":{"rendered":"https:\/\/kgerad.de\/?post_type=product&#038;p=48203"},"modified":"2023-08-10T20:08:21","modified_gmt":"2023-08-10T18:08:21","slug":"evoc-trail-pro-26l-protektor-rucksack-4","status":"publish","type":"product","link":"https:\/\/kgerad.de\/en\/product\/evoc-trail-pro-26l-protektor-rucksack-4\/","title":{"rendered":"Evoc Trail Pro 26L &#8211; Protektor Rucksack"},"content":{"rendered":"<div class=\"product--headername\">\n<h2 class=\"product--title\"><strong>Evoc<\/strong> Trail Pro 26L &#8211; Protektor Rucksack<\/h2>\n<\/div>\n<p>Ein Evoc Trail Pro 26L leaner Look und maximale Funktionalit\u00e4t <a href=\"http:\/\/1-1\">machen<\/a> den Trail Pro 26 zum Aush\u00e4ngeschild von Evoc. Die ultimative Kombination aus h\u00f6chstem Schutz, geringem Gewicht und kompromisslosem Sitz h\u00e4lt ambitionierten Athleten auf l\u00e4ngeren Touren den R\u00fccken frei. Entsprechend ihrer DNA als f\u00fchrende Marke f\u00fcr Protektorenrucks\u00e4cke hat EVOC jetzt ein ganz neues Niveau an Schutz mit h\u00f6chstm\u00f6glichem Tragekomfort zu einem revolution\u00e4ren, ultraleichten Protektorenrucksack verschmolzen.<\/p>\n<hr \/>\n<h3>Features &#8211; EVOC Trail Pro 26<\/h3>\n<ul>\n<li>Liteshield Plus Back Protector mit Level 2 T\u00dcV zertifizierung<\/li>\n<li>Extra Breite H\u00fcftfl\u00fcgel und Airoflex-H\u00fcftgurt f\u00fcr optmalen Sitz<\/li>\n<li>Trinkblasenfach f\u00fcr bis zu 3 Liter Trinkblase<\/li>\n<li>Dank Brace Link Elementen an den Schultergurten passen sich die Rucksacktr\u00e4ger de individuellen Schulterbreite an<\/li>\n<li>Werkzeugfach l\u00e4sst sich auch mit Handschuhen einh\u00e4ndig \u00f6ffnen uns schlie\u00dfen<\/li>\n<li><strong>Free Protector Crash Replacement<\/strong>\u00a0&gt;Hier Klicken&lt;<\/li>\n<\/ul>\n<h3>Produkteigenschaften<\/h3>\n<ul>\n<li><strong>Volumen:<\/strong>\u00a026 l<\/li>\n<li><strong>Ma\u00dfe<\/strong>\n<ul>\n<li><strong>S\/M:<\/strong>\u00a026 x 50 x 16 cm<\/li>\n<li><strong>L\/XL:<\/strong>\u00a028 x 55 x 15 cm<\/li>\n<\/ul>\n<\/li>\n<\/ul>\n<h3>Gr\u00f6\u00dfe (Variante w\u00e4hlen)<\/h3>\n<ul>\n<li>S\/M (Torsol\u00e4nge 41-48 cm)<\/li>\n<li>L\/XL (Torsol\u00e4nge 48-53 cm)<\/li>\n<\/ul>\n<h3>Material<\/h3>\n<ul>\n<li>P200D<\/li>\n<li>Airo Flex<\/li>\n<\/ul>\n<h3>Farbe<\/h3>\n<ul>\n<li>curry &#8211; denim<\/li>\n<\/ul>\n<h3>Gewicht (Herstellerangabe)<\/h3>\n<ul>\n<li><strong>S\/M:<\/strong>\u00a01070 g<\/li>\n<li><strong>L\/XL:<\/strong>\u00a01170 g<\/li>\n<\/ul>\n<hr \/>\n<h3>Lieferumfang<\/h3>\n<ul>\n<li>1 EVOC Trial Pro 26 Protektor Rucksack<\/li>\n<li>inkl. Regenh\u00fclle<\/li>\n<\/ul>\n<p><em>Trinkblase nicht im Lieferumfang enthalten!<\/em><\/p>\n<hr \/>\n<h3>Technologien<\/h3>\n<p><strong>Liteshield Plus Back Protector<\/strong><br \/>\nDieser neuartige, extrem leichte, flexible und Temperaturunempfindliche R\u00fcckenprotektor verf\u00fcgt \u00fcber herausragende Aufprallschutzeigenschaften. Die Zwei-Komponenten-Sandwich Konstruktion besteht aus einer Kombination von expandiertem Polypropylen und einer TPU Tr\u00e4gerschicht. Die expandierten Polypropylenk\u00fcgelchen werden unter hohem Druck und mit Hilfe von Wasserdampf in Form gebracht und gleichzeitig mit der Tr\u00e4gerschicht verbunden, ohne Einsatz von Klebern oder anderen L\u00f6sungsmitteln.<\/p>\n<p>Der hochkomprimierte EPP-Schaum sch\u00fctzt die Brust- und Lendenwirbels\u00e4ule, inklusive dem Stei\u00dfbein bestm\u00f6glich. Die dem R\u00fccken zugewandte Seite des Protektors ist in kreuz-\/ bzw. plusf\u00f6rmigen Elementen aufgebaut (SEGMENTIERTES PLUS DESIGN). Dies sorgt durch die so entstehenden, umlaufenden Bel\u00fcftungskan\u00e4le f\u00fcr eine optimale Luftzirkulation am R\u00fccken.<\/p>\n<p><strong>Airo Flex<\/strong><br \/>\nAIRO FLEX bezeichnet ein extrem stabiles Gewebe, das ebenso luftdurchl\u00e4ssig, wie flexibel ist. Es kommt bei den hochwertigsten H\u00fcftgurten zum Einsatz und sorgt f\u00fcr optimale Last\u00fcbertragung auf die H\u00fcfte bei gleichzeitig maximaler Bel\u00fcftung \u2013 f\u00fcr h\u00f6chsten Tragekomfort.<\/p>\n<p><strong>Body Hugging<\/strong><br \/>\nDie Hauptmerkmale der \u201eBody Hugging\u201c- Passform von EVOC sind die m\u00f6glichst k\u00f6rpernahe Positionierung des Rucksacks, und die Verteilung des Gewichts \u00fcber eine gro\u00dfe Fl\u00e4che auf die H\u00fcften. Dank der optimierten Verbindung zwischen den Schultertr\u00e4gern und den breiten H\u00fcftflossen, die aus dem R\u00fcckenpanel \u201eherauswachsen\u201c, bleibt der Rucksack bei jeglicher Action verl\u00e4sslich und so stabil wie m\u00f6glich auf Position \u2013 f\u00fcr mehr Komfort und Kontrolle.<\/p>\n<p><strong>Brace Link<\/strong><br \/>\nDas BRACE LINK erm\u00f6glicht die optimale Anpassung der Rucksacktr\u00e4ger an die Schulterbreite des Sportlers. Die flexible Ausrichtung unterst\u00fctzt die Lastverteilung auf den K\u00f6rperschwerpunkt, w\u00e4hrend die Kontaktfl\u00e4che zu R\u00fccken und Schultern minimiert wird. Auch das Tragen eines Neck Brace wird durch den BRACE LINK erm\u00f6glicht.<\/p>\n<hr \/>\n<h3>T\u00dcV\/GS-zertifiziert<\/h3>\n<p><strong>CE-NORM EN 1621-2 + T\u00dcV\/GS<\/strong><br \/>\nMaterialien und Schutzfunktionen wurden vom T\u00dcV S\u00dcD nach EU-Norm 89\/686\/EWG f\u00fcr pers\u00f6nliche Schutzausr\u00fcstung, Kategorie 2 (PSA) gepr\u00fcft und zertifiziert und ZUS\u00c4TZLICH in Hinblick auf Produktsicherheit T\u00dcV\/GS-normiert.<\/p>\n<p><strong>CE EN 1621-2 REQUIREMENTS<\/strong><br \/>\nMit einem Restkraftwert unter 9kN erreicht der EVOC AIRSHIELD PROTEKTOR im T+ Temperatur Bereich, Level 2. Mit knapp \u00fcber 9kN erreicht er desweiteren im T- Temperatur Bereich, Level 1.<\/p>\n<hr \/>\n<h3>Evoc Trail Pro 26L &#8211; Protektor Rucksack<\/h3>\n<p><iframe title=\"YouTube video player\" src=\"https:\/\/www.youtube.com\/embed\/PG9pOaugw28\" width=\"640\" height=\"360\" frameborder=\"0\" allowfullscreen=\"allowfullscreen\" data-mce-fragment=\"1\"><\/iframe><\/p>\n<h2 class=\"image-slider--container\"><\/h2>","protected":false},"excerpt":{"rendered":"<p>Evoc Trail Pro 26L &#8211; Protektor Rucksack Ein Evoc Trail Pro 26L leaner Look und maximale Funktionalit\u00e4t machen den Trail<\/p>","protected":false},"featured_media":64584,"comment_status":"open","ping_status":"closed","template":"","meta":[],"product_brand":[],"product_cat":[599,573],"product_tag":[],"class_list":{"0":"post-48203","1":"product","2":"type-product","3":"status-publish","4":"has-post-thumbnail","6":"product_cat-rucksack-trinksysteme","7":"product_cat-zubehor","8":"pa_marke-ev0c","10":"first","11":"instock","12":"sale","13":"taxable","14":"shipping-taxable","15":"purchasable","16":"product-type-variable"},"yoast_head":"<!-- This site is optimized with the Yoast SEO Premium plugin v20.12 (Yoast SEO v27.1.1) - https:\/\/yoast.com\/product\/yoast-seo-premium-wordpress\/ -->\n<title>Evoc Trail Pro 26L - Protektor Rucksack<\/title>\n<meta name=\"description\" content=\"Entdecken Sie unseren Online-Fahrradladen: Gro\u00dfe Auswahl an Modellen f\u00fcr alle Radsportbegeisterten. Von Rennr\u00e4dern bis zu Mountainbikes - finden Sie heute Ihren perfekten Wegbegleiter!\" \/>\n<meta name=\"robots\" content=\"index, follow, max-snippet:-1, max-image-preview:large, max-video-preview:-1\" \/>\n<link rel=\"canonical\" href=\"https:\/\/kgerad.de\/en\/product\/evoc-trail-pro-26l-protektor-rucksack-4\/\" \/>\n<meta property=\"og:locale\" content=\"en_US\" \/>\n<meta property=\"og:type\" content=\"article\" \/>\n<meta property=\"og:title\" content=\"Evoc Trail Pro 26L - Protektor Rucksack\" \/>\n<meta property=\"og:description\" content=\"Entdecken Sie unseren Online-Fahrradladen: Gro\u00dfe Auswahl an Modellen f\u00fcr alle Radsportbegeisterten. Von Rennr\u00e4dern bis zu Mountainbikes - finden Sie heute Ihren perfekten Wegbegleiter!\" \/>\n<meta property=\"og:url\" content=\"https:\/\/kgerad.de\/en\/product\/evoc-trail-pro-26l-protektor-rucksack-4\/\" \/>\n<meta property=\"og:site_name\" content=\"kgerad.de\" \/>\n<meta property=\"article:modified_time\" content=\"2023-08-10T18:08:21+00:00\" \/>\n<meta property=\"og:image\" content=\"https:\/\/kgerad.de\/wp-content\/uploads\/2023\/06\/EVOC-Trial-Pro-26-1_800x800-0.jpg\" \/>\n\t<meta property=\"og:image:width\" content=\"553\" \/>\n\t<meta property=\"og:image:height\" content=\"800\" \/>\n\t<meta property=\"og:image:type\" content=\"image\/jpeg\" \/>\n<meta name=\"twitter:card\" content=\"summary_large_image\" \/>\n<meta name=\"twitter:label1\" content=\"Est. reading time\" \/>\n\t<meta name=\"twitter:data1\" content=\"3 minutes\" \/>\n<script type=\"application\/ld+json\" class=\"yoast-schema-graph\">{\"@context\":\"https:\/\/schema.org\",\"@graph\":[{\"@type\":\"WebPage\",\"@id\":\"https:\/\/kgerad.de\/produkt\/evoc-trail-pro-26l-protektor-rucksack-4\/\",\"url\":\"https:\/\/kgerad.de\/produkt\/evoc-trail-pro-26l-protektor-rucksack-4\/\",\"name\":\"Evoc Trail Pro 26L - Protektor Rucksack\",\"isPartOf\":{\"@id\":\"https:\/\/kgerad.de\/#website\"},\"primaryImageOfPage\":{\"@id\":\"https:\/\/kgerad.de\/produkt\/evoc-trail-pro-26l-protektor-rucksack-4\/#primaryimage\"},\"image\":{\"@id\":\"https:\/\/kgerad.de\/produkt\/evoc-trail-pro-26l-protektor-rucksack-4\/#primaryimage\"},\"thumbnailUrl\":\"https:\/\/kgerad.de\/wp-content\/uploads\/2023\/06\/EVOC-Trial-Pro-26-1_800x800-0.jpg\",\"datePublished\":\"2022-12-06T11:17:29+00:00\",\"dateModified\":\"2023-08-10T18:08:21+00:00\",\"description\":\"Entdecken Sie unseren Online-Fahrradladen: Gro\u00dfe Auswahl an Modellen f\u00fcr alle Radsportbegeisterten. Von Rennr\u00e4dern bis zu Mountainbikes - finden Sie heute Ihren perfekten Wegbegleiter!\",\"breadcrumb\":{\"@id\":\"https:\/\/kgerad.de\/produkt\/evoc-trail-pro-26l-protektor-rucksack-4\/#breadcrumb\"},\"inLanguage\":\"en-US\",\"potentialAction\":[{\"@type\":\"ReadAction\",\"target\":[\"https:\/\/kgerad.de\/produkt\/evoc-trail-pro-26l-protektor-rucksack-4\/\"]}]},{\"@type\":\"ImageObject\",\"inLanguage\":\"en-US\",\"@id\":\"https:\/\/kgerad.de\/produkt\/evoc-trail-pro-26l-protektor-rucksack-4\/#primaryimage\",\"url\":\"https:\/\/kgerad.de\/wp-content\/uploads\/2023\/06\/EVOC-Trial-Pro-26-1_800x800-0.jpg\",\"contentUrl\":\"https:\/\/kgerad.de\/wp-content\/uploads\/2023\/06\/EVOC-Trial-Pro-26-1_800x800-0.jpg\",\"width\":553,\"height\":800,\"caption\":\"Evoc Trail Pro 26L - Protektor Rucksack\"},{\"@type\":\"BreadcrumbList\",\"@id\":\"https:\/\/kgerad.de\/produkt\/evoc-trail-pro-26l-protektor-rucksack-4\/#breadcrumb\",\"itemListElement\":[{\"@type\":\"ListItem\",\"position\":1,\"name\":\"Startseite\",\"item\":\"https:\/\/kgerad.de\/\"},{\"@type\":\"ListItem\",\"position\":2,\"name\":\"LADEN\",\"item\":\"https:\/\/kgerad.de\/laden\/\"},{\"@type\":\"ListItem\",\"position\":3,\"name\":\"Evoc Trail Pro 26L &#8211; Protektor Rucksack\"}]},{\"@type\":\"WebSite\",\"@id\":\"https:\/\/kgerad.de\/#website\",\"url\":\"https:\/\/kgerad.de\/\",\"name\":\"kgerad.de\",\"description\":\"Treten Sie mit uns ins Abenteuer!\",\"publisher\":{\"@id\":\"https:\/\/kgerad.de\/#organization\"},\"alternateName\":\"MEIN RADLADEN\",\"potentialAction\":[{\"@type\":\"SearchAction\",\"target\":{\"@type\":\"EntryPoint\",\"urlTemplate\":\"https:\/\/kgerad.de\/?s={search_term_string}\"},\"query-input\":{\"@type\":\"PropertyValueSpecification\",\"valueRequired\":true,\"valueName\":\"search_term_string\"}}],\"inLanguage\":\"en-US\"},{\"@type\":\"Organization\",\"@id\":\"https:\/\/kgerad.de\/#organization\",\"name\":\"MEINRADLADEN\",\"alternateName\":\"MEIN RADLADEN\",\"url\":\"https:\/\/kgerad.de\/\",\"logo\":{\"@type\":\"ImageObject\",\"inLanguage\":\"en-US\",\"@id\":\"https:\/\/kgerad.de\/#\/schema\/logo\/image\/\",\"url\":\"https:\/\/kgerad.de\/wp-content\/uploads\/2025\/07\/logo-Whit.svg\",\"contentUrl\":\"https:\/\/kgerad.de\/wp-content\/uploads\/2025\/07\/logo-Whit.svg\",\"width\":1640,\"height\":371,\"caption\":\"MEINRADLADEN\"},\"image\":{\"@id\":\"https:\/\/kgerad.de\/#\/schema\/logo\/image\/\"}}]}<\/script>\n<!-- \/ Yoast SEO Premium plugin. -->","yoast_head_json":{"title":"Evoc Trail Pro 26L - Protektor Rucksack","description":"Entdecken Sie unseren Online-Fahrradladen: Gro\u00dfe Auswahl an Modellen f\u00fcr alle Radsportbegeisterten. Von Rennr\u00e4dern bis zu Mountainbikes - finden Sie heute Ihren perfekten Wegbegleiter!","robots":{"index":"index","follow":"follow","max-snippet":"max-snippet:-1","max-image-preview":"max-image-preview:large","max-video-preview":"max-video-preview:-1"},"canonical":"https:\/\/kgerad.de\/en\/product\/evoc-trail-pro-26l-protektor-rucksack-4\/","og_locale":"en_US","og_type":"article","og_title":"Evoc Trail Pro 26L - Protektor Rucksack","og_description":"Entdecken Sie unseren Online-Fahrradladen: Gro\u00dfe Auswahl an Modellen f\u00fcr alle Radsportbegeisterten. Von Rennr\u00e4dern bis zu Mountainbikes - finden Sie heute Ihren perfekten Wegbegleiter!","og_url":"https:\/\/kgerad.de\/en\/product\/evoc-trail-pro-26l-protektor-rucksack-4\/","og_site_name":"kgerad.de","article_modified_time":"2023-08-10T18:08:21+00:00","og_image":[{"width":553,"height":800,"url":"https:\/\/kgerad.de\/wp-content\/uploads\/2023\/06\/EVOC-Trial-Pro-26-1_800x800-0.jpg","type":"image\/jpeg"}],"twitter_card":"summary_large_image","twitter_misc":{"Est. reading time":"3 minutes"},"schema":{"@context":"https:\/\/schema.org","@graph":[{"@type":"WebPage","@id":"https:\/\/kgerad.de\/produkt\/evoc-trail-pro-26l-protektor-rucksack-4\/","url":"https:\/\/kgerad.de\/produkt\/evoc-trail-pro-26l-protektor-rucksack-4\/","name":"Evoc Trail Pro 26L - Protektor Rucksack","isPartOf":{"@id":"https:\/\/kgerad.de\/#website"},"primaryImageOfPage":{"@id":"https:\/\/kgerad.de\/produkt\/evoc-trail-pro-26l-protektor-rucksack-4\/#primaryimage"},"image":{"@id":"https:\/\/kgerad.de\/produkt\/evoc-trail-pro-26l-protektor-rucksack-4\/#primaryimage"},"thumbnailUrl":"https:\/\/kgerad.de\/wp-content\/uploads\/2023\/06\/EVOC-Trial-Pro-26-1_800x800-0.jpg","datePublished":"2022-12-06T11:17:29+00:00","dateModified":"2023-08-10T18:08:21+00:00","description":"Entdecken Sie unseren Online-Fahrradladen: Gro\u00dfe Auswahl an Modellen f\u00fcr alle Radsportbegeisterten. Von Rennr\u00e4dern bis zu Mountainbikes - finden Sie heute Ihren perfekten Wegbegleiter!","breadcrumb":{"@id":"https:\/\/kgerad.de\/produkt\/evoc-trail-pro-26l-protektor-rucksack-4\/#breadcrumb"},"inLanguage":"en-US","potentialAction":[{"@type":"ReadAction","target":["https:\/\/kgerad.de\/produkt\/evoc-trail-pro-26l-protektor-rucksack-4\/"]}]},{"@type":"ImageObject","inLanguage":"en-US","@id":"https:\/\/kgerad.de\/produkt\/evoc-trail-pro-26l-protektor-rucksack-4\/#primaryimage","url":"https:\/\/kgerad.de\/wp-content\/uploads\/2023\/06\/EVOC-Trial-Pro-26-1_800x800-0.jpg","contentUrl":"https:\/\/kgerad.de\/wp-content\/uploads\/2023\/06\/EVOC-Trial-Pro-26-1_800x800-0.jpg","width":553,"height":800,"caption":"Evoc Trail Pro 26L - Protektor Rucksack"},{"@type":"BreadcrumbList","@id":"https:\/\/kgerad.de\/produkt\/evoc-trail-pro-26l-protektor-rucksack-4\/#breadcrumb","itemListElement":[{"@type":"ListItem","position":1,"name":"Startseite","item":"https:\/\/kgerad.de\/"},{"@type":"ListItem","position":2,"name":"LADEN","item":"https:\/\/kgerad.de\/laden\/"},{"@type":"ListItem","position":3,"name":"Evoc Trail Pro 26L &#8211; Protektor Rucksack"}]},{"@type":"WebSite","@id":"https:\/\/kgerad.de\/#website","url":"https:\/\/kgerad.de\/","name":"kgerad.de","description":"Treten Sie mit uns ins Abenteuer!","publisher":{"@id":"https:\/\/kgerad.de\/#organization"},"alternateName":"MEIN RADLADEN","potentialAction":[{"@type":"SearchAction","target":{"@type":"EntryPoint","urlTemplate":"https:\/\/kgerad.de\/?s={search_term_string}"},"query-input":{"@type":"PropertyValueSpecification","valueRequired":true,"valueName":"search_term_string"}}],"inLanguage":"en-US"},{"@type":"Organization","@id":"https:\/\/kgerad.de\/#organization","name":"MEINRADLADEN","alternateName":"MEIN RADLADEN","url":"https:\/\/kgerad.de\/","logo":{"@type":"ImageObject","inLanguage":"en-US","@id":"https:\/\/kgerad.de\/#\/schema\/logo\/image\/","url":"https:\/\/kgerad.de\/wp-content\/uploads\/2025\/07\/logo-Whit.svg","contentUrl":"https:\/\/kgerad.de\/wp-content\/uploads\/2025\/07\/logo-Whit.svg","width":1640,"height":371,"caption":"MEINRADLADEN"},"image":{"@id":"https:\/\/kgerad.de\/#\/schema\/logo\/image\/"}}]}},"_links":{"self":[{"href":"https:\/\/kgerad.de\/en\/wp-json\/wp\/v2\/product\/48203","targetHints":{"allow":["GET"]}}],"collection":[{"href":"https:\/\/kgerad.de\/en\/wp-json\/wp\/v2\/product"}],"about":[{"href":"https:\/\/kgerad.de\/en\/wp-json\/wp\/v2\/types\/product"}],"replies":[{"embeddable":true,"href":"https:\/\/kgerad.de\/en\/wp-json\/wp\/v2\/comments?post=48203"}],"version-history":[{"count":1,"href":"https:\/\/kgerad.de\/en\/wp-json\/wp\/v2\/product\/48203\/revisions"}],"predecessor-version":[{"id":78782,"href":"https:\/\/kgerad.de\/en\/wp-json\/wp\/v2\/product\/48203\/revisions\/78782"}],"wp:featuredmedia":[{"embeddable":true,"href":"https:\/\/kgerad.de\/en\/wp-json\/wp\/v2\/media\/64584"}],"wp:attachment":[{"href":"https:\/\/kgerad.de\/en\/wp-json\/wp\/v2\/media?parent=48203"}],"wp:term":[{"taxonomy":"product_brand","embeddable":true,"href":"https:\/\/kgerad.de\/en\/wp-json\/wp\/v2\/product_brand?post=48203"},{"taxonomy":"product_cat","embeddable":true,"href":"https:\/\/kgerad.de\/en\/wp-json\/wp\/v2\/product_cat?post=48203"},{"taxonomy":"product_tag","embeddable":true,"href":"https:\/\/kgerad.de\/en\/wp-json\/wp\/v2\/product_tag?post=48203"}],"curies":[{"name":"wp","href":"https:\/\/api.w.org\/{rel}","templated":true}]}}