{"id":48171,"date":"2022-12-06T11:42:34","date_gmt":"2022-12-06T10:42:34","guid":{"rendered":"https:\/\/kgerad.de\/?post_type=product&#038;p=48171"},"modified":"2023-08-10T20:09:13","modified_gmt":"2023-08-10T18:09:13","slug":"evoc-neo-16l-protektor-rucksack","status":"publish","type":"product","link":"https:\/\/kgerad.de\/en\/product\/evoc-neo-16l-protektor-rucksack\/","title":{"rendered":"Evoc Neo 16L &#8211; Protektor Rucksack"},"content":{"rendered":"<div class=\"product--headername\">\n<h2 class=\"product--title\"><strong>Evoc<\/strong> Neo 16L &#8211; Protektor Rucksack<\/h2>\n<\/div>\n<p>Der Evoc Neo 16L von Evoc ist ein innovativer mit hervorragendem <a href=\"http:\/\/1-1\">Tragekomfort<\/a> und maximaler Bel\u00fcftung. Das Ergebnis aus zehn Jahren Erfahrung im Bereich R\u00fcckenprotektor-Technologie ist das revolution\u00e4re AIRSHIELD-Protektorkonzept, das ein H\u00f6chstma\u00df an Sicherheit (Level 2) mit \u00fcberragendem Tragekomfort f\u00fcr ambitioniertes Enduro-Fahren auf einen Nenner bringt.<\/p>\n<hr \/>\n<h3>Features &#8211; EVOC Neo 16<\/h3>\n<ul>\n<li><strong>360\u00b0 VENTILATION:<\/strong>\u00a0Umlaufende Luftzirkulation f\u00fcr einen trockenen R\u00fccken<\/li>\n<li><strong>AIRO FLEX:<\/strong>\u00a0Flexibel, robust, atmungsaktiv: Fester Halt bei maximalem Tragekofort und idealer Lasten\u00fcbertragung, dank Medizintechnik-Material<\/li>\n<li><strong>AIRSHIELD SYSTEM:<\/strong>\u00a0Hochwertiges R\u00fcckenprotektor-System mit Fokus auf Bel\u00fcftung am R\u00fccken und ergonomische Flex-Eigenschaften<\/li>\n<li><strong>2-STEP ZIP SYSTEM:<\/strong>\u00a0Besseres Organisationsmanagement des Inhalts, dank besonderer Rei\u00dfverschlussf\u00fchrung<\/li>\n<li><strong>POLYGIENE:<\/strong>\u00a0Ausru\u0308stung gegen mikrobielle Geruchsbildung auf Silberionen oder Kiesels\u00e4urebasis<\/li>\n<li><strong>BACKLIGHT CLIP:<\/strong>\u00a0Schlaufe, um ein Fahrrad-R\u00fccklicht zu befestigen<\/li>\n<li><strong>ERGO DYNAMIC FLEX:<\/strong>\u00a0bewegt sich mit dem K\u00f6rper<\/li>\n<li><strong>Free Protector Crash Replacement<\/strong>\u00a0&gt;Hier Klicken&lt;<\/li>\n<li>H\u00f6henverstellbarer H\u00fcftgurt<\/li>\n<li>H\u00fcftgurttasche<\/li>\n<li>Brillenfach<\/li>\n<li>Extra breite H\u00fcftfl\u00fcgel<\/li>\n<li>Werkzeugfach<\/li>\n<li>Trinkblasenfach<\/li>\n<li>Karabiner zum Befestigen des Schl\u00fcssels<\/li>\n<li>Magnetischer Clip zur Fixierung des Trinkschlauchs<\/li>\n<li>Signalpfeife<\/li>\n<li>Nahtlose Schultergurte<\/li>\n<li>Elastische Seitentaschen<\/li>\n<li>Reflektierender Druck<\/li>\n<li>XC\/DH Helmhalterung<\/li>\n<\/ul>\n<h3>Produkteigenschaften<\/h3>\n<ul>\n<li><strong>Volumen:<\/strong>\u00a016 l<\/li>\n<li><strong>Ma\u00dfe:<\/strong>\u00a027 x 52 x 11cm<\/li>\n<\/ul>\n<h3>Gr\u00f6\u00dfe (Variante w\u00e4hlen)<\/h3>\n<ul>\n<li>S\/M<\/li>\n<li>L\/XL<\/li>\n<\/ul>\n<h3>Farbe<\/h3>\n<ul>\n<li>carbon grey<\/li>\n<\/ul>\n<h3>Gewicht<\/h3>\n<ul>\n<li>1580g (Herstellerangabe)<\/li>\n<\/ul>\n<hr \/>\n<h3>Lieferumfang<\/h3>\n<ul>\n<li>1 EVOC Neo 16l Protektor Rucksack<\/li>\n<\/ul>\n<p><em>Trinkblase nicht im Lieferumfang enthalten!<\/em><\/p>\n<hr \/>\n<h3>Technologien<\/h3>\n<p><strong>AIRO FLEX<\/strong><br \/>\nAIRO FLEX bezeichnet ein extrem stabiles Gewebe, das ebenso luftdurchl\u00e4ssig, wie flexibel ist. Es kommt bei unseren hochwertigsten H\u00fcftgurten zum Einsatz und sorgt f\u00fcr optimale Last\u00fcbertragung auf die H\u00fcfte bei gleichzeitig maximaler Bel\u00fcftung \u2013 f\u00fcr h\u00f6chsten Tragekomfort.<\/p>\n<p><strong>AIRSHIELD SYSTEM<\/strong><br \/>\nHochwertiges R\u00fcckenprotektor-System mit Fokus auf Bel\u00fcftung am R\u00fccken und ergonomische Flex-Eigenschaften. Es wurde auf der Au\u00dfenseite des Rucksacks angebracht; dabei stellen der R\u00fcckteil und der Protektor eine kombinierte Einheit dar, welche die Vorteile von Stabilit\u00e4t, N\u00e4he des Rucksacks zum R\u00fccken und Schutz in sich vereint, und zwar in Form eines hochwertigen Komponenten f\u00fcr best- m\u00f6glichen Aufprallschutz.<\/p>\n<hr \/>\n<h3>T\u00dcV\/GS-zertifiziert<\/h3>\n<p><strong>CE-NORM EN 1621-2 + T\u00dcV\/GS<\/strong><br \/>\nMaterialien und Schutzfunktionen wurden vom T\u00dcV S\u00dcD nach EU-Norm 89\/686\/EWG f\u00fcr pers\u00f6nliche Schutzausr\u00fcstung, Kategorie 2 (PSA) gepr\u00fcft und zertifiziert und ZUS\u00c4TZLICH in Hinblick auf Produktsicherheit T\u00dcV\/GS-normiert.<\/p>\n<p><strong>CE EN 1621-2 REQUIREMENTS<\/strong><br \/>\nMit einem Restkraftwert unter 9kN erreicht der EVOC AIRSHIELD PROTEKTOR im T+ Temperatur Bereich, Level 2. Mit knapp \u00fcber 9kN erreicht er desweiteren im T- Temperatur Bereich, Level 1.<\/p>\n<hr \/>\n<h3>Evoc Neo 16L &#8211; Protektor Rucksack<\/h3>\n<p><iframe title=\"YouTube video player\" src=\"https:\/\/www.youtube.com\/embed\/hHUb34AFECs\" width=\"640\" height=\"360\" frameborder=\"0\" allowfullscreen=\"allowfullscreen\" data-mce-fragment=\"1\"><\/iframe><\/p>\n<h2 class=\"image-slider--container\"><\/h2>","protected":false},"excerpt":{"rendered":"<p>Evoc Neo 16L &#8211; Protektor Rucksack Der Evoc Neo 16L von Evoc ist ein innovativer mit hervorragendem Tragekomfort und maximaler<\/p>","protected":false},"featured_media":64569,"comment_status":"open","ping_status":"closed","template":"","meta":[],"product_brand":[],"product_cat":[599,573],"product_tag":[],"class_list":{"0":"post-48171","1":"product","2":"type-product","3":"status-publish","4":"has-post-thumbnail","6":"product_cat-rucksack-trinksysteme","7":"product_cat-zubehor","8":"pa_marke-ev0c","10":"first","11":"instock","12":"sale","13":"taxable","14":"shipping-taxable","15":"purchasable","16":"product-type-variable"},"yoast_head":"<!-- This site is optimized with the Yoast SEO Premium plugin v20.12 (Yoast SEO v27.1.1) - https:\/\/yoast.com\/product\/yoast-seo-premium-wordpress\/ -->\n<title>Evoc Neo 16L - Protektor Rucksack<\/title>\n<meta name=\"description\" content=\"kgerad.de bietet Ihnen das Evoc Neo 16L - Protektor Rucksack zum besten Preis mit kostenlosem Versand in ganz EuropaEvoc Neo 16LEvoc Neo 16L\" \/>\n<meta name=\"robots\" content=\"index, follow, max-snippet:-1, max-image-preview:large, max-video-preview:-1\" \/>\n<link rel=\"canonical\" href=\"https:\/\/kgerad.de\/en\/product\/evoc-neo-16l-protektor-rucksack\/\" \/>\n<meta property=\"og:locale\" content=\"en_US\" \/>\n<meta property=\"og:type\" content=\"article\" \/>\n<meta property=\"og:title\" content=\"Evoc Neo 16L - Protektor Rucksack\" \/>\n<meta property=\"og:description\" content=\"Entdecken Sie unseren Online-Fahrradladen: Gro\u00dfe Auswahl an Modellen f\u00fcr alle Radsportbegeisterten. Von Rennr\u00e4dern bis zu Mountainbikes - finden Sie heute Ihren perfekten Wegbegleiter!\" \/>\n<meta property=\"og:url\" content=\"https:\/\/kgerad.de\/en\/product\/evoc-neo-16l-protektor-rucksack\/\" \/>\n<meta property=\"og:site_name\" content=\"kgerad.de\" \/>\n<meta property=\"article:modified_time\" content=\"2023-08-10T18:09:13+00:00\" \/>\n<meta property=\"og:image\" content=\"https:\/\/kgerad.de\/wp-content\/uploads\/2023\/06\/Neo-16L-Protektor-Rucksack_100116121_01_800x800-0.jpg\" \/>\n\t<meta property=\"og:image:width\" content=\"556\" \/>\n\t<meta property=\"og:image:height\" content=\"800\" \/>\n\t<meta property=\"og:image:type\" content=\"image\/jpeg\" \/>\n<meta name=\"twitter:card\" content=\"summary_large_image\" \/>\n<meta name=\"twitter:label1\" content=\"Est. reading time\" \/>\n\t<meta name=\"twitter:data1\" content=\"3 minutes\" \/>\n<script type=\"application\/ld+json\" class=\"yoast-schema-graph\">{\"@context\":\"https:\/\/schema.org\",\"@graph\":[{\"@type\":\"WebPage\",\"@id\":\"https:\/\/kgerad.de\/produkt\/evoc-neo-16l-protektor-rucksack\/\",\"url\":\"https:\/\/kgerad.de\/produkt\/evoc-neo-16l-protektor-rucksack\/\",\"name\":\"Evoc Neo 16L - Protektor Rucksack\",\"isPartOf\":{\"@id\":\"https:\/\/kgerad.de\/#website\"},\"primaryImageOfPage\":{\"@id\":\"https:\/\/kgerad.de\/produkt\/evoc-neo-16l-protektor-rucksack\/#primaryimage\"},\"image\":{\"@id\":\"https:\/\/kgerad.de\/produkt\/evoc-neo-16l-protektor-rucksack\/#primaryimage\"},\"thumbnailUrl\":\"https:\/\/kgerad.de\/wp-content\/uploads\/2023\/06\/Neo-16L-Protektor-Rucksack_100116121_01_800x800-0.jpg\",\"datePublished\":\"2022-12-06T10:42:34+00:00\",\"dateModified\":\"2023-08-10T18:09:13+00:00\",\"description\":\"kgerad.de bietet Ihnen das Evoc Neo 16L - Protektor Rucksack zum besten Preis mit kostenlosem Versand in ganz EuropaEvoc Neo 16LEvoc Neo 16L\",\"breadcrumb\":{\"@id\":\"https:\/\/kgerad.de\/produkt\/evoc-neo-16l-protektor-rucksack\/#breadcrumb\"},\"inLanguage\":\"en-US\",\"potentialAction\":[{\"@type\":\"ReadAction\",\"target\":[\"https:\/\/kgerad.de\/produkt\/evoc-neo-16l-protektor-rucksack\/\"]}]},{\"@type\":\"ImageObject\",\"inLanguage\":\"en-US\",\"@id\":\"https:\/\/kgerad.de\/produkt\/evoc-neo-16l-protektor-rucksack\/#primaryimage\",\"url\":\"https:\/\/kgerad.de\/wp-content\/uploads\/2023\/06\/Neo-16L-Protektor-Rucksack_100116121_01_800x800-0.jpg\",\"contentUrl\":\"https:\/\/kgerad.de\/wp-content\/uploads\/2023\/06\/Neo-16L-Protektor-Rucksack_100116121_01_800x800-0.jpg\",\"width\":556,\"height\":800,\"caption\":\"Evoc Neo 16L - Protektor Rucksack\"},{\"@type\":\"BreadcrumbList\",\"@id\":\"https:\/\/kgerad.de\/produkt\/evoc-neo-16l-protektor-rucksack\/#breadcrumb\",\"itemListElement\":[{\"@type\":\"ListItem\",\"position\":1,\"name\":\"Startseite\",\"item\":\"https:\/\/kgerad.de\/\"},{\"@type\":\"ListItem\",\"position\":2,\"name\":\"LADEN\",\"item\":\"https:\/\/kgerad.de\/laden\/\"},{\"@type\":\"ListItem\",\"position\":3,\"name\":\"Evoc Neo 16L &#8211; Protektor Rucksack\"}]},{\"@type\":\"WebSite\",\"@id\":\"https:\/\/kgerad.de\/#website\",\"url\":\"https:\/\/kgerad.de\/\",\"name\":\"kgerad.de\",\"description\":\"Treten Sie mit uns ins Abenteuer!\",\"publisher\":{\"@id\":\"https:\/\/kgerad.de\/#organization\"},\"alternateName\":\"MEIN RADLADEN\",\"potentialAction\":[{\"@type\":\"SearchAction\",\"target\":{\"@type\":\"EntryPoint\",\"urlTemplate\":\"https:\/\/kgerad.de\/?s={search_term_string}\"},\"query-input\":{\"@type\":\"PropertyValueSpecification\",\"valueRequired\":true,\"valueName\":\"search_term_string\"}}],\"inLanguage\":\"en-US\"},{\"@type\":\"Organization\",\"@id\":\"https:\/\/kgerad.de\/#organization\",\"name\":\"MEINRADLADEN\",\"alternateName\":\"MEIN RADLADEN\",\"url\":\"https:\/\/kgerad.de\/\",\"logo\":{\"@type\":\"ImageObject\",\"inLanguage\":\"en-US\",\"@id\":\"https:\/\/kgerad.de\/#\/schema\/logo\/image\/\",\"url\":\"https:\/\/kgerad.de\/wp-content\/uploads\/2025\/07\/logo-Whit.svg\",\"contentUrl\":\"https:\/\/kgerad.de\/wp-content\/uploads\/2025\/07\/logo-Whit.svg\",\"width\":1640,\"height\":371,\"caption\":\"MEINRADLADEN\"},\"image\":{\"@id\":\"https:\/\/kgerad.de\/#\/schema\/logo\/image\/\"}}]}<\/script>\n<!-- \/ Yoast SEO Premium plugin. -->","yoast_head_json":{"title":"Evoc Neo 16L - Protektor Rucksack","description":"kgerad.de bietet Ihnen das Evoc Neo 16L - Protektor Rucksack zum besten Preis mit kostenlosem Versand in ganz EuropaEvoc Neo 16LEvoc Neo 16L","robots":{"index":"index","follow":"follow","max-snippet":"max-snippet:-1","max-image-preview":"max-image-preview:large","max-video-preview":"max-video-preview:-1"},"canonical":"https:\/\/kgerad.de\/en\/product\/evoc-neo-16l-protektor-rucksack\/","og_locale":"en_US","og_type":"article","og_title":"Evoc Neo 16L - Protektor Rucksack","og_description":"Entdecken Sie unseren Online-Fahrradladen: Gro\u00dfe Auswahl an Modellen f\u00fcr alle Radsportbegeisterten. Von Rennr\u00e4dern bis zu Mountainbikes - finden Sie heute Ihren perfekten Wegbegleiter!","og_url":"https:\/\/kgerad.de\/en\/product\/evoc-neo-16l-protektor-rucksack\/","og_site_name":"kgerad.de","article_modified_time":"2023-08-10T18:09:13+00:00","og_image":[{"width":556,"height":800,"url":"https:\/\/kgerad.de\/wp-content\/uploads\/2023\/06\/Neo-16L-Protektor-Rucksack_100116121_01_800x800-0.jpg","type":"image\/jpeg"}],"twitter_card":"summary_large_image","twitter_misc":{"Est. reading time":"3 minutes"},"schema":{"@context":"https:\/\/schema.org","@graph":[{"@type":"WebPage","@id":"https:\/\/kgerad.de\/produkt\/evoc-neo-16l-protektor-rucksack\/","url":"https:\/\/kgerad.de\/produkt\/evoc-neo-16l-protektor-rucksack\/","name":"Evoc Neo 16L - Protektor Rucksack","isPartOf":{"@id":"https:\/\/kgerad.de\/#website"},"primaryImageOfPage":{"@id":"https:\/\/kgerad.de\/produkt\/evoc-neo-16l-protektor-rucksack\/#primaryimage"},"image":{"@id":"https:\/\/kgerad.de\/produkt\/evoc-neo-16l-protektor-rucksack\/#primaryimage"},"thumbnailUrl":"https:\/\/kgerad.de\/wp-content\/uploads\/2023\/06\/Neo-16L-Protektor-Rucksack_100116121_01_800x800-0.jpg","datePublished":"2022-12-06T10:42:34+00:00","dateModified":"2023-08-10T18:09:13+00:00","description":"kgerad.de bietet Ihnen das Evoc Neo 16L - Protektor Rucksack zum besten Preis mit kostenlosem Versand in ganz EuropaEvoc Neo 16LEvoc Neo 16L","breadcrumb":{"@id":"https:\/\/kgerad.de\/produkt\/evoc-neo-16l-protektor-rucksack\/#breadcrumb"},"inLanguage":"en-US","potentialAction":[{"@type":"ReadAction","target":["https:\/\/kgerad.de\/produkt\/evoc-neo-16l-protektor-rucksack\/"]}]},{"@type":"ImageObject","inLanguage":"en-US","@id":"https:\/\/kgerad.de\/produkt\/evoc-neo-16l-protektor-rucksack\/#primaryimage","url":"https:\/\/kgerad.de\/wp-content\/uploads\/2023\/06\/Neo-16L-Protektor-Rucksack_100116121_01_800x800-0.jpg","contentUrl":"https:\/\/kgerad.de\/wp-content\/uploads\/2023\/06\/Neo-16L-Protektor-Rucksack_100116121_01_800x800-0.jpg","width":556,"height":800,"caption":"Evoc Neo 16L - Protektor Rucksack"},{"@type":"BreadcrumbList","@id":"https:\/\/kgerad.de\/produkt\/evoc-neo-16l-protektor-rucksack\/#breadcrumb","itemListElement":[{"@type":"ListItem","position":1,"name":"Startseite","item":"https:\/\/kgerad.de\/"},{"@type":"ListItem","position":2,"name":"LADEN","item":"https:\/\/kgerad.de\/laden\/"},{"@type":"ListItem","position":3,"name":"Evoc Neo 16L &#8211; Protektor Rucksack"}]},{"@type":"WebSite","@id":"https:\/\/kgerad.de\/#website","url":"https:\/\/kgerad.de\/","name":"kgerad.de","description":"Treten Sie mit uns ins Abenteuer!","publisher":{"@id":"https:\/\/kgerad.de\/#organization"},"alternateName":"MEIN RADLADEN","potentialAction":[{"@type":"SearchAction","target":{"@type":"EntryPoint","urlTemplate":"https:\/\/kgerad.de\/?s={search_term_string}"},"query-input":{"@type":"PropertyValueSpecification","valueRequired":true,"valueName":"search_term_string"}}],"inLanguage":"en-US"},{"@type":"Organization","@id":"https:\/\/kgerad.de\/#organization","name":"MEINRADLADEN","alternateName":"MEIN RADLADEN","url":"https:\/\/kgerad.de\/","logo":{"@type":"ImageObject","inLanguage":"en-US","@id":"https:\/\/kgerad.de\/#\/schema\/logo\/image\/","url":"https:\/\/kgerad.de\/wp-content\/uploads\/2025\/07\/logo-Whit.svg","contentUrl":"https:\/\/kgerad.de\/wp-content\/uploads\/2025\/07\/logo-Whit.svg","width":1640,"height":371,"caption":"MEINRADLADEN"},"image":{"@id":"https:\/\/kgerad.de\/#\/schema\/logo\/image\/"}}]}},"_links":{"self":[{"href":"https:\/\/kgerad.de\/en\/wp-json\/wp\/v2\/product\/48171","targetHints":{"allow":["GET"]}}],"collection":[{"href":"https:\/\/kgerad.de\/en\/wp-json\/wp\/v2\/product"}],"about":[{"href":"https:\/\/kgerad.de\/en\/wp-json\/wp\/v2\/types\/product"}],"replies":[{"embeddable":true,"href":"https:\/\/kgerad.de\/en\/wp-json\/wp\/v2\/comments?post=48171"}],"version-history":[{"count":1,"href":"https:\/\/kgerad.de\/en\/wp-json\/wp\/v2\/product\/48171\/revisions"}],"predecessor-version":[{"id":78785,"href":"https:\/\/kgerad.de\/en\/wp-json\/wp\/v2\/product\/48171\/revisions\/78785"}],"wp:featuredmedia":[{"embeddable":true,"href":"https:\/\/kgerad.de\/en\/wp-json\/wp\/v2\/media\/64569"}],"wp:attachment":[{"href":"https:\/\/kgerad.de\/en\/wp-json\/wp\/v2\/media?parent=48171"}],"wp:term":[{"taxonomy":"product_brand","embeddable":true,"href":"https:\/\/kgerad.de\/en\/wp-json\/wp\/v2\/product_brand?post=48171"},{"taxonomy":"product_cat","embeddable":true,"href":"https:\/\/kgerad.de\/en\/wp-json\/wp\/v2\/product_cat?post=48171"},{"taxonomy":"product_tag","embeddable":true,"href":"https:\/\/kgerad.de\/en\/wp-json\/wp\/v2\/product_tag?post=48171"}],"curies":[{"name":"wp","href":"https:\/\/api.w.org\/{rel}","templated":true}]}}