{"id":48138,"date":"2022-12-06T11:26:27","date_gmt":"2022-12-06T10:26:27","guid":{"rendered":"https:\/\/kgerad.de\/?post_type=product&#038;p=48138"},"modified":"2023-08-10T20:09:39","modified_gmt":"2023-08-10T18:09:39","slug":"poc-column-vpd-backpack-13l-protektor-rucksack","status":"publish","type":"product","link":"https:\/\/kgerad.de\/en\/product\/poc-column-vpd-backpack-13l-protektor-rucksack\/","title":{"rendered":"POC Column VPD Backpack 13L &#8211; Protektor Rucksack"},"content":{"rendered":"<h2 class=\"product--title\"><strong>POC<\/strong>\u00a0Column VPD Backpack 13L &#8211; Protektor Rucksack<\/h2>\n<p>Der POC Column VPD aus \u00fcberwiegend recycelten Materialien kombiniert einen R\u00fcckenprotektor mit ausreichend Stauraum f\u00fcr Trinksystem und Zubeh\u00f6r. Das macht ihn zu einem idealen Begleiter f\u00fcr ganzt\u00e4gige Trail-Abenteuer.<\/p>\n<p>Ideal f\u00fcr lange Tage auf den Trails oder f\u00fcr gr\u00f6\u00dfere Fahrer und Fahrerinnen: Der Column VPD Backpack 13L bietet zertifizierten R\u00fcckenschutz und sicheren Stauraum f\u00fcr alles, was du auf l\u00e4ngeren Fahrten brauchst. Die 46 cm lange VPD Air R\u00fcckenplatte passt sich deinem K\u00f6rper und deinen Bewegungen an und sch\u00fctzt deinen R\u00fccken im Falle eines Sturzes zuverl\u00e4ssig. Mit einem Volumen von 13 Litern bietet er reichlich Stauraum f\u00fcr Zubeh\u00f6r, eine Trinkblase, Snacks und eine zus\u00e4tzliche Bekleidungsschicht, damit du perfekt f\u00fcr einen Tagestrip abseits der Zivilisation ausgestattet bist.<\/p>\n<p>Das Zubeh\u00f6r l\u00e4sst sich in separaten F\u00e4chern im Hauptfach unterbringen, damit alles perfekt organisiert und sicher an seinem Platz bleibt, wenn du auf den Trails an deine Grenzen gehst. Ein innovatives Gurtsystem mit verstellbaren Schulter- und Brustgurten bietet einen sicheren Sitz, ohne dass ein H\u00fcftgurt ben\u00f6tigt wird. Der Rucksack ist beinahe vollst\u00e4ndig aus recycelten Materialien hergestellt und vereint Strapazierf\u00e4higkeit mit Nachhaltigkeit. Er bietet ausreichend Platz f\u00fcr Zubeh\u00f6r, kleine Snacks und eine 3-Liter-Trinkblase, damit du alles f\u00fcr einen Tagestrip dabei hast.<\/p>\n<hr \/>\n<h3>Features &#8211; Column VPD Backpack 13L<\/h3>\n<ul>\n<li>VPD Air Protektor ist 46 cm lang, leichtgewichtig und luftdurchl\u00e4ssig f\u00fcr zertifizierten Schutz<\/li>\n<li>\u00dcberwiegend aus recycelten Materialien hergestellt<\/li>\n<li>Bietet Platz f\u00fcr Trinkblasen mit einem Inhalt von bis zu 3 Litern (<strong>nicht<\/strong>\u00a0im Lieferumfang enthalten)<\/li>\n<li>Anpassbarer doppelter Brustgurt und Schultergurte bieten einen sicheren Sitz auch ohne H\u00fcftgurt<\/li>\n<li>Eins\u00e4tze im Hauptfach f\u00fcr eine sichere Aufbewahrung von Werkzeug und Zubeh\u00f6r<\/li>\n<li>Zwei Taschen am Brustgurt erm\u00f6glichen den einfachen Zugriff auf kleinere Gegenst\u00e4nde<\/li>\n<li>Schl\u00fcsselhaken, damit dein Schl\u00fcssel nicht klappert oder verloren geht<\/li>\n<li>Luftdurchl\u00e4ssiges, strukturiertes 3D-Mesh an den Gurten f\u00fcr mehr Komfort<\/li>\n<li>Abnehmbares Helmnetz zum einfachen Transport des Helms, wenn er nicht in Gebrauch ist<\/li>\n<li>Schlaufe zum Aufh\u00e4ngen<\/li>\n<li>Reflektierende Details<\/li>\n<\/ul>\n<h3>Produkteigenschaften<\/h3>\n<ul>\n<li><strong>Volumen:\u00a0<\/strong>13\u00a0L<\/li>\n<li><strong>Trinkblase:<\/strong>\u00a0bis zu 3 Liter (<strong>nicht<\/strong>\u00a0im Lieferumfang enthalten)<\/li>\n<li><strong>R\u00fcckenprotektor:<\/strong>\u00a0Integriert<\/li>\n<\/ul>\n<h3>Farbe (Variante w\u00e4hlen)<\/h3>\n<ul>\n<li>uranium black<\/li>\n<li>epidote green<\/li>\n<\/ul>\n<hr \/>\n<h3>Lieferumfang<\/h3>\n<ul>\n<li>1 x POC Column VPD Backpack 13L<\/li>\n<\/ul>","protected":false},"excerpt":{"rendered":"<p>POC\u00a0Column VPD Backpack 13L &#8211; Protektor Rucksack Der POC Column VPD aus \u00fcberwiegend recycelten Materialien kombiniert einen R\u00fcckenprotektor mit ausreichend<\/p>","protected":false},"featured_media":64543,"comment_status":"open","ping_status":"closed","template":"","meta":[],"product_brand":[],"product_cat":[599,573],"product_tag":[],"class_list":{"0":"post-48138","1":"product","2":"type-product","3":"status-publish","4":"has-post-thumbnail","6":"product_cat-rucksack-trinksysteme","7":"product_cat-zubehor","8":"pa_marke-poc","10":"first","11":"instock","12":"sale","13":"taxable","14":"shipping-taxable","15":"purchasable","16":"product-type-variable"},"yoast_head":"<!-- This site is optimized with the Yoast SEO Premium plugin v20.12 (Yoast SEO v27.1.1) - https:\/\/yoast.com\/product\/yoast-seo-premium-wordpress\/ -->\n<title>POC Column VPD Backpack 13L - Protektor Rucksack<\/title>\n<meta name=\"description\" content=\"Entdecken Sie unseren Online-Fahrradladen: Gro\u00dfe Auswahl an Modellen f\u00fcr alle Radsportbegeisterten. Von Rennr\u00e4dern bis zu Mountainbikes - finden Sie heute Ihren perfekten Wegbegleiter!\" \/>\n<meta name=\"robots\" content=\"index, follow, max-snippet:-1, max-image-preview:large, max-video-preview:-1\" \/>\n<link rel=\"canonical\" href=\"https:\/\/kgerad.de\/en\/product\/poc-column-vpd-backpack-13l-protektor-rucksack\/\" \/>\n<meta property=\"og:locale\" content=\"en_US\" \/>\n<meta property=\"og:type\" content=\"article\" \/>\n<meta property=\"og:title\" content=\"POC Column VPD Backpack 13L - Protektor Rucksack\" \/>\n<meta property=\"og:description\" content=\"Entdecken Sie unseren Online-Fahrradladen: Gro\u00dfe Auswahl an Modellen f\u00fcr alle Radsportbegeisterten. Von Rennr\u00e4dern bis zu Mountainbikes - finden Sie heute Ihren perfekten Wegbegleiter!\" \/>\n<meta property=\"og:url\" content=\"https:\/\/kgerad.de\/en\/product\/poc-column-vpd-backpack-13l-protektor-rucksack\/\" \/>\n<meta property=\"og:site_name\" content=\"kgerad.de\" \/>\n<meta property=\"article:modified_time\" content=\"2023-08-10T18:09:39+00:00\" \/>\n<meta property=\"og:image\" content=\"https:\/\/kgerad.de\/wp-content\/uploads\/2023\/06\/POC_Column_VPD_Backpack_13L_Protektor_Rucksack_Master_800x800-0.jpg\" \/>\n\t<meta property=\"og:image:width\" content=\"800\" \/>\n\t<meta property=\"og:image:height\" content=\"770\" \/>\n\t<meta property=\"og:image:type\" content=\"image\/jpeg\" \/>\n<meta name=\"twitter:card\" content=\"summary_large_image\" \/>\n<meta name=\"twitter:label1\" content=\"Est. reading time\" \/>\n\t<meta name=\"twitter:data1\" content=\"2 minutes\" \/>\n<script type=\"application\/ld+json\" class=\"yoast-schema-graph\">{\"@context\":\"https:\/\/schema.org\",\"@graph\":[{\"@type\":\"WebPage\",\"@id\":\"https:\/\/kgerad.de\/produkt\/poc-column-vpd-backpack-13l-protektor-rucksack\/\",\"url\":\"https:\/\/kgerad.de\/produkt\/poc-column-vpd-backpack-13l-protektor-rucksack\/\",\"name\":\"POC Column VPD Backpack 13L - Protektor Rucksack\",\"isPartOf\":{\"@id\":\"https:\/\/kgerad.de\/#website\"},\"primaryImageOfPage\":{\"@id\":\"https:\/\/kgerad.de\/produkt\/poc-column-vpd-backpack-13l-protektor-rucksack\/#primaryimage\"},\"image\":{\"@id\":\"https:\/\/kgerad.de\/produkt\/poc-column-vpd-backpack-13l-protektor-rucksack\/#primaryimage\"},\"thumbnailUrl\":\"https:\/\/kgerad.de\/wp-content\/uploads\/2023\/06\/POC_Column_VPD_Backpack_13L_Protektor_Rucksack_Master_800x800-0.jpg\",\"datePublished\":\"2022-12-06T10:26:27+00:00\",\"dateModified\":\"2023-08-10T18:09:39+00:00\",\"description\":\"Entdecken Sie unseren Online-Fahrradladen: Gro\u00dfe Auswahl an Modellen f\u00fcr alle Radsportbegeisterten. Von Rennr\u00e4dern bis zu Mountainbikes - finden Sie heute Ihren perfekten Wegbegleiter!\",\"breadcrumb\":{\"@id\":\"https:\/\/kgerad.de\/produkt\/poc-column-vpd-backpack-13l-protektor-rucksack\/#breadcrumb\"},\"inLanguage\":\"en-US\",\"potentialAction\":[{\"@type\":\"ReadAction\",\"target\":[\"https:\/\/kgerad.de\/produkt\/poc-column-vpd-backpack-13l-protektor-rucksack\/\"]}]},{\"@type\":\"ImageObject\",\"inLanguage\":\"en-US\",\"@id\":\"https:\/\/kgerad.de\/produkt\/poc-column-vpd-backpack-13l-protektor-rucksack\/#primaryimage\",\"url\":\"https:\/\/kgerad.de\/wp-content\/uploads\/2023\/06\/POC_Column_VPD_Backpack_13L_Protektor_Rucksack_Master_800x800-0.jpg\",\"contentUrl\":\"https:\/\/kgerad.de\/wp-content\/uploads\/2023\/06\/POC_Column_VPD_Backpack_13L_Protektor_Rucksack_Master_800x800-0.jpg\",\"width\":800,\"height\":770,\"caption\":\"POC Column VPD Backpack 13L - Protektor Rucksack\"},{\"@type\":\"BreadcrumbList\",\"@id\":\"https:\/\/kgerad.de\/produkt\/poc-column-vpd-backpack-13l-protektor-rucksack\/#breadcrumb\",\"itemListElement\":[{\"@type\":\"ListItem\",\"position\":1,\"name\":\"Startseite\",\"item\":\"https:\/\/kgerad.de\/\"},{\"@type\":\"ListItem\",\"position\":2,\"name\":\"LADEN\",\"item\":\"https:\/\/kgerad.de\/laden\/\"},{\"@type\":\"ListItem\",\"position\":3,\"name\":\"POC Column VPD Backpack 13L &#8211; Protektor Rucksack\"}]},{\"@type\":\"WebSite\",\"@id\":\"https:\/\/kgerad.de\/#website\",\"url\":\"https:\/\/kgerad.de\/\",\"name\":\"kgerad.de\",\"description\":\"Treten Sie mit uns ins Abenteuer!\",\"publisher\":{\"@id\":\"https:\/\/kgerad.de\/#organization\"},\"alternateName\":\"MEIN RADLADEN\",\"potentialAction\":[{\"@type\":\"SearchAction\",\"target\":{\"@type\":\"EntryPoint\",\"urlTemplate\":\"https:\/\/kgerad.de\/?s={search_term_string}\"},\"query-input\":{\"@type\":\"PropertyValueSpecification\",\"valueRequired\":true,\"valueName\":\"search_term_string\"}}],\"inLanguage\":\"en-US\"},{\"@type\":\"Organization\",\"@id\":\"https:\/\/kgerad.de\/#organization\",\"name\":\"MEINRADLADEN\",\"alternateName\":\"MEIN RADLADEN\",\"url\":\"https:\/\/kgerad.de\/\",\"logo\":{\"@type\":\"ImageObject\",\"inLanguage\":\"en-US\",\"@id\":\"https:\/\/kgerad.de\/#\/schema\/logo\/image\/\",\"url\":\"https:\/\/kgerad.de\/wp-content\/uploads\/2025\/07\/logo-Whit.svg\",\"contentUrl\":\"https:\/\/kgerad.de\/wp-content\/uploads\/2025\/07\/logo-Whit.svg\",\"width\":1640,\"height\":371,\"caption\":\"MEINRADLADEN\"},\"image\":{\"@id\":\"https:\/\/kgerad.de\/#\/schema\/logo\/image\/\"}}]}<\/script>\n<!-- \/ Yoast SEO Premium plugin. -->","yoast_head_json":{"title":"POC Column VPD Backpack 13L - Protektor Rucksack","description":"Entdecken Sie unseren Online-Fahrradladen: Gro\u00dfe Auswahl an Modellen f\u00fcr alle Radsportbegeisterten. Von Rennr\u00e4dern bis zu Mountainbikes - finden Sie heute Ihren perfekten Wegbegleiter!","robots":{"index":"index","follow":"follow","max-snippet":"max-snippet:-1","max-image-preview":"max-image-preview:large","max-video-preview":"max-video-preview:-1"},"canonical":"https:\/\/kgerad.de\/en\/product\/poc-column-vpd-backpack-13l-protektor-rucksack\/","og_locale":"en_US","og_type":"article","og_title":"POC Column VPD Backpack 13L - Protektor Rucksack","og_description":"Entdecken Sie unseren Online-Fahrradladen: Gro\u00dfe Auswahl an Modellen f\u00fcr alle Radsportbegeisterten. Von Rennr\u00e4dern bis zu Mountainbikes - finden Sie heute Ihren perfekten Wegbegleiter!","og_url":"https:\/\/kgerad.de\/en\/product\/poc-column-vpd-backpack-13l-protektor-rucksack\/","og_site_name":"kgerad.de","article_modified_time":"2023-08-10T18:09:39+00:00","og_image":[{"width":800,"height":770,"url":"https:\/\/kgerad.de\/wp-content\/uploads\/2023\/06\/POC_Column_VPD_Backpack_13L_Protektor_Rucksack_Master_800x800-0.jpg","type":"image\/jpeg"}],"twitter_card":"summary_large_image","twitter_misc":{"Est. reading time":"2 minutes"},"schema":{"@context":"https:\/\/schema.org","@graph":[{"@type":"WebPage","@id":"https:\/\/kgerad.de\/produkt\/poc-column-vpd-backpack-13l-protektor-rucksack\/","url":"https:\/\/kgerad.de\/produkt\/poc-column-vpd-backpack-13l-protektor-rucksack\/","name":"POC Column VPD Backpack 13L - Protektor Rucksack","isPartOf":{"@id":"https:\/\/kgerad.de\/#website"},"primaryImageOfPage":{"@id":"https:\/\/kgerad.de\/produkt\/poc-column-vpd-backpack-13l-protektor-rucksack\/#primaryimage"},"image":{"@id":"https:\/\/kgerad.de\/produkt\/poc-column-vpd-backpack-13l-protektor-rucksack\/#primaryimage"},"thumbnailUrl":"https:\/\/kgerad.de\/wp-content\/uploads\/2023\/06\/POC_Column_VPD_Backpack_13L_Protektor_Rucksack_Master_800x800-0.jpg","datePublished":"2022-12-06T10:26:27+00:00","dateModified":"2023-08-10T18:09:39+00:00","description":"Entdecken Sie unseren Online-Fahrradladen: Gro\u00dfe Auswahl an Modellen f\u00fcr alle Radsportbegeisterten. Von Rennr\u00e4dern bis zu Mountainbikes - finden Sie heute Ihren perfekten Wegbegleiter!","breadcrumb":{"@id":"https:\/\/kgerad.de\/produkt\/poc-column-vpd-backpack-13l-protektor-rucksack\/#breadcrumb"},"inLanguage":"en-US","potentialAction":[{"@type":"ReadAction","target":["https:\/\/kgerad.de\/produkt\/poc-column-vpd-backpack-13l-protektor-rucksack\/"]}]},{"@type":"ImageObject","inLanguage":"en-US","@id":"https:\/\/kgerad.de\/produkt\/poc-column-vpd-backpack-13l-protektor-rucksack\/#primaryimage","url":"https:\/\/kgerad.de\/wp-content\/uploads\/2023\/06\/POC_Column_VPD_Backpack_13L_Protektor_Rucksack_Master_800x800-0.jpg","contentUrl":"https:\/\/kgerad.de\/wp-content\/uploads\/2023\/06\/POC_Column_VPD_Backpack_13L_Protektor_Rucksack_Master_800x800-0.jpg","width":800,"height":770,"caption":"POC Column VPD Backpack 13L - Protektor Rucksack"},{"@type":"BreadcrumbList","@id":"https:\/\/kgerad.de\/produkt\/poc-column-vpd-backpack-13l-protektor-rucksack\/#breadcrumb","itemListElement":[{"@type":"ListItem","position":1,"name":"Startseite","item":"https:\/\/kgerad.de\/"},{"@type":"ListItem","position":2,"name":"LADEN","item":"https:\/\/kgerad.de\/laden\/"},{"@type":"ListItem","position":3,"name":"POC Column VPD Backpack 13L &#8211; Protektor Rucksack"}]},{"@type":"WebSite","@id":"https:\/\/kgerad.de\/#website","url":"https:\/\/kgerad.de\/","name":"kgerad.de","description":"Treten Sie mit uns ins Abenteuer!","publisher":{"@id":"https:\/\/kgerad.de\/#organization"},"alternateName":"MEIN RADLADEN","potentialAction":[{"@type":"SearchAction","target":{"@type":"EntryPoint","urlTemplate":"https:\/\/kgerad.de\/?s={search_term_string}"},"query-input":{"@type":"PropertyValueSpecification","valueRequired":true,"valueName":"search_term_string"}}],"inLanguage":"en-US"},{"@type":"Organization","@id":"https:\/\/kgerad.de\/#organization","name":"MEINRADLADEN","alternateName":"MEIN RADLADEN","url":"https:\/\/kgerad.de\/","logo":{"@type":"ImageObject","inLanguage":"en-US","@id":"https:\/\/kgerad.de\/#\/schema\/logo\/image\/","url":"https:\/\/kgerad.de\/wp-content\/uploads\/2025\/07\/logo-Whit.svg","contentUrl":"https:\/\/kgerad.de\/wp-content\/uploads\/2025\/07\/logo-Whit.svg","width":1640,"height":371,"caption":"MEINRADLADEN"},"image":{"@id":"https:\/\/kgerad.de\/#\/schema\/logo\/image\/"}}]}},"_links":{"self":[{"href":"https:\/\/kgerad.de\/en\/wp-json\/wp\/v2\/product\/48138","targetHints":{"allow":["GET"]}}],"collection":[{"href":"https:\/\/kgerad.de\/en\/wp-json\/wp\/v2\/product"}],"about":[{"href":"https:\/\/kgerad.de\/en\/wp-json\/wp\/v2\/types\/product"}],"replies":[{"embeddable":true,"href":"https:\/\/kgerad.de\/en\/wp-json\/wp\/v2\/comments?post=48138"}],"version-history":[{"count":1,"href":"https:\/\/kgerad.de\/en\/wp-json\/wp\/v2\/product\/48138\/revisions"}],"predecessor-version":[{"id":78787,"href":"https:\/\/kgerad.de\/en\/wp-json\/wp\/v2\/product\/48138\/revisions\/78787"}],"wp:featuredmedia":[{"embeddable":true,"href":"https:\/\/kgerad.de\/en\/wp-json\/wp\/v2\/media\/64543"}],"wp:attachment":[{"href":"https:\/\/kgerad.de\/en\/wp-json\/wp\/v2\/media?parent=48138"}],"wp:term":[{"taxonomy":"product_brand","embeddable":true,"href":"https:\/\/kgerad.de\/en\/wp-json\/wp\/v2\/product_brand?post=48138"},{"taxonomy":"product_cat","embeddable":true,"href":"https:\/\/kgerad.de\/en\/wp-json\/wp\/v2\/product_cat?post=48138"},{"taxonomy":"product_tag","embeddable":true,"href":"https:\/\/kgerad.de\/en\/wp-json\/wp\/v2\/product_tag?post=48138"}],"curies":[{"name":"wp","href":"https:\/\/api.w.org\/{rel}","templated":true}]}}