{"id":48082,"date":"2022-12-06T10:51:28","date_gmt":"2022-12-06T09:51:28","guid":{"rendered":"https:\/\/kgerad.de\/?post_type=product&#038;p=48082"},"modified":"2023-08-10T20:10:57","modified_gmt":"2023-08-10T18:10:57","slug":"evoc-trail-pro-26l-protektor-rucksack","status":"publish","type":"product","link":"https:\/\/kgerad.de\/en\/product\/evoc-trail-pro-26l-protektor-rucksack\/","title":{"rendered":"Evoc Trail Pro 26L &#8211; Protektor Rucksack"},"content":{"rendered":"<div class=\"product--headername\">\n<h2 class=\"product--title\"><strong>Evoc<\/strong> Trail Pro 26L &#8211; Protektor Rucksack<\/h2>\n<\/div>\n<p>Mit dem Launch Evoc Trail Pro 26L E-RIDE, l\u00e4utert <a href=\"http:\/\/1-1\">Evoc<\/a> f\u00fcr ihre FR Serie eine neu \u00c4ra ein: R\u00fcckenschutz mit allen Features, die man f\u00fcr\u00b4s E-Mountainbiking ben\u00f6tigt. F\u00fcr das neue E-Mountainbiking-Segment hat Evoc Erfahrung in der Entwicklung durchdachter Rucksackdesigns mit Fokus auf Schutzfunktion, Ergonomie, Bel\u00fcftung, Organisation, Tragesysteme und Qualit\u00e4t auf die Konzeption eines speziellen Rucksacks f\u00fcr das Mountainbiken mit elektrischer Unterst\u00fctzung verwendet.<\/p>\n<hr \/>\n<h3>Produktdetails &#8211; FR Trail E-Ride 20l<\/h3>\n<ul>\n<li>LITESHIELD BACK PROTECTOR mit 95% Schockabsorption<\/li>\n<li>Separates, zentral positioniertes, optimal gepolstertes<\/li>\n<li>Akkufach mit bombensicherem Fixierungssystem<\/li>\n<li>Gurtfixierung f\u00fcr ein Ladeger\u00e4t<\/li>\n<li>Fach f\u00fcrs Kontrolldisplay (mit Fleece gef\u00fcttert)<\/li>\n<li>Passend f\u00fcr die meisten folgender Akkus: BOSCH, YAMAHA, SHIMANO, FAZUA<\/li>\n<li>Maximale Gr\u00f6\u00dfe des Akkus: L\u00e4nge: 420mm, Tiefe: 100mm und Breite: 100mm<\/li>\n<li>2 Step Zip System<\/li>\n<li>Air Circulation<\/li>\n<li>Airo Flex<\/li>\n<li>Backlight Clip<\/li>\n<li>Fach f\u00fcr Mobiltelefon<\/li>\n<li>Hydration Clip<\/li>\n<li>Trinksystemaufnahme<\/li>\n<li>Schl\u00fcsselclip<\/li>\n<li>Liteshield System Air<\/li>\n<li>Liteshield Back Protector<\/li>\n<li>Kartenfach<\/li>\n<li>Regenh\u00fclle<\/li>\n<li>Signal Pfeiffe<\/li>\n<li>Brillenfach<\/li>\n<li>XC\/DH Helmhalterung<\/li>\n<li>Werkzeugfach<\/li>\n<li><strong>Volumen:<\/strong>\u00a020L<\/li>\n<li><strong>Gewicht:<\/strong>\u00a01500 g<\/li>\n<li><strong>Ma\u00dfe:<\/strong>\u00a027x56x14 cm<\/li>\n<\/ul>\n<hr \/>\n<h3>Technologien<\/h3>\n<p><strong>Liteshield Back Protector<\/strong><br \/>\nDer EVOC LITESHIELD BACK PROTECTOR kombiniert maximalen Aufprallschutz mit einer federleichten, sehr effektiven Konstruktion und jeder Menge Flexibilit\u00e4t. Gleichzeitig ist er absolut Temperatur unempfindlich. Wie die meisten Sporthelmhersteller arbeitet Evoc mit einer EPS Konstruktion, die bei ihnen aber durch einen segmentierten Schichtaufbau den speziellen Erfordernissen beim R\u00fcckenschutz angepasst ist. Neben seinen herausragenden D\u00e4mpfungseigenschaften k\u00f6nnen Sturzsch\u00e4den bei diesem Protektionskonzept sofort erkannt und der Protektor einzeln ausgetauscht werden.<\/p>\n<p><strong>Liteshield System<\/strong><br \/>\nHerzst\u00fcck des Protektorrucksacksystems ist der extrabreite, ergonomisch geformte Neopren-H\u00fcftgurt mit Klettverschluss und einer gro\u00dfen Heavy-Duty-Schnalle, der die Hauptlast auf die H\u00fcfte \u00fcbertr\u00e4gt und damit genau am K\u00f6rperschwerpunkt ansetzt. Die ergonomisch geschnittenen Schultergurte halten den Rucksack dabei komfortabel genau in der vordefinierten R\u00fcckenschutzposition. Die f\u00fcr einen R\u00fcckenprotektor notwendige K\u00f6rpern\u00e4he wird durch den Einsatz von Air-Mesh-Elementen, EVA-Polstern mit Bel\u00fcftungsl\u00f6chern und einem gro\u00dfen Bel\u00fcftungskanal in der Mitte f\u00fcr maximale Bel\u00fcftung gew\u00e4hrleistet.<\/p>\n<p><strong>Air Circulation<\/strong><br \/>\nAIR CIRCULATION kommt bei allen Evoc Rucks\u00e4cken zum Einsatz, da es auch bei hoher Anstrengung und Schwei\u00dfbildung eine optimale Bel\u00fcftung gew\u00e4hrleistet und simultan das Ausk\u00fchlen der empfindlichen Nierenpartie verhindert. Eine stetige, freie Luftzirkulation wird durch den vertikal gef\u00fchrten Luftkanal gew\u00e4hrleistet. \u00dcber seitliche Aussparungen entlang des Kanals kann zus\u00e4tzlich Luft abflie\u00dfen. Dar\u00fcber hinaus wurde die Polsterung in den seitlichen R\u00fcckenbereichen reduziert, um den Luftabfluss weiter zu optimieren.<\/p>\n<p><strong>Airo Flex<\/strong><br \/>\nAIRO FLEX bezeichnet ein extrem stabiles Gewebe, das ebenso luftdurchl\u00e4ssig, wie flexibel ist. Es kommt bei den hochwertigsten H\u00fcftgurten zum Einsatz und sorgt f\u00fcr optimale Last\u00fcbertragung auf die H\u00fcfte bei gleichzeitig maximaler Bel\u00fcftung \u2013 f\u00fcr h\u00f6chsten Tragekomfort.<\/p>\n<hr \/>\n<h3>Material<\/h3>\n<p><strong>3D AIR MESH<\/strong><br \/>\nDieses dreidimensional strukturierte Gewebe mit unterschiedlichen Fadenst\u00e4rken (P75D*30D) bietet optimale Bel\u00fcftungs- und Polstereigenschaften f\u00fcr R\u00fcckenteile und Schultergurte.<\/p>\n<p><strong>AIR MESH<\/strong><br \/>\nAir Mesh ist mit Poren-\u00e4hnlichen Durchdringungen versehen, die eine optimale Luftzirkulation erm\u00f6glichen. Die feine Struktur verhindert jedoch die Aufnahme von Feuchtigkeit. Diese Eigenschaft macht es zum perfekten Obermaterial f\u00fcr die R\u00fcckenteile unserer Rucks\u00e4cke.<\/p>\n<p><strong>N210 D RIPSTOP PU COATED<\/strong><br \/>\nDie Anforderungen an das perfekte Au\u00dfenmaterial f\u00fcr Rucks\u00e4cke kann man in vier Eigenschaften zusammenfassen: haltbar, abriebfest, wasserabweisend und leicht. Genau das ist es, was Nylon 210\/D Ripstop bietet. Eine vierfache PU-Beschichtung des leichten Nylon Grundstoffs sorgt f\u00fcr Feuchtigkeitsschutz und Abriebfestigkeit. Ein Mikrogewebe aus Fasern unterteilt das Grundmaterial in quadratische Segmente um die Ausweitung von Rissen zu verhindern \u2013 daher der Name Ripstop.<\/p>\n<p><strong>P600 D PU COATED<\/strong><br \/>\nEin sehr robustes Gewebe f\u00fcr Bereiche, die hoher Abnutzung ausgesetzt sind. Dazu ist es rei\u00dffest und leicht und nimmt nahezu keine Feuchtigkeit auf. In Kombination dieser Eigenschaften ist es das optimale Material f\u00fcr hoch beanspruchte Taschen oder die B\u00f6den von Taschen und Rucks\u00e4cken.<\/p>\n<hr \/>\n<h3>FR TRAIL \/\/ 20l<\/h3>\n<p><iframe src=\"https:\/\/player.vimeo.com\/video\/263510688\" width=\"640\" height=\"360\" frameborder=\"0\" allowfullscreen=\"allowfullscreen\" data-mce-fragment=\"1\"><\/iframe><\/p>","protected":false},"excerpt":{"rendered":"<p>Evoc Trail Pro 26L &#8211; Protektor Rucksack Mit dem Launch Evoc Trail Pro 26L E-RIDE, l\u00e4utert Evoc f\u00fcr ihre FR<\/p>","protected":false},"featured_media":64517,"comment_status":"open","ping_status":"closed","template":"","meta":[],"product_brand":[],"product_cat":[599,573],"product_tag":[],"class_list":{"0":"post-48082","1":"product","2":"type-product","3":"status-publish","4":"has-post-thumbnail","6":"product_cat-rucksack-trinksysteme","7":"product_cat-zubehor","8":"pa_marke-ev0c","10":"first","11":"instock","12":"sale","13":"taxable","14":"shipping-taxable","15":"purchasable","16":"product-type-simple"},"yoast_head":"<!-- This site is optimized with the Yoast SEO Premium plugin v20.12 (Yoast SEO v27.1.1) - https:\/\/yoast.com\/product\/yoast-seo-premium-wordpress\/ -->\n<title>Evoc Trail Pro 26L - Protektor Rucksack<\/title>\n<meta name=\"description\" content=\"Entdecken Sie unseren Online-Fahrradladen: Gro\u00dfe Auswahl an Modellen f\u00fcr alle Radsportbegeisterten. Von Rennr\u00e4dern bis zu Mountainbikes - finden Sie heute Ihren perfekten Wegbegleiter!\" \/>\n<meta name=\"robots\" content=\"index, follow, max-snippet:-1, max-image-preview:large, max-video-preview:-1\" \/>\n<link rel=\"canonical\" href=\"https:\/\/kgerad.de\/en\/product\/evoc-trail-pro-26l-protektor-rucksack\/\" \/>\n<meta property=\"og:locale\" content=\"en_US\" \/>\n<meta property=\"og:type\" content=\"article\" \/>\n<meta property=\"og:title\" content=\"Evoc Trail Pro 26L - Protektor Rucksack\" \/>\n<meta property=\"og:description\" content=\"Entdecken Sie unseren Online-Fahrradladen: Gro\u00dfe Auswahl an Modellen f\u00fcr alle Radsportbegeisterten. Von Rennr\u00e4dern bis zu Mountainbikes - finden Sie heute Ihren perfekten Wegbegleiter!\" \/>\n<meta property=\"og:url\" content=\"https:\/\/kgerad.de\/en\/product\/evoc-trail-pro-26l-protektor-rucksack\/\" \/>\n<meta property=\"og:site_name\" content=\"kgerad.de\" \/>\n<meta property=\"article:modified_time\" content=\"2023-08-10T18:10:57+00:00\" \/>\n<meta property=\"og:image\" content=\"https:\/\/kgerad.de\/wp-content\/uploads\/2023\/06\/100114100-FR-TRAIL-E-RIDE-big_800x800-0.jpg\" \/>\n\t<meta property=\"og:image:width\" content=\"529\" \/>\n\t<meta property=\"og:image:height\" content=\"800\" \/>\n\t<meta property=\"og:image:type\" content=\"image\/jpeg\" \/>\n<meta name=\"twitter:card\" content=\"summary_large_image\" \/>\n<meta name=\"twitter:label1\" content=\"Est. reading time\" \/>\n\t<meta name=\"twitter:data1\" content=\"4 minutes\" \/>\n<script type=\"application\/ld+json\" class=\"yoast-schema-graph\">{\"@context\":\"https:\/\/schema.org\",\"@graph\":[{\"@type\":\"WebPage\",\"@id\":\"https:\/\/kgerad.de\/produkt\/evoc-trail-pro-26l-protektor-rucksack\/\",\"url\":\"https:\/\/kgerad.de\/produkt\/evoc-trail-pro-26l-protektor-rucksack\/\",\"name\":\"Evoc Trail Pro 26L - Protektor Rucksack\",\"isPartOf\":{\"@id\":\"https:\/\/kgerad.de\/#website\"},\"primaryImageOfPage\":{\"@id\":\"https:\/\/kgerad.de\/produkt\/evoc-trail-pro-26l-protektor-rucksack\/#primaryimage\"},\"image\":{\"@id\":\"https:\/\/kgerad.de\/produkt\/evoc-trail-pro-26l-protektor-rucksack\/#primaryimage\"},\"thumbnailUrl\":\"https:\/\/kgerad.de\/wp-content\/uploads\/2023\/06\/100114100-FR-TRAIL-E-RIDE-big_800x800-0.jpg\",\"datePublished\":\"2022-12-06T09:51:28+00:00\",\"dateModified\":\"2023-08-10T18:10:57+00:00\",\"description\":\"Entdecken Sie unseren Online-Fahrradladen: Gro\u00dfe Auswahl an Modellen f\u00fcr alle Radsportbegeisterten. Von Rennr\u00e4dern bis zu Mountainbikes - finden Sie heute Ihren perfekten Wegbegleiter!\",\"breadcrumb\":{\"@id\":\"https:\/\/kgerad.de\/produkt\/evoc-trail-pro-26l-protektor-rucksack\/#breadcrumb\"},\"inLanguage\":\"en-US\",\"potentialAction\":[{\"@type\":\"ReadAction\",\"target\":[\"https:\/\/kgerad.de\/produkt\/evoc-trail-pro-26l-protektor-rucksack\/\"]}]},{\"@type\":\"ImageObject\",\"inLanguage\":\"en-US\",\"@id\":\"https:\/\/kgerad.de\/produkt\/evoc-trail-pro-26l-protektor-rucksack\/#primaryimage\",\"url\":\"https:\/\/kgerad.de\/wp-content\/uploads\/2023\/06\/100114100-FR-TRAIL-E-RIDE-big_800x800-0.jpg\",\"contentUrl\":\"https:\/\/kgerad.de\/wp-content\/uploads\/2023\/06\/100114100-FR-TRAIL-E-RIDE-big_800x800-0.jpg\",\"width\":529,\"height\":800,\"caption\":\"Evoc Trail Pro 26L - Protektor Rucksack\"},{\"@type\":\"BreadcrumbList\",\"@id\":\"https:\/\/kgerad.de\/produkt\/evoc-trail-pro-26l-protektor-rucksack\/#breadcrumb\",\"itemListElement\":[{\"@type\":\"ListItem\",\"position\":1,\"name\":\"Startseite\",\"item\":\"https:\/\/kgerad.de\/\"},{\"@type\":\"ListItem\",\"position\":2,\"name\":\"LADEN\",\"item\":\"https:\/\/kgerad.de\/laden\/\"},{\"@type\":\"ListItem\",\"position\":3,\"name\":\"Evoc Trail Pro 26L &#8211; Protektor Rucksack\"}]},{\"@type\":\"WebSite\",\"@id\":\"https:\/\/kgerad.de\/#website\",\"url\":\"https:\/\/kgerad.de\/\",\"name\":\"kgerad.de\",\"description\":\"Treten Sie mit uns ins Abenteuer!\",\"publisher\":{\"@id\":\"https:\/\/kgerad.de\/#organization\"},\"alternateName\":\"MEIN RADLADEN\",\"potentialAction\":[{\"@type\":\"SearchAction\",\"target\":{\"@type\":\"EntryPoint\",\"urlTemplate\":\"https:\/\/kgerad.de\/?s={search_term_string}\"},\"query-input\":{\"@type\":\"PropertyValueSpecification\",\"valueRequired\":true,\"valueName\":\"search_term_string\"}}],\"inLanguage\":\"en-US\"},{\"@type\":\"Organization\",\"@id\":\"https:\/\/kgerad.de\/#organization\",\"name\":\"MEINRADLADEN\",\"alternateName\":\"MEIN RADLADEN\",\"url\":\"https:\/\/kgerad.de\/\",\"logo\":{\"@type\":\"ImageObject\",\"inLanguage\":\"en-US\",\"@id\":\"https:\/\/kgerad.de\/#\/schema\/logo\/image\/\",\"url\":\"https:\/\/kgerad.de\/wp-content\/uploads\/2025\/07\/logo-Whit.svg\",\"contentUrl\":\"https:\/\/kgerad.de\/wp-content\/uploads\/2025\/07\/logo-Whit.svg\",\"width\":1640,\"height\":371,\"caption\":\"MEINRADLADEN\"},\"image\":{\"@id\":\"https:\/\/kgerad.de\/#\/schema\/logo\/image\/\"}}]}<\/script>\n<!-- \/ Yoast SEO Premium plugin. -->","yoast_head_json":{"title":"Evoc Trail Pro 26L - Protektor Rucksack","description":"Entdecken Sie unseren Online-Fahrradladen: Gro\u00dfe Auswahl an Modellen f\u00fcr alle Radsportbegeisterten. Von Rennr\u00e4dern bis zu Mountainbikes - finden Sie heute Ihren perfekten Wegbegleiter!","robots":{"index":"index","follow":"follow","max-snippet":"max-snippet:-1","max-image-preview":"max-image-preview:large","max-video-preview":"max-video-preview:-1"},"canonical":"https:\/\/kgerad.de\/en\/product\/evoc-trail-pro-26l-protektor-rucksack\/","og_locale":"en_US","og_type":"article","og_title":"Evoc Trail Pro 26L - Protektor Rucksack","og_description":"Entdecken Sie unseren Online-Fahrradladen: Gro\u00dfe Auswahl an Modellen f\u00fcr alle Radsportbegeisterten. Von Rennr\u00e4dern bis zu Mountainbikes - finden Sie heute Ihren perfekten Wegbegleiter!","og_url":"https:\/\/kgerad.de\/en\/product\/evoc-trail-pro-26l-protektor-rucksack\/","og_site_name":"kgerad.de","article_modified_time":"2023-08-10T18:10:57+00:00","og_image":[{"width":529,"height":800,"url":"https:\/\/kgerad.de\/wp-content\/uploads\/2023\/06\/100114100-FR-TRAIL-E-RIDE-big_800x800-0.jpg","type":"image\/jpeg"}],"twitter_card":"summary_large_image","twitter_misc":{"Est. reading time":"4 minutes"},"schema":{"@context":"https:\/\/schema.org","@graph":[{"@type":"WebPage","@id":"https:\/\/kgerad.de\/produkt\/evoc-trail-pro-26l-protektor-rucksack\/","url":"https:\/\/kgerad.de\/produkt\/evoc-trail-pro-26l-protektor-rucksack\/","name":"Evoc Trail Pro 26L - Protektor Rucksack","isPartOf":{"@id":"https:\/\/kgerad.de\/#website"},"primaryImageOfPage":{"@id":"https:\/\/kgerad.de\/produkt\/evoc-trail-pro-26l-protektor-rucksack\/#primaryimage"},"image":{"@id":"https:\/\/kgerad.de\/produkt\/evoc-trail-pro-26l-protektor-rucksack\/#primaryimage"},"thumbnailUrl":"https:\/\/kgerad.de\/wp-content\/uploads\/2023\/06\/100114100-FR-TRAIL-E-RIDE-big_800x800-0.jpg","datePublished":"2022-12-06T09:51:28+00:00","dateModified":"2023-08-10T18:10:57+00:00","description":"Entdecken Sie unseren Online-Fahrradladen: Gro\u00dfe Auswahl an Modellen f\u00fcr alle Radsportbegeisterten. Von Rennr\u00e4dern bis zu Mountainbikes - finden Sie heute Ihren perfekten Wegbegleiter!","breadcrumb":{"@id":"https:\/\/kgerad.de\/produkt\/evoc-trail-pro-26l-protektor-rucksack\/#breadcrumb"},"inLanguage":"en-US","potentialAction":[{"@type":"ReadAction","target":["https:\/\/kgerad.de\/produkt\/evoc-trail-pro-26l-protektor-rucksack\/"]}]},{"@type":"ImageObject","inLanguage":"en-US","@id":"https:\/\/kgerad.de\/produkt\/evoc-trail-pro-26l-protektor-rucksack\/#primaryimage","url":"https:\/\/kgerad.de\/wp-content\/uploads\/2023\/06\/100114100-FR-TRAIL-E-RIDE-big_800x800-0.jpg","contentUrl":"https:\/\/kgerad.de\/wp-content\/uploads\/2023\/06\/100114100-FR-TRAIL-E-RIDE-big_800x800-0.jpg","width":529,"height":800,"caption":"Evoc Trail Pro 26L - Protektor Rucksack"},{"@type":"BreadcrumbList","@id":"https:\/\/kgerad.de\/produkt\/evoc-trail-pro-26l-protektor-rucksack\/#breadcrumb","itemListElement":[{"@type":"ListItem","position":1,"name":"Startseite","item":"https:\/\/kgerad.de\/"},{"@type":"ListItem","position":2,"name":"LADEN","item":"https:\/\/kgerad.de\/laden\/"},{"@type":"ListItem","position":3,"name":"Evoc Trail Pro 26L &#8211; Protektor Rucksack"}]},{"@type":"WebSite","@id":"https:\/\/kgerad.de\/#website","url":"https:\/\/kgerad.de\/","name":"kgerad.de","description":"Treten Sie mit uns ins Abenteuer!","publisher":{"@id":"https:\/\/kgerad.de\/#organization"},"alternateName":"MEIN RADLADEN","potentialAction":[{"@type":"SearchAction","target":{"@type":"EntryPoint","urlTemplate":"https:\/\/kgerad.de\/?s={search_term_string}"},"query-input":{"@type":"PropertyValueSpecification","valueRequired":true,"valueName":"search_term_string"}}],"inLanguage":"en-US"},{"@type":"Organization","@id":"https:\/\/kgerad.de\/#organization","name":"MEINRADLADEN","alternateName":"MEIN RADLADEN","url":"https:\/\/kgerad.de\/","logo":{"@type":"ImageObject","inLanguage":"en-US","@id":"https:\/\/kgerad.de\/#\/schema\/logo\/image\/","url":"https:\/\/kgerad.de\/wp-content\/uploads\/2025\/07\/logo-Whit.svg","contentUrl":"https:\/\/kgerad.de\/wp-content\/uploads\/2025\/07\/logo-Whit.svg","width":1640,"height":371,"caption":"MEINRADLADEN"},"image":{"@id":"https:\/\/kgerad.de\/#\/schema\/logo\/image\/"}}]}},"_links":{"self":[{"href":"https:\/\/kgerad.de\/en\/wp-json\/wp\/v2\/product\/48082","targetHints":{"allow":["GET"]}}],"collection":[{"href":"https:\/\/kgerad.de\/en\/wp-json\/wp\/v2\/product"}],"about":[{"href":"https:\/\/kgerad.de\/en\/wp-json\/wp\/v2\/types\/product"}],"replies":[{"embeddable":true,"href":"https:\/\/kgerad.de\/en\/wp-json\/wp\/v2\/comments?post=48082"}],"version-history":[{"count":1,"href":"https:\/\/kgerad.de\/en\/wp-json\/wp\/v2\/product\/48082\/revisions"}],"predecessor-version":[{"id":78792,"href":"https:\/\/kgerad.de\/en\/wp-json\/wp\/v2\/product\/48082\/revisions\/78792"}],"wp:featuredmedia":[{"embeddable":true,"href":"https:\/\/kgerad.de\/en\/wp-json\/wp\/v2\/media\/64517"}],"wp:attachment":[{"href":"https:\/\/kgerad.de\/en\/wp-json\/wp\/v2\/media?parent=48082"}],"wp:term":[{"taxonomy":"product_brand","embeddable":true,"href":"https:\/\/kgerad.de\/en\/wp-json\/wp\/v2\/product_brand?post=48082"},{"taxonomy":"product_cat","embeddable":true,"href":"https:\/\/kgerad.de\/en\/wp-json\/wp\/v2\/product_cat?post=48082"},{"taxonomy":"product_tag","embeddable":true,"href":"https:\/\/kgerad.de\/en\/wp-json\/wp\/v2\/product_tag?post=48082"}],"curies":[{"name":"wp","href":"https:\/\/api.w.org\/{rel}","templated":true}]}}