{"id":48063,"date":"2022-12-06T10:37:57","date_gmt":"2022-12-06T09:37:57","guid":{"rendered":"https:\/\/kgerad.de\/?post_type=product&#038;p=48063"},"modified":"2023-08-10T20:11:14","modified_gmt":"2023-08-10T18:11:14","slug":"deuter-attack-20-protektor-rucksack","status":"publish","type":"product","link":"https:\/\/kgerad.de\/en\/product\/deuter-attack-20-protektor-rucksack\/","title":{"rendered":"Deuter Attack 20 &#8211; Protektor-Rucksack"},"content":{"rendered":"<h2 class=\"product--title\"><strong>deuter<\/strong>\u00a0Attack 20 &#8211; Protektor-Rucksack<\/h2>\n<p>Der T\u00dcV\/GS zertifizierte Deuter Attack 20 deuter <a href=\"http:\/\/1-1\">Attack<\/a> bietet besten Schutz f\u00fcr ambitionierte Biker auf anspruchsvollen Trails. Der R\u00fcckenprotektor ist herausnehmbar und nimmt nach Deformation seine urspr\u00fcngliche Form wieder an. Zusammen mit dem Tragesystem bildet er einen Aufprallschutz, der dem Standard f\u00fcr Motorradfahrer entspricht.<\/p>\n<p>Zudem bleibt der Bike-Rucksack dank des hohen H\u00fcftflossen-Ansatzes auch auf ruppigen Abfahrten fest am R\u00fccken. Tragepassagen erleichtert der Carrying Guard und bei schwei\u00dftreibenden Auffahrten sind Helm und Protektoren ganz einfach au\u00dfen am Rucksack zu befestigen.<\/p>\n<hr \/>\n<h3>Features &#8211; deuter Attack 20<\/h3>\n<ul>\n<li>R\u00fcckenprotektor<\/li>\n<li>Lageverstellriemen<\/li>\n<li>Verstellbarer Brustgurt<\/li>\n<li>Brillenhalterung<\/li>\n<li>Smartphone Tasche<\/li>\n<li>Regenh\u00fclle<\/li>\n<li>Pull-Forward H\u00fcftflossen<\/li>\n<li>Carrying Guard<\/li>\n<li>Organizer<\/li>\n<li>Luftpumpenfach<\/li>\n<li>SOS-Label<\/li>\n<li>Au\u00dfentaschen (2)<\/li>\n<li>Verstaubares Flap<\/li>\n<li>T\u00dcV-gepr\u00fcft<\/li>\n<li>Kontaktr\u00fccken<\/li>\n<li>Kompatibel mit 3.0-Liter Trinksystem\/-blase (nicht im Lieferumfang enthalten)<\/li>\n<\/ul>\n<h3>Produkteigenschaften<\/h3>\n<ul>\n<li><b>Gr\u00f6\u00dfe:<\/b>\u00a050 \/ 28 \/ 20 (H x B x T) cm<\/li>\n<li><b>Volumen:<\/b>\u00a020 Liter<\/li>\n<\/ul>\n<h3>Passend f\u00fcr<\/h3>\n<ul>\n<li><b>R\u00fcckenl\u00e4nge:<\/b>\u00a044 &#8211; 54 cm<\/li>\n<li><b>K\u00f6rpergr\u00f6\u00dfe:<\/b>\u00a0170 &#8211; 195 cm<\/li>\n<\/ul>\n<h3>Material<\/h3>\n<ul>\n<li>600D PES COAT<\/li>\n<li>225D PES RIPSTOP<\/li>\n<\/ul>\n<h3>Farbe (Variante w\u00e4hlen)<\/h3>\n<ul>\n<li>khaki-turmeric<\/li>\n<li>graphite-shale<\/li>\n<li>redwood-marine<\/li>\n<\/ul>\n<h3>Gewicht<\/h3>\n<ul>\n<li>1550 g (Herstellerangabe)<\/li>\n<\/ul>\n<hr \/>\n<h3>Lieferumfang<\/h3>\n<ul>\n<li>1 x Attack 20<\/li>\n<\/ul>\n<p><em>Trinkblase ist nicht im Lieferumfang enthalten!<\/em><\/p>\n<hr \/>\n<h3>Technologie<\/h3>\n<p><strong>Kontaktr\u00fccken<\/strong><br \/>\nDu w\u00fcnscht dir einen nah anliegenden Rucksack, der sich auch mit viel Gep\u00e4ck einfach tragen l\u00e4sst? Dann ist der Kontaktr\u00fccken genau der Richtige f\u00fcr dich. Am leichtesten lassen sich hohe Lasten komfortabel tragen, wenn Rucksack und Tr\u00e4ger eine Einheit bilden. Deuters Kontakt-Tragesystem h\u00e4lt das Gewicht nah am K\u00f6rperschwerpunkt. Das garantiert volle Kontrolle und effektive Last\u00fcbertragung \u2013 auch in anspruchsvollem Gel\u00e4nde.<\/p>\n<p><strong>T\u00dcV<\/strong><br \/>\nBekannt von Haushaltsger\u00e4ten, Werk- oder Spielzeug: Das f\u00fcr Hersteller freiwillige Pr\u00fcfzeichen &#8222;GS&#8220; steht f\u00fcr &#8222;Gepr\u00fcfte Sicherheit&#8220; nach den Anforderungen des Produktsicherheitsgesetzes. Es bescheinigt Produkten, dass bei sachgem\u00e4\u00dfer Verwendung keine Gefahren f\u00fcr den Benutzer drohen. Die Einhaltung wird von unabh\u00e4ngigen Pr\u00fcfunternehmen wie T\u00dcV S\u00dcD \u00fcberpr\u00fcft.<\/p>\n<hr \/>\n<h3>The new deuter Attack series<\/h3>\n<p><iframe title=\"YouTube video player\" src=\"https:\/\/www.youtube-nocookie.com\/embed\/bcQvXg7Xzuw\" width=\"640\" height=\"360\" frameborder=\"0\" allowfullscreen=\"allowfullscreen\" data-mce-fragment=\"1\"><\/iframe><\/p>\n<h2 class=\"product--rating-container\"><\/h2>","protected":false},"excerpt":{"rendered":"<p>deuter\u00a0Attack 20 &#8211; Protektor-Rucksack Der T\u00dcV\/GS zertifizierte Deuter Attack 20 deuter Attack bietet besten Schutz f\u00fcr ambitionierte Biker auf anspruchsvollen<\/p>","protected":false},"featured_media":64503,"comment_status":"open","ping_status":"closed","template":"","meta":[],"product_brand":[],"product_cat":[599,573],"product_tag":[],"class_list":{"0":"post-48063","1":"product","2":"type-product","3":"status-publish","4":"has-post-thumbnail","6":"product_cat-rucksack-trinksysteme","7":"product_cat-zubehor","8":"pa_marke-deuter","10":"first","11":"instock","12":"sale","13":"taxable","14":"shipping-taxable","15":"purchasable","16":"product-type-variable"},"yoast_head":"<!-- This site is optimized with the Yoast SEO Premium plugin v20.12 (Yoast SEO v27.1.1) - https:\/\/yoast.com\/product\/yoast-seo-premium-wordpress\/ -->\n<title>Deuter Attack 20 - Protektor-Rucksack<\/title>\n<meta name=\"description\" content=\"kgerad.de bietet Ihnen das Deuter Attack 20 - Protektor-Rucksack zum besten Preis mit kostenlosem Versand in ganz EuropaDeuter Attack 20Deuter Attack 20\" \/>\n<meta name=\"robots\" content=\"index, follow, max-snippet:-1, max-image-preview:large, max-video-preview:-1\" \/>\n<link rel=\"canonical\" href=\"https:\/\/kgerad.de\/en\/product\/deuter-attack-20-protektor-rucksack\/\" \/>\n<meta property=\"og:locale\" content=\"en_US\" \/>\n<meta property=\"og:type\" content=\"article\" \/>\n<meta property=\"og:title\" content=\"Deuter Attack 20 - Protektor-Rucksack\" \/>\n<meta property=\"og:description\" content=\"Entdecken Sie unseren Online-Fahrradladen: Gro\u00dfe Auswahl an Modellen f\u00fcr alle Radsportbegeisterten. Von Rennr\u00e4dern bis zu Mountainbikes - finden Sie heute Ihren perfekten Wegbegleiter!\" \/>\n<meta property=\"og:url\" content=\"https:\/\/kgerad.de\/en\/product\/deuter-attack-20-protektor-rucksack\/\" \/>\n<meta property=\"og:site_name\" content=\"kgerad.de\" \/>\n<meta property=\"article:modified_time\" content=\"2023-08-10T18:11:14+00:00\" \/>\n<meta property=\"og:image\" content=\"https:\/\/kgerad.de\/wp-content\/uploads\/2023\/06\/deuter-attack_20-3210321-01_800x800-0.jpg\" \/>\n\t<meta property=\"og:image:width\" content=\"800\" \/>\n\t<meta property=\"og:image:height\" content=\"686\" \/>\n\t<meta property=\"og:image:type\" content=\"image\/jpeg\" \/>\n<meta name=\"twitter:card\" content=\"summary_large_image\" \/>\n<meta name=\"twitter:label1\" content=\"Est. reading time\" \/>\n\t<meta name=\"twitter:data1\" content=\"2 minutes\" \/>\n<script type=\"application\/ld+json\" class=\"yoast-schema-graph\">{\"@context\":\"https:\/\/schema.org\",\"@graph\":[{\"@type\":\"WebPage\",\"@id\":\"https:\/\/kgerad.de\/produkt\/deuter-attack-20-protektor-rucksack\/\",\"url\":\"https:\/\/kgerad.de\/produkt\/deuter-attack-20-protektor-rucksack\/\",\"name\":\"Deuter Attack 20 - Protektor-Rucksack\",\"isPartOf\":{\"@id\":\"https:\/\/kgerad.de\/#website\"},\"primaryImageOfPage\":{\"@id\":\"https:\/\/kgerad.de\/produkt\/deuter-attack-20-protektor-rucksack\/#primaryimage\"},\"image\":{\"@id\":\"https:\/\/kgerad.de\/produkt\/deuter-attack-20-protektor-rucksack\/#primaryimage\"},\"thumbnailUrl\":\"https:\/\/kgerad.de\/wp-content\/uploads\/2023\/06\/deuter-attack_20-3210321-01_800x800-0.jpg\",\"datePublished\":\"2022-12-06T09:37:57+00:00\",\"dateModified\":\"2023-08-10T18:11:14+00:00\",\"description\":\"kgerad.de bietet Ihnen das Deuter Attack 20 - Protektor-Rucksack zum besten Preis mit kostenlosem Versand in ganz EuropaDeuter Attack 20Deuter Attack 20\",\"breadcrumb\":{\"@id\":\"https:\/\/kgerad.de\/produkt\/deuter-attack-20-protektor-rucksack\/#breadcrumb\"},\"inLanguage\":\"en-US\",\"potentialAction\":[{\"@type\":\"ReadAction\",\"target\":[\"https:\/\/kgerad.de\/produkt\/deuter-attack-20-protektor-rucksack\/\"]}]},{\"@type\":\"ImageObject\",\"inLanguage\":\"en-US\",\"@id\":\"https:\/\/kgerad.de\/produkt\/deuter-attack-20-protektor-rucksack\/#primaryimage\",\"url\":\"https:\/\/kgerad.de\/wp-content\/uploads\/2023\/06\/deuter-attack_20-3210321-01_800x800-0.jpg\",\"contentUrl\":\"https:\/\/kgerad.de\/wp-content\/uploads\/2023\/06\/deuter-attack_20-3210321-01_800x800-0.jpg\",\"width\":800,\"height\":686,\"caption\":\"Deuter Attack 20 - Protektor-Rucksack\"},{\"@type\":\"BreadcrumbList\",\"@id\":\"https:\/\/kgerad.de\/produkt\/deuter-attack-20-protektor-rucksack\/#breadcrumb\",\"itemListElement\":[{\"@type\":\"ListItem\",\"position\":1,\"name\":\"Startseite\",\"item\":\"https:\/\/kgerad.de\/\"},{\"@type\":\"ListItem\",\"position\":2,\"name\":\"LADEN\",\"item\":\"https:\/\/kgerad.de\/laden\/\"},{\"@type\":\"ListItem\",\"position\":3,\"name\":\"Deuter Attack 20 &#8211; Protektor-Rucksack\"}]},{\"@type\":\"WebSite\",\"@id\":\"https:\/\/kgerad.de\/#website\",\"url\":\"https:\/\/kgerad.de\/\",\"name\":\"kgerad.de\",\"description\":\"Treten Sie mit uns ins Abenteuer!\",\"publisher\":{\"@id\":\"https:\/\/kgerad.de\/#organization\"},\"alternateName\":\"MEIN RADLADEN\",\"potentialAction\":[{\"@type\":\"SearchAction\",\"target\":{\"@type\":\"EntryPoint\",\"urlTemplate\":\"https:\/\/kgerad.de\/?s={search_term_string}\"},\"query-input\":{\"@type\":\"PropertyValueSpecification\",\"valueRequired\":true,\"valueName\":\"search_term_string\"}}],\"inLanguage\":\"en-US\"},{\"@type\":\"Organization\",\"@id\":\"https:\/\/kgerad.de\/#organization\",\"name\":\"MEINRADLADEN\",\"alternateName\":\"MEIN RADLADEN\",\"url\":\"https:\/\/kgerad.de\/\",\"logo\":{\"@type\":\"ImageObject\",\"inLanguage\":\"en-US\",\"@id\":\"https:\/\/kgerad.de\/#\/schema\/logo\/image\/\",\"url\":\"https:\/\/kgerad.de\/wp-content\/uploads\/2025\/07\/logo-Whit.svg\",\"contentUrl\":\"https:\/\/kgerad.de\/wp-content\/uploads\/2025\/07\/logo-Whit.svg\",\"width\":1640,\"height\":371,\"caption\":\"MEINRADLADEN\"},\"image\":{\"@id\":\"https:\/\/kgerad.de\/#\/schema\/logo\/image\/\"}}]}<\/script>\n<!-- \/ Yoast SEO Premium plugin. -->","yoast_head_json":{"title":"Deuter Attack 20 - Protektor-Rucksack","description":"kgerad.de bietet Ihnen das Deuter Attack 20 - Protektor-Rucksack zum besten Preis mit kostenlosem Versand in ganz EuropaDeuter Attack 20Deuter Attack 20","robots":{"index":"index","follow":"follow","max-snippet":"max-snippet:-1","max-image-preview":"max-image-preview:large","max-video-preview":"max-video-preview:-1"},"canonical":"https:\/\/kgerad.de\/en\/product\/deuter-attack-20-protektor-rucksack\/","og_locale":"en_US","og_type":"article","og_title":"Deuter Attack 20 - Protektor-Rucksack","og_description":"Entdecken Sie unseren Online-Fahrradladen: Gro\u00dfe Auswahl an Modellen f\u00fcr alle Radsportbegeisterten. Von Rennr\u00e4dern bis zu Mountainbikes - finden Sie heute Ihren perfekten Wegbegleiter!","og_url":"https:\/\/kgerad.de\/en\/product\/deuter-attack-20-protektor-rucksack\/","og_site_name":"kgerad.de","article_modified_time":"2023-08-10T18:11:14+00:00","og_image":[{"width":800,"height":686,"url":"https:\/\/kgerad.de\/wp-content\/uploads\/2023\/06\/deuter-attack_20-3210321-01_800x800-0.jpg","type":"image\/jpeg"}],"twitter_card":"summary_large_image","twitter_misc":{"Est. reading time":"2 minutes"},"schema":{"@context":"https:\/\/schema.org","@graph":[{"@type":"WebPage","@id":"https:\/\/kgerad.de\/produkt\/deuter-attack-20-protektor-rucksack\/","url":"https:\/\/kgerad.de\/produkt\/deuter-attack-20-protektor-rucksack\/","name":"Deuter Attack 20 - Protektor-Rucksack","isPartOf":{"@id":"https:\/\/kgerad.de\/#website"},"primaryImageOfPage":{"@id":"https:\/\/kgerad.de\/produkt\/deuter-attack-20-protektor-rucksack\/#primaryimage"},"image":{"@id":"https:\/\/kgerad.de\/produkt\/deuter-attack-20-protektor-rucksack\/#primaryimage"},"thumbnailUrl":"https:\/\/kgerad.de\/wp-content\/uploads\/2023\/06\/deuter-attack_20-3210321-01_800x800-0.jpg","datePublished":"2022-12-06T09:37:57+00:00","dateModified":"2023-08-10T18:11:14+00:00","description":"kgerad.de bietet Ihnen das Deuter Attack 20 - Protektor-Rucksack zum besten Preis mit kostenlosem Versand in ganz EuropaDeuter Attack 20Deuter Attack 20","breadcrumb":{"@id":"https:\/\/kgerad.de\/produkt\/deuter-attack-20-protektor-rucksack\/#breadcrumb"},"inLanguage":"en-US","potentialAction":[{"@type":"ReadAction","target":["https:\/\/kgerad.de\/produkt\/deuter-attack-20-protektor-rucksack\/"]}]},{"@type":"ImageObject","inLanguage":"en-US","@id":"https:\/\/kgerad.de\/produkt\/deuter-attack-20-protektor-rucksack\/#primaryimage","url":"https:\/\/kgerad.de\/wp-content\/uploads\/2023\/06\/deuter-attack_20-3210321-01_800x800-0.jpg","contentUrl":"https:\/\/kgerad.de\/wp-content\/uploads\/2023\/06\/deuter-attack_20-3210321-01_800x800-0.jpg","width":800,"height":686,"caption":"Deuter Attack 20 - Protektor-Rucksack"},{"@type":"BreadcrumbList","@id":"https:\/\/kgerad.de\/produkt\/deuter-attack-20-protektor-rucksack\/#breadcrumb","itemListElement":[{"@type":"ListItem","position":1,"name":"Startseite","item":"https:\/\/kgerad.de\/"},{"@type":"ListItem","position":2,"name":"LADEN","item":"https:\/\/kgerad.de\/laden\/"},{"@type":"ListItem","position":3,"name":"Deuter Attack 20 &#8211; Protektor-Rucksack"}]},{"@type":"WebSite","@id":"https:\/\/kgerad.de\/#website","url":"https:\/\/kgerad.de\/","name":"kgerad.de","description":"Treten Sie mit uns ins Abenteuer!","publisher":{"@id":"https:\/\/kgerad.de\/#organization"},"alternateName":"MEIN RADLADEN","potentialAction":[{"@type":"SearchAction","target":{"@type":"EntryPoint","urlTemplate":"https:\/\/kgerad.de\/?s={search_term_string}"},"query-input":{"@type":"PropertyValueSpecification","valueRequired":true,"valueName":"search_term_string"}}],"inLanguage":"en-US"},{"@type":"Organization","@id":"https:\/\/kgerad.de\/#organization","name":"MEINRADLADEN","alternateName":"MEIN RADLADEN","url":"https:\/\/kgerad.de\/","logo":{"@type":"ImageObject","inLanguage":"en-US","@id":"https:\/\/kgerad.de\/#\/schema\/logo\/image\/","url":"https:\/\/kgerad.de\/wp-content\/uploads\/2025\/07\/logo-Whit.svg","contentUrl":"https:\/\/kgerad.de\/wp-content\/uploads\/2025\/07\/logo-Whit.svg","width":1640,"height":371,"caption":"MEINRADLADEN"},"image":{"@id":"https:\/\/kgerad.de\/#\/schema\/logo\/image\/"}}]}},"_links":{"self":[{"href":"https:\/\/kgerad.de\/en\/wp-json\/wp\/v2\/product\/48063","targetHints":{"allow":["GET"]}}],"collection":[{"href":"https:\/\/kgerad.de\/en\/wp-json\/wp\/v2\/product"}],"about":[{"href":"https:\/\/kgerad.de\/en\/wp-json\/wp\/v2\/types\/product"}],"replies":[{"embeddable":true,"href":"https:\/\/kgerad.de\/en\/wp-json\/wp\/v2\/comments?post=48063"}],"version-history":[{"count":1,"href":"https:\/\/kgerad.de\/en\/wp-json\/wp\/v2\/product\/48063\/revisions"}],"predecessor-version":[{"id":78793,"href":"https:\/\/kgerad.de\/en\/wp-json\/wp\/v2\/product\/48063\/revisions\/78793"}],"wp:featuredmedia":[{"embeddable":true,"href":"https:\/\/kgerad.de\/en\/wp-json\/wp\/v2\/media\/64503"}],"wp:attachment":[{"href":"https:\/\/kgerad.de\/en\/wp-json\/wp\/v2\/media?parent=48063"}],"wp:term":[{"taxonomy":"product_brand","embeddable":true,"href":"https:\/\/kgerad.de\/en\/wp-json\/wp\/v2\/product_brand?post=48063"},{"taxonomy":"product_cat","embeddable":true,"href":"https:\/\/kgerad.de\/en\/wp-json\/wp\/v2\/product_cat?post=48063"},{"taxonomy":"product_tag","embeddable":true,"href":"https:\/\/kgerad.de\/en\/wp-json\/wp\/v2\/product_tag?post=48063"}],"curies":[{"name":"wp","href":"https:\/\/api.w.org\/{rel}","templated":true}]}}