{"id":48053,"date":"2022-12-06T10:11:44","date_gmt":"2022-12-06T09:11:44","guid":{"rendered":"https:\/\/kgerad.de\/?post_type=product&#038;p=48053"},"modified":"2023-08-10T20:11:29","modified_gmt":"2023-08-10T18:11:29","slug":"abus-bordo-smartx-6500a-110-rc-faltschloss-inkl-halterung","status":"publish","type":"product","link":"https:\/\/kgerad.de\/en\/product\/abus-bordo-smartx-6500a-110-rc-faltschloss-inkl-halterung\/","title":{"rendered":"Abus Bordo SmartX 6500A\/110 RC Faltschloss inkl. Halterung"},"content":{"rendered":"<div class=\"product--headername\">\n<h2 class=\"product--title\"><strong>Abus<\/strong> Bordo SmartX 6500A\/110 RC Faltschloss inkl. Halterung<\/h2>\n<\/div>\n<p>Das Abus Bordo SmartX Faltschloss von Abus inklusive Remote <a href=\"http:\/\/1-1\">Controll<\/a> Fernbedienung ist das smarteste seiner Klasse und bietet innovative Technik, kombiniert mit h\u00f6chster Flexibilit\u00e4t und mechanischer Sicherheit. In Verbindung mit dem bew\u00e4hrten 100 dB lauten Alarm bietet dieses Schloss die h\u00f6chste Sicherheit f\u00fcr hochwertige E-Bikes und Lastenr\u00e4der.<\/p>\n<h2>Smarte Fahrradsicherheit, weitergedacht. Das BORDO\u2122 SmartX 6500A\/110 RC Faltschloss von Abus<\/h2>\n<p>Genie\u00dfe die Vorteile des innovativen, Hands-free SmartX Zylinders und mache dein iOS- oder Android-Smartphone zu deinem individuellen Schl\u00fcssel. Kombiniert mit dem bew\u00e4hrten 100 dB lauten Alarm bietet dieses Schloss die h\u00f6chste Sicherheit f\u00fcr hochwertige E-Bikes und Lastenr\u00e4der. Wer es weniger smart aber trotzdem bequem m\u00f6chte, kann das BORDO 6500A SmartX auch mit der mitgelieferten Fernbedienung (RC-Variante) \u00f6ffnen und schlie\u00dfen.<\/p>\n<hr \/>\n<h3>Features &#8211; Abus Bordo\u2122 6500A\/110 black RC SmartX<\/h3>\n<ul>\n<li>5,5 mm starke St\u00e4be, mit extra weicher 2-Komponenten-Ummantelung<\/li>\n<li>Ummantelung verhindert Sch\u00e4den an der Lackierung des Fahrrads<\/li>\n<li>110mm Faltschlossl\u00e4nge f\u00fcr mehr Flexibilit\u00e4t und Komfort<\/li>\n<li>SmartX Schlie\u00dfsystem mit Bluetooth-Funktion \u2013 hochwertiges, schl\u00fcsselloses Schlie\u00dfsystem bietet benutzerfreundlichste Bedienung<\/li>\n<li>Alarmfunktion mit mind. 100 dB f\u00fcr 15 Sekunden, danach automatisch erneute Scharfschaltung<\/li>\n<li>3D Position Detection \u2013 erkennt Ersch\u00fctterungen und kleinste Bewegungen in allen drei Dimensionen und l\u00f6st den Alarm aus<\/li>\n<li>Intelligenter Alarm \u2013 bei kleinen und kurzen Ersch\u00fctterungen, z. B. durch einen Fu\u00dfball etc., gibt das Schloss nur einen kurzen Warnton ab<\/li>\n<li>Verwaltung der Zugriffsberechtigungen via App f\u00fcr bis zu 20 Nutzer in der Abus SmartX App<\/li>\n<li>Standortspeicherung vom letzten Abstellen des Fahrrads<\/li>\n<li>LED Licht zeigt Batterie- und Ladestatus an<\/li>\n<li>Auch bedienbar per mitgelieferter Fernbedienung (RC-Variante)<\/li>\n<li>\u00dcber einen USB C-Anschluss kann das Faltschloss aufgeladen werden<\/li>\n<li>App-Anbindung<\/li>\n<li>Inkl. Halter (SH)<\/li>\n<\/ul>\n<h3>Produkteigenschaften<\/h3>\n<ul>\n<li><strong>Material:<\/strong>\u00a0geh\u00e4rteter Stahl<\/li>\n<li><strong>Schlie\u00dftyp:\u00a0<\/strong>Faltschloss<strong><br \/>\n<\/strong><\/li>\n<li><strong>Schlie\u00dfsystem:<\/strong>\u00a0Schl\u00fcsselloses Schlie\u00dfsystem<\/li>\n<li><strong>Schlie\u00df\u00fcbertragung:<\/strong>\u00a0Bluetooth\u00ae oder RC Fernbedienung<strong><br \/>\n<\/strong><\/li>\n<li><strong>App:<\/strong>\u00a0Abus SmartX<\/li>\n<li><strong>App Kompatibilit\u00e4t:<\/strong>\u00a0iOS und Android Smartphones<\/li>\n<li><strong>Alarm:<\/strong>\u00a03D Position Detection, max. 100dB f\u00fcr 15 Sekunden<\/li>\n<li><strong>Halterung:<\/strong>\u00a0SH 6500A\/110<\/li>\n<li><strong>Umfang:<\/strong>\u00a0110 cm<\/li>\n<\/ul>\n<h3>Farbe<\/h3>\n<ul>\n<li>schwarz<\/li>\n<\/ul>\n<hr \/>\n<h3>Lieferumfang<\/h3>\n<ul>\n<li>1 x Abus Bordo SmartX 6500A\/110 Faltschloss<\/li>\n<li>1 x Abus SH Halterung<\/li>\n<li>1 x Abus RC Fernbedienung<\/li>\n<\/ul>\n<hr \/>\n<h3>ABUS BORDO 6500A SMART X<\/h3>\n<p><iframe src=\"https:\/\/www.youtube-nocookie.com\/embed\/gHoyI9b3ENM\" width=\"640\" height=\"360\" frameborder=\"0\" allowfullscreen=\"allowfullscreen\" data-mce-fragment=\"1\"><\/iframe><\/p>\n<div class=\"product--headername\">\n<h2 class=\"product--rating-container\"><\/h2>\n<\/div>\n<h2 class=\"image-slider--container\"><\/h2>","protected":false},"excerpt":{"rendered":"<p>Abus Bordo SmartX 6500A\/110 RC Faltschloss inkl. Halterung Das Abus Bordo SmartX Faltschloss von Abus inklusive Remote Controll Fernbedienung ist<\/p>","protected":false},"featured_media":64496,"comment_status":"open","ping_status":"closed","template":"","meta":[],"product_brand":[],"product_cat":[597,573],"product_tag":[],"class_list":{"0":"post-48053","1":"product","2":"type-product","3":"status-publish","4":"has-post-thumbnail","6":"product_cat-fahrradschloss","7":"product_cat-zubehor","8":"pa_marke-abus","10":"first","11":"instock","12":"sale","13":"taxable","14":"shipping-taxable","15":"purchasable","16":"product-type-simple"},"yoast_head":"<!-- This site is optimized with the Yoast SEO Premium plugin v20.12 (Yoast SEO v27.1.1) - https:\/\/yoast.com\/product\/yoast-seo-premium-wordpress\/ -->\n<title>Abus Bordo SmartX 6500A\/110 RC Faltschloss inkl. Halterung<\/title>\n<meta name=\"description\" content=\"Entdecken Sie unseren Online-Fahrradladen: Gro\u00dfe Auswahl an Modellen f\u00fcr alle Radsportbegeisterten. Von Rennr\u00e4dern bis zu Mountainbikes - finden Sie heute Ihren perfekten Wegbegleiter!\" \/>\n<meta name=\"robots\" content=\"index, follow, max-snippet:-1, max-image-preview:large, max-video-preview:-1\" \/>\n<link rel=\"canonical\" href=\"https:\/\/kgerad.de\/en\/product\/abus-bordo-smartx-6500a-110-rc-faltschloss-inkl-halterung\/\" \/>\n<meta property=\"og:locale\" content=\"en_US\" \/>\n<meta property=\"og:type\" content=\"article\" \/>\n<meta property=\"og:title\" content=\"Abus Bordo SmartX 6500A\/110 RC Faltschloss inkl. Halterung\" \/>\n<meta property=\"og:description\" content=\"Entdecken Sie unseren Online-Fahrradladen: Gro\u00dfe Auswahl an Modellen f\u00fcr alle Radsportbegeisterten. Von Rennr\u00e4dern bis zu Mountainbikes - finden Sie heute Ihren perfekten Wegbegleiter!\" \/>\n<meta property=\"og:url\" content=\"https:\/\/kgerad.de\/en\/product\/abus-bordo-smartx-6500a-110-rc-faltschloss-inkl-halterung\/\" \/>\n<meta property=\"og:site_name\" content=\"kgerad.de\" \/>\n<meta property=\"article:modified_time\" content=\"2023-08-10T18:11:29+00:00\" \/>\n<meta property=\"og:image\" content=\"https:\/\/kgerad.de\/wp-content\/uploads\/2023\/06\/Abus-61495_6500A_110_SmartX_front_3_800x800-0.jpg\" \/>\n\t<meta property=\"og:image:width\" content=\"352\" \/>\n\t<meta property=\"og:image:height\" content=\"800\" \/>\n\t<meta property=\"og:image:type\" content=\"image\/jpeg\" \/>\n<meta name=\"twitter:card\" content=\"summary_large_image\" \/>\n<meta name=\"twitter:label1\" content=\"Est. reading time\" \/>\n\t<meta name=\"twitter:data1\" content=\"2 minutes\" \/>\n<script type=\"application\/ld+json\" class=\"yoast-schema-graph\">{\"@context\":\"https:\/\/schema.org\",\"@graph\":[{\"@type\":\"WebPage\",\"@id\":\"https:\/\/kgerad.de\/produkt\/abus-bordo-smartx-6500a-110-rc-faltschloss-inkl-halterung\/\",\"url\":\"https:\/\/kgerad.de\/produkt\/abus-bordo-smartx-6500a-110-rc-faltschloss-inkl-halterung\/\",\"name\":\"Abus Bordo SmartX 6500A\/110 RC Faltschloss inkl. Halterung\",\"isPartOf\":{\"@id\":\"https:\/\/kgerad.de\/#website\"},\"primaryImageOfPage\":{\"@id\":\"https:\/\/kgerad.de\/produkt\/abus-bordo-smartx-6500a-110-rc-faltschloss-inkl-halterung\/#primaryimage\"},\"image\":{\"@id\":\"https:\/\/kgerad.de\/produkt\/abus-bordo-smartx-6500a-110-rc-faltschloss-inkl-halterung\/#primaryimage\"},\"thumbnailUrl\":\"https:\/\/kgerad.de\/wp-content\/uploads\/2023\/06\/Abus-61495_6500A_110_SmartX_front_3_800x800-0.jpg\",\"datePublished\":\"2022-12-06T09:11:44+00:00\",\"dateModified\":\"2023-08-10T18:11:29+00:00\",\"description\":\"Entdecken Sie unseren Online-Fahrradladen: Gro\u00dfe Auswahl an Modellen f\u00fcr alle Radsportbegeisterten. Von Rennr\u00e4dern bis zu Mountainbikes - finden Sie heute Ihren perfekten Wegbegleiter!\",\"breadcrumb\":{\"@id\":\"https:\/\/kgerad.de\/produkt\/abus-bordo-smartx-6500a-110-rc-faltschloss-inkl-halterung\/#breadcrumb\"},\"inLanguage\":\"en-US\",\"potentialAction\":[{\"@type\":\"ReadAction\",\"target\":[\"https:\/\/kgerad.de\/produkt\/abus-bordo-smartx-6500a-110-rc-faltschloss-inkl-halterung\/\"]}]},{\"@type\":\"ImageObject\",\"inLanguage\":\"en-US\",\"@id\":\"https:\/\/kgerad.de\/produkt\/abus-bordo-smartx-6500a-110-rc-faltschloss-inkl-halterung\/#primaryimage\",\"url\":\"https:\/\/kgerad.de\/wp-content\/uploads\/2023\/06\/Abus-61495_6500A_110_SmartX_front_3_800x800-0.jpg\",\"contentUrl\":\"https:\/\/kgerad.de\/wp-content\/uploads\/2023\/06\/Abus-61495_6500A_110_SmartX_front_3_800x800-0.jpg\",\"width\":352,\"height\":800,\"caption\":\"Abus Bordo SmartX 6500A110 RC Faltschloss inkl. Halterung\"},{\"@type\":\"BreadcrumbList\",\"@id\":\"https:\/\/kgerad.de\/produkt\/abus-bordo-smartx-6500a-110-rc-faltschloss-inkl-halterung\/#breadcrumb\",\"itemListElement\":[{\"@type\":\"ListItem\",\"position\":1,\"name\":\"Startseite\",\"item\":\"https:\/\/kgerad.de\/\"},{\"@type\":\"ListItem\",\"position\":2,\"name\":\"LADEN\",\"item\":\"https:\/\/kgerad.de\/laden\/\"},{\"@type\":\"ListItem\",\"position\":3,\"name\":\"Abus Bordo SmartX 6500A\/110 RC Faltschloss inkl. Halterung\"}]},{\"@type\":\"WebSite\",\"@id\":\"https:\/\/kgerad.de\/#website\",\"url\":\"https:\/\/kgerad.de\/\",\"name\":\"kgerad.de\",\"description\":\"Treten Sie mit uns ins Abenteuer!\",\"publisher\":{\"@id\":\"https:\/\/kgerad.de\/#organization\"},\"alternateName\":\"MEIN RADLADEN\",\"potentialAction\":[{\"@type\":\"SearchAction\",\"target\":{\"@type\":\"EntryPoint\",\"urlTemplate\":\"https:\/\/kgerad.de\/?s={search_term_string}\"},\"query-input\":{\"@type\":\"PropertyValueSpecification\",\"valueRequired\":true,\"valueName\":\"search_term_string\"}}],\"inLanguage\":\"en-US\"},{\"@type\":\"Organization\",\"@id\":\"https:\/\/kgerad.de\/#organization\",\"name\":\"MEINRADLADEN\",\"alternateName\":\"MEIN RADLADEN\",\"url\":\"https:\/\/kgerad.de\/\",\"logo\":{\"@type\":\"ImageObject\",\"inLanguage\":\"en-US\",\"@id\":\"https:\/\/kgerad.de\/#\/schema\/logo\/image\/\",\"url\":\"https:\/\/kgerad.de\/wp-content\/uploads\/2025\/07\/logo-Whit.svg\",\"contentUrl\":\"https:\/\/kgerad.de\/wp-content\/uploads\/2025\/07\/logo-Whit.svg\",\"width\":1640,\"height\":371,\"caption\":\"MEINRADLADEN\"},\"image\":{\"@id\":\"https:\/\/kgerad.de\/#\/schema\/logo\/image\/\"}}]}<\/script>\n<!-- \/ Yoast SEO Premium plugin. -->","yoast_head_json":{"title":"Abus Bordo SmartX 6500A\/110 RC Faltschloss inkl. Halterung","description":"Entdecken Sie unseren Online-Fahrradladen: Gro\u00dfe Auswahl an Modellen f\u00fcr alle Radsportbegeisterten. Von Rennr\u00e4dern bis zu Mountainbikes - finden Sie heute Ihren perfekten Wegbegleiter!","robots":{"index":"index","follow":"follow","max-snippet":"max-snippet:-1","max-image-preview":"max-image-preview:large","max-video-preview":"max-video-preview:-1"},"canonical":"https:\/\/kgerad.de\/en\/product\/abus-bordo-smartx-6500a-110-rc-faltschloss-inkl-halterung\/","og_locale":"en_US","og_type":"article","og_title":"Abus Bordo SmartX 6500A\/110 RC Faltschloss inkl. Halterung","og_description":"Entdecken Sie unseren Online-Fahrradladen: Gro\u00dfe Auswahl an Modellen f\u00fcr alle Radsportbegeisterten. Von Rennr\u00e4dern bis zu Mountainbikes - finden Sie heute Ihren perfekten Wegbegleiter!","og_url":"https:\/\/kgerad.de\/en\/product\/abus-bordo-smartx-6500a-110-rc-faltschloss-inkl-halterung\/","og_site_name":"kgerad.de","article_modified_time":"2023-08-10T18:11:29+00:00","og_image":[{"width":352,"height":800,"url":"https:\/\/kgerad.de\/wp-content\/uploads\/2023\/06\/Abus-61495_6500A_110_SmartX_front_3_800x800-0.jpg","type":"image\/jpeg"}],"twitter_card":"summary_large_image","twitter_misc":{"Est. reading time":"2 minutes"},"schema":{"@context":"https:\/\/schema.org","@graph":[{"@type":"WebPage","@id":"https:\/\/kgerad.de\/produkt\/abus-bordo-smartx-6500a-110-rc-faltschloss-inkl-halterung\/","url":"https:\/\/kgerad.de\/produkt\/abus-bordo-smartx-6500a-110-rc-faltschloss-inkl-halterung\/","name":"Abus Bordo SmartX 6500A\/110 RC Faltschloss inkl. Halterung","isPartOf":{"@id":"https:\/\/kgerad.de\/#website"},"primaryImageOfPage":{"@id":"https:\/\/kgerad.de\/produkt\/abus-bordo-smartx-6500a-110-rc-faltschloss-inkl-halterung\/#primaryimage"},"image":{"@id":"https:\/\/kgerad.de\/produkt\/abus-bordo-smartx-6500a-110-rc-faltschloss-inkl-halterung\/#primaryimage"},"thumbnailUrl":"https:\/\/kgerad.de\/wp-content\/uploads\/2023\/06\/Abus-61495_6500A_110_SmartX_front_3_800x800-0.jpg","datePublished":"2022-12-06T09:11:44+00:00","dateModified":"2023-08-10T18:11:29+00:00","description":"Entdecken Sie unseren Online-Fahrradladen: Gro\u00dfe Auswahl an Modellen f\u00fcr alle Radsportbegeisterten. Von Rennr\u00e4dern bis zu Mountainbikes - finden Sie heute Ihren perfekten Wegbegleiter!","breadcrumb":{"@id":"https:\/\/kgerad.de\/produkt\/abus-bordo-smartx-6500a-110-rc-faltschloss-inkl-halterung\/#breadcrumb"},"inLanguage":"en-US","potentialAction":[{"@type":"ReadAction","target":["https:\/\/kgerad.de\/produkt\/abus-bordo-smartx-6500a-110-rc-faltschloss-inkl-halterung\/"]}]},{"@type":"ImageObject","inLanguage":"en-US","@id":"https:\/\/kgerad.de\/produkt\/abus-bordo-smartx-6500a-110-rc-faltschloss-inkl-halterung\/#primaryimage","url":"https:\/\/kgerad.de\/wp-content\/uploads\/2023\/06\/Abus-61495_6500A_110_SmartX_front_3_800x800-0.jpg","contentUrl":"https:\/\/kgerad.de\/wp-content\/uploads\/2023\/06\/Abus-61495_6500A_110_SmartX_front_3_800x800-0.jpg","width":352,"height":800,"caption":"Abus Bordo SmartX 6500A110 RC Faltschloss inkl. Halterung"},{"@type":"BreadcrumbList","@id":"https:\/\/kgerad.de\/produkt\/abus-bordo-smartx-6500a-110-rc-faltschloss-inkl-halterung\/#breadcrumb","itemListElement":[{"@type":"ListItem","position":1,"name":"Startseite","item":"https:\/\/kgerad.de\/"},{"@type":"ListItem","position":2,"name":"LADEN","item":"https:\/\/kgerad.de\/laden\/"},{"@type":"ListItem","position":3,"name":"Abus Bordo SmartX 6500A\/110 RC Faltschloss inkl. Halterung"}]},{"@type":"WebSite","@id":"https:\/\/kgerad.de\/#website","url":"https:\/\/kgerad.de\/","name":"kgerad.de","description":"Treten Sie mit uns ins Abenteuer!","publisher":{"@id":"https:\/\/kgerad.de\/#organization"},"alternateName":"MEIN RADLADEN","potentialAction":[{"@type":"SearchAction","target":{"@type":"EntryPoint","urlTemplate":"https:\/\/kgerad.de\/?s={search_term_string}"},"query-input":{"@type":"PropertyValueSpecification","valueRequired":true,"valueName":"search_term_string"}}],"inLanguage":"en-US"},{"@type":"Organization","@id":"https:\/\/kgerad.de\/#organization","name":"MEINRADLADEN","alternateName":"MEIN RADLADEN","url":"https:\/\/kgerad.de\/","logo":{"@type":"ImageObject","inLanguage":"en-US","@id":"https:\/\/kgerad.de\/#\/schema\/logo\/image\/","url":"https:\/\/kgerad.de\/wp-content\/uploads\/2025\/07\/logo-Whit.svg","contentUrl":"https:\/\/kgerad.de\/wp-content\/uploads\/2025\/07\/logo-Whit.svg","width":1640,"height":371,"caption":"MEINRADLADEN"},"image":{"@id":"https:\/\/kgerad.de\/#\/schema\/logo\/image\/"}}]}},"_links":{"self":[{"href":"https:\/\/kgerad.de\/en\/wp-json\/wp\/v2\/product\/48053","targetHints":{"allow":["GET"]}}],"collection":[{"href":"https:\/\/kgerad.de\/en\/wp-json\/wp\/v2\/product"}],"about":[{"href":"https:\/\/kgerad.de\/en\/wp-json\/wp\/v2\/types\/product"}],"replies":[{"embeddable":true,"href":"https:\/\/kgerad.de\/en\/wp-json\/wp\/v2\/comments?post=48053"}],"version-history":[{"count":2,"href":"https:\/\/kgerad.de\/en\/wp-json\/wp\/v2\/product\/48053\/revisions"}],"predecessor-version":[{"id":78801,"href":"https:\/\/kgerad.de\/en\/wp-json\/wp\/v2\/product\/48053\/revisions\/78801"}],"wp:featuredmedia":[{"embeddable":true,"href":"https:\/\/kgerad.de\/en\/wp-json\/wp\/v2\/media\/64496"}],"wp:attachment":[{"href":"https:\/\/kgerad.de\/en\/wp-json\/wp\/v2\/media?parent=48053"}],"wp:term":[{"taxonomy":"product_brand","embeddable":true,"href":"https:\/\/kgerad.de\/en\/wp-json\/wp\/v2\/product_brand?post=48053"},{"taxonomy":"product_cat","embeddable":true,"href":"https:\/\/kgerad.de\/en\/wp-json\/wp\/v2\/product_cat?post=48053"},{"taxonomy":"product_tag","embeddable":true,"href":"https:\/\/kgerad.de\/en\/wp-json\/wp\/v2\/product_tag?post=48053"}],"curies":[{"name":"wp","href":"https:\/\/api.w.org\/{rel}","templated":true}]}}