{"id":48033,"date":"2022-12-06T09:51:26","date_gmt":"2022-12-06T08:51:26","guid":{"rendered":"https:\/\/kgerad.de\/?post_type=product&#038;p=48033"},"modified":"2023-08-10T20:12:00","modified_gmt":"2023-08-10T18:12:00","slug":"abus-770a-smartx-buegelschloss-inkl-uskf-halterung","status":"publish","type":"product","link":"https:\/\/kgerad.de\/en\/product\/abus-770a-smartx-buegelschloss-inkl-uskf-halterung\/","title":{"rendered":"Abus 770A SmartX\u2122 B\u00fcgelschloss inkl. USKF Halterung"},"content":{"rendered":"<div class=\"product--headername\">\n<h2 class=\"product--title\"><strong>Abus<\/strong> 770A SmartX\u2122 B\u00fcgelschloss inkl. USKF Halterung<\/h2>\n<\/div>\n<p>Fahrradsicherheit Abus 770A SmartX\u2122 wird smart. Der Einsatz <a href=\"http:\/\/1-1\">innovativer<\/a> Technik, kombiniert mit h\u00f6chster mechanischer Sicherheit (Sicherheitslevel 15 von 15), macht von Abus zum sichersten Fahrradschloss seiner Klasse.<\/p>\n<h2>Smart is the Key: das 770A SMARTX\u2122 B\u00fcgelschloss von Abus<\/h2>\n<p>Genie\u00dfe die Vorteile des innovativen SmartX\u2122 Zylinders und mache dein iOS- oder Android-Smartphone zu deinem individuellen Schl\u00fcssel. Kombiniert mit dem bew\u00e4hrten 100 dB lauten Alarm bietet dieses Schloss die h\u00f6chste Sicherheit f\u00fcr hochwertige E-Bikes und Lastenr\u00e4der. Das 770 SmartX ist das weltweit erste smarte Schloss von ABUS. Es \u00f6ffnet und schlie\u00dft automatisch &#8211; und zwar &#8222;hands free&#8220;. Der Schl\u00fcssel ist das Smartphone und das kann bequem in der Tasche bleiben.<\/p>\n<p>Dein Smartphone wird zum Schl\u00fcssel: Die entsprechende ABUS App (iOS oder Android) wird per Keycard mit dem Schloss gekoppelt. N\u00e4hert der Nutzer sich mit dem Smartphone seinem Fahrrad, entriegelt es das Schloss. Zum \u00d6ffnen muss nur noch den B\u00fcgel aus dem Schlossk\u00f6rper gezogen werden. Beim Abschlie\u00dfen funktioniert es genau entgegengesetzt: zusammenstecken, Alarm aktivieren, weggehen, sicher sein!<\/p>\n<p>Als erstes ABUS-B\u00fcgelschloss hat das SmartX einen Bluetooth-Empf\u00e4nger. Auf diesem verschl\u00fcsselten Kanal erh\u00e4lt das Schloss seine Signale vom Smartphone \u2013 ebenso sicher wie das Schloss selbst und individueller als jeder Schl\u00fcssel.<\/p>\n<p>Jedes 770A SmartX kann von mehreren Personen genutzt werden. Der Administrator entscheidet, ob er einen zeitlich begrenzten oder dauerhaften Zugriff erteilt. F\u00fcr das Lastenrad hinterm Haus oder den Kinderanh\u00e4nger an der Kita \u2013 so geht Familienschlie\u00dfung im 21. Jahrhundert! Lege fest wer zu einem bestimmten Zeitraum Zugriff hat.<\/p>\n<p>Mit der integrierten Alarmfunktion bietet das 770A SmartX ein Plus an Sicherheit. Die 3D Position Detection erkennt kleinste Bewegungen und l\u00f6st einen abschreckenden Alarm aus. Bei leichten Ber\u00fchungen gibt das Schloss lediglich einen kurzen Warnton ab. Erkennen die Sensoren jedoch einen Diebstahlversuch, steigt der Alarmton bis auf ohrenbet\u00e4ubende 100 Dezibel an.<\/p>\n<hr \/>\n<h3>Features &#8211; Abus 770A\/160HB230 blue SmartX\u2122 inkl. USKF Halterung<\/h3>\n<ul>\n<li>Geh\u00e4rteter 13 mm Vierkant Parabolb\u00fcgel<\/li>\n<li>SmartX\u2122 Schlie\u00dfsystem mit Bluetooth-Funktion &#8211; Hochwertiges, schl\u00fcsselloses Schlie\u00dfsystem bietet benutzerfreundlichste Bedienung<\/li>\n<li>Alarmfunktion mit mind. 100 dB f\u00fcr 15 Sekunden, danach automatisch erneute Scharfschaltung<\/li>\n<li>3D Position Detection \u2013 erkennt Ersch\u00fctterungen und kleinste Bewegungen in allen drei Dimensionen und l\u00f6st den Alarm aus<\/li>\n<li>Intelligenter Alarm \u2013 Bei kleinen und kurzen Ersch\u00fctterungen, z. B. durch einen Fu\u00dfball etc., gibt das Schloss nur einen kurzen Warnton ab<\/li>\n<li>USB C-Anschluss<\/li>\n<li>App-Anbindung (bedienbar mit iOS- und Android-Smartphone)<\/li>\n<li>Standortspeicherung vom letzten Abstellen des Fahrrads<\/li>\n<li>ABUS Power Cell Technologie bietet h\u00f6chsten Schutz gegen Schlag- und Zugangriffe<\/li>\n<li>Der B\u00fcgel, das Geh\u00e4use sowie tragende Teile des Verriegelungsmechanismus sind aus speziell geh\u00e4rtetem Stahl gefertigt<\/li>\n<\/ul>\n<h3>Produkteigenschaften<\/h3>\n<ul>\n<li><strong>Sicherheitslevel:<\/strong>\u00a015 von 15<\/li>\n<li><strong>Halterung:<\/strong>\u00a0USKF<\/li>\n<li><strong>Schlie\u00dftyp:<\/strong>\u00a0Schl\u00fcssel<\/li>\n<\/ul>\n<h3>Ausf\u00fchrung<\/h3>\n<ul>\n<li>230x108mm<\/li>\n<\/ul>\n<h3>Farbe<\/h3>\n<ul>\n<li>anthrazit\/blau<\/li>\n<\/ul>\n<h3>Gewicht<\/h3>\n<ul>\n<li>2150g (Herstellerangabe)<\/li>\n<\/ul>\n<hr \/>\n<h3>Lieferumfang<\/h3>\n<ul>\n<li>1 Abus770A SmartX\u2122 B\u00fcgelschloss<\/li>\n<li>1 Halter USKF<\/li>\n<\/ul>\n<hr \/>\n<h3><strong>Technologie<\/strong><\/h3>\n<p><strong>Das ABUS-Level-System<\/strong><br \/>\nAn ein Fahrradschloss k\u00f6nnen sehr unterschiedliche Anforderungen gestellt werden. Die zwei Hauptaspekte sind das Rad, welches gesichert werden soll, und die \u00d6rtlichkeit, wo man es anschlie\u00dfen m\u00f6chte. Aber auch das Gewicht des Schlosses spielt eine Rolle \u2013 ein Schloss f\u00fcr unterwegs darf nicht zu schwer sein, im Gegensatz zur Sicherung f\u00fcr zu Hause. Das ABUS-Levelsystem ist ein transparentes System, das den Sicherheitsgrad des Schlosses wiedergibt. Die Skala \u2013 dargestellt als Tachometer \u2013 reicht bei Fahrradschl\u00f6ssern bis Level 15. So findest du leichter das passende Schloss f\u00fcr dich und dein Rad!<\/p>\n<p><img fetchpriority=\"high\" decoding=\"async\" title=\"Abus-Level-System-2017\" src=\"https:\/\/cd.bike-discount.de\/media\/image\/5a\/dc\/0a\/abus-level-system-2017.jpg\" alt=\"\" width=\"500\" height=\"146\" data-mid=\"334469\" data-src=\"media\/image\/abus-level-system-2017.jpg\" \/><\/p>\n<hr \/>\n<h3>770A SmartX\u2122<\/h3>\n<p><iframe src=\"https:\/\/www.youtube-nocookie.com\/embed\/V7k__PQDnJU\" width=\"640\" height=\"360\" frameborder=\"0\" allowfullscreen=\"allowfullscreen\" data-mce-fragment=\"1\"><\/iframe><\/p>\n<div class=\"product--headername\">\n<h2 class=\"product--rating-container\"><\/h2>\n<\/div>\n<h2 class=\"image-slider--container\"><\/h2>","protected":false},"excerpt":{"rendered":"<p>Abus 770A SmartX\u2122 B\u00fcgelschloss inkl. USKF Halterung Fahrradsicherheit Abus 770A SmartX\u2122 wird smart. Der Einsatz innovativer Technik, kombiniert mit h\u00f6chster<\/p>","protected":false},"featured_media":64483,"comment_status":"open","ping_status":"closed","template":"","meta":[],"product_brand":[],"product_cat":[597,573],"product_tag":[],"class_list":{"0":"post-48033","1":"product","2":"type-product","3":"status-publish","4":"has-post-thumbnail","6":"product_cat-fahrradschloss","7":"product_cat-zubehor","8":"pa_marke-abus","10":"first","11":"instock","12":"sale","13":"taxable","14":"shipping-taxable","15":"purchasable","16":"product-type-simple"},"yoast_head":"<!-- This site is optimized with the Yoast SEO Premium plugin v20.12 (Yoast SEO v27.1.1) - https:\/\/yoast.com\/product\/yoast-seo-premium-wordpress\/ -->\n<title>Abus 770A SmartX\u2122 B\u00fcgelschloss inkl. USKF Halterung<\/title>\n<meta name=\"description\" content=\"Entdecken Sie unseren Online-Fahrradladen: Gro\u00dfe Auswahl an Modellen f\u00fcr alle Radsportbegeisterten. Von Rennr\u00e4dern bis zu Mountainbikes - finden Sie heute Ihren perfekten Wegbegleiter!\" \/>\n<meta name=\"robots\" content=\"index, follow, max-snippet:-1, max-image-preview:large, max-video-preview:-1\" \/>\n<link rel=\"canonical\" href=\"https:\/\/kgerad.de\/en\/product\/abus-770a-smartx-buegelschloss-inkl-uskf-halterung\/\" \/>\n<meta property=\"og:locale\" content=\"en_US\" \/>\n<meta property=\"og:type\" content=\"article\" \/>\n<meta property=\"og:title\" content=\"Abus 770A SmartX\u2122 B\u00fcgelschloss inkl. USKF Halterung\" \/>\n<meta property=\"og:description\" content=\"Entdecken Sie unseren Online-Fahrradladen: Gro\u00dfe Auswahl an Modellen f\u00fcr alle Radsportbegeisterten. Von Rennr\u00e4dern bis zu Mountainbikes - finden Sie heute Ihren perfekten Wegbegleiter!\" \/>\n<meta property=\"og:url\" content=\"https:\/\/kgerad.de\/en\/product\/abus-770a-smartx-buegelschloss-inkl-uskf-halterung\/\" \/>\n<meta property=\"og:site_name\" content=\"kgerad.de\" \/>\n<meta property=\"article:modified_time\" content=\"2023-08-10T18:12:00+00:00\" \/>\n<meta property=\"og:image\" content=\"https:\/\/kgerad.de\/wp-content\/uploads\/2023\/06\/Abus-770A-SmartX-inkl-USKF-Halterung-82359-H_800x800-00.jpg\" \/>\n\t<meta property=\"og:image:width\" content=\"721\" \/>\n\t<meta property=\"og:image:height\" content=\"800\" \/>\n\t<meta property=\"og:image:type\" content=\"image\/jpeg\" \/>\n<meta name=\"twitter:card\" content=\"summary_large_image\" \/>\n<meta name=\"twitter:label1\" content=\"Est. reading time\" \/>\n\t<meta name=\"twitter:data1\" content=\"4 minutes\" \/>\n<script type=\"application\/ld+json\" class=\"yoast-schema-graph\">{\"@context\":\"https:\/\/schema.org\",\"@graph\":[{\"@type\":\"WebPage\",\"@id\":\"https:\/\/kgerad.de\/produkt\/abus-770a-smartx-buegelschloss-inkl-uskf-halterung\/\",\"url\":\"https:\/\/kgerad.de\/produkt\/abus-770a-smartx-buegelschloss-inkl-uskf-halterung\/\",\"name\":\"Abus 770A SmartX\u2122 B\u00fcgelschloss inkl. USKF Halterung\",\"isPartOf\":{\"@id\":\"https:\/\/kgerad.de\/#website\"},\"primaryImageOfPage\":{\"@id\":\"https:\/\/kgerad.de\/produkt\/abus-770a-smartx-buegelschloss-inkl-uskf-halterung\/#primaryimage\"},\"image\":{\"@id\":\"https:\/\/kgerad.de\/produkt\/abus-770a-smartx-buegelschloss-inkl-uskf-halterung\/#primaryimage\"},\"thumbnailUrl\":\"https:\/\/kgerad.de\/wp-content\/uploads\/2023\/06\/Abus-770A-SmartX-inkl-USKF-Halterung-82359-H_800x800-00.jpg\",\"datePublished\":\"2022-12-06T08:51:26+00:00\",\"dateModified\":\"2023-08-10T18:12:00+00:00\",\"description\":\"Entdecken Sie unseren Online-Fahrradladen: Gro\u00dfe Auswahl an Modellen f\u00fcr alle Radsportbegeisterten. Von Rennr\u00e4dern bis zu Mountainbikes - finden Sie heute Ihren perfekten Wegbegleiter!\",\"breadcrumb\":{\"@id\":\"https:\/\/kgerad.de\/produkt\/abus-770a-smartx-buegelschloss-inkl-uskf-halterung\/#breadcrumb\"},\"inLanguage\":\"en-US\",\"potentialAction\":[{\"@type\":\"ReadAction\",\"target\":[\"https:\/\/kgerad.de\/produkt\/abus-770a-smartx-buegelschloss-inkl-uskf-halterung\/\"]}]},{\"@type\":\"ImageObject\",\"inLanguage\":\"en-US\",\"@id\":\"https:\/\/kgerad.de\/produkt\/abus-770a-smartx-buegelschloss-inkl-uskf-halterung\/#primaryimage\",\"url\":\"https:\/\/kgerad.de\/wp-content\/uploads\/2023\/06\/Abus-770A-SmartX-inkl-USKF-Halterung-82359-H_800x800-00.jpg\",\"contentUrl\":\"https:\/\/kgerad.de\/wp-content\/uploads\/2023\/06\/Abus-770A-SmartX-inkl-USKF-Halterung-82359-H_800x800-00.jpg\",\"width\":721,\"height\":800,\"caption\":\"Abus 770A SmartX\u2122 B\u00fcgelschloss inkl. USKF Halterung\"},{\"@type\":\"BreadcrumbList\",\"@id\":\"https:\/\/kgerad.de\/produkt\/abus-770a-smartx-buegelschloss-inkl-uskf-halterung\/#breadcrumb\",\"itemListElement\":[{\"@type\":\"ListItem\",\"position\":1,\"name\":\"Startseite\",\"item\":\"https:\/\/kgerad.de\/\"},{\"@type\":\"ListItem\",\"position\":2,\"name\":\"LADEN\",\"item\":\"https:\/\/kgerad.de\/laden\/\"},{\"@type\":\"ListItem\",\"position\":3,\"name\":\"Abus 770A SmartX\u2122 B\u00fcgelschloss inkl. USKF Halterung\"}]},{\"@type\":\"WebSite\",\"@id\":\"https:\/\/kgerad.de\/#website\",\"url\":\"https:\/\/kgerad.de\/\",\"name\":\"kgerad.de\",\"description\":\"Treten Sie mit uns ins Abenteuer!\",\"publisher\":{\"@id\":\"https:\/\/kgerad.de\/#organization\"},\"alternateName\":\"MEIN RADLADEN\",\"potentialAction\":[{\"@type\":\"SearchAction\",\"target\":{\"@type\":\"EntryPoint\",\"urlTemplate\":\"https:\/\/kgerad.de\/?s={search_term_string}\"},\"query-input\":{\"@type\":\"PropertyValueSpecification\",\"valueRequired\":true,\"valueName\":\"search_term_string\"}}],\"inLanguage\":\"en-US\"},{\"@type\":\"Organization\",\"@id\":\"https:\/\/kgerad.de\/#organization\",\"name\":\"MEINRADLADEN\",\"alternateName\":\"MEIN RADLADEN\",\"url\":\"https:\/\/kgerad.de\/\",\"logo\":{\"@type\":\"ImageObject\",\"inLanguage\":\"en-US\",\"@id\":\"https:\/\/kgerad.de\/#\/schema\/logo\/image\/\",\"url\":\"https:\/\/kgerad.de\/wp-content\/uploads\/2025\/07\/logo-Whit.svg\",\"contentUrl\":\"https:\/\/kgerad.de\/wp-content\/uploads\/2025\/07\/logo-Whit.svg\",\"width\":1640,\"height\":371,\"caption\":\"MEINRADLADEN\"},\"image\":{\"@id\":\"https:\/\/kgerad.de\/#\/schema\/logo\/image\/\"}}]}<\/script>\n<!-- \/ Yoast SEO Premium plugin. -->","yoast_head_json":{"title":"Abus 770A SmartX\u2122 B\u00fcgelschloss inkl. USKF Halterung","description":"Entdecken Sie unseren Online-Fahrradladen: Gro\u00dfe Auswahl an Modellen f\u00fcr alle Radsportbegeisterten. Von Rennr\u00e4dern bis zu Mountainbikes - finden Sie heute Ihren perfekten Wegbegleiter!","robots":{"index":"index","follow":"follow","max-snippet":"max-snippet:-1","max-image-preview":"max-image-preview:large","max-video-preview":"max-video-preview:-1"},"canonical":"https:\/\/kgerad.de\/en\/product\/abus-770a-smartx-buegelschloss-inkl-uskf-halterung\/","og_locale":"en_US","og_type":"article","og_title":"Abus 770A SmartX\u2122 B\u00fcgelschloss inkl. USKF Halterung","og_description":"Entdecken Sie unseren Online-Fahrradladen: Gro\u00dfe Auswahl an Modellen f\u00fcr alle Radsportbegeisterten. Von Rennr\u00e4dern bis zu Mountainbikes - finden Sie heute Ihren perfekten Wegbegleiter!","og_url":"https:\/\/kgerad.de\/en\/product\/abus-770a-smartx-buegelschloss-inkl-uskf-halterung\/","og_site_name":"kgerad.de","article_modified_time":"2023-08-10T18:12:00+00:00","og_image":[{"width":721,"height":800,"url":"https:\/\/kgerad.de\/wp-content\/uploads\/2023\/06\/Abus-770A-SmartX-inkl-USKF-Halterung-82359-H_800x800-00.jpg","type":"image\/jpeg"}],"twitter_card":"summary_large_image","twitter_misc":{"Est. reading time":"4 minutes"},"schema":{"@context":"https:\/\/schema.org","@graph":[{"@type":"WebPage","@id":"https:\/\/kgerad.de\/produkt\/abus-770a-smartx-buegelschloss-inkl-uskf-halterung\/","url":"https:\/\/kgerad.de\/produkt\/abus-770a-smartx-buegelschloss-inkl-uskf-halterung\/","name":"Abus 770A SmartX\u2122 B\u00fcgelschloss inkl. USKF Halterung","isPartOf":{"@id":"https:\/\/kgerad.de\/#website"},"primaryImageOfPage":{"@id":"https:\/\/kgerad.de\/produkt\/abus-770a-smartx-buegelschloss-inkl-uskf-halterung\/#primaryimage"},"image":{"@id":"https:\/\/kgerad.de\/produkt\/abus-770a-smartx-buegelschloss-inkl-uskf-halterung\/#primaryimage"},"thumbnailUrl":"https:\/\/kgerad.de\/wp-content\/uploads\/2023\/06\/Abus-770A-SmartX-inkl-USKF-Halterung-82359-H_800x800-00.jpg","datePublished":"2022-12-06T08:51:26+00:00","dateModified":"2023-08-10T18:12:00+00:00","description":"Entdecken Sie unseren Online-Fahrradladen: Gro\u00dfe Auswahl an Modellen f\u00fcr alle Radsportbegeisterten. Von Rennr\u00e4dern bis zu Mountainbikes - finden Sie heute Ihren perfekten Wegbegleiter!","breadcrumb":{"@id":"https:\/\/kgerad.de\/produkt\/abus-770a-smartx-buegelschloss-inkl-uskf-halterung\/#breadcrumb"},"inLanguage":"en-US","potentialAction":[{"@type":"ReadAction","target":["https:\/\/kgerad.de\/produkt\/abus-770a-smartx-buegelschloss-inkl-uskf-halterung\/"]}]},{"@type":"ImageObject","inLanguage":"en-US","@id":"https:\/\/kgerad.de\/produkt\/abus-770a-smartx-buegelschloss-inkl-uskf-halterung\/#primaryimage","url":"https:\/\/kgerad.de\/wp-content\/uploads\/2023\/06\/Abus-770A-SmartX-inkl-USKF-Halterung-82359-H_800x800-00.jpg","contentUrl":"https:\/\/kgerad.de\/wp-content\/uploads\/2023\/06\/Abus-770A-SmartX-inkl-USKF-Halterung-82359-H_800x800-00.jpg","width":721,"height":800,"caption":"Abus 770A SmartX\u2122 B\u00fcgelschloss inkl. USKF Halterung"},{"@type":"BreadcrumbList","@id":"https:\/\/kgerad.de\/produkt\/abus-770a-smartx-buegelschloss-inkl-uskf-halterung\/#breadcrumb","itemListElement":[{"@type":"ListItem","position":1,"name":"Startseite","item":"https:\/\/kgerad.de\/"},{"@type":"ListItem","position":2,"name":"LADEN","item":"https:\/\/kgerad.de\/laden\/"},{"@type":"ListItem","position":3,"name":"Abus 770A SmartX\u2122 B\u00fcgelschloss inkl. USKF Halterung"}]},{"@type":"WebSite","@id":"https:\/\/kgerad.de\/#website","url":"https:\/\/kgerad.de\/","name":"kgerad.de","description":"Treten Sie mit uns ins Abenteuer!","publisher":{"@id":"https:\/\/kgerad.de\/#organization"},"alternateName":"MEIN RADLADEN","potentialAction":[{"@type":"SearchAction","target":{"@type":"EntryPoint","urlTemplate":"https:\/\/kgerad.de\/?s={search_term_string}"},"query-input":{"@type":"PropertyValueSpecification","valueRequired":true,"valueName":"search_term_string"}}],"inLanguage":"en-US"},{"@type":"Organization","@id":"https:\/\/kgerad.de\/#organization","name":"MEINRADLADEN","alternateName":"MEIN RADLADEN","url":"https:\/\/kgerad.de\/","logo":{"@type":"ImageObject","inLanguage":"en-US","@id":"https:\/\/kgerad.de\/#\/schema\/logo\/image\/","url":"https:\/\/kgerad.de\/wp-content\/uploads\/2025\/07\/logo-Whit.svg","contentUrl":"https:\/\/kgerad.de\/wp-content\/uploads\/2025\/07\/logo-Whit.svg","width":1640,"height":371,"caption":"MEINRADLADEN"},"image":{"@id":"https:\/\/kgerad.de\/#\/schema\/logo\/image\/"}}]}},"_links":{"self":[{"href":"https:\/\/kgerad.de\/en\/wp-json\/wp\/v2\/product\/48033","targetHints":{"allow":["GET"]}}],"collection":[{"href":"https:\/\/kgerad.de\/en\/wp-json\/wp\/v2\/product"}],"about":[{"href":"https:\/\/kgerad.de\/en\/wp-json\/wp\/v2\/types\/product"}],"replies":[{"embeddable":true,"href":"https:\/\/kgerad.de\/en\/wp-json\/wp\/v2\/comments?post=48033"}],"version-history":[{"count":2,"href":"https:\/\/kgerad.de\/en\/wp-json\/wp\/v2\/product\/48033\/revisions"}],"predecessor-version":[{"id":78803,"href":"https:\/\/kgerad.de\/en\/wp-json\/wp\/v2\/product\/48033\/revisions\/78803"}],"wp:featuredmedia":[{"embeddable":true,"href":"https:\/\/kgerad.de\/en\/wp-json\/wp\/v2\/media\/64483"}],"wp:attachment":[{"href":"https:\/\/kgerad.de\/en\/wp-json\/wp\/v2\/media?parent=48033"}],"wp:term":[{"taxonomy":"product_brand","embeddable":true,"href":"https:\/\/kgerad.de\/en\/wp-json\/wp\/v2\/product_brand?post=48033"},{"taxonomy":"product_cat","embeddable":true,"href":"https:\/\/kgerad.de\/en\/wp-json\/wp\/v2\/product_cat?post=48033"},{"taxonomy":"product_tag","embeddable":true,"href":"https:\/\/kgerad.de\/en\/wp-json\/wp\/v2\/product_tag?post=48033"}],"curies":[{"name":"wp","href":"https:\/\/api.w.org\/{rel}","templated":true}]}}