{"id":48021,"date":"2022-12-06T09:28:52","date_gmt":"2022-12-06T08:28:52","guid":{"rendered":"https:\/\/kgerad.de\/?post_type=product&#038;p=48021"},"modified":"2023-08-10T20:12:27","modified_gmt":"2023-08-10T18:12:27","slug":"abus-bordo-big-6000k-120-bk-sh-twinset-faltschloss","status":"publish","type":"product","link":"https:\/\/kgerad.de\/en\/product\/abus-bordo-big-6000k-120-bk-sh-twinset-faltschloss\/","title":{"rendered":"Abus Bordo Big 6000K\/120 BK SH Twinset Faltschloss"},"content":{"rendered":"<h2 class=\"product--title\"><strong>Abus<\/strong>\u00a0Bordo Big 6000K\/120 BK SH Twinset Faltschloss<\/h2>\n<p>Das Abus Bordo Big Faltschloss mit Sicherheitslevel 10 von 15 ist der <a href=\"http:\/\/1-1\">Klassiker<\/a> und Innovationstr\u00e4ger in gleichem Ma\u00dfe. Mit 5mm starken Stahlst\u00e4ben und extra weicher 2-Komponenten-Ummantelung zum Schutz vor Lacksch\u00e4den sind die Schl\u00f6sser der BORDO\u2122-Familie in ihren Eigenschaften einzigartig!<\/p>\n<h2>Focus auf Sicherheit, Handling und Flexibilit\u00e4t: Bordo Big 6000K\/120 BK SH Twinset Faltschloss von Abus<\/h2>\n<p>Sechs 5 mm starke faltbare Stahlst\u00e4be, verbunden durch Spezialnieten, zusammenzuklappen wie ein Zollstock \u2013 so sieht es aus, das Faltschloss BORDO 6000K. Die Idee ist nicht neu, die Schl\u00f6sser der Bordo Familie von ABUS sind mittlerweile echte Klassiker, ihre Funktionalit\u00e4t ist dennoch un\u00fcbertroffen. Hierbei handelt es sich um eine Variante, die sich durch einen Schl\u00fcssel \u00f6ffnen l\u00e4sst.<\/p>\n<p>Darauf l\u00e4sst auch das K f\u00fcr \u201eKey\u201c im Produktnamen schlie\u00dfen. Hergestellt aus speziell geh\u00e4rtetem Stahl bieten die St\u00e4be und das Geh\u00e4use eine hohe Widerstandskraft. Gleichzeitig sorgt der hochwertige ABUS XPlus Zylinder f\u00fcr besonders hohen Schutz, z. B. vor Picking. Ein weicher und zugleich widerstandf\u00e4higen Schutz vor Kratzern am Rad ist durch die Ummantelung gegeben. Au\u00dferdem macht diese das Schloss griffig. Die Qualit\u00e4t \u201eMade in Germany\u201c sorgt f\u00fcr internationale Auszeichnungen.<\/p>\n<hr \/>\n<h3>Features &#8211; Bordo Big 6000K\/120 BK Faltschloss mit Sicherheitslevel 10 von 15<\/h3>\n<ul>\n<li>Guter Schutz bei mittlerem Diebstahlrisiko<\/li>\n<li>Empfohlen f\u00fcr die Absicherung guter Zweir\u00e4der<\/li>\n<li>5 mm starke St\u00e4be mit extra weicher und zugleich widerstandsf\u00e4higer Ummantelung zum Schutz vor Lacksch\u00e4den<\/li>\n<li>Die St\u00e4be und das Geh\u00e4use sind aus speziell geh\u00e4rtetem Stahl gefertigt<\/li>\n<li>Verbindung der St\u00e4be durch Spezialniete<\/li>\n<li>ABUS Plus Zylinder f\u00fcr hohen Schutz vor Manipulationen, z.B. Picking<\/li>\n<li>Inklusive SH \u2013 Schlosshalterung f\u00fcr den einfachen Transport am Fahrrad, die dank praktischer Spannb\u00e4nder werkzeugfrei montiert werden kann<\/li>\n<li>Schloss wird frontal aus der Halterung entnommen<\/li>\n<\/ul>\n<h3>Produkteigenschaften<\/h3>\n<ul>\n<li><strong>Sicherheitslevel:\u00a0<\/strong>10 von 15<\/li>\n<li><strong>Halter:<\/strong>\u00a0Mit Halter<\/li>\n<li><strong>Halterung:<\/strong>\u00a0SH<\/li>\n<li><strong>Schlie\u00dftyp<\/strong>: Schl\u00fcssel<\/li>\n<li><strong>Umfang:<\/strong>\u00a0120 cm<\/li>\n<li><strong>Breite:<\/strong>\u00a080mm<\/li>\n<\/ul>\n<h3>Material<\/h3>\n<ul>\n<li>Speziell geh\u00e4rteter Stahl<\/li>\n<\/ul>\n<h3>Farbe<\/h3>\n<ul>\n<li>black<\/li>\n<\/ul>\n<h3>Gewicht<\/h3>\n<ul>\n<li>1546g (Herstellerangabe)<\/li>\n<\/ul>\n<hr \/>\n<h3>Lieferumfang<\/h3>\n<ul>\n<li>2 Abus Bordo Big 6000K\/120 BK Faltschloss<\/li>\n<li>2 Abus SH Halterung<\/li>\n<li>4 Abus Schl\u00fcssel<\/li>\n<\/ul>\n<hr \/>\n<h3>Technologie<\/h3>\n<h3><strong>Das ABUS-Level-System<\/strong><\/h3>\n<p>An ein Fahrradschloss k\u00f6nnen sehr unterschiedliche Anforderungen gestellt werden. Die zwei Hauptaspekte sind das Rad, welches gesichert werden soll, und die \u00d6rtlichkeit, wo man es anschlie\u00dfen m\u00f6chte. Aber auch das Gewicht des Schlosses spielt eine Rolle \u2013 ein Schloss f\u00fcr unterwegs darf nicht zu schwer sein, im Gegensatz zur Sicherung f\u00fcr zu Hause. Das ABUS-Levelsystem ist ein transparentes System, das den Sicherheitsgrad des Schlosses wiedergibt. Die Skala \u2013 dargestellt als Tachometer \u2013 reicht bei Fahrradschl\u00f6ssern bis Level 15. So findest du leichter das passende Schloss f\u00fcr dich und dein<\/p>\n<h2 class=\"product--rating-container\"><\/h2>","protected":false},"excerpt":{"rendered":"<p>Abus\u00a0Bordo Big 6000K\/120 BK SH Twinset Faltschloss Das Abus Bordo Big Faltschloss mit Sicherheitslevel 10 von 15 ist der Klassiker<\/p>","protected":false},"featured_media":64475,"comment_status":"open","ping_status":"closed","template":"","meta":[],"product_brand":[],"product_cat":[597,573],"product_tag":[],"class_list":{"0":"post-48021","1":"product","2":"type-product","3":"status-publish","4":"has-post-thumbnail","6":"product_cat-fahrradschloss","7":"product_cat-zubehor","8":"pa_marke-abus","10":"first","11":"instock","12":"sale","13":"taxable","14":"shipping-taxable","15":"purchasable","16":"product-type-simple"},"yoast_head":"<!-- This site is optimized with the Yoast SEO Premium plugin v20.12 (Yoast SEO v27.1.1) - https:\/\/yoast.com\/product\/yoast-seo-premium-wordpress\/ -->\n<title>Abus Bordo Big 6000K\/120 BK SH Twinset Faltschloss<\/title>\n<meta name=\"description\" content=\"Entdecken Sie unseren Online-Fahrradladen: Gro\u00dfe Auswahl an Modellen f\u00fcr alle Radsportbegeisterten. Von Rennr\u00e4dern bis zu Mountainbikes - finden Sie heute Ihren perfekten Wegbegleiter!\" \/>\n<meta name=\"robots\" content=\"index, follow, max-snippet:-1, max-image-preview:large, max-video-preview:-1\" \/>\n<link rel=\"canonical\" href=\"https:\/\/kgerad.de\/en\/product\/abus-bordo-big-6000k-120-bk-sh-twinset-faltschloss\/\" \/>\n<meta property=\"og:locale\" content=\"en_US\" \/>\n<meta property=\"og:type\" content=\"article\" \/>\n<meta property=\"og:title\" content=\"Abus Bordo Big 6000K\/120 BK SH Twinset Faltschloss\" \/>\n<meta property=\"og:description\" content=\"Entdecken Sie unseren Online-Fahrradladen: Gro\u00dfe Auswahl an Modellen f\u00fcr alle Radsportbegeisterten. Von Rennr\u00e4dern bis zu Mountainbikes - finden Sie heute Ihren perfekten Wegbegleiter!\" \/>\n<meta property=\"og:url\" content=\"https:\/\/kgerad.de\/en\/product\/abus-bordo-big-6000k-120-bk-sh-twinset-faltschloss\/\" \/>\n<meta property=\"og:site_name\" content=\"kgerad.de\" \/>\n<meta property=\"article:modified_time\" content=\"2023-08-10T18:12:27+00:00\" \/>\n<meta property=\"og:image\" content=\"https:\/\/kgerad.de\/wp-content\/uploads\/2023\/06\/abus-62091-Bordo-Big-6000K120-BK-SH-Twinset-Faltschloss-1_800x800-0.jpg\" \/>\n\t<meta property=\"og:image:width\" content=\"766\" \/>\n\t<meta property=\"og:image:height\" content=\"800\" \/>\n\t<meta property=\"og:image:type\" content=\"image\/jpeg\" \/>\n<meta name=\"twitter:card\" content=\"summary_large_image\" \/>\n<meta name=\"twitter:label1\" content=\"Est. reading time\" \/>\n\t<meta name=\"twitter:data1\" content=\"3 minutes\" \/>\n<script type=\"application\/ld+json\" class=\"yoast-schema-graph\">{\"@context\":\"https:\/\/schema.org\",\"@graph\":[{\"@type\":\"WebPage\",\"@id\":\"https:\/\/kgerad.de\/produkt\/abus-bordo-big-6000k-120-bk-sh-twinset-faltschloss\/\",\"url\":\"https:\/\/kgerad.de\/produkt\/abus-bordo-big-6000k-120-bk-sh-twinset-faltschloss\/\",\"name\":\"Abus Bordo Big 6000K\/120 BK SH Twinset Faltschloss\",\"isPartOf\":{\"@id\":\"https:\/\/kgerad.de\/#website\"},\"primaryImageOfPage\":{\"@id\":\"https:\/\/kgerad.de\/produkt\/abus-bordo-big-6000k-120-bk-sh-twinset-faltschloss\/#primaryimage\"},\"image\":{\"@id\":\"https:\/\/kgerad.de\/produkt\/abus-bordo-big-6000k-120-bk-sh-twinset-faltschloss\/#primaryimage\"},\"thumbnailUrl\":\"https:\/\/kgerad.de\/wp-content\/uploads\/2023\/06\/abus-62091-Bordo-Big-6000K120-BK-SH-Twinset-Faltschloss-1_800x800-0.jpg\",\"datePublished\":\"2022-12-06T08:28:52+00:00\",\"dateModified\":\"2023-08-10T18:12:27+00:00\",\"description\":\"Entdecken Sie unseren Online-Fahrradladen: Gro\u00dfe Auswahl an Modellen f\u00fcr alle Radsportbegeisterten. Von Rennr\u00e4dern bis zu Mountainbikes - finden Sie heute Ihren perfekten Wegbegleiter!\",\"breadcrumb\":{\"@id\":\"https:\/\/kgerad.de\/produkt\/abus-bordo-big-6000k-120-bk-sh-twinset-faltschloss\/#breadcrumb\"},\"inLanguage\":\"en-US\",\"potentialAction\":[{\"@type\":\"ReadAction\",\"target\":[\"https:\/\/kgerad.de\/produkt\/abus-bordo-big-6000k-120-bk-sh-twinset-faltschloss\/\"]}]},{\"@type\":\"ImageObject\",\"inLanguage\":\"en-US\",\"@id\":\"https:\/\/kgerad.de\/produkt\/abus-bordo-big-6000k-120-bk-sh-twinset-faltschloss\/#primaryimage\",\"url\":\"https:\/\/kgerad.de\/wp-content\/uploads\/2023\/06\/abus-62091-Bordo-Big-6000K120-BK-SH-Twinset-Faltschloss-1_800x800-0.jpg\",\"contentUrl\":\"https:\/\/kgerad.de\/wp-content\/uploads\/2023\/06\/abus-62091-Bordo-Big-6000K120-BK-SH-Twinset-Faltschloss-1_800x800-0.jpg\",\"width\":766,\"height\":800,\"caption\":\"Abus Bordo Big 6000K120 BK SH Twinset Faltschloss\"},{\"@type\":\"BreadcrumbList\",\"@id\":\"https:\/\/kgerad.de\/produkt\/abus-bordo-big-6000k-120-bk-sh-twinset-faltschloss\/#breadcrumb\",\"itemListElement\":[{\"@type\":\"ListItem\",\"position\":1,\"name\":\"Startseite\",\"item\":\"https:\/\/kgerad.de\/\"},{\"@type\":\"ListItem\",\"position\":2,\"name\":\"LADEN\",\"item\":\"https:\/\/kgerad.de\/laden\/\"},{\"@type\":\"ListItem\",\"position\":3,\"name\":\"Abus Bordo Big 6000K\/120 BK SH Twinset Faltschloss\"}]},{\"@type\":\"WebSite\",\"@id\":\"https:\/\/kgerad.de\/#website\",\"url\":\"https:\/\/kgerad.de\/\",\"name\":\"kgerad.de\",\"description\":\"Treten Sie mit uns ins Abenteuer!\",\"publisher\":{\"@id\":\"https:\/\/kgerad.de\/#organization\"},\"alternateName\":\"MEIN RADLADEN\",\"potentialAction\":[{\"@type\":\"SearchAction\",\"target\":{\"@type\":\"EntryPoint\",\"urlTemplate\":\"https:\/\/kgerad.de\/?s={search_term_string}\"},\"query-input\":{\"@type\":\"PropertyValueSpecification\",\"valueRequired\":true,\"valueName\":\"search_term_string\"}}],\"inLanguage\":\"en-US\"},{\"@type\":\"Organization\",\"@id\":\"https:\/\/kgerad.de\/#organization\",\"name\":\"MEINRADLADEN\",\"alternateName\":\"MEIN RADLADEN\",\"url\":\"https:\/\/kgerad.de\/\",\"logo\":{\"@type\":\"ImageObject\",\"inLanguage\":\"en-US\",\"@id\":\"https:\/\/kgerad.de\/#\/schema\/logo\/image\/\",\"url\":\"https:\/\/kgerad.de\/wp-content\/uploads\/2025\/07\/logo-Whit.svg\",\"contentUrl\":\"https:\/\/kgerad.de\/wp-content\/uploads\/2025\/07\/logo-Whit.svg\",\"width\":1640,\"height\":371,\"caption\":\"MEINRADLADEN\"},\"image\":{\"@id\":\"https:\/\/kgerad.de\/#\/schema\/logo\/image\/\"}}]}<\/script>\n<!-- \/ Yoast SEO Premium plugin. -->","yoast_head_json":{"title":"Abus Bordo Big 6000K\/120 BK SH Twinset Faltschloss","description":"Entdecken Sie unseren Online-Fahrradladen: Gro\u00dfe Auswahl an Modellen f\u00fcr alle Radsportbegeisterten. Von Rennr\u00e4dern bis zu Mountainbikes - finden Sie heute Ihren perfekten Wegbegleiter!","robots":{"index":"index","follow":"follow","max-snippet":"max-snippet:-1","max-image-preview":"max-image-preview:large","max-video-preview":"max-video-preview:-1"},"canonical":"https:\/\/kgerad.de\/en\/product\/abus-bordo-big-6000k-120-bk-sh-twinset-faltschloss\/","og_locale":"en_US","og_type":"article","og_title":"Abus Bordo Big 6000K\/120 BK SH Twinset Faltschloss","og_description":"Entdecken Sie unseren Online-Fahrradladen: Gro\u00dfe Auswahl an Modellen f\u00fcr alle Radsportbegeisterten. Von Rennr\u00e4dern bis zu Mountainbikes - finden Sie heute Ihren perfekten Wegbegleiter!","og_url":"https:\/\/kgerad.de\/en\/product\/abus-bordo-big-6000k-120-bk-sh-twinset-faltschloss\/","og_site_name":"kgerad.de","article_modified_time":"2023-08-10T18:12:27+00:00","og_image":[{"width":766,"height":800,"url":"https:\/\/kgerad.de\/wp-content\/uploads\/2023\/06\/abus-62091-Bordo-Big-6000K120-BK-SH-Twinset-Faltschloss-1_800x800-0.jpg","type":"image\/jpeg"}],"twitter_card":"summary_large_image","twitter_misc":{"Est. reading time":"3 minutes"},"schema":{"@context":"https:\/\/schema.org","@graph":[{"@type":"WebPage","@id":"https:\/\/kgerad.de\/produkt\/abus-bordo-big-6000k-120-bk-sh-twinset-faltschloss\/","url":"https:\/\/kgerad.de\/produkt\/abus-bordo-big-6000k-120-bk-sh-twinset-faltschloss\/","name":"Abus Bordo Big 6000K\/120 BK SH Twinset Faltschloss","isPartOf":{"@id":"https:\/\/kgerad.de\/#website"},"primaryImageOfPage":{"@id":"https:\/\/kgerad.de\/produkt\/abus-bordo-big-6000k-120-bk-sh-twinset-faltschloss\/#primaryimage"},"image":{"@id":"https:\/\/kgerad.de\/produkt\/abus-bordo-big-6000k-120-bk-sh-twinset-faltschloss\/#primaryimage"},"thumbnailUrl":"https:\/\/kgerad.de\/wp-content\/uploads\/2023\/06\/abus-62091-Bordo-Big-6000K120-BK-SH-Twinset-Faltschloss-1_800x800-0.jpg","datePublished":"2022-12-06T08:28:52+00:00","dateModified":"2023-08-10T18:12:27+00:00","description":"Entdecken Sie unseren Online-Fahrradladen: Gro\u00dfe Auswahl an Modellen f\u00fcr alle Radsportbegeisterten. Von Rennr\u00e4dern bis zu Mountainbikes - finden Sie heute Ihren perfekten Wegbegleiter!","breadcrumb":{"@id":"https:\/\/kgerad.de\/produkt\/abus-bordo-big-6000k-120-bk-sh-twinset-faltschloss\/#breadcrumb"},"inLanguage":"en-US","potentialAction":[{"@type":"ReadAction","target":["https:\/\/kgerad.de\/produkt\/abus-bordo-big-6000k-120-bk-sh-twinset-faltschloss\/"]}]},{"@type":"ImageObject","inLanguage":"en-US","@id":"https:\/\/kgerad.de\/produkt\/abus-bordo-big-6000k-120-bk-sh-twinset-faltschloss\/#primaryimage","url":"https:\/\/kgerad.de\/wp-content\/uploads\/2023\/06\/abus-62091-Bordo-Big-6000K120-BK-SH-Twinset-Faltschloss-1_800x800-0.jpg","contentUrl":"https:\/\/kgerad.de\/wp-content\/uploads\/2023\/06\/abus-62091-Bordo-Big-6000K120-BK-SH-Twinset-Faltschloss-1_800x800-0.jpg","width":766,"height":800,"caption":"Abus Bordo Big 6000K120 BK SH Twinset Faltschloss"},{"@type":"BreadcrumbList","@id":"https:\/\/kgerad.de\/produkt\/abus-bordo-big-6000k-120-bk-sh-twinset-faltschloss\/#breadcrumb","itemListElement":[{"@type":"ListItem","position":1,"name":"Startseite","item":"https:\/\/kgerad.de\/"},{"@type":"ListItem","position":2,"name":"LADEN","item":"https:\/\/kgerad.de\/laden\/"},{"@type":"ListItem","position":3,"name":"Abus Bordo Big 6000K\/120 BK SH Twinset Faltschloss"}]},{"@type":"WebSite","@id":"https:\/\/kgerad.de\/#website","url":"https:\/\/kgerad.de\/","name":"kgerad.de","description":"Treten Sie mit uns ins Abenteuer!","publisher":{"@id":"https:\/\/kgerad.de\/#organization"},"alternateName":"MEIN RADLADEN","potentialAction":[{"@type":"SearchAction","target":{"@type":"EntryPoint","urlTemplate":"https:\/\/kgerad.de\/?s={search_term_string}"},"query-input":{"@type":"PropertyValueSpecification","valueRequired":true,"valueName":"search_term_string"}}],"inLanguage":"en-US"},{"@type":"Organization","@id":"https:\/\/kgerad.de\/#organization","name":"MEINRADLADEN","alternateName":"MEIN RADLADEN","url":"https:\/\/kgerad.de\/","logo":{"@type":"ImageObject","inLanguage":"en-US","@id":"https:\/\/kgerad.de\/#\/schema\/logo\/image\/","url":"https:\/\/kgerad.de\/wp-content\/uploads\/2025\/07\/logo-Whit.svg","contentUrl":"https:\/\/kgerad.de\/wp-content\/uploads\/2025\/07\/logo-Whit.svg","width":1640,"height":371,"caption":"MEINRADLADEN"},"image":{"@id":"https:\/\/kgerad.de\/#\/schema\/logo\/image\/"}}]}},"_links":{"self":[{"href":"https:\/\/kgerad.de\/en\/wp-json\/wp\/v2\/product\/48021","targetHints":{"allow":["GET"]}}],"collection":[{"href":"https:\/\/kgerad.de\/en\/wp-json\/wp\/v2\/product"}],"about":[{"href":"https:\/\/kgerad.de\/en\/wp-json\/wp\/v2\/types\/product"}],"replies":[{"embeddable":true,"href":"https:\/\/kgerad.de\/en\/wp-json\/wp\/v2\/comments?post=48021"}],"version-history":[{"count":1,"href":"https:\/\/kgerad.de\/en\/wp-json\/wp\/v2\/product\/48021\/revisions"}],"predecessor-version":[{"id":78798,"href":"https:\/\/kgerad.de\/en\/wp-json\/wp\/v2\/product\/48021\/revisions\/78798"}],"wp:featuredmedia":[{"embeddable":true,"href":"https:\/\/kgerad.de\/en\/wp-json\/wp\/v2\/media\/64475"}],"wp:attachment":[{"href":"https:\/\/kgerad.de\/en\/wp-json\/wp\/v2\/media?parent=48021"}],"wp:term":[{"taxonomy":"product_brand","embeddable":true,"href":"https:\/\/kgerad.de\/en\/wp-json\/wp\/v2\/product_brand?post=48021"},{"taxonomy":"product_cat","embeddable":true,"href":"https:\/\/kgerad.de\/en\/wp-json\/wp\/v2\/product_cat?post=48021"},{"taxonomy":"product_tag","embeddable":true,"href":"https:\/\/kgerad.de\/en\/wp-json\/wp\/v2\/product_tag?post=48021"}],"curies":[{"name":"wp","href":"https:\/\/api.w.org\/{rel}","templated":true}]}}