{"id":48005,"date":"2022-12-05T21:37:54","date_gmt":"2022-12-05T20:37:54","guid":{"rendered":"https:\/\/kgerad.de\/?post_type=product&#038;p=48005"},"modified":"2023-08-10T20:12:55","modified_gmt":"2023-08-10T18:12:55","slug":"abus-770a-smartx-inkl-uskf-halterung","status":"publish","type":"product","link":"https:\/\/kgerad.de\/en\/product\/abus-770a-smartx-inkl-uskf-halterung\/","title":{"rendered":"Abus 770A SmartX\u2122 inkl. USKF Halterung"},"content":{"rendered":"<div class=\"product--headername\">\n<h2 class=\"product--title\"><strong>Abus<\/strong> 770A SmartX\u2122 inkl. USKF Halterung<\/h2>\n<\/div>\n<p>Das Abus 770A SmartX\u2122 Granit Extreme 59\/180 B\u00fcgelschloss mit Sicherheitslevel 20 von 20 vereint ABUS Sicherheit und Handhabung und bietet den aller besten Schutz. Ideal f\u00fcr die Absicherung von Fahrr\u00e4dern und Motorr\u00e4dern geeignet. Mit einem doppelt verriegelten, 16 mm starken Vierkant-Parabolb\u00fcgel des ABUS GRANIT\u2122 Extreme 59, haben Diebe keine Chance.<\/p>\n<h2>Sicher hinter Schloss und B\u00fcgel: ABUS Granit Extreme 59\/180 B\u00fcgelschloss<\/h2>\n<p>Der B\u00fcgel und weitere sicherheitsrelevante Teile des GRANIT\u2122 Extreme 59 sind aus geh\u00e4rtetem Spezialstahl gefertigt. Ein ABUS XPlus Zylinder erh\u00f6ht die Sicherheit gegen Manipulationen wie Picking. Beim Transport ist das GRANIT\u2122 Extreme 59 ganz flexibel: Du kannst es mit dem optionalen SH 59-Halter an 12-17 mm starken Rohren befestigen. Oder Du nutzt die optionale Monolock Adapterplatte M6M von GIVI als voll integrierte Befestigungsm\u00f6glichkeit.<\/p>\n<hr \/>\n<h3>Features &#8211; ABUS GRANIT\u2122 Extreme 59\/180HB<\/h3>\n<ul>\n<li>Sehr guter Schutz bei hohem Diebstahlrisiko<\/li>\n<li>Empfohlen f\u00fcr die Absicherung hochwertiger Fahrr\u00e4der und Motorr\u00e4der<\/li>\n<li>16 mm Vierkant-Parabolb\u00fcgel<\/li>\n<li>Doppelte Verriegelung des B\u00fcgels im Schlossk\u00f6rper<\/li>\n<li>Der B\u00fcgel, das Geh\u00e4use sowie tragende Teile des Verriegelungsmechanismus sind aus speziell geh\u00e4rtetem Stahl gefertigt<\/li>\n<li>ABUS XPlus Zylinder f\u00fcr \u00e4u\u00dferst hohen Schutz vor Manipulationen, z.B. Picking<\/li>\n<li>Zwei Schl\u00fcssel im Lieferumfang enthalten, davon ein LED-Leuchtschl\u00fcssel<\/li>\n<li>Manuelles Verdeck f\u00fcr das Schl\u00fcsselloch gegen Verschmutzung und Korrosion<\/li>\n<li>ABUS Code Card f\u00fcr Nach- und Ersatzschl\u00fcssel<\/li>\n<\/ul>\n<h3>Halter Kompatibilit\u00e4t<\/h3>\n<ul>\n<li>SH 59 &#8211; Halter f\u00fcr schnelle Montage an runden Rohren mit Durchmesser 12 &#8211; 17 mm &#8211;\u00a0<em>Nicht im Lieferumfang enthalten!<\/em><\/li>\n<li>Monolock Adapterplatte M6M von GIVI dient als voll integrierte Befestigungsm\u00f6glichkeit, f\u00fcr eine unkomplizierte Aufnahme nahezu aller ABUS Motorrad-B\u00fcgelschl\u00f6sser ab einer B\u00fcgelh\u00f6he von 300 mm &#8211;\u00a0<em>Nicht im Lieferumfang enthalten!<\/em><\/li>\n<\/ul>\n<h3>Produkteigenschaften<\/h3>\n<ul>\n<li><strong>Sicherheitslevel (Motorrad):<\/strong>\u00a020 von 20<\/li>\n<li><strong>Halter:<\/strong>\u00a0Ohne Halter<\/li>\n<li><strong>Schlie\u00dftyp:<\/strong>\u00a0Wendeschl\u00fcssel<\/li>\n<li><strong>Dimensionen:<\/strong>\n<ul>\n<li><strong>Breite:<\/strong>\u00a0111 mm<\/li>\n<li><strong>St\u00e4rke:<\/strong>\u00a016 mm<\/li>\n<\/ul>\n<\/li>\n<\/ul>\n<h3>Gr\u00f6\u00dfe (Variante w\u00e4hlen)<\/h3>\n<ul>\n<li>245mm<\/li>\n<li>260mm<\/li>\n<\/ul>\n<h3>Farbe<\/h3>\n<ul>\n<li>black<\/li>\n<\/ul>\n<h3>Gewicht (Herstellerangabe)<\/h3>\n<ul>\n<li><strong>2600g:<\/strong>\u00a0245mm<\/li>\n<li><strong>2700g:<\/strong>\u00a0260mm<\/li>\n<\/ul>\n<hr \/>\n<h3>Lieferumfang<\/h3>\n<ul>\n<li>1 x Granit Extreme 59\/180 B\u00fcgelschloss<\/li>\n<li>1 x Wendeschl\u00fcssel<\/li>\n<li>1 x LED Wendeschl\u00fcssel<\/li>\n<li>1 x Abus Code Card<\/li>\n<\/ul>\n<hr \/>\n<h3>Technologie<\/h3>\n<p><strong>Das ABUS-Level-System<\/strong><br \/>\nDas ABUS Levelsystem ist ein transparentes System, das ausschlie\u00dflich den Sicherheitsgrad des Schlosses darstellt. Die Skala \u2013 dargestellt als Tachometer \u2013 reicht bei Fahrradschl\u00f6ssern bis Level 15; bei Motorradschl\u00f6ssern ist Level 20 die obere Grenze. Mit dem Levelsystem erreicht Abus eine bessere Lesbarkeit und vermittelt auf den ersten Blick einen der entscheidenden Aspekte beim Kauf eines Sicherheitsproduktes: den Sicherheitsgrad.<\/p>","protected":false},"excerpt":{"rendered":"<p>Abus 770A SmartX\u2122 inkl. USKF Halterung Das Abus 770A SmartX\u2122 Granit Extreme 59\/180 B\u00fcgelschloss mit Sicherheitslevel 20 von 20 vereint<\/p>","protected":false},"featured_media":64462,"comment_status":"open","ping_status":"closed","template":"","meta":[],"product_brand":[],"product_cat":[595,573],"product_tag":[],"class_list":{"0":"post-48005","1":"product","2":"type-product","3":"status-publish","4":"has-post-thumbnail","6":"product_cat-fahrradpumpe","7":"product_cat-zubehor","8":"pa_marke-abus","10":"first","11":"instock","12":"sale","13":"taxable","14":"shipping-taxable","15":"purchasable","16":"product-type-simple"},"yoast_head":"<!-- This site is optimized with the Yoast SEO Premium plugin v20.12 (Yoast SEO v27.1.1) - https:\/\/yoast.com\/product\/yoast-seo-premium-wordpress\/ -->\n<title>Abus 770A SmartX\u2122 inkl. USKF Halterung<\/title>\n<meta name=\"description\" content=\"kgerad.de bietet Ihnen das Abus 770A SmartX\u2122 inkl. USKF Halterung zum besten Preis mit kostenlosem Versand in ganz EuropaAbus 770A SmartX\u2122Abus 770A SmartX\u2122\" \/>\n<meta name=\"robots\" content=\"index, follow, max-snippet:-1, max-image-preview:large, max-video-preview:-1\" \/>\n<link rel=\"canonical\" href=\"https:\/\/kgerad.de\/en\/product\/abus-770a-smartx-inkl-uskf-halterung\/\" \/>\n<meta property=\"og:locale\" content=\"en_US\" \/>\n<meta property=\"og:type\" content=\"article\" \/>\n<meta property=\"og:title\" content=\"Abus 770A SmartX\u2122 inkl. USKF Halterung\" \/>\n<meta property=\"og:description\" content=\"Entdecken Sie unseren Online-Fahrradladen: Gro\u00dfe Auswahl an Modellen f\u00fcr alle Radsportbegeisterten. Von Rennr\u00e4dern bis zu Mountainbikes - finden Sie heute Ihren perfekten Wegbegleiter!\" \/>\n<meta property=\"og:url\" content=\"https:\/\/kgerad.de\/en\/product\/abus-770a-smartx-inkl-uskf-halterung\/\" \/>\n<meta property=\"og:site_name\" content=\"kgerad.de\" \/>\n<meta property=\"article:modified_time\" content=\"2023-08-10T18:12:55+00:00\" \/>\n<meta property=\"og:image\" content=\"https:\/\/kgerad.de\/wp-content\/uploads\/2023\/06\/58607-20113933-Granit-Extreme-59180-Bugelschloss-1_800x800-0.jpg\" \/>\n\t<meta property=\"og:image:width\" content=\"435\" \/>\n\t<meta property=\"og:image:height\" content=\"800\" \/>\n\t<meta property=\"og:image:type\" content=\"image\/jpeg\" \/>\n<meta name=\"twitter:card\" content=\"summary_large_image\" \/>\n<meta name=\"twitter:label1\" content=\"Est. reading time\" \/>\n\t<meta name=\"twitter:data1\" content=\"3 minutes\" \/>\n<script type=\"application\/ld+json\" class=\"yoast-schema-graph\">{\"@context\":\"https:\/\/schema.org\",\"@graph\":[{\"@type\":\"WebPage\",\"@id\":\"https:\/\/kgerad.de\/produkt\/abus-770a-smartx-inkl-uskf-halterung\/\",\"url\":\"https:\/\/kgerad.de\/produkt\/abus-770a-smartx-inkl-uskf-halterung\/\",\"name\":\"Abus 770A SmartX\u2122 inkl. USKF Halterung\",\"isPartOf\":{\"@id\":\"https:\/\/kgerad.de\/#website\"},\"primaryImageOfPage\":{\"@id\":\"https:\/\/kgerad.de\/produkt\/abus-770a-smartx-inkl-uskf-halterung\/#primaryimage\"},\"image\":{\"@id\":\"https:\/\/kgerad.de\/produkt\/abus-770a-smartx-inkl-uskf-halterung\/#primaryimage\"},\"thumbnailUrl\":\"https:\/\/kgerad.de\/wp-content\/uploads\/2023\/06\/58607-20113933-Granit-Extreme-59180-Bugelschloss-1_800x800-0.jpg\",\"datePublished\":\"2022-12-05T20:37:54+00:00\",\"dateModified\":\"2023-08-10T18:12:55+00:00\",\"description\":\"kgerad.de bietet Ihnen das Abus 770A SmartX\u2122 inkl. USKF Halterung zum besten Preis mit kostenlosem Versand in ganz EuropaAbus 770A SmartX\u2122Abus 770A SmartX\u2122\",\"breadcrumb\":{\"@id\":\"https:\/\/kgerad.de\/produkt\/abus-770a-smartx-inkl-uskf-halterung\/#breadcrumb\"},\"inLanguage\":\"en-US\",\"potentialAction\":[{\"@type\":\"ReadAction\",\"target\":[\"https:\/\/kgerad.de\/produkt\/abus-770a-smartx-inkl-uskf-halterung\/\"]}]},{\"@type\":\"ImageObject\",\"inLanguage\":\"en-US\",\"@id\":\"https:\/\/kgerad.de\/produkt\/abus-770a-smartx-inkl-uskf-halterung\/#primaryimage\",\"url\":\"https:\/\/kgerad.de\/wp-content\/uploads\/2023\/06\/58607-20113933-Granit-Extreme-59180-Bugelschloss-1_800x800-0.jpg\",\"contentUrl\":\"https:\/\/kgerad.de\/wp-content\/uploads\/2023\/06\/58607-20113933-Granit-Extreme-59180-Bugelschloss-1_800x800-0.jpg\",\"width\":435,\"height\":800,\"caption\":\"Abus 770A SmartX\u2122 inkl. USKF Halterung\"},{\"@type\":\"BreadcrumbList\",\"@id\":\"https:\/\/kgerad.de\/produkt\/abus-770a-smartx-inkl-uskf-halterung\/#breadcrumb\",\"itemListElement\":[{\"@type\":\"ListItem\",\"position\":1,\"name\":\"Startseite\",\"item\":\"https:\/\/kgerad.de\/\"},{\"@type\":\"ListItem\",\"position\":2,\"name\":\"LADEN\",\"item\":\"https:\/\/kgerad.de\/laden\/\"},{\"@type\":\"ListItem\",\"position\":3,\"name\":\"Abus 770A SmartX\u2122 inkl. USKF Halterung\"}]},{\"@type\":\"WebSite\",\"@id\":\"https:\/\/kgerad.de\/#website\",\"url\":\"https:\/\/kgerad.de\/\",\"name\":\"kgerad.de\",\"description\":\"Treten Sie mit uns ins Abenteuer!\",\"publisher\":{\"@id\":\"https:\/\/kgerad.de\/#organization\"},\"alternateName\":\"MEIN RADLADEN\",\"potentialAction\":[{\"@type\":\"SearchAction\",\"target\":{\"@type\":\"EntryPoint\",\"urlTemplate\":\"https:\/\/kgerad.de\/?s={search_term_string}\"},\"query-input\":{\"@type\":\"PropertyValueSpecification\",\"valueRequired\":true,\"valueName\":\"search_term_string\"}}],\"inLanguage\":\"en-US\"},{\"@type\":\"Organization\",\"@id\":\"https:\/\/kgerad.de\/#organization\",\"name\":\"MEINRADLADEN\",\"alternateName\":\"MEIN RADLADEN\",\"url\":\"https:\/\/kgerad.de\/\",\"logo\":{\"@type\":\"ImageObject\",\"inLanguage\":\"en-US\",\"@id\":\"https:\/\/kgerad.de\/#\/schema\/logo\/image\/\",\"url\":\"https:\/\/kgerad.de\/wp-content\/uploads\/2025\/07\/logo-Whit.svg\",\"contentUrl\":\"https:\/\/kgerad.de\/wp-content\/uploads\/2025\/07\/logo-Whit.svg\",\"width\":1640,\"height\":371,\"caption\":\"MEINRADLADEN\"},\"image\":{\"@id\":\"https:\/\/kgerad.de\/#\/schema\/logo\/image\/\"}}]}<\/script>\n<!-- \/ Yoast SEO Premium plugin. -->","yoast_head_json":{"title":"Abus 770A SmartX\u2122 inkl. USKF Halterung","description":"kgerad.de bietet Ihnen das Abus 770A SmartX\u2122 inkl. USKF Halterung zum besten Preis mit kostenlosem Versand in ganz EuropaAbus 770A SmartX\u2122Abus 770A SmartX\u2122","robots":{"index":"index","follow":"follow","max-snippet":"max-snippet:-1","max-image-preview":"max-image-preview:large","max-video-preview":"max-video-preview:-1"},"canonical":"https:\/\/kgerad.de\/en\/product\/abus-770a-smartx-inkl-uskf-halterung\/","og_locale":"en_US","og_type":"article","og_title":"Abus 770A SmartX\u2122 inkl. USKF Halterung","og_description":"Entdecken Sie unseren Online-Fahrradladen: Gro\u00dfe Auswahl an Modellen f\u00fcr alle Radsportbegeisterten. Von Rennr\u00e4dern bis zu Mountainbikes - finden Sie heute Ihren perfekten Wegbegleiter!","og_url":"https:\/\/kgerad.de\/en\/product\/abus-770a-smartx-inkl-uskf-halterung\/","og_site_name":"kgerad.de","article_modified_time":"2023-08-10T18:12:55+00:00","og_image":[{"width":435,"height":800,"url":"https:\/\/kgerad.de\/wp-content\/uploads\/2023\/06\/58607-20113933-Granit-Extreme-59180-Bugelschloss-1_800x800-0.jpg","type":"image\/jpeg"}],"twitter_card":"summary_large_image","twitter_misc":{"Est. reading time":"3 minutes"},"schema":{"@context":"https:\/\/schema.org","@graph":[{"@type":"WebPage","@id":"https:\/\/kgerad.de\/produkt\/abus-770a-smartx-inkl-uskf-halterung\/","url":"https:\/\/kgerad.de\/produkt\/abus-770a-smartx-inkl-uskf-halterung\/","name":"Abus 770A SmartX\u2122 inkl. USKF Halterung","isPartOf":{"@id":"https:\/\/kgerad.de\/#website"},"primaryImageOfPage":{"@id":"https:\/\/kgerad.de\/produkt\/abus-770a-smartx-inkl-uskf-halterung\/#primaryimage"},"image":{"@id":"https:\/\/kgerad.de\/produkt\/abus-770a-smartx-inkl-uskf-halterung\/#primaryimage"},"thumbnailUrl":"https:\/\/kgerad.de\/wp-content\/uploads\/2023\/06\/58607-20113933-Granit-Extreme-59180-Bugelschloss-1_800x800-0.jpg","datePublished":"2022-12-05T20:37:54+00:00","dateModified":"2023-08-10T18:12:55+00:00","description":"kgerad.de bietet Ihnen das Abus 770A SmartX\u2122 inkl. USKF Halterung zum besten Preis mit kostenlosem Versand in ganz EuropaAbus 770A SmartX\u2122Abus 770A SmartX\u2122","breadcrumb":{"@id":"https:\/\/kgerad.de\/produkt\/abus-770a-smartx-inkl-uskf-halterung\/#breadcrumb"},"inLanguage":"en-US","potentialAction":[{"@type":"ReadAction","target":["https:\/\/kgerad.de\/produkt\/abus-770a-smartx-inkl-uskf-halterung\/"]}]},{"@type":"ImageObject","inLanguage":"en-US","@id":"https:\/\/kgerad.de\/produkt\/abus-770a-smartx-inkl-uskf-halterung\/#primaryimage","url":"https:\/\/kgerad.de\/wp-content\/uploads\/2023\/06\/58607-20113933-Granit-Extreme-59180-Bugelschloss-1_800x800-0.jpg","contentUrl":"https:\/\/kgerad.de\/wp-content\/uploads\/2023\/06\/58607-20113933-Granit-Extreme-59180-Bugelschloss-1_800x800-0.jpg","width":435,"height":800,"caption":"Abus 770A SmartX\u2122 inkl. USKF Halterung"},{"@type":"BreadcrumbList","@id":"https:\/\/kgerad.de\/produkt\/abus-770a-smartx-inkl-uskf-halterung\/#breadcrumb","itemListElement":[{"@type":"ListItem","position":1,"name":"Startseite","item":"https:\/\/kgerad.de\/"},{"@type":"ListItem","position":2,"name":"LADEN","item":"https:\/\/kgerad.de\/laden\/"},{"@type":"ListItem","position":3,"name":"Abus 770A SmartX\u2122 inkl. USKF Halterung"}]},{"@type":"WebSite","@id":"https:\/\/kgerad.de\/#website","url":"https:\/\/kgerad.de\/","name":"kgerad.de","description":"Treten Sie mit uns ins Abenteuer!","publisher":{"@id":"https:\/\/kgerad.de\/#organization"},"alternateName":"MEIN RADLADEN","potentialAction":[{"@type":"SearchAction","target":{"@type":"EntryPoint","urlTemplate":"https:\/\/kgerad.de\/?s={search_term_string}"},"query-input":{"@type":"PropertyValueSpecification","valueRequired":true,"valueName":"search_term_string"}}],"inLanguage":"en-US"},{"@type":"Organization","@id":"https:\/\/kgerad.de\/#organization","name":"MEINRADLADEN","alternateName":"MEIN RADLADEN","url":"https:\/\/kgerad.de\/","logo":{"@type":"ImageObject","inLanguage":"en-US","@id":"https:\/\/kgerad.de\/#\/schema\/logo\/image\/","url":"https:\/\/kgerad.de\/wp-content\/uploads\/2025\/07\/logo-Whit.svg","contentUrl":"https:\/\/kgerad.de\/wp-content\/uploads\/2025\/07\/logo-Whit.svg","width":1640,"height":371,"caption":"MEINRADLADEN"},"image":{"@id":"https:\/\/kgerad.de\/#\/schema\/logo\/image\/"}}]}},"_links":{"self":[{"href":"https:\/\/kgerad.de\/en\/wp-json\/wp\/v2\/product\/48005","targetHints":{"allow":["GET"]}}],"collection":[{"href":"https:\/\/kgerad.de\/en\/wp-json\/wp\/v2\/product"}],"about":[{"href":"https:\/\/kgerad.de\/en\/wp-json\/wp\/v2\/types\/product"}],"replies":[{"embeddable":true,"href":"https:\/\/kgerad.de\/en\/wp-json\/wp\/v2\/comments?post=48005"}],"version-history":[{"count":1,"href":"https:\/\/kgerad.de\/en\/wp-json\/wp\/v2\/product\/48005\/revisions"}],"predecessor-version":[{"id":78800,"href":"https:\/\/kgerad.de\/en\/wp-json\/wp\/v2\/product\/48005\/revisions\/78800"}],"wp:featuredmedia":[{"embeddable":true,"href":"https:\/\/kgerad.de\/en\/wp-json\/wp\/v2\/media\/64462"}],"wp:attachment":[{"href":"https:\/\/kgerad.de\/en\/wp-json\/wp\/v2\/media?parent=48005"}],"wp:term":[{"taxonomy":"product_brand","embeddable":true,"href":"https:\/\/kgerad.de\/en\/wp-json\/wp\/v2\/product_brand?post=48005"},{"taxonomy":"product_cat","embeddable":true,"href":"https:\/\/kgerad.de\/en\/wp-json\/wp\/v2\/product_cat?post=48005"},{"taxonomy":"product_tag","embeddable":true,"href":"https:\/\/kgerad.de\/en\/wp-json\/wp\/v2\/product_tag?post=48005"}],"curies":[{"name":"wp","href":"https:\/\/api.w.org\/{rel}","templated":true}]}}