{"id":48000,"date":"2022-12-05T21:24:26","date_gmt":"2022-12-05T20:24:26","guid":{"rendered":"https:\/\/kgerad.de\/?post_type=product&#038;p=48000"},"modified":"2023-08-10T20:16:07","modified_gmt":"2023-08-10T18:16:07","slug":"abus-bordo-granit-6500ka-90-faltschloss-inkl-halter-2","status":"publish","type":"product","link":"https:\/\/kgerad.de\/en\/product\/abus-bordo-granit-6500ka-90-faltschloss-inkl-halter-2\/","title":{"rendered":"Abus Bordo Granit 6500KA\/90 Faltschloss inkl. Halter"},"content":{"rendered":"<h2 class=\"product--title\"><strong>Abus<\/strong>\u00a0Bordo Granit 6500KA\/90 Faltschloss inkl. Halter<\/h2>\n<p>Das Abus Bordo Granit mit dem <a href=\"http:\/\/1-1\">h\u00f6chsten<\/a> Sicherheitslevel 15 ist Klassiker und Innovationstr\u00e4ger in gleichem Ma\u00dfe. 5,5mm starke, durch Spezialnieten verbundene Stahlst\u00e4be sowie die intelligente Alarmfunktion bieten ein Optimum an Diebstahlschutz.<\/p>\n<hr \/>\n<h3>Features &#8211; ABUS Bordo Granit 6500KA\/90 Faltschloss inkl. Halter<\/h3>\n<ul>\n<li>Empfohlen f\u00fcr die Absicherung hochwertiger Zweir\u00e4der<\/li>\n<li>5,5 mm starke St\u00e4be, mit extra weicher 2-Komponenten-Ummantelung zum Schutz vor Lacksch\u00e4den<\/li>\n<li>Farblich abgestimmter Silikon\u00fcberzug f\u00fcr den Schlossk\u00f6rper mit &#8222;soft touch&#8220; Eigenschaften<\/li>\n<li>ABUS Link-Protection-Shield bietet hohen S\u00e4geschutz an den Gelenken<\/li>\n<li>Die St\u00e4be, das Geh\u00e4use sowie tragende Teile des Verriegelungsmechanismus sind aus speziell geh\u00e4rtetem Stahl gefertigt<\/li>\n<li>ABUS Plus Zylinder f\u00fcr hohen Schutz vor Manipulation, z.B. Picking<\/li>\n<li>Inklusive intelligenter Alarmfunktion &#8211; einmalige St\u00f6\u00dfe oder Bewegungen l\u00f6sen nur eine 5 Sekunden kurze akustische Warnung aus<\/li>\n<li>Wiederholen sich die Bewegungen, schl\u00e4gt das Schloss f\u00fcr 15 Sekunden mit 100 dB Alarm<\/li>\n<li>Lautsprecher ist gesch\u00fctzt hinter dem Schlie\u00dfstab positioniert<\/li>\n<li>Akustische Singale zeigen den Batterie- und Aktivit\u00e4ts-Status an<\/li>\n<li>Transportposition &#8211; bei nicht komplett eingef\u00fchrtem Schlie\u00dfstab bleibt der Alarm inaktiv<\/li>\n<li>Alarmposition &#8211; bei eingestecktem Schlie\u00dfstab ist der Alarm nach dem Abschlie\u00dfen scharf<\/li>\n<li>Inklusive SH-Schlosshalterung f\u00fcr den Transport am Rad<\/li>\n<\/ul>\n<h3>Produkteigenschaften<\/h3>\n<ul>\n<li><strong>Sicherheitslevel:<\/strong>\u00a015<\/li>\n<li><strong>Schlie\u00dftyp:<\/strong>\u00a0Schl\u00fcssel<\/li>\n<\/ul>\n<h3>Umfang<\/h3>\n<ul>\n<li>90 cm<\/li>\n<\/ul>\n<h3>Farbe<\/h3>\n<ul>\n<li>schwarz<\/li>\n<\/ul>\n<h3>Gewicht<\/h3>\n<ul>\n<li>2.020 g<\/li>\n<\/ul>\n<hr \/>\n<h3>Lieferumfang<\/h3>\n<ul>\n<li>1 x ABUS Bordo Granit 6500KA\/90 Faltschloss<\/li>\n<li>1 x Abus SH Schlosshalter<\/li>\n<li>2 x Abus Schl\u00fcssel<\/li>\n<\/ul>\n<hr \/>\n<h3>Technologie<\/h3>\n<p><strong>Das ABUS-Level-System<\/strong><br \/>\nAn ein Fahrradschloss k\u00f6nnen sehr unterschiedliche Anforderungen gestellt werden. Die zwei Hauptaspekte sind das Rad, welches gesichert werden soll, und die \u00d6rtlichkeit, wo man es anschlie\u00dfen m\u00f6chte. Aber auch das Gewicht des Schlosses spielt eine Rolle \u2013 ein Schloss f\u00fcr unterwegs darf nicht zu schwer sein, im Gegensatz zur Sicherung f\u00fcr zu Hause. Das ABUS-Levelsystem ist ein transparentes System, das den Sicherheitsgrad des Schlosses wiedergibt. Die Skala \u2013 dargestellt als Tachometer \u2013 reicht bei Fahrradschl\u00f6ssern bis Level 15. So findest du leichter das passende Schloss f\u00fcr dich und dein Rad!<\/p>","protected":false},"excerpt":{"rendered":"<p>Abus\u00a0Bordo Granit 6500KA\/90 Faltschloss inkl. Halter Das Abus Bordo Granit mit dem h\u00f6chsten Sicherheitslevel 15 ist Klassiker und Innovationstr\u00e4ger in<\/p>","protected":false},"featured_media":64460,"comment_status":"open","ping_status":"closed","template":"","meta":[],"product_brand":[],"product_cat":[595,573],"product_tag":[],"class_list":{"0":"post-48000","1":"product","2":"type-product","3":"status-publish","4":"has-post-thumbnail","6":"product_cat-fahrradpumpe","7":"product_cat-zubehor","8":"pa_marke-abus","10":"first","11":"instock","12":"sale","13":"taxable","14":"shipping-taxable","15":"purchasable","16":"product-type-simple"},"yoast_head":"<!-- This site is optimized with the Yoast SEO Premium plugin v20.12 (Yoast SEO v27.1.1) - https:\/\/yoast.com\/product\/yoast-seo-premium-wordpress\/ -->\n<title>Abus Bordo Granit 6500KA\/90 Faltschloss inkl. Halter<\/title>\n<meta name=\"description\" content=\"Entdecken Sie unseren Online-Fahrradladen: Gro\u00dfe Auswahl an Modellen f\u00fcr alle Radsportbegeisterten. Von Rennr\u00e4dern bis zu Mountainbikes - finden Sie heute Ihren perfekten Wegbegleiter!\" \/>\n<meta name=\"robots\" content=\"index, follow, max-snippet:-1, max-image-preview:large, max-video-preview:-1\" \/>\n<link rel=\"canonical\" href=\"https:\/\/kgerad.de\/en\/product\/abus-bordo-granit-6500ka-90-faltschloss-inkl-halter-2\/\" \/>\n<meta property=\"og:locale\" content=\"en_US\" \/>\n<meta property=\"og:type\" content=\"article\" \/>\n<meta property=\"og:title\" content=\"Abus Bordo Granit 6500KA\/90 Faltschloss inkl. Halter\" \/>\n<meta property=\"og:description\" content=\"Entdecken Sie unseren Online-Fahrradladen: Gro\u00dfe Auswahl an Modellen f\u00fcr alle Radsportbegeisterten. Von Rennr\u00e4dern bis zu Mountainbikes - finden Sie heute Ihren perfekten Wegbegleiter!\" \/>\n<meta property=\"og:url\" content=\"https:\/\/kgerad.de\/en\/product\/abus-bordo-granit-6500ka-90-faltschloss-inkl-halter-2\/\" \/>\n<meta property=\"og:site_name\" content=\"kgerad.de\" \/>\n<meta property=\"article:modified_time\" content=\"2023-08-10T18:16:07+00:00\" \/>\n<meta property=\"og:image\" content=\"https:\/\/kgerad.de\/wp-content\/uploads\/2023\/06\/4003318690525_ABUS_BordoGranit_6500KA-90-Faltschloss_inklHalter-1_800x800-0.jpg\" \/>\n\t<meta property=\"og:image:width\" content=\"264\" \/>\n\t<meta property=\"og:image:height\" content=\"800\" \/>\n\t<meta property=\"og:image:type\" content=\"image\/jpeg\" \/>\n<meta name=\"twitter:card\" content=\"summary_large_image\" \/>\n<meta name=\"twitter:label1\" content=\"Est. reading time\" \/>\n\t<meta name=\"twitter:data1\" content=\"2 minutes\" \/>\n<script type=\"application\/ld+json\" class=\"yoast-schema-graph\">{\"@context\":\"https:\/\/schema.org\",\"@graph\":[{\"@type\":\"WebPage\",\"@id\":\"https:\/\/kgerad.de\/produkt\/abus-bordo-granit-6500ka-90-faltschloss-inkl-halter-2\/\",\"url\":\"https:\/\/kgerad.de\/produkt\/abus-bordo-granit-6500ka-90-faltschloss-inkl-halter-2\/\",\"name\":\"Abus Bordo Granit 6500KA\/90 Faltschloss inkl. Halter\",\"isPartOf\":{\"@id\":\"https:\/\/kgerad.de\/#website\"},\"primaryImageOfPage\":{\"@id\":\"https:\/\/kgerad.de\/produkt\/abus-bordo-granit-6500ka-90-faltschloss-inkl-halter-2\/#primaryimage\"},\"image\":{\"@id\":\"https:\/\/kgerad.de\/produkt\/abus-bordo-granit-6500ka-90-faltschloss-inkl-halter-2\/#primaryimage\"},\"thumbnailUrl\":\"https:\/\/kgerad.de\/wp-content\/uploads\/2023\/06\/4003318690525_ABUS_BordoGranit_6500KA-90-Faltschloss_inklHalter-1_800x800-0.jpg\",\"datePublished\":\"2022-12-05T20:24:26+00:00\",\"dateModified\":\"2023-08-10T18:16:07+00:00\",\"description\":\"Entdecken Sie unseren Online-Fahrradladen: Gro\u00dfe Auswahl an Modellen f\u00fcr alle Radsportbegeisterten. Von Rennr\u00e4dern bis zu Mountainbikes - finden Sie heute Ihren perfekten Wegbegleiter!\",\"breadcrumb\":{\"@id\":\"https:\/\/kgerad.de\/produkt\/abus-bordo-granit-6500ka-90-faltschloss-inkl-halter-2\/#breadcrumb\"},\"inLanguage\":\"en-US\",\"potentialAction\":[{\"@type\":\"ReadAction\",\"target\":[\"https:\/\/kgerad.de\/produkt\/abus-bordo-granit-6500ka-90-faltschloss-inkl-halter-2\/\"]}]},{\"@type\":\"ImageObject\",\"inLanguage\":\"en-US\",\"@id\":\"https:\/\/kgerad.de\/produkt\/abus-bordo-granit-6500ka-90-faltschloss-inkl-halter-2\/#primaryimage\",\"url\":\"https:\/\/kgerad.de\/wp-content\/uploads\/2023\/06\/4003318690525_ABUS_BordoGranit_6500KA-90-Faltschloss_inklHalter-1_800x800-0.jpg\",\"contentUrl\":\"https:\/\/kgerad.de\/wp-content\/uploads\/2023\/06\/4003318690525_ABUS_BordoGranit_6500KA-90-Faltschloss_inklHalter-1_800x800-0.jpg\",\"width\":264,\"height\":800,\"caption\":\"Abus Bordo Granit 6500KA90 Faltschloss inkl. Halter\"},{\"@type\":\"BreadcrumbList\",\"@id\":\"https:\/\/kgerad.de\/produkt\/abus-bordo-granit-6500ka-90-faltschloss-inkl-halter-2\/#breadcrumb\",\"itemListElement\":[{\"@type\":\"ListItem\",\"position\":1,\"name\":\"Startseite\",\"item\":\"https:\/\/kgerad.de\/\"},{\"@type\":\"ListItem\",\"position\":2,\"name\":\"LADEN\",\"item\":\"https:\/\/kgerad.de\/laden\/\"},{\"@type\":\"ListItem\",\"position\":3,\"name\":\"Abus Bordo Granit 6500KA\/90 Faltschloss inkl. Halter\"}]},{\"@type\":\"WebSite\",\"@id\":\"https:\/\/kgerad.de\/#website\",\"url\":\"https:\/\/kgerad.de\/\",\"name\":\"kgerad.de\",\"description\":\"Treten Sie mit uns ins Abenteuer!\",\"publisher\":{\"@id\":\"https:\/\/kgerad.de\/#organization\"},\"alternateName\":\"MEIN RADLADEN\",\"potentialAction\":[{\"@type\":\"SearchAction\",\"target\":{\"@type\":\"EntryPoint\",\"urlTemplate\":\"https:\/\/kgerad.de\/?s={search_term_string}\"},\"query-input\":{\"@type\":\"PropertyValueSpecification\",\"valueRequired\":true,\"valueName\":\"search_term_string\"}}],\"inLanguage\":\"en-US\"},{\"@type\":\"Organization\",\"@id\":\"https:\/\/kgerad.de\/#organization\",\"name\":\"MEINRADLADEN\",\"alternateName\":\"MEIN RADLADEN\",\"url\":\"https:\/\/kgerad.de\/\",\"logo\":{\"@type\":\"ImageObject\",\"inLanguage\":\"en-US\",\"@id\":\"https:\/\/kgerad.de\/#\/schema\/logo\/image\/\",\"url\":\"https:\/\/kgerad.de\/wp-content\/uploads\/2025\/07\/logo-Whit.svg\",\"contentUrl\":\"https:\/\/kgerad.de\/wp-content\/uploads\/2025\/07\/logo-Whit.svg\",\"width\":1640,\"height\":371,\"caption\":\"MEINRADLADEN\"},\"image\":{\"@id\":\"https:\/\/kgerad.de\/#\/schema\/logo\/image\/\"}}]}<\/script>\n<!-- \/ Yoast SEO Premium plugin. -->","yoast_head_json":{"title":"Abus Bordo Granit 6500KA\/90 Faltschloss inkl. Halter","description":"Entdecken Sie unseren Online-Fahrradladen: Gro\u00dfe Auswahl an Modellen f\u00fcr alle Radsportbegeisterten. Von Rennr\u00e4dern bis zu Mountainbikes - finden Sie heute Ihren perfekten Wegbegleiter!","robots":{"index":"index","follow":"follow","max-snippet":"max-snippet:-1","max-image-preview":"max-image-preview:large","max-video-preview":"max-video-preview:-1"},"canonical":"https:\/\/kgerad.de\/en\/product\/abus-bordo-granit-6500ka-90-faltschloss-inkl-halter-2\/","og_locale":"en_US","og_type":"article","og_title":"Abus Bordo Granit 6500KA\/90 Faltschloss inkl. Halter","og_description":"Entdecken Sie unseren Online-Fahrradladen: Gro\u00dfe Auswahl an Modellen f\u00fcr alle Radsportbegeisterten. Von Rennr\u00e4dern bis zu Mountainbikes - finden Sie heute Ihren perfekten Wegbegleiter!","og_url":"https:\/\/kgerad.de\/en\/product\/abus-bordo-granit-6500ka-90-faltschloss-inkl-halter-2\/","og_site_name":"kgerad.de","article_modified_time":"2023-08-10T18:16:07+00:00","og_image":[{"width":264,"height":800,"url":"https:\/\/kgerad.de\/wp-content\/uploads\/2023\/06\/4003318690525_ABUS_BordoGranit_6500KA-90-Faltschloss_inklHalter-1_800x800-0.jpg","type":"image\/jpeg"}],"twitter_card":"summary_large_image","twitter_misc":{"Est. reading time":"2 minutes"},"schema":{"@context":"https:\/\/schema.org","@graph":[{"@type":"WebPage","@id":"https:\/\/kgerad.de\/produkt\/abus-bordo-granit-6500ka-90-faltschloss-inkl-halter-2\/","url":"https:\/\/kgerad.de\/produkt\/abus-bordo-granit-6500ka-90-faltschloss-inkl-halter-2\/","name":"Abus Bordo Granit 6500KA\/90 Faltschloss inkl. Halter","isPartOf":{"@id":"https:\/\/kgerad.de\/#website"},"primaryImageOfPage":{"@id":"https:\/\/kgerad.de\/produkt\/abus-bordo-granit-6500ka-90-faltschloss-inkl-halter-2\/#primaryimage"},"image":{"@id":"https:\/\/kgerad.de\/produkt\/abus-bordo-granit-6500ka-90-faltschloss-inkl-halter-2\/#primaryimage"},"thumbnailUrl":"https:\/\/kgerad.de\/wp-content\/uploads\/2023\/06\/4003318690525_ABUS_BordoGranit_6500KA-90-Faltschloss_inklHalter-1_800x800-0.jpg","datePublished":"2022-12-05T20:24:26+00:00","dateModified":"2023-08-10T18:16:07+00:00","description":"Entdecken Sie unseren Online-Fahrradladen: Gro\u00dfe Auswahl an Modellen f\u00fcr alle Radsportbegeisterten. Von Rennr\u00e4dern bis zu Mountainbikes - finden Sie heute Ihren perfekten Wegbegleiter!","breadcrumb":{"@id":"https:\/\/kgerad.de\/produkt\/abus-bordo-granit-6500ka-90-faltschloss-inkl-halter-2\/#breadcrumb"},"inLanguage":"en-US","potentialAction":[{"@type":"ReadAction","target":["https:\/\/kgerad.de\/produkt\/abus-bordo-granit-6500ka-90-faltschloss-inkl-halter-2\/"]}]},{"@type":"ImageObject","inLanguage":"en-US","@id":"https:\/\/kgerad.de\/produkt\/abus-bordo-granit-6500ka-90-faltschloss-inkl-halter-2\/#primaryimage","url":"https:\/\/kgerad.de\/wp-content\/uploads\/2023\/06\/4003318690525_ABUS_BordoGranit_6500KA-90-Faltschloss_inklHalter-1_800x800-0.jpg","contentUrl":"https:\/\/kgerad.de\/wp-content\/uploads\/2023\/06\/4003318690525_ABUS_BordoGranit_6500KA-90-Faltschloss_inklHalter-1_800x800-0.jpg","width":264,"height":800,"caption":"Abus Bordo Granit 6500KA90 Faltschloss inkl. Halter"},{"@type":"BreadcrumbList","@id":"https:\/\/kgerad.de\/produkt\/abus-bordo-granit-6500ka-90-faltschloss-inkl-halter-2\/#breadcrumb","itemListElement":[{"@type":"ListItem","position":1,"name":"Startseite","item":"https:\/\/kgerad.de\/"},{"@type":"ListItem","position":2,"name":"LADEN","item":"https:\/\/kgerad.de\/laden\/"},{"@type":"ListItem","position":3,"name":"Abus Bordo Granit 6500KA\/90 Faltschloss inkl. Halter"}]},{"@type":"WebSite","@id":"https:\/\/kgerad.de\/#website","url":"https:\/\/kgerad.de\/","name":"kgerad.de","description":"Treten Sie mit uns ins Abenteuer!","publisher":{"@id":"https:\/\/kgerad.de\/#organization"},"alternateName":"MEIN RADLADEN","potentialAction":[{"@type":"SearchAction","target":{"@type":"EntryPoint","urlTemplate":"https:\/\/kgerad.de\/?s={search_term_string}"},"query-input":{"@type":"PropertyValueSpecification","valueRequired":true,"valueName":"search_term_string"}}],"inLanguage":"en-US"},{"@type":"Organization","@id":"https:\/\/kgerad.de\/#organization","name":"MEINRADLADEN","alternateName":"MEIN RADLADEN","url":"https:\/\/kgerad.de\/","logo":{"@type":"ImageObject","inLanguage":"en-US","@id":"https:\/\/kgerad.de\/#\/schema\/logo\/image\/","url":"https:\/\/kgerad.de\/wp-content\/uploads\/2025\/07\/logo-Whit.svg","contentUrl":"https:\/\/kgerad.de\/wp-content\/uploads\/2025\/07\/logo-Whit.svg","width":1640,"height":371,"caption":"MEINRADLADEN"},"image":{"@id":"https:\/\/kgerad.de\/#\/schema\/logo\/image\/"}}]}},"_links":{"self":[{"href":"https:\/\/kgerad.de\/en\/wp-json\/wp\/v2\/product\/48000","targetHints":{"allow":["GET"]}}],"collection":[{"href":"https:\/\/kgerad.de\/en\/wp-json\/wp\/v2\/product"}],"about":[{"href":"https:\/\/kgerad.de\/en\/wp-json\/wp\/v2\/types\/product"}],"replies":[{"embeddable":true,"href":"https:\/\/kgerad.de\/en\/wp-json\/wp\/v2\/comments?post=48000"}],"version-history":[{"count":1,"href":"https:\/\/kgerad.de\/en\/wp-json\/wp\/v2\/product\/48000\/revisions"}],"predecessor-version":[{"id":78808,"href":"https:\/\/kgerad.de\/en\/wp-json\/wp\/v2\/product\/48000\/revisions\/78808"}],"wp:featuredmedia":[{"embeddable":true,"href":"https:\/\/kgerad.de\/en\/wp-json\/wp\/v2\/media\/64460"}],"wp:attachment":[{"href":"https:\/\/kgerad.de\/en\/wp-json\/wp\/v2\/media?parent=48000"}],"wp:term":[{"taxonomy":"product_brand","embeddable":true,"href":"https:\/\/kgerad.de\/en\/wp-json\/wp\/v2\/product_brand?post=48000"},{"taxonomy":"product_cat","embeddable":true,"href":"https:\/\/kgerad.de\/en\/wp-json\/wp\/v2\/product_cat?post=48000"},{"taxonomy":"product_tag","embeddable":true,"href":"https:\/\/kgerad.de\/en\/wp-json\/wp\/v2\/product_tag?post=48000"}],"curies":[{"name":"wp","href":"https:\/\/api.w.org\/{rel}","templated":true}]}}