{"id":47988,"date":"2022-12-05T20:58:32","date_gmt":"2022-12-05T19:58:32","guid":{"rendered":"https:\/\/kgerad.de\/?post_type=product&#038;p=47988"},"modified":"2023-08-10T20:16:32","modified_gmt":"2023-08-10T18:16:32","slug":"abus-granit-citychain-x-plus-1060-170-kettenschloss","status":"publish","type":"product","link":"https:\/\/kgerad.de\/en\/product\/abus-granit-citychain-x-plus-1060-170-kettenschloss\/","title":{"rendered":"Abus Granit CityChain X-Plus 1060\/170 Kettenschloss"},"content":{"rendered":"<h2 class=\"product--title\"><strong>Abus<\/strong>\u00a0Granit CityChain X-Plus 1060\/170 Kettenschloss<\/h2>\n<p>Das Abus Granit CityChain Twinset Faltschloss bietet sehr guten <a href=\"http:\/\/1-1\">Schutz<\/a> und \u00fcberzeugt mit dem h\u00f6chsten Level der Sicherheitsstufe \u2013 besser geht\u2019s nicht! Es besteht aus massiven 5,5mm dicken St\u00e4ben und l\u00e4sst sich f\u00fcr den Transport sch\u00f6n klein zusammenfalten.<\/p>\n<h2>Hochsicherheitsschloss: Das Bordo Granit X-Plus 6500\/85 Faltschloss Twinset inkl. SH Halter von Abus<\/h2>\n<p>BORDO GRANIT XPlus\u2122 6500 hei\u00dft es, das Faltschloss, an dem sich Fahrraddiebe sprichw\u00f6rtlich die Z\u00e4hne ausbei\u00dfen, denn sie treffen auf ABUS Granit. Selbst vor massiven Attacken sch\u00fctzen die 5,5 mm starken Streben aus speziell geh\u00e4rtetem Stahl, die durch Spezialnieten verbunden sind.<\/p>\n<p>Das sogenannte ABUS Link-Protection-Shield macht diese Nieten sowohl flexibel als auch extrem robust gegen Angriffe mit einer S\u00e4ge. Der Pr\u00e4zisions-Scheibenzylinder ABUS XPlus bietet h\u00f6chstm\u00f6glichen Schutz vor Manipulationsversuchen. Diese Kombination bringt dem Faltschloss BORDO GRANIT XPlus\u2122 6500 eine glatte 15 im ABUS Sicherheitslevel-System und damit die h\u00f6chste Sicherheitsstufe ein.<\/p>\n<hr \/>\n<h3>Features &#8211; Abus BORDO GRANIT XPlus\u2122 6500\/85 TwinSet SH<\/h3>\n<ul>\n<li>Sehr guter Schutz bei hohem Diebstahlrisiko<\/li>\n<li>Empfohlen f\u00fcr die Absicherung hochwertiger Zweir\u00e4der<\/li>\n<li>5,5 mm starke St\u00e4be, mit extra weicher 2-Komponenten-Ummantelung zum Schutz vor Lacksch\u00e4den<\/li>\n<li>Farblich abgestimmter Silikon\u00fcberzug f\u00fcr den Schlossk\u00f6rper mit Soft-Touch Eigenschaften<\/li>\n<li>ABUS Link-Protection-Shield bietet hohen S\u00e4geschutz an den Gelenken<\/li>\n<li>Die St\u00e4be, das Geh\u00e4use sowie tragende Teile des Verriegelungsmechanismus sind aus speziell geh\u00e4rtetem Stahl gefertigt<\/li>\n<li>ABUS XPlus Zylinder f\u00fcr \u00e4u\u00dferst hohen Schutz vor Manipulationen, z.B. Picking<\/li>\n<li>SH Schlosshalterung f\u00fcr den einfachen Transport am Fahrrad, die dank praktischer Spannb\u00e4nder werkzeugfrei montiert werden kann<\/li>\n<\/ul>\n<h3>Produkteigenschaften<\/h3>\n<ul>\n<li><strong>Sicherheitslevel:<\/strong>\u00a015 von 15<\/li>\n<li><strong>Halterung:<\/strong>\u00a0SH Halter<\/li>\n<li><strong>Schlie\u00dftyp:<\/strong>\u00a0Schl\u00fcssel<\/li>\n<li><strong>Schlie\u00dfung:<\/strong>\u00a0OneKey gleichschlie\u00dfend<\/li>\n<li><strong>Umfang:<\/strong>\u00a085 cm<\/li>\n<\/ul>\n<h3>Farbe<\/h3>\n<ul>\n<li>schwarz<\/li>\n<\/ul>\n<h3>Gewicht<\/h3>\n<ul>\n<li>1760g (Herstellerangabe)<\/li>\n<\/ul>\n<hr \/>\n<h3>Lieferumfang<\/h3>\n<ul>\n<li>2 x Abus Bordo Granit X-Plus 6500\/85<\/li>\n<li>2 x Abus Halter<\/li>\n<li>4 x Abus Schl\u00fcssel<\/li>\n<\/ul>\n<hr \/>\n<h3><strong>Technologie<\/strong><\/h3>\n<p><strong>Das ABUS-Level-System<\/strong><br \/>\nAn ein Fahrradschloss k\u00f6nnen sehr unterschiedliche Anforderungen gestellt werden. Die zwei Hauptaspekte sind das Rad, welches gesichert werden soll, und die \u00d6rtlichkeit, wo man es anschlie\u00dfen m\u00f6chte. Aber auch das Gewicht des Schlosses spielt eine Rolle \u2013 ein Schloss f\u00fcr unterwegs darf nicht zu schwer sein, im Gegensatz zur Sicherung f\u00fcr zu Hause. Das ABUS-Levelsystem ist ein transparentes System, das den Sicherheitsgrad des Schlosses wiedergibt. Die Skala \u2013 dargestellt als Tachometer \u2013 reicht bei Fahrradschl\u00f6ssern bis Level 15. So findest du.<\/p>","protected":false},"excerpt":{"rendered":"<p>Abus\u00a0Granit CityChain X-Plus 1060\/170 Kettenschloss Das Abus Granit CityChain Twinset Faltschloss bietet sehr guten Schutz und \u00fcberzeugt mit dem h\u00f6chsten<\/p>","protected":false},"featured_media":64452,"comment_status":"open","ping_status":"closed","template":"","meta":[],"product_brand":[],"product_cat":[597,573],"product_tag":[],"class_list":{"0":"post-47988","1":"product","2":"type-product","3":"status-publish","4":"has-post-thumbnail","6":"product_cat-fahrradschloss","7":"product_cat-zubehor","8":"pa_marke-abus","10":"first","11":"instock","12":"sale","13":"taxable","14":"shipping-taxable","15":"purchasable","16":"product-type-simple"},"yoast_head":"<!-- This site is optimized with the Yoast SEO Premium plugin v20.12 (Yoast SEO v27.1.1) - https:\/\/yoast.com\/product\/yoast-seo-premium-wordpress\/ -->\n<title>Abus Granit CityChain X-Plus 1060\/170 Kettenschloss<\/title>\n<meta name=\"description\" content=\"Entdecken Sie unseren Online-Fahrradladen: Gro\u00dfe Auswahl an Modellen f\u00fcr alle Radsportbegeisterten. Von Rennr\u00e4dern bis zu Mountainbikes - finden Sie heute Ihren perfekten Wegbegleiter!\" \/>\n<meta name=\"robots\" content=\"index, follow, max-snippet:-1, max-image-preview:large, max-video-preview:-1\" \/>\n<link rel=\"canonical\" href=\"https:\/\/kgerad.de\/en\/product\/abus-granit-citychain-x-plus-1060-170-kettenschloss\/\" \/>\n<meta property=\"og:locale\" content=\"en_US\" \/>\n<meta property=\"og:type\" content=\"article\" \/>\n<meta property=\"og:title\" content=\"Abus Granit CityChain X-Plus 1060\/170 Kettenschloss\" \/>\n<meta property=\"og:description\" content=\"Entdecken Sie unseren Online-Fahrradladen: Gro\u00dfe Auswahl an Modellen f\u00fcr alle Radsportbegeisterten. Von Rennr\u00e4dern bis zu Mountainbikes - finden Sie heute Ihren perfekten Wegbegleiter!\" \/>\n<meta property=\"og:url\" content=\"https:\/\/kgerad.de\/en\/product\/abus-granit-citychain-x-plus-1060-170-kettenschloss\/\" \/>\n<meta property=\"og:site_name\" content=\"kgerad.de\" \/>\n<meta property=\"article:modified_time\" content=\"2023-08-10T18:16:32+00:00\" \/>\n<meta property=\"og:image\" content=\"https:\/\/kgerad.de\/wp-content\/uploads\/2023\/06\/abus-20113942-82639-Bordo-X-Plus-650085-Faltschloss-Twinset-inkl-SH-Halter-1_800x800-0.jpg\" \/>\n\t<meta property=\"og:image:width\" content=\"800\" \/>\n\t<meta property=\"og:image:height\" content=\"691\" \/>\n\t<meta property=\"og:image:type\" content=\"image\/jpeg\" \/>\n<meta name=\"twitter:card\" content=\"summary_large_image\" \/>\n<meta name=\"twitter:label1\" content=\"Est. reading time\" \/>\n\t<meta name=\"twitter:data1\" content=\"2 minutes\" \/>\n<script type=\"application\/ld+json\" class=\"yoast-schema-graph\">{\"@context\":\"https:\/\/schema.org\",\"@graph\":[{\"@type\":\"WebPage\",\"@id\":\"https:\/\/kgerad.de\/produkt\/abus-granit-citychain-x-plus-1060-170-kettenschloss\/\",\"url\":\"https:\/\/kgerad.de\/produkt\/abus-granit-citychain-x-plus-1060-170-kettenschloss\/\",\"name\":\"Abus Granit CityChain X-Plus 1060\/170 Kettenschloss\",\"isPartOf\":{\"@id\":\"https:\/\/kgerad.de\/#website\"},\"primaryImageOfPage\":{\"@id\":\"https:\/\/kgerad.de\/produkt\/abus-granit-citychain-x-plus-1060-170-kettenschloss\/#primaryimage\"},\"image\":{\"@id\":\"https:\/\/kgerad.de\/produkt\/abus-granit-citychain-x-plus-1060-170-kettenschloss\/#primaryimage\"},\"thumbnailUrl\":\"https:\/\/kgerad.de\/wp-content\/uploads\/2023\/06\/abus-20113942-82639-Bordo-X-Plus-650085-Faltschloss-Twinset-inkl-SH-Halter-1_800x800-0.jpg\",\"datePublished\":\"2022-12-05T19:58:32+00:00\",\"dateModified\":\"2023-08-10T18:16:32+00:00\",\"description\":\"Entdecken Sie unseren Online-Fahrradladen: Gro\u00dfe Auswahl an Modellen f\u00fcr alle Radsportbegeisterten. Von Rennr\u00e4dern bis zu Mountainbikes - finden Sie heute Ihren perfekten Wegbegleiter!\",\"breadcrumb\":{\"@id\":\"https:\/\/kgerad.de\/produkt\/abus-granit-citychain-x-plus-1060-170-kettenschloss\/#breadcrumb\"},\"inLanguage\":\"en-US\",\"potentialAction\":[{\"@type\":\"ReadAction\",\"target\":[\"https:\/\/kgerad.de\/produkt\/abus-granit-citychain-x-plus-1060-170-kettenschloss\/\"]}]},{\"@type\":\"ImageObject\",\"inLanguage\":\"en-US\",\"@id\":\"https:\/\/kgerad.de\/produkt\/abus-granit-citychain-x-plus-1060-170-kettenschloss\/#primaryimage\",\"url\":\"https:\/\/kgerad.de\/wp-content\/uploads\/2023\/06\/abus-20113942-82639-Bordo-X-Plus-650085-Faltschloss-Twinset-inkl-SH-Halter-1_800x800-0.jpg\",\"contentUrl\":\"https:\/\/kgerad.de\/wp-content\/uploads\/2023\/06\/abus-20113942-82639-Bordo-X-Plus-650085-Faltschloss-Twinset-inkl-SH-Halter-1_800x800-0.jpg\",\"width\":800,\"height\":691,\"caption\":\"Abus Granit CityChain X-Plus 1060170 Kettenschloss\"},{\"@type\":\"BreadcrumbList\",\"@id\":\"https:\/\/kgerad.de\/produkt\/abus-granit-citychain-x-plus-1060-170-kettenschloss\/#breadcrumb\",\"itemListElement\":[{\"@type\":\"ListItem\",\"position\":1,\"name\":\"Startseite\",\"item\":\"https:\/\/kgerad.de\/\"},{\"@type\":\"ListItem\",\"position\":2,\"name\":\"LADEN\",\"item\":\"https:\/\/kgerad.de\/laden\/\"},{\"@type\":\"ListItem\",\"position\":3,\"name\":\"Abus Granit CityChain X-Plus 1060\/170 Kettenschloss\"}]},{\"@type\":\"WebSite\",\"@id\":\"https:\/\/kgerad.de\/#website\",\"url\":\"https:\/\/kgerad.de\/\",\"name\":\"kgerad.de\",\"description\":\"Treten Sie mit uns ins Abenteuer!\",\"publisher\":{\"@id\":\"https:\/\/kgerad.de\/#organization\"},\"alternateName\":\"MEIN RADLADEN\",\"potentialAction\":[{\"@type\":\"SearchAction\",\"target\":{\"@type\":\"EntryPoint\",\"urlTemplate\":\"https:\/\/kgerad.de\/?s={search_term_string}\"},\"query-input\":{\"@type\":\"PropertyValueSpecification\",\"valueRequired\":true,\"valueName\":\"search_term_string\"}}],\"inLanguage\":\"en-US\"},{\"@type\":\"Organization\",\"@id\":\"https:\/\/kgerad.de\/#organization\",\"name\":\"MEINRADLADEN\",\"alternateName\":\"MEIN RADLADEN\",\"url\":\"https:\/\/kgerad.de\/\",\"logo\":{\"@type\":\"ImageObject\",\"inLanguage\":\"en-US\",\"@id\":\"https:\/\/kgerad.de\/#\/schema\/logo\/image\/\",\"url\":\"https:\/\/kgerad.de\/wp-content\/uploads\/2025\/07\/logo-Whit.svg\",\"contentUrl\":\"https:\/\/kgerad.de\/wp-content\/uploads\/2025\/07\/logo-Whit.svg\",\"width\":1640,\"height\":371,\"caption\":\"MEINRADLADEN\"},\"image\":{\"@id\":\"https:\/\/kgerad.de\/#\/schema\/logo\/image\/\"}}]}<\/script>\n<!-- \/ Yoast SEO Premium plugin. -->","yoast_head_json":{"title":"Abus Granit CityChain X-Plus 1060\/170 Kettenschloss","description":"Entdecken Sie unseren Online-Fahrradladen: Gro\u00dfe Auswahl an Modellen f\u00fcr alle Radsportbegeisterten. Von Rennr\u00e4dern bis zu Mountainbikes - finden Sie heute Ihren perfekten Wegbegleiter!","robots":{"index":"index","follow":"follow","max-snippet":"max-snippet:-1","max-image-preview":"max-image-preview:large","max-video-preview":"max-video-preview:-1"},"canonical":"https:\/\/kgerad.de\/en\/product\/abus-granit-citychain-x-plus-1060-170-kettenschloss\/","og_locale":"en_US","og_type":"article","og_title":"Abus Granit CityChain X-Plus 1060\/170 Kettenschloss","og_description":"Entdecken Sie unseren Online-Fahrradladen: Gro\u00dfe Auswahl an Modellen f\u00fcr alle Radsportbegeisterten. Von Rennr\u00e4dern bis zu Mountainbikes - finden Sie heute Ihren perfekten Wegbegleiter!","og_url":"https:\/\/kgerad.de\/en\/product\/abus-granit-citychain-x-plus-1060-170-kettenschloss\/","og_site_name":"kgerad.de","article_modified_time":"2023-08-10T18:16:32+00:00","og_image":[{"width":800,"height":691,"url":"https:\/\/kgerad.de\/wp-content\/uploads\/2023\/06\/abus-20113942-82639-Bordo-X-Plus-650085-Faltschloss-Twinset-inkl-SH-Halter-1_800x800-0.jpg","type":"image\/jpeg"}],"twitter_card":"summary_large_image","twitter_misc":{"Est. reading time":"2 minutes"},"schema":{"@context":"https:\/\/schema.org","@graph":[{"@type":"WebPage","@id":"https:\/\/kgerad.de\/produkt\/abus-granit-citychain-x-plus-1060-170-kettenschloss\/","url":"https:\/\/kgerad.de\/produkt\/abus-granit-citychain-x-plus-1060-170-kettenschloss\/","name":"Abus Granit CityChain X-Plus 1060\/170 Kettenschloss","isPartOf":{"@id":"https:\/\/kgerad.de\/#website"},"primaryImageOfPage":{"@id":"https:\/\/kgerad.de\/produkt\/abus-granit-citychain-x-plus-1060-170-kettenschloss\/#primaryimage"},"image":{"@id":"https:\/\/kgerad.de\/produkt\/abus-granit-citychain-x-plus-1060-170-kettenschloss\/#primaryimage"},"thumbnailUrl":"https:\/\/kgerad.de\/wp-content\/uploads\/2023\/06\/abus-20113942-82639-Bordo-X-Plus-650085-Faltschloss-Twinset-inkl-SH-Halter-1_800x800-0.jpg","datePublished":"2022-12-05T19:58:32+00:00","dateModified":"2023-08-10T18:16:32+00:00","description":"Entdecken Sie unseren Online-Fahrradladen: Gro\u00dfe Auswahl an Modellen f\u00fcr alle Radsportbegeisterten. Von Rennr\u00e4dern bis zu Mountainbikes - finden Sie heute Ihren perfekten Wegbegleiter!","breadcrumb":{"@id":"https:\/\/kgerad.de\/produkt\/abus-granit-citychain-x-plus-1060-170-kettenschloss\/#breadcrumb"},"inLanguage":"en-US","potentialAction":[{"@type":"ReadAction","target":["https:\/\/kgerad.de\/produkt\/abus-granit-citychain-x-plus-1060-170-kettenschloss\/"]}]},{"@type":"ImageObject","inLanguage":"en-US","@id":"https:\/\/kgerad.de\/produkt\/abus-granit-citychain-x-plus-1060-170-kettenschloss\/#primaryimage","url":"https:\/\/kgerad.de\/wp-content\/uploads\/2023\/06\/abus-20113942-82639-Bordo-X-Plus-650085-Faltschloss-Twinset-inkl-SH-Halter-1_800x800-0.jpg","contentUrl":"https:\/\/kgerad.de\/wp-content\/uploads\/2023\/06\/abus-20113942-82639-Bordo-X-Plus-650085-Faltschloss-Twinset-inkl-SH-Halter-1_800x800-0.jpg","width":800,"height":691,"caption":"Abus Granit CityChain X-Plus 1060170 Kettenschloss"},{"@type":"BreadcrumbList","@id":"https:\/\/kgerad.de\/produkt\/abus-granit-citychain-x-plus-1060-170-kettenschloss\/#breadcrumb","itemListElement":[{"@type":"ListItem","position":1,"name":"Startseite","item":"https:\/\/kgerad.de\/"},{"@type":"ListItem","position":2,"name":"LADEN","item":"https:\/\/kgerad.de\/laden\/"},{"@type":"ListItem","position":3,"name":"Abus Granit CityChain X-Plus 1060\/170 Kettenschloss"}]},{"@type":"WebSite","@id":"https:\/\/kgerad.de\/#website","url":"https:\/\/kgerad.de\/","name":"kgerad.de","description":"Treten Sie mit uns ins Abenteuer!","publisher":{"@id":"https:\/\/kgerad.de\/#organization"},"alternateName":"MEIN RADLADEN","potentialAction":[{"@type":"SearchAction","target":{"@type":"EntryPoint","urlTemplate":"https:\/\/kgerad.de\/?s={search_term_string}"},"query-input":{"@type":"PropertyValueSpecification","valueRequired":true,"valueName":"search_term_string"}}],"inLanguage":"en-US"},{"@type":"Organization","@id":"https:\/\/kgerad.de\/#organization","name":"MEINRADLADEN","alternateName":"MEIN RADLADEN","url":"https:\/\/kgerad.de\/","logo":{"@type":"ImageObject","inLanguage":"en-US","@id":"https:\/\/kgerad.de\/#\/schema\/logo\/image\/","url":"https:\/\/kgerad.de\/wp-content\/uploads\/2025\/07\/logo-Whit.svg","contentUrl":"https:\/\/kgerad.de\/wp-content\/uploads\/2025\/07\/logo-Whit.svg","width":1640,"height":371,"caption":"MEINRADLADEN"},"image":{"@id":"https:\/\/kgerad.de\/#\/schema\/logo\/image\/"}}]}},"_links":{"self":[{"href":"https:\/\/kgerad.de\/en\/wp-json\/wp\/v2\/product\/47988","targetHints":{"allow":["GET"]}}],"collection":[{"href":"https:\/\/kgerad.de\/en\/wp-json\/wp\/v2\/product"}],"about":[{"href":"https:\/\/kgerad.de\/en\/wp-json\/wp\/v2\/types\/product"}],"replies":[{"embeddable":true,"href":"https:\/\/kgerad.de\/en\/wp-json\/wp\/v2\/comments?post=47988"}],"version-history":[{"count":1,"href":"https:\/\/kgerad.de\/en\/wp-json\/wp\/v2\/product\/47988\/revisions"}],"predecessor-version":[{"id":78810,"href":"https:\/\/kgerad.de\/en\/wp-json\/wp\/v2\/product\/47988\/revisions\/78810"}],"wp:featuredmedia":[{"embeddable":true,"href":"https:\/\/kgerad.de\/en\/wp-json\/wp\/v2\/media\/64452"}],"wp:attachment":[{"href":"https:\/\/kgerad.de\/en\/wp-json\/wp\/v2\/media?parent=47988"}],"wp:term":[{"taxonomy":"product_brand","embeddable":true,"href":"https:\/\/kgerad.de\/en\/wp-json\/wp\/v2\/product_brand?post=47988"},{"taxonomy":"product_cat","embeddable":true,"href":"https:\/\/kgerad.de\/en\/wp-json\/wp\/v2\/product_cat?post=47988"},{"taxonomy":"product_tag","embeddable":true,"href":"https:\/\/kgerad.de\/en\/wp-json\/wp\/v2\/product_tag?post=47988"}],"curies":[{"name":"wp","href":"https:\/\/api.w.org\/{rel}","templated":true}]}}