{"id":47983,"date":"2022-12-05T19:43:57","date_gmt":"2022-12-05T18:43:57","guid":{"rendered":"https:\/\/kgerad.de\/?post_type=product&#038;p=47983"},"modified":"2023-08-10T20:16:49","modified_gmt":"2023-08-10T18:16:49","slug":"topeak-joeblow-twin-turbo-standpumpe","status":"publish","type":"product","link":"https:\/\/kgerad.de\/en\/product\/topeak-joeblow-twin-turbo-standpumpe\/","title":{"rendered":"Topeak JoeBlow Twin Turbo Standpumpe"},"content":{"rendered":"<div class=\"product--headername\">\n<h2 class=\"product--title\"><strong>Topeak<\/strong> JoeBlow Twin Turbo Standpumpe<\/h2>\n<\/div>\n<p>Topeak JoeBlow Twin\u00a0stellt mit der <a href=\"http:\/\/1-1\">Technologie<\/a> ein neues Konzept f\u00fcr vor, mit dem es m\u00f6glich ist, die verwendete Zeit und den betriebenen Aufwand um 50 % zu reduzieren.<\/p>\n<p>Seit \u00fcber 25 Jahren haben die Topeak Entwickler im Hinterkopf die ultimative Standpumpe zu entwickeln. Diese muss sowohl hohen Druck beim Bef\u00fcllen gew\u00e4hrleisten als auch ein gro\u00dfes Volumen mitbringen, um einerseits Rennrad- genauso wie MTB-Reifen effizient und einfach bef\u00fcllen zu k\u00f6nnen.<\/p>\n<p>Die TwinTurbo Technologie pumpt dabei mit jedem Zug und jedem Druck, indem Luft zwischen beiden Kammern verlagert wird. Beim Hochziehen des Griffes wird ein erheblicher Teil der Luft der gr\u00f6\u00dferen in die kleinere Kammer gepresst.<\/p>\n<hr \/>\n<h3>Features<\/h3>\n<ul>\n<li>Bis zu 50% effizienter mit der TwinTurbo Technologie<\/li>\n<li>3\u201c gro\u00dfes, analoges &amp; obenliegendes Manometer<\/li>\n<li>Ergo T-Griff mit Dual-Luftkammer<\/li>\n<li>Vollmetall TwinHead DX1 mit Luftablassknopf &amp; extra langem Schlauch<\/li>\n<li>Schlauch-Arretierung sch\u00fctzt Pumpenkopf und Schlauch bei Nichtgebrauch<\/li>\n<\/ul>\n<h3>Produkteigenschaften<\/h3>\n<ul>\n<li><strong>Kopf:<\/strong>\u00a0Vollmetall TwinHead\u2122 DX1 passend f\u00fcr Presta-, Schrader- &amp; Dunlop-Ventile mit Luftablassknopf<\/li>\n<li><strong>Manometer:<\/strong>\u00a03&#8243; gro\u00df, obenliegend, analog<\/li>\n<li><strong>Schlauch:<\/strong>\u00a0Extralang<\/li>\n<li><strong>Max. Luftdruck:<\/strong>\u00a014 bar \/ 200 psi<\/li>\n<li><strong>Volumen\/Hub:<\/strong>\u00a0858 cm<sup>3<\/sup><\/li>\n<li><strong>Abmessung (LxBxH):\u00a0<\/strong>72 x 28 x 21 cm<\/li>\n<\/ul>\n<h3>Material<\/h3>\n<ul>\n<li><strong>Zylinder:<\/strong>\u00a0Anodisiertes Aluminium<\/li>\n<li><strong>Fu\u00df:<\/strong>\u00a0Gummiertes Aluminium<\/li>\n<li><strong>Griffe:<\/strong>\u00a0Gummi<\/li>\n<\/ul>\n<h3>Gewicht<\/h3>\n<ul>\n<li>3kg (Herstellerangabe)<\/li>\n<\/ul>\n<hr \/>\n<h3>Lieferumfang<\/h3>\n<ul>\n<li>1 Topeak JoeBlow Twin Turbo Standpumpe<\/li>\n<li>1 Topeak TwinHead\u2122 DX1 mit Luftablassknopf<\/li>\n<li>1 Topeak Adapter f\u00fcr B\u00e4lle und Luftmatratzen<\/li>\n<\/ul>\n<hr \/>\n<h3>JoeBlow Twin Turbo TwinHead<\/h3>\n<p><iframe src=\"https:\/\/www.youtube-nocookie.com\/embed\/5V95u25txDA\" width=\"640\" height=\"360\" frameborder=\"0\" allowfullscreen=\"allowfullscreen\" data-mce-fragment=\"1\"><\/iframe><\/p>\n<h2 class=\"image-slider--container\"><\/h2>","protected":false},"excerpt":{"rendered":"<p>Topeak JoeBlow Twin Turbo Standpumpe Topeak JoeBlow Twin\u00a0stellt mit der Technologie ein neues Konzept f\u00fcr vor, mit dem es m\u00f6glich<\/p>","protected":false},"featured_media":64450,"comment_status":"open","ping_status":"closed","template":"","meta":[],"product_brand":[],"product_cat":[595,573],"product_tag":[],"class_list":{"0":"post-47983","1":"product","2":"type-product","3":"status-publish","4":"has-post-thumbnail","6":"product_cat-fahrradpumpe","7":"product_cat-zubehor","8":"pa_marke-topeak","10":"first","11":"instock","12":"sale","13":"taxable","14":"shipping-taxable","15":"purchasable","16":"product-type-simple"},"yoast_head":"<!-- This site is optimized with the Yoast SEO Premium plugin v20.12 (Yoast SEO v27.1.1) - https:\/\/yoast.com\/product\/yoast-seo-premium-wordpress\/ -->\n<title>Topeak JoeBlow Twin Turbo Standpumpe<\/title>\n<meta name=\"description\" content=\"kgerad.de bietet Ihnen das Topeak JoeBlow Twin Turbo Standpumpe zum besten Preis mit kostenlosem Versand in ganz EuropaTopeak JoeBlow Twin\u00a0\" \/>\n<meta name=\"robots\" content=\"index, follow, max-snippet:-1, max-image-preview:large, max-video-preview:-1\" \/>\n<link rel=\"canonical\" href=\"https:\/\/kgerad.de\/en\/product\/topeak-joeblow-twin-turbo-standpumpe\/\" \/>\n<meta property=\"og:locale\" content=\"en_US\" \/>\n<meta property=\"og:type\" content=\"article\" \/>\n<meta property=\"og:title\" content=\"Topeak JoeBlow Twin Turbo Standpumpe\" \/>\n<meta property=\"og:description\" content=\"Entdecken Sie unseren Online-Fahrradladen: Gro\u00dfe Auswahl an Modellen f\u00fcr alle Radsportbegeisterten. Von Rennr\u00e4dern bis zu Mountainbikes - finden Sie heute Ihren perfekten Wegbegleiter!\" \/>\n<meta property=\"og:url\" content=\"https:\/\/kgerad.de\/en\/product\/topeak-joeblow-twin-turbo-standpumpe\/\" \/>\n<meta property=\"og:site_name\" content=\"kgerad.de\" \/>\n<meta property=\"article:modified_time\" content=\"2023-08-10T18:16:49+00:00\" \/>\n<meta property=\"og:image\" content=\"https:\/\/kgerad.de\/wp-content\/uploads\/2023\/06\/Topeak-JoeBlow-Twin-Turbo-1_800x800-0.jpg\" \/>\n\t<meta property=\"og:image:width\" content=\"304\" \/>\n\t<meta property=\"og:image:height\" content=\"800\" \/>\n\t<meta property=\"og:image:type\" content=\"image\/jpeg\" \/>\n<meta name=\"twitter:card\" content=\"summary_large_image\" \/>\n<meta name=\"twitter:label1\" content=\"Est. reading time\" \/>\n\t<meta name=\"twitter:data1\" content=\"2 minutes\" \/>\n<script type=\"application\/ld+json\" class=\"yoast-schema-graph\">{\"@context\":\"https:\/\/schema.org\",\"@graph\":[{\"@type\":\"WebPage\",\"@id\":\"https:\/\/kgerad.de\/produkt\/topeak-joeblow-twin-turbo-standpumpe\/\",\"url\":\"https:\/\/kgerad.de\/produkt\/topeak-joeblow-twin-turbo-standpumpe\/\",\"name\":\"Topeak JoeBlow Twin Turbo Standpumpe\",\"isPartOf\":{\"@id\":\"https:\/\/kgerad.de\/#website\"},\"primaryImageOfPage\":{\"@id\":\"https:\/\/kgerad.de\/produkt\/topeak-joeblow-twin-turbo-standpumpe\/#primaryimage\"},\"image\":{\"@id\":\"https:\/\/kgerad.de\/produkt\/topeak-joeblow-twin-turbo-standpumpe\/#primaryimage\"},\"thumbnailUrl\":\"https:\/\/kgerad.de\/wp-content\/uploads\/2023\/06\/Topeak-JoeBlow-Twin-Turbo-1_800x800-0.jpg\",\"datePublished\":\"2022-12-05T18:43:57+00:00\",\"dateModified\":\"2023-08-10T18:16:49+00:00\",\"description\":\"kgerad.de bietet Ihnen das Topeak JoeBlow Twin Turbo Standpumpe zum besten Preis mit kostenlosem Versand in ganz EuropaTopeak JoeBlow Twin\u00a0\",\"breadcrumb\":{\"@id\":\"https:\/\/kgerad.de\/produkt\/topeak-joeblow-twin-turbo-standpumpe\/#breadcrumb\"},\"inLanguage\":\"en-US\",\"potentialAction\":[{\"@type\":\"ReadAction\",\"target\":[\"https:\/\/kgerad.de\/produkt\/topeak-joeblow-twin-turbo-standpumpe\/\"]}]},{\"@type\":\"ImageObject\",\"inLanguage\":\"en-US\",\"@id\":\"https:\/\/kgerad.de\/produkt\/topeak-joeblow-twin-turbo-standpumpe\/#primaryimage\",\"url\":\"https:\/\/kgerad.de\/wp-content\/uploads\/2023\/06\/Topeak-JoeBlow-Twin-Turbo-1_800x800-0.jpg\",\"contentUrl\":\"https:\/\/kgerad.de\/wp-content\/uploads\/2023\/06\/Topeak-JoeBlow-Twin-Turbo-1_800x800-0.jpg\",\"width\":304,\"height\":800,\"caption\":\"Topeak JoeBlow Twin Turbo Standpumpe\"},{\"@type\":\"BreadcrumbList\",\"@id\":\"https:\/\/kgerad.de\/produkt\/topeak-joeblow-twin-turbo-standpumpe\/#breadcrumb\",\"itemListElement\":[{\"@type\":\"ListItem\",\"position\":1,\"name\":\"Startseite\",\"item\":\"https:\/\/kgerad.de\/\"},{\"@type\":\"ListItem\",\"position\":2,\"name\":\"LADEN\",\"item\":\"https:\/\/kgerad.de\/laden\/\"},{\"@type\":\"ListItem\",\"position\":3,\"name\":\"Topeak JoeBlow Twin Turbo Standpumpe\"}]},{\"@type\":\"WebSite\",\"@id\":\"https:\/\/kgerad.de\/#website\",\"url\":\"https:\/\/kgerad.de\/\",\"name\":\"kgerad.de\",\"description\":\"Treten Sie mit uns ins Abenteuer!\",\"publisher\":{\"@id\":\"https:\/\/kgerad.de\/#organization\"},\"alternateName\":\"MEIN RADLADEN\",\"potentialAction\":[{\"@type\":\"SearchAction\",\"target\":{\"@type\":\"EntryPoint\",\"urlTemplate\":\"https:\/\/kgerad.de\/?s={search_term_string}\"},\"query-input\":{\"@type\":\"PropertyValueSpecification\",\"valueRequired\":true,\"valueName\":\"search_term_string\"}}],\"inLanguage\":\"en-US\"},{\"@type\":\"Organization\",\"@id\":\"https:\/\/kgerad.de\/#organization\",\"name\":\"MEINRADLADEN\",\"alternateName\":\"MEIN RADLADEN\",\"url\":\"https:\/\/kgerad.de\/\",\"logo\":{\"@type\":\"ImageObject\",\"inLanguage\":\"en-US\",\"@id\":\"https:\/\/kgerad.de\/#\/schema\/logo\/image\/\",\"url\":\"https:\/\/kgerad.de\/wp-content\/uploads\/2025\/07\/logo-Whit.svg\",\"contentUrl\":\"https:\/\/kgerad.de\/wp-content\/uploads\/2025\/07\/logo-Whit.svg\",\"width\":1640,\"height\":371,\"caption\":\"MEINRADLADEN\"},\"image\":{\"@id\":\"https:\/\/kgerad.de\/#\/schema\/logo\/image\/\"}}]}<\/script>\n<!-- \/ Yoast SEO Premium plugin. -->","yoast_head_json":{"title":"Topeak JoeBlow Twin Turbo Standpumpe","description":"kgerad.de bietet Ihnen das Topeak JoeBlow Twin Turbo Standpumpe zum besten Preis mit kostenlosem Versand in ganz EuropaTopeak JoeBlow Twin\u00a0","robots":{"index":"index","follow":"follow","max-snippet":"max-snippet:-1","max-image-preview":"max-image-preview:large","max-video-preview":"max-video-preview:-1"},"canonical":"https:\/\/kgerad.de\/en\/product\/topeak-joeblow-twin-turbo-standpumpe\/","og_locale":"en_US","og_type":"article","og_title":"Topeak JoeBlow Twin Turbo Standpumpe","og_description":"Entdecken Sie unseren Online-Fahrradladen: Gro\u00dfe Auswahl an Modellen f\u00fcr alle Radsportbegeisterten. Von Rennr\u00e4dern bis zu Mountainbikes - finden Sie heute Ihren perfekten Wegbegleiter!","og_url":"https:\/\/kgerad.de\/en\/product\/topeak-joeblow-twin-turbo-standpumpe\/","og_site_name":"kgerad.de","article_modified_time":"2023-08-10T18:16:49+00:00","og_image":[{"width":304,"height":800,"url":"https:\/\/kgerad.de\/wp-content\/uploads\/2023\/06\/Topeak-JoeBlow-Twin-Turbo-1_800x800-0.jpg","type":"image\/jpeg"}],"twitter_card":"summary_large_image","twitter_misc":{"Est. reading time":"2 minutes"},"schema":{"@context":"https:\/\/schema.org","@graph":[{"@type":"WebPage","@id":"https:\/\/kgerad.de\/produkt\/topeak-joeblow-twin-turbo-standpumpe\/","url":"https:\/\/kgerad.de\/produkt\/topeak-joeblow-twin-turbo-standpumpe\/","name":"Topeak JoeBlow Twin Turbo Standpumpe","isPartOf":{"@id":"https:\/\/kgerad.de\/#website"},"primaryImageOfPage":{"@id":"https:\/\/kgerad.de\/produkt\/topeak-joeblow-twin-turbo-standpumpe\/#primaryimage"},"image":{"@id":"https:\/\/kgerad.de\/produkt\/topeak-joeblow-twin-turbo-standpumpe\/#primaryimage"},"thumbnailUrl":"https:\/\/kgerad.de\/wp-content\/uploads\/2023\/06\/Topeak-JoeBlow-Twin-Turbo-1_800x800-0.jpg","datePublished":"2022-12-05T18:43:57+00:00","dateModified":"2023-08-10T18:16:49+00:00","description":"kgerad.de bietet Ihnen das Topeak JoeBlow Twin Turbo Standpumpe zum besten Preis mit kostenlosem Versand in ganz EuropaTopeak JoeBlow Twin\u00a0","breadcrumb":{"@id":"https:\/\/kgerad.de\/produkt\/topeak-joeblow-twin-turbo-standpumpe\/#breadcrumb"},"inLanguage":"en-US","potentialAction":[{"@type":"ReadAction","target":["https:\/\/kgerad.de\/produkt\/topeak-joeblow-twin-turbo-standpumpe\/"]}]},{"@type":"ImageObject","inLanguage":"en-US","@id":"https:\/\/kgerad.de\/produkt\/topeak-joeblow-twin-turbo-standpumpe\/#primaryimage","url":"https:\/\/kgerad.de\/wp-content\/uploads\/2023\/06\/Topeak-JoeBlow-Twin-Turbo-1_800x800-0.jpg","contentUrl":"https:\/\/kgerad.de\/wp-content\/uploads\/2023\/06\/Topeak-JoeBlow-Twin-Turbo-1_800x800-0.jpg","width":304,"height":800,"caption":"Topeak JoeBlow Twin Turbo Standpumpe"},{"@type":"BreadcrumbList","@id":"https:\/\/kgerad.de\/produkt\/topeak-joeblow-twin-turbo-standpumpe\/#breadcrumb","itemListElement":[{"@type":"ListItem","position":1,"name":"Startseite","item":"https:\/\/kgerad.de\/"},{"@type":"ListItem","position":2,"name":"LADEN","item":"https:\/\/kgerad.de\/laden\/"},{"@type":"ListItem","position":3,"name":"Topeak JoeBlow Twin Turbo Standpumpe"}]},{"@type":"WebSite","@id":"https:\/\/kgerad.de\/#website","url":"https:\/\/kgerad.de\/","name":"kgerad.de","description":"Treten Sie mit uns ins Abenteuer!","publisher":{"@id":"https:\/\/kgerad.de\/#organization"},"alternateName":"MEIN RADLADEN","potentialAction":[{"@type":"SearchAction","target":{"@type":"EntryPoint","urlTemplate":"https:\/\/kgerad.de\/?s={search_term_string}"},"query-input":{"@type":"PropertyValueSpecification","valueRequired":true,"valueName":"search_term_string"}}],"inLanguage":"en-US"},{"@type":"Organization","@id":"https:\/\/kgerad.de\/#organization","name":"MEINRADLADEN","alternateName":"MEIN RADLADEN","url":"https:\/\/kgerad.de\/","logo":{"@type":"ImageObject","inLanguage":"en-US","@id":"https:\/\/kgerad.de\/#\/schema\/logo\/image\/","url":"https:\/\/kgerad.de\/wp-content\/uploads\/2025\/07\/logo-Whit.svg","contentUrl":"https:\/\/kgerad.de\/wp-content\/uploads\/2025\/07\/logo-Whit.svg","width":1640,"height":371,"caption":"MEINRADLADEN"},"image":{"@id":"https:\/\/kgerad.de\/#\/schema\/logo\/image\/"}}]}},"_links":{"self":[{"href":"https:\/\/kgerad.de\/en\/wp-json\/wp\/v2\/product\/47983","targetHints":{"allow":["GET"]}}],"collection":[{"href":"https:\/\/kgerad.de\/en\/wp-json\/wp\/v2\/product"}],"about":[{"href":"https:\/\/kgerad.de\/en\/wp-json\/wp\/v2\/types\/product"}],"replies":[{"embeddable":true,"href":"https:\/\/kgerad.de\/en\/wp-json\/wp\/v2\/comments?post=47983"}],"version-history":[{"count":1,"href":"https:\/\/kgerad.de\/en\/wp-json\/wp\/v2\/product\/47983\/revisions"}],"predecessor-version":[{"id":78811,"href":"https:\/\/kgerad.de\/en\/wp-json\/wp\/v2\/product\/47983\/revisions\/78811"}],"wp:featuredmedia":[{"embeddable":true,"href":"https:\/\/kgerad.de\/en\/wp-json\/wp\/v2\/media\/64450"}],"wp:attachment":[{"href":"https:\/\/kgerad.de\/en\/wp-json\/wp\/v2\/media?parent=47983"}],"wp:term":[{"taxonomy":"product_brand","embeddable":true,"href":"https:\/\/kgerad.de\/en\/wp-json\/wp\/v2\/product_brand?post=47983"},{"taxonomy":"product_cat","embeddable":true,"href":"https:\/\/kgerad.de\/en\/wp-json\/wp\/v2\/product_cat?post=47983"},{"taxonomy":"product_tag","embeddable":true,"href":"https:\/\/kgerad.de\/en\/wp-json\/wp\/v2\/product_tag?post=47983"}],"curies":[{"name":"wp","href":"https:\/\/api.w.org\/{rel}","templated":true}]}}