{"id":47977,"date":"2022-12-05T17:14:42","date_gmt":"2022-12-05T16:14:42","guid":{"rendered":"https:\/\/kgerad.de\/?post_type=product&#038;p=47977"},"modified":"2023-08-10T20:17:07","modified_gmt":"2023-08-10T18:17:07","slug":"park-tool-inf-2-kompressor-aufsatz-werkstattpumpe","status":"publish","type":"product","link":"https:\/\/kgerad.de\/en\/product\/park-tool-inf-2-kompressor-aufsatz-werkstattpumpe\/","title":{"rendered":"Park Tool INF-2 Kompressor-Aufsatz Werkstattpumpe"},"content":{"rendered":"<div class=\"product--headername\">\n<h2 class=\"product--title\"><strong>Park Tool<\/strong> INF-2 Kompressor-Aufsatz Werkstattpumpe<\/h2>\n<\/div>\n<p>Die Park Tool INF-2 speziell f\u00fcr Fahrr\u00e4der entwickelte <a href=\"http:\/\/1-1\">F\u00fcllpistole<\/a> von verf\u00fcgt \u00fcber einen \u00fcberarbeiteten, robusteren und vollst\u00e4ndig drehbaren Doppelkopf f\u00fcr Sclaverand-\/Dunlop- sowie Autoventile.<\/p>\n<p>Die INF-2 weist ein leichtes Geh\u00e4use sowie ein integriertes Manometer (0-160 psi, 0-11 bar) mit Schutzkappe auf und passt f\u00fcr jeden 3\/8\u201d Schlauchansatz mit m\u00e4nnlichem Gewinde.<\/p>\n<p>F\u00fcr den t\u00e4glichen Werkstatteinsatz und mit vollst\u00e4ndig zerleg- und austauschbaren Bauteilen!<\/p>\n<hr \/>\n<h3>Produkteigenschaften &#8211; Park Tool INF-2<\/h3>\n<ul>\n<li><strong>Kompressor-Aufsatz<\/strong>: 3\/8&#8243;<\/li>\n<li><strong>Ventilart<\/strong>:\n<ul>\n<li>Presta<\/li>\n<li>Schrader<\/li>\n<\/ul>\n<\/li>\n<li><strong>Drehbar<\/strong>: 360\u00ba<\/li>\n<li><strong>Anzeige<\/strong>: 0-11 bar<\/li>\n<\/ul>\n<hr \/>\n<h3>Lieferumfang<\/h3>\n<ul>\n<li>1 Park Tool INF-2 Kompressorluftpistole<\/li>\n<li>1 Kompressor-Aufsatz<\/li>\n<\/ul>\n<hr \/>\n<h3>INF-2 Shop Inflator<\/h3>\n<p><iframe src=\"https:\/\/www.youtube-nocookie.com\/embed\/wxWg0IZd_bI\" width=\"640\" height=\"360\" frameborder=\"0\" allowfullscreen=\"allowfullscreen\" data-mce-fragment=\"1\"><\/iframe><\/p>\n<h2 class=\"image-slider--container\"><\/h2>","protected":false},"excerpt":{"rendered":"<p>Park Tool INF-2 Kompressor-Aufsatz Werkstattpumpe Die Park Tool INF-2 speziell f\u00fcr Fahrr\u00e4der entwickelte F\u00fcllpistole von verf\u00fcgt \u00fcber einen \u00fcberarbeiteten, robusteren<\/p>","protected":false},"featured_media":64448,"comment_status":"open","ping_status":"closed","template":"","meta":[],"product_brand":[],"product_cat":[595,573],"product_tag":[],"class_list":{"0":"post-47977","1":"product","2":"type-product","3":"status-publish","4":"has-post-thumbnail","6":"product_cat-fahrradpumpe","7":"product_cat-zubehor","8":"pa_marke-topeak","10":"first","11":"instock","12":"sale","13":"taxable","14":"shipping-taxable","15":"purchasable","16":"product-type-simple"},"yoast_head":"<!-- This site is optimized with the Yoast SEO Premium plugin v20.12 (Yoast SEO v27.1.1) - https:\/\/yoast.com\/product\/yoast-seo-premium-wordpress\/ -->\n<title>Park Tool INF-2 Kompressor-Aufsatz Werkstattpumpe<\/title>\n<meta name=\"description\" content=\"Entdecken Sie unseren Online-Fahrradladen: Gro\u00dfe Auswahl an Modellen f\u00fcr alle Radsportbegeisterten. Von Rennr\u00e4dern bis zu Mountainbikes - finden Sie heute Ihren perfekten Wegbegleiter!\" \/>\n<meta name=\"robots\" content=\"index, follow, max-snippet:-1, max-image-preview:large, max-video-preview:-1\" \/>\n<link rel=\"canonical\" href=\"https:\/\/kgerad.de\/en\/product\/park-tool-inf-2-kompressor-aufsatz-werkstattpumpe\/\" \/>\n<meta property=\"og:locale\" content=\"en_US\" \/>\n<meta property=\"og:type\" content=\"article\" \/>\n<meta property=\"og:title\" content=\"Park Tool INF-2 Kompressor-Aufsatz Werkstattpumpe\" \/>\n<meta property=\"og:description\" content=\"Entdecken Sie unseren Online-Fahrradladen: Gro\u00dfe Auswahl an Modellen f\u00fcr alle Radsportbegeisterten. Von Rennr\u00e4dern bis zu Mountainbikes - finden Sie heute Ihren perfekten Wegbegleiter!\" \/>\n<meta property=\"og:url\" content=\"https:\/\/kgerad.de\/en\/product\/park-tool-inf-2-kompressor-aufsatz-werkstattpumpe\/\" \/>\n<meta property=\"og:site_name\" content=\"kgerad.de\" \/>\n<meta property=\"article:modified_time\" content=\"2023-08-10T18:17:07+00:00\" \/>\n<meta property=\"og:image\" content=\"https:\/\/kgerad.de\/wp-content\/uploads\/2023\/06\/Park_Tool_INF_2_Kompressor_Aufsatz_1_800x800-0.jpg\" \/>\n\t<meta property=\"og:image:width\" content=\"759\" \/>\n\t<meta property=\"og:image:height\" content=\"357\" \/>\n\t<meta property=\"og:image:type\" content=\"image\/jpeg\" \/>\n<meta name=\"twitter:card\" content=\"summary_large_image\" \/>\n<meta name=\"twitter:label1\" content=\"Est. reading time\" \/>\n\t<meta name=\"twitter:data1\" content=\"1 minute\" \/>\n<script type=\"application\/ld+json\" class=\"yoast-schema-graph\">{\"@context\":\"https:\/\/schema.org\",\"@graph\":[{\"@type\":\"WebPage\",\"@id\":\"https:\/\/kgerad.de\/produkt\/park-tool-inf-2-kompressor-aufsatz-werkstattpumpe\/\",\"url\":\"https:\/\/kgerad.de\/produkt\/park-tool-inf-2-kompressor-aufsatz-werkstattpumpe\/\",\"name\":\"Park Tool INF-2 Kompressor-Aufsatz Werkstattpumpe\",\"isPartOf\":{\"@id\":\"https:\/\/kgerad.de\/#website\"},\"primaryImageOfPage\":{\"@id\":\"https:\/\/kgerad.de\/produkt\/park-tool-inf-2-kompressor-aufsatz-werkstattpumpe\/#primaryimage\"},\"image\":{\"@id\":\"https:\/\/kgerad.de\/produkt\/park-tool-inf-2-kompressor-aufsatz-werkstattpumpe\/#primaryimage\"},\"thumbnailUrl\":\"https:\/\/kgerad.de\/wp-content\/uploads\/2023\/06\/Park_Tool_INF_2_Kompressor_Aufsatz_1_800x800-0.jpg\",\"datePublished\":\"2022-12-05T16:14:42+00:00\",\"dateModified\":\"2023-08-10T18:17:07+00:00\",\"description\":\"Entdecken Sie unseren Online-Fahrradladen: Gro\u00dfe Auswahl an Modellen f\u00fcr alle Radsportbegeisterten. Von Rennr\u00e4dern bis zu Mountainbikes - finden Sie heute Ihren perfekten Wegbegleiter!\",\"breadcrumb\":{\"@id\":\"https:\/\/kgerad.de\/produkt\/park-tool-inf-2-kompressor-aufsatz-werkstattpumpe\/#breadcrumb\"},\"inLanguage\":\"en-US\",\"potentialAction\":[{\"@type\":\"ReadAction\",\"target\":[\"https:\/\/kgerad.de\/produkt\/park-tool-inf-2-kompressor-aufsatz-werkstattpumpe\/\"]}]},{\"@type\":\"ImageObject\",\"inLanguage\":\"en-US\",\"@id\":\"https:\/\/kgerad.de\/produkt\/park-tool-inf-2-kompressor-aufsatz-werkstattpumpe\/#primaryimage\",\"url\":\"https:\/\/kgerad.de\/wp-content\/uploads\/2023\/06\/Park_Tool_INF_2_Kompressor_Aufsatz_1_800x800-0.jpg\",\"contentUrl\":\"https:\/\/kgerad.de\/wp-content\/uploads\/2023\/06\/Park_Tool_INF_2_Kompressor_Aufsatz_1_800x800-0.jpg\",\"width\":759,\"height\":357,\"caption\":\"Park Tool INF-2 Kompressor-Aufsatz Werkstattpumpe\"},{\"@type\":\"BreadcrumbList\",\"@id\":\"https:\/\/kgerad.de\/produkt\/park-tool-inf-2-kompressor-aufsatz-werkstattpumpe\/#breadcrumb\",\"itemListElement\":[{\"@type\":\"ListItem\",\"position\":1,\"name\":\"Startseite\",\"item\":\"https:\/\/kgerad.de\/\"},{\"@type\":\"ListItem\",\"position\":2,\"name\":\"LADEN\",\"item\":\"https:\/\/kgerad.de\/laden\/\"},{\"@type\":\"ListItem\",\"position\":3,\"name\":\"Park Tool INF-2 Kompressor-Aufsatz Werkstattpumpe\"}]},{\"@type\":\"WebSite\",\"@id\":\"https:\/\/kgerad.de\/#website\",\"url\":\"https:\/\/kgerad.de\/\",\"name\":\"kgerad.de\",\"description\":\"Treten Sie mit uns ins Abenteuer!\",\"publisher\":{\"@id\":\"https:\/\/kgerad.de\/#organization\"},\"alternateName\":\"MEIN RADLADEN\",\"potentialAction\":[{\"@type\":\"SearchAction\",\"target\":{\"@type\":\"EntryPoint\",\"urlTemplate\":\"https:\/\/kgerad.de\/?s={search_term_string}\"},\"query-input\":{\"@type\":\"PropertyValueSpecification\",\"valueRequired\":true,\"valueName\":\"search_term_string\"}}],\"inLanguage\":\"en-US\"},{\"@type\":\"Organization\",\"@id\":\"https:\/\/kgerad.de\/#organization\",\"name\":\"MEINRADLADEN\",\"alternateName\":\"MEIN RADLADEN\",\"url\":\"https:\/\/kgerad.de\/\",\"logo\":{\"@type\":\"ImageObject\",\"inLanguage\":\"en-US\",\"@id\":\"https:\/\/kgerad.de\/#\/schema\/logo\/image\/\",\"url\":\"https:\/\/kgerad.de\/wp-content\/uploads\/2025\/07\/logo-Whit.svg\",\"contentUrl\":\"https:\/\/kgerad.de\/wp-content\/uploads\/2025\/07\/logo-Whit.svg\",\"width\":1640,\"height\":371,\"caption\":\"MEINRADLADEN\"},\"image\":{\"@id\":\"https:\/\/kgerad.de\/#\/schema\/logo\/image\/\"}}]}<\/script>\n<!-- \/ Yoast SEO Premium plugin. -->","yoast_head_json":{"title":"Park Tool INF-2 Kompressor-Aufsatz Werkstattpumpe","description":"Entdecken Sie unseren Online-Fahrradladen: Gro\u00dfe Auswahl an Modellen f\u00fcr alle Radsportbegeisterten. Von Rennr\u00e4dern bis zu Mountainbikes - finden Sie heute Ihren perfekten Wegbegleiter!","robots":{"index":"index","follow":"follow","max-snippet":"max-snippet:-1","max-image-preview":"max-image-preview:large","max-video-preview":"max-video-preview:-1"},"canonical":"https:\/\/kgerad.de\/en\/product\/park-tool-inf-2-kompressor-aufsatz-werkstattpumpe\/","og_locale":"en_US","og_type":"article","og_title":"Park Tool INF-2 Kompressor-Aufsatz Werkstattpumpe","og_description":"Entdecken Sie unseren Online-Fahrradladen: Gro\u00dfe Auswahl an Modellen f\u00fcr alle Radsportbegeisterten. Von Rennr\u00e4dern bis zu Mountainbikes - finden Sie heute Ihren perfekten Wegbegleiter!","og_url":"https:\/\/kgerad.de\/en\/product\/park-tool-inf-2-kompressor-aufsatz-werkstattpumpe\/","og_site_name":"kgerad.de","article_modified_time":"2023-08-10T18:17:07+00:00","og_image":[{"width":759,"height":357,"url":"https:\/\/kgerad.de\/wp-content\/uploads\/2023\/06\/Park_Tool_INF_2_Kompressor_Aufsatz_1_800x800-0.jpg","type":"image\/jpeg"}],"twitter_card":"summary_large_image","twitter_misc":{"Est. reading time":"1 minute"},"schema":{"@context":"https:\/\/schema.org","@graph":[{"@type":"WebPage","@id":"https:\/\/kgerad.de\/produkt\/park-tool-inf-2-kompressor-aufsatz-werkstattpumpe\/","url":"https:\/\/kgerad.de\/produkt\/park-tool-inf-2-kompressor-aufsatz-werkstattpumpe\/","name":"Park Tool INF-2 Kompressor-Aufsatz Werkstattpumpe","isPartOf":{"@id":"https:\/\/kgerad.de\/#website"},"primaryImageOfPage":{"@id":"https:\/\/kgerad.de\/produkt\/park-tool-inf-2-kompressor-aufsatz-werkstattpumpe\/#primaryimage"},"image":{"@id":"https:\/\/kgerad.de\/produkt\/park-tool-inf-2-kompressor-aufsatz-werkstattpumpe\/#primaryimage"},"thumbnailUrl":"https:\/\/kgerad.de\/wp-content\/uploads\/2023\/06\/Park_Tool_INF_2_Kompressor_Aufsatz_1_800x800-0.jpg","datePublished":"2022-12-05T16:14:42+00:00","dateModified":"2023-08-10T18:17:07+00:00","description":"Entdecken Sie unseren Online-Fahrradladen: Gro\u00dfe Auswahl an Modellen f\u00fcr alle Radsportbegeisterten. Von Rennr\u00e4dern bis zu Mountainbikes - finden Sie heute Ihren perfekten Wegbegleiter!","breadcrumb":{"@id":"https:\/\/kgerad.de\/produkt\/park-tool-inf-2-kompressor-aufsatz-werkstattpumpe\/#breadcrumb"},"inLanguage":"en-US","potentialAction":[{"@type":"ReadAction","target":["https:\/\/kgerad.de\/produkt\/park-tool-inf-2-kompressor-aufsatz-werkstattpumpe\/"]}]},{"@type":"ImageObject","inLanguage":"en-US","@id":"https:\/\/kgerad.de\/produkt\/park-tool-inf-2-kompressor-aufsatz-werkstattpumpe\/#primaryimage","url":"https:\/\/kgerad.de\/wp-content\/uploads\/2023\/06\/Park_Tool_INF_2_Kompressor_Aufsatz_1_800x800-0.jpg","contentUrl":"https:\/\/kgerad.de\/wp-content\/uploads\/2023\/06\/Park_Tool_INF_2_Kompressor_Aufsatz_1_800x800-0.jpg","width":759,"height":357,"caption":"Park Tool INF-2 Kompressor-Aufsatz Werkstattpumpe"},{"@type":"BreadcrumbList","@id":"https:\/\/kgerad.de\/produkt\/park-tool-inf-2-kompressor-aufsatz-werkstattpumpe\/#breadcrumb","itemListElement":[{"@type":"ListItem","position":1,"name":"Startseite","item":"https:\/\/kgerad.de\/"},{"@type":"ListItem","position":2,"name":"LADEN","item":"https:\/\/kgerad.de\/laden\/"},{"@type":"ListItem","position":3,"name":"Park Tool INF-2 Kompressor-Aufsatz Werkstattpumpe"}]},{"@type":"WebSite","@id":"https:\/\/kgerad.de\/#website","url":"https:\/\/kgerad.de\/","name":"kgerad.de","description":"Treten Sie mit uns ins Abenteuer!","publisher":{"@id":"https:\/\/kgerad.de\/#organization"},"alternateName":"MEIN RADLADEN","potentialAction":[{"@type":"SearchAction","target":{"@type":"EntryPoint","urlTemplate":"https:\/\/kgerad.de\/?s={search_term_string}"},"query-input":{"@type":"PropertyValueSpecification","valueRequired":true,"valueName":"search_term_string"}}],"inLanguage":"en-US"},{"@type":"Organization","@id":"https:\/\/kgerad.de\/#organization","name":"MEINRADLADEN","alternateName":"MEIN RADLADEN","url":"https:\/\/kgerad.de\/","logo":{"@type":"ImageObject","inLanguage":"en-US","@id":"https:\/\/kgerad.de\/#\/schema\/logo\/image\/","url":"https:\/\/kgerad.de\/wp-content\/uploads\/2025\/07\/logo-Whit.svg","contentUrl":"https:\/\/kgerad.de\/wp-content\/uploads\/2025\/07\/logo-Whit.svg","width":1640,"height":371,"caption":"MEINRADLADEN"},"image":{"@id":"https:\/\/kgerad.de\/#\/schema\/logo\/image\/"}}]}},"_links":{"self":[{"href":"https:\/\/kgerad.de\/en\/wp-json\/wp\/v2\/product\/47977","targetHints":{"allow":["GET"]}}],"collection":[{"href":"https:\/\/kgerad.de\/en\/wp-json\/wp\/v2\/product"}],"about":[{"href":"https:\/\/kgerad.de\/en\/wp-json\/wp\/v2\/types\/product"}],"replies":[{"embeddable":true,"href":"https:\/\/kgerad.de\/en\/wp-json\/wp\/v2\/comments?post=47977"}],"version-history":[{"count":1,"href":"https:\/\/kgerad.de\/en\/wp-json\/wp\/v2\/product\/47977\/revisions"}],"predecessor-version":[{"id":78812,"href":"https:\/\/kgerad.de\/en\/wp-json\/wp\/v2\/product\/47977\/revisions\/78812"}],"wp:featuredmedia":[{"embeddable":true,"href":"https:\/\/kgerad.de\/en\/wp-json\/wp\/v2\/media\/64448"}],"wp:attachment":[{"href":"https:\/\/kgerad.de\/en\/wp-json\/wp\/v2\/media?parent=47977"}],"wp:term":[{"taxonomy":"product_brand","embeddable":true,"href":"https:\/\/kgerad.de\/en\/wp-json\/wp\/v2\/product_brand?post=47977"},{"taxonomy":"product_cat","embeddable":true,"href":"https:\/\/kgerad.de\/en\/wp-json\/wp\/v2\/product_cat?post=47977"},{"taxonomy":"product_tag","embeddable":true,"href":"https:\/\/kgerad.de\/en\/wp-json\/wp\/v2\/product_tag?post=47977"}],"curies":[{"name":"wp","href":"https:\/\/api.w.org\/{rel}","templated":true}]}}