{"id":47966,"date":"2022-12-05T17:09:29","date_gmt":"2022-12-05T16:09:29","guid":{"rendered":"https:\/\/kgerad.de\/?post_type=product&#038;p=47966"},"modified":"2023-08-10T20:17:21","modified_gmt":"2023-08-10T18:17:21","slug":"silca-superpista-digital-standpumpe","status":"publish","type":"product","link":"https:\/\/kgerad.de\/en\/product\/silca-superpista-digital-standpumpe\/","title":{"rendered":"Silca Superpista Digital Standpumpe"},"content":{"rendered":"<h2 class=\"product--title\"><strong>Silca<\/strong>\u00a0Superpista Digital Standpumpe<\/h2>\n<p>Die Silca Superpista Digital ist mit einem digitalen Manometer ausgestattet. Die Anzeige erfolgt in 0,5psi Schritten und einer Genauigkeit von 1%. Egal ob Fat Bikes, Bahnr\u00e4der und alles <a href=\"http:\/\/1-1\">dazwischen<\/a> &#8211; mit dieser Pumpe wird der komplett alles abgedeckt.<\/p>\n<hr \/>\n<h3>Features \u2013 SILCA Superpista Digital Standpumpe<\/h3>\n<ul>\n<li><strong>Stabilit\u00e4t:<\/strong>\u00a0Drei-Fu\u00df-Design f\u00fcr ultimative Stabilit\u00e4t<\/li>\n<li><strong>Beleuchtetes Manometer:<\/strong>\u00a01% Genauigkeit und 0,5 psi Messwert<\/li>\n<li><strong>Magnetisches Dock:<\/strong>\u00a0Magnetisches Dock f\u00fcr das HIRO Chuck<\/li>\n<li><strong>H\u00f6lzerner Griff:<\/strong>\u00a0Gro\u00dfer Holzgriff erh\u00f6ht Langlebigkeit und Komfort<\/li>\n<\/ul>\n<h3>Produkteigenschaften<\/h3>\n<ul>\n<li><b>Max. Druck:<\/b>\u00a015 bar \/ 220 Psi<\/li>\n<li><b>Valves:<\/b>\u00a0Schrader (AV), Sclaverand (SV)<\/li>\n<\/ul>\n<h3>Material<\/h3>\n<ul>\n<li><strong>Zylinderrohr:<\/strong>\u00a0Stahl<\/li>\n<li><strong>Griff:<\/strong>\u00a0Eschenholz<\/li>\n<\/ul>\n<h3>Farbe<\/h3>\n<ul>\n<li>schwarz<\/li>\n<\/ul>\n<hr \/>\n<h3>Lieferumfang<\/h3>\n<ul>\n<li>1 x SILCA Superpista Digital Standpumpe<\/li>\n<li>2 x CR2032 Batterie<\/li>\n<\/ul>","protected":false},"excerpt":{"rendered":"<p>Silca\u00a0Superpista Digital Standpumpe Die Silca Superpista Digital ist mit einem digitalen Manometer ausgestattet. Die Anzeige erfolgt in 0,5psi Schritten und<\/p>","protected":false},"featured_media":64441,"comment_status":"open","ping_status":"closed","template":"","meta":[],"product_brand":[],"product_cat":[595,573],"product_tag":[],"class_list":{"0":"post-47966","1":"product","2":"type-product","3":"status-publish","4":"has-post-thumbnail","6":"product_cat-fahrradpumpe","7":"product_cat-zubehor","8":"pa_marke-silca","10":"first","11":"instock","12":"sale","13":"taxable","14":"shipping-taxable","15":"purchasable","16":"product-type-simple"},"yoast_head":"<!-- This site is optimized with the Yoast SEO Premium plugin v20.12 (Yoast SEO v27.1.1) - https:\/\/yoast.com\/product\/yoast-seo-premium-wordpress\/ -->\n<title>Silca Superpista Digital Standpumpe<\/title>\n<meta name=\"description\" content=\"kgerad.de bietet Ihnen das Silca Superpista Digital Standpumpe zum besten Preis mit kostenlosem Versand in ganz EuropaSilca Superpista Digital\" \/>\n<meta name=\"robots\" content=\"index, follow, max-snippet:-1, max-image-preview:large, max-video-preview:-1\" \/>\n<link rel=\"canonical\" href=\"https:\/\/kgerad.de\/en\/product\/silca-superpista-digital-standpumpe\/\" \/>\n<meta property=\"og:locale\" content=\"en_US\" \/>\n<meta property=\"og:type\" content=\"article\" \/>\n<meta property=\"og:title\" content=\"Silca Superpista Digital Standpumpe\" \/>\n<meta property=\"og:description\" content=\"Entdecken Sie unseren Online-Fahrradladen: Gro\u00dfe Auswahl an Modellen f\u00fcr alle Radsportbegeisterten. Von Rennr\u00e4dern bis zu Mountainbikes - finden Sie heute Ihren perfekten Wegbegleiter!\" \/>\n<meta property=\"og:url\" content=\"https:\/\/kgerad.de\/en\/product\/silca-superpista-digital-standpumpe\/\" \/>\n<meta property=\"og:site_name\" content=\"kgerad.de\" \/>\n<meta property=\"article:modified_time\" content=\"2023-08-10T18:17:21+00:00\" \/>\n<meta property=\"og:image\" content=\"https:\/\/kgerad.de\/wp-content\/uploads\/2023\/06\/SILCA-Superpista-Digital-Standpumpe-AM-PU-002-ASY-0100_800x800-0.jpg\" \/>\n\t<meta property=\"og:image:width\" content=\"264\" \/>\n\t<meta property=\"og:image:height\" content=\"800\" \/>\n\t<meta property=\"og:image:type\" content=\"image\/jpeg\" \/>\n<meta name=\"twitter:card\" content=\"summary_large_image\" \/>\n<meta name=\"twitter:label1\" content=\"Est. reading time\" \/>\n\t<meta name=\"twitter:data1\" content=\"1 minute\" \/>\n<script type=\"application\/ld+json\" class=\"yoast-schema-graph\">{\"@context\":\"https:\/\/schema.org\",\"@graph\":[{\"@type\":\"WebPage\",\"@id\":\"https:\/\/kgerad.de\/produkt\/silca-superpista-digital-standpumpe\/\",\"url\":\"https:\/\/kgerad.de\/produkt\/silca-superpista-digital-standpumpe\/\",\"name\":\"Silca Superpista Digital Standpumpe\",\"isPartOf\":{\"@id\":\"https:\/\/kgerad.de\/#website\"},\"primaryImageOfPage\":{\"@id\":\"https:\/\/kgerad.de\/produkt\/silca-superpista-digital-standpumpe\/#primaryimage\"},\"image\":{\"@id\":\"https:\/\/kgerad.de\/produkt\/silca-superpista-digital-standpumpe\/#primaryimage\"},\"thumbnailUrl\":\"https:\/\/kgerad.de\/wp-content\/uploads\/2023\/06\/SILCA-Superpista-Digital-Standpumpe-AM-PU-002-ASY-0100_800x800-0.jpg\",\"datePublished\":\"2022-12-05T16:09:29+00:00\",\"dateModified\":\"2023-08-10T18:17:21+00:00\",\"description\":\"kgerad.de bietet Ihnen das Silca Superpista Digital Standpumpe zum besten Preis mit kostenlosem Versand in ganz EuropaSilca Superpista Digital\",\"breadcrumb\":{\"@id\":\"https:\/\/kgerad.de\/produkt\/silca-superpista-digital-standpumpe\/#breadcrumb\"},\"inLanguage\":\"en-US\",\"potentialAction\":[{\"@type\":\"ReadAction\",\"target\":[\"https:\/\/kgerad.de\/produkt\/silca-superpista-digital-standpumpe\/\"]}]},{\"@type\":\"ImageObject\",\"inLanguage\":\"en-US\",\"@id\":\"https:\/\/kgerad.de\/produkt\/silca-superpista-digital-standpumpe\/#primaryimage\",\"url\":\"https:\/\/kgerad.de\/wp-content\/uploads\/2023\/06\/SILCA-Superpista-Digital-Standpumpe-AM-PU-002-ASY-0100_800x800-0.jpg\",\"contentUrl\":\"https:\/\/kgerad.de\/wp-content\/uploads\/2023\/06\/SILCA-Superpista-Digital-Standpumpe-AM-PU-002-ASY-0100_800x800-0.jpg\",\"width\":264,\"height\":800,\"caption\":\"Silca Superpista Digital Standpumpe\"},{\"@type\":\"BreadcrumbList\",\"@id\":\"https:\/\/kgerad.de\/produkt\/silca-superpista-digital-standpumpe\/#breadcrumb\",\"itemListElement\":[{\"@type\":\"ListItem\",\"position\":1,\"name\":\"Startseite\",\"item\":\"https:\/\/kgerad.de\/\"},{\"@type\":\"ListItem\",\"position\":2,\"name\":\"LADEN\",\"item\":\"https:\/\/kgerad.de\/laden\/\"},{\"@type\":\"ListItem\",\"position\":3,\"name\":\"Silca Superpista Digital Standpumpe\"}]},{\"@type\":\"WebSite\",\"@id\":\"https:\/\/kgerad.de\/#website\",\"url\":\"https:\/\/kgerad.de\/\",\"name\":\"kgerad.de\",\"description\":\"Treten Sie mit uns ins Abenteuer!\",\"publisher\":{\"@id\":\"https:\/\/kgerad.de\/#organization\"},\"alternateName\":\"MEIN RADLADEN\",\"potentialAction\":[{\"@type\":\"SearchAction\",\"target\":{\"@type\":\"EntryPoint\",\"urlTemplate\":\"https:\/\/kgerad.de\/?s={search_term_string}\"},\"query-input\":{\"@type\":\"PropertyValueSpecification\",\"valueRequired\":true,\"valueName\":\"search_term_string\"}}],\"inLanguage\":\"en-US\"},{\"@type\":\"Organization\",\"@id\":\"https:\/\/kgerad.de\/#organization\",\"name\":\"MEINRADLADEN\",\"alternateName\":\"MEIN RADLADEN\",\"url\":\"https:\/\/kgerad.de\/\",\"logo\":{\"@type\":\"ImageObject\",\"inLanguage\":\"en-US\",\"@id\":\"https:\/\/kgerad.de\/#\/schema\/logo\/image\/\",\"url\":\"https:\/\/kgerad.de\/wp-content\/uploads\/2025\/07\/logo-Whit.svg\",\"contentUrl\":\"https:\/\/kgerad.de\/wp-content\/uploads\/2025\/07\/logo-Whit.svg\",\"width\":1640,\"height\":371,\"caption\":\"MEINRADLADEN\"},\"image\":{\"@id\":\"https:\/\/kgerad.de\/#\/schema\/logo\/image\/\"}}]}<\/script>\n<!-- \/ Yoast SEO Premium plugin. -->","yoast_head_json":{"title":"Silca Superpista Digital Standpumpe","description":"kgerad.de bietet Ihnen das Silca Superpista Digital Standpumpe zum besten Preis mit kostenlosem Versand in ganz EuropaSilca Superpista Digital","robots":{"index":"index","follow":"follow","max-snippet":"max-snippet:-1","max-image-preview":"max-image-preview:large","max-video-preview":"max-video-preview:-1"},"canonical":"https:\/\/kgerad.de\/en\/product\/silca-superpista-digital-standpumpe\/","og_locale":"en_US","og_type":"article","og_title":"Silca Superpista Digital Standpumpe","og_description":"Entdecken Sie unseren Online-Fahrradladen: Gro\u00dfe Auswahl an Modellen f\u00fcr alle Radsportbegeisterten. Von Rennr\u00e4dern bis zu Mountainbikes - finden Sie heute Ihren perfekten Wegbegleiter!","og_url":"https:\/\/kgerad.de\/en\/product\/silca-superpista-digital-standpumpe\/","og_site_name":"kgerad.de","article_modified_time":"2023-08-10T18:17:21+00:00","og_image":[{"width":264,"height":800,"url":"https:\/\/kgerad.de\/wp-content\/uploads\/2023\/06\/SILCA-Superpista-Digital-Standpumpe-AM-PU-002-ASY-0100_800x800-0.jpg","type":"image\/jpeg"}],"twitter_card":"summary_large_image","twitter_misc":{"Est. reading time":"1 minute"},"schema":{"@context":"https:\/\/schema.org","@graph":[{"@type":"WebPage","@id":"https:\/\/kgerad.de\/produkt\/silca-superpista-digital-standpumpe\/","url":"https:\/\/kgerad.de\/produkt\/silca-superpista-digital-standpumpe\/","name":"Silca Superpista Digital Standpumpe","isPartOf":{"@id":"https:\/\/kgerad.de\/#website"},"primaryImageOfPage":{"@id":"https:\/\/kgerad.de\/produkt\/silca-superpista-digital-standpumpe\/#primaryimage"},"image":{"@id":"https:\/\/kgerad.de\/produkt\/silca-superpista-digital-standpumpe\/#primaryimage"},"thumbnailUrl":"https:\/\/kgerad.de\/wp-content\/uploads\/2023\/06\/SILCA-Superpista-Digital-Standpumpe-AM-PU-002-ASY-0100_800x800-0.jpg","datePublished":"2022-12-05T16:09:29+00:00","dateModified":"2023-08-10T18:17:21+00:00","description":"kgerad.de bietet Ihnen das Silca Superpista Digital Standpumpe zum besten Preis mit kostenlosem Versand in ganz EuropaSilca Superpista Digital","breadcrumb":{"@id":"https:\/\/kgerad.de\/produkt\/silca-superpista-digital-standpumpe\/#breadcrumb"},"inLanguage":"en-US","potentialAction":[{"@type":"ReadAction","target":["https:\/\/kgerad.de\/produkt\/silca-superpista-digital-standpumpe\/"]}]},{"@type":"ImageObject","inLanguage":"en-US","@id":"https:\/\/kgerad.de\/produkt\/silca-superpista-digital-standpumpe\/#primaryimage","url":"https:\/\/kgerad.de\/wp-content\/uploads\/2023\/06\/SILCA-Superpista-Digital-Standpumpe-AM-PU-002-ASY-0100_800x800-0.jpg","contentUrl":"https:\/\/kgerad.de\/wp-content\/uploads\/2023\/06\/SILCA-Superpista-Digital-Standpumpe-AM-PU-002-ASY-0100_800x800-0.jpg","width":264,"height":800,"caption":"Silca Superpista Digital Standpumpe"},{"@type":"BreadcrumbList","@id":"https:\/\/kgerad.de\/produkt\/silca-superpista-digital-standpumpe\/#breadcrumb","itemListElement":[{"@type":"ListItem","position":1,"name":"Startseite","item":"https:\/\/kgerad.de\/"},{"@type":"ListItem","position":2,"name":"LADEN","item":"https:\/\/kgerad.de\/laden\/"},{"@type":"ListItem","position":3,"name":"Silca Superpista Digital Standpumpe"}]},{"@type":"WebSite","@id":"https:\/\/kgerad.de\/#website","url":"https:\/\/kgerad.de\/","name":"kgerad.de","description":"Treten Sie mit uns ins Abenteuer!","publisher":{"@id":"https:\/\/kgerad.de\/#organization"},"alternateName":"MEIN RADLADEN","potentialAction":[{"@type":"SearchAction","target":{"@type":"EntryPoint","urlTemplate":"https:\/\/kgerad.de\/?s={search_term_string}"},"query-input":{"@type":"PropertyValueSpecification","valueRequired":true,"valueName":"search_term_string"}}],"inLanguage":"en-US"},{"@type":"Organization","@id":"https:\/\/kgerad.de\/#organization","name":"MEINRADLADEN","alternateName":"MEIN RADLADEN","url":"https:\/\/kgerad.de\/","logo":{"@type":"ImageObject","inLanguage":"en-US","@id":"https:\/\/kgerad.de\/#\/schema\/logo\/image\/","url":"https:\/\/kgerad.de\/wp-content\/uploads\/2025\/07\/logo-Whit.svg","contentUrl":"https:\/\/kgerad.de\/wp-content\/uploads\/2025\/07\/logo-Whit.svg","width":1640,"height":371,"caption":"MEINRADLADEN"},"image":{"@id":"https:\/\/kgerad.de\/#\/schema\/logo\/image\/"}}]}},"_links":{"self":[{"href":"https:\/\/kgerad.de\/en\/wp-json\/wp\/v2\/product\/47966","targetHints":{"allow":["GET"]}}],"collection":[{"href":"https:\/\/kgerad.de\/en\/wp-json\/wp\/v2\/product"}],"about":[{"href":"https:\/\/kgerad.de\/en\/wp-json\/wp\/v2\/types\/product"}],"replies":[{"embeddable":true,"href":"https:\/\/kgerad.de\/en\/wp-json\/wp\/v2\/comments?post=47966"}],"version-history":[{"count":1,"href":"https:\/\/kgerad.de\/en\/wp-json\/wp\/v2\/product\/47966\/revisions"}],"predecessor-version":[{"id":78813,"href":"https:\/\/kgerad.de\/en\/wp-json\/wp\/v2\/product\/47966\/revisions\/78813"}],"wp:featuredmedia":[{"embeddable":true,"href":"https:\/\/kgerad.de\/en\/wp-json\/wp\/v2\/media\/64441"}],"wp:attachment":[{"href":"https:\/\/kgerad.de\/en\/wp-json\/wp\/v2\/media?parent=47966"}],"wp:term":[{"taxonomy":"product_brand","embeddable":true,"href":"https:\/\/kgerad.de\/en\/wp-json\/wp\/v2\/product_brand?post=47966"},{"taxonomy":"product_cat","embeddable":true,"href":"https:\/\/kgerad.de\/en\/wp-json\/wp\/v2\/product_cat?post=47966"},{"taxonomy":"product_tag","embeddable":true,"href":"https:\/\/kgerad.de\/en\/wp-json\/wp\/v2\/product_tag?post=47966"}],"curies":[{"name":"wp","href":"https:\/\/api.w.org\/{rel}","templated":true}]}}