{"id":47952,"date":"2022-12-05T15:58:13","date_gmt":"2022-12-05T14:58:13","guid":{"rendered":"https:\/\/kgerad.de\/?post_type=product&#038;p=47952"},"modified":"2023-08-10T20:17:36","modified_gmt":"2023-08-10T18:17:36","slug":"silca-superpista-ultimate-hiro-standpumpe","status":"publish","type":"product","link":"https:\/\/kgerad.de\/en\/product\/silca-superpista-ultimate-hiro-standpumpe\/","title":{"rendered":"Silca Superpista Ultimate HIRO Standpumpe"},"content":{"rendered":"<h2 class=\"product--title\"><strong>Silca<\/strong>\u00a0Superpista Ultimate HIRO Standpumpe<\/h2>\n<p>Perfektion Silca Superpista Ultimate\u00a0 in einer Fahrradpumpe. Die absolut Beste, was es an Komponenten in einer Fahrradpumpe gibt und macht das Aufpumpen deiner Reifen zu einem Vergn\u00fcgen.<\/p>\n<hr \/>\n<h3>Features \u2013 SILCA Superpista Ultimate HIRO Standpumpe<\/h3>\n<ul>\n<li><strong>Stabilit\u00e4t:<\/strong>\u00a0Drei-Fu\u00df-Design f\u00fcr ultimative Stabilit\u00e4t<\/li>\n<li><strong>Genauigkeit:<\/strong>\u00a0Schweizer Manometer, bis zu 1% genau<\/li>\n<li><strong>Magnetisches Dock:<\/strong>\u00a0Zur Aufbewahrung des Spannfutters und Transport am Griff<\/li>\n<li><strong>H\u00f6lzerner Griff:<\/strong>\u00a0Handgedrechseltes Purpleheart-Holz, verst\u00e4rkt mit rostfreiem Stahl<\/li>\n<\/ul>\n<h3>Produkteigenschaften<\/h3>\n<ul>\n<li><b>Max. Druck:<\/b>\u00a011 bar \/ 160 Psi<\/li>\n<li><b>Valves:<\/b>\u00a0Schrader (AV), Sclaverand (SV)<\/li>\n<\/ul>\n<h3>Material<\/h3>\n<ul>\n<li><strong>Griff:<\/strong>\u00a0Violettholz<\/li>\n<li><strong>Standfu\u00df:<\/strong>\u00a0Zink<\/li>\n<li><strong>Schlauch:<\/strong>\u00a0Rostfreier Stahl<\/li>\n<\/ul>\n<h3>Farbe<\/h3>\n<ul>\n<li>silber<\/li>\n<\/ul>\n<hr \/>\n<h3>Lieferumfang<\/h3>\n<ul>\n<li>1 x SILCA Superpista Ultimate HIRO Standpumpe<\/li>\n<\/ul>","protected":false},"excerpt":{"rendered":"<p>Silca\u00a0Superpista Ultimate HIRO Standpumpe Perfektion Silca Superpista Ultimate\u00a0 in einer Fahrradpumpe. Die absolut Beste, was es an Komponenten in einer<\/p>","protected":false},"featured_media":64434,"comment_status":"open","ping_status":"closed","template":"","meta":[],"product_brand":[],"product_cat":[595,573],"product_tag":[],"class_list":{"0":"post-47952","1":"product","2":"type-product","3":"status-publish","4":"has-post-thumbnail","6":"product_cat-fahrradpumpe","7":"product_cat-zubehor","8":"pa_marke-silca","10":"first","11":"instock","12":"sale","13":"taxable","14":"shipping-taxable","15":"purchasable","16":"product-type-simple"},"yoast_head":"<!-- This site is optimized with the Yoast SEO Premium plugin v20.12 (Yoast SEO v27.1.1) - https:\/\/yoast.com\/product\/yoast-seo-premium-wordpress\/ -->\n<title>Silca Superpista Ultimate HIRO Standpumpe<\/title>\n<meta name=\"description\" content=\"Entdecken Sie unseren Online-Fahrradladen: Gro\u00dfe Auswahl an Modellen f\u00fcr alle Radsportbegeisterten. Von Rennr\u00e4dern bis zu Mountainbikes - finden Sie heute Ihren perfekten Wegbegleiter!\" \/>\n<meta name=\"robots\" content=\"index, follow, max-snippet:-1, max-image-preview:large, max-video-preview:-1\" \/>\n<link rel=\"canonical\" href=\"https:\/\/kgerad.de\/en\/product\/silca-superpista-ultimate-hiro-standpumpe\/\" \/>\n<meta property=\"og:locale\" content=\"en_US\" \/>\n<meta property=\"og:type\" content=\"article\" \/>\n<meta property=\"og:title\" content=\"Silca Superpista Ultimate HIRO Standpumpe\" \/>\n<meta property=\"og:description\" content=\"Entdecken Sie unseren Online-Fahrradladen: Gro\u00dfe Auswahl an Modellen f\u00fcr alle Radsportbegeisterten. Von Rennr\u00e4dern bis zu Mountainbikes - finden Sie heute Ihren perfekten Wegbegleiter!\" \/>\n<meta property=\"og:url\" content=\"https:\/\/kgerad.de\/en\/product\/silca-superpista-ultimate-hiro-standpumpe\/\" \/>\n<meta property=\"og:site_name\" content=\"kgerad.de\" \/>\n<meta property=\"article:modified_time\" content=\"2023-08-10T18:17:36+00:00\" \/>\n<meta property=\"og:image\" content=\"https:\/\/kgerad.de\/wp-content\/uploads\/2023\/06\/SILCA-Superpista-Ultimate-HIRO-Standpumpe-AM-PU-SP2-ASY-011_800x800-0.jpg\" \/>\n\t<meta property=\"og:image:width\" content=\"291\" \/>\n\t<meta property=\"og:image:height\" content=\"800\" \/>\n\t<meta property=\"og:image:type\" content=\"image\/jpeg\" \/>\n<meta name=\"twitter:card\" content=\"summary_large_image\" \/>\n<meta name=\"twitter:label1\" content=\"Est. reading time\" \/>\n\t<meta name=\"twitter:data1\" content=\"1 minute\" \/>\n<script type=\"application\/ld+json\" class=\"yoast-schema-graph\">{\"@context\":\"https:\/\/schema.org\",\"@graph\":[{\"@type\":\"WebPage\",\"@id\":\"https:\/\/kgerad.de\/produkt\/silca-superpista-ultimate-hiro-standpumpe\/\",\"url\":\"https:\/\/kgerad.de\/produkt\/silca-superpista-ultimate-hiro-standpumpe\/\",\"name\":\"Silca Superpista Ultimate HIRO Standpumpe\",\"isPartOf\":{\"@id\":\"https:\/\/kgerad.de\/#website\"},\"primaryImageOfPage\":{\"@id\":\"https:\/\/kgerad.de\/produkt\/silca-superpista-ultimate-hiro-standpumpe\/#primaryimage\"},\"image\":{\"@id\":\"https:\/\/kgerad.de\/produkt\/silca-superpista-ultimate-hiro-standpumpe\/#primaryimage\"},\"thumbnailUrl\":\"https:\/\/kgerad.de\/wp-content\/uploads\/2023\/06\/SILCA-Superpista-Ultimate-HIRO-Standpumpe-AM-PU-SP2-ASY-011_800x800-0.jpg\",\"datePublished\":\"2022-12-05T14:58:13+00:00\",\"dateModified\":\"2023-08-10T18:17:36+00:00\",\"description\":\"Entdecken Sie unseren Online-Fahrradladen: Gro\u00dfe Auswahl an Modellen f\u00fcr alle Radsportbegeisterten. Von Rennr\u00e4dern bis zu Mountainbikes - finden Sie heute Ihren perfekten Wegbegleiter!\",\"breadcrumb\":{\"@id\":\"https:\/\/kgerad.de\/produkt\/silca-superpista-ultimate-hiro-standpumpe\/#breadcrumb\"},\"inLanguage\":\"en-US\",\"potentialAction\":[{\"@type\":\"ReadAction\",\"target\":[\"https:\/\/kgerad.de\/produkt\/silca-superpista-ultimate-hiro-standpumpe\/\"]}]},{\"@type\":\"ImageObject\",\"inLanguage\":\"en-US\",\"@id\":\"https:\/\/kgerad.de\/produkt\/silca-superpista-ultimate-hiro-standpumpe\/#primaryimage\",\"url\":\"https:\/\/kgerad.de\/wp-content\/uploads\/2023\/06\/SILCA-Superpista-Ultimate-HIRO-Standpumpe-AM-PU-SP2-ASY-011_800x800-0.jpg\",\"contentUrl\":\"https:\/\/kgerad.de\/wp-content\/uploads\/2023\/06\/SILCA-Superpista-Ultimate-HIRO-Standpumpe-AM-PU-SP2-ASY-011_800x800-0.jpg\",\"width\":291,\"height\":800,\"caption\":\"Silca Superpista Ultimate HIRO Standpumpe\"},{\"@type\":\"BreadcrumbList\",\"@id\":\"https:\/\/kgerad.de\/produkt\/silca-superpista-ultimate-hiro-standpumpe\/#breadcrumb\",\"itemListElement\":[{\"@type\":\"ListItem\",\"position\":1,\"name\":\"Startseite\",\"item\":\"https:\/\/kgerad.de\/\"},{\"@type\":\"ListItem\",\"position\":2,\"name\":\"LADEN\",\"item\":\"https:\/\/kgerad.de\/laden\/\"},{\"@type\":\"ListItem\",\"position\":3,\"name\":\"Silca Superpista Ultimate HIRO Standpumpe\"}]},{\"@type\":\"WebSite\",\"@id\":\"https:\/\/kgerad.de\/#website\",\"url\":\"https:\/\/kgerad.de\/\",\"name\":\"kgerad.de\",\"description\":\"Treten Sie mit uns ins Abenteuer!\",\"publisher\":{\"@id\":\"https:\/\/kgerad.de\/#organization\"},\"alternateName\":\"MEIN RADLADEN\",\"potentialAction\":[{\"@type\":\"SearchAction\",\"target\":{\"@type\":\"EntryPoint\",\"urlTemplate\":\"https:\/\/kgerad.de\/?s={search_term_string}\"},\"query-input\":{\"@type\":\"PropertyValueSpecification\",\"valueRequired\":true,\"valueName\":\"search_term_string\"}}],\"inLanguage\":\"en-US\"},{\"@type\":\"Organization\",\"@id\":\"https:\/\/kgerad.de\/#organization\",\"name\":\"MEINRADLADEN\",\"alternateName\":\"MEIN RADLADEN\",\"url\":\"https:\/\/kgerad.de\/\",\"logo\":{\"@type\":\"ImageObject\",\"inLanguage\":\"en-US\",\"@id\":\"https:\/\/kgerad.de\/#\/schema\/logo\/image\/\",\"url\":\"https:\/\/kgerad.de\/wp-content\/uploads\/2025\/07\/logo-Whit.svg\",\"contentUrl\":\"https:\/\/kgerad.de\/wp-content\/uploads\/2025\/07\/logo-Whit.svg\",\"width\":1640,\"height\":371,\"caption\":\"MEINRADLADEN\"},\"image\":{\"@id\":\"https:\/\/kgerad.de\/#\/schema\/logo\/image\/\"}}]}<\/script>\n<!-- \/ Yoast SEO Premium plugin. -->","yoast_head_json":{"title":"Silca Superpista Ultimate HIRO Standpumpe","description":"Entdecken Sie unseren Online-Fahrradladen: Gro\u00dfe Auswahl an Modellen f\u00fcr alle Radsportbegeisterten. Von Rennr\u00e4dern bis zu Mountainbikes - finden Sie heute Ihren perfekten Wegbegleiter!","robots":{"index":"index","follow":"follow","max-snippet":"max-snippet:-1","max-image-preview":"max-image-preview:large","max-video-preview":"max-video-preview:-1"},"canonical":"https:\/\/kgerad.de\/en\/product\/silca-superpista-ultimate-hiro-standpumpe\/","og_locale":"en_US","og_type":"article","og_title":"Silca Superpista Ultimate HIRO Standpumpe","og_description":"Entdecken Sie unseren Online-Fahrradladen: Gro\u00dfe Auswahl an Modellen f\u00fcr alle Radsportbegeisterten. Von Rennr\u00e4dern bis zu Mountainbikes - finden Sie heute Ihren perfekten Wegbegleiter!","og_url":"https:\/\/kgerad.de\/en\/product\/silca-superpista-ultimate-hiro-standpumpe\/","og_site_name":"kgerad.de","article_modified_time":"2023-08-10T18:17:36+00:00","og_image":[{"width":291,"height":800,"url":"https:\/\/kgerad.de\/wp-content\/uploads\/2023\/06\/SILCA-Superpista-Ultimate-HIRO-Standpumpe-AM-PU-SP2-ASY-011_800x800-0.jpg","type":"image\/jpeg"}],"twitter_card":"summary_large_image","twitter_misc":{"Est. reading time":"1 minute"},"schema":{"@context":"https:\/\/schema.org","@graph":[{"@type":"WebPage","@id":"https:\/\/kgerad.de\/produkt\/silca-superpista-ultimate-hiro-standpumpe\/","url":"https:\/\/kgerad.de\/produkt\/silca-superpista-ultimate-hiro-standpumpe\/","name":"Silca Superpista Ultimate HIRO Standpumpe","isPartOf":{"@id":"https:\/\/kgerad.de\/#website"},"primaryImageOfPage":{"@id":"https:\/\/kgerad.de\/produkt\/silca-superpista-ultimate-hiro-standpumpe\/#primaryimage"},"image":{"@id":"https:\/\/kgerad.de\/produkt\/silca-superpista-ultimate-hiro-standpumpe\/#primaryimage"},"thumbnailUrl":"https:\/\/kgerad.de\/wp-content\/uploads\/2023\/06\/SILCA-Superpista-Ultimate-HIRO-Standpumpe-AM-PU-SP2-ASY-011_800x800-0.jpg","datePublished":"2022-12-05T14:58:13+00:00","dateModified":"2023-08-10T18:17:36+00:00","description":"Entdecken Sie unseren Online-Fahrradladen: Gro\u00dfe Auswahl an Modellen f\u00fcr alle Radsportbegeisterten. Von Rennr\u00e4dern bis zu Mountainbikes - finden Sie heute Ihren perfekten Wegbegleiter!","breadcrumb":{"@id":"https:\/\/kgerad.de\/produkt\/silca-superpista-ultimate-hiro-standpumpe\/#breadcrumb"},"inLanguage":"en-US","potentialAction":[{"@type":"ReadAction","target":["https:\/\/kgerad.de\/produkt\/silca-superpista-ultimate-hiro-standpumpe\/"]}]},{"@type":"ImageObject","inLanguage":"en-US","@id":"https:\/\/kgerad.de\/produkt\/silca-superpista-ultimate-hiro-standpumpe\/#primaryimage","url":"https:\/\/kgerad.de\/wp-content\/uploads\/2023\/06\/SILCA-Superpista-Ultimate-HIRO-Standpumpe-AM-PU-SP2-ASY-011_800x800-0.jpg","contentUrl":"https:\/\/kgerad.de\/wp-content\/uploads\/2023\/06\/SILCA-Superpista-Ultimate-HIRO-Standpumpe-AM-PU-SP2-ASY-011_800x800-0.jpg","width":291,"height":800,"caption":"Silca Superpista Ultimate HIRO Standpumpe"},{"@type":"BreadcrumbList","@id":"https:\/\/kgerad.de\/produkt\/silca-superpista-ultimate-hiro-standpumpe\/#breadcrumb","itemListElement":[{"@type":"ListItem","position":1,"name":"Startseite","item":"https:\/\/kgerad.de\/"},{"@type":"ListItem","position":2,"name":"LADEN","item":"https:\/\/kgerad.de\/laden\/"},{"@type":"ListItem","position":3,"name":"Silca Superpista Ultimate HIRO Standpumpe"}]},{"@type":"WebSite","@id":"https:\/\/kgerad.de\/#website","url":"https:\/\/kgerad.de\/","name":"kgerad.de","description":"Treten Sie mit uns ins Abenteuer!","publisher":{"@id":"https:\/\/kgerad.de\/#organization"},"alternateName":"MEIN RADLADEN","potentialAction":[{"@type":"SearchAction","target":{"@type":"EntryPoint","urlTemplate":"https:\/\/kgerad.de\/?s={search_term_string}"},"query-input":{"@type":"PropertyValueSpecification","valueRequired":true,"valueName":"search_term_string"}}],"inLanguage":"en-US"},{"@type":"Organization","@id":"https:\/\/kgerad.de\/#organization","name":"MEINRADLADEN","alternateName":"MEIN RADLADEN","url":"https:\/\/kgerad.de\/","logo":{"@type":"ImageObject","inLanguage":"en-US","@id":"https:\/\/kgerad.de\/#\/schema\/logo\/image\/","url":"https:\/\/kgerad.de\/wp-content\/uploads\/2025\/07\/logo-Whit.svg","contentUrl":"https:\/\/kgerad.de\/wp-content\/uploads\/2025\/07\/logo-Whit.svg","width":1640,"height":371,"caption":"MEINRADLADEN"},"image":{"@id":"https:\/\/kgerad.de\/#\/schema\/logo\/image\/"}}]}},"_links":{"self":[{"href":"https:\/\/kgerad.de\/en\/wp-json\/wp\/v2\/product\/47952","targetHints":{"allow":["GET"]}}],"collection":[{"href":"https:\/\/kgerad.de\/en\/wp-json\/wp\/v2\/product"}],"about":[{"href":"https:\/\/kgerad.de\/en\/wp-json\/wp\/v2\/types\/product"}],"replies":[{"embeddable":true,"href":"https:\/\/kgerad.de\/en\/wp-json\/wp\/v2\/comments?post=47952"}],"version-history":[{"count":1,"href":"https:\/\/kgerad.de\/en\/wp-json\/wp\/v2\/product\/47952\/revisions"}],"predecessor-version":[{"id":78814,"href":"https:\/\/kgerad.de\/en\/wp-json\/wp\/v2\/product\/47952\/revisions\/78814"}],"wp:featuredmedia":[{"embeddable":true,"href":"https:\/\/kgerad.de\/en\/wp-json\/wp\/v2\/media\/64434"}],"wp:attachment":[{"href":"https:\/\/kgerad.de\/en\/wp-json\/wp\/v2\/media?parent=47952"}],"wp:term":[{"taxonomy":"product_brand","embeddable":true,"href":"https:\/\/kgerad.de\/en\/wp-json\/wp\/v2\/product_brand?post=47952"},{"taxonomy":"product_cat","embeddable":true,"href":"https:\/\/kgerad.de\/en\/wp-json\/wp\/v2\/product_cat?post=47952"},{"taxonomy":"product_tag","embeddable":true,"href":"https:\/\/kgerad.de\/en\/wp-json\/wp\/v2\/product_tag?post=47952"}],"curies":[{"name":"wp","href":"https:\/\/api.w.org\/{rel}","templated":true}]}}