{"id":47945,"date":"2022-12-05T14:52:04","date_gmt":"2022-12-05T13:52:04","guid":{"rendered":"https:\/\/kgerad.de\/?post_type=product&#038;p=47945"},"modified":"2023-08-10T20:17:50","modified_gmt":"2023-08-10T18:17:50","slug":"followme-cargo-transportanhaenger","status":"publish","type":"product","link":"https:\/\/kgerad.de\/en\/product\/followme-cargo-transportanhaenger\/","title":{"rendered":"FollowMe Cargo Transportanh\u00e4nger"},"content":{"rendered":"<h2 class=\"product--title\"><strong>FollowMe<\/strong>\u00a0Cargo Transportanh\u00e4nger<\/h2>\n<p>FollowMe Cargo Transportanh\u00e4nger ist ein leichter und wendiger Fahrrad-Transportanh\u00e4nger \u2013 er wurde f\u00fcr den Transport von Lasten hinter dem Fahrrad konstruiert.<\/p>\n<h2>Der Tr\u00e4ger des Gep\u00e4cks: der Cargo Transportanh\u00e4nger von FollowMe<\/h2>\n<p>Nach der einmaligen Grundmontage verbleibt der Cargo-Aufnahmeadapter permanent am Zugfahrrad. Ab dann kann mit wenigen Handgriffen und vollkommen werkzeugfrei die stabile und sichere Verbindung des Anh\u00e4ngers zum Zugfahrrad erfolgen.<\/p>\n<p>Der Rahmen wird auf die vormontierten Adapter aufgesetzt und mittels der Fl\u00fcgelschrauben und Zusatzsplinte gesichert. Der zus\u00e4tzliche Tr\u00e4ger \u201eam\u201c Rad schafft Platz \u2013 nicht nur f\u00fcr die Mitnahme weiterer Packtaschen, er erm\u00f6glicht besonders auch den problemfreien Transport von gro\u00dfvolumigen Gep\u00e4ckst\u00fccken wie Schlafsack oder Isomatte.<\/p>\n<p>Die Zweipunktaufh\u00e4ngung sorgt f\u00fcr eine stabile Verbindung zum Zugrad. Durch das 20&#8243;-Laufrad und die Anlenkung auf Achsh\u00f6he bleibt der Schwerpunkt sehr niedrig \u2013 dies sorgt f\u00fcr ein besonders leichtes, wendiges Fahrverhalten und einen sehr kleinen Kurvenradius.<\/p>\n<hr \/>\n<h3>Features &#8211; Cargo Transportanh\u00e4nger<\/h3>\n<ul>\n<li>feste Verbindung zum Zugfahrrad<\/li>\n<li>einfaches Nachlaufverhalten und absolute Spurtreue<\/li>\n<li>schmale Silhouette auf Niveau einer Lenkerbreite<\/li>\n<li>leichteres und sportiveres Fahrverhalten vor allem in Kurven oder auf holprigen Wegen und im Gel\u00e4nde<\/li>\n<li>keine Kippgefahr<\/li>\n<\/ul>\n<h3>Produkteigenschaften<\/h3>\n<ul>\n<li><strong>Material:<\/strong>\u00a0stabile Stahlrahmenkonstruktion, pulverbeschichtet<\/li>\n<li><strong>Laufradgr\u00f6\u00dfe<\/strong>: 20&#8243;<\/li>\n<li><strong>Zugfahrrad:<\/strong>\u00a0alle 26&#8243; \u2013 29&#8243; (bis max. 2.6 Bereifung, je nach Reifenprofil) mit und ohne Hinterbaufederung (\u201eFully\u201c) mit Schnellspanner-Radbefestigung \u2013 R\u00e4der mit Vollachse, Steckachse oder Radnabenschaltung k\u00f6nnen mit optional erh\u00e4ltlichen Adaptern vorbereitet werden (<em>nicht im Lieferumfang enthalten<\/em>)<\/li>\n<li><strong>Montage:\u00a0<\/strong>werkzeuglose Montage<\/li>\n<li><strong>Max. Zuladung:<\/strong>\u00a028 kg<\/li>\n<\/ul>\n<h3>Farbe<\/h3>\n<ul>\n<li>schwarz<\/li>\n<\/ul>\n<h3>Gewicht<\/h3>\n<ul>\n<li>ca. 4,5 kg (Herstellerangabe)<\/li>\n<\/ul>\n<hr \/>\n<h3>Lieferumfang Follow Me Cargo Transportanh\u00e4nger<\/h3>\n<ul>\n<li>Anh\u00e4nger-Grundtr\u00e4ger<\/li>\n<li>20&#8243; Laufrad mit Alu-Hohlkammerfelge und Puncture-Protection-Bereifung mit Reflexstreifen<\/li>\n<li>Montage-Set mit Schnellspannachse f\u00fcr Aufnahme am Zugfahrrad mit Hohlachse (Radbefestigung mittels Schnellspann-HR-Achse) und zwei Sicherungsschrauben (Fl\u00fcgelschraube mit Sicherungssplint)<\/li>\n<\/ul>\n<p><em><strong>Hinweis:<\/strong>\u00a0Adapter f\u00fcr R\u00e4der mit Vollachse, Steckachse oder Radnabenschaltung nicht im Lieferumfang enthalten<\/em><\/p>\n<p><strong>Strom-Lieferant<\/strong><br \/>\nIn Verbindung mit dem optional lieferbaren Strom-Set (Laufrad mit Nabendynamo und USB-Ladeger\u00e4t mit Pufferakku) kann man den FollowMe-Cargo auch als \u201eStromquelle f\u00fcr unterwegs\u201c nutzen. Das Laden\/Betreiben von USB-Ger\u00e4ten aller Art (Mobiltelefon, GPS, Tablet, MP3-Player etc.) ist somit auch unterwegs jederzeit m\u00f6glich und im heutigen Smartphone-Zeitalter \u00e4u\u00dferst n\u00fctzlich.<\/p>","protected":false},"excerpt":{"rendered":"<p>FollowMe\u00a0Cargo Transportanh\u00e4nger FollowMe Cargo Transportanh\u00e4nger ist ein leichter und wendiger Fahrrad-Transportanh\u00e4nger \u2013 er wurde f\u00fcr den Transport von Lasten hinter<\/p>","protected":false},"featured_media":64430,"comment_status":"open","ping_status":"closed","template":"","meta":[],"product_brand":[],"product_cat":[590,573],"product_tag":[],"class_list":{"0":"post-47945","1":"product","2":"type-product","3":"status-publish","4":"has-post-thumbnail","6":"product_cat-fahrradanhaenger","7":"product_cat-zubehor","8":"pa_marke-followme","10":"first","11":"instock","12":"sale","13":"taxable","14":"shipping-taxable","15":"purchasable","16":"product-type-simple"},"yoast_head":"<!-- This site is optimized with the Yoast SEO Premium plugin v20.12 (Yoast SEO v27.1.1) - https:\/\/yoast.com\/product\/yoast-seo-premium-wordpress\/ -->\n<title>FollowMe Cargo Transportanh\u00e4nger<\/title>\n<meta name=\"description\" content=\"kgerad.de bietet Ihnen das FollowMe Cargo Transportanh\u00e4nger zum besten Preis mit kostenlosem Versand in ganz EuropaCargo Transportanh\u00e4nger\" \/>\n<meta name=\"robots\" content=\"index, follow, max-snippet:-1, max-image-preview:large, max-video-preview:-1\" \/>\n<link rel=\"canonical\" href=\"https:\/\/kgerad.de\/en\/product\/followme-cargo-transportanhaenger\/\" \/>\n<meta property=\"og:locale\" content=\"en_US\" \/>\n<meta property=\"og:type\" content=\"article\" \/>\n<meta property=\"og:title\" content=\"FollowMe Cargo Transportanh\u00e4nger\" \/>\n<meta property=\"og:description\" content=\"Entdecken Sie unseren Online-Fahrradladen: Gro\u00dfe Auswahl an Modellen f\u00fcr alle Radsportbegeisterten. Von Rennr\u00e4dern bis zu Mountainbikes - finden Sie heute Ihren perfekten Wegbegleiter!\" \/>\n<meta property=\"og:url\" content=\"https:\/\/kgerad.de\/en\/product\/followme-cargo-transportanhaenger\/\" \/>\n<meta property=\"og:site_name\" content=\"kgerad.de\" \/>\n<meta property=\"article:modified_time\" content=\"2023-08-10T18:17:50+00:00\" \/>\n<meta property=\"og:image\" content=\"https:\/\/kgerad.de\/wp-content\/uploads\/2023\/06\/Burley-DLITE-X-Single-Kinderanhanger-938103_a_800x800-0-1.jpg\" \/>\n\t<meta property=\"og:image:width\" content=\"800\" \/>\n\t<meta property=\"og:image:height\" content=\"759\" \/>\n\t<meta property=\"og:image:type\" content=\"image\/jpeg\" \/>\n<meta name=\"twitter:card\" content=\"summary_large_image\" \/>\n<meta name=\"twitter:label1\" content=\"Est. reading time\" \/>\n\t<meta name=\"twitter:data1\" content=\"2 minutes\" \/>\n<script type=\"application\/ld+json\" class=\"yoast-schema-graph\">{\"@context\":\"https:\/\/schema.org\",\"@graph\":[{\"@type\":\"WebPage\",\"@id\":\"https:\/\/kgerad.de\/produkt\/followme-cargo-transportanhaenger\/\",\"url\":\"https:\/\/kgerad.de\/produkt\/followme-cargo-transportanhaenger\/\",\"name\":\"FollowMe Cargo Transportanh\u00e4nger\",\"isPartOf\":{\"@id\":\"https:\/\/kgerad.de\/#website\"},\"primaryImageOfPage\":{\"@id\":\"https:\/\/kgerad.de\/produkt\/followme-cargo-transportanhaenger\/#primaryimage\"},\"image\":{\"@id\":\"https:\/\/kgerad.de\/produkt\/followme-cargo-transportanhaenger\/#primaryimage\"},\"thumbnailUrl\":\"https:\/\/kgerad.de\/wp-content\/uploads\/2023\/06\/Burley-DLITE-X-Single-Kinderanhanger-938103_a_800x800-0-1.jpg\",\"datePublished\":\"2022-12-05T13:52:04+00:00\",\"dateModified\":\"2023-08-10T18:17:50+00:00\",\"description\":\"kgerad.de bietet Ihnen das FollowMe Cargo Transportanh\u00e4nger zum besten Preis mit kostenlosem Versand in ganz EuropaCargo Transportanh\u00e4nger\",\"breadcrumb\":{\"@id\":\"https:\/\/kgerad.de\/produkt\/followme-cargo-transportanhaenger\/#breadcrumb\"},\"inLanguage\":\"en-US\",\"potentialAction\":[{\"@type\":\"ReadAction\",\"target\":[\"https:\/\/kgerad.de\/produkt\/followme-cargo-transportanhaenger\/\"]}]},{\"@type\":\"ImageObject\",\"inLanguage\":\"en-US\",\"@id\":\"https:\/\/kgerad.de\/produkt\/followme-cargo-transportanhaenger\/#primaryimage\",\"url\":\"https:\/\/kgerad.de\/wp-content\/uploads\/2023\/06\/Burley-DLITE-X-Single-Kinderanhanger-938103_a_800x800-0-1.jpg\",\"contentUrl\":\"https:\/\/kgerad.de\/wp-content\/uploads\/2023\/06\/Burley-DLITE-X-Single-Kinderanhanger-938103_a_800x800-0-1.jpg\",\"width\":800,\"height\":759,\"caption\":\"FollowMe Cargo Transportanh\u00e4nger\"},{\"@type\":\"BreadcrumbList\",\"@id\":\"https:\/\/kgerad.de\/produkt\/followme-cargo-transportanhaenger\/#breadcrumb\",\"itemListElement\":[{\"@type\":\"ListItem\",\"position\":1,\"name\":\"Startseite\",\"item\":\"https:\/\/kgerad.de\/\"},{\"@type\":\"ListItem\",\"position\":2,\"name\":\"LADEN\",\"item\":\"https:\/\/kgerad.de\/laden\/\"},{\"@type\":\"ListItem\",\"position\":3,\"name\":\"FollowMe Cargo Transportanh\u00e4nger\"}]},{\"@type\":\"WebSite\",\"@id\":\"https:\/\/kgerad.de\/#website\",\"url\":\"https:\/\/kgerad.de\/\",\"name\":\"kgerad.de\",\"description\":\"Treten Sie mit uns ins Abenteuer!\",\"publisher\":{\"@id\":\"https:\/\/kgerad.de\/#organization\"},\"alternateName\":\"MEIN RADLADEN\",\"potentialAction\":[{\"@type\":\"SearchAction\",\"target\":{\"@type\":\"EntryPoint\",\"urlTemplate\":\"https:\/\/kgerad.de\/?s={search_term_string}\"},\"query-input\":{\"@type\":\"PropertyValueSpecification\",\"valueRequired\":true,\"valueName\":\"search_term_string\"}}],\"inLanguage\":\"en-US\"},{\"@type\":\"Organization\",\"@id\":\"https:\/\/kgerad.de\/#organization\",\"name\":\"MEINRADLADEN\",\"alternateName\":\"MEIN RADLADEN\",\"url\":\"https:\/\/kgerad.de\/\",\"logo\":{\"@type\":\"ImageObject\",\"inLanguage\":\"en-US\",\"@id\":\"https:\/\/kgerad.de\/#\/schema\/logo\/image\/\",\"url\":\"https:\/\/kgerad.de\/wp-content\/uploads\/2025\/07\/logo-Whit.svg\",\"contentUrl\":\"https:\/\/kgerad.de\/wp-content\/uploads\/2025\/07\/logo-Whit.svg\",\"width\":1640,\"height\":371,\"caption\":\"MEINRADLADEN\"},\"image\":{\"@id\":\"https:\/\/kgerad.de\/#\/schema\/logo\/image\/\"}}]}<\/script>\n<!-- \/ Yoast SEO Premium plugin. -->","yoast_head_json":{"title":"FollowMe Cargo Transportanh\u00e4nger","description":"kgerad.de bietet Ihnen das FollowMe Cargo Transportanh\u00e4nger zum besten Preis mit kostenlosem Versand in ganz EuropaCargo Transportanh\u00e4nger","robots":{"index":"index","follow":"follow","max-snippet":"max-snippet:-1","max-image-preview":"max-image-preview:large","max-video-preview":"max-video-preview:-1"},"canonical":"https:\/\/kgerad.de\/en\/product\/followme-cargo-transportanhaenger\/","og_locale":"en_US","og_type":"article","og_title":"FollowMe Cargo Transportanh\u00e4nger","og_description":"Entdecken Sie unseren Online-Fahrradladen: Gro\u00dfe Auswahl an Modellen f\u00fcr alle Radsportbegeisterten. Von Rennr\u00e4dern bis zu Mountainbikes - finden Sie heute Ihren perfekten Wegbegleiter!","og_url":"https:\/\/kgerad.de\/en\/product\/followme-cargo-transportanhaenger\/","og_site_name":"kgerad.de","article_modified_time":"2023-08-10T18:17:50+00:00","og_image":[{"width":800,"height":759,"url":"https:\/\/kgerad.de\/wp-content\/uploads\/2023\/06\/Burley-DLITE-X-Single-Kinderanhanger-938103_a_800x800-0-1.jpg","type":"image\/jpeg"}],"twitter_card":"summary_large_image","twitter_misc":{"Est. reading time":"2 minutes"},"schema":{"@context":"https:\/\/schema.org","@graph":[{"@type":"WebPage","@id":"https:\/\/kgerad.de\/produkt\/followme-cargo-transportanhaenger\/","url":"https:\/\/kgerad.de\/produkt\/followme-cargo-transportanhaenger\/","name":"FollowMe Cargo Transportanh\u00e4nger","isPartOf":{"@id":"https:\/\/kgerad.de\/#website"},"primaryImageOfPage":{"@id":"https:\/\/kgerad.de\/produkt\/followme-cargo-transportanhaenger\/#primaryimage"},"image":{"@id":"https:\/\/kgerad.de\/produkt\/followme-cargo-transportanhaenger\/#primaryimage"},"thumbnailUrl":"https:\/\/kgerad.de\/wp-content\/uploads\/2023\/06\/Burley-DLITE-X-Single-Kinderanhanger-938103_a_800x800-0-1.jpg","datePublished":"2022-12-05T13:52:04+00:00","dateModified":"2023-08-10T18:17:50+00:00","description":"kgerad.de bietet Ihnen das FollowMe Cargo Transportanh\u00e4nger zum besten Preis mit kostenlosem Versand in ganz EuropaCargo Transportanh\u00e4nger","breadcrumb":{"@id":"https:\/\/kgerad.de\/produkt\/followme-cargo-transportanhaenger\/#breadcrumb"},"inLanguage":"en-US","potentialAction":[{"@type":"ReadAction","target":["https:\/\/kgerad.de\/produkt\/followme-cargo-transportanhaenger\/"]}]},{"@type":"ImageObject","inLanguage":"en-US","@id":"https:\/\/kgerad.de\/produkt\/followme-cargo-transportanhaenger\/#primaryimage","url":"https:\/\/kgerad.de\/wp-content\/uploads\/2023\/06\/Burley-DLITE-X-Single-Kinderanhanger-938103_a_800x800-0-1.jpg","contentUrl":"https:\/\/kgerad.de\/wp-content\/uploads\/2023\/06\/Burley-DLITE-X-Single-Kinderanhanger-938103_a_800x800-0-1.jpg","width":800,"height":759,"caption":"FollowMe Cargo Transportanh\u00e4nger"},{"@type":"BreadcrumbList","@id":"https:\/\/kgerad.de\/produkt\/followme-cargo-transportanhaenger\/#breadcrumb","itemListElement":[{"@type":"ListItem","position":1,"name":"Startseite","item":"https:\/\/kgerad.de\/"},{"@type":"ListItem","position":2,"name":"LADEN","item":"https:\/\/kgerad.de\/laden\/"},{"@type":"ListItem","position":3,"name":"FollowMe Cargo Transportanh\u00e4nger"}]},{"@type":"WebSite","@id":"https:\/\/kgerad.de\/#website","url":"https:\/\/kgerad.de\/","name":"kgerad.de","description":"Treten Sie mit uns ins Abenteuer!","publisher":{"@id":"https:\/\/kgerad.de\/#organization"},"alternateName":"MEIN RADLADEN","potentialAction":[{"@type":"SearchAction","target":{"@type":"EntryPoint","urlTemplate":"https:\/\/kgerad.de\/?s={search_term_string}"},"query-input":{"@type":"PropertyValueSpecification","valueRequired":true,"valueName":"search_term_string"}}],"inLanguage":"en-US"},{"@type":"Organization","@id":"https:\/\/kgerad.de\/#organization","name":"MEINRADLADEN","alternateName":"MEIN RADLADEN","url":"https:\/\/kgerad.de\/","logo":{"@type":"ImageObject","inLanguage":"en-US","@id":"https:\/\/kgerad.de\/#\/schema\/logo\/image\/","url":"https:\/\/kgerad.de\/wp-content\/uploads\/2025\/07\/logo-Whit.svg","contentUrl":"https:\/\/kgerad.de\/wp-content\/uploads\/2025\/07\/logo-Whit.svg","width":1640,"height":371,"caption":"MEINRADLADEN"},"image":{"@id":"https:\/\/kgerad.de\/#\/schema\/logo\/image\/"}}]}},"_links":{"self":[{"href":"https:\/\/kgerad.de\/en\/wp-json\/wp\/v2\/product\/47945","targetHints":{"allow":["GET"]}}],"collection":[{"href":"https:\/\/kgerad.de\/en\/wp-json\/wp\/v2\/product"}],"about":[{"href":"https:\/\/kgerad.de\/en\/wp-json\/wp\/v2\/types\/product"}],"replies":[{"embeddable":true,"href":"https:\/\/kgerad.de\/en\/wp-json\/wp\/v2\/comments?post=47945"}],"version-history":[{"count":1,"href":"https:\/\/kgerad.de\/en\/wp-json\/wp\/v2\/product\/47945\/revisions"}],"predecessor-version":[{"id":78815,"href":"https:\/\/kgerad.de\/en\/wp-json\/wp\/v2\/product\/47945\/revisions\/78815"}],"wp:featuredmedia":[{"embeddable":true,"href":"https:\/\/kgerad.de\/en\/wp-json\/wp\/v2\/media\/64430"}],"wp:attachment":[{"href":"https:\/\/kgerad.de\/en\/wp-json\/wp\/v2\/media?parent=47945"}],"wp:term":[{"taxonomy":"product_brand","embeddable":true,"href":"https:\/\/kgerad.de\/en\/wp-json\/wp\/v2\/product_brand?post=47945"},{"taxonomy":"product_cat","embeddable":true,"href":"https:\/\/kgerad.de\/en\/wp-json\/wp\/v2\/product_cat?post=47945"},{"taxonomy":"product_tag","embeddable":true,"href":"https:\/\/kgerad.de\/en\/wp-json\/wp\/v2\/product_tag?post=47945"}],"curies":[{"name":"wp","href":"https:\/\/api.w.org\/{rel}","templated":true}]}}