{"id":47937,"date":"2022-12-05T14:27:37","date_gmt":"2022-12-05T13:27:37","guid":{"rendered":"https:\/\/kgerad.de\/?post_type=product&#038;p=47937"},"modified":"2023-08-10T20:18:02","modified_gmt":"2023-08-10T18:18:02","slug":"burley-dlite-x-single-kinderanhaenger","status":"publish","type":"product","link":"https:\/\/kgerad.de\/en\/product\/burley-dlite-x-single-kinderanhaenger\/","title":{"rendered":"Burley D&#8217;LITE X Single Kinderanh\u00e4nger"},"content":{"rendered":"<h2 class=\"product--title\"><strong>Burley<\/strong>\u00a0D&#8217;LITE X Single Kinderanh\u00e4nger<\/h2>\n<p>Der Burley D&#8217;LITE X Single ist das neue <a href=\"http:\/\/1-1\">gefederte<\/a> Spitzenmodell mit Premium-Ausstattung, einzeln verstellbaren Sitzen und zus\u00e4tzlichem Walking Set. F\u00fcr ein Maximum an Komfort, Sicherheit und Fahrspa\u00df.<\/p>\n<hr \/>\n<h3>Features &#8211; Burley D&#8217;Lite X Single Kinderanh\u00e4nger<\/h3>\n<ul>\n<li>Topmodell mit zahlreichen Ausstattungsmerkmalen<\/li>\n<li>Fahrrad-Option mit Deichsel und Kupplung zur Befestigung am Zugfahrrad<\/li>\n<li>Walking-Option zur zus\u00e4tzlichen Verwendung als Schiebewagen<\/li>\n<li>Sto\u00dfabsorbierende und d\u00e4mpfende Federung, nach Gewicht einstellbar<\/li>\n<li>Verstellbarer Sitz, 3 Positionen von aufrecht bis Halb-Liegeposition<\/li>\n<li>Premium Sitz-Polsterung mit abnehmbaren Kopfst\u00fctzen und Paspeln in Verdeckfarbe<\/li>\n<li>Gepolstertes 5-Punkte-Sicherheitsgurtsystem<\/li>\n<li>Extra Ellbogenfreiheit und mehr Innenraum durch Verbreiterung im Schulterbereich<\/li>\n<li>Wasserabweisendes Allwetterverdeck mit integriertem Insektennetz und wasserfesten Rei\u00dfverschl\u00fcssen<\/li>\n<li>Verstellbarer Sonnenschutz, im Verdeck versenkbar<\/li>\n<li>Rundum Fensterscheiben mit hohem UV Schutz<\/li>\n<li>Gummierte Fu\u00dfmatte, abnehmbar zur Reinigung<\/li>\n<li>Abgetrennter Stauraum hinten, zahlreiche Innentaschen<\/li>\n<li>R\u00fcckenlehne abclipbar, zum Lastentransport<\/li>\n<li>Neue bedienfreundliche Deichselaufnahme zum schnellen Umr\u00fcsten der Burley-Sets<\/li>\n<li>Leichtlaufende 20\u201c Push-Button-Laufr\u00e4der, kugelgelagert, mit d\u00e4mpfender Komfort-Bereifung und seitlichen Reflektorstreifen<\/li>\n<li>Stabile Fahrgastzelle aus hochfestem Aluminium<\/li>\n<li>Ergonomisch geformter Schiebeb\u00fcgel, individuell einstellbar mit Sicherheitsfangleine<\/li>\n<li>Einfach per Fu\u00df zu bedienende Feststellbremse<\/li>\n<li>Integrierte, seitliche Radabweiser verhindern \u201eEinf\u00e4deln\u201c an Hindernissen<\/li>\n<li>Kunststoffverst\u00e4rkung im Frontbereich als Auffahrschutz<\/li>\n<li>LED-R\u00fccklicht und Rundum-Reflektoren f\u00fcr optimale Sichtbarkeit in der D\u00e4mmerung und Dunkelheit<\/li>\n<li>Kompakt zusammenfaltbar auf kleines Packma\u00df f\u00fcr Transport und Aufbewahrung<\/li>\n<li>Voll kompatibel mit allen Burley Zubeh\u00f6r Sets<\/li>\n<\/ul>\n<h3>Produkteigenschaften<\/h3>\n<ul>\n<li><strong>Sitzpl\u00e4tze:<\/strong>\u00a01<\/li>\n<li><strong>Zuladung:<\/strong>\u00a034 kg<\/li>\n<li><strong>Stauraum:<\/strong>\u00a036 L<\/li>\n<li><strong>Radgr\u00f6\u00dfe:<\/strong>\u00a020\u201d<\/li>\n<li><strong>UV-Schutzgrad Fenster:\u00a0<\/strong>UPF 50+<\/li>\n<\/ul>\n<h3>Abmessung<\/h3>\n<ul>\n<li><strong>Sitzh\u00f6he innen:\u00a0<\/strong>60,9 cm<\/li>\n<li><strong>Schulterbreite innen:<\/strong>\u00a055,8 cm<\/li>\n<li><strong>Sitzbreite innen:\u00a0<\/strong>46,9 cm<\/li>\n<li><strong>Beinfreiheit:\u00a0<\/strong>53,3 cm<\/li>\n<li><strong>H\u00f6he Schiebeb\u00fcgel:\u00a0<\/strong>76,2 &#8211; 129,5 cm<\/li>\n<li><strong>Gr\u00f6\u00dfe ge\u00f6ffnet LxBxH:<\/strong>\u00a084,5 x 69,9 x 97,2 cm<\/li>\n<li><strong>Gr\u00f6\u00dfe gefaltet LxBxH:<\/strong>\u00a091,4 x 69,9 x 38,1 cm<\/li>\n<\/ul>\n<h3>Farbe<\/h3>\n<ul>\n<li>hellblau<\/li>\n<\/ul>\n<h3>Gewicht<\/h3>\n<ul>\n<li>12,5kg (Herstellerangabe)<\/li>\n<\/ul>\n<hr \/>\n<h3>Lieferumfang<\/h3>\n<ul>\n<li>1 Burley D&#8217;Lite X Single Kinderanh\u00e4nger<\/li>\n<li>1 Burley Benutzer-Handbuch<\/li>\n<li>1 Burley Anh\u00e4ngerkupplung mit 1-Rad-Kinderwagen und Kupplung<\/li>\n<li>1 Burley Sicherheitsflagge<\/li>\n<li>2 Burley R\u00e4der<\/li>\n<li>2 Burley Radschutzb\u00fcgel<\/li>\n<\/ul>","protected":false},"excerpt":{"rendered":"<p>Burley\u00a0D&#8217;LITE X Single Kinderanh\u00e4nger Der Burley D&#8217;LITE X Single ist das neue gefederte Spitzenmodell mit Premium-Ausstattung, einzeln verstellbaren Sitzen und<\/p>","protected":false},"featured_media":64426,"comment_status":"open","ping_status":"closed","template":"","meta":[],"product_brand":[],"product_cat":[590,573],"product_tag":[],"class_list":{"0":"post-47937","1":"product","2":"type-product","3":"status-publish","4":"has-post-thumbnail","6":"product_cat-fahrradanhaenger","7":"product_cat-zubehor","8":"pa_marke-burley","10":"first","11":"instock","12":"sale","13":"taxable","14":"shipping-taxable","15":"purchasable","16":"product-type-simple"},"yoast_head":"<!-- This site is optimized with the Yoast SEO Premium plugin v20.12 (Yoast SEO v27.1.1) - https:\/\/yoast.com\/product\/yoast-seo-premium-wordpress\/ -->\n<title>Burley D&#039;LITE X Single Kinderanh\u00e4nger<\/title>\n<meta name=\"description\" content=\"Entdecken Sie unseren Online-Fahrradladen: Gro\u00dfe Auswahl an Modellen f\u00fcr alle Radsportbegeisterten. Von Rennr\u00e4dern bis zu Mountainbikes - finden Sie heute Ihren perfekten Wegbegleiter!\" \/>\n<meta name=\"robots\" content=\"index, follow, max-snippet:-1, max-image-preview:large, max-video-preview:-1\" \/>\n<link rel=\"canonical\" href=\"https:\/\/kgerad.de\/en\/product\/burley-dlite-x-single-kinderanhaenger\/\" \/>\n<meta property=\"og:locale\" content=\"en_US\" \/>\n<meta property=\"og:type\" content=\"article\" \/>\n<meta property=\"og:title\" content=\"Burley D&#039;LITE X Single Kinderanh\u00e4nger\" \/>\n<meta property=\"og:description\" content=\"Entdecken Sie unseren Online-Fahrradladen: Gro\u00dfe Auswahl an Modellen f\u00fcr alle Radsportbegeisterten. Von Rennr\u00e4dern bis zu Mountainbikes - finden Sie heute Ihren perfekten Wegbegleiter!\" \/>\n<meta property=\"og:url\" content=\"https:\/\/kgerad.de\/en\/product\/burley-dlite-x-single-kinderanhaenger\/\" \/>\n<meta property=\"og:site_name\" content=\"kgerad.de\" \/>\n<meta property=\"article:modified_time\" content=\"2023-08-10T18:18:02+00:00\" \/>\n<meta property=\"og:image\" content=\"https:\/\/kgerad.de\/wp-content\/uploads\/2023\/06\/Burley-DLITE-X-Single-Kinderanhanger-938103_a_800x800-0.jpg\" \/>\n\t<meta property=\"og:image:width\" content=\"800\" \/>\n\t<meta property=\"og:image:height\" content=\"759\" \/>\n\t<meta property=\"og:image:type\" content=\"image\/jpeg\" \/>\n<meta name=\"twitter:card\" content=\"summary_large_image\" \/>\n<meta name=\"twitter:label1\" content=\"Est. reading time\" \/>\n\t<meta name=\"twitter:data1\" content=\"2 minutes\" \/>\n<script type=\"application\/ld+json\" class=\"yoast-schema-graph\">{\"@context\":\"https:\/\/schema.org\",\"@graph\":[{\"@type\":\"WebPage\",\"@id\":\"https:\/\/kgerad.de\/produkt\/burley-dlite-x-single-kinderanhaenger\/\",\"url\":\"https:\/\/kgerad.de\/produkt\/burley-dlite-x-single-kinderanhaenger\/\",\"name\":\"Burley D'LITE X Single Kinderanh\u00e4nger\",\"isPartOf\":{\"@id\":\"https:\/\/kgerad.de\/#website\"},\"primaryImageOfPage\":{\"@id\":\"https:\/\/kgerad.de\/produkt\/burley-dlite-x-single-kinderanhaenger\/#primaryimage\"},\"image\":{\"@id\":\"https:\/\/kgerad.de\/produkt\/burley-dlite-x-single-kinderanhaenger\/#primaryimage\"},\"thumbnailUrl\":\"https:\/\/kgerad.de\/wp-content\/uploads\/2023\/06\/Burley-DLITE-X-Single-Kinderanhanger-938103_a_800x800-0.jpg\",\"datePublished\":\"2022-12-05T13:27:37+00:00\",\"dateModified\":\"2023-08-10T18:18:02+00:00\",\"description\":\"Entdecken Sie unseren Online-Fahrradladen: Gro\u00dfe Auswahl an Modellen f\u00fcr alle Radsportbegeisterten. Von Rennr\u00e4dern bis zu Mountainbikes - finden Sie heute Ihren perfekten Wegbegleiter!\",\"breadcrumb\":{\"@id\":\"https:\/\/kgerad.de\/produkt\/burley-dlite-x-single-kinderanhaenger\/#breadcrumb\"},\"inLanguage\":\"en-US\",\"potentialAction\":[{\"@type\":\"ReadAction\",\"target\":[\"https:\/\/kgerad.de\/produkt\/burley-dlite-x-single-kinderanhaenger\/\"]}]},{\"@type\":\"ImageObject\",\"inLanguage\":\"en-US\",\"@id\":\"https:\/\/kgerad.de\/produkt\/burley-dlite-x-single-kinderanhaenger\/#primaryimage\",\"url\":\"https:\/\/kgerad.de\/wp-content\/uploads\/2023\/06\/Burley-DLITE-X-Single-Kinderanhanger-938103_a_800x800-0.jpg\",\"contentUrl\":\"https:\/\/kgerad.de\/wp-content\/uploads\/2023\/06\/Burley-DLITE-X-Single-Kinderanhanger-938103_a_800x800-0.jpg\",\"width\":800,\"height\":759,\"caption\":\"Burley D'LITE X Single Kinderanh\u00e4nger\"},{\"@type\":\"BreadcrumbList\",\"@id\":\"https:\/\/kgerad.de\/produkt\/burley-dlite-x-single-kinderanhaenger\/#breadcrumb\",\"itemListElement\":[{\"@type\":\"ListItem\",\"position\":1,\"name\":\"Startseite\",\"item\":\"https:\/\/kgerad.de\/\"},{\"@type\":\"ListItem\",\"position\":2,\"name\":\"LADEN\",\"item\":\"https:\/\/kgerad.de\/laden\/\"},{\"@type\":\"ListItem\",\"position\":3,\"name\":\"Burley D&#8217;LITE X Single Kinderanh\u00e4nger\"}]},{\"@type\":\"WebSite\",\"@id\":\"https:\/\/kgerad.de\/#website\",\"url\":\"https:\/\/kgerad.de\/\",\"name\":\"kgerad.de\",\"description\":\"Treten Sie mit uns ins Abenteuer!\",\"publisher\":{\"@id\":\"https:\/\/kgerad.de\/#organization\"},\"alternateName\":\"MEIN RADLADEN\",\"potentialAction\":[{\"@type\":\"SearchAction\",\"target\":{\"@type\":\"EntryPoint\",\"urlTemplate\":\"https:\/\/kgerad.de\/?s={search_term_string}\"},\"query-input\":{\"@type\":\"PropertyValueSpecification\",\"valueRequired\":true,\"valueName\":\"search_term_string\"}}],\"inLanguage\":\"en-US\"},{\"@type\":\"Organization\",\"@id\":\"https:\/\/kgerad.de\/#organization\",\"name\":\"MEINRADLADEN\",\"alternateName\":\"MEIN RADLADEN\",\"url\":\"https:\/\/kgerad.de\/\",\"logo\":{\"@type\":\"ImageObject\",\"inLanguage\":\"en-US\",\"@id\":\"https:\/\/kgerad.de\/#\/schema\/logo\/image\/\",\"url\":\"https:\/\/kgerad.de\/wp-content\/uploads\/2025\/07\/logo-Whit.svg\",\"contentUrl\":\"https:\/\/kgerad.de\/wp-content\/uploads\/2025\/07\/logo-Whit.svg\",\"width\":1640,\"height\":371,\"caption\":\"MEINRADLADEN\"},\"image\":{\"@id\":\"https:\/\/kgerad.de\/#\/schema\/logo\/image\/\"}}]}<\/script>\n<!-- \/ Yoast SEO Premium plugin. -->","yoast_head_json":{"title":"Burley D'LITE X Single Kinderanh\u00e4nger","description":"Entdecken Sie unseren Online-Fahrradladen: Gro\u00dfe Auswahl an Modellen f\u00fcr alle Radsportbegeisterten. Von Rennr\u00e4dern bis zu Mountainbikes - finden Sie heute Ihren perfekten Wegbegleiter!","robots":{"index":"index","follow":"follow","max-snippet":"max-snippet:-1","max-image-preview":"max-image-preview:large","max-video-preview":"max-video-preview:-1"},"canonical":"https:\/\/kgerad.de\/en\/product\/burley-dlite-x-single-kinderanhaenger\/","og_locale":"en_US","og_type":"article","og_title":"Burley D'LITE X Single Kinderanh\u00e4nger","og_description":"Entdecken Sie unseren Online-Fahrradladen: Gro\u00dfe Auswahl an Modellen f\u00fcr alle Radsportbegeisterten. Von Rennr\u00e4dern bis zu Mountainbikes - finden Sie heute Ihren perfekten Wegbegleiter!","og_url":"https:\/\/kgerad.de\/en\/product\/burley-dlite-x-single-kinderanhaenger\/","og_site_name":"kgerad.de","article_modified_time":"2023-08-10T18:18:02+00:00","og_image":[{"width":800,"height":759,"url":"https:\/\/kgerad.de\/wp-content\/uploads\/2023\/06\/Burley-DLITE-X-Single-Kinderanhanger-938103_a_800x800-0.jpg","type":"image\/jpeg"}],"twitter_card":"summary_large_image","twitter_misc":{"Est. reading time":"2 minutes"},"schema":{"@context":"https:\/\/schema.org","@graph":[{"@type":"WebPage","@id":"https:\/\/kgerad.de\/produkt\/burley-dlite-x-single-kinderanhaenger\/","url":"https:\/\/kgerad.de\/produkt\/burley-dlite-x-single-kinderanhaenger\/","name":"Burley D'LITE X Single Kinderanh\u00e4nger","isPartOf":{"@id":"https:\/\/kgerad.de\/#website"},"primaryImageOfPage":{"@id":"https:\/\/kgerad.de\/produkt\/burley-dlite-x-single-kinderanhaenger\/#primaryimage"},"image":{"@id":"https:\/\/kgerad.de\/produkt\/burley-dlite-x-single-kinderanhaenger\/#primaryimage"},"thumbnailUrl":"https:\/\/kgerad.de\/wp-content\/uploads\/2023\/06\/Burley-DLITE-X-Single-Kinderanhanger-938103_a_800x800-0.jpg","datePublished":"2022-12-05T13:27:37+00:00","dateModified":"2023-08-10T18:18:02+00:00","description":"Entdecken Sie unseren Online-Fahrradladen: Gro\u00dfe Auswahl an Modellen f\u00fcr alle Radsportbegeisterten. Von Rennr\u00e4dern bis zu Mountainbikes - finden Sie heute Ihren perfekten Wegbegleiter!","breadcrumb":{"@id":"https:\/\/kgerad.de\/produkt\/burley-dlite-x-single-kinderanhaenger\/#breadcrumb"},"inLanguage":"en-US","potentialAction":[{"@type":"ReadAction","target":["https:\/\/kgerad.de\/produkt\/burley-dlite-x-single-kinderanhaenger\/"]}]},{"@type":"ImageObject","inLanguage":"en-US","@id":"https:\/\/kgerad.de\/produkt\/burley-dlite-x-single-kinderanhaenger\/#primaryimage","url":"https:\/\/kgerad.de\/wp-content\/uploads\/2023\/06\/Burley-DLITE-X-Single-Kinderanhanger-938103_a_800x800-0.jpg","contentUrl":"https:\/\/kgerad.de\/wp-content\/uploads\/2023\/06\/Burley-DLITE-X-Single-Kinderanhanger-938103_a_800x800-0.jpg","width":800,"height":759,"caption":"Burley D'LITE X Single Kinderanh\u00e4nger"},{"@type":"BreadcrumbList","@id":"https:\/\/kgerad.de\/produkt\/burley-dlite-x-single-kinderanhaenger\/#breadcrumb","itemListElement":[{"@type":"ListItem","position":1,"name":"Startseite","item":"https:\/\/kgerad.de\/"},{"@type":"ListItem","position":2,"name":"LADEN","item":"https:\/\/kgerad.de\/laden\/"},{"@type":"ListItem","position":3,"name":"Burley D&#8217;LITE X Single Kinderanh\u00e4nger"}]},{"@type":"WebSite","@id":"https:\/\/kgerad.de\/#website","url":"https:\/\/kgerad.de\/","name":"kgerad.de","description":"Treten Sie mit uns ins Abenteuer!","publisher":{"@id":"https:\/\/kgerad.de\/#organization"},"alternateName":"MEIN RADLADEN","potentialAction":[{"@type":"SearchAction","target":{"@type":"EntryPoint","urlTemplate":"https:\/\/kgerad.de\/?s={search_term_string}"},"query-input":{"@type":"PropertyValueSpecification","valueRequired":true,"valueName":"search_term_string"}}],"inLanguage":"en-US"},{"@type":"Organization","@id":"https:\/\/kgerad.de\/#organization","name":"MEINRADLADEN","alternateName":"MEIN RADLADEN","url":"https:\/\/kgerad.de\/","logo":{"@type":"ImageObject","inLanguage":"en-US","@id":"https:\/\/kgerad.de\/#\/schema\/logo\/image\/","url":"https:\/\/kgerad.de\/wp-content\/uploads\/2025\/07\/logo-Whit.svg","contentUrl":"https:\/\/kgerad.de\/wp-content\/uploads\/2025\/07\/logo-Whit.svg","width":1640,"height":371,"caption":"MEINRADLADEN"},"image":{"@id":"https:\/\/kgerad.de\/#\/schema\/logo\/image\/"}}]}},"_links":{"self":[{"href":"https:\/\/kgerad.de\/en\/wp-json\/wp\/v2\/product\/47937","targetHints":{"allow":["GET"]}}],"collection":[{"href":"https:\/\/kgerad.de\/en\/wp-json\/wp\/v2\/product"}],"about":[{"href":"https:\/\/kgerad.de\/en\/wp-json\/wp\/v2\/types\/product"}],"replies":[{"embeddable":true,"href":"https:\/\/kgerad.de\/en\/wp-json\/wp\/v2\/comments?post=47937"}],"version-history":[{"count":1,"href":"https:\/\/kgerad.de\/en\/wp-json\/wp\/v2\/product\/47937\/revisions"}],"predecessor-version":[{"id":78816,"href":"https:\/\/kgerad.de\/en\/wp-json\/wp\/v2\/product\/47937\/revisions\/78816"}],"wp:featuredmedia":[{"embeddable":true,"href":"https:\/\/kgerad.de\/en\/wp-json\/wp\/v2\/media\/64426"}],"wp:attachment":[{"href":"https:\/\/kgerad.de\/en\/wp-json\/wp\/v2\/media?parent=47937"}],"wp:term":[{"taxonomy":"product_brand","embeddable":true,"href":"https:\/\/kgerad.de\/en\/wp-json\/wp\/v2\/product_brand?post=47937"},{"taxonomy":"product_cat","embeddable":true,"href":"https:\/\/kgerad.de\/en\/wp-json\/wp\/v2\/product_cat?post=47937"},{"taxonomy":"product_tag","embeddable":true,"href":"https:\/\/kgerad.de\/en\/wp-json\/wp\/v2\/product_tag?post=47937"}],"curies":[{"name":"wp","href":"https:\/\/api.w.org\/{rel}","templated":true}]}}