{"id":47921,"date":"2022-12-05T13:37:12","date_gmt":"2022-12-05T12:37:12","guid":{"rendered":"https:\/\/kgerad.de\/?post_type=product&#038;p=47921"},"modified":"2023-08-10T20:18:35","modified_gmt":"2023-08-10T18:18:35","slug":"topeak-journey-trailer-anhaenger","status":"publish","type":"product","link":"https:\/\/kgerad.de\/en\/product\/topeak-journey-trailer-anhaenger\/","title":{"rendered":"Topeak Journey Trailer Anh\u00e4nger"},"content":{"rendered":"<h2 class=\"product--title\"><strong>Topeak<\/strong>\u00a0Journey Trailer Anh\u00e4nger<\/h2>\n<p>F\u00fcr Topeak Journey Trailer Anh\u00e4nger das ganz gro\u00dfe Gep\u00e4ck, auf dem Wochenmarkt oder auf der Weltreise. Der leichte, elegante TwinSpar Rahmen h\u00e4lt den Topeak Anh\u00e4nger gleichm\u00e4\u00dfig und stabil im Gleichgewicht. Durch die SideLock Halterung l\u00e4sst sich der Journey Trailer einfach ab- oder mittels zus\u00e4tzlicher Halterung an ein zweites Rad ankoppeln.<\/p>\n<p>Die integrierte, herausnehmbare 65,3 Liter DryBag-Tasche ist wasserdicht und eignet sich perfekt zum Einkaufen.<\/p>\n<hr \/>\n<h3>Features &#8211; Journey Trailer und Drybag<\/h3>\n<ul>\n<li>SlideLock QR Halterung erleichtert die Montage bzw. Demontage des Trailers und das Wechseln auf ein anderes Fahrrad<\/li>\n<li>Rollverschluss f\u00fcr optimalen Schutz vor Witterungseinfl\u00fcssen und Spritzwasser<\/li>\n<li>Schutzblech mit R\u00fccklichtaufnahme<\/li>\n<li>Effektiver Schutz vor aufspritzendem Wasser<\/li>\n<li>Wasserdichtes Material und verschwei\u00dfte N\u00e4hte f\u00fcr robusten, wasserdichten Schutz<\/li>\n<li>Durch Sicherheitsfahne gut sichtbar im Stra\u00dfenverkehr<\/li>\n<\/ul>\n<h3>Produkteigenschaften<\/h3>\n<ul>\n<li><strong>Tragf\u00e4higkeit:<\/strong>\u00a032 kg<\/li>\n<li><strong>Kompatibilit\u00e4t:\u00a0<\/strong>26&#8243;, 27,5&#8243;, 29&#8243; &amp; 700C R\u00e4dern mit 130 &amp; 135 mm Schnellspannachsen<\/li>\n<li><strong>Kapazit\u00e4t:\u00a0<\/strong>65,3 l<\/li>\n<li><strong>Ma\u00dfe:<\/strong>\u00a0157 x 44,7 x 42 cm<\/li>\n<li><strong>Hinterrad:<\/strong>\u00a016&#8243; Aluminiumrad mit Reflektorstreifen<\/li>\n<\/ul>\n<h3>Material<\/h3>\n<ul>\n<li>Aluminium (Rahmen)<\/li>\n<\/ul>\n<h3>Farbe<\/h3>\n<ul>\n<li>schwarz\/gelb<\/li>\n<\/ul>\n<h3>Gewicht (Herstellerangabe)<\/h3>\n<ul>\n<li><strong>Trailer:<\/strong>\u00a04,85 kg<\/li>\n<li><strong>DryBag:<\/strong>\u00a01,60 kg<\/li>\n<\/ul>\n<hr \/>\n<h3>Lieferumfang<\/h3>\n<ul>\n<li>inkl. BryBag und Fahne<\/li>\n<\/ul>\n<hr \/>\n<h3>Topeak Journey Trailer and DryBag<\/h3>\n<p><iframe src=\"https:\/\/www.youtube-nocookie.com\/embed\/y104GKJ8_qk\" width=\"640\" height=\"360\" frameborder=\"0\" allowfullscreen=\"allowfullscreen\" data-mce-fragment=\"1\"><\/iframe><\/p>","protected":false},"excerpt":{"rendered":"<p>Topeak\u00a0Journey Trailer Anh\u00e4nger F\u00fcr Topeak Journey Trailer Anh\u00e4nger das ganz gro\u00dfe Gep\u00e4ck, auf dem Wochenmarkt oder auf der Weltreise. Der<\/p>","protected":false},"featured_media":64417,"comment_status":"open","ping_status":"closed","template":"","meta":[],"product_brand":[],"product_cat":[590,573],"product_tag":[],"class_list":{"0":"post-47921","1":"product","2":"type-product","3":"status-publish","4":"has-post-thumbnail","6":"product_cat-fahrradanhaenger","7":"product_cat-zubehor","8":"pa_marke-topeak","10":"first","11":"instock","12":"sale","13":"taxable","14":"shipping-taxable","15":"purchasable","16":"product-type-simple"},"yoast_head":"<!-- This site is optimized with the Yoast SEO Premium plugin v20.12 (Yoast SEO v27.1.1) - https:\/\/yoast.com\/product\/yoast-seo-premium-wordpress\/ -->\n<title>Topeak Journey Trailer Anh\u00e4nger<\/title>\n<meta name=\"description\" content=\"kgerad.de bietet Ihnen das Topeak Journey Trailer Anh\u00e4nger zum besten Preis mit kostenlosem Versand in ganz EuropaTopeak Journey Trailer Anh\u00e4nger\" \/>\n<meta name=\"robots\" content=\"index, follow, max-snippet:-1, max-image-preview:large, max-video-preview:-1\" \/>\n<link rel=\"canonical\" href=\"https:\/\/kgerad.de\/en\/product\/topeak-journey-trailer-anhaenger\/\" \/>\n<meta property=\"og:locale\" content=\"en_US\" \/>\n<meta property=\"og:type\" content=\"article\" \/>\n<meta property=\"og:title\" content=\"Topeak Journey Trailer Anh\u00e4nger\" \/>\n<meta property=\"og:description\" content=\"Entdecken Sie unseren Online-Fahrradladen: Gro\u00dfe Auswahl an Modellen f\u00fcr alle Radsportbegeisterten. Von Rennr\u00e4dern bis zu Mountainbikes - finden Sie heute Ihren perfekten Wegbegleiter!\" \/>\n<meta property=\"og:url\" content=\"https:\/\/kgerad.de\/en\/product\/topeak-journey-trailer-anhaenger\/\" \/>\n<meta property=\"og:site_name\" content=\"kgerad.de\" \/>\n<meta property=\"article:modified_time\" content=\"2023-08-10T18:18:35+00:00\" \/>\n<meta property=\"og:image\" content=\"https:\/\/kgerad.de\/wp-content\/uploads\/2023\/06\/Journey-Trailer-Anhaenger-01_800x800-0.jpg\" \/>\n\t<meta property=\"og:image:width\" content=\"656\" \/>\n\t<meta property=\"og:image:height\" content=\"800\" \/>\n\t<meta property=\"og:image:type\" content=\"image\/jpeg\" \/>\n<meta name=\"twitter:card\" content=\"summary_large_image\" \/>\n<meta name=\"twitter:label1\" content=\"Est. reading time\" \/>\n\t<meta name=\"twitter:data1\" content=\"1 minute\" \/>\n<script type=\"application\/ld+json\" class=\"yoast-schema-graph\">{\"@context\":\"https:\/\/schema.org\",\"@graph\":[{\"@type\":\"WebPage\",\"@id\":\"https:\/\/kgerad.de\/produkt\/topeak-journey-trailer-anhaenger\/\",\"url\":\"https:\/\/kgerad.de\/produkt\/topeak-journey-trailer-anhaenger\/\",\"name\":\"Topeak Journey Trailer Anh\u00e4nger\",\"isPartOf\":{\"@id\":\"https:\/\/kgerad.de\/#website\"},\"primaryImageOfPage\":{\"@id\":\"https:\/\/kgerad.de\/produkt\/topeak-journey-trailer-anhaenger\/#primaryimage\"},\"image\":{\"@id\":\"https:\/\/kgerad.de\/produkt\/topeak-journey-trailer-anhaenger\/#primaryimage\"},\"thumbnailUrl\":\"https:\/\/kgerad.de\/wp-content\/uploads\/2023\/06\/Journey-Trailer-Anhaenger-01_800x800-0.jpg\",\"datePublished\":\"2022-12-05T12:37:12+00:00\",\"dateModified\":\"2023-08-10T18:18:35+00:00\",\"description\":\"kgerad.de bietet Ihnen das Topeak Journey Trailer Anh\u00e4nger zum besten Preis mit kostenlosem Versand in ganz EuropaTopeak Journey Trailer Anh\u00e4nger\",\"breadcrumb\":{\"@id\":\"https:\/\/kgerad.de\/produkt\/topeak-journey-trailer-anhaenger\/#breadcrumb\"},\"inLanguage\":\"en-US\",\"potentialAction\":[{\"@type\":\"ReadAction\",\"target\":[\"https:\/\/kgerad.de\/produkt\/topeak-journey-trailer-anhaenger\/\"]}]},{\"@type\":\"ImageObject\",\"inLanguage\":\"en-US\",\"@id\":\"https:\/\/kgerad.de\/produkt\/topeak-journey-trailer-anhaenger\/#primaryimage\",\"url\":\"https:\/\/kgerad.de\/wp-content\/uploads\/2023\/06\/Journey-Trailer-Anhaenger-01_800x800-0.jpg\",\"contentUrl\":\"https:\/\/kgerad.de\/wp-content\/uploads\/2023\/06\/Journey-Trailer-Anhaenger-01_800x800-0.jpg\",\"width\":656,\"height\":800,\"caption\":\"Topeak Journey Trailer Anh\u00e4nger\"},{\"@type\":\"BreadcrumbList\",\"@id\":\"https:\/\/kgerad.de\/produkt\/topeak-journey-trailer-anhaenger\/#breadcrumb\",\"itemListElement\":[{\"@type\":\"ListItem\",\"position\":1,\"name\":\"Startseite\",\"item\":\"https:\/\/kgerad.de\/\"},{\"@type\":\"ListItem\",\"position\":2,\"name\":\"LADEN\",\"item\":\"https:\/\/kgerad.de\/laden\/\"},{\"@type\":\"ListItem\",\"position\":3,\"name\":\"Topeak Journey Trailer Anh\u00e4nger\"}]},{\"@type\":\"WebSite\",\"@id\":\"https:\/\/kgerad.de\/#website\",\"url\":\"https:\/\/kgerad.de\/\",\"name\":\"kgerad.de\",\"description\":\"Treten Sie mit uns ins Abenteuer!\",\"publisher\":{\"@id\":\"https:\/\/kgerad.de\/#organization\"},\"alternateName\":\"MEIN RADLADEN\",\"potentialAction\":[{\"@type\":\"SearchAction\",\"target\":{\"@type\":\"EntryPoint\",\"urlTemplate\":\"https:\/\/kgerad.de\/?s={search_term_string}\"},\"query-input\":{\"@type\":\"PropertyValueSpecification\",\"valueRequired\":true,\"valueName\":\"search_term_string\"}}],\"inLanguage\":\"en-US\"},{\"@type\":\"Organization\",\"@id\":\"https:\/\/kgerad.de\/#organization\",\"name\":\"MEINRADLADEN\",\"alternateName\":\"MEIN RADLADEN\",\"url\":\"https:\/\/kgerad.de\/\",\"logo\":{\"@type\":\"ImageObject\",\"inLanguage\":\"en-US\",\"@id\":\"https:\/\/kgerad.de\/#\/schema\/logo\/image\/\",\"url\":\"https:\/\/kgerad.de\/wp-content\/uploads\/2025\/07\/logo-Whit.svg\",\"contentUrl\":\"https:\/\/kgerad.de\/wp-content\/uploads\/2025\/07\/logo-Whit.svg\",\"width\":1640,\"height\":371,\"caption\":\"MEINRADLADEN\"},\"image\":{\"@id\":\"https:\/\/kgerad.de\/#\/schema\/logo\/image\/\"}}]}<\/script>\n<!-- \/ Yoast SEO Premium plugin. -->","yoast_head_json":{"title":"Topeak Journey Trailer Anh\u00e4nger","description":"kgerad.de bietet Ihnen das Topeak Journey Trailer Anh\u00e4nger zum besten Preis mit kostenlosem Versand in ganz EuropaTopeak Journey Trailer Anh\u00e4nger","robots":{"index":"index","follow":"follow","max-snippet":"max-snippet:-1","max-image-preview":"max-image-preview:large","max-video-preview":"max-video-preview:-1"},"canonical":"https:\/\/kgerad.de\/en\/product\/topeak-journey-trailer-anhaenger\/","og_locale":"en_US","og_type":"article","og_title":"Topeak Journey Trailer Anh\u00e4nger","og_description":"Entdecken Sie unseren Online-Fahrradladen: Gro\u00dfe Auswahl an Modellen f\u00fcr alle Radsportbegeisterten. Von Rennr\u00e4dern bis zu Mountainbikes - finden Sie heute Ihren perfekten Wegbegleiter!","og_url":"https:\/\/kgerad.de\/en\/product\/topeak-journey-trailer-anhaenger\/","og_site_name":"kgerad.de","article_modified_time":"2023-08-10T18:18:35+00:00","og_image":[{"width":656,"height":800,"url":"https:\/\/kgerad.de\/wp-content\/uploads\/2023\/06\/Journey-Trailer-Anhaenger-01_800x800-0.jpg","type":"image\/jpeg"}],"twitter_card":"summary_large_image","twitter_misc":{"Est. reading time":"1 minute"},"schema":{"@context":"https:\/\/schema.org","@graph":[{"@type":"WebPage","@id":"https:\/\/kgerad.de\/produkt\/topeak-journey-trailer-anhaenger\/","url":"https:\/\/kgerad.de\/produkt\/topeak-journey-trailer-anhaenger\/","name":"Topeak Journey Trailer Anh\u00e4nger","isPartOf":{"@id":"https:\/\/kgerad.de\/#website"},"primaryImageOfPage":{"@id":"https:\/\/kgerad.de\/produkt\/topeak-journey-trailer-anhaenger\/#primaryimage"},"image":{"@id":"https:\/\/kgerad.de\/produkt\/topeak-journey-trailer-anhaenger\/#primaryimage"},"thumbnailUrl":"https:\/\/kgerad.de\/wp-content\/uploads\/2023\/06\/Journey-Trailer-Anhaenger-01_800x800-0.jpg","datePublished":"2022-12-05T12:37:12+00:00","dateModified":"2023-08-10T18:18:35+00:00","description":"kgerad.de bietet Ihnen das Topeak Journey Trailer Anh\u00e4nger zum besten Preis mit kostenlosem Versand in ganz EuropaTopeak Journey Trailer Anh\u00e4nger","breadcrumb":{"@id":"https:\/\/kgerad.de\/produkt\/topeak-journey-trailer-anhaenger\/#breadcrumb"},"inLanguage":"en-US","potentialAction":[{"@type":"ReadAction","target":["https:\/\/kgerad.de\/produkt\/topeak-journey-trailer-anhaenger\/"]}]},{"@type":"ImageObject","inLanguage":"en-US","@id":"https:\/\/kgerad.de\/produkt\/topeak-journey-trailer-anhaenger\/#primaryimage","url":"https:\/\/kgerad.de\/wp-content\/uploads\/2023\/06\/Journey-Trailer-Anhaenger-01_800x800-0.jpg","contentUrl":"https:\/\/kgerad.de\/wp-content\/uploads\/2023\/06\/Journey-Trailer-Anhaenger-01_800x800-0.jpg","width":656,"height":800,"caption":"Topeak Journey Trailer Anh\u00e4nger"},{"@type":"BreadcrumbList","@id":"https:\/\/kgerad.de\/produkt\/topeak-journey-trailer-anhaenger\/#breadcrumb","itemListElement":[{"@type":"ListItem","position":1,"name":"Startseite","item":"https:\/\/kgerad.de\/"},{"@type":"ListItem","position":2,"name":"LADEN","item":"https:\/\/kgerad.de\/laden\/"},{"@type":"ListItem","position":3,"name":"Topeak Journey Trailer Anh\u00e4nger"}]},{"@type":"WebSite","@id":"https:\/\/kgerad.de\/#website","url":"https:\/\/kgerad.de\/","name":"kgerad.de","description":"Treten Sie mit uns ins Abenteuer!","publisher":{"@id":"https:\/\/kgerad.de\/#organization"},"alternateName":"MEIN RADLADEN","potentialAction":[{"@type":"SearchAction","target":{"@type":"EntryPoint","urlTemplate":"https:\/\/kgerad.de\/?s={search_term_string}"},"query-input":{"@type":"PropertyValueSpecification","valueRequired":true,"valueName":"search_term_string"}}],"inLanguage":"en-US"},{"@type":"Organization","@id":"https:\/\/kgerad.de\/#organization","name":"MEINRADLADEN","alternateName":"MEIN RADLADEN","url":"https:\/\/kgerad.de\/","logo":{"@type":"ImageObject","inLanguage":"en-US","@id":"https:\/\/kgerad.de\/#\/schema\/logo\/image\/","url":"https:\/\/kgerad.de\/wp-content\/uploads\/2025\/07\/logo-Whit.svg","contentUrl":"https:\/\/kgerad.de\/wp-content\/uploads\/2025\/07\/logo-Whit.svg","width":1640,"height":371,"caption":"MEINRADLADEN"},"image":{"@id":"https:\/\/kgerad.de\/#\/schema\/logo\/image\/"}}]}},"_links":{"self":[{"href":"https:\/\/kgerad.de\/en\/wp-json\/wp\/v2\/product\/47921","targetHints":{"allow":["GET"]}}],"collection":[{"href":"https:\/\/kgerad.de\/en\/wp-json\/wp\/v2\/product"}],"about":[{"href":"https:\/\/kgerad.de\/en\/wp-json\/wp\/v2\/types\/product"}],"replies":[{"embeddable":true,"href":"https:\/\/kgerad.de\/en\/wp-json\/wp\/v2\/comments?post=47921"}],"version-history":[{"count":1,"href":"https:\/\/kgerad.de\/en\/wp-json\/wp\/v2\/product\/47921\/revisions"}],"predecessor-version":[{"id":78818,"href":"https:\/\/kgerad.de\/en\/wp-json\/wp\/v2\/product\/47921\/revisions\/78818"}],"wp:featuredmedia":[{"embeddable":true,"href":"https:\/\/kgerad.de\/en\/wp-json\/wp\/v2\/media\/64417"}],"wp:attachment":[{"href":"https:\/\/kgerad.de\/en\/wp-json\/wp\/v2\/media?parent=47921"}],"wp:term":[{"taxonomy":"product_brand","embeddable":true,"href":"https:\/\/kgerad.de\/en\/wp-json\/wp\/v2\/product_brand?post=47921"},{"taxonomy":"product_cat","embeddable":true,"href":"https:\/\/kgerad.de\/en\/wp-json\/wp\/v2\/product_cat?post=47921"},{"taxonomy":"product_tag","embeddable":true,"href":"https:\/\/kgerad.de\/en\/wp-json\/wp\/v2\/product_tag?post=47921"}],"curies":[{"name":"wp","href":"https:\/\/api.w.org\/{rel}","templated":true}]}}