{"id":47906,"date":"2022-12-05T13:22:23","date_gmt":"2022-12-05T12:22:23","guid":{"rendered":"https:\/\/kgerad.de\/?post_type=product&#038;p=47906"},"modified":"2023-08-10T20:18:51","modified_gmt":"2023-08-10T18:18:51","slug":"burley-nomad-transportanhaenger","status":"publish","type":"product","link":"https:\/\/kgerad.de\/en\/product\/burley-nomad-transportanhaenger\/","title":{"rendered":"Burley NOMAD Transportanh\u00e4nger"},"content":{"rendered":"<h2 class=\"product--title\"><strong>Burley<\/strong>\u00a0NOMAD Transportanh\u00e4nger<\/h2>\n<div>\n<p>Der Burley NOMAD Lasten Fahrradanh\u00e4nger <a href=\"http:\/\/1-1\">wurde<\/a> speziell f\u00fcr Touren gebaut und zeichnet sich durch ein effizientes, leichtes Design, gro\u00dfe Lasten Kapazit\u00e4t und eine langlebige, wetterfeste Abdeckung aus. Der Schwerpunkt des Anh\u00e4ngers minimiert das auf das Fahrrad wirkende Drehmoment, w\u00e4hrend das Zweiradfahrwerk f\u00fcr hervorragende Spurtreue und Stabilit\u00e4t sorgt.Mit einem Gewicht von weniger als 7,6 kg kann der Nomad Anh\u00e4nger bis zu 45 kg Fracht transportieren, und die wetterfeste Abdeckung sch\u00fctzt deine Ausr\u00fcstung vor den Elementen. Bringe deine Reiselust zum Ausdruck mit dem Burley Nomad.<\/p>\n<hr \/>\n<h3>Features &#8211; Burley NOMAD<\/h3>\n<ul>\n<li>Wasserfeste Abdeckung sch\u00fctzt deine Ausr\u00fcstung bei schlechtem Wetter<\/li>\n<li>Zweiradfahrwerk und Burley-Kupplungssystem sorgen f\u00fcr hervorragende Spurtreue und Stabilit\u00e4t<\/li>\n<li>Gro\u00dfe Tragf\u00e4higkeit mit klappbarem Innenraumteiler<\/li>\n<li>Drei gro\u00dfe Netztaschen zur Aufbewahrung von Kleinteilen<\/li>\n<li>6 Innenclips zum Fixieren der Ausr\u00fcstung<\/li>\n<li>Kompaktes Zusammenklappen macht den Anh\u00e4nger flach f\u00fcr Lagerung und Transport<\/li>\n<li>16\u2033 Speichenfelgen mit Push-Button-Achse<\/li>\n<li>Ready To Bike: inklusive Anh\u00e4ngerkupplung und Deichsel<\/li>\n<li>Dank Flex Connector kann das Fahrrad flach hingelegt werden, w\u00e4hrend der Anh\u00e4nger gerade steht<\/li>\n<\/ul>\n<h3>Produkteigenschaften<\/h3>\n<ul>\n<li><strong>Zuladung:<\/strong>\u00a045 kg<\/li>\n<li><strong>Stauraum:\u00a0<\/strong>105 L<\/li>\n<li><strong>Radgr\u00f6\u00dfe:<\/strong>\u00a016\u201d<\/li>\n<\/ul>\n<h3>Abmessungen<\/h3>\n<ul>\n<li><strong>Laderaum:<\/strong>\n<ul>\n<li>81 x 47<strong>\u00a0<\/strong>x 43 cm (LxBxH)<\/li>\n<\/ul>\n<\/li>\n<li><strong>Gr\u00f6\u00dfe ge\u00f6ffnet:<\/strong>\n<ul>\n<li>82,6 x 55,9 x 57,1 cm (LxBxH)<\/li>\n<\/ul>\n<\/li>\n<li><strong>Gr\u00f6\u00dfe gefaltet:\u00a0<\/strong>\n<ul>\n<li>82,6 x 54,6 x 54,6 cm (LxBxH)<\/li>\n<\/ul>\n<\/li>\n<\/ul>\n<h3>Material<\/h3>\n<ul>\n<li><strong>Rahmen:<\/strong>\u00a06061-T6 Aluminium<\/li>\n<li><strong>Bespannung:<\/strong>\u00a0600 D Polyester<\/li>\n<li><strong>Verdeck:<\/strong>\u00a0Tarpulin-Planenmaterial<\/li>\n<\/ul>\n<h3>Farbe<\/h3>\n<ul>\n<li>schwarz-gelb<\/li>\n<\/ul>\n<h3>Gewicht<\/h3>\n<ul>\n<li>7,6 kg (Herstellerangabe)<\/li>\n<\/ul>\n<hr \/>\n<h3>Lieferumfang<\/h3>\n<ul>\n<li>1 Burley Anh\u00e4nger<\/li>\n<li>1 Burley Verdeck<\/li>\n<li>1 Burley Anh\u00e4ngerkupplung\/Deichsel<\/li>\n<li>1 Burley Signalfahne<\/li>\n<li>1 Burley Bedienungsanleitung<\/li>\n<\/ul>\n<hr \/>\n<h3>Burley Nomad | Product Features<\/h3>\n<p><iframe title=\"YouTube video player\" src=\"https:\/\/www.youtube-nocookie.com\/embed\/YIv1Qr9tTH0\" width=\"640\" height=\"360\" frameborder=\"0\" allowfullscreen=\"allowfullscreen\"><\/iframe><\/p>\n<h3>Nomad (2014) Instructions<\/h3>\n<p><iframe title=\"YouTube video player\" src=\"https:\/\/www.youtube-nocookie.com\/embed\/tRQGuuXN7XU\" width=\"640\" height=\"360\" frameborder=\"0\" allowfullscreen=\"allowfullscreen\"><\/iframe><\/p>\n<\/div>","protected":false},"excerpt":{"rendered":"<p>Burley\u00a0NOMAD Transportanh\u00e4nger Der Burley NOMAD Lasten Fahrradanh\u00e4nger wurde speziell f\u00fcr Touren gebaut und zeichnet sich durch ein effizientes, leichtes Design,<\/p>","protected":false},"featured_media":64405,"comment_status":"open","ping_status":"closed","template":"","meta":[],"product_brand":[],"product_cat":[590,573],"product_tag":[],"class_list":{"0":"post-47906","1":"product","2":"type-product","3":"status-publish","4":"has-post-thumbnail","6":"product_cat-fahrradanhaenger","7":"product_cat-zubehor","8":"pa_marke-burley","10":"first","11":"instock","12":"sale","13":"taxable","14":"shipping-taxable","15":"purchasable","16":"product-type-simple"},"yoast_head":"<!-- This site is optimized with the Yoast SEO Premium plugin v20.12 (Yoast SEO v27.1.1) - https:\/\/yoast.com\/product\/yoast-seo-premium-wordpress\/ -->\n<title>Burley NOMAD Transportanh\u00e4nger<\/title>\n<meta name=\"description\" content=\"kgerad.de bietet Ihnen das Burley NOMAD Transportanh\u00e4nger zum besten Preis mit kostenlosem Versand in ganz EuropaBurley NOMADBurley NOMAD\" \/>\n<meta name=\"robots\" content=\"index, follow, max-snippet:-1, max-image-preview:large, max-video-preview:-1\" \/>\n<link rel=\"canonical\" href=\"https:\/\/kgerad.de\/en\/product\/burley-nomad-transportanhaenger\/\" \/>\n<meta property=\"og:locale\" content=\"en_US\" \/>\n<meta property=\"og:type\" content=\"article\" \/>\n<meta property=\"og:title\" content=\"Burley NOMAD Transportanh\u00e4nger\" \/>\n<meta property=\"og:description\" content=\"Entdecken Sie unseren Online-Fahrradladen: Gro\u00dfe Auswahl an Modellen f\u00fcr alle Radsportbegeisterten. Von Rennr\u00e4dern bis zu Mountainbikes - finden Sie heute Ihren perfekten Wegbegleiter!\" \/>\n<meta property=\"og:url\" content=\"https:\/\/kgerad.de\/en\/product\/burley-nomad-transportanhaenger\/\" \/>\n<meta property=\"og:site_name\" content=\"kgerad.de\" \/>\n<meta property=\"article:modified_time\" content=\"2023-08-10T18:18:51+00:00\" \/>\n<meta property=\"og:image\" content=\"https:\/\/kgerad.de\/wp-content\/uploads\/2023\/06\/Burley-NOMAD-945203-1_800x800-0.jpg\" \/>\n\t<meta property=\"og:image:width\" content=\"800\" \/>\n\t<meta property=\"og:image:height\" content=\"377\" \/>\n\t<meta property=\"og:image:type\" content=\"image\/jpeg\" \/>\n<meta name=\"twitter:card\" content=\"summary_large_image\" \/>\n<meta name=\"twitter:label1\" content=\"Est. reading time\" \/>\n\t<meta name=\"twitter:data1\" content=\"2 minutes\" \/>\n<script type=\"application\/ld+json\" class=\"yoast-schema-graph\">{\"@context\":\"https:\/\/schema.org\",\"@graph\":[{\"@type\":\"WebPage\",\"@id\":\"https:\/\/kgerad.de\/produkt\/burley-nomad-transportanhaenger\/\",\"url\":\"https:\/\/kgerad.de\/produkt\/burley-nomad-transportanhaenger\/\",\"name\":\"Burley NOMAD Transportanh\u00e4nger\",\"isPartOf\":{\"@id\":\"https:\/\/kgerad.de\/#website\"},\"primaryImageOfPage\":{\"@id\":\"https:\/\/kgerad.de\/produkt\/burley-nomad-transportanhaenger\/#primaryimage\"},\"image\":{\"@id\":\"https:\/\/kgerad.de\/produkt\/burley-nomad-transportanhaenger\/#primaryimage\"},\"thumbnailUrl\":\"https:\/\/kgerad.de\/wp-content\/uploads\/2023\/06\/Burley-NOMAD-945203-1_800x800-0.jpg\",\"datePublished\":\"2022-12-05T12:22:23+00:00\",\"dateModified\":\"2023-08-10T18:18:51+00:00\",\"description\":\"kgerad.de bietet Ihnen das Burley NOMAD Transportanh\u00e4nger zum besten Preis mit kostenlosem Versand in ganz EuropaBurley NOMADBurley NOMAD\",\"breadcrumb\":{\"@id\":\"https:\/\/kgerad.de\/produkt\/burley-nomad-transportanhaenger\/#breadcrumb\"},\"inLanguage\":\"en-US\",\"potentialAction\":[{\"@type\":\"ReadAction\",\"target\":[\"https:\/\/kgerad.de\/produkt\/burley-nomad-transportanhaenger\/\"]}]},{\"@type\":\"ImageObject\",\"inLanguage\":\"en-US\",\"@id\":\"https:\/\/kgerad.de\/produkt\/burley-nomad-transportanhaenger\/#primaryimage\",\"url\":\"https:\/\/kgerad.de\/wp-content\/uploads\/2023\/06\/Burley-NOMAD-945203-1_800x800-0.jpg\",\"contentUrl\":\"https:\/\/kgerad.de\/wp-content\/uploads\/2023\/06\/Burley-NOMAD-945203-1_800x800-0.jpg\",\"width\":800,\"height\":377,\"caption\":\"Burley NOMAD Transportanh\u00e4nger\"},{\"@type\":\"BreadcrumbList\",\"@id\":\"https:\/\/kgerad.de\/produkt\/burley-nomad-transportanhaenger\/#breadcrumb\",\"itemListElement\":[{\"@type\":\"ListItem\",\"position\":1,\"name\":\"Startseite\",\"item\":\"https:\/\/kgerad.de\/\"},{\"@type\":\"ListItem\",\"position\":2,\"name\":\"LADEN\",\"item\":\"https:\/\/kgerad.de\/laden\/\"},{\"@type\":\"ListItem\",\"position\":3,\"name\":\"Burley NOMAD Transportanh\u00e4nger\"}]},{\"@type\":\"WebSite\",\"@id\":\"https:\/\/kgerad.de\/#website\",\"url\":\"https:\/\/kgerad.de\/\",\"name\":\"kgerad.de\",\"description\":\"Treten Sie mit uns ins Abenteuer!\",\"publisher\":{\"@id\":\"https:\/\/kgerad.de\/#organization\"},\"alternateName\":\"MEIN RADLADEN\",\"potentialAction\":[{\"@type\":\"SearchAction\",\"target\":{\"@type\":\"EntryPoint\",\"urlTemplate\":\"https:\/\/kgerad.de\/?s={search_term_string}\"},\"query-input\":{\"@type\":\"PropertyValueSpecification\",\"valueRequired\":true,\"valueName\":\"search_term_string\"}}],\"inLanguage\":\"en-US\"},{\"@type\":\"Organization\",\"@id\":\"https:\/\/kgerad.de\/#organization\",\"name\":\"MEINRADLADEN\",\"alternateName\":\"MEIN RADLADEN\",\"url\":\"https:\/\/kgerad.de\/\",\"logo\":{\"@type\":\"ImageObject\",\"inLanguage\":\"en-US\",\"@id\":\"https:\/\/kgerad.de\/#\/schema\/logo\/image\/\",\"url\":\"https:\/\/kgerad.de\/wp-content\/uploads\/2025\/07\/logo-Whit.svg\",\"contentUrl\":\"https:\/\/kgerad.de\/wp-content\/uploads\/2025\/07\/logo-Whit.svg\",\"width\":1640,\"height\":371,\"caption\":\"MEINRADLADEN\"},\"image\":{\"@id\":\"https:\/\/kgerad.de\/#\/schema\/logo\/image\/\"}}]}<\/script>\n<!-- \/ Yoast SEO Premium plugin. -->","yoast_head_json":{"title":"Burley NOMAD Transportanh\u00e4nger","description":"kgerad.de bietet Ihnen das Burley NOMAD Transportanh\u00e4nger zum besten Preis mit kostenlosem Versand in ganz EuropaBurley NOMADBurley NOMAD","robots":{"index":"index","follow":"follow","max-snippet":"max-snippet:-1","max-image-preview":"max-image-preview:large","max-video-preview":"max-video-preview:-1"},"canonical":"https:\/\/kgerad.de\/en\/product\/burley-nomad-transportanhaenger\/","og_locale":"en_US","og_type":"article","og_title":"Burley NOMAD Transportanh\u00e4nger","og_description":"Entdecken Sie unseren Online-Fahrradladen: Gro\u00dfe Auswahl an Modellen f\u00fcr alle Radsportbegeisterten. Von Rennr\u00e4dern bis zu Mountainbikes - finden Sie heute Ihren perfekten Wegbegleiter!","og_url":"https:\/\/kgerad.de\/en\/product\/burley-nomad-transportanhaenger\/","og_site_name":"kgerad.de","article_modified_time":"2023-08-10T18:18:51+00:00","og_image":[{"width":800,"height":377,"url":"https:\/\/kgerad.de\/wp-content\/uploads\/2023\/06\/Burley-NOMAD-945203-1_800x800-0.jpg","type":"image\/jpeg"}],"twitter_card":"summary_large_image","twitter_misc":{"Est. reading time":"2 minutes"},"schema":{"@context":"https:\/\/schema.org","@graph":[{"@type":"WebPage","@id":"https:\/\/kgerad.de\/produkt\/burley-nomad-transportanhaenger\/","url":"https:\/\/kgerad.de\/produkt\/burley-nomad-transportanhaenger\/","name":"Burley NOMAD Transportanh\u00e4nger","isPartOf":{"@id":"https:\/\/kgerad.de\/#website"},"primaryImageOfPage":{"@id":"https:\/\/kgerad.de\/produkt\/burley-nomad-transportanhaenger\/#primaryimage"},"image":{"@id":"https:\/\/kgerad.de\/produkt\/burley-nomad-transportanhaenger\/#primaryimage"},"thumbnailUrl":"https:\/\/kgerad.de\/wp-content\/uploads\/2023\/06\/Burley-NOMAD-945203-1_800x800-0.jpg","datePublished":"2022-12-05T12:22:23+00:00","dateModified":"2023-08-10T18:18:51+00:00","description":"kgerad.de bietet Ihnen das Burley NOMAD Transportanh\u00e4nger zum besten Preis mit kostenlosem Versand in ganz EuropaBurley NOMADBurley NOMAD","breadcrumb":{"@id":"https:\/\/kgerad.de\/produkt\/burley-nomad-transportanhaenger\/#breadcrumb"},"inLanguage":"en-US","potentialAction":[{"@type":"ReadAction","target":["https:\/\/kgerad.de\/produkt\/burley-nomad-transportanhaenger\/"]}]},{"@type":"ImageObject","inLanguage":"en-US","@id":"https:\/\/kgerad.de\/produkt\/burley-nomad-transportanhaenger\/#primaryimage","url":"https:\/\/kgerad.de\/wp-content\/uploads\/2023\/06\/Burley-NOMAD-945203-1_800x800-0.jpg","contentUrl":"https:\/\/kgerad.de\/wp-content\/uploads\/2023\/06\/Burley-NOMAD-945203-1_800x800-0.jpg","width":800,"height":377,"caption":"Burley NOMAD Transportanh\u00e4nger"},{"@type":"BreadcrumbList","@id":"https:\/\/kgerad.de\/produkt\/burley-nomad-transportanhaenger\/#breadcrumb","itemListElement":[{"@type":"ListItem","position":1,"name":"Startseite","item":"https:\/\/kgerad.de\/"},{"@type":"ListItem","position":2,"name":"LADEN","item":"https:\/\/kgerad.de\/laden\/"},{"@type":"ListItem","position":3,"name":"Burley NOMAD Transportanh\u00e4nger"}]},{"@type":"WebSite","@id":"https:\/\/kgerad.de\/#website","url":"https:\/\/kgerad.de\/","name":"kgerad.de","description":"Treten Sie mit uns ins Abenteuer!","publisher":{"@id":"https:\/\/kgerad.de\/#organization"},"alternateName":"MEIN RADLADEN","potentialAction":[{"@type":"SearchAction","target":{"@type":"EntryPoint","urlTemplate":"https:\/\/kgerad.de\/?s={search_term_string}"},"query-input":{"@type":"PropertyValueSpecification","valueRequired":true,"valueName":"search_term_string"}}],"inLanguage":"en-US"},{"@type":"Organization","@id":"https:\/\/kgerad.de\/#organization","name":"MEINRADLADEN","alternateName":"MEIN RADLADEN","url":"https:\/\/kgerad.de\/","logo":{"@type":"ImageObject","inLanguage":"en-US","@id":"https:\/\/kgerad.de\/#\/schema\/logo\/image\/","url":"https:\/\/kgerad.de\/wp-content\/uploads\/2025\/07\/logo-Whit.svg","contentUrl":"https:\/\/kgerad.de\/wp-content\/uploads\/2025\/07\/logo-Whit.svg","width":1640,"height":371,"caption":"MEINRADLADEN"},"image":{"@id":"https:\/\/kgerad.de\/#\/schema\/logo\/image\/"}}]}},"_links":{"self":[{"href":"https:\/\/kgerad.de\/en\/wp-json\/wp\/v2\/product\/47906","targetHints":{"allow":["GET"]}}],"collection":[{"href":"https:\/\/kgerad.de\/en\/wp-json\/wp\/v2\/product"}],"about":[{"href":"https:\/\/kgerad.de\/en\/wp-json\/wp\/v2\/types\/product"}],"replies":[{"embeddable":true,"href":"https:\/\/kgerad.de\/en\/wp-json\/wp\/v2\/comments?post=47906"}],"version-history":[{"count":1,"href":"https:\/\/kgerad.de\/en\/wp-json\/wp\/v2\/product\/47906\/revisions"}],"predecessor-version":[{"id":78820,"href":"https:\/\/kgerad.de\/en\/wp-json\/wp\/v2\/product\/47906\/revisions\/78820"}],"wp:featuredmedia":[{"embeddable":true,"href":"https:\/\/kgerad.de\/en\/wp-json\/wp\/v2\/media\/64405"}],"wp:attachment":[{"href":"https:\/\/kgerad.de\/en\/wp-json\/wp\/v2\/media?parent=47906"}],"wp:term":[{"taxonomy":"product_brand","embeddable":true,"href":"https:\/\/kgerad.de\/en\/wp-json\/wp\/v2\/product_brand?post=47906"},{"taxonomy":"product_cat","embeddable":true,"href":"https:\/\/kgerad.de\/en\/wp-json\/wp\/v2\/product_cat?post=47906"},{"taxonomy":"product_tag","embeddable":true,"href":"https:\/\/kgerad.de\/en\/wp-json\/wp\/v2\/product_tag?post=47906"}],"curies":[{"name":"wp","href":"https:\/\/api.w.org\/{rel}","templated":true}]}}