{"id":47871,"date":"2022-12-05T12:16:50","date_gmt":"2022-12-05T11:16:50","guid":{"rendered":"https:\/\/kgerad.de\/?post_type=product&#038;p=47871"},"modified":"2023-08-10T20:19:41","modified_gmt":"2023-08-10T18:19:41","slug":"burley-coho-xc-einspurlastenanhaenger","status":"publish","type":"product","link":"https:\/\/kgerad.de\/en\/product\/burley-coho-xc-einspurlastenanhaenger\/","title":{"rendered":"Burley Coho XC Einspurlastenanh\u00e4nger"},"content":{"rendered":"<h2 class=\"product--title\"><strong>Burley<\/strong>\u00a0Coho XC Einspurlastenanh\u00e4nger<\/h2>\n<p>Burley Coho XC Single-Wheel Transportanh\u00e4nger von Burley bietet Langlebigkeit und durchdachtes Design f\u00fcr den Gep\u00e4cktransport beim Bike-Camping, auf Touren und Single-Trail-Fahrten. Dank zahlreichem optionalen Zubeh\u00f6r ist er der perfekte Begleiter f\u00fcr Alltag und Freizeit.<\/p>\n<hr \/>\n<table border=\"0\" width=\"100%\" cellspacing=\"1\" cellpadding=\"1\">\n<tbody>\n<tr>\n<td><img decoding=\"async\" title=\"reddot award 2019\" src=\"https:\/\/cd.bike-discount.de\/media\/image\/c7\/97\/bb\/reddot-award-2019.png\" alt=\"\" width=\"118\" height=\"80\" data-mid=\"531530\" data-src=\"media\/image\/reddot-award-2019.png\" \/><\/td>\n<\/tr>\n<\/tbody>\n<\/table>\n<hr \/>\n<p>Die innovative Gabel passt sich ohne Werkzeug 126 &#8211; 197 mm Naben an. Ein verstellbarer St\u00e4nder h\u00e4lt Anh\u00e4nger und Fahrrad aufrecht, der Ausl\u00f6sehebel ist einh\u00e4ndig bedienbar. Die Federung sorgt f\u00fcr eine ruhige Fahrt und Handhabung. Designt, um individuelle Anspr\u00fcche zu erf\u00fcllen.<\/p>\n<hr \/>\n<h3>Features &#8211; Burley Coho XC\u00ae<\/h3>\n<ul>\n<li>Die Spiralfederung stabilisiert Anh\u00e4nger und Ausr\u00fcstung, reduziert die strukturelle Beanspruchung und sorgt f\u00fcr eine ruhigere Fahrt auf unebenem Untergrund<\/li>\n<li>Das Kupplungssystem erm\u00f6glicht ein schnelles und einfaches Anbringen und Abh\u00e4ngen bei einer Vielzahl von Fahrradtypen<\/li>\n<li>Die in der Breite flexible Gabel kann ohne Werkzeug an einer gro\u00dfen Bandbreite von Naben (126-197 mm) angebracht werden<\/li>\n<li>Die Burley Ballz\u2122 Doppelkugelkupplung l\u00e4sst die Gabel mit zwei Verriegelungsnocken schnell einrasten<\/li>\n<li>Der einh\u00e4ndig bedienbare Entriegelungshebel trennt beide Sperrnocken gleichzeitig<\/li>\n<li>Der h\u00f6henverstellbare Kippst\u00e4nder h\u00e4lt Anh\u00e4nger und Fahrrad aufrecht f\u00fcr leichtes Be- und Entladen von Gep\u00e4ck<\/li>\n<li>Die Ladefl\u00e4che bietet Platz f\u00fcr mehr als 70 Liter und verf\u00fcgt \u00fcber zahlreiche M\u00f6glichkeiten, zus\u00e4tzlich Ausr\u00fcstung anzubringen<\/li>\n<li>Die kompatible Hinterradgabel nimmt drei Reifengr\u00f6\u00dfen auf (16&#8243; x 3&#8243; Plus-Reifen, 16&#8243; x 2,125&#8243; Off-Road-Reifen sowie 16&#8243; x 1,75&#8243; Stra\u00dfenreifen). Im Lieferumfang des Coho XC ist die Off-Road-Version enthalten.<\/li>\n<li>Rahmen und Schutzblech sind auf gleicher H\u00f6he, um lange und \u00fcbergro\u00dfe Ladung optimal sichern zu k\u00f6nnen<\/li>\n<li>Schneller, werkzeugloser Abbau und kompaktes Faltma\u00df f\u00fcr platzsparende Aufbewahrung und Mitnahme<\/li>\n<li>Dank Single Wheel erh\u00e4lt der Anh\u00e4nger ein schlankeres Profil, und erleichtert somit den Zugang zu schmalen Single-Trails und hat einen geringeren Rollwiderstand<\/li>\n<li>Befestigungsm\u00f6glichkeiten f\u00fcr Flaschenhalter und anderes Zubeh\u00f6r<\/li>\n<li>Abnehmbare Seitenw\u00e4nde<\/li>\n<li>Fahnenhalterung dient gleichzeitig als Flaschen\u00f6ffner<\/li>\n<\/ul>\n<h3>Produkteigenschaften<\/h3>\n<ul>\n<li><strong>Zuladung:<\/strong>\u00a031,8 kg<\/li>\n<li><strong>Stauraum:\u00a0<\/strong>70 L<\/li>\n<li><strong>Radgr\u00f6\u00dfe:<\/strong>\u00a016\u201d<\/li>\n<\/ul>\n<h3>Abmessungen<\/h3>\n<ul>\n<li><strong>Anh\u00e4nger:\u00a0<\/strong>\n<ul>\n<li>168,91 x 43,18 x 53,97 cm (LxBxH)<\/li>\n<\/ul>\n<\/li>\n<li><strong>Ladefl\u00e4che:<\/strong>\n<ul>\n<li>60,9 x 38,1<strong>\u00a0<\/strong>x 29,2 cm (LxBxH)<\/li>\n<\/ul>\n<\/li>\n<li><strong>Gr\u00f6\u00dfe offen:<\/strong>\n<ul>\n<li>82,6 x 55,9 x 57,1 cm (LxBxH)<\/li>\n<\/ul>\n<\/li>\n<li><strong>Gr\u00f6\u00dfe gefaltet:\u00a0<\/strong>\n<ul>\n<li>80,6 x 44,5 x 34,9 cm (LxBxH)<\/li>\n<\/ul>\n<\/li>\n<\/ul>\n<h3>Farbe<\/h3>\n<ul>\n<li>schwarz<\/li>\n<\/ul>\n<h3>Gewicht<\/h3>\n<ul>\n<li>9,74 kg (Herstellerangabe)<\/li>\n<\/ul>\n<hr \/>\n<h3>Lieferumfang<\/h3>\n<ul>\n<li>1 Burley Anh\u00e4nger<\/li>\n<li>1 Burley h\u00f6henverstellbarer St\u00e4nder<\/li>\n<li>1 Burley Seitenw\u00e4nde<\/li>\n<li>1 Burley Gep\u00e4cknetz<\/li>\n<li>1 Burley Gabel\/Deichsel (in der Breite verstellbar)<\/li>\n<li>1 Burley Signalfahne<\/li>\n<li>1 Burley Schutzblech<\/li>\n<li>1 Burley Bedienungsanleitung<\/li>\n<\/ul>\n<p><em><strong>Hinweis:<\/strong>\u00a0Die Achse ist ist nicht im Lieferumfang enthalten. &#8222;Burley Ballz Axle&#8220; ist f\u00fcr die Verwendung des Einspurlastenanh\u00e4nger erforderlich.<\/em><\/p>\n<hr \/>\n<h3>Burley Coho XC<\/h3>\n<p><iframe src=\"https:\/\/www.youtube-nocookie.com\/embed\/EIgOIrCycWc\" width=\"640\" height=\"360\" frameborder=\"0\" allowfullscreen=\"allowfullscreen\" data-mce-fragment=\"1\"><\/iframe><\/p>","protected":false},"excerpt":{"rendered":"<p>Burley\u00a0Coho XC Einspurlastenanh\u00e4nger Burley Coho XC Single-Wheel Transportanh\u00e4nger von Burley bietet Langlebigkeit und durchdachtes Design f\u00fcr den Gep\u00e4cktransport beim Bike-Camping,<\/p>","protected":false},"featured_media":64379,"comment_status":"open","ping_status":"closed","template":"","meta":[],"product_brand":[],"product_cat":[590,573],"product_tag":[],"class_list":{"0":"post-47871","1":"product","2":"type-product","3":"status-publish","4":"has-post-thumbnail","6":"product_cat-fahrradanhaenger","7":"product_cat-zubehor","8":"pa_marke-burley","10":"first","11":"instock","12":"sale","13":"taxable","14":"shipping-taxable","15":"purchasable","16":"product-type-simple"},"yoast_head":"<!-- This site is optimized with the Yoast SEO Premium plugin v20.12 (Yoast SEO v27.1.1) - https:\/\/yoast.com\/product\/yoast-seo-premium-wordpress\/ -->\n<title>Burley Coho XC Einspurlastenanh\u00e4nger<\/title>\n<meta name=\"description\" content=\"kgerad.de bietet Ihnen das Burley Coho XC Einspurlastenanh\u00e4nger zum besten Preis mit kostenlosem Versand in ganz EuropaBurley Coho XCBurley Coho XC\" \/>\n<meta name=\"robots\" content=\"index, follow, max-snippet:-1, max-image-preview:large, max-video-preview:-1\" \/>\n<link rel=\"canonical\" href=\"https:\/\/kgerad.de\/en\/product\/burley-coho-xc-einspurlastenanhaenger\/\" \/>\n<meta property=\"og:locale\" content=\"en_US\" \/>\n<meta property=\"og:type\" content=\"article\" \/>\n<meta property=\"og:title\" content=\"Burley Coho XC Einspurlastenanh\u00e4nger\" \/>\n<meta property=\"og:description\" content=\"Entdecken Sie unseren Online-Fahrradladen: Gro\u00dfe Auswahl an Modellen f\u00fcr alle Radsportbegeisterten. Von Rennr\u00e4dern bis zu Mountainbikes - finden Sie heute Ihren perfekten Wegbegleiter!\" \/>\n<meta property=\"og:url\" content=\"https:\/\/kgerad.de\/en\/product\/burley-coho-xc-einspurlastenanhaenger\/\" \/>\n<meta property=\"og:site_name\" content=\"kgerad.de\" \/>\n<meta property=\"article:modified_time\" content=\"2023-08-10T18:19:41+00:00\" \/>\n<meta property=\"og:image\" content=\"https:\/\/kgerad.de\/wp-content\/uploads\/2023\/06\/Burley-935101-Coho-XC-Transportanhanger-1_800x800-0.jpg\" \/>\n\t<meta property=\"og:image:width\" content=\"800\" \/>\n\t<meta property=\"og:image:height\" content=\"315\" \/>\n\t<meta property=\"og:image:type\" content=\"image\/jpeg\" \/>\n<meta name=\"twitter:card\" content=\"summary_large_image\" \/>\n<meta name=\"twitter:label1\" content=\"Est. reading time\" \/>\n\t<meta name=\"twitter:data1\" content=\"3 minutes\" \/>\n<script type=\"application\/ld+json\" class=\"yoast-schema-graph\">{\"@context\":\"https:\/\/schema.org\",\"@graph\":[{\"@type\":\"WebPage\",\"@id\":\"https:\/\/kgerad.de\/produkt\/burley-coho-xc-einspurlastenanhaenger\/\",\"url\":\"https:\/\/kgerad.de\/produkt\/burley-coho-xc-einspurlastenanhaenger\/\",\"name\":\"Burley Coho XC Einspurlastenanh\u00e4nger\",\"isPartOf\":{\"@id\":\"https:\/\/kgerad.de\/#website\"},\"primaryImageOfPage\":{\"@id\":\"https:\/\/kgerad.de\/produkt\/burley-coho-xc-einspurlastenanhaenger\/#primaryimage\"},\"image\":{\"@id\":\"https:\/\/kgerad.de\/produkt\/burley-coho-xc-einspurlastenanhaenger\/#primaryimage\"},\"thumbnailUrl\":\"https:\/\/kgerad.de\/wp-content\/uploads\/2023\/06\/Burley-935101-Coho-XC-Transportanhanger-1_800x800-0.jpg\",\"datePublished\":\"2022-12-05T11:16:50+00:00\",\"dateModified\":\"2023-08-10T18:19:41+00:00\",\"description\":\"kgerad.de bietet Ihnen das Burley Coho XC Einspurlastenanh\u00e4nger zum besten Preis mit kostenlosem Versand in ganz EuropaBurley Coho XCBurley Coho XC\",\"breadcrumb\":{\"@id\":\"https:\/\/kgerad.de\/produkt\/burley-coho-xc-einspurlastenanhaenger\/#breadcrumb\"},\"inLanguage\":\"en-US\",\"potentialAction\":[{\"@type\":\"ReadAction\",\"target\":[\"https:\/\/kgerad.de\/produkt\/burley-coho-xc-einspurlastenanhaenger\/\"]}]},{\"@type\":\"ImageObject\",\"inLanguage\":\"en-US\",\"@id\":\"https:\/\/kgerad.de\/produkt\/burley-coho-xc-einspurlastenanhaenger\/#primaryimage\",\"url\":\"https:\/\/kgerad.de\/wp-content\/uploads\/2023\/06\/Burley-935101-Coho-XC-Transportanhanger-1_800x800-0.jpg\",\"contentUrl\":\"https:\/\/kgerad.de\/wp-content\/uploads\/2023\/06\/Burley-935101-Coho-XC-Transportanhanger-1_800x800-0.jpg\",\"width\":800,\"height\":315,\"caption\":\"Burley Coho XC Einspurlastenanh\u00e4nger\"},{\"@type\":\"BreadcrumbList\",\"@id\":\"https:\/\/kgerad.de\/produkt\/burley-coho-xc-einspurlastenanhaenger\/#breadcrumb\",\"itemListElement\":[{\"@type\":\"ListItem\",\"position\":1,\"name\":\"Startseite\",\"item\":\"https:\/\/kgerad.de\/\"},{\"@type\":\"ListItem\",\"position\":2,\"name\":\"LADEN\",\"item\":\"https:\/\/kgerad.de\/laden\/\"},{\"@type\":\"ListItem\",\"position\":3,\"name\":\"Burley Coho XC Einspurlastenanh\u00e4nger\"}]},{\"@type\":\"WebSite\",\"@id\":\"https:\/\/kgerad.de\/#website\",\"url\":\"https:\/\/kgerad.de\/\",\"name\":\"kgerad.de\",\"description\":\"Treten Sie mit uns ins Abenteuer!\",\"publisher\":{\"@id\":\"https:\/\/kgerad.de\/#organization\"},\"alternateName\":\"MEIN RADLADEN\",\"potentialAction\":[{\"@type\":\"SearchAction\",\"target\":{\"@type\":\"EntryPoint\",\"urlTemplate\":\"https:\/\/kgerad.de\/?s={search_term_string}\"},\"query-input\":{\"@type\":\"PropertyValueSpecification\",\"valueRequired\":true,\"valueName\":\"search_term_string\"}}],\"inLanguage\":\"en-US\"},{\"@type\":\"Organization\",\"@id\":\"https:\/\/kgerad.de\/#organization\",\"name\":\"MEINRADLADEN\",\"alternateName\":\"MEIN RADLADEN\",\"url\":\"https:\/\/kgerad.de\/\",\"logo\":{\"@type\":\"ImageObject\",\"inLanguage\":\"en-US\",\"@id\":\"https:\/\/kgerad.de\/#\/schema\/logo\/image\/\",\"url\":\"https:\/\/kgerad.de\/wp-content\/uploads\/2025\/07\/logo-Whit.svg\",\"contentUrl\":\"https:\/\/kgerad.de\/wp-content\/uploads\/2025\/07\/logo-Whit.svg\",\"width\":1640,\"height\":371,\"caption\":\"MEINRADLADEN\"},\"image\":{\"@id\":\"https:\/\/kgerad.de\/#\/schema\/logo\/image\/\"}}]}<\/script>\n<!-- \/ Yoast SEO Premium plugin. -->","yoast_head_json":{"title":"Burley Coho XC Einspurlastenanh\u00e4nger","description":"kgerad.de bietet Ihnen das Burley Coho XC Einspurlastenanh\u00e4nger zum besten Preis mit kostenlosem Versand in ganz EuropaBurley Coho XCBurley Coho XC","robots":{"index":"index","follow":"follow","max-snippet":"max-snippet:-1","max-image-preview":"max-image-preview:large","max-video-preview":"max-video-preview:-1"},"canonical":"https:\/\/kgerad.de\/en\/product\/burley-coho-xc-einspurlastenanhaenger\/","og_locale":"en_US","og_type":"article","og_title":"Burley Coho XC Einspurlastenanh\u00e4nger","og_description":"Entdecken Sie unseren Online-Fahrradladen: Gro\u00dfe Auswahl an Modellen f\u00fcr alle Radsportbegeisterten. Von Rennr\u00e4dern bis zu Mountainbikes - finden Sie heute Ihren perfekten Wegbegleiter!","og_url":"https:\/\/kgerad.de\/en\/product\/burley-coho-xc-einspurlastenanhaenger\/","og_site_name":"kgerad.de","article_modified_time":"2023-08-10T18:19:41+00:00","og_image":[{"width":800,"height":315,"url":"https:\/\/kgerad.de\/wp-content\/uploads\/2023\/06\/Burley-935101-Coho-XC-Transportanhanger-1_800x800-0.jpg","type":"image\/jpeg"}],"twitter_card":"summary_large_image","twitter_misc":{"Est. reading time":"3 minutes"},"schema":{"@context":"https:\/\/schema.org","@graph":[{"@type":"WebPage","@id":"https:\/\/kgerad.de\/produkt\/burley-coho-xc-einspurlastenanhaenger\/","url":"https:\/\/kgerad.de\/produkt\/burley-coho-xc-einspurlastenanhaenger\/","name":"Burley Coho XC Einspurlastenanh\u00e4nger","isPartOf":{"@id":"https:\/\/kgerad.de\/#website"},"primaryImageOfPage":{"@id":"https:\/\/kgerad.de\/produkt\/burley-coho-xc-einspurlastenanhaenger\/#primaryimage"},"image":{"@id":"https:\/\/kgerad.de\/produkt\/burley-coho-xc-einspurlastenanhaenger\/#primaryimage"},"thumbnailUrl":"https:\/\/kgerad.de\/wp-content\/uploads\/2023\/06\/Burley-935101-Coho-XC-Transportanhanger-1_800x800-0.jpg","datePublished":"2022-12-05T11:16:50+00:00","dateModified":"2023-08-10T18:19:41+00:00","description":"kgerad.de bietet Ihnen das Burley Coho XC Einspurlastenanh\u00e4nger zum besten Preis mit kostenlosem Versand in ganz EuropaBurley Coho XCBurley Coho XC","breadcrumb":{"@id":"https:\/\/kgerad.de\/produkt\/burley-coho-xc-einspurlastenanhaenger\/#breadcrumb"},"inLanguage":"en-US","potentialAction":[{"@type":"ReadAction","target":["https:\/\/kgerad.de\/produkt\/burley-coho-xc-einspurlastenanhaenger\/"]}]},{"@type":"ImageObject","inLanguage":"en-US","@id":"https:\/\/kgerad.de\/produkt\/burley-coho-xc-einspurlastenanhaenger\/#primaryimage","url":"https:\/\/kgerad.de\/wp-content\/uploads\/2023\/06\/Burley-935101-Coho-XC-Transportanhanger-1_800x800-0.jpg","contentUrl":"https:\/\/kgerad.de\/wp-content\/uploads\/2023\/06\/Burley-935101-Coho-XC-Transportanhanger-1_800x800-0.jpg","width":800,"height":315,"caption":"Burley Coho XC Einspurlastenanh\u00e4nger"},{"@type":"BreadcrumbList","@id":"https:\/\/kgerad.de\/produkt\/burley-coho-xc-einspurlastenanhaenger\/#breadcrumb","itemListElement":[{"@type":"ListItem","position":1,"name":"Startseite","item":"https:\/\/kgerad.de\/"},{"@type":"ListItem","position":2,"name":"LADEN","item":"https:\/\/kgerad.de\/laden\/"},{"@type":"ListItem","position":3,"name":"Burley Coho XC Einspurlastenanh\u00e4nger"}]},{"@type":"WebSite","@id":"https:\/\/kgerad.de\/#website","url":"https:\/\/kgerad.de\/","name":"kgerad.de","description":"Treten Sie mit uns ins Abenteuer!","publisher":{"@id":"https:\/\/kgerad.de\/#organization"},"alternateName":"MEIN RADLADEN","potentialAction":[{"@type":"SearchAction","target":{"@type":"EntryPoint","urlTemplate":"https:\/\/kgerad.de\/?s={search_term_string}"},"query-input":{"@type":"PropertyValueSpecification","valueRequired":true,"valueName":"search_term_string"}}],"inLanguage":"en-US"},{"@type":"Organization","@id":"https:\/\/kgerad.de\/#organization","name":"MEINRADLADEN","alternateName":"MEIN RADLADEN","url":"https:\/\/kgerad.de\/","logo":{"@type":"ImageObject","inLanguage":"en-US","@id":"https:\/\/kgerad.de\/#\/schema\/logo\/image\/","url":"https:\/\/kgerad.de\/wp-content\/uploads\/2025\/07\/logo-Whit.svg","contentUrl":"https:\/\/kgerad.de\/wp-content\/uploads\/2025\/07\/logo-Whit.svg","width":1640,"height":371,"caption":"MEINRADLADEN"},"image":{"@id":"https:\/\/kgerad.de\/#\/schema\/logo\/image\/"}}]}},"_links":{"self":[{"href":"https:\/\/kgerad.de\/en\/wp-json\/wp\/v2\/product\/47871","targetHints":{"allow":["GET"]}}],"collection":[{"href":"https:\/\/kgerad.de\/en\/wp-json\/wp\/v2\/product"}],"about":[{"href":"https:\/\/kgerad.de\/en\/wp-json\/wp\/v2\/types\/product"}],"replies":[{"embeddable":true,"href":"https:\/\/kgerad.de\/en\/wp-json\/wp\/v2\/comments?post=47871"}],"version-history":[{"count":1,"href":"https:\/\/kgerad.de\/en\/wp-json\/wp\/v2\/product\/47871\/revisions"}],"predecessor-version":[{"id":78824,"href":"https:\/\/kgerad.de\/en\/wp-json\/wp\/v2\/product\/47871\/revisions\/78824"}],"wp:featuredmedia":[{"embeddable":true,"href":"https:\/\/kgerad.de\/en\/wp-json\/wp\/v2\/media\/64379"}],"wp:attachment":[{"href":"https:\/\/kgerad.de\/en\/wp-json\/wp\/v2\/media?parent=47871"}],"wp:term":[{"taxonomy":"product_brand","embeddable":true,"href":"https:\/\/kgerad.de\/en\/wp-json\/wp\/v2\/product_brand?post=47871"},{"taxonomy":"product_cat","embeddable":true,"href":"https:\/\/kgerad.de\/en\/wp-json\/wp\/v2\/product_cat?post=47871"},{"taxonomy":"product_tag","embeddable":true,"href":"https:\/\/kgerad.de\/en\/wp-json\/wp\/v2\/product_tag?post=47871"}],"curies":[{"name":"wp","href":"https:\/\/api.w.org\/{rel}","templated":true}]}}