{"id":47724,"date":"2022-12-02T19:56:53","date_gmt":"2022-12-02T18:56:53","guid":{"rendered":"https:\/\/kgerad.de\/?post_type=product&#038;p=47724"},"modified":"2023-08-10T20:24:40","modified_gmt":"2023-08-10T18:24:40","slug":"topeak-dual-touch-bike-stand","status":"publish","type":"product","link":"https:\/\/kgerad.de\/en\/product\/topeak-dual-touch-bike-stand\/","title":{"rendered":"Topeak Dual-Touch Bike Stand"},"content":{"rendered":"<h2 class=\"product--title\"><strong>Topeak<\/strong>\u00a0Dual-Touch Bike Stand<\/h2>\n<div class=\"product--description\">\n<p>Topeak Dual-Touch f\u00fcr allerh\u00f6chste <a href=\"http:\/\/1-1\">Anspr\u00fcche<\/a>. Ein echter , ob im Haus oder in der Garage. Der Topeak Dual\u00a0 l\u00e4sst sich in R\u00e4umen mit einer Deckenh\u00f6he bis zu 320 cm aufstellen. Die Haken lassen sich bis zu 30\u00b0 im Winkel verstellen. Mit zwei optionalen Haltern lassen sich sogar 4 Bikes platzsparend verstauen!<\/p>\n<hr \/>\n<h3>Features &#8211; Dual-Touch Bike Stand<\/h3>\n<ul>\n<li>Bis 320 cm ausziehbar<\/li>\n<li>30 Grad winkelverstellbar<\/li>\n<li>Schnellspannhebel<\/li>\n<li>Hakenpositionen verstellbar<\/li>\n<\/ul>\n<h3>Produkteigenschaften<\/h3>\n<ul>\n<li><strong>Material:\u00a0<\/strong>6061 T6 Aluminium<\/li>\n<li><strong>Max. Belastung:<\/strong>\u00a072 kg (18 kg pro Haken)<\/li>\n<li><strong>Kompatibilit\u00e4t:<\/strong>\u00a0Bis 700 x 38c<\/li>\n<\/ul>\n<h3>Ma\u00dfe<\/h3>\n<ul>\n<li><strong>Geschlossen:\u00a0<\/strong>190 cm<\/li>\n<li><strong>Ge\u00f6ffnet:<\/strong>\u00a0320 x 44 x 18 cm<\/li>\n<\/ul>\n<h3>Farbe<\/h3>\n<ul>\n<li>schwarz<\/li>\n<\/ul>\n<h3>Gewicht<\/h3>\n<ul>\n<li>5kg (Herstellerangabe)<\/li>\n<\/ul>\n<hr \/>\n<h3>Lieferumfang<\/h3>\n<p>Bike Stand<\/p>\n<hr \/>\n<h3>Topeak Dual-Touch\u2122 Bike Stand<\/h3>\n<p><iframe src=\"https:\/\/www.youtube-nocookie.com\/embed\/p51ftAsb8rE\" width=\"640\" height=\"360\" frameborder=\"0\" allowfullscreen=\"allowfullscreen\" data-mce-fragment=\"1\"><\/iframe><\/p>\n<\/div>","protected":false},"excerpt":{"rendered":"<p>Topeak\u00a0Dual-Touch Bike Stand Topeak Dual-Touch f\u00fcr allerh\u00f6chste Anspr\u00fcche. Ein echter , ob im Haus oder in der Garage. Der Topeak<\/p>","protected":false},"featured_media":64322,"comment_status":"open","ping_status":"closed","template":"","meta":[],"product_brand":[],"product_cat":[586,573],"product_tag":[],"class_list":{"0":"post-47724","1":"product","2":"type-product","3":"status-publish","4":"has-post-thumbnail","6":"product_cat-aufbewahrung","7":"product_cat-zubehor","8":"pa_marke-topeak","10":"first","11":"instock","12":"sale","13":"taxable","14":"shipping-taxable","15":"purchasable","16":"product-type-simple"},"yoast_head":"<!-- This site is optimized with the Yoast SEO Premium plugin v20.12 (Yoast SEO v27.1.1) - https:\/\/yoast.com\/product\/yoast-seo-premium-wordpress\/ -->\n<title>Topeak Dual-Touch Bike Stand<\/title>\n<meta name=\"description\" content=\"kgerad.de bietet Ihnen das Topeak Dual-Touch Bike Stand zum besten Preis mit kostenlosem Versand in ganz EuropaTopeak Dual-Touch f\u00fcrTopeak Dual-Touch f\u00fcr\" \/>\n<meta name=\"robots\" content=\"index, follow, max-snippet:-1, max-image-preview:large, max-video-preview:-1\" \/>\n<link rel=\"canonical\" href=\"https:\/\/kgerad.de\/en\/product\/topeak-dual-touch-bike-stand\/\" \/>\n<meta property=\"og:locale\" content=\"en_US\" \/>\n<meta property=\"og:type\" content=\"article\" \/>\n<meta property=\"og:title\" content=\"Topeak Dual-Touch Bike Stand\" \/>\n<meta property=\"og:description\" content=\"Entdecken Sie unseren Online-Fahrradladen: Gro\u00dfe Auswahl an Modellen f\u00fcr alle Radsportbegeisterten. Von Rennr\u00e4dern bis zu Mountainbikes - finden Sie heute Ihren perfekten Wegbegleiter!\" \/>\n<meta property=\"og:url\" content=\"https:\/\/kgerad.de\/en\/product\/topeak-dual-touch-bike-stand\/\" \/>\n<meta property=\"og:site_name\" content=\"kgerad.de\" \/>\n<meta property=\"article:modified_time\" content=\"2023-08-10T18:24:40+00:00\" \/>\n<meta property=\"og:image\" content=\"https:\/\/kgerad.de\/wp-content\/uploads\/2023\/06\/product-stands-storage-stands-dual-touch-dual-touch-2-d35b33b4cf8891195bda1b471c622d4a_800x800-1.jpg\" \/>\n\t<meta property=\"og:image:width\" content=\"515\" \/>\n\t<meta property=\"og:image:height\" content=\"800\" \/>\n\t<meta property=\"og:image:type\" content=\"image\/jpeg\" \/>\n<meta name=\"twitter:card\" content=\"summary_large_image\" \/>\n<meta name=\"twitter:label1\" content=\"Est. reading time\" \/>\n\t<meta name=\"twitter:data1\" content=\"1 minute\" \/>\n<script type=\"application\/ld+json\" class=\"yoast-schema-graph\">{\"@context\":\"https:\/\/schema.org\",\"@graph\":[{\"@type\":\"WebPage\",\"@id\":\"https:\/\/kgerad.de\/produkt\/topeak-dual-touch-bike-stand\/\",\"url\":\"https:\/\/kgerad.de\/produkt\/topeak-dual-touch-bike-stand\/\",\"name\":\"Topeak Dual-Touch Bike Stand\",\"isPartOf\":{\"@id\":\"https:\/\/kgerad.de\/#website\"},\"primaryImageOfPage\":{\"@id\":\"https:\/\/kgerad.de\/produkt\/topeak-dual-touch-bike-stand\/#primaryimage\"},\"image\":{\"@id\":\"https:\/\/kgerad.de\/produkt\/topeak-dual-touch-bike-stand\/#primaryimage\"},\"thumbnailUrl\":\"https:\/\/kgerad.de\/wp-content\/uploads\/2023\/06\/product-stands-storage-stands-dual-touch-dual-touch-2-d35b33b4cf8891195bda1b471c622d4a_800x800-1.jpg\",\"datePublished\":\"2022-12-02T18:56:53+00:00\",\"dateModified\":\"2023-08-10T18:24:40+00:00\",\"description\":\"kgerad.de bietet Ihnen das Topeak Dual-Touch Bike Stand zum besten Preis mit kostenlosem Versand in ganz EuropaTopeak Dual-Touch f\u00fcrTopeak Dual-Touch f\u00fcr\",\"breadcrumb\":{\"@id\":\"https:\/\/kgerad.de\/produkt\/topeak-dual-touch-bike-stand\/#breadcrumb\"},\"inLanguage\":\"en-US\",\"potentialAction\":[{\"@type\":\"ReadAction\",\"target\":[\"https:\/\/kgerad.de\/produkt\/topeak-dual-touch-bike-stand\/\"]}]},{\"@type\":\"ImageObject\",\"inLanguage\":\"en-US\",\"@id\":\"https:\/\/kgerad.de\/produkt\/topeak-dual-touch-bike-stand\/#primaryimage\",\"url\":\"https:\/\/kgerad.de\/wp-content\/uploads\/2023\/06\/product-stands-storage-stands-dual-touch-dual-touch-2-d35b33b4cf8891195bda1b471c622d4a_800x800-1.jpg\",\"contentUrl\":\"https:\/\/kgerad.de\/wp-content\/uploads\/2023\/06\/product-stands-storage-stands-dual-touch-dual-touch-2-d35b33b4cf8891195bda1b471c622d4a_800x800-1.jpg\",\"width\":515,\"height\":800,\"caption\":\"Topeak Dual-Touch Bike Stand\"},{\"@type\":\"BreadcrumbList\",\"@id\":\"https:\/\/kgerad.de\/produkt\/topeak-dual-touch-bike-stand\/#breadcrumb\",\"itemListElement\":[{\"@type\":\"ListItem\",\"position\":1,\"name\":\"Startseite\",\"item\":\"https:\/\/kgerad.de\/\"},{\"@type\":\"ListItem\",\"position\":2,\"name\":\"LADEN\",\"item\":\"https:\/\/kgerad.de\/laden\/\"},{\"@type\":\"ListItem\",\"position\":3,\"name\":\"Topeak Dual-Touch Bike Stand\"}]},{\"@type\":\"WebSite\",\"@id\":\"https:\/\/kgerad.de\/#website\",\"url\":\"https:\/\/kgerad.de\/\",\"name\":\"kgerad.de\",\"description\":\"Treten Sie mit uns ins Abenteuer!\",\"publisher\":{\"@id\":\"https:\/\/kgerad.de\/#organization\"},\"alternateName\":\"MEIN RADLADEN\",\"potentialAction\":[{\"@type\":\"SearchAction\",\"target\":{\"@type\":\"EntryPoint\",\"urlTemplate\":\"https:\/\/kgerad.de\/?s={search_term_string}\"},\"query-input\":{\"@type\":\"PropertyValueSpecification\",\"valueRequired\":true,\"valueName\":\"search_term_string\"}}],\"inLanguage\":\"en-US\"},{\"@type\":\"Organization\",\"@id\":\"https:\/\/kgerad.de\/#organization\",\"name\":\"MEINRADLADEN\",\"alternateName\":\"MEIN RADLADEN\",\"url\":\"https:\/\/kgerad.de\/\",\"logo\":{\"@type\":\"ImageObject\",\"inLanguage\":\"en-US\",\"@id\":\"https:\/\/kgerad.de\/#\/schema\/logo\/image\/\",\"url\":\"https:\/\/kgerad.de\/wp-content\/uploads\/2025\/07\/logo-Whit.svg\",\"contentUrl\":\"https:\/\/kgerad.de\/wp-content\/uploads\/2025\/07\/logo-Whit.svg\",\"width\":1640,\"height\":371,\"caption\":\"MEINRADLADEN\"},\"image\":{\"@id\":\"https:\/\/kgerad.de\/#\/schema\/logo\/image\/\"}}]}<\/script>\n<!-- \/ Yoast SEO Premium plugin. -->","yoast_head_json":{"title":"Topeak Dual-Touch Bike Stand","description":"kgerad.de bietet Ihnen das Topeak Dual-Touch Bike Stand zum besten Preis mit kostenlosem Versand in ganz EuropaTopeak Dual-Touch f\u00fcrTopeak Dual-Touch f\u00fcr","robots":{"index":"index","follow":"follow","max-snippet":"max-snippet:-1","max-image-preview":"max-image-preview:large","max-video-preview":"max-video-preview:-1"},"canonical":"https:\/\/kgerad.de\/en\/product\/topeak-dual-touch-bike-stand\/","og_locale":"en_US","og_type":"article","og_title":"Topeak Dual-Touch Bike Stand","og_description":"Entdecken Sie unseren Online-Fahrradladen: Gro\u00dfe Auswahl an Modellen f\u00fcr alle Radsportbegeisterten. Von Rennr\u00e4dern bis zu Mountainbikes - finden Sie heute Ihren perfekten Wegbegleiter!","og_url":"https:\/\/kgerad.de\/en\/product\/topeak-dual-touch-bike-stand\/","og_site_name":"kgerad.de","article_modified_time":"2023-08-10T18:24:40+00:00","og_image":[{"width":515,"height":800,"url":"https:\/\/kgerad.de\/wp-content\/uploads\/2023\/06\/product-stands-storage-stands-dual-touch-dual-touch-2-d35b33b4cf8891195bda1b471c622d4a_800x800-1.jpg","type":"image\/jpeg"}],"twitter_card":"summary_large_image","twitter_misc":{"Est. reading time":"1 minute"},"schema":{"@context":"https:\/\/schema.org","@graph":[{"@type":"WebPage","@id":"https:\/\/kgerad.de\/produkt\/topeak-dual-touch-bike-stand\/","url":"https:\/\/kgerad.de\/produkt\/topeak-dual-touch-bike-stand\/","name":"Topeak Dual-Touch Bike Stand","isPartOf":{"@id":"https:\/\/kgerad.de\/#website"},"primaryImageOfPage":{"@id":"https:\/\/kgerad.de\/produkt\/topeak-dual-touch-bike-stand\/#primaryimage"},"image":{"@id":"https:\/\/kgerad.de\/produkt\/topeak-dual-touch-bike-stand\/#primaryimage"},"thumbnailUrl":"https:\/\/kgerad.de\/wp-content\/uploads\/2023\/06\/product-stands-storage-stands-dual-touch-dual-touch-2-d35b33b4cf8891195bda1b471c622d4a_800x800-1.jpg","datePublished":"2022-12-02T18:56:53+00:00","dateModified":"2023-08-10T18:24:40+00:00","description":"kgerad.de bietet Ihnen das Topeak Dual-Touch Bike Stand zum besten Preis mit kostenlosem Versand in ganz EuropaTopeak Dual-Touch f\u00fcrTopeak Dual-Touch f\u00fcr","breadcrumb":{"@id":"https:\/\/kgerad.de\/produkt\/topeak-dual-touch-bike-stand\/#breadcrumb"},"inLanguage":"en-US","potentialAction":[{"@type":"ReadAction","target":["https:\/\/kgerad.de\/produkt\/topeak-dual-touch-bike-stand\/"]}]},{"@type":"ImageObject","inLanguage":"en-US","@id":"https:\/\/kgerad.de\/produkt\/topeak-dual-touch-bike-stand\/#primaryimage","url":"https:\/\/kgerad.de\/wp-content\/uploads\/2023\/06\/product-stands-storage-stands-dual-touch-dual-touch-2-d35b33b4cf8891195bda1b471c622d4a_800x800-1.jpg","contentUrl":"https:\/\/kgerad.de\/wp-content\/uploads\/2023\/06\/product-stands-storage-stands-dual-touch-dual-touch-2-d35b33b4cf8891195bda1b471c622d4a_800x800-1.jpg","width":515,"height":800,"caption":"Topeak Dual-Touch Bike Stand"},{"@type":"BreadcrumbList","@id":"https:\/\/kgerad.de\/produkt\/topeak-dual-touch-bike-stand\/#breadcrumb","itemListElement":[{"@type":"ListItem","position":1,"name":"Startseite","item":"https:\/\/kgerad.de\/"},{"@type":"ListItem","position":2,"name":"LADEN","item":"https:\/\/kgerad.de\/laden\/"},{"@type":"ListItem","position":3,"name":"Topeak Dual-Touch Bike Stand"}]},{"@type":"WebSite","@id":"https:\/\/kgerad.de\/#website","url":"https:\/\/kgerad.de\/","name":"kgerad.de","description":"Treten Sie mit uns ins Abenteuer!","publisher":{"@id":"https:\/\/kgerad.de\/#organization"},"alternateName":"MEIN RADLADEN","potentialAction":[{"@type":"SearchAction","target":{"@type":"EntryPoint","urlTemplate":"https:\/\/kgerad.de\/?s={search_term_string}"},"query-input":{"@type":"PropertyValueSpecification","valueRequired":true,"valueName":"search_term_string"}}],"inLanguage":"en-US"},{"@type":"Organization","@id":"https:\/\/kgerad.de\/#organization","name":"MEINRADLADEN","alternateName":"MEIN RADLADEN","url":"https:\/\/kgerad.de\/","logo":{"@type":"ImageObject","inLanguage":"en-US","@id":"https:\/\/kgerad.de\/#\/schema\/logo\/image\/","url":"https:\/\/kgerad.de\/wp-content\/uploads\/2025\/07\/logo-Whit.svg","contentUrl":"https:\/\/kgerad.de\/wp-content\/uploads\/2025\/07\/logo-Whit.svg","width":1640,"height":371,"caption":"MEINRADLADEN"},"image":{"@id":"https:\/\/kgerad.de\/#\/schema\/logo\/image\/"}}]}},"_links":{"self":[{"href":"https:\/\/kgerad.de\/en\/wp-json\/wp\/v2\/product\/47724","targetHints":{"allow":["GET"]}}],"collection":[{"href":"https:\/\/kgerad.de\/en\/wp-json\/wp\/v2\/product"}],"about":[{"href":"https:\/\/kgerad.de\/en\/wp-json\/wp\/v2\/types\/product"}],"replies":[{"embeddable":true,"href":"https:\/\/kgerad.de\/en\/wp-json\/wp\/v2\/comments?post=47724"}],"version-history":[{"count":1,"href":"https:\/\/kgerad.de\/en\/wp-json\/wp\/v2\/product\/47724\/revisions"}],"predecessor-version":[{"id":78834,"href":"https:\/\/kgerad.de\/en\/wp-json\/wp\/v2\/product\/47724\/revisions\/78834"}],"wp:featuredmedia":[{"embeddable":true,"href":"https:\/\/kgerad.de\/en\/wp-json\/wp\/v2\/media\/64322"}],"wp:attachment":[{"href":"https:\/\/kgerad.de\/en\/wp-json\/wp\/v2\/media?parent=47724"}],"wp:term":[{"taxonomy":"product_brand","embeddable":true,"href":"https:\/\/kgerad.de\/en\/wp-json\/wp\/v2\/product_brand?post=47724"},{"taxonomy":"product_cat","embeddable":true,"href":"https:\/\/kgerad.de\/en\/wp-json\/wp\/v2\/product_cat?post=47724"},{"taxonomy":"product_tag","embeddable":true,"href":"https:\/\/kgerad.de\/en\/wp-json\/wp\/v2\/product_tag?post=47724"}],"curies":[{"name":"wp","href":"https:\/\/api.w.org\/{rel}","templated":true}]}}