{"id":47671,"date":"2022-12-02T19:21:42","date_gmt":"2022-12-02T18:21:42","guid":{"rendered":"https:\/\/kgerad.de\/?post_type=product&#038;p=47671"},"modified":"2023-08-10T20:26:58","modified_gmt":"2023-08-10T18:26:58","slug":"park-tool-prs-4w-2-montagearm-mit-100-3d-halteklaue","status":"publish","type":"product","link":"https:\/\/kgerad.de\/en\/product\/park-tool-prs-4w-2-montagearm-mit-100-3d-halteklaue\/","title":{"rendered":"Park Tool PRS-4W-2 Montagearm mit 100-3D Halteklaue"},"content":{"rendered":"<div class=\"product--headername\">\n<h2 class=\"product--title\"><strong>Park Tool<\/strong> PRS-4W-2 Montagearm mit 100-3D Halteklaue<\/h2>\n<\/div>\n<p>Der Park Tool PRS-4W f\u00fcr Wandbefestigung gl\u00e4nzt mit einfacher Montage an Wand oder Pfosten. Stufenlos justierbar um 360\u00b0.<\/p>\n<hr \/>\n<h3>Features &#8211; PRS-4W-2 Montagearm mit 100-3D Halteklaue<\/h3>\n<ul>\n<li>Die 100-3D Micro-Adjust Klemme kann nahezu jedes Rohr von 23mm bis 76mm aufnehmen, einschlie\u00dflich Aero-Rohre<\/li>\n<li>Nockenbet\u00e4tigtes Verstellsystem f\u00fcr schnellen Ein-, Aus- und Umbau<\/li>\n<li>Vollst\u00e4ndig einstellbarer Klemmdruck verhindert Besch\u00e4digungen an d\u00fcnnwandigen Rohren<\/li>\n<li>Schmale Spannbacken (7 cm) zum sicheren Spannen auch in schwer erreichbaren Bereichen oder von kurze Sattelst\u00fctzen<\/li>\n<li>Langlebige, austauschbare Klemmenabdeckungen<\/li>\n<li>Die Mitte der Klemme ist 33cm von der Montagefl\u00e4che entfernt<\/li>\n<li>Die Wandmontageplatte ist ca. 15cm x 6cm gro\u00df<\/li>\n<\/ul>\n<h3>Farbe<\/h3>\n<ul>\n<li>schwarz \/ blau<\/li>\n<\/ul>\n<hr \/>\n<h3>Lieferumfang<\/h3>\n<ul>\n<li>1 PRS-4W-2 Montagearm mit 100-3D Halteklaue<\/li>\n<\/ul>\n<p><em>Befestigungsschrauben sind nicht im Lieferumfang enthalten!<\/em><\/p>\n<p><strong>Hinweis:<\/strong>\u00a0Der Hersteller gibt die Gewichtskapazit\u00e4t des Halters mit maximal 45 kg an, vorausgesetzt, dass er mit geeigneten D\u00fcbeln und Schrauben in einer stabilen Wand, Balken oder Pfosten befestigt ist.<\/p>\n<hr \/>\n<h3>Park Tool Professional Micro-Adjust Clamp &#8211; 100-3D, 100-5D, 100-25D<\/h3>\n<p><iframe src=\"https:\/\/www.youtube-nocookie.com\/embed\/1a3Bqk1fko0\" width=\"640\" height=\"360\" frameborder=\"0\" allowfullscreen=\"allowfullscreen\" data-mce-fragment=\"1\"><\/iframe><\/p>","protected":false},"excerpt":{"rendered":"<p>Park Tool PRS-4W-2 Montagearm mit 100-3D Halteklaue Der Park Tool PRS-4W f\u00fcr Wandbefestigung gl\u00e4nzt mit einfacher Montage an Wand oder<\/p>","protected":false},"featured_media":64304,"comment_status":"open","ping_status":"closed","template":"","meta":[],"product_brand":[],"product_cat":[586,573],"product_tag":[],"class_list":{"0":"post-47671","1":"product","2":"type-product","3":"status-publish","4":"has-post-thumbnail","6":"product_cat-aufbewahrung","7":"product_cat-zubehor","8":"pa_marke-park","10":"first","11":"instock","12":"sale","13":"taxable","14":"shipping-taxable","15":"purchasable","16":"product-type-simple"},"yoast_head":"<!-- This site is optimized with the Yoast SEO Premium plugin v20.12 (Yoast SEO v27.1.1) - https:\/\/yoast.com\/product\/yoast-seo-premium-wordpress\/ -->\n<title>Park Tool PRS-4W-2 Montagearm mit 100-3D Halteklaue<\/title>\n<meta name=\"description\" content=\"Entdecken Sie unseren Online-Fahrradladen: Gro\u00dfe Auswahl an Modellen f\u00fcr alle Radsportbegeisterten. Von Rennr\u00e4dern bis zu Mountainbikes - finden Sie heute Ihren perfekten Wegbegleiter!\" \/>\n<meta name=\"robots\" content=\"index, follow, max-snippet:-1, max-image-preview:large, max-video-preview:-1\" \/>\n<link rel=\"canonical\" href=\"https:\/\/kgerad.de\/en\/product\/park-tool-prs-4w-2-montagearm-mit-100-3d-halteklaue\/\" \/>\n<meta property=\"og:locale\" content=\"en_US\" \/>\n<meta property=\"og:type\" content=\"article\" \/>\n<meta property=\"og:title\" content=\"Park Tool PRS-4W-2 Montagearm mit 100-3D Halteklaue\" \/>\n<meta property=\"og:description\" content=\"Entdecken Sie unseren Online-Fahrradladen: Gro\u00dfe Auswahl an Modellen f\u00fcr alle Radsportbegeisterten. Von Rennr\u00e4dern bis zu Mountainbikes - finden Sie heute Ihren perfekten Wegbegleiter!\" \/>\n<meta property=\"og:url\" content=\"https:\/\/kgerad.de\/en\/product\/park-tool-prs-4w-2-montagearm-mit-100-3d-halteklaue\/\" \/>\n<meta property=\"og:site_name\" content=\"kgerad.de\" \/>\n<meta property=\"article:modified_time\" content=\"2023-08-10T18:26:58+00:00\" \/>\n<meta property=\"og:image\" content=\"https:\/\/kgerad.de\/wp-content\/uploads\/2023\/06\/ParkTool-PRS-4W-2_800x800-00.jpg\" \/>\n\t<meta property=\"og:image:width\" content=\"800\" \/>\n\t<meta property=\"og:image:height\" content=\"549\" \/>\n\t<meta property=\"og:image:type\" content=\"image\/jpeg\" \/>\n<meta name=\"twitter:card\" content=\"summary_large_image\" \/>\n<meta name=\"twitter:label1\" content=\"Est. reading time\" \/>\n\t<meta name=\"twitter:data1\" content=\"1 minute\" \/>\n<script type=\"application\/ld+json\" class=\"yoast-schema-graph\">{\"@context\":\"https:\/\/schema.org\",\"@graph\":[{\"@type\":\"WebPage\",\"@id\":\"https:\/\/kgerad.de\/produkt\/park-tool-prs-4w-2-montagearm-mit-100-3d-halteklaue\/\",\"url\":\"https:\/\/kgerad.de\/produkt\/park-tool-prs-4w-2-montagearm-mit-100-3d-halteklaue\/\",\"name\":\"Park Tool PRS-4W-2 Montagearm mit 100-3D Halteklaue\",\"isPartOf\":{\"@id\":\"https:\/\/kgerad.de\/#website\"},\"primaryImageOfPage\":{\"@id\":\"https:\/\/kgerad.de\/produkt\/park-tool-prs-4w-2-montagearm-mit-100-3d-halteklaue\/#primaryimage\"},\"image\":{\"@id\":\"https:\/\/kgerad.de\/produkt\/park-tool-prs-4w-2-montagearm-mit-100-3d-halteklaue\/#primaryimage\"},\"thumbnailUrl\":\"https:\/\/kgerad.de\/wp-content\/uploads\/2023\/06\/ParkTool-PRS-4W-2_800x800-00.jpg\",\"datePublished\":\"2022-12-02T18:21:42+00:00\",\"dateModified\":\"2023-08-10T18:26:58+00:00\",\"description\":\"Entdecken Sie unseren Online-Fahrradladen: Gro\u00dfe Auswahl an Modellen f\u00fcr alle Radsportbegeisterten. Von Rennr\u00e4dern bis zu Mountainbikes - finden Sie heute Ihren perfekten Wegbegleiter!\",\"breadcrumb\":{\"@id\":\"https:\/\/kgerad.de\/produkt\/park-tool-prs-4w-2-montagearm-mit-100-3d-halteklaue\/#breadcrumb\"},\"inLanguage\":\"en-US\",\"potentialAction\":[{\"@type\":\"ReadAction\",\"target\":[\"https:\/\/kgerad.de\/produkt\/park-tool-prs-4w-2-montagearm-mit-100-3d-halteklaue\/\"]}]},{\"@type\":\"ImageObject\",\"inLanguage\":\"en-US\",\"@id\":\"https:\/\/kgerad.de\/produkt\/park-tool-prs-4w-2-montagearm-mit-100-3d-halteklaue\/#primaryimage\",\"url\":\"https:\/\/kgerad.de\/wp-content\/uploads\/2023\/06\/ParkTool-PRS-4W-2_800x800-00.jpg\",\"contentUrl\":\"https:\/\/kgerad.de\/wp-content\/uploads\/2023\/06\/ParkTool-PRS-4W-2_800x800-00.jpg\",\"width\":800,\"height\":549,\"caption\":\"Park Tool PRS-4W-2 Montagearm mit 100-3D Halteklaue\"},{\"@type\":\"BreadcrumbList\",\"@id\":\"https:\/\/kgerad.de\/produkt\/park-tool-prs-4w-2-montagearm-mit-100-3d-halteklaue\/#breadcrumb\",\"itemListElement\":[{\"@type\":\"ListItem\",\"position\":1,\"name\":\"Startseite\",\"item\":\"https:\/\/kgerad.de\/\"},{\"@type\":\"ListItem\",\"position\":2,\"name\":\"LADEN\",\"item\":\"https:\/\/kgerad.de\/laden\/\"},{\"@type\":\"ListItem\",\"position\":3,\"name\":\"Park Tool PRS-4W-2 Montagearm mit 100-3D Halteklaue\"}]},{\"@type\":\"WebSite\",\"@id\":\"https:\/\/kgerad.de\/#website\",\"url\":\"https:\/\/kgerad.de\/\",\"name\":\"kgerad.de\",\"description\":\"Treten Sie mit uns ins Abenteuer!\",\"publisher\":{\"@id\":\"https:\/\/kgerad.de\/#organization\"},\"alternateName\":\"MEIN RADLADEN\",\"potentialAction\":[{\"@type\":\"SearchAction\",\"target\":{\"@type\":\"EntryPoint\",\"urlTemplate\":\"https:\/\/kgerad.de\/?s={search_term_string}\"},\"query-input\":{\"@type\":\"PropertyValueSpecification\",\"valueRequired\":true,\"valueName\":\"search_term_string\"}}],\"inLanguage\":\"en-US\"},{\"@type\":\"Organization\",\"@id\":\"https:\/\/kgerad.de\/#organization\",\"name\":\"MEINRADLADEN\",\"alternateName\":\"MEIN RADLADEN\",\"url\":\"https:\/\/kgerad.de\/\",\"logo\":{\"@type\":\"ImageObject\",\"inLanguage\":\"en-US\",\"@id\":\"https:\/\/kgerad.de\/#\/schema\/logo\/image\/\",\"url\":\"https:\/\/kgerad.de\/wp-content\/uploads\/2025\/07\/logo-Whit.svg\",\"contentUrl\":\"https:\/\/kgerad.de\/wp-content\/uploads\/2025\/07\/logo-Whit.svg\",\"width\":1640,\"height\":371,\"caption\":\"MEINRADLADEN\"},\"image\":{\"@id\":\"https:\/\/kgerad.de\/#\/schema\/logo\/image\/\"}}]}<\/script>\n<!-- \/ Yoast SEO Premium plugin. -->","yoast_head_json":{"title":"Park Tool PRS-4W-2 Montagearm mit 100-3D Halteklaue","description":"Entdecken Sie unseren Online-Fahrradladen: Gro\u00dfe Auswahl an Modellen f\u00fcr alle Radsportbegeisterten. Von Rennr\u00e4dern bis zu Mountainbikes - finden Sie heute Ihren perfekten Wegbegleiter!","robots":{"index":"index","follow":"follow","max-snippet":"max-snippet:-1","max-image-preview":"max-image-preview:large","max-video-preview":"max-video-preview:-1"},"canonical":"https:\/\/kgerad.de\/en\/product\/park-tool-prs-4w-2-montagearm-mit-100-3d-halteklaue\/","og_locale":"en_US","og_type":"article","og_title":"Park Tool PRS-4W-2 Montagearm mit 100-3D Halteklaue","og_description":"Entdecken Sie unseren Online-Fahrradladen: Gro\u00dfe Auswahl an Modellen f\u00fcr alle Radsportbegeisterten. Von Rennr\u00e4dern bis zu Mountainbikes - finden Sie heute Ihren perfekten Wegbegleiter!","og_url":"https:\/\/kgerad.de\/en\/product\/park-tool-prs-4w-2-montagearm-mit-100-3d-halteklaue\/","og_site_name":"kgerad.de","article_modified_time":"2023-08-10T18:26:58+00:00","og_image":[{"width":800,"height":549,"url":"https:\/\/kgerad.de\/wp-content\/uploads\/2023\/06\/ParkTool-PRS-4W-2_800x800-00.jpg","type":"image\/jpeg"}],"twitter_card":"summary_large_image","twitter_misc":{"Est. reading time":"1 minute"},"schema":{"@context":"https:\/\/schema.org","@graph":[{"@type":"WebPage","@id":"https:\/\/kgerad.de\/produkt\/park-tool-prs-4w-2-montagearm-mit-100-3d-halteklaue\/","url":"https:\/\/kgerad.de\/produkt\/park-tool-prs-4w-2-montagearm-mit-100-3d-halteklaue\/","name":"Park Tool PRS-4W-2 Montagearm mit 100-3D Halteklaue","isPartOf":{"@id":"https:\/\/kgerad.de\/#website"},"primaryImageOfPage":{"@id":"https:\/\/kgerad.de\/produkt\/park-tool-prs-4w-2-montagearm-mit-100-3d-halteklaue\/#primaryimage"},"image":{"@id":"https:\/\/kgerad.de\/produkt\/park-tool-prs-4w-2-montagearm-mit-100-3d-halteklaue\/#primaryimage"},"thumbnailUrl":"https:\/\/kgerad.de\/wp-content\/uploads\/2023\/06\/ParkTool-PRS-4W-2_800x800-00.jpg","datePublished":"2022-12-02T18:21:42+00:00","dateModified":"2023-08-10T18:26:58+00:00","description":"Entdecken Sie unseren Online-Fahrradladen: Gro\u00dfe Auswahl an Modellen f\u00fcr alle Radsportbegeisterten. Von Rennr\u00e4dern bis zu Mountainbikes - finden Sie heute Ihren perfekten Wegbegleiter!","breadcrumb":{"@id":"https:\/\/kgerad.de\/produkt\/park-tool-prs-4w-2-montagearm-mit-100-3d-halteklaue\/#breadcrumb"},"inLanguage":"en-US","potentialAction":[{"@type":"ReadAction","target":["https:\/\/kgerad.de\/produkt\/park-tool-prs-4w-2-montagearm-mit-100-3d-halteklaue\/"]}]},{"@type":"ImageObject","inLanguage":"en-US","@id":"https:\/\/kgerad.de\/produkt\/park-tool-prs-4w-2-montagearm-mit-100-3d-halteklaue\/#primaryimage","url":"https:\/\/kgerad.de\/wp-content\/uploads\/2023\/06\/ParkTool-PRS-4W-2_800x800-00.jpg","contentUrl":"https:\/\/kgerad.de\/wp-content\/uploads\/2023\/06\/ParkTool-PRS-4W-2_800x800-00.jpg","width":800,"height":549,"caption":"Park Tool PRS-4W-2 Montagearm mit 100-3D Halteklaue"},{"@type":"BreadcrumbList","@id":"https:\/\/kgerad.de\/produkt\/park-tool-prs-4w-2-montagearm-mit-100-3d-halteklaue\/#breadcrumb","itemListElement":[{"@type":"ListItem","position":1,"name":"Startseite","item":"https:\/\/kgerad.de\/"},{"@type":"ListItem","position":2,"name":"LADEN","item":"https:\/\/kgerad.de\/laden\/"},{"@type":"ListItem","position":3,"name":"Park Tool PRS-4W-2 Montagearm mit 100-3D Halteklaue"}]},{"@type":"WebSite","@id":"https:\/\/kgerad.de\/#website","url":"https:\/\/kgerad.de\/","name":"kgerad.de","description":"Treten Sie mit uns ins Abenteuer!","publisher":{"@id":"https:\/\/kgerad.de\/#organization"},"alternateName":"MEIN RADLADEN","potentialAction":[{"@type":"SearchAction","target":{"@type":"EntryPoint","urlTemplate":"https:\/\/kgerad.de\/?s={search_term_string}"},"query-input":{"@type":"PropertyValueSpecification","valueRequired":true,"valueName":"search_term_string"}}],"inLanguage":"en-US"},{"@type":"Organization","@id":"https:\/\/kgerad.de\/#organization","name":"MEINRADLADEN","alternateName":"MEIN RADLADEN","url":"https:\/\/kgerad.de\/","logo":{"@type":"ImageObject","inLanguage":"en-US","@id":"https:\/\/kgerad.de\/#\/schema\/logo\/image\/","url":"https:\/\/kgerad.de\/wp-content\/uploads\/2025\/07\/logo-Whit.svg","contentUrl":"https:\/\/kgerad.de\/wp-content\/uploads\/2025\/07\/logo-Whit.svg","width":1640,"height":371,"caption":"MEINRADLADEN"},"image":{"@id":"https:\/\/kgerad.de\/#\/schema\/logo\/image\/"}}]}},"_links":{"self":[{"href":"https:\/\/kgerad.de\/en\/wp-json\/wp\/v2\/product\/47671","targetHints":{"allow":["GET"]}}],"collection":[{"href":"https:\/\/kgerad.de\/en\/wp-json\/wp\/v2\/product"}],"about":[{"href":"https:\/\/kgerad.de\/en\/wp-json\/wp\/v2\/types\/product"}],"replies":[{"embeddable":true,"href":"https:\/\/kgerad.de\/en\/wp-json\/wp\/v2\/comments?post=47671"}],"version-history":[{"count":1,"href":"https:\/\/kgerad.de\/en\/wp-json\/wp\/v2\/product\/47671\/revisions"}],"predecessor-version":[{"id":78847,"href":"https:\/\/kgerad.de\/en\/wp-json\/wp\/v2\/product\/47671\/revisions\/78847"}],"wp:featuredmedia":[{"embeddable":true,"href":"https:\/\/kgerad.de\/en\/wp-json\/wp\/v2\/media\/64304"}],"wp:attachment":[{"href":"https:\/\/kgerad.de\/en\/wp-json\/wp\/v2\/media?parent=47671"}],"wp:term":[{"taxonomy":"product_brand","embeddable":true,"href":"https:\/\/kgerad.de\/en\/wp-json\/wp\/v2\/product_brand?post=47671"},{"taxonomy":"product_cat","embeddable":true,"href":"https:\/\/kgerad.de\/en\/wp-json\/wp\/v2\/product_cat?post=47671"},{"taxonomy":"product_tag","embeddable":true,"href":"https:\/\/kgerad.de\/en\/wp-json\/wp\/v2\/product_tag?post=47671"}],"curies":[{"name":"wp","href":"https:\/\/api.w.org\/{rel}","templated":true}]}}