{"id":47623,"date":"2022-12-02T19:02:48","date_gmt":"2022-12-02T18:02:48","guid":{"rendered":"https:\/\/kgerad.de\/?post_type=product&#038;p=47623"},"modified":"2023-08-10T20:28:10","modified_gmt":"2023-08-10T18:28:10","slug":"mtb-hopper-balance-trainer","status":"publish","type":"product","link":"https:\/\/kgerad.de\/en\/product\/mtb-hopper-balance-trainer\/","title":{"rendered":"MTB Hopper Balance Trainer"},"content":{"rendered":"<h2 class=\"product--title\"><strong>MTB Hopper<\/strong>\u00a0Balance Trainer<\/h2>\n<p>Der MTB hilft dir spielerisch dabei, das Balancieren auf dem Hinterrad zu perfektionieren und ohne Angst vor Verletzungen ein besseres Gef\u00fchl f\u00fcr dein Bike zu entwickeln. Beim Training bewegt der Balance-Trainer sich ein wenig zur Seite, um das Balancieren mit den Beinen im echten Leben zu simulieren. Zu Hause l\u00e4sst er sich entweder komplett zusammenfalten und somit platzsparend verstauen, oder dient dir als praktischer Fahrradst\u00e4nder.<\/p>\n<hr \/>\n<h3>Produkteigenschaften &#8211; MTB Hopper Balance Trainer<\/h3>\n<ul>\n<li><strong>Kompatible Reifengr\u00f6\u00dfen:<\/strong>\u00a024&#8243;, 26&#8243;, 27,5&#8243;, 28&#8243;, 29&#8243;<\/li>\n<li><strong>Kompatible Reifenbreiten:<\/strong>\u00a01,8&#8243; bis 3,0&#8243;<\/li>\n<li><strong>Gr\u00f6\u00dfe (aufgebaut, HxBxL):<\/strong>\u00a0660 x 630 x 690mm<\/li>\n<li><strong>Gewichtslimit:<\/strong>\u00a0120kg<\/li>\n<\/ul>\n<h3>Gewicht<\/h3>\n<ul>\n<li>4,8 kg (Herstellerangabe)<\/li>\n<\/ul>\n<hr \/>\n<h3>Lieferumfang<\/h3>\n<ul>\n<li>1 MTB Hopper Balance Trainer<\/li>\n<\/ul>","protected":false},"excerpt":{"rendered":"<p>MTB Hopper\u00a0Balance Trainer Der MTB hilft dir spielerisch dabei, das Balancieren auf dem Hinterrad zu perfektionieren und ohne Angst vor<\/p>","protected":false},"featured_media":64283,"comment_status":"open","ping_status":"closed","template":"","meta":[],"product_brand":[],"product_cat":[586,573],"product_tag":[],"class_list":{"0":"post-47623","1":"product","2":"type-product","3":"status-publish","4":"has-post-thumbnail","6":"product_cat-aufbewahrung","7":"product_cat-zubehor","8":"pa_marke-mtb","10":"first","11":"instock","12":"sale","13":"taxable","14":"shipping-taxable","15":"purchasable","16":"product-type-simple"},"yoast_head":"<!-- This site is optimized with the Yoast SEO Premium plugin v20.12 (Yoast SEO v27.1.1) - https:\/\/yoast.com\/product\/yoast-seo-premium-wordpress\/ -->\n<title>MTB Hopper Balance Trainer<\/title>\n<meta name=\"description\" content=\"kgerad.de bietet Ihnen das MTB Hopper Balance Trainer zum besten Preis mit kostenlosem Versand in ganz EuropaMTBMTBMTBMTBMTBMTBMTBMTBMTB\" \/>\n<meta name=\"robots\" content=\"index, follow, max-snippet:-1, max-image-preview:large, max-video-preview:-1\" \/>\n<link rel=\"canonical\" href=\"https:\/\/kgerad.de\/en\/product\/mtb-hopper-balance-trainer\/\" \/>\n<meta property=\"og:locale\" content=\"en_US\" \/>\n<meta property=\"og:type\" content=\"article\" \/>\n<meta property=\"og:title\" content=\"MTB Hopper Balance Trainer\" \/>\n<meta property=\"og:description\" content=\"Entdecken Sie unseren Online-Fahrradladen: Gro\u00dfe Auswahl an Modellen f\u00fcr alle Radsportbegeisterten. Von Rennr\u00e4dern bis zu Mountainbikes - finden Sie heute Ihren perfekten Wegbegleiter!\" \/>\n<meta property=\"og:url\" content=\"https:\/\/kgerad.de\/en\/product\/mtb-hopper-balance-trainer\/\" \/>\n<meta property=\"og:site_name\" content=\"kgerad.de\" \/>\n<meta property=\"article:modified_time\" content=\"2023-08-10T18:28:10+00:00\" \/>\n<meta property=\"og:image\" content=\"https:\/\/kgerad.de\/wp-content\/uploads\/2023\/06\/MTBHopper_HOPPER-BALANCE_01_800x800-0-1.jpg\" \/>\n\t<meta property=\"og:image:width\" content=\"786\" \/>\n\t<meta property=\"og:image:height\" content=\"800\" \/>\n\t<meta property=\"og:image:type\" content=\"image\/jpeg\" \/>\n<meta name=\"twitter:card\" content=\"summary_large_image\" \/>\n<meta name=\"twitter:label1\" content=\"Est. reading time\" \/>\n\t<meta name=\"twitter:data1\" content=\"1 minute\" \/>\n<script type=\"application\/ld+json\" class=\"yoast-schema-graph\">{\"@context\":\"https:\/\/schema.org\",\"@graph\":[{\"@type\":\"WebPage\",\"@id\":\"https:\/\/kgerad.de\/produkt\/mtb-hopper-balance-trainer\/\",\"url\":\"https:\/\/kgerad.de\/produkt\/mtb-hopper-balance-trainer\/\",\"name\":\"MTB Hopper Balance Trainer\",\"isPartOf\":{\"@id\":\"https:\/\/kgerad.de\/#website\"},\"primaryImageOfPage\":{\"@id\":\"https:\/\/kgerad.de\/produkt\/mtb-hopper-balance-trainer\/#primaryimage\"},\"image\":{\"@id\":\"https:\/\/kgerad.de\/produkt\/mtb-hopper-balance-trainer\/#primaryimage\"},\"thumbnailUrl\":\"https:\/\/kgerad.de\/wp-content\/uploads\/2023\/06\/MTBHopper_HOPPER-BALANCE_01_800x800-0-1.jpg\",\"datePublished\":\"2022-12-02T18:02:48+00:00\",\"dateModified\":\"2023-08-10T18:28:10+00:00\",\"description\":\"kgerad.de bietet Ihnen das MTB Hopper Balance Trainer zum besten Preis mit kostenlosem Versand in ganz EuropaMTBMTBMTBMTBMTBMTBMTBMTBMTB\",\"breadcrumb\":{\"@id\":\"https:\/\/kgerad.de\/produkt\/mtb-hopper-balance-trainer\/#breadcrumb\"},\"inLanguage\":\"en-US\",\"potentialAction\":[{\"@type\":\"ReadAction\",\"target\":[\"https:\/\/kgerad.de\/produkt\/mtb-hopper-balance-trainer\/\"]}]},{\"@type\":\"ImageObject\",\"inLanguage\":\"en-US\",\"@id\":\"https:\/\/kgerad.de\/produkt\/mtb-hopper-balance-trainer\/#primaryimage\",\"url\":\"https:\/\/kgerad.de\/wp-content\/uploads\/2023\/06\/MTBHopper_HOPPER-BALANCE_01_800x800-0-1.jpg\",\"contentUrl\":\"https:\/\/kgerad.de\/wp-content\/uploads\/2023\/06\/MTBHopper_HOPPER-BALANCE_01_800x800-0-1.jpg\",\"width\":786,\"height\":800,\"caption\":\"MTB Hopper Balance Trainer\"},{\"@type\":\"BreadcrumbList\",\"@id\":\"https:\/\/kgerad.de\/produkt\/mtb-hopper-balance-trainer\/#breadcrumb\",\"itemListElement\":[{\"@type\":\"ListItem\",\"position\":1,\"name\":\"Startseite\",\"item\":\"https:\/\/kgerad.de\/\"},{\"@type\":\"ListItem\",\"position\":2,\"name\":\"LADEN\",\"item\":\"https:\/\/kgerad.de\/laden\/\"},{\"@type\":\"ListItem\",\"position\":3,\"name\":\"MTB Hopper Balance Trainer\"}]},{\"@type\":\"WebSite\",\"@id\":\"https:\/\/kgerad.de\/#website\",\"url\":\"https:\/\/kgerad.de\/\",\"name\":\"kgerad.de\",\"description\":\"Treten Sie mit uns ins Abenteuer!\",\"publisher\":{\"@id\":\"https:\/\/kgerad.de\/#organization\"},\"alternateName\":\"MEIN RADLADEN\",\"potentialAction\":[{\"@type\":\"SearchAction\",\"target\":{\"@type\":\"EntryPoint\",\"urlTemplate\":\"https:\/\/kgerad.de\/?s={search_term_string}\"},\"query-input\":{\"@type\":\"PropertyValueSpecification\",\"valueRequired\":true,\"valueName\":\"search_term_string\"}}],\"inLanguage\":\"en-US\"},{\"@type\":\"Organization\",\"@id\":\"https:\/\/kgerad.de\/#organization\",\"name\":\"MEINRADLADEN\",\"alternateName\":\"MEIN RADLADEN\",\"url\":\"https:\/\/kgerad.de\/\",\"logo\":{\"@type\":\"ImageObject\",\"inLanguage\":\"en-US\",\"@id\":\"https:\/\/kgerad.de\/#\/schema\/logo\/image\/\",\"url\":\"https:\/\/kgerad.de\/wp-content\/uploads\/2025\/07\/logo-Whit.svg\",\"contentUrl\":\"https:\/\/kgerad.de\/wp-content\/uploads\/2025\/07\/logo-Whit.svg\",\"width\":1640,\"height\":371,\"caption\":\"MEINRADLADEN\"},\"image\":{\"@id\":\"https:\/\/kgerad.de\/#\/schema\/logo\/image\/\"}}]}<\/script>\n<!-- \/ Yoast SEO Premium plugin. -->","yoast_head_json":{"title":"MTB Hopper Balance Trainer","description":"kgerad.de bietet Ihnen das MTB Hopper Balance Trainer zum besten Preis mit kostenlosem Versand in ganz EuropaMTBMTBMTBMTBMTBMTBMTBMTBMTB","robots":{"index":"index","follow":"follow","max-snippet":"max-snippet:-1","max-image-preview":"max-image-preview:large","max-video-preview":"max-video-preview:-1"},"canonical":"https:\/\/kgerad.de\/en\/product\/mtb-hopper-balance-trainer\/","og_locale":"en_US","og_type":"article","og_title":"MTB Hopper Balance Trainer","og_description":"Entdecken Sie unseren Online-Fahrradladen: Gro\u00dfe Auswahl an Modellen f\u00fcr alle Radsportbegeisterten. Von Rennr\u00e4dern bis zu Mountainbikes - finden Sie heute Ihren perfekten Wegbegleiter!","og_url":"https:\/\/kgerad.de\/en\/product\/mtb-hopper-balance-trainer\/","og_site_name":"kgerad.de","article_modified_time":"2023-08-10T18:28:10+00:00","og_image":[{"width":786,"height":800,"url":"https:\/\/kgerad.de\/wp-content\/uploads\/2023\/06\/MTBHopper_HOPPER-BALANCE_01_800x800-0-1.jpg","type":"image\/jpeg"}],"twitter_card":"summary_large_image","twitter_misc":{"Est. reading time":"1 minute"},"schema":{"@context":"https:\/\/schema.org","@graph":[{"@type":"WebPage","@id":"https:\/\/kgerad.de\/produkt\/mtb-hopper-balance-trainer\/","url":"https:\/\/kgerad.de\/produkt\/mtb-hopper-balance-trainer\/","name":"MTB Hopper Balance Trainer","isPartOf":{"@id":"https:\/\/kgerad.de\/#website"},"primaryImageOfPage":{"@id":"https:\/\/kgerad.de\/produkt\/mtb-hopper-balance-trainer\/#primaryimage"},"image":{"@id":"https:\/\/kgerad.de\/produkt\/mtb-hopper-balance-trainer\/#primaryimage"},"thumbnailUrl":"https:\/\/kgerad.de\/wp-content\/uploads\/2023\/06\/MTBHopper_HOPPER-BALANCE_01_800x800-0-1.jpg","datePublished":"2022-12-02T18:02:48+00:00","dateModified":"2023-08-10T18:28:10+00:00","description":"kgerad.de bietet Ihnen das MTB Hopper Balance Trainer zum besten Preis mit kostenlosem Versand in ganz EuropaMTBMTBMTBMTBMTBMTBMTBMTBMTB","breadcrumb":{"@id":"https:\/\/kgerad.de\/produkt\/mtb-hopper-balance-trainer\/#breadcrumb"},"inLanguage":"en-US","potentialAction":[{"@type":"ReadAction","target":["https:\/\/kgerad.de\/produkt\/mtb-hopper-balance-trainer\/"]}]},{"@type":"ImageObject","inLanguage":"en-US","@id":"https:\/\/kgerad.de\/produkt\/mtb-hopper-balance-trainer\/#primaryimage","url":"https:\/\/kgerad.de\/wp-content\/uploads\/2023\/06\/MTBHopper_HOPPER-BALANCE_01_800x800-0-1.jpg","contentUrl":"https:\/\/kgerad.de\/wp-content\/uploads\/2023\/06\/MTBHopper_HOPPER-BALANCE_01_800x800-0-1.jpg","width":786,"height":800,"caption":"MTB Hopper Balance Trainer"},{"@type":"BreadcrumbList","@id":"https:\/\/kgerad.de\/produkt\/mtb-hopper-balance-trainer\/#breadcrumb","itemListElement":[{"@type":"ListItem","position":1,"name":"Startseite","item":"https:\/\/kgerad.de\/"},{"@type":"ListItem","position":2,"name":"LADEN","item":"https:\/\/kgerad.de\/laden\/"},{"@type":"ListItem","position":3,"name":"MTB Hopper Balance Trainer"}]},{"@type":"WebSite","@id":"https:\/\/kgerad.de\/#website","url":"https:\/\/kgerad.de\/","name":"kgerad.de","description":"Treten Sie mit uns ins Abenteuer!","publisher":{"@id":"https:\/\/kgerad.de\/#organization"},"alternateName":"MEIN RADLADEN","potentialAction":[{"@type":"SearchAction","target":{"@type":"EntryPoint","urlTemplate":"https:\/\/kgerad.de\/?s={search_term_string}"},"query-input":{"@type":"PropertyValueSpecification","valueRequired":true,"valueName":"search_term_string"}}],"inLanguage":"en-US"},{"@type":"Organization","@id":"https:\/\/kgerad.de\/#organization","name":"MEINRADLADEN","alternateName":"MEIN RADLADEN","url":"https:\/\/kgerad.de\/","logo":{"@type":"ImageObject","inLanguage":"en-US","@id":"https:\/\/kgerad.de\/#\/schema\/logo\/image\/","url":"https:\/\/kgerad.de\/wp-content\/uploads\/2025\/07\/logo-Whit.svg","contentUrl":"https:\/\/kgerad.de\/wp-content\/uploads\/2025\/07\/logo-Whit.svg","width":1640,"height":371,"caption":"MEINRADLADEN"},"image":{"@id":"https:\/\/kgerad.de\/#\/schema\/logo\/image\/"}}]}},"_links":{"self":[{"href":"https:\/\/kgerad.de\/en\/wp-json\/wp\/v2\/product\/47623","targetHints":{"allow":["GET"]}}],"collection":[{"href":"https:\/\/kgerad.de\/en\/wp-json\/wp\/v2\/product"}],"about":[{"href":"https:\/\/kgerad.de\/en\/wp-json\/wp\/v2\/types\/product"}],"replies":[{"embeddable":true,"href":"https:\/\/kgerad.de\/en\/wp-json\/wp\/v2\/comments?post=47623"}],"version-history":[{"count":1,"href":"https:\/\/kgerad.de\/en\/wp-json\/wp\/v2\/product\/47623\/revisions"}],"predecessor-version":[{"id":78854,"href":"https:\/\/kgerad.de\/en\/wp-json\/wp\/v2\/product\/47623\/revisions\/78854"}],"wp:featuredmedia":[{"embeddable":true,"href":"https:\/\/kgerad.de\/en\/wp-json\/wp\/v2\/media\/64283"}],"wp:attachment":[{"href":"https:\/\/kgerad.de\/en\/wp-json\/wp\/v2\/media?parent=47623"}],"wp:term":[{"taxonomy":"product_brand","embeddable":true,"href":"https:\/\/kgerad.de\/en\/wp-json\/wp\/v2\/product_brand?post=47623"},{"taxonomy":"product_cat","embeddable":true,"href":"https:\/\/kgerad.de\/en\/wp-json\/wp\/v2\/product_cat?post=47623"},{"taxonomy":"product_tag","embeddable":true,"href":"https:\/\/kgerad.de\/en\/wp-json\/wp\/v2\/product_tag?post=47623"}],"curies":[{"name":"wp","href":"https:\/\/api.w.org\/{rel}","templated":true}]}}