{"id":47608,"date":"2022-12-02T18:16:24","date_gmt":"2022-12-02T17:16:24","guid":{"rendered":"https:\/\/kgerad.de\/?post_type=product&#038;p=47608"},"modified":"2023-08-10T20:29:48","modified_gmt":"2023-08-10T18:29:48","slug":"hebie-alumee-schutzblechset-26","status":"publish","type":"product","link":"https:\/\/kgerad.de\/en\/product\/hebie-alumee-schutzblechset-26\/","title":{"rendered":"Hebie ALUMEE Schutzblechset 26&#8243;"},"content":{"rendered":"<div class=\"product--headername\">\n<h2 class=\"product--title\"><strong>Hebie<\/strong> ALUMEE Schutzblechset 26&#8243;<\/h2>\n<\/div>\n<p>Ausr\u00fcstung t auf Profi-Niveau: Hebie <a href=\"http:\/\/1-1\">ALUMEE<\/a> <a href=\"http:\/\/1-1\">Schutzblechset<\/a> wurden urspr\u00fcnglich als reines Herstellerprodukt konzipiert, um dort den h\u00f6chsten Anforderungen an ein modernes und zuverl\u00e4ssiges Schutzblech gerecht zu werden.<\/p>\n<p>Aufgrund der hohen Nachfrage und Beliebtheit ist das Alumee nun auch f\u00fcr den Endverbrauchermarkt verf\u00fcgbar und erf\u00fcllt dieselben Qualit\u00e4tsstandards, die auch die Industrie zu sch\u00e4tzen wei\u00df: Gefertigt aus stabilem Aluminium und mit einer UV-best\u00e4ndigen Pulverbeschichtung versehen, ist das Alumees im Schutzblechsegment absolut \u201eState of the art\u201c.<\/p>\n<p>Dank der extremen Steifigkeit sind nur wenige Fixierungspunkte notwendig. Zudem ist das Blech mit Gep\u00e4ckstreben ausgestattet, die das Einh\u00e4ngen von Seitentaschen erm\u00f6glichen und v.a. Puristen erfreuen werden, die auf einen Gep\u00e4cktr\u00e4ger am Fahrrad gerne verzichten m\u00f6chten, ohne sich dabei allzu sehr in den Transportm\u00f6glichkeiten einzuschr\u00e4nken.<\/p>\n<hr \/>\n<h3>Features &#8211; Hebie ALUMEE<\/h3>\n<ul>\n<li>Wetterbest\u00e4ndig, nicht rostend und UV-stabil<\/li>\n<li>Puristische Optik mit integrierter Gep\u00e4ckstrebe hinten<\/li>\n<li>Sehr stabiles Aluminium-Profi l, dabei geringes Gewicht<\/li>\n<li>Problemlose und schnelle Montage<\/li>\n<li>Lastaufnahme der Gep\u00e4ckstreben hinten 16 kg, max. 8 kg pro Seite<\/li>\n<\/ul>\n<h3>Produkteigenschaften<\/h3>\n<ul>\n<li><strong>Reifengr\u00f6\u00dfe:<\/strong>\u00a026&#8243;<\/li>\n<li><strong>Reifenbreite:<\/strong>\u00a048-559 bis 55-559<\/li>\n<li><strong>Breite Schutzblech:<\/strong>\u00a062 mm<\/li>\n<li><strong>Radschutzl\u00e4nge vorne:<\/strong>\u00a0720 mm<\/li>\n<li><strong>Radschutzl\u00e4nge hinten:\u00a0<\/strong>1160 mm<\/li>\n<li><strong>Zuladung:<\/strong>\u00a016 kg (2&#215;8 kg)<\/li>\n<\/ul>\n<h3>Material<\/h3>\n<ul>\n<li>Aluminium<\/li>\n<\/ul>\n<h3>Farbe<\/h3>\n<ul>\n<li>schwarz<\/li>\n<\/ul>\n<h3>Gewicht (Herstellerangabe)<\/h3>\n<ul>\n<li><strong>Vorne:<\/strong>\u00a0340 g<\/li>\n<li><strong>Hintem:<\/strong>\u00a0540 g<\/li>\n<\/ul>\n<hr \/>\n<h3>Lieferumfang<\/h3>\n<ul>\n<li>1 Hebie ALUMEE 26&#8243; Schutzblechset<\/li>\n<li>Inkl. Strebensatz und Montagematerial<\/li>\n<\/ul>","protected":false},"excerpt":{"rendered":"<p>Hebie ALUMEE Schutzblechset 26&#8243; Ausr\u00fcstung t auf Profi-Niveau: Hebie ALUMEE Schutzblechset wurden urspr\u00fcnglich als reines Herstellerprodukt konzipiert, um dort den<\/p>","protected":false},"featured_media":64270,"comment_status":"open","ping_status":"closed","template":"","meta":[],"product_brand":[],"product_cat":[574,573],"product_tag":[],"class_list":{"0":"post-47608","1":"product","2":"type-product","3":"status-publish","4":"has-post-thumbnail","6":"product_cat-anbauteile","7":"product_cat-zubehor","9":"first","10":"instock","11":"sale","12":"taxable","13":"shipping-taxable","14":"purchasable","15":"product-type-simple"},"yoast_head":"<!-- This site is optimized with the Yoast SEO Premium plugin v20.12 (Yoast SEO v27.1.1) - https:\/\/yoast.com\/product\/yoast-seo-premium-wordpress\/ -->\n<title>Hebie ALUMEE Schutzblechset 26&quot;<\/title>\n<meta name=\"description\" content=\"kgerad.de bietet Ihnen das Hebie ALUMEE Schutzblechset 26&quot; zum besten Preis mit kostenlosem Versand in ganz EuropaHebie ALUMEE Schutzblechset 26&quot;\" \/>\n<meta name=\"robots\" content=\"index, follow, max-snippet:-1, max-image-preview:large, max-video-preview:-1\" \/>\n<link rel=\"canonical\" href=\"https:\/\/kgerad.de\/en\/product\/hebie-alumee-schutzblechset-26\/\" \/>\n<meta property=\"og:locale\" content=\"en_US\" \/>\n<meta property=\"og:type\" content=\"article\" \/>\n<meta property=\"og:title\" content=\"Hebie ALUMEE Schutzblechset 26&quot;\" \/>\n<meta property=\"og:description\" content=\"Entdecken Sie unseren Online-Fahrradladen: Gro\u00dfe Auswahl an Modellen f\u00fcr alle Radsportbegeisterten. Von Rennr\u00e4dern bis zu Mountainbikes - finden Sie heute Ihren perfekten Wegbegleiter!\" \/>\n<meta property=\"og:url\" content=\"https:\/\/kgerad.de\/en\/product\/hebie-alumee-schutzblechset-26\/\" \/>\n<meta property=\"og:site_name\" content=\"kgerad.de\" \/>\n<meta property=\"article:modified_time\" content=\"2023-08-10T18:29:48+00:00\" \/>\n<meta property=\"og:image\" content=\"https:\/\/kgerad.de\/wp-content\/uploads\/2023\/06\/Hebie-ALUMEE-0791-26-E62-1_800x800-0.jpg\" \/>\n\t<meta property=\"og:image:width\" content=\"800\" \/>\n\t<meta property=\"og:image:height\" content=\"471\" \/>\n\t<meta property=\"og:image:type\" content=\"image\/jpeg\" \/>\n<meta name=\"twitter:card\" content=\"summary_large_image\" \/>\n<meta name=\"twitter:label1\" content=\"Est. reading time\" \/>\n\t<meta name=\"twitter:data1\" content=\"2 minutes\" \/>\n<script type=\"application\/ld+json\" class=\"yoast-schema-graph\">{\"@context\":\"https:\/\/schema.org\",\"@graph\":[{\"@type\":\"WebPage\",\"@id\":\"https:\/\/kgerad.de\/produkt\/hebie-alumee-schutzblechset-26\/\",\"url\":\"https:\/\/kgerad.de\/produkt\/hebie-alumee-schutzblechset-26\/\",\"name\":\"Hebie ALUMEE Schutzblechset 26\\\"\",\"isPartOf\":{\"@id\":\"https:\/\/kgerad.de\/#website\"},\"primaryImageOfPage\":{\"@id\":\"https:\/\/kgerad.de\/produkt\/hebie-alumee-schutzblechset-26\/#primaryimage\"},\"image\":{\"@id\":\"https:\/\/kgerad.de\/produkt\/hebie-alumee-schutzblechset-26\/#primaryimage\"},\"thumbnailUrl\":\"https:\/\/kgerad.de\/wp-content\/uploads\/2023\/06\/Hebie-ALUMEE-0791-26-E62-1_800x800-0.jpg\",\"datePublished\":\"2022-12-02T17:16:24+00:00\",\"dateModified\":\"2023-08-10T18:29:48+00:00\",\"description\":\"kgerad.de bietet Ihnen das Hebie ALUMEE Schutzblechset 26\\\" zum besten Preis mit kostenlosem Versand in ganz EuropaHebie ALUMEE Schutzblechset 26\\\"\",\"breadcrumb\":{\"@id\":\"https:\/\/kgerad.de\/produkt\/hebie-alumee-schutzblechset-26\/#breadcrumb\"},\"inLanguage\":\"en-US\",\"potentialAction\":[{\"@type\":\"ReadAction\",\"target\":[\"https:\/\/kgerad.de\/produkt\/hebie-alumee-schutzblechset-26\/\"]}]},{\"@type\":\"ImageObject\",\"inLanguage\":\"en-US\",\"@id\":\"https:\/\/kgerad.de\/produkt\/hebie-alumee-schutzblechset-26\/#primaryimage\",\"url\":\"https:\/\/kgerad.de\/wp-content\/uploads\/2023\/06\/Hebie-ALUMEE-0791-26-E62-1_800x800-0.jpg\",\"contentUrl\":\"https:\/\/kgerad.de\/wp-content\/uploads\/2023\/06\/Hebie-ALUMEE-0791-26-E62-1_800x800-0.jpg\",\"width\":800,\"height\":471,\"caption\":\"Hebie ALUMEE Schutzblechset 26\"},{\"@type\":\"BreadcrumbList\",\"@id\":\"https:\/\/kgerad.de\/produkt\/hebie-alumee-schutzblechset-26\/#breadcrumb\",\"itemListElement\":[{\"@type\":\"ListItem\",\"position\":1,\"name\":\"Startseite\",\"item\":\"https:\/\/kgerad.de\/\"},{\"@type\":\"ListItem\",\"position\":2,\"name\":\"LADEN\",\"item\":\"https:\/\/kgerad.de\/laden\/\"},{\"@type\":\"ListItem\",\"position\":3,\"name\":\"Hebie ALUMEE Schutzblechset 26&#8243;\"}]},{\"@type\":\"WebSite\",\"@id\":\"https:\/\/kgerad.de\/#website\",\"url\":\"https:\/\/kgerad.de\/\",\"name\":\"kgerad.de\",\"description\":\"Treten Sie mit uns ins Abenteuer!\",\"publisher\":{\"@id\":\"https:\/\/kgerad.de\/#organization\"},\"alternateName\":\"MEIN RADLADEN\",\"potentialAction\":[{\"@type\":\"SearchAction\",\"target\":{\"@type\":\"EntryPoint\",\"urlTemplate\":\"https:\/\/kgerad.de\/?s={search_term_string}\"},\"query-input\":{\"@type\":\"PropertyValueSpecification\",\"valueRequired\":true,\"valueName\":\"search_term_string\"}}],\"inLanguage\":\"en-US\"},{\"@type\":\"Organization\",\"@id\":\"https:\/\/kgerad.de\/#organization\",\"name\":\"MEINRADLADEN\",\"alternateName\":\"MEIN RADLADEN\",\"url\":\"https:\/\/kgerad.de\/\",\"logo\":{\"@type\":\"ImageObject\",\"inLanguage\":\"en-US\",\"@id\":\"https:\/\/kgerad.de\/#\/schema\/logo\/image\/\",\"url\":\"https:\/\/kgerad.de\/wp-content\/uploads\/2025\/07\/logo-Whit.svg\",\"contentUrl\":\"https:\/\/kgerad.de\/wp-content\/uploads\/2025\/07\/logo-Whit.svg\",\"width\":1640,\"height\":371,\"caption\":\"MEINRADLADEN\"},\"image\":{\"@id\":\"https:\/\/kgerad.de\/#\/schema\/logo\/image\/\"}}]}<\/script>\n<!-- \/ Yoast SEO Premium plugin. -->","yoast_head_json":{"title":"Hebie ALUMEE Schutzblechset 26\"","description":"kgerad.de bietet Ihnen das Hebie ALUMEE Schutzblechset 26\" zum besten Preis mit kostenlosem Versand in ganz EuropaHebie ALUMEE Schutzblechset 26\"","robots":{"index":"index","follow":"follow","max-snippet":"max-snippet:-1","max-image-preview":"max-image-preview:large","max-video-preview":"max-video-preview:-1"},"canonical":"https:\/\/kgerad.de\/en\/product\/hebie-alumee-schutzblechset-26\/","og_locale":"en_US","og_type":"article","og_title":"Hebie ALUMEE Schutzblechset 26\"","og_description":"Entdecken Sie unseren Online-Fahrradladen: Gro\u00dfe Auswahl an Modellen f\u00fcr alle Radsportbegeisterten. Von Rennr\u00e4dern bis zu Mountainbikes - finden Sie heute Ihren perfekten Wegbegleiter!","og_url":"https:\/\/kgerad.de\/en\/product\/hebie-alumee-schutzblechset-26\/","og_site_name":"kgerad.de","article_modified_time":"2023-08-10T18:29:48+00:00","og_image":[{"width":800,"height":471,"url":"https:\/\/kgerad.de\/wp-content\/uploads\/2023\/06\/Hebie-ALUMEE-0791-26-E62-1_800x800-0.jpg","type":"image\/jpeg"}],"twitter_card":"summary_large_image","twitter_misc":{"Est. reading time":"2 minutes"},"schema":{"@context":"https:\/\/schema.org","@graph":[{"@type":"WebPage","@id":"https:\/\/kgerad.de\/produkt\/hebie-alumee-schutzblechset-26\/","url":"https:\/\/kgerad.de\/produkt\/hebie-alumee-schutzblechset-26\/","name":"Hebie ALUMEE Schutzblechset 26\"","isPartOf":{"@id":"https:\/\/kgerad.de\/#website"},"primaryImageOfPage":{"@id":"https:\/\/kgerad.de\/produkt\/hebie-alumee-schutzblechset-26\/#primaryimage"},"image":{"@id":"https:\/\/kgerad.de\/produkt\/hebie-alumee-schutzblechset-26\/#primaryimage"},"thumbnailUrl":"https:\/\/kgerad.de\/wp-content\/uploads\/2023\/06\/Hebie-ALUMEE-0791-26-E62-1_800x800-0.jpg","datePublished":"2022-12-02T17:16:24+00:00","dateModified":"2023-08-10T18:29:48+00:00","description":"kgerad.de bietet Ihnen das Hebie ALUMEE Schutzblechset 26\" zum besten Preis mit kostenlosem Versand in ganz EuropaHebie ALUMEE Schutzblechset 26\"","breadcrumb":{"@id":"https:\/\/kgerad.de\/produkt\/hebie-alumee-schutzblechset-26\/#breadcrumb"},"inLanguage":"en-US","potentialAction":[{"@type":"ReadAction","target":["https:\/\/kgerad.de\/produkt\/hebie-alumee-schutzblechset-26\/"]}]},{"@type":"ImageObject","inLanguage":"en-US","@id":"https:\/\/kgerad.de\/produkt\/hebie-alumee-schutzblechset-26\/#primaryimage","url":"https:\/\/kgerad.de\/wp-content\/uploads\/2023\/06\/Hebie-ALUMEE-0791-26-E62-1_800x800-0.jpg","contentUrl":"https:\/\/kgerad.de\/wp-content\/uploads\/2023\/06\/Hebie-ALUMEE-0791-26-E62-1_800x800-0.jpg","width":800,"height":471,"caption":"Hebie ALUMEE Schutzblechset 26"},{"@type":"BreadcrumbList","@id":"https:\/\/kgerad.de\/produkt\/hebie-alumee-schutzblechset-26\/#breadcrumb","itemListElement":[{"@type":"ListItem","position":1,"name":"Startseite","item":"https:\/\/kgerad.de\/"},{"@type":"ListItem","position":2,"name":"LADEN","item":"https:\/\/kgerad.de\/laden\/"},{"@type":"ListItem","position":3,"name":"Hebie ALUMEE Schutzblechset 26&#8243;"}]},{"@type":"WebSite","@id":"https:\/\/kgerad.de\/#website","url":"https:\/\/kgerad.de\/","name":"kgerad.de","description":"Treten Sie mit uns ins Abenteuer!","publisher":{"@id":"https:\/\/kgerad.de\/#organization"},"alternateName":"MEIN RADLADEN","potentialAction":[{"@type":"SearchAction","target":{"@type":"EntryPoint","urlTemplate":"https:\/\/kgerad.de\/?s={search_term_string}"},"query-input":{"@type":"PropertyValueSpecification","valueRequired":true,"valueName":"search_term_string"}}],"inLanguage":"en-US"},{"@type":"Organization","@id":"https:\/\/kgerad.de\/#organization","name":"MEINRADLADEN","alternateName":"MEIN RADLADEN","url":"https:\/\/kgerad.de\/","logo":{"@type":"ImageObject","inLanguage":"en-US","@id":"https:\/\/kgerad.de\/#\/schema\/logo\/image\/","url":"https:\/\/kgerad.de\/wp-content\/uploads\/2025\/07\/logo-Whit.svg","contentUrl":"https:\/\/kgerad.de\/wp-content\/uploads\/2025\/07\/logo-Whit.svg","width":1640,"height":371,"caption":"MEINRADLADEN"},"image":{"@id":"https:\/\/kgerad.de\/#\/schema\/logo\/image\/"}}]}},"_links":{"self":[{"href":"https:\/\/kgerad.de\/en\/wp-json\/wp\/v2\/product\/47608","targetHints":{"allow":["GET"]}}],"collection":[{"href":"https:\/\/kgerad.de\/en\/wp-json\/wp\/v2\/product"}],"about":[{"href":"https:\/\/kgerad.de\/en\/wp-json\/wp\/v2\/types\/product"}],"replies":[{"embeddable":true,"href":"https:\/\/kgerad.de\/en\/wp-json\/wp\/v2\/comments?post=47608"}],"version-history":[{"count":1,"href":"https:\/\/kgerad.de\/en\/wp-json\/wp\/v2\/product\/47608\/revisions"}],"predecessor-version":[{"id":78859,"href":"https:\/\/kgerad.de\/en\/wp-json\/wp\/v2\/product\/47608\/revisions\/78859"}],"wp:featuredmedia":[{"embeddable":true,"href":"https:\/\/kgerad.de\/en\/wp-json\/wp\/v2\/media\/64270"}],"wp:attachment":[{"href":"https:\/\/kgerad.de\/en\/wp-json\/wp\/v2\/media?parent=47608"}],"wp:term":[{"taxonomy":"product_brand","embeddable":true,"href":"https:\/\/kgerad.de\/en\/wp-json\/wp\/v2\/product_brand?post=47608"},{"taxonomy":"product_cat","embeddable":true,"href":"https:\/\/kgerad.de\/en\/wp-json\/wp\/v2\/product_cat?post=47608"},{"taxonomy":"product_tag","embeddable":true,"href":"https:\/\/kgerad.de\/en\/wp-json\/wp\/v2\/product_tag?post=47608"}],"curies":[{"name":"wp","href":"https:\/\/api.w.org\/{rel}","templated":true}]}}