{"id":47601,"date":"2022-12-02T17:59:57","date_gmt":"2022-12-02T16:59:57","guid":{"rendered":"https:\/\/kgerad.de\/?post_type=product&#038;p=47601"},"modified":"2023-08-10T20:37:01","modified_gmt":"2023-08-10T18:37:01","slug":"bosch-cobi-bike-hub-fuer-bosch-antrieb","status":"publish","type":"product","link":"https:\/\/kgerad.de\/en\/product\/bosch-cobi-bike-hub-fuer-bosch-antrieb\/","title":{"rendered":"Bosch COBI.Bike Hub f\u00fcr Bosch-Antrieb"},"content":{"rendered":"<div class=\"product--headername\">\n<h2 class=\"product--title\"><strong>Bosch<\/strong> COBI.Bike Hub f\u00fcr Bosch-Antrie<\/h2>\n<\/div>\n<p>Der Bosch COBI.Bike Hub ist die perfekte Fusion von Smartphone und eBike vernetzt dich mit deiner digitalen Welt und macht dein eBike zum echten Smart Bike. Mit dem markanten AmbiSense Frontlicht sorgt dieses COBI.Bike Set automatisch f\u00fcr die ideale Beleuchtung deines Weges und erh\u00f6ht deine Sichtbarkeit.<\/p>\n<hr \/>\n<table border=\"0\" width=\"100%\" cellspacing=\"1\" cellpadding=\"1\">\n<tbody>\n<tr>\n<td><a title=\"Design &amp; Innovation Award 2017\" href=\"https:\/\/design-innovation-award.com\/de\/winner\/cobi-system\/\" target=\"_blank\" rel=\"nofollow noopener\"><img decoding=\"async\" title=\"Design &amp; Innovation Award 2017\" src=\"https:\/\/cd.bike-discount.de\/media\/image\/66\/a8\/e4\/logo_dia2017_pos_4c_text_grey.png\" alt=\"Design &amp; Innovation Award 2017\" width=\"106\" height=\"100\" data-mid=\"272904\" data-src=\"media\/image\/logo_dia2017_pos_4c_text_grey.png\" \/><\/a><\/td>\n<\/tr>\n<\/tbody>\n<\/table>\n<hr \/>\n<h2>Die perfekte Fusion von Smartphone und Bike: Das COBI.Bike Hub f\u00fcr Bosch Antrieb von Cobi<\/h2>\n<p>Das COBI.Bike System macht dein normales Fahrrad zum vollvernetzten Smart Bike und schafft so ein ganz neues Fahrerlebnis. Es integriert und verbindet dein Smartphone mit deinem Fahrrad und allem was dir wichtig ist. Mit hohem Designanspruch entwickelt holt das vielfach international ausgezeichnete System mit seinen intelligenten Assistenzfunktionen das Beste aus deinem Fahrrad und deinem Smartphone heraus. Das Ergebnis: mehr Sicherheit, mehr Komfort und mehr Spa\u00df, w\u00e4hrend du die Fahrt genie\u00dfen kannst. Ganz egal wohin deine Route f\u00fchrt.<\/p>\n<hr \/>\n<h3>Lieferumfang &#8211; COBI.Bike Hub<\/h3>\n<ul>\n<li>Hub (2. Generation) f\u00fcr eBikes mit Bosch Antrieb ab MJ 2014<\/li>\n<li>Helles, automatisches Frontlicht<\/li>\n<li>App f\u00fcr Android\/iOS<\/li>\n<\/ul>\n<p><em>Universal Hub ist nicht im Lieferumfang enthalten!<\/em><\/p>\n<hr \/>\n<h3>Features<\/h3>\n<p><strong>Plug &amp; Play<\/strong><\/p>\n<ul>\n<li>Legale, komfortable Nutzung des Smartphones am Lenker<\/li>\n<li>Sichere Halterung f\u00fcr 4-6 Zoll Smartphones<\/li>\n<li>Kompatibel mit allen Intuvia und Nyon Bedieneinheiten<\/li>\n<li>Smartphone wird durch den eBike-Akku geladen<\/li>\n<li>Grundbetrieb auch ohne Smartphone (Motor, Licht)<\/li>\n<\/ul>\n<p><strong>Apple iPhone<\/strong><\/p>\n<ul>\n<li>Der Universal Mount unterst\u00fctzt das iPhone 5 und alle neuere Modelle. Die App ist optimiert ab iOS 9.0.<\/li>\n<\/ul>\n<p><strong>Empfohlene Android Phones<\/strong><\/p>\n<ul>\n<li>Samsung Galaxy S7 (edge)<\/li>\n<li>Samsung Galaxy S8 \/ S8+ \/ edge<\/li>\n<li>Sony Xperia Z5<\/li>\n<li>Google Nexus 5X<\/li>\n<li>Huawei P9<\/li>\n<\/ul>\n<p><strong>Minimum Anforderungen<\/strong><\/p>\n<ul>\n<li>Android 4.4<\/li>\n<li>Displaygr\u00f6\u00dfe &gt; 4\u201d<\/li>\n<li>CPU: Quad Core 1,4 GHz<\/li>\n<li>&gt; 200MB freier Speicher<\/li>\n<li>Bluetooth Smart (BLE) 4.0<\/li>\n<li>Micro USB Anschluss (Typ B)<\/li>\n<\/ul>\n<h3>Farbe<\/h3>\n<ul>\n<li>mattschwarz<\/li>\n<\/ul>\n<h3>Gewicht<\/h3>\n<ul>\n<li><strong>Hub:<\/strong>\u00a0168g (Herstellerangabe)<\/li>\n<li><strong>Universal Mount:<\/strong>\u00a033g (Herstellerangabe)<\/li>\n<\/ul>\n<hr \/>\n<h3>Technologien<\/h3>\n<p><strong>Gesch\u00fctzter Hub &#8211; Dein Smartphone ist der Schl\u00fcssel<\/strong><br \/>\nSobald du den zentralen Hub mit deinem Smartphone gekoppelt hast, kann sich nur noch dieses Smartphone drahtlos verbinden. Niemand sonst kann eine Verbindung herstellen. Und wenn du dich mit dem Smartphone in der Tasche dem Fahrrad n\u00e4herst, schaltet sich das System ein. Wie von Zauberhand.<\/p>","protected":false},"excerpt":{"rendered":"<p>Bosch COBI.Bike Hub f\u00fcr Bosch-Antrie Der Bosch COBI.Bike Hub ist die perfekte Fusion von Smartphone und eBike vernetzt dich mit<\/p>","protected":false},"featured_media":64269,"comment_status":"open","ping_status":"closed","template":"","meta":[],"product_brand":[],"product_cat":[574,573],"product_tag":[],"class_list":{"0":"post-47601","1":"product","2":"type-product","3":"status-publish","4":"has-post-thumbnail","6":"product_cat-anbauteile","7":"product_cat-zubehor","8":"pa_marke-bosch","10":"first","11":"instock","12":"sale","13":"taxable","14":"shipping-taxable","15":"purchasable","16":"product-type-simple"},"yoast_head":"<!-- This site is optimized with the Yoast SEO Premium plugin v20.12 (Yoast SEO v27.1.1) - https:\/\/yoast.com\/product\/yoast-seo-premium-wordpress\/ -->\n<title>Bosch COBI.Bike Hub f\u00fcr Bosch-Antrieb<\/title>\n<meta name=\"description\" content=\"Entdecken Sie unseren Online-Fahrradladen: Gro\u00dfe Auswahl an Modellen f\u00fcr alle Radsportbegeisterten. Von Rennr\u00e4dern bis zu Mountainbikes - finden Sie heute Ihren perfekten Wegbegleiter!\" \/>\n<meta name=\"robots\" content=\"index, follow, max-snippet:-1, max-image-preview:large, max-video-preview:-1\" \/>\n<link rel=\"canonical\" href=\"https:\/\/kgerad.de\/en\/product\/bosch-cobi-bike-hub-fuer-bosch-antrieb\/\" \/>\n<meta property=\"og:locale\" content=\"en_US\" \/>\n<meta property=\"og:type\" content=\"article\" \/>\n<meta property=\"og:title\" content=\"Bosch COBI.Bike Hub f\u00fcr Bosch-Antrieb\" \/>\n<meta property=\"og:description\" content=\"Entdecken Sie unseren Online-Fahrradladen: Gro\u00dfe Auswahl an Modellen f\u00fcr alle Radsportbegeisterten. Von Rennr\u00e4dern bis zu Mountainbikes - finden Sie heute Ihren perfekten Wegbegleiter!\" \/>\n<meta property=\"og:url\" content=\"https:\/\/kgerad.de\/en\/product\/bosch-cobi-bike-hub-fuer-bosch-antrieb\/\" \/>\n<meta property=\"og:site_name\" content=\"kgerad.de\" \/>\n<meta property=\"article:modified_time\" content=\"2023-08-10T18:37:01+00:00\" \/>\n<meta property=\"og:image\" content=\"https:\/\/kgerad.de\/wp-content\/uploads\/2023\/06\/Bosch_COBIBike_800x800-0.jpg\" \/>\n\t<meta property=\"og:image:width\" content=\"800\" \/>\n\t<meta property=\"og:image:height\" content=\"758\" \/>\n\t<meta property=\"og:image:type\" content=\"image\/jpeg\" \/>\n<meta name=\"twitter:card\" content=\"summary_large_image\" \/>\n<meta name=\"twitter:label1\" content=\"Est. reading time\" \/>\n\t<meta name=\"twitter:data1\" content=\"3 minutes\" \/>\n<script type=\"application\/ld+json\" class=\"yoast-schema-graph\">{\"@context\":\"https:\/\/schema.org\",\"@graph\":[{\"@type\":\"WebPage\",\"@id\":\"https:\/\/kgerad.de\/produkt\/bosch-cobi-bike-hub-fuer-bosch-antrieb\/\",\"url\":\"https:\/\/kgerad.de\/produkt\/bosch-cobi-bike-hub-fuer-bosch-antrieb\/\",\"name\":\"Bosch COBI.Bike Hub f\u00fcr Bosch-Antrieb\",\"isPartOf\":{\"@id\":\"https:\/\/kgerad.de\/#website\"},\"primaryImageOfPage\":{\"@id\":\"https:\/\/kgerad.de\/produkt\/bosch-cobi-bike-hub-fuer-bosch-antrieb\/#primaryimage\"},\"image\":{\"@id\":\"https:\/\/kgerad.de\/produkt\/bosch-cobi-bike-hub-fuer-bosch-antrieb\/#primaryimage\"},\"thumbnailUrl\":\"https:\/\/kgerad.de\/wp-content\/uploads\/2023\/06\/Bosch_COBIBike_800x800-0.jpg\",\"datePublished\":\"2022-12-02T16:59:57+00:00\",\"dateModified\":\"2023-08-10T18:37:01+00:00\",\"description\":\"Entdecken Sie unseren Online-Fahrradladen: Gro\u00dfe Auswahl an Modellen f\u00fcr alle Radsportbegeisterten. Von Rennr\u00e4dern bis zu Mountainbikes - finden Sie heute Ihren perfekten Wegbegleiter!\",\"breadcrumb\":{\"@id\":\"https:\/\/kgerad.de\/produkt\/bosch-cobi-bike-hub-fuer-bosch-antrieb\/#breadcrumb\"},\"inLanguage\":\"en-US\",\"potentialAction\":[{\"@type\":\"ReadAction\",\"target\":[\"https:\/\/kgerad.de\/produkt\/bosch-cobi-bike-hub-fuer-bosch-antrieb\/\"]}]},{\"@type\":\"ImageObject\",\"inLanguage\":\"en-US\",\"@id\":\"https:\/\/kgerad.de\/produkt\/bosch-cobi-bike-hub-fuer-bosch-antrieb\/#primaryimage\",\"url\":\"https:\/\/kgerad.de\/wp-content\/uploads\/2023\/06\/Bosch_COBIBike_800x800-0.jpg\",\"contentUrl\":\"https:\/\/kgerad.de\/wp-content\/uploads\/2023\/06\/Bosch_COBIBike_800x800-0.jpg\",\"width\":800,\"height\":758,\"caption\":\"Bosch COBI.Bike Hub f\u00fcr Bosch-Antrieb\"},{\"@type\":\"BreadcrumbList\",\"@id\":\"https:\/\/kgerad.de\/produkt\/bosch-cobi-bike-hub-fuer-bosch-antrieb\/#breadcrumb\",\"itemListElement\":[{\"@type\":\"ListItem\",\"position\":1,\"name\":\"Startseite\",\"item\":\"https:\/\/kgerad.de\/\"},{\"@type\":\"ListItem\",\"position\":2,\"name\":\"LADEN\",\"item\":\"https:\/\/kgerad.de\/laden\/\"},{\"@type\":\"ListItem\",\"position\":3,\"name\":\"Bosch COBI.Bike Hub f\u00fcr Bosch-Antrieb\"}]},{\"@type\":\"WebSite\",\"@id\":\"https:\/\/kgerad.de\/#website\",\"url\":\"https:\/\/kgerad.de\/\",\"name\":\"kgerad.de\",\"description\":\"Treten Sie mit uns ins Abenteuer!\",\"publisher\":{\"@id\":\"https:\/\/kgerad.de\/#organization\"},\"alternateName\":\"MEIN RADLADEN\",\"potentialAction\":[{\"@type\":\"SearchAction\",\"target\":{\"@type\":\"EntryPoint\",\"urlTemplate\":\"https:\/\/kgerad.de\/?s={search_term_string}\"},\"query-input\":{\"@type\":\"PropertyValueSpecification\",\"valueRequired\":true,\"valueName\":\"search_term_string\"}}],\"inLanguage\":\"en-US\"},{\"@type\":\"Organization\",\"@id\":\"https:\/\/kgerad.de\/#organization\",\"name\":\"MEINRADLADEN\",\"alternateName\":\"MEIN RADLADEN\",\"url\":\"https:\/\/kgerad.de\/\",\"logo\":{\"@type\":\"ImageObject\",\"inLanguage\":\"en-US\",\"@id\":\"https:\/\/kgerad.de\/#\/schema\/logo\/image\/\",\"url\":\"https:\/\/kgerad.de\/wp-content\/uploads\/2025\/07\/logo-Whit.svg\",\"contentUrl\":\"https:\/\/kgerad.de\/wp-content\/uploads\/2025\/07\/logo-Whit.svg\",\"width\":1640,\"height\":371,\"caption\":\"MEINRADLADEN\"},\"image\":{\"@id\":\"https:\/\/kgerad.de\/#\/schema\/logo\/image\/\"}}]}<\/script>\n<!-- \/ Yoast SEO Premium plugin. -->","yoast_head_json":{"title":"Bosch COBI.Bike Hub f\u00fcr Bosch-Antrieb","description":"Entdecken Sie unseren Online-Fahrradladen: Gro\u00dfe Auswahl an Modellen f\u00fcr alle Radsportbegeisterten. Von Rennr\u00e4dern bis zu Mountainbikes - finden Sie heute Ihren perfekten Wegbegleiter!","robots":{"index":"index","follow":"follow","max-snippet":"max-snippet:-1","max-image-preview":"max-image-preview:large","max-video-preview":"max-video-preview:-1"},"canonical":"https:\/\/kgerad.de\/en\/product\/bosch-cobi-bike-hub-fuer-bosch-antrieb\/","og_locale":"en_US","og_type":"article","og_title":"Bosch COBI.Bike Hub f\u00fcr Bosch-Antrieb","og_description":"Entdecken Sie unseren Online-Fahrradladen: Gro\u00dfe Auswahl an Modellen f\u00fcr alle Radsportbegeisterten. Von Rennr\u00e4dern bis zu Mountainbikes - finden Sie heute Ihren perfekten Wegbegleiter!","og_url":"https:\/\/kgerad.de\/en\/product\/bosch-cobi-bike-hub-fuer-bosch-antrieb\/","og_site_name":"kgerad.de","article_modified_time":"2023-08-10T18:37:01+00:00","og_image":[{"width":800,"height":758,"url":"https:\/\/kgerad.de\/wp-content\/uploads\/2023\/06\/Bosch_COBIBike_800x800-0.jpg","type":"image\/jpeg"}],"twitter_card":"summary_large_image","twitter_misc":{"Est. reading time":"3 minutes"},"schema":{"@context":"https:\/\/schema.org","@graph":[{"@type":"WebPage","@id":"https:\/\/kgerad.de\/produkt\/bosch-cobi-bike-hub-fuer-bosch-antrieb\/","url":"https:\/\/kgerad.de\/produkt\/bosch-cobi-bike-hub-fuer-bosch-antrieb\/","name":"Bosch COBI.Bike Hub f\u00fcr Bosch-Antrieb","isPartOf":{"@id":"https:\/\/kgerad.de\/#website"},"primaryImageOfPage":{"@id":"https:\/\/kgerad.de\/produkt\/bosch-cobi-bike-hub-fuer-bosch-antrieb\/#primaryimage"},"image":{"@id":"https:\/\/kgerad.de\/produkt\/bosch-cobi-bike-hub-fuer-bosch-antrieb\/#primaryimage"},"thumbnailUrl":"https:\/\/kgerad.de\/wp-content\/uploads\/2023\/06\/Bosch_COBIBike_800x800-0.jpg","datePublished":"2022-12-02T16:59:57+00:00","dateModified":"2023-08-10T18:37:01+00:00","description":"Entdecken Sie unseren Online-Fahrradladen: Gro\u00dfe Auswahl an Modellen f\u00fcr alle Radsportbegeisterten. Von Rennr\u00e4dern bis zu Mountainbikes - finden Sie heute Ihren perfekten Wegbegleiter!","breadcrumb":{"@id":"https:\/\/kgerad.de\/produkt\/bosch-cobi-bike-hub-fuer-bosch-antrieb\/#breadcrumb"},"inLanguage":"en-US","potentialAction":[{"@type":"ReadAction","target":["https:\/\/kgerad.de\/produkt\/bosch-cobi-bike-hub-fuer-bosch-antrieb\/"]}]},{"@type":"ImageObject","inLanguage":"en-US","@id":"https:\/\/kgerad.de\/produkt\/bosch-cobi-bike-hub-fuer-bosch-antrieb\/#primaryimage","url":"https:\/\/kgerad.de\/wp-content\/uploads\/2023\/06\/Bosch_COBIBike_800x800-0.jpg","contentUrl":"https:\/\/kgerad.de\/wp-content\/uploads\/2023\/06\/Bosch_COBIBike_800x800-0.jpg","width":800,"height":758,"caption":"Bosch COBI.Bike Hub f\u00fcr Bosch-Antrieb"},{"@type":"BreadcrumbList","@id":"https:\/\/kgerad.de\/produkt\/bosch-cobi-bike-hub-fuer-bosch-antrieb\/#breadcrumb","itemListElement":[{"@type":"ListItem","position":1,"name":"Startseite","item":"https:\/\/kgerad.de\/"},{"@type":"ListItem","position":2,"name":"LADEN","item":"https:\/\/kgerad.de\/laden\/"},{"@type":"ListItem","position":3,"name":"Bosch COBI.Bike Hub f\u00fcr Bosch-Antrieb"}]},{"@type":"WebSite","@id":"https:\/\/kgerad.de\/#website","url":"https:\/\/kgerad.de\/","name":"kgerad.de","description":"Treten Sie mit uns ins Abenteuer!","publisher":{"@id":"https:\/\/kgerad.de\/#organization"},"alternateName":"MEIN RADLADEN","potentialAction":[{"@type":"SearchAction","target":{"@type":"EntryPoint","urlTemplate":"https:\/\/kgerad.de\/?s={search_term_string}"},"query-input":{"@type":"PropertyValueSpecification","valueRequired":true,"valueName":"search_term_string"}}],"inLanguage":"en-US"},{"@type":"Organization","@id":"https:\/\/kgerad.de\/#organization","name":"MEINRADLADEN","alternateName":"MEIN RADLADEN","url":"https:\/\/kgerad.de\/","logo":{"@type":"ImageObject","inLanguage":"en-US","@id":"https:\/\/kgerad.de\/#\/schema\/logo\/image\/","url":"https:\/\/kgerad.de\/wp-content\/uploads\/2025\/07\/logo-Whit.svg","contentUrl":"https:\/\/kgerad.de\/wp-content\/uploads\/2025\/07\/logo-Whit.svg","width":1640,"height":371,"caption":"MEINRADLADEN"},"image":{"@id":"https:\/\/kgerad.de\/#\/schema\/logo\/image\/"}}]}},"_links":{"self":[{"href":"https:\/\/kgerad.de\/en\/wp-json\/wp\/v2\/product\/47601","targetHints":{"allow":["GET"]}}],"collection":[{"href":"https:\/\/kgerad.de\/en\/wp-json\/wp\/v2\/product"}],"about":[{"href":"https:\/\/kgerad.de\/en\/wp-json\/wp\/v2\/types\/product"}],"replies":[{"embeddable":true,"href":"https:\/\/kgerad.de\/en\/wp-json\/wp\/v2\/comments?post=47601"}],"version-history":[{"count":1,"href":"https:\/\/kgerad.de\/en\/wp-json\/wp\/v2\/product\/47601\/revisions"}],"predecessor-version":[{"id":78888,"href":"https:\/\/kgerad.de\/en\/wp-json\/wp\/v2\/product\/47601\/revisions\/78888"}],"wp:featuredmedia":[{"embeddable":true,"href":"https:\/\/kgerad.de\/en\/wp-json\/wp\/v2\/media\/64269"}],"wp:attachment":[{"href":"https:\/\/kgerad.de\/en\/wp-json\/wp\/v2\/media?parent=47601"}],"wp:term":[{"taxonomy":"product_brand","embeddable":true,"href":"https:\/\/kgerad.de\/en\/wp-json\/wp\/v2\/product_brand?post=47601"},{"taxonomy":"product_cat","embeddable":true,"href":"https:\/\/kgerad.de\/en\/wp-json\/wp\/v2\/product_cat?post=47601"},{"taxonomy":"product_tag","embeddable":true,"href":"https:\/\/kgerad.de\/en\/wp-json\/wp\/v2\/product_tag?post=47601"}],"curies":[{"name":"wp","href":"https:\/\/api.w.org\/{rel}","templated":true}]}}