{"id":47587,"date":"2022-12-02T17:39:23","date_gmt":"2022-12-02T16:39:23","guid":{"rendered":"https:\/\/kgerad.de\/?post_type=product&#038;p=47587"},"modified":"2023-08-10T20:32:35","modified_gmt":"2023-08-10T18:32:35","slug":"aeroe-quick-mount-pod-gepaecktasche","status":"publish","type":"product","link":"https:\/\/kgerad.de\/en\/product\/aeroe-quick-mount-pod-gepaecktasche\/","title":{"rendered":"Aeroe Quick Mount Pod Gep\u00e4cktasche"},"content":{"rendered":"<h2 class=\"product--title\"><strong>Aeroe\u00a0<\/strong>Quick Mount Pod Gep\u00e4cktasche<\/h2>\n<p>Die Aeroe Quick Mount von wurde f\u00fcr Fahrten auf anspruchsvollen Stra\u00dfen und <a href=\"http:\/\/1-1\">Trails<\/a> entwickelt. Ganze 11 Liter Fassungsverm\u00f6gen bietet diese Hartschalentasche um alles in ihr zu verstauen was du auf deiner langen Bike Tour ben\u00f6tigst. Sie besteht aus einem strapazierf\u00e4higen TPU, das vollst\u00e4ndig verschwei\u00dft und wasserdicht ist.<\/p>\n<hr \/>\n<h3>Features<\/h3>\n<ul>\n<li>Aus leichtem und strapazierf\u00e4higem\u00a0<span class=\"ILfuVd\"><span class=\"hgKElc\">Thermoplastische Polyurethane gefertigt<br \/>\n<\/span><\/span><\/li>\n<li>Bietet mit 11 Litern viel Stauraum<\/li>\n<li>Befestigung am Aeroe Spider Rear Rack Gep\u00e4cktr\u00e4ger auf der Oberseite oder an jeder Seite \u00fcber die Uni Mount Halterung<\/li>\n<li>Bis zu 2 Quick Mount Pods Gep\u00e4cktaschen k\u00f6nnen am Aeroe Spider Rear Rack Gep\u00e4cktr\u00e4ger befestigt werden<\/li>\n<li>Sorgt f\u00fcr eine stabile und schwankungsfreie Fahrt, egal wie eng die Kurven sind oder wie schwierig das Gel\u00e4nde ist<\/li>\n<li>Perfekt f\u00fcr die Mitnahme von GoPro oder anderer Kameraausr\u00fcstung<\/li>\n<li>Wasserdicht<\/li>\n<\/ul>\n<h3>Produkteigenschaften<\/h3>\n<ul>\n<li><strong>Volumen:<\/strong>\u00a011 Liter (22 Liter bei Anbringung von 2 Quick Mount Pods)<\/li>\n<li><strong>Max. Tragf\u00e4higkeit:<\/strong>\u00a07kg (9lbs) (14kg bei Anbringung von 2 Quick Mount Pods)<\/li>\n<li><strong>Geeignet f\u00fcr:<\/strong>\u00a0MTB Fully, MTB Hardtail, Gravelbike<\/li>\n<li><strong>Kompatibilit\u00e4t:<\/strong>\n<ul>\n<li>Spider Rear Rack Gep\u00e4cktr\u00e4ger<\/li>\n<\/ul>\n<\/li>\n<\/ul>\n<h3>Material<\/h3>\n<ul>\n<li>Glasfaserverst\u00e4rkter Nylonboden, strapazierf\u00e4higes TPU<\/li>\n<\/ul>\n<h3>Farbe<\/h3>\n<ul>\n<li>black<\/li>\n<\/ul>\n<h3>Gewicht (Herstellerangabe)<\/h3>\n<ul>\n<li>718g: (Quick Mount Pod)<\/li>\n<li>910g: (Quick Mount Pod inkl. Uni Mount)<\/li>\n<\/ul>\n<hr \/>\n<h3>Lieferumfang<\/h3>\n<ul>\n<li>\u00a0Gep\u00e4cktasche<\/li>\n<li>1 x Uni Mount Halterung<\/li>\n<\/ul>","protected":false},"excerpt":{"rendered":"<p>Aeroe\u00a0Quick Mount Pod Gep\u00e4cktasche Die Aeroe Quick Mount von wurde f\u00fcr Fahrten auf anspruchsvollen Stra\u00dfen und Trails entwickelt. Ganze 11<\/p>","protected":false},"featured_media":64263,"comment_status":"open","ping_status":"closed","template":"","meta":[],"product_brand":[],"product_cat":[574,573],"product_tag":[],"class_list":{"0":"post-47587","1":"product","2":"type-product","3":"status-publish","4":"has-post-thumbnail","6":"product_cat-anbauteile","7":"product_cat-zubehor","8":"pa_marke-aeroe","10":"first","11":"instock","12":"sale","13":"taxable","14":"shipping-taxable","15":"purchasable","16":"product-type-simple"},"yoast_head":"<!-- This site is optimized with the Yoast SEO Premium plugin v20.12 (Yoast SEO v27.1.1) - https:\/\/yoast.com\/product\/yoast-seo-premium-wordpress\/ -->\n<title>Aeroe Quick Mount Pod Gep\u00e4cktasche<\/title>\n<meta name=\"description\" content=\"Entdecken Sie unseren Online-Fahrradladen: Gro\u00dfe Auswahl an Modellen f\u00fcr alle Radsportbegeisterten. Von Rennr\u00e4dern bis zu Mountainbikes - finden Sie heute Ihren perfekten Wegbegleiter!\" \/>\n<meta name=\"robots\" content=\"index, follow, max-snippet:-1, max-image-preview:large, max-video-preview:-1\" \/>\n<link rel=\"canonical\" href=\"https:\/\/kgerad.de\/en\/product\/aeroe-quick-mount-pod-gepaecktasche\/\" \/>\n<meta property=\"og:locale\" content=\"en_US\" \/>\n<meta property=\"og:type\" content=\"article\" \/>\n<meta property=\"og:title\" content=\"Aeroe Quick Mount Pod Gep\u00e4cktasche\" \/>\n<meta property=\"og:description\" content=\"Entdecken Sie unseren Online-Fahrradladen: Gro\u00dfe Auswahl an Modellen f\u00fcr alle Radsportbegeisterten. Von Rennr\u00e4dern bis zu Mountainbikes - finden Sie heute Ihren perfekten Wegbegleiter!\" \/>\n<meta property=\"og:url\" content=\"https:\/\/kgerad.de\/en\/product\/aeroe-quick-mount-pod-gepaecktasche\/\" \/>\n<meta property=\"og:site_name\" content=\"kgerad.de\" \/>\n<meta property=\"article:modified_time\" content=\"2023-08-10T18:32:35+00:00\" \/>\n<meta property=\"og:image\" content=\"https:\/\/kgerad.de\/wp-content\/uploads\/2023\/06\/Aeroe-Quick-Mount-Pod-Gepaecktasche-0.jpg\" \/>\n\t<meta property=\"og:image:width\" content=\"800\" \/>\n\t<meta property=\"og:image:height\" content=\"466\" \/>\n\t<meta property=\"og:image:type\" content=\"image\/jpeg\" \/>\n<meta name=\"twitter:card\" content=\"summary_large_image\" \/>\n<meta name=\"twitter:label1\" content=\"Est. reading time\" \/>\n\t<meta name=\"twitter:data1\" content=\"2 minutes\" \/>\n<script type=\"application\/ld+json\" class=\"yoast-schema-graph\">{\"@context\":\"https:\/\/schema.org\",\"@graph\":[{\"@type\":\"WebPage\",\"@id\":\"https:\/\/kgerad.de\/produkt\/aeroe-quick-mount-pod-gepaecktasche\/\",\"url\":\"https:\/\/kgerad.de\/produkt\/aeroe-quick-mount-pod-gepaecktasche\/\",\"name\":\"Aeroe Quick Mount Pod Gep\u00e4cktasche\",\"isPartOf\":{\"@id\":\"https:\/\/kgerad.de\/#website\"},\"primaryImageOfPage\":{\"@id\":\"https:\/\/kgerad.de\/produkt\/aeroe-quick-mount-pod-gepaecktasche\/#primaryimage\"},\"image\":{\"@id\":\"https:\/\/kgerad.de\/produkt\/aeroe-quick-mount-pod-gepaecktasche\/#primaryimage\"},\"thumbnailUrl\":\"https:\/\/kgerad.de\/wp-content\/uploads\/2023\/06\/Aeroe-Quick-Mount-Pod-Gepaecktasche-0.jpg\",\"datePublished\":\"2022-12-02T16:39:23+00:00\",\"dateModified\":\"2023-08-10T18:32:35+00:00\",\"description\":\"Entdecken Sie unseren Online-Fahrradladen: Gro\u00dfe Auswahl an Modellen f\u00fcr alle Radsportbegeisterten. Von Rennr\u00e4dern bis zu Mountainbikes - finden Sie heute Ihren perfekten Wegbegleiter!\",\"breadcrumb\":{\"@id\":\"https:\/\/kgerad.de\/produkt\/aeroe-quick-mount-pod-gepaecktasche\/#breadcrumb\"},\"inLanguage\":\"en-US\",\"potentialAction\":[{\"@type\":\"ReadAction\",\"target\":[\"https:\/\/kgerad.de\/produkt\/aeroe-quick-mount-pod-gepaecktasche\/\"]}]},{\"@type\":\"ImageObject\",\"inLanguage\":\"en-US\",\"@id\":\"https:\/\/kgerad.de\/produkt\/aeroe-quick-mount-pod-gepaecktasche\/#primaryimage\",\"url\":\"https:\/\/kgerad.de\/wp-content\/uploads\/2023\/06\/Aeroe-Quick-Mount-Pod-Gepaecktasche-0.jpg\",\"contentUrl\":\"https:\/\/kgerad.de\/wp-content\/uploads\/2023\/06\/Aeroe-Quick-Mount-Pod-Gepaecktasche-0.jpg\",\"width\":800,\"height\":466,\"caption\":\"Aeroe Quick Mount Pod Gep\u00e4cktasche\"},{\"@type\":\"BreadcrumbList\",\"@id\":\"https:\/\/kgerad.de\/produkt\/aeroe-quick-mount-pod-gepaecktasche\/#breadcrumb\",\"itemListElement\":[{\"@type\":\"ListItem\",\"position\":1,\"name\":\"Startseite\",\"item\":\"https:\/\/kgerad.de\/\"},{\"@type\":\"ListItem\",\"position\":2,\"name\":\"LADEN\",\"item\":\"https:\/\/kgerad.de\/laden\/\"},{\"@type\":\"ListItem\",\"position\":3,\"name\":\"Aeroe Quick Mount Pod Gep\u00e4cktasche\"}]},{\"@type\":\"WebSite\",\"@id\":\"https:\/\/kgerad.de\/#website\",\"url\":\"https:\/\/kgerad.de\/\",\"name\":\"kgerad.de\",\"description\":\"Treten Sie mit uns ins Abenteuer!\",\"publisher\":{\"@id\":\"https:\/\/kgerad.de\/#organization\"},\"alternateName\":\"MEIN RADLADEN\",\"potentialAction\":[{\"@type\":\"SearchAction\",\"target\":{\"@type\":\"EntryPoint\",\"urlTemplate\":\"https:\/\/kgerad.de\/?s={search_term_string}\"},\"query-input\":{\"@type\":\"PropertyValueSpecification\",\"valueRequired\":true,\"valueName\":\"search_term_string\"}}],\"inLanguage\":\"en-US\"},{\"@type\":\"Organization\",\"@id\":\"https:\/\/kgerad.de\/#organization\",\"name\":\"MEINRADLADEN\",\"alternateName\":\"MEIN RADLADEN\",\"url\":\"https:\/\/kgerad.de\/\",\"logo\":{\"@type\":\"ImageObject\",\"inLanguage\":\"en-US\",\"@id\":\"https:\/\/kgerad.de\/#\/schema\/logo\/image\/\",\"url\":\"https:\/\/kgerad.de\/wp-content\/uploads\/2025\/07\/logo-Whit.svg\",\"contentUrl\":\"https:\/\/kgerad.de\/wp-content\/uploads\/2025\/07\/logo-Whit.svg\",\"width\":1640,\"height\":371,\"caption\":\"MEINRADLADEN\"},\"image\":{\"@id\":\"https:\/\/kgerad.de\/#\/schema\/logo\/image\/\"}}]}<\/script>\n<!-- \/ Yoast SEO Premium plugin. -->","yoast_head_json":{"title":"Aeroe Quick Mount Pod Gep\u00e4cktasche","description":"Entdecken Sie unseren Online-Fahrradladen: Gro\u00dfe Auswahl an Modellen f\u00fcr alle Radsportbegeisterten. Von Rennr\u00e4dern bis zu Mountainbikes - finden Sie heute Ihren perfekten Wegbegleiter!","robots":{"index":"index","follow":"follow","max-snippet":"max-snippet:-1","max-image-preview":"max-image-preview:large","max-video-preview":"max-video-preview:-1"},"canonical":"https:\/\/kgerad.de\/en\/product\/aeroe-quick-mount-pod-gepaecktasche\/","og_locale":"en_US","og_type":"article","og_title":"Aeroe Quick Mount Pod Gep\u00e4cktasche","og_description":"Entdecken Sie unseren Online-Fahrradladen: Gro\u00dfe Auswahl an Modellen f\u00fcr alle Radsportbegeisterten. Von Rennr\u00e4dern bis zu Mountainbikes - finden Sie heute Ihren perfekten Wegbegleiter!","og_url":"https:\/\/kgerad.de\/en\/product\/aeroe-quick-mount-pod-gepaecktasche\/","og_site_name":"kgerad.de","article_modified_time":"2023-08-10T18:32:35+00:00","og_image":[{"width":800,"height":466,"url":"https:\/\/kgerad.de\/wp-content\/uploads\/2023\/06\/Aeroe-Quick-Mount-Pod-Gepaecktasche-0.jpg","type":"image\/jpeg"}],"twitter_card":"summary_large_image","twitter_misc":{"Est. reading time":"2 minutes"},"schema":{"@context":"https:\/\/schema.org","@graph":[{"@type":"WebPage","@id":"https:\/\/kgerad.de\/produkt\/aeroe-quick-mount-pod-gepaecktasche\/","url":"https:\/\/kgerad.de\/produkt\/aeroe-quick-mount-pod-gepaecktasche\/","name":"Aeroe Quick Mount Pod Gep\u00e4cktasche","isPartOf":{"@id":"https:\/\/kgerad.de\/#website"},"primaryImageOfPage":{"@id":"https:\/\/kgerad.de\/produkt\/aeroe-quick-mount-pod-gepaecktasche\/#primaryimage"},"image":{"@id":"https:\/\/kgerad.de\/produkt\/aeroe-quick-mount-pod-gepaecktasche\/#primaryimage"},"thumbnailUrl":"https:\/\/kgerad.de\/wp-content\/uploads\/2023\/06\/Aeroe-Quick-Mount-Pod-Gepaecktasche-0.jpg","datePublished":"2022-12-02T16:39:23+00:00","dateModified":"2023-08-10T18:32:35+00:00","description":"Entdecken Sie unseren Online-Fahrradladen: Gro\u00dfe Auswahl an Modellen f\u00fcr alle Radsportbegeisterten. Von Rennr\u00e4dern bis zu Mountainbikes - finden Sie heute Ihren perfekten Wegbegleiter!","breadcrumb":{"@id":"https:\/\/kgerad.de\/produkt\/aeroe-quick-mount-pod-gepaecktasche\/#breadcrumb"},"inLanguage":"en-US","potentialAction":[{"@type":"ReadAction","target":["https:\/\/kgerad.de\/produkt\/aeroe-quick-mount-pod-gepaecktasche\/"]}]},{"@type":"ImageObject","inLanguage":"en-US","@id":"https:\/\/kgerad.de\/produkt\/aeroe-quick-mount-pod-gepaecktasche\/#primaryimage","url":"https:\/\/kgerad.de\/wp-content\/uploads\/2023\/06\/Aeroe-Quick-Mount-Pod-Gepaecktasche-0.jpg","contentUrl":"https:\/\/kgerad.de\/wp-content\/uploads\/2023\/06\/Aeroe-Quick-Mount-Pod-Gepaecktasche-0.jpg","width":800,"height":466,"caption":"Aeroe Quick Mount Pod Gep\u00e4cktasche"},{"@type":"BreadcrumbList","@id":"https:\/\/kgerad.de\/produkt\/aeroe-quick-mount-pod-gepaecktasche\/#breadcrumb","itemListElement":[{"@type":"ListItem","position":1,"name":"Startseite","item":"https:\/\/kgerad.de\/"},{"@type":"ListItem","position":2,"name":"LADEN","item":"https:\/\/kgerad.de\/laden\/"},{"@type":"ListItem","position":3,"name":"Aeroe Quick Mount Pod Gep\u00e4cktasche"}]},{"@type":"WebSite","@id":"https:\/\/kgerad.de\/#website","url":"https:\/\/kgerad.de\/","name":"kgerad.de","description":"Treten Sie mit uns ins Abenteuer!","publisher":{"@id":"https:\/\/kgerad.de\/#organization"},"alternateName":"MEIN RADLADEN","potentialAction":[{"@type":"SearchAction","target":{"@type":"EntryPoint","urlTemplate":"https:\/\/kgerad.de\/?s={search_term_string}"},"query-input":{"@type":"PropertyValueSpecification","valueRequired":true,"valueName":"search_term_string"}}],"inLanguage":"en-US"},{"@type":"Organization","@id":"https:\/\/kgerad.de\/#organization","name":"MEINRADLADEN","alternateName":"MEIN RADLADEN","url":"https:\/\/kgerad.de\/","logo":{"@type":"ImageObject","inLanguage":"en-US","@id":"https:\/\/kgerad.de\/#\/schema\/logo\/image\/","url":"https:\/\/kgerad.de\/wp-content\/uploads\/2025\/07\/logo-Whit.svg","contentUrl":"https:\/\/kgerad.de\/wp-content\/uploads\/2025\/07\/logo-Whit.svg","width":1640,"height":371,"caption":"MEINRADLADEN"},"image":{"@id":"https:\/\/kgerad.de\/#\/schema\/logo\/image\/"}}]}},"_links":{"self":[{"href":"https:\/\/kgerad.de\/en\/wp-json\/wp\/v2\/product\/47587","targetHints":{"allow":["GET"]}}],"collection":[{"href":"https:\/\/kgerad.de\/en\/wp-json\/wp\/v2\/product"}],"about":[{"href":"https:\/\/kgerad.de\/en\/wp-json\/wp\/v2\/types\/product"}],"replies":[{"embeddable":true,"href":"https:\/\/kgerad.de\/en\/wp-json\/wp\/v2\/comments?post=47587"}],"version-history":[{"count":1,"href":"https:\/\/kgerad.de\/en\/wp-json\/wp\/v2\/product\/47587\/revisions"}],"predecessor-version":[{"id":78864,"href":"https:\/\/kgerad.de\/en\/wp-json\/wp\/v2\/product\/47587\/revisions\/78864"}],"wp:featuredmedia":[{"embeddable":true,"href":"https:\/\/kgerad.de\/en\/wp-json\/wp\/v2\/media\/64263"}],"wp:attachment":[{"href":"https:\/\/kgerad.de\/en\/wp-json\/wp\/v2\/media?parent=47587"}],"wp:term":[{"taxonomy":"product_brand","embeddable":true,"href":"https:\/\/kgerad.de\/en\/wp-json\/wp\/v2\/product_brand?post=47587"},{"taxonomy":"product_cat","embeddable":true,"href":"https:\/\/kgerad.de\/en\/wp-json\/wp\/v2\/product_cat?post=47587"},{"taxonomy":"product_tag","embeddable":true,"href":"https:\/\/kgerad.de\/en\/wp-json\/wp\/v2\/product_tag?post=47587"}],"curies":[{"name":"wp","href":"https:\/\/api.w.org\/{rel}","templated":true}]}}