{"id":47556,"date":"2022-12-02T17:04:20","date_gmt":"2022-12-02T16:04:20","guid":{"rendered":"https:\/\/kgerad.de\/?post_type=product&#038;p=47556"},"modified":"2025-02-24T17:55:53","modified_gmt":"2025-02-24T16:55:53","slug":"pletscher-r65-aluminium-schutzblech-set","status":"publish","type":"product","link":"https:\/\/kgerad.de\/en\/product\/pletscher-r65-aluminium-schutzblech-set\/","title":{"rendered":"Pletscher R65 Aluminium Schutzblech-Set"},"content":{"rendered":"<div class=\"product--headername\">\n<h2 class=\"product--title\"><strong>Pletscher<\/strong> R65 Aluminium Schutzblech-Set<\/h2>\n<\/div>\n<p>Das Pletscher R65 Aluminium Schutzblech-Set von Pletscher <a href=\"http:\/\/1-1\">bewahrt<\/a> dich zuverl\u00e4ssig vor Schmutz und N\u00e4sse und schmiegt sich in den unterschiedlichen Gr\u00f6\u00dfen perfekt an dein Laufrad an. Mit den im Lieferumfang enthaltenen Metalltr\u00e4gern lassen sich Seitentaschen schnell und einfach am Fahrrad befestigen.<\/p>\n<hr \/>\n<h3>Features &#8211; Pletscher R65<\/h3>\n<ul>\n<li>F\u00fcr Citybikes, Trekkingbikes und Mountainbikes<\/li>\n<li>Integrierte Kabelf\u00fchrungskan\u00e4le<\/li>\n<li>Seitentaschenhalter (bis 8 kg)<\/li>\n<li>Robust und langlebig<\/li>\n<\/ul>\n<h3>Produkteigenschaften<\/h3>\n<ul>\n<li><strong>Belastbarkeit pro Seite:<\/strong>\u00a08 kg<\/li>\n<li><strong>Breite:<\/strong>\u00a060 mm<\/li>\n<\/ul>\n<h3>Ausf\u00fchrung (Variante w\u00e4hlen)<\/h3>\n<ul>\n<li>27,5&#8243; \/ Radius 358 mm \/ Bogenl\u00e4nge vorne 710mm \/ Bogenl\u00e4nge hinten 1200mm<\/li>\n<li>28&#8243; \/ Radius 363 mm \/ Bogenl\u00e4nge vorne 710mm \/ Bogenl\u00e4nge hinten 1200mm<\/li>\n<li>29&#8243; \/ Radius 373 mm \/ Bogenl\u00e4nge vorne 710mm \/ Bogenl\u00e4nge hinten 1200mm<\/li>\n<\/ul>\n<h3>Material<\/h3>\n<ul>\n<li><strong>Schutzblech:<\/strong>\u00a0Aluminium EN AW-6060<\/li>\n<li><strong>Schrauben:<\/strong>\u00a0Rostfreier Stahl<\/li>\n<li><strong>Endkappe:<\/strong>\u00a0Kunststoff<\/li>\n<\/ul>\n<h3>Farbe<\/h3>\n<ul>\n<li>Schwarz<\/li>\n<\/ul>\n<hr \/>\n<h3>Lieferumfang<\/h3>\n<ul>\n<li>1 Pletscher R65 Aluminium-Schutzblech vorne<\/li>\n<li>1 Pletscher R65 Aluminium-Schutzblech hinten<\/li>\n<li>2 Seitentaschenhalter<\/li>\n<li>2 Endkappen<\/li>\n<li>Befestigungsmaterial<\/li>\n<\/ul>","protected":false},"excerpt":{"rendered":"<p>Pletscher R65 Aluminium Schutzblech-Set Das Pletscher R65 Aluminium Schutzblech-Set von Pletscher bewahrt dich zuverl\u00e4ssig vor Schmutz und N\u00e4sse und schmiegt<\/p>","protected":false},"featured_media":64258,"comment_status":"open","ping_status":"closed","template":"","meta":[],"product_brand":[],"product_cat":[574,573],"product_tag":[],"class_list":{"0":"post-47556","1":"product","2":"type-product","3":"status-publish","4":"has-post-thumbnail","6":"product_cat-anbauteile","7":"product_cat-zubehor","8":"pa_marke-pletscher","10":"first","11":"instock","12":"sale","13":"taxable","14":"shipping-taxable","15":"purchasable","16":"product-type-variable"},"yoast_head":"<!-- This site is optimized with the Yoast SEO Premium plugin v20.12 (Yoast SEO v27.1.1) - https:\/\/yoast.com\/product\/yoast-seo-premium-wordpress\/ -->\n<title>Pletscher R65 Aluminium Schutzblech-Set<\/title>\n<meta name=\"description\" content=\"Entdecken Sie unseren Online-Fahrradladen: Gro\u00dfe Auswahl an Modellen f\u00fcr alle Radsportbegeisterten. Von Rennr\u00e4dern bis zu Mountainbikes - finden Sie heute Ihren perfekten Wegbegleiter!\" \/>\n<meta name=\"robots\" content=\"index, follow, max-snippet:-1, max-image-preview:large, max-video-preview:-1\" \/>\n<link rel=\"canonical\" href=\"https:\/\/kgerad.de\/en\/product\/pletscher-r65-aluminium-schutzblech-set\/\" \/>\n<meta property=\"og:locale\" content=\"en_US\" \/>\n<meta property=\"og:type\" content=\"article\" \/>\n<meta property=\"og:title\" content=\"Pletscher R65 Aluminium Schutzblech-Set\" \/>\n<meta property=\"og:description\" content=\"Entdecken Sie unseren Online-Fahrradladen: Gro\u00dfe Auswahl an Modellen f\u00fcr alle Radsportbegeisterten. Von Rennr\u00e4dern bis zu Mountainbikes - finden Sie heute Ihren perfekten Wegbegleiter!\" \/>\n<meta property=\"og:url\" content=\"https:\/\/kgerad.de\/en\/product\/pletscher-r65-aluminium-schutzblech-set\/\" \/>\n<meta property=\"og:site_name\" content=\"kgerad.de\" \/>\n<meta property=\"article:modified_time\" content=\"2025-02-24T16:55:53+00:00\" \/>\n<meta property=\"og:image\" content=\"https:\/\/kgerad.de\/wp-content\/uploads\/2023\/06\/Aluminiumschutzblech-R65-1_800x800-3-1.jpg\" \/>\n\t<meta property=\"og:image:width\" content=\"484\" \/>\n\t<meta property=\"og:image:height\" content=\"800\" \/>\n\t<meta property=\"og:image:type\" content=\"image\/jpeg\" \/>\n<meta name=\"twitter:card\" content=\"summary_large_image\" \/>\n<meta name=\"twitter:label1\" content=\"Est. reading time\" \/>\n\t<meta name=\"twitter:data1\" content=\"1 minute\" \/>\n<script type=\"application\/ld+json\" class=\"yoast-schema-graph\">{\"@context\":\"https:\/\/schema.org\",\"@graph\":[{\"@type\":\"WebPage\",\"@id\":\"https:\/\/kgerad.de\/produkt\/pletscher-r65-aluminium-schutzblech-set\/\",\"url\":\"https:\/\/kgerad.de\/produkt\/pletscher-r65-aluminium-schutzblech-set\/\",\"name\":\"Pletscher R65 Aluminium Schutzblech-Set\",\"isPartOf\":{\"@id\":\"https:\/\/kgerad.de\/#website\"},\"primaryImageOfPage\":{\"@id\":\"https:\/\/kgerad.de\/produkt\/pletscher-r65-aluminium-schutzblech-set\/#primaryimage\"},\"image\":{\"@id\":\"https:\/\/kgerad.de\/produkt\/pletscher-r65-aluminium-schutzblech-set\/#primaryimage\"},\"thumbnailUrl\":\"https:\/\/kgerad.de\/wp-content\/uploads\/2023\/06\/Aluminiumschutzblech-R65-1_800x800-3-1.jpg\",\"datePublished\":\"2022-12-02T16:04:20+00:00\",\"dateModified\":\"2025-02-24T16:55:53+00:00\",\"description\":\"Entdecken Sie unseren Online-Fahrradladen: Gro\u00dfe Auswahl an Modellen f\u00fcr alle Radsportbegeisterten. Von Rennr\u00e4dern bis zu Mountainbikes - finden Sie heute Ihren perfekten Wegbegleiter!\",\"breadcrumb\":{\"@id\":\"https:\/\/kgerad.de\/produkt\/pletscher-r65-aluminium-schutzblech-set\/#breadcrumb\"},\"inLanguage\":\"en-US\",\"potentialAction\":[{\"@type\":\"ReadAction\",\"target\":[\"https:\/\/kgerad.de\/produkt\/pletscher-r65-aluminium-schutzblech-set\/\"]}]},{\"@type\":\"ImageObject\",\"inLanguage\":\"en-US\",\"@id\":\"https:\/\/kgerad.de\/produkt\/pletscher-r65-aluminium-schutzblech-set\/#primaryimage\",\"url\":\"https:\/\/kgerad.de\/wp-content\/uploads\/2023\/06\/Aluminiumschutzblech-R65-1_800x800-3-1.jpg\",\"contentUrl\":\"https:\/\/kgerad.de\/wp-content\/uploads\/2023\/06\/Aluminiumschutzblech-R65-1_800x800-3-1.jpg\",\"width\":484,\"height\":800,\"caption\":\"Pletscher R65 Aluminium Schutzblech-Set\"},{\"@type\":\"BreadcrumbList\",\"@id\":\"https:\/\/kgerad.de\/produkt\/pletscher-r65-aluminium-schutzblech-set\/#breadcrumb\",\"itemListElement\":[{\"@type\":\"ListItem\",\"position\":1,\"name\":\"Startseite\",\"item\":\"https:\/\/kgerad.de\/\"},{\"@type\":\"ListItem\",\"position\":2,\"name\":\"LADEN\",\"item\":\"https:\/\/kgerad.de\/laden\/\"},{\"@type\":\"ListItem\",\"position\":3,\"name\":\"Pletscher R65 Aluminium Schutzblech-Set\"}]},{\"@type\":\"WebSite\",\"@id\":\"https:\/\/kgerad.de\/#website\",\"url\":\"https:\/\/kgerad.de\/\",\"name\":\"kgerad.de\",\"description\":\"Treten Sie mit uns ins Abenteuer!\",\"publisher\":{\"@id\":\"https:\/\/kgerad.de\/#organization\"},\"alternateName\":\"MEIN RADLADEN\",\"potentialAction\":[{\"@type\":\"SearchAction\",\"target\":{\"@type\":\"EntryPoint\",\"urlTemplate\":\"https:\/\/kgerad.de\/?s={search_term_string}\"},\"query-input\":{\"@type\":\"PropertyValueSpecification\",\"valueRequired\":true,\"valueName\":\"search_term_string\"}}],\"inLanguage\":\"en-US\"},{\"@type\":\"Organization\",\"@id\":\"https:\/\/kgerad.de\/#organization\",\"name\":\"MEINRADLADEN\",\"alternateName\":\"MEIN RADLADEN\",\"url\":\"https:\/\/kgerad.de\/\",\"logo\":{\"@type\":\"ImageObject\",\"inLanguage\":\"en-US\",\"@id\":\"https:\/\/kgerad.de\/#\/schema\/logo\/image\/\",\"url\":\"https:\/\/kgerad.de\/wp-content\/uploads\/2025\/07\/logo-Whit.svg\",\"contentUrl\":\"https:\/\/kgerad.de\/wp-content\/uploads\/2025\/07\/logo-Whit.svg\",\"width\":1640,\"height\":371,\"caption\":\"MEINRADLADEN\"},\"image\":{\"@id\":\"https:\/\/kgerad.de\/#\/schema\/logo\/image\/\"}}]}<\/script>\n<!-- \/ Yoast SEO Premium plugin. -->","yoast_head_json":{"title":"Pletscher R65 Aluminium Schutzblech-Set","description":"Entdecken Sie unseren Online-Fahrradladen: Gro\u00dfe Auswahl an Modellen f\u00fcr alle Radsportbegeisterten. Von Rennr\u00e4dern bis zu Mountainbikes - finden Sie heute Ihren perfekten Wegbegleiter!","robots":{"index":"index","follow":"follow","max-snippet":"max-snippet:-1","max-image-preview":"max-image-preview:large","max-video-preview":"max-video-preview:-1"},"canonical":"https:\/\/kgerad.de\/en\/product\/pletscher-r65-aluminium-schutzblech-set\/","og_locale":"en_US","og_type":"article","og_title":"Pletscher R65 Aluminium Schutzblech-Set","og_description":"Entdecken Sie unseren Online-Fahrradladen: Gro\u00dfe Auswahl an Modellen f\u00fcr alle Radsportbegeisterten. Von Rennr\u00e4dern bis zu Mountainbikes - finden Sie heute Ihren perfekten Wegbegleiter!","og_url":"https:\/\/kgerad.de\/en\/product\/pletscher-r65-aluminium-schutzblech-set\/","og_site_name":"kgerad.de","article_modified_time":"2025-02-24T16:55:53+00:00","og_image":[{"width":484,"height":800,"url":"https:\/\/kgerad.de\/wp-content\/uploads\/2023\/06\/Aluminiumschutzblech-R65-1_800x800-3-1.jpg","type":"image\/jpeg"}],"twitter_card":"summary_large_image","twitter_misc":{"Est. reading time":"1 minute"},"schema":{"@context":"https:\/\/schema.org","@graph":[{"@type":"WebPage","@id":"https:\/\/kgerad.de\/produkt\/pletscher-r65-aluminium-schutzblech-set\/","url":"https:\/\/kgerad.de\/produkt\/pletscher-r65-aluminium-schutzblech-set\/","name":"Pletscher R65 Aluminium Schutzblech-Set","isPartOf":{"@id":"https:\/\/kgerad.de\/#website"},"primaryImageOfPage":{"@id":"https:\/\/kgerad.de\/produkt\/pletscher-r65-aluminium-schutzblech-set\/#primaryimage"},"image":{"@id":"https:\/\/kgerad.de\/produkt\/pletscher-r65-aluminium-schutzblech-set\/#primaryimage"},"thumbnailUrl":"https:\/\/kgerad.de\/wp-content\/uploads\/2023\/06\/Aluminiumschutzblech-R65-1_800x800-3-1.jpg","datePublished":"2022-12-02T16:04:20+00:00","dateModified":"2025-02-24T16:55:53+00:00","description":"Entdecken Sie unseren Online-Fahrradladen: Gro\u00dfe Auswahl an Modellen f\u00fcr alle Radsportbegeisterten. Von Rennr\u00e4dern bis zu Mountainbikes - finden Sie heute Ihren perfekten Wegbegleiter!","breadcrumb":{"@id":"https:\/\/kgerad.de\/produkt\/pletscher-r65-aluminium-schutzblech-set\/#breadcrumb"},"inLanguage":"en-US","potentialAction":[{"@type":"ReadAction","target":["https:\/\/kgerad.de\/produkt\/pletscher-r65-aluminium-schutzblech-set\/"]}]},{"@type":"ImageObject","inLanguage":"en-US","@id":"https:\/\/kgerad.de\/produkt\/pletscher-r65-aluminium-schutzblech-set\/#primaryimage","url":"https:\/\/kgerad.de\/wp-content\/uploads\/2023\/06\/Aluminiumschutzblech-R65-1_800x800-3-1.jpg","contentUrl":"https:\/\/kgerad.de\/wp-content\/uploads\/2023\/06\/Aluminiumschutzblech-R65-1_800x800-3-1.jpg","width":484,"height":800,"caption":"Pletscher R65 Aluminium Schutzblech-Set"},{"@type":"BreadcrumbList","@id":"https:\/\/kgerad.de\/produkt\/pletscher-r65-aluminium-schutzblech-set\/#breadcrumb","itemListElement":[{"@type":"ListItem","position":1,"name":"Startseite","item":"https:\/\/kgerad.de\/"},{"@type":"ListItem","position":2,"name":"LADEN","item":"https:\/\/kgerad.de\/laden\/"},{"@type":"ListItem","position":3,"name":"Pletscher R65 Aluminium Schutzblech-Set"}]},{"@type":"WebSite","@id":"https:\/\/kgerad.de\/#website","url":"https:\/\/kgerad.de\/","name":"kgerad.de","description":"Treten Sie mit uns ins Abenteuer!","publisher":{"@id":"https:\/\/kgerad.de\/#organization"},"alternateName":"MEIN RADLADEN","potentialAction":[{"@type":"SearchAction","target":{"@type":"EntryPoint","urlTemplate":"https:\/\/kgerad.de\/?s={search_term_string}"},"query-input":{"@type":"PropertyValueSpecification","valueRequired":true,"valueName":"search_term_string"}}],"inLanguage":"en-US"},{"@type":"Organization","@id":"https:\/\/kgerad.de\/#organization","name":"MEINRADLADEN","alternateName":"MEIN RADLADEN","url":"https:\/\/kgerad.de\/","logo":{"@type":"ImageObject","inLanguage":"en-US","@id":"https:\/\/kgerad.de\/#\/schema\/logo\/image\/","url":"https:\/\/kgerad.de\/wp-content\/uploads\/2025\/07\/logo-Whit.svg","contentUrl":"https:\/\/kgerad.de\/wp-content\/uploads\/2025\/07\/logo-Whit.svg","width":1640,"height":371,"caption":"MEINRADLADEN"},"image":{"@id":"https:\/\/kgerad.de\/#\/schema\/logo\/image\/"}}]}},"_links":{"self":[{"href":"https:\/\/kgerad.de\/en\/wp-json\/wp\/v2\/product\/47556","targetHints":{"allow":["GET"]}}],"collection":[{"href":"https:\/\/kgerad.de\/en\/wp-json\/wp\/v2\/product"}],"about":[{"href":"https:\/\/kgerad.de\/en\/wp-json\/wp\/v2\/types\/product"}],"replies":[{"embeddable":true,"href":"https:\/\/kgerad.de\/en\/wp-json\/wp\/v2\/comments?post=47556"}],"version-history":[{"count":1,"href":"https:\/\/kgerad.de\/en\/wp-json\/wp\/v2\/product\/47556\/revisions"}],"predecessor-version":[{"id":78865,"href":"https:\/\/kgerad.de\/en\/wp-json\/wp\/v2\/product\/47556\/revisions\/78865"}],"wp:featuredmedia":[{"embeddable":true,"href":"https:\/\/kgerad.de\/en\/wp-json\/wp\/v2\/media\/64258"}],"wp:attachment":[{"href":"https:\/\/kgerad.de\/en\/wp-json\/wp\/v2\/media?parent=47556"}],"wp:term":[{"taxonomy":"product_brand","embeddable":true,"href":"https:\/\/kgerad.de\/en\/wp-json\/wp\/v2\/product_brand?post=47556"},{"taxonomy":"product_cat","embeddable":true,"href":"https:\/\/kgerad.de\/en\/wp-json\/wp\/v2\/product_cat?post=47556"},{"taxonomy":"product_tag","embeddable":true,"href":"https:\/\/kgerad.de\/en\/wp-json\/wp\/v2\/product_tag?post=47556"}],"curies":[{"name":"wp","href":"https:\/\/api.w.org\/{rel}","templated":true}]}}